{"id":11385,"date":"2024-05-03T06:49:00","date_gmt":"2024-05-03T06:49:00","guid":{"rendered":"https:\/\/elfsight.com\/pt\/?page_id=11385"},"modified":"2025-03-07T09:04:46","modified_gmt":"2025-03-07T09:04:46","slug":"wordpress","status":"publish","type":"page","link":"https:\/\/elfsight.com\/pt\/store-locator-widget\/wordpress\/","title":{"rendered":"Store Locator &#8211; WordPress"},"content":{"rendered":"\n<div class=\"application-platform-content-item-description application-platform-content-item\" id=\"description\" data-nav-section=\"description\"> <h2>Incorpore o Store Locator no WordPress com um plugin Elfsight<\/h2> <p>O Elfsight Store Locator para WordPress \u00e9 um widget din\u00e2mico e ajust\u00e1vel feito para aumentar a utilidade do seu site e o envolvimento do cliente, tornando mais f\u00e1cil do que nunca para seus clientes encontrarem um caminho para sua localiza\u00e7\u00e3o. Com uma s\u00e9rie de recursos poderosos inventados para versatilidade e desempenho, este widget \u00e9 a solu\u00e7\u00e3o perfeita para anunciar os locais f\u00edsicos de sua empresa de uma forma compreens\u00edvel e conveniente. Confira agora e observe como ele transforma seu site em um maravilhoso localizador de lojas!<\/p> <p>Ao adicionar o widget, voc\u00ea aumentar\u00e1 sua credibilidade entre os clientes, compartilhando informa\u00e7\u00f5es detalhadas sobre a localiza\u00e7\u00e3o f\u00edsica de sua organiza\u00e7\u00e3o, garantindo a todos sua s\u00f3lida presen\u00e7a. Isso resultar\u00e1 em melhor tomada de decis\u00e3o e melhor experi\u00eancia de compra entre os clientes. <\/p><p><b>Experimente o brilhante localizador de lojas para exibir sua localiza\u00e7\u00e3o e dados \u00fateis de opera\u00e7\u00e3o. Forne\u00e7a seu endere\u00e7o f\u00edsico e informa\u00e7\u00f5es relevantes convidando novos clientes na loja. <\/b><\/p> <\/div> <div class=\"application-platform-content-item-features application-platform-content-item\" id=\"features\" data-nav-section=\"features\"> <h2>Confira a lista dos recursos mais \u00fateis:<\/h2> <ul><li>Sele\u00e7\u00e3o de local sem esfor\u00e7o<\/li><li>Recursos \u00fateis do mapa<\/li><li>Bot\u00f5es de CTA de localiza\u00e7\u00e3o habilitados com integra\u00e7\u00f5es <\/li><li>Pop-up de localiza\u00e7\u00e3o detalhado ap\u00f3s sele\u00e7\u00e3o do marcador<\/li><li>Hor\u00e1rio comercial e hor\u00e1rio de funcionamento do local, status atual<\/li><\/ul><p><a href=\"#demo\">Explore todas as configura\u00e7\u00f5es na demonstra\u00e7\u00e3o totalmente funcional<\/a><\/p><\/div> <div class=\"application-platform-content-item-installation application-platform-content-item\" id=\"installation\" data-nav-section=\"installation\"> <h2>Como posso incorporar o Store Locator em meu site WordPress?<\/h2> <p>Basta seguir alguns passos apresentados abaixo para inserir o plugin. <\/p> <ol><li><b>Abra nossa demonstra\u00e7\u00e3o gratuita e comece a construir seu instrumento personalizado. <\/b><br> Encontre a apar\u00eancia personalizada e as op\u00e7\u00f5es da ferramenta e aplique as modifica\u00e7\u00f5es. <\/li> <li><b>Obtenha o c\u00f3digo pessoal exposto na janela dos aplicativos Elfsight. <\/b><br> Assim que a configura\u00e7\u00e3o da sua ferramenta for finalizada, copie o c\u00f3digo individual do popup exibido e guarde-o para uso posterior. <\/li> <li><b>Inicie o uso do plugin na sua p\u00e1gina inicial do WordPress. <\/b><br>Incorpore o c\u00f3digo que voc\u00ea salvou recentemente em seu site e aplique as corre\u00e7\u00f5es. <\/li> <li><b>A configura\u00e7\u00e3o foi conclu\u00edda com sucesso. <\/b><br> Visite sua p\u00e1gina da web para ver em a\u00e7\u00e3o o desempenho do plugin. <\/li><\/ol> <p>Caso tenha d\u00favidas ou encontre algum problema, sinta-se \u00e0 vontade para procurar ajuda de nossa equipe de suporte. Nossos consultores ter\u00e3o prazer em ajud\u00e1-lo com todos os problemas que voc\u00ea possa ter com o widget. <\/p><\/div>\n","protected":false},"excerpt":{"rendered":"","protected":false},"author":9,"featured_media":0,"parent":5164,"menu_order":0,"comment_status":"closed","ping_status":"closed","template":"templates\/template-application-platform.php","meta":{"publish_to_discourse":"","publish_post_category":"","wpdc_auto_publish_overridden":"","wpdc_topic_tags":"","wpdc_pin_topic":"","wpdc_pin_until":"","discourse_post_id":"","discourse_permalink":"","wpdc_publishing_response":"","wpdc_publishing_error":"","footnotes":""},"class_list":["post-11385","page","type-page","status-publish","hentry"],"yoast_head":"<!-- This site is optimized with the Yoast SEO plugin v25.3.1 - https:\/\/yoast.com\/wordpress\/plugins\/seo\/ -->\n<title>Incorpore o Localizador de Lojas no WordPress - Defina sua localiza\u00e7\u00e3o com clareza<\/title>\n<meta name=\"description\" content=\"Incorpore o Store Locator personaliz\u00e1vel em seu WordPress para aumentar a credibilidade. Explore uma demonstra\u00e7\u00e3o clara da Elfsight para construir o widget \u00fatil.\" \/>\n<meta name=\"robots\" content=\"index, follow, max-snippet:-1, max-image-preview:large, max-video-preview:-1\" \/>\n<link rel=\"canonical\" href=\"https:\/\/elfsight.com\/pt\/store-locator-widget\/wordpress\/\" \/>\n<meta property=\"og:locale\" content=\"pt_PT\" \/>\n<meta property=\"og:type\" content=\"article\" \/>\n<meta property=\"og:title\" content=\"Incorpore o Localizador de Lojas no WordPress - Defina sua localiza\u00e7\u00e3o com clareza\" \/>\n<meta property=\"og:description\" content=\"Incorpore o Store Locator personaliz\u00e1vel em seu WordPress para aumentar a credibilidade. Explore uma demonstra\u00e7\u00e3o clara da Elfsight para construir o widget \u00fatil.\" \/>\n<meta property=\"og:url\" content=\"https:\/\/elfsight.com\/pt\/store-locator-widget\/wordpress\/\" \/>\n<meta property=\"og:site_name\" content=\"Elfsight PT\" \/>\n<meta property=\"article:modified_time\" content=\"2025-03-07T09:04:46+00:00\" \/>\n<meta name=\"twitter:card\" content=\"summary_large_image\" \/>\n<meta name=\"twitter:label1\" content=\"Tempo estimado de leitura\" \/>\n\t<meta name=\"twitter:data1\" content=\"3 minutos\" \/>\n<!-- \/ Yoast SEO plugin. -->","yoast_head_json":{"title":"Incorpore o Localizador de Lojas no WordPress - Defina sua localiza\u00e7\u00e3o com clareza","description":"Incorpore o Store Locator personaliz\u00e1vel em seu WordPress para aumentar a credibilidade. Explore uma demonstra\u00e7\u00e3o clara da Elfsight para construir o widget \u00fatil.","robots":{"index":"index","follow":"follow","max-snippet":"max-snippet:-1","max-image-preview":"max-image-preview:large","max-video-preview":"max-video-preview:-1"},"canonical":"https:\/\/elfsight.com\/pt\/store-locator-widget\/wordpress\/","og_locale":"pt_PT","og_type":"article","og_title":"Incorpore o Localizador de Lojas no WordPress - Defina sua localiza\u00e7\u00e3o com clareza","og_description":"Incorpore o Store Locator personaliz\u00e1vel em seu WordPress para aumentar a credibilidade. Explore uma demonstra\u00e7\u00e3o clara da Elfsight para construir o widget \u00fatil.","og_url":"https:\/\/elfsight.com\/pt\/store-locator-widget\/wordpress\/","og_site_name":"Elfsight PT","article_modified_time":"2025-03-07T09:04:46+00:00","twitter_card":"summary_large_image","twitter_misc":{"Tempo estimado de leitura":"3 minutos"},"schema":{"@context":"https:\/\/schema.org","@graph":[{"@type":"WebPage","@id":"https:\/\/elfsight.com\/pt\/store-locator-widget\/wordpress\/","url":"https:\/\/elfsight.com\/pt\/store-locator-widget\/wordpress\/","name":"Incorpore o Localizador de Lojas no WordPress - Defina sua localiza\u00e7\u00e3o com clareza","isPartOf":{"@id":"https:\/\/elfsight.com\/pt\/#website"},"datePublished":"2024-05-03T06:49:00+00:00","dateModified":"2025-03-07T09:04:46+00:00","description":"Incorpore o Store Locator personaliz\u00e1vel em seu WordPress para aumentar a credibilidade. Explore uma demonstra\u00e7\u00e3o clara da Elfsight para construir o widget \u00fatil.","breadcrumb":{"@id":"https:\/\/elfsight.com\/pt\/store-locator-widget\/wordpress\/#breadcrumb"},"inLanguage":"pt-PT","potentialAction":[{"@type":"ReadAction","target":["https:\/\/elfsight.com\/pt\/store-locator-widget\/wordpress\/"]}]},{"@type":"BreadcrumbList","@id":"https:\/\/elfsight.com\/pt\/store-locator-widget\/wordpress\/#breadcrumb","itemListElement":[{"@type":"ListItem","position":1,"name":"Home","item":"https:\/\/elfsight.com\/pt\/"},{"@type":"ListItem","position":2,"name":"Store Locator","item":"https:\/\/elfsight.com\/pt\/store-locator-widget\/"},{"@type":"ListItem","position":3,"name":"Store Locator &#8211; WordPress"}]},{"@type":"WebSite","@id":"https:\/\/elfsight.com\/pt\/#website","url":"https:\/\/elfsight.com\/pt\/","name":"Elfsight PT","description":"Just another Elfsight Sites site","potentialAction":[{"@type":"SearchAction","target":{"@type":"EntryPoint","urlTemplate":"https:\/\/elfsight.com\/pt\/?s={search_term_string}"},"query-input":{"@type":"PropertyValueSpecification","valueRequired":true,"valueName":"search_term_string"}}],"inLanguage":"pt-PT"}]}},"meta_box":{"industry":"","seo_heading":"","heading":"","description":"","cta_heading":"","cta_description":"","application":"5160","h1":"Plug-in localizador de lojas WordPress","h1_caption":"Aumente a credibilidade com diretrizes aprimoradas para o cliente","application_category":[],"applications_title":"","applications_request_title":"","applications_request_button_text":"","hero_text":"","hero_video":"","hero_video_schema_markup":"","selling_points_title":"","selling_points_caption":"","selling_points":[],"selling_points_cta_text":"","features_title":"","features":"","ed_cta_examples_text":"","ed_cta_examples_hidden":"","ed_cta_demo_text":"","ed_cta_demo_hidden":"","why_caption":"","why_editor_title":"","why_editor_text":"","why_team_title":"","why_team_text":"","why_service_title":"","why_service_text":"","template_catalog_visible":"0","template_catalog_title":"","template_catalog_text":"","template_catalog_categories_visible":"","demo_title":"Crie seu plugin Store Locator","demo_caption":"Configure seu Localizador de Lojas e adicione-o ao seu site WordPress gratuitamente!","default_faq_hidden":"","app_template_category":[],"platform":"34","template_public_id":"","codecanyon_url":"","codecanyon_item_id":"","codecanyon_price":"","pricing_caption":"","pricing_elfsight_apps_hide_column":"","pricing_elfsight_apps_url":"","pricing_codecanyon_price_caption":"","integration_category":[],"integration_request_title":"","integration_request_cta":"","integration_platform":"","integrations":[],"platform_category":[],"video_schema_markup":"","price":"a partir de US$ 0\/m\u00eas","trial":"","benefits":[{"text":"Ajuda de instala\u00e7\u00e3o gratuita"},{"text":"Suporte premium"},{"text":"Garantia de reembolso de 14 dias"},{"text":"Melhorias gratuitas cont\u00ednuas"}],"button_url":"#demo","button_target_blank":"0","button_nofollow":"0","attributes":[{"name":"Instala\u00e7\u00f5es","content":"10,000 - 100,000"},{"name":"Responsivo","content":"Sim"},{"name":"Navegadores compat\u00edveis","content":"Firefox, Safari, Opera, Chrome, Edge"}],"tags":[],"tags_disable_links":"0","hide_more_platforms":"0","video_object":"","demo_hide_cta":"0","demo_hide_cloud_options":"0","pricing_title":"","pricing":[{"pricing_icon":"platform","pricing_title":"Elfsight Apps","pricing_title_caption":"Vers\u00e3o multiplataforma","pricing_price":"a partir de US$ 0\/m\u00eas","pricing_price_caption":"comece com um plano gratuito","pricing_benefits":[{"text":"Sites ilimitados"},{"text":"Suporte gratuito, pontual e bem documentado"},{"text":"Suporte gratuito, pontual e bem documentado"},{"text":"100% personaliz\u00e1vel"}],"pricing_button_text":"Adicionar ao site","pricing_button_url":"#demo"}],"related_apps_title":"","related_apps_hidden":"0","author":"","image":[],"title":"","job":"","social_networks":[]},"_links":{"self":[{"href":"https:\/\/elfsight.com\/pt\/wp-json\/wp\/v2\/pages\/11385","targetHints":{"allow":["GET"]}}],"collection":[{"href":"https:\/\/elfsight.com\/pt\/wp-json\/wp\/v2\/pages"}],"about":[{"href":"https:\/\/elfsight.com\/pt\/wp-json\/wp\/v2\/types\/page"}],"author":[{"embeddable":true,"href":"https:\/\/elfsight.com\/pt\/wp-json\/wp\/v2\/users\/9"}],"replies":[{"embeddable":true,"href":"https:\/\/elfsight.com\/pt\/wp-json\/wp\/v2\/comments?post=11385"}],"version-history":[{"count":2,"href":"https:\/\/elfsight.com\/pt\/wp-json\/wp\/v2\/pages\/11385\/revisions"}],"predecessor-version":[{"id":14597,"href":"https:\/\/elfsight.com\/pt\/wp-json\/wp\/v2\/pages\/11385\/revisions\/14597"}],"up":[{"embeddable":true,"href":"https:\/\/elfsight.com\/pt\/wp-json\/wp\/v2\/pages\/5164"}],"wp:attachment":[{"href":"https:\/\/elfsight.com\/pt\/wp-json\/wp\/v2\/media?parent=11385"}],"curies":[{"name":"wp","href":"https:\/\/api.w.org\/{rel}","templated":true}]}}