{"id":11377,"date":"2024-05-03T06:48:20","date_gmt":"2024-05-03T06:48:20","guid":{"rendered":"https:\/\/elfsight.com\/pt\/?page_id=11377"},"modified":"2024-11-13T12:14:04","modified_gmt":"2024-11-13T12:14:04","slug":"webnode","status":"publish","type":"page","link":"https:\/\/elfsight.com\/pt\/social-media-icons-widget\/webnode\/","title":{"rendered":"Social Media Icons &#8211; Webnode"},"content":{"rendered":"<div class=\"application-platform-content-item-description application-platform-content-item\" id=\"description\" data-nav-section=\"description\"><h2>Descri\u00e7\u00e3o<\/h2><p>\u00cdcones sociais pr\u00e1ticos e vantajosos da Elfsight para integrar o seu site com as redes sociais necess\u00e1rias. Fortale\u00e7a os la\u00e7os com seus usu\u00e1rios, tornando-os seus f\u00e3s. Um layout adapt\u00e1vel, amplos par\u00e2metros de personaliza\u00e7\u00e3o de interface e design com \u00edcones prontos de todas as m\u00eddias sociais mais populares.<\/p><p><b>Aumente a popularidade de sua marca nas m\u00eddias sociais.<\/b><\/p><ul><li><b>Tenha mais seguidores<\/b>.<br>Defina o caminho para seus perfis sociais e aumente as chances de que os leitores do seu site se transformem em assinantes.<\/li><li><b>M\u00e1ximo n\u00famero de visitantes para seus perfis sociais<\/b>.<br>Forne\u00e7a aos clientes do site uma maneira r\u00e1pida de acessar sua p\u00e1gina social e obter o m\u00e1ximo de visitantes nas redes sociais.<\/li><li><b>Engajamento eficaz dos visitantes<\/b>.<br>Conte sobre sua exist\u00eancia ativa nas redes sociais e atraia cada vez mais aten\u00e7\u00e3o para sua empresa entre os clientes do site.<\/li><\/ul><\/div><div class=\"application-platform-content-item-features application-platform-content-item\" id=\"features\" data-nav-section=\"features\"><h2>Fun\u00e7\u00f5es<\/h2><p>As caracter\u00edsticas mais proeminentes, que transformam os \u00edcones da Elfsight no melhor widget social da Webnode.<\/p><ul><li>Adicione uma nova m\u00eddia apenas inserindo uma URL no seu perfil;<\/li><li>5 op\u00e7\u00f5es de tamanho de \u00edcone;<\/li><li>3 variantes de alinhamento dos \u00edcones: esquerda, direita, centro;<\/li><li>\u00cdcones e fundo mudam de cor ao passar o mouse;<\/li> <li>5 tipos de anima\u00e7\u00e3o ao passar o mouse.<\/li><\/ul><p><a href=\"#demo\">Experimente os recursos mais importantes em nosso configurador<\/a><\/p><\/div> <div class=\"application-platform-content-item-installation application-platform-content-item\" id=\"installation\" data-nav-section=\"installation\"><h2>Como adicionar \u00edcones de m\u00eddia social ao Webnode<\/h2><p>Um manual claro para exibir \u00edcones em um site sem experi\u00eancia em programa\u00e7\u00e3o. O tempo total de configura\u00e7\u00e3o \u00e9 de cerca de 90 segundos.<\/p><ol><li><b>Crie seus \u00edcones sociais pessoais<\/b>.<br>Usando nosso configurador gratuito, um plugin com modelo e capacidades necess\u00e1rias.<\/li><li><b>Receba o c\u00f3digo para configurar o plugin<\/b>.<br>Ap\u00f3s a gera\u00e7\u00e3o do widget, obtenha o c\u00f3digo do plugin Icons na notifica\u00e7\u00e3o pop-up nas aplica\u00e7\u00f5es Elfsight.<\/li><li><b>Exiba o plugin no site Webnode<\/b>.<br>Mostre o plugin no local desejado do site e aplique as altera\u00e7\u00f5es.<\/li><li><b>Voc\u00ea executou a instala\u00e7\u00e3o completamente<\/b> .<br>Acesse seu site para verificar seus \u00edcones.<\/li><\/ol><p>N\u00e3o consegue moldar ou inserir os \u00edcones em um site? Leia nosso manual completo \u00ab<a href=\"https:\/\/elfsight.com\/tutorials\/how-to-add-social-media-icons-to-webnode\/\" target=\"_blank\" rel=\"noopener noreferrer\">Como para instalar \u00edcones no Webnode<\/a>\u00bb ou deixe uma consulta com nossa equipe de ajuda.<\/p><\/div><div class=\"faq\" data-component=\"FAQ\"><div class=\"faq-item\">\r\n\t\t\t\t\t<div class=\"faq-item-question\">\r\n\t\t\t\t\t\t<h3 class=\"faq-item-question-text\">Existe uma maneira de adicionar \u00edcones de m\u00eddia social ao meu site Webnode sem experi\u00eancia em codifica\u00e7\u00e3o?<\/h3>\r\n\r\n\t\t\t\t\t\t<div class=\"faq-item-question-icon\"><\/div>\r\n\t\t\t\t\t<\/div>\r\n\r\n\t\t\t\t\t<div class=\"faq-item-answer\">\r\n\t\t\t\t\t\t<div class=\"faq-item-answer-text\"><p>A empresa Elfsight oferece uma solu\u00e7\u00e3o SaaS que permite que as pessoas criem voc\u00ea mesmo um aplicativo de \u00edcones de m\u00eddia social. Veja como o processo \u00e9 f\u00e1cil: <\/p><ul><li>V\u00e1 para o Editor on-line para criar um widget de \u00cdcones de M\u00eddia Social que voc\u00ea gostaria de incluir em seu site Webnode.<\/li><li>Escolha um dos modelos pr\u00e9-fabricados e ajuste as configura\u00e7\u00f5es dos \u00cdcones de M\u00eddia Social, adicione seu conte\u00fado, transforme o layout e cores sem experi\u00eancia de codifica\u00e7\u00e3o.<\/li><li>Salve os \u00edcones de m\u00eddia social e obtenha seu c\u00f3digo para incorpora\u00e7\u00e3o, que pode ser facilmente incorporado no site Webnode sem comprar um plano pago.<\/li><\/ul><p> Trabalhando em nosso editor simples, qualquer usu\u00e1rio da web pode estabelecer o plugin Social Media Icons e adicion\u00e1-lo facilmente \u00e0 p\u00e1gina Webnode. N\u00e3o \u00e9 necess\u00e1rio pagar ou divulgar as credenciais do seu cart\u00e3o para entrar em nosso servi\u00e7o. Se voc\u00ea tiver algum problema em qualquer etapa, n\u00e3o hesite em entrar em contato com nossa equipe de suporte.<\/p><\/div>\r\n\t\t\t\t\t<\/div>\r\n\t\t\t\t<\/div><\/div>","protected":false},"excerpt":{"rendered":"","protected":false},"author":9,"featured_media":0,"parent":1114,"menu_order":0,"comment_status":"closed","ping_status":"closed","template":"templates\/template-application-platform.php","meta":{"publish_to_discourse":"","publish_post_category":"","wpdc_auto_publish_overridden":"","wpdc_topic_tags":"","wpdc_pin_topic":"","wpdc_pin_until":"","discourse_post_id":"","discourse_permalink":"","wpdc_publishing_response":"","wpdc_publishing_error":"","footnotes":""},"class_list":["post-11377","page","type-page","status-publish","hentry"],"yoast_head":"<!-- This site is optimized with the Yoast SEO plugin v25.3.1 - https:\/\/yoast.com\/wordpress\/plugins\/seo\/ -->\n<title>\u00cdcones de m\u00eddia social - Adicionar widget de \u00edcones sociais ao Webnode<\/title>\n<meta name=\"description\" content=\"Teste nossos \u00edcones de m\u00eddia social para Webnode agora mesmo. Defina seus \u00edcones personalizados para o site em apenas alguns minutos!\" \/>\n<meta name=\"robots\" content=\"index, follow, max-snippet:-1, max-image-preview:large, max-video-preview:-1\" \/>\n<link rel=\"canonical\" href=\"https:\/\/elfsight.com\/pt\/social-media-icons-widget\/webnode\/\" \/>\n<meta property=\"og:locale\" content=\"pt_PT\" \/>\n<meta property=\"og:type\" content=\"article\" \/>\n<meta property=\"og:title\" content=\"\u00cdcones de m\u00eddia social - Adicionar widget de \u00edcones sociais ao Webnode\" \/>\n<meta property=\"og:description\" content=\"Teste nossos \u00edcones de m\u00eddia social para Webnode agora mesmo. Defina seus \u00edcones personalizados para o site em apenas alguns minutos!\" \/>\n<meta property=\"og:url\" content=\"https:\/\/elfsight.com\/pt\/social-media-icons-widget\/webnode\/\" \/>\n<meta property=\"og:site_name\" content=\"Elfsight PT\" \/>\n<meta property=\"article:modified_time\" content=\"2024-11-13T12:14:04+00:00\" \/>\n<meta name=\"twitter:card\" content=\"summary_large_image\" \/>\n<meta name=\"twitter:label1\" content=\"Tempo estimado de leitura\" \/>\n\t<meta name=\"twitter:data1\" content=\"3 minutos\" \/>\n<!-- \/ Yoast SEO plugin. -->","yoast_head_json":{"title":"\u00cdcones de m\u00eddia social - Adicionar widget de \u00edcones sociais ao Webnode","description":"Teste nossos \u00edcones de m\u00eddia social para Webnode agora mesmo. Defina seus \u00edcones personalizados para o site em apenas alguns minutos!","robots":{"index":"index","follow":"follow","max-snippet":"max-snippet:-1","max-image-preview":"max-image-preview:large","max-video-preview":"max-video-preview:-1"},"canonical":"https:\/\/elfsight.com\/pt\/social-media-icons-widget\/webnode\/","og_locale":"pt_PT","og_type":"article","og_title":"\u00cdcones de m\u00eddia social - Adicionar widget de \u00edcones sociais ao Webnode","og_description":"Teste nossos \u00edcones de m\u00eddia social para Webnode agora mesmo. Defina seus \u00edcones personalizados para o site em apenas alguns minutos!","og_url":"https:\/\/elfsight.com\/pt\/social-media-icons-widget\/webnode\/","og_site_name":"Elfsight PT","article_modified_time":"2024-11-13T12:14:04+00:00","twitter_card":"summary_large_image","twitter_misc":{"Tempo estimado de leitura":"3 minutos"},"schema":{"@context":"https:\/\/schema.org","@graph":[{"@type":"WebPage","@id":"https:\/\/elfsight.com\/pt\/social-media-icons-widget\/webnode\/","url":"https:\/\/elfsight.com\/pt\/social-media-icons-widget\/webnode\/","name":"\u00cdcones de m\u00eddia social - Adicionar widget de \u00edcones sociais ao Webnode","isPartOf":{"@id":"https:\/\/elfsight.com\/pt\/#website"},"datePublished":"2024-05-03T06:48:20+00:00","dateModified":"2024-11-13T12:14:04+00:00","description":"Teste nossos \u00edcones de m\u00eddia social para Webnode agora mesmo. Defina seus \u00edcones personalizados para o site em apenas alguns minutos!","breadcrumb":{"@id":"https:\/\/elfsight.com\/pt\/social-media-icons-widget\/webnode\/#breadcrumb"},"inLanguage":"pt-PT","potentialAction":[{"@type":"ReadAction","target":["https:\/\/elfsight.com\/pt\/social-media-icons-widget\/webnode\/"]}]},{"@type":"BreadcrumbList","@id":"https:\/\/elfsight.com\/pt\/social-media-icons-widget\/webnode\/#breadcrumb","itemListElement":[{"@type":"ListItem","position":1,"name":"Home","item":"https:\/\/elfsight.com\/pt\/"},{"@type":"ListItem","position":2,"name":"Social Media Icons","item":"https:\/\/elfsight.com\/pt\/social-media-icons-widget\/"},{"@type":"ListItem","position":3,"name":"Social Media Icons &#8211; Webnode"}]},{"@type":"WebSite","@id":"https:\/\/elfsight.com\/pt\/#website","url":"https:\/\/elfsight.com\/pt\/","name":"Elfsight PT","description":"Just another Elfsight Sites site","potentialAction":[{"@type":"SearchAction","target":{"@type":"EntryPoint","urlTemplate":"https:\/\/elfsight.com\/pt\/?s={search_term_string}"},"query-input":{"@type":"PropertyValueSpecification","valueRequired":true,"valueName":"search_term_string"}}],"inLanguage":"pt-PT"}]}},"meta_box":{"industry":"","seo_heading":"","heading":"","description":"","cta_heading":"","cta_description":"","application":"1113","h1":"\u00cdcones de m\u00eddia social para Webnode","h1_caption":"M\u00e9todo n\u00ba 1 para exibir \u00edcones sociais em um site","application_category":[],"applications_title":"","applications_request_title":"","applications_request_button_text":"","hero_text":"","hero_video":"","hero_video_schema_markup":"","selling_points_title":"","selling_points_caption":"","selling_points":[],"selling_points_cta_text":"","features_title":"","features":"","ed_cta_examples_text":"","ed_cta_examples_hidden":"","ed_cta_demo_text":"","ed_cta_demo_hidden":"","why_caption":"","why_editor_title":"","why_editor_text":"","why_team_title":"","why_team_text":"","why_service_title":"","why_service_text":"","template_catalog_visible":"","template_catalog_title":"","template_catalog_text":"","template_catalog_categories_visible":"","demo_title":"Crie seu widget de \u00edcones de m\u00eddia social","demo_caption":"Configure seus \u00edcones de m\u00eddia social e adicione-os ao seu site Webnode gratuitamente!","default_faq_hidden":"","app_template_category":[],"platform":"4917","template_public_id":"","codecanyon_url":"","codecanyon_item_id":"","codecanyon_price":"","pricing_caption":"","pricing_elfsight_apps_hide_column":"","pricing_elfsight_apps_url":"","pricing_codecanyon_price_caption":"","integration_category":[],"integration_request_title":"","integration_request_cta":"","integration_platform":"","integrations":[],"platform_category":[],"video_schema_markup":"","price":"a partir de US$ 0\/m\u00eas","trial":"","benefits":[{"text":"Ajuda de instala\u00e7\u00e3o gratuita"},{"text":"Suporte ao cliente experiente"},{"text":"Garantia de reembolso de 14 dias"},{"text":"Melhorias futuras"}],"button_url":"#demo","button_target_blank":"","button_nofollow":"","attributes":[{"name":"Instala\u00e7\u00f5es","content":"10,000 - 100,000"},{"name":"Responsivo","content":"Sim"},{"name":"Navegadores compat\u00edveis","content":"Firefox, Safari, Opera, Chrome, Edge"}],"tags":[],"tags_disable_links":"","hide_more_platforms":"","video_object":"","demo_hide_cta":"","demo_hide_cloud_options":"","pricing_title":"","pricing":[{"pricing_icon":"platform","pricing_title":"Elfsight Apps","pricing_title_caption":"Software multiplataforma que funciona em qualquer site","pricing_price":"a partir de US$ 0\/m\u00eas","pricing_price_caption":"comece com plano gratuito","pricing_benefits":[{"text":"Dom\u00ednios ilimitados"},{"text":"Suporte dedicado \u00e0 empresa"},{"text":"Suporte dedicado \u00e0 empresa"},{"text":"\u00d3timo neg\u00f3cio para v\u00e1rios aplicativos"}],"pricing_button_text":"Adicionar ao site","pricing_button_url":"#demo"}],"related_apps_title":"","related_apps_hidden":"","author":"","image":[],"title":"","job":"","social_networks":[]},"_links":{"self":[{"href":"https:\/\/elfsight.com\/pt\/wp-json\/wp\/v2\/pages\/11377","targetHints":{"allow":["GET"]}}],"collection":[{"href":"https:\/\/elfsight.com\/pt\/wp-json\/wp\/v2\/pages"}],"about":[{"href":"https:\/\/elfsight.com\/pt\/wp-json\/wp\/v2\/types\/page"}],"author":[{"embeddable":true,"href":"https:\/\/elfsight.com\/pt\/wp-json\/wp\/v2\/users\/9"}],"replies":[{"embeddable":true,"href":"https:\/\/elfsight.com\/pt\/wp-json\/wp\/v2\/comments?post=11377"}],"version-history":[{"count":1,"href":"https:\/\/elfsight.com\/pt\/wp-json\/wp\/v2\/pages\/11377\/revisions"}],"predecessor-version":[{"id":11381,"href":"https:\/\/elfsight.com\/pt\/wp-json\/wp\/v2\/pages\/11377\/revisions\/11381"}],"up":[{"embeddable":true,"href":"https:\/\/elfsight.com\/pt\/wp-json\/wp\/v2\/pages\/1114"}],"wp:attachment":[{"href":"https:\/\/elfsight.com\/pt\/wp-json\/wp\/v2\/media?parent=11377"}],"curies":[{"name":"wp","href":"https:\/\/api.w.org\/{rel}","templated":true}]}}