{"id":11372,"date":"2024-05-03T06:48:10","date_gmt":"2024-05-03T06:48:10","guid":{"rendered":"https:\/\/elfsight.com\/pt\/?page_id=11372"},"modified":"2025-02-25T17:22:32","modified_gmt":"2025-02-25T17:22:32","slug":"godaddy","status":"publish","type":"page","link":"https:\/\/elfsight.com\/pt\/social-media-icons-widget\/godaddy\/","title":{"rendered":"Social Media Icons &#8211; GoDaddy"},"content":{"rendered":"\n<div class=\"application-platform-content-item-description application-platform-content-item\" id=\"description\" data-nav-section=\"description\"> <h2>Incorpore \u00edcones de m\u00eddia social no GoDaddy com o widget Elfsight<\/h2> <p>Elfsight Social Media Icons \u00e9 um plugin f\u00e1cil para GoDaddy que permite que voc\u00ea colocar em um site \u00edcones de m\u00eddias sociais, onde seu neg\u00f3cio \u00e9 mais ativo. Instale este plugin com \u00edcones ilimitados e seu p\u00fablico ter\u00e1 uma nova maneira de manter contato e se tornar seu seguidor. O plug-in Elfsight Social Media Icons oferece ampla personaliza\u00e7\u00e3o que o ajudar\u00e1 a criar um plug-in perfeito para o seu caso de uso.<\/p> <p><b>Maior comunica\u00e7\u00e3o com o cliente devido \u00e0 exibi\u00e7\u00e3o de maneiras mais r\u00e1pidas de contato!<\/b><\/p> <\/div> <div class=\"application-platform-content-item-features application-platform-content-item\" id=\"features\" data-nav-section=\"features\"> <h2>O plugin inclui recursos pr\u00e1ticos e f\u00e1ceis, aqui est\u00e3o alguns deles: <\/h2> <ul><li>3 esquemas de cores para \u00edcones, plano de fundo e efeito de foco<\/li><li>Opacidade ajust\u00e1vel dos \u00edcones<\/li><li>Atualiza\u00e7\u00f5es regulares ao vivo dispon\u00edveis<\/li><li>Editor pr\u00e1tico sem necessidade de codifica\u00e7\u00e3o<\/li><li>Suporte premium da equipe profissional<\/li><\/ul><p><a href=\"#demo\">Teste todas as configura\u00e7\u00f5es na demonstra\u00e7\u00e3o completa<\/a><\/p> <\/div> <div class=\"application-platform-content-item-installation application-platform-content-item\" id=\"installation\" data-nav-section=\"installation\"> <h2>Como adiciono \u00edcones de m\u00eddia social ao meu site GoDaddy? <\/h2> <p>Basta seguir as instru\u00e7\u00f5es abaixo para integrar o plugin. <\/p> <ol><li><b>Use nosso editor gratuito e comece a construir seu plugin personalizado. <\/b><br> Especifique a interface e as op\u00e7\u00f5es adequadas do plugin e aplique as modifica\u00e7\u00f5es. <\/li> <li><b>Copie o seu c\u00f3digo individual revelado na caixa das aplica\u00e7\u00f5es Elfsight. <\/b><br> Ap\u00f3s o estabelecimento do seu plugin, copie o c\u00f3digo individual da caixa exibida e guarde-o para uso posterior. <\/li> <li><b>Iniciar a utiliza\u00e7\u00e3o do plugin no site GoDaddy. <\/b><br> Integre o c\u00f3digo copiado recentemente em seu site e salve as corre\u00e7\u00f5es. <\/li> <li><b>Conclu\u00eddo! A integra\u00e7\u00e3o terminou totalmente. <\/b><br> Visite seu site para inspecionar o funcionamento do plugin. <\/li><\/ol> <div class=\"tip-yellow tip\"><b>Devido \u00e0s peculiaridades da exibi\u00e7\u00e3o de inser\u00e7\u00f5es personalizadas com c\u00f3digo, os modelos flutuantes podem ter uma apar\u00eancia diferente da demonstra\u00e7\u00e3o on-line. Reserve um tempo para testar seus widgets.<\/b><\/div><p>Caso tenha d\u00favidas ou encontre alguns problemas, entre em contato com nossa equipe de atendimento ao cliente. Nossos especialistas est\u00e3o ansiosos para resolver todas as dificuldades que voc\u00ea possa ter com o plugin. <\/p> <\/div><div class=\"faq\" data-component=\"FAQ\"><div class=\"faq-item\">\r\n\t\t\t\t\t<div class=\"faq-item-question\">\r\n\t\t\t\t\t\t<h3 class=\"faq-item-question-text\">De que forma posso adicionar \u00edcones de m\u00eddia social \u00e0 minha p\u00e1gina GoDaddy sem codifica\u00e7\u00e3o?<\/h3>\r\n\r\n\t\t\t\t\t\t<div class=\"faq-item-question-icon\"><\/div>\r\n\t\t\t\t\t<\/div>\r\n\r\n\t\t\t\t\t<div class=\"faq-item-answer\">\r\n\t\t\t\t\t\t<div class=\"faq-item-answer-text\"><p>Empresa Elfsight fornece uma solu\u00e7\u00e3o em nuvem que permite aos usu\u00e1rios estabelecer um plug-in de \u00edcones de m\u00eddia social. Assista ao guia simples: <\/p><ul><li>Trabalhe diretamente no editor on-line para estabelecer um plug-in de \u00edcones de m\u00eddia social que voc\u00ea gostaria de adicionar no GoDaddy site.<\/li><li>Clique em um dos modelos predefinidos e modifique as configura\u00e7\u00f5es dos \u00edcones de m\u00eddia social, atualize seu conte\u00fado, altere o layout e o esquema de cores sem nenhum conhecimento de codifica\u00e7\u00e3o.<\/li><li>Clique para salvar os \u00edcones de m\u00eddia social e copie seu c\u00f3digo de instala\u00e7\u00e3o, que pode ser facilmente colado gratuitamente no site do GoDaddy.<\/li><\/ul><p>Usando nosso editor f\u00e1cil de usar, qualquer usu\u00e1rio da web pode estabelecer \u00edcones de m\u00eddia social e cole prontamente na p\u00e1gina inicial do GoDaddy. Voc\u00ea n\u00e3o deve pagar ou enviar as credenciais do seu cart\u00e3o para entrar no servi\u00e7o Elfsight. Se voc\u00ea tiver algum problema em qualquer etapa, sinta-se \u00e0 vontade para falar com nosso suporte t\u00e9cnico ao cliente.<\/p><\/div>\r\n\t\t\t\t\t<\/div>\r\n\t\t\t\t<\/div><\/div>\n","protected":false},"excerpt":{"rendered":"","protected":false},"author":9,"featured_media":0,"parent":1114,"menu_order":0,"comment_status":"closed","ping_status":"closed","template":"templates\/template-application-platform.php","meta":{"publish_to_discourse":"","publish_post_category":"","wpdc_auto_publish_overridden":"","wpdc_topic_tags":"","wpdc_pin_topic":"","wpdc_pin_until":"","discourse_post_id":"","discourse_permalink":"","wpdc_publishing_response":"","wpdc_publishing_error":"","footnotes":""},"class_list":["post-11372","page","type-page","status-publish","hentry"],"yoast_head":"<!-- This site is optimized with the Yoast SEO plugin v25.3.1 - https:\/\/yoast.com\/wordpress\/plugins\/seo\/ -->\n<title>\u00cdcones de m\u00eddia social - Adicione o plugin de \u00edcones sociais ao site GoDaddy!<\/title>\n<meta name=\"description\" content=\"Melhore a funcionalidade do seu site GoDaddy com um plugin responsivo de \u00edcones de m\u00eddia social da Elfsight. Impulsione o seu neg\u00f3cio em 1-2-3!\" \/>\n<meta name=\"robots\" content=\"index, follow, max-snippet:-1, max-image-preview:large, max-video-preview:-1\" \/>\n<link rel=\"canonical\" href=\"https:\/\/elfsight.com\/pt\/social-media-icons-widget\/godaddy\/\" \/>\n<meta property=\"og:locale\" content=\"pt_PT\" \/>\n<meta property=\"og:type\" content=\"article\" \/>\n<meta property=\"og:title\" content=\"\u00cdcones de m\u00eddia social - Adicione o plugin de \u00edcones sociais ao site GoDaddy!\" \/>\n<meta property=\"og:description\" content=\"Melhore a funcionalidade do seu site GoDaddy com um plugin responsivo de \u00edcones de m\u00eddia social da Elfsight. Impulsione o seu neg\u00f3cio em 1-2-3!\" \/>\n<meta property=\"og:url\" content=\"https:\/\/elfsight.com\/pt\/social-media-icons-widget\/godaddy\/\" \/>\n<meta property=\"og:site_name\" content=\"Elfsight PT\" \/>\n<meta property=\"article:modified_time\" content=\"2025-02-25T17:22:32+00:00\" \/>\n<meta name=\"twitter:card\" content=\"summary_large_image\" \/>\n<meta name=\"twitter:label1\" content=\"Tempo estimado de leitura\" \/>\n\t<meta name=\"twitter:data1\" content=\"3 minutos\" \/>\n<!-- \/ Yoast SEO plugin. -->","yoast_head_json":{"title":"\u00cdcones de m\u00eddia social - Adicione o plugin de \u00edcones sociais ao site GoDaddy!","description":"Melhore a funcionalidade do seu site GoDaddy com um plugin responsivo de \u00edcones de m\u00eddia social da Elfsight. Impulsione o seu neg\u00f3cio em 1-2-3!","robots":{"index":"index","follow":"follow","max-snippet":"max-snippet:-1","max-image-preview":"max-image-preview:large","max-video-preview":"max-video-preview:-1"},"canonical":"https:\/\/elfsight.com\/pt\/social-media-icons-widget\/godaddy\/","og_locale":"pt_PT","og_type":"article","og_title":"\u00cdcones de m\u00eddia social - Adicione o plugin de \u00edcones sociais ao site GoDaddy!","og_description":"Melhore a funcionalidade do seu site GoDaddy com um plugin responsivo de \u00edcones de m\u00eddia social da Elfsight. Impulsione o seu neg\u00f3cio em 1-2-3!","og_url":"https:\/\/elfsight.com\/pt\/social-media-icons-widget\/godaddy\/","og_site_name":"Elfsight PT","article_modified_time":"2025-02-25T17:22:32+00:00","twitter_card":"summary_large_image","twitter_misc":{"Tempo estimado de leitura":"3 minutos"},"schema":{"@context":"https:\/\/schema.org","@graph":[{"@type":"WebPage","@id":"https:\/\/elfsight.com\/pt\/social-media-icons-widget\/godaddy\/","url":"https:\/\/elfsight.com\/pt\/social-media-icons-widget\/godaddy\/","name":"\u00cdcones de m\u00eddia social - Adicione o plugin de \u00edcones sociais ao site GoDaddy!","isPartOf":{"@id":"https:\/\/elfsight.com\/pt\/#website"},"datePublished":"2024-05-03T06:48:10+00:00","dateModified":"2025-02-25T17:22:32+00:00","description":"Melhore a funcionalidade do seu site GoDaddy com um plugin responsivo de \u00edcones de m\u00eddia social da Elfsight. Impulsione o seu neg\u00f3cio em 1-2-3!","breadcrumb":{"@id":"https:\/\/elfsight.com\/pt\/social-media-icons-widget\/godaddy\/#breadcrumb"},"inLanguage":"pt-PT","potentialAction":[{"@type":"ReadAction","target":["https:\/\/elfsight.com\/pt\/social-media-icons-widget\/godaddy\/"]}]},{"@type":"BreadcrumbList","@id":"https:\/\/elfsight.com\/pt\/social-media-icons-widget\/godaddy\/#breadcrumb","itemListElement":[{"@type":"ListItem","position":1,"name":"Home","item":"https:\/\/elfsight.com\/pt\/"},{"@type":"ListItem","position":2,"name":"Social Media Icons","item":"https:\/\/elfsight.com\/pt\/social-media-icons-widget\/"},{"@type":"ListItem","position":3,"name":"Social Media Icons &#8211; GoDaddy"}]},{"@type":"WebSite","@id":"https:\/\/elfsight.com\/pt\/#website","url":"https:\/\/elfsight.com\/pt\/","name":"Elfsight PT","description":"Just another Elfsight Sites site","potentialAction":[{"@type":"SearchAction","target":{"@type":"EntryPoint","urlTemplate":"https:\/\/elfsight.com\/pt\/?s={search_term_string}"},"query-input":{"@type":"PropertyValueSpecification","valueRequired":true,"valueName":"search_term_string"}}],"inLanguage":"pt-PT"}]}},"meta_box":{"industry":"","seo_heading":"","heading":"","description":"","cta_heading":"","cta_description":"","application":"1113","h1":"Plug-in de \u00edcones de m\u00eddia social GoDaddy","h1_caption":"Aumentar o n\u00famero de seguidores, demonstrando seu envolvimento ativo nas redes sociais","application_category":[],"applications_title":"","applications_request_title":"","applications_request_button_text":"","hero_text":"","hero_video":"","hero_video_schema_markup":"","selling_points_title":"","selling_points_caption":"","selling_points":[],"selling_points_cta_text":"","features_title":"","features":"","ed_cta_examples_text":"","ed_cta_examples_hidden":"","ed_cta_demo_text":"","ed_cta_demo_hidden":"","why_caption":"","why_editor_title":"","why_editor_text":"","why_team_title":"","why_team_text":"","why_service_title":"","why_service_text":"","template_catalog_visible":"0","template_catalog_title":"","template_catalog_text":"","template_catalog_categories_visible":"","demo_title":"Crie seu plugin de \u00edcones de m\u00eddia social","demo_caption":"Configure seus \u00edcones de m\u00eddia social e adicione-os ao seu site GoDaddy gratuitamente!","default_faq_hidden":"","app_template_category":[],"platform":"4908","template_public_id":"","codecanyon_url":"","codecanyon_item_id":"","codecanyon_price":"","pricing_caption":"","pricing_elfsight_apps_hide_column":"","pricing_elfsight_apps_url":"","pricing_codecanyon_price_caption":"","integration_category":[],"integration_request_title":"","integration_request_cta":"","integration_platform":"","integrations":[],"platform_category":[],"video_schema_markup":"","price":"a partir de US$ 0\/m\u00eas","trial":"","benefits":[{"text":"Servi\u00e7o de instala\u00e7\u00e3o gratuito"},{"text":"Atendimento ao cliente eficaz"},{"text":"Garantia de devolu\u00e7\u00e3o do dinheiro em 14 dias"},{"text":"Atualizando constantemente"}],"button_url":"#demo","button_target_blank":"0","button_nofollow":"0","attributes":[{"name":"Instala\u00e7\u00f5es","content":"10,000 - 100,000"},{"name":"Responsivo","content":"Sim"},{"name":"Navegadores compat\u00edveis","content":"IE11, Firefox, Safari, Opera, Chrome, Edge"}],"tags":[],"tags_disable_links":"0","hide_more_platforms":"0","video_object":"","demo_hide_cta":"0","demo_hide_cloud_options":"0","pricing_title":"","pricing":[{"pricing_icon":"platform","pricing_title":"Elfsight Apps","pricing_title_caption":"Software independente de plataforma","pricing_price":"a partir de US$ 0\/m\u00eas","pricing_price_caption":"comece com plano gratuito","pricing_benefits":[{"text":"Sites ilimitados"},{"text":"Suporte profissional e pontual e bem documentado"},{"text":"Suporte profissional e pontual e bem documentado"},{"text":"Totalmente personaliz\u00e1vel"}],"pricing_button_text":"Adicionar ao site","pricing_button_url":"#demo"}],"related_apps_title":"","related_apps_hidden":"0","author":"","image":[],"title":"","job":"","social_networks":[]},"_links":{"self":[{"href":"https:\/\/elfsight.com\/pt\/wp-json\/wp\/v2\/pages\/11372","targetHints":{"allow":["GET"]}}],"collection":[{"href":"https:\/\/elfsight.com\/pt\/wp-json\/wp\/v2\/pages"}],"about":[{"href":"https:\/\/elfsight.com\/pt\/wp-json\/wp\/v2\/types\/page"}],"author":[{"embeddable":true,"href":"https:\/\/elfsight.com\/pt\/wp-json\/wp\/v2\/users\/9"}],"replies":[{"embeddable":true,"href":"https:\/\/elfsight.com\/pt\/wp-json\/wp\/v2\/comments?post=11372"}],"version-history":[{"count":2,"href":"https:\/\/elfsight.com\/pt\/wp-json\/wp\/v2\/pages\/11372\/revisions"}],"predecessor-version":[{"id":13988,"href":"https:\/\/elfsight.com\/pt\/wp-json\/wp\/v2\/pages\/11372\/revisions\/13988"}],"up":[{"embeddable":true,"href":"https:\/\/elfsight.com\/pt\/wp-json\/wp\/v2\/pages\/1114"}],"wp:attachment":[{"href":"https:\/\/elfsight.com\/pt\/wp-json\/wp\/v2\/media?parent=11372"}],"curies":[{"name":"wp","href":"https:\/\/api.w.org\/{rel}","templated":true}]}}