{"id":11348,"date":"2024-05-03T06:46:00","date_gmt":"2024-05-03T06:46:00","guid":{"rendered":"https:\/\/elfsight.com\/pt\/?page_id=11348"},"modified":"2024-11-13T11:26:10","modified_gmt":"2024-11-13T11:26:10","slug":"blogger","status":"publish","type":"page","link":"https:\/\/elfsight.com\/pt\/restaurant-menu-widget\/blogger\/","title":{"rendered":"Restaurant Menu &#8211; Blogger"},"content":{"rendered":"<div class=\"application-platform-content-item-description application-platform-content-item\" id=\"description\" data-nav-section=\"description\"> <h2>Descri\u00e7\u00e3o<\/h2><p>O Menu do Restaurante \u00e9 uma maneira f\u00e1cil de familiarizar seus convidados com suas especialidades, apontar um conceito excepcional e tente-os com fotos atraentes de pratos. O widget \u00e9 muito f\u00e1cil de usar. Gra\u00e7as a ele voc\u00ea pode selecionar uma infinidade de menus com um n\u00famero ilimitado de itens. Ou apenas crie uma pequena lista dos produtos que voc\u00ea serve. Selecione o esquema claro, escuro ou altere os elementos que desejar, repintando todas as cores de destaque. A maior oportunidade do widget \u00e9 estar sempre atualizado: voc\u00ea pode modificar pre\u00e7os, lista de itens, adicionar novos pratos ou at\u00e9 card\u00e1pios em poucos segundos! Chega de menus est\u00e1ticos que voc\u00ea precisa configurar desde o in\u00edcio. Basta come\u00e7ar a criar seu menu estiloso! <\/p> <p><b>Inicie o Menu do Restaurante para alcan\u00e7ar os gofls do seu neg\u00f3cio com mais facilidade! Ter o card\u00e1pio no site do seu restaurante pode atrair mais visitantes, alcan\u00e7ar um forte desenvolvimento do neg\u00f3cio e aumentar as vendas. Comece a usar o Restaurant Menu da Elfsight!<\/b><\/p> <\/div> <div class=\"application-platform-content-item-features application-platform-content-item\" id=\"features\" data-nav-section=\"features\"> <h2>Os principais recursos do widget incluem<\/h2> <ul><li>F\u00e1cil de gerenciar at\u00e9 mesmo para usu\u00e1rios n\u00e3o t\u00e9cnicos <\/li><li>Quantidade ilimitada de menus, se\u00e7\u00f5es ou itens, organizados com layouts de guia, lista ou alvenaria <\/li><li>Menu simples de gerenciar e todos os seus itens onde voc\u00ea precisar: pre\u00e7os, promo\u00e7\u00f5es sazonais e etc. <\/li><li> Exiba uma descri\u00e7\u00e3o extensa dos itens, incluindo \u00edcones, informa\u00e7\u00f5es nutricionais e emblemas <\/li><li>Anexe imagens impressionantes aos itens e at\u00e9 mesmo apresente-os em visualiza\u00e7\u00e3o pop-up <\/li><li>Personalize e recolora quaisquer elementos: texto, esquema de cores e \u00edcones <\/li><\/ul><p><a href=\"#demo\">Voc\u00ea pode explorar todas as funcionalidades do widget diretamente na demonstra\u00e7\u00e3o aqui<\/a><\/p> <\/div> <div class=\"application-platform-content-item-installation application-platform-content-item\" id=\"installation\" data-nav-section=\"installation\"> <h2>Como adicionar o menu do restaurante ao meu site do Blogger? <\/h2><div class=\"video-container\"><iframe width=\"720\" height=\"405\" src=\"https:\/\/www.youtube.com\/embed\/oxAK4dipTps\" frameborder=\"0\" allowfullscreen=\"\"><\/iframe><\/div><p>Basta seguir v\u00e1rios passos abaixo para come\u00e7ar a trabalhar com a ferramenta: <\/p> <ol><li><b>Utilize nossa demonstra\u00e7\u00e3o gratuita e comece a moldar seu instrumento customizado. <\/b><br> Escolha o layout e os par\u00e2metros desejados do widget e aplique as edi\u00e7\u00f5es. <\/li> <li><b>Obtenha seu c\u00f3digo individual aparecendo no formul\u00e1rio especial nos aplicativos da Elfsight. <\/b><br> Logo ap\u00f3s a cria\u00e7\u00e3o do seu widget pessoal, copie o c\u00f3digo pessoal na caixa exibida e guarde-o para uso futuro. <\/li> <li><b>Inscreva-se usando a ferramenta na p\u00e1gina inicial do Blogger. <\/b><br> Adicione o c\u00f3digo que voc\u00ea salvou recentemente em seu site e aplique as corre\u00e7\u00f5es. <\/li> <li><b>Conclu\u00eddo! A incorpora\u00e7\u00e3o foi realizada com sucesso. <\/b><br> Acesse seu site para observar o funcionamento da ferramenta. <\/li><\/ol> <p>Se voc\u00ea encontrar algum problema, n\u00e3o hesite em entrar em contato com nossa equipe de suporte. Nosso pessoal ter\u00e1 prazer em ajud\u00e1-lo com todos os problemas que voc\u00ea possa ter com o produto. <\/p> <div class=\"faq\" data-component=\"FAQ\"><div class=\"faq-item\">\r\n\t\t\t\t\t<div class=\"faq-item-question\">\r\n\t\t\t\t\t\t<h3 class=\"faq-item-question-text\">Existe uma op\u00e7\u00e3o para incorporar o menu do restaurante na minha p\u00e1gina do Blogger sem nenhuma experi\u00eancia de codifica\u00e7\u00e3o?<\/h3>\r\n\r\n\t\t\t\t\t\t<div class=\"faq-item-question-icon\"><\/div>\r\n\t\t\t\t\t<\/div>\r\n\r\n\t\t\t\t\t<div class=\"faq-item-answer\">\r\n\t\t\t\t\t\t<div class=\"faq-item-answer-text\"> <p>A Elfsight apresenta uma solu\u00e7\u00e3o SaaS que permite que as pessoas estabele\u00e7am voc\u00ea mesmo um widget do menu do restaurante, descubra as etapas simples: Comece a trabalhar diretamente no Editor ao vivo para formar um plugin de Menu de Restaurante que voc\u00ea gostaria de incluir na p\u00e1gina inicial do Blogger. Escolha um dos modelos pr\u00e9-fabricados e altere as configura\u00e7\u00f5es do Menu do Restaurante, transforme o layout e os esquemas de cores para incluir o seu conte\u00fado, sem nenhum conhecimento de codifica\u00e7\u00e3o. Clique para salvar as configura\u00e7\u00f5es feitas no Menu do Restaurante e obter o c\u00f3digo do widget para incorpora\u00e7\u00e3o, que pode ser facilmente adicionado em qualquer p\u00e1gina inicial do Blogger gratuitamente. Usando nosso editor intuitivo, qualquer usu\u00e1rio da Internet pode gerar uma se\u00e7\u00e3o de Menu de Restaurante online e incorpor\u00e1-la na p\u00e1gina inicial do Blogger. N\u00e3o h\u00e1 necessidade de pagar ou divulgar as credenciais do seu cart\u00e3o para acessar o Elfsight Editor. Se voc\u00ea tiver qualquer tipo de problema, n\u00e3o hesite em entrar em contato com nossa equipe de suporte.<\/p> <\/div>\r\n\t\t\t\t\t<\/div>\r\n\t\t\t\t<\/div> <\/div><\/div><!-- \/wp:html - &gt; \/wp:html -->","protected":false},"excerpt":{"rendered":"","protected":false},"author":9,"featured_media":0,"parent":1472,"menu_order":0,"comment_status":"closed","ping_status":"closed","template":"templates\/template-application-platform.php","meta":{"publish_to_discourse":"","publish_post_category":"","wpdc_auto_publish_overridden":"","wpdc_topic_tags":"","wpdc_pin_topic":"","wpdc_pin_until":"","discourse_post_id":"","discourse_permalink":"","wpdc_publishing_response":"","wpdc_publishing_error":"","footnotes":""},"class_list":["post-11348","page","type-page","status-publish","hentry"],"yoast_head":"<!-- This site is optimized with the Yoast SEO plugin v25.3.1 - https:\/\/yoast.com\/wordpress\/plugins\/seo\/ -->\n<title>Menu de restaurante para sites do Blogger - f\u00e1cil e gratuito<\/title>\n<meta name=\"description\" content=\"Adicione um widget de menu de restaurante compat\u00edvel com dispositivos m\u00f3veis ao seu site do Blogger. Use a demonstra\u00e7\u00e3o pr\u00e1tica da Elfsight e crie seu plugin estiloso em apenas alguns minutos\" \/>\n<meta name=\"robots\" content=\"index, follow, max-snippet:-1, max-image-preview:large, max-video-preview:-1\" \/>\n<link rel=\"canonical\" href=\"https:\/\/elfsight.com\/pt\/restaurant-menu-widget\/blogger\/\" \/>\n<meta property=\"og:locale\" content=\"pt_PT\" \/>\n<meta property=\"og:type\" content=\"article\" \/>\n<meta property=\"og:title\" content=\"Menu de restaurante para sites do Blogger - f\u00e1cil e gratuito\" \/>\n<meta property=\"og:description\" content=\"Adicione um widget de menu de restaurante compat\u00edvel com dispositivos m\u00f3veis ao seu site do Blogger. Use a demonstra\u00e7\u00e3o pr\u00e1tica da Elfsight e crie seu plugin estiloso em apenas alguns minutos\" \/>\n<meta property=\"og:url\" content=\"https:\/\/elfsight.com\/pt\/restaurant-menu-widget\/blogger\/\" \/>\n<meta property=\"og:site_name\" content=\"Elfsight PT\" \/>\n<meta property=\"article:modified_time\" content=\"2024-11-13T11:26:10+00:00\" \/>\n<meta name=\"twitter:card\" content=\"summary_large_image\" \/>\n<meta name=\"twitter:label1\" content=\"Tempo estimado de leitura\" \/>\n\t<meta name=\"twitter:data1\" content=\"3 minutos\" \/>\n<!-- \/ Yoast SEO plugin. -->","yoast_head_json":{"title":"Menu de restaurante para sites do Blogger - f\u00e1cil e gratuito","description":"Adicione um widget de menu de restaurante compat\u00edvel com dispositivos m\u00f3veis ao seu site do Blogger. Use a demonstra\u00e7\u00e3o pr\u00e1tica da Elfsight e crie seu plugin estiloso em apenas alguns minutos","robots":{"index":"index","follow":"follow","max-snippet":"max-snippet:-1","max-image-preview":"max-image-preview:large","max-video-preview":"max-video-preview:-1"},"canonical":"https:\/\/elfsight.com\/pt\/restaurant-menu-widget\/blogger\/","og_locale":"pt_PT","og_type":"article","og_title":"Menu de restaurante para sites do Blogger - f\u00e1cil e gratuito","og_description":"Adicione um widget de menu de restaurante compat\u00edvel com dispositivos m\u00f3veis ao seu site do Blogger. Use a demonstra\u00e7\u00e3o pr\u00e1tica da Elfsight e crie seu plugin estiloso em apenas alguns minutos","og_url":"https:\/\/elfsight.com\/pt\/restaurant-menu-widget\/blogger\/","og_site_name":"Elfsight PT","article_modified_time":"2024-11-13T11:26:10+00:00","twitter_card":"summary_large_image","twitter_misc":{"Tempo estimado de leitura":"3 minutos"},"schema":{"@context":"https:\/\/schema.org","@graph":[{"@type":"WebPage","@id":"https:\/\/elfsight.com\/pt\/restaurant-menu-widget\/blogger\/","url":"https:\/\/elfsight.com\/pt\/restaurant-menu-widget\/blogger\/","name":"Menu de restaurante para sites do Blogger - f\u00e1cil e gratuito","isPartOf":{"@id":"https:\/\/elfsight.com\/pt\/#website"},"datePublished":"2024-05-03T06:46:00+00:00","dateModified":"2024-11-13T11:26:10+00:00","description":"Adicione um widget de menu de restaurante compat\u00edvel com dispositivos m\u00f3veis ao seu site do Blogger. Use a demonstra\u00e7\u00e3o pr\u00e1tica da Elfsight e crie seu plugin estiloso em apenas alguns minutos","breadcrumb":{"@id":"https:\/\/elfsight.com\/pt\/restaurant-menu-widget\/blogger\/#breadcrumb"},"inLanguage":"pt-PT","potentialAction":[{"@type":"ReadAction","target":["https:\/\/elfsight.com\/pt\/restaurant-menu-widget\/blogger\/"]}]},{"@type":"BreadcrumbList","@id":"https:\/\/elfsight.com\/pt\/restaurant-menu-widget\/blogger\/#breadcrumb","itemListElement":[{"@type":"ListItem","position":1,"name":"Home","item":"https:\/\/elfsight.com\/pt\/"},{"@type":"ListItem","position":2,"name":"Restaurant Menu","item":"https:\/\/elfsight.com\/pt\/restaurant-menu-widget\/"},{"@type":"ListItem","position":3,"name":"Restaurant Menu &#8211; Blogger"}]},{"@type":"WebSite","@id":"https:\/\/elfsight.com\/pt\/#website","url":"https:\/\/elfsight.com\/pt\/","name":"Elfsight PT","description":"Just another Elfsight Sites site","potentialAction":[{"@type":"SearchAction","target":{"@type":"EntryPoint","urlTemplate":"https:\/\/elfsight.com\/pt\/?s={search_term_string}"},"query-input":{"@type":"PropertyValueSpecification","valueRequired":true,"valueName":"search_term_string"}}],"inLanguage":"pt-PT"}]}},"meta_box":{"industry":"","seo_heading":"","heading":"","description":"","cta_heading":"","cta_description":"","application":"1471","h1":"Widget do menu do restaurante do Blogger","h1_caption":"Demonstre uma grande oferta de seus alimentos e bebidas para receber mais convidados","application_category":[],"applications_title":"","applications_request_title":"","applications_request_button_text":"","hero_text":"","hero_video":"","hero_video_schema_markup":"","selling_points_title":"","selling_points_caption":"","selling_points":[],"selling_points_cta_text":"","features_title":"","features":"","ed_cta_examples_text":"","ed_cta_examples_hidden":"","ed_cta_demo_text":"","ed_cta_demo_hidden":"","why_caption":"","why_editor_title":"","why_editor_text":"","why_team_title":"","why_team_text":"","why_service_title":"","why_service_text":"","template_catalog_visible":"","template_catalog_title":"","template_catalog_text":"","template_catalog_categories_visible":"","demo_title":"Crie o widget do menu do seu restaurante","demo_caption":"Configure o card\u00e1pio do seu restaurante e adicione-o ao site do Blogger gratuitamente!","default_faq_hidden":"","app_template_category":[],"platform":"46","template_public_id":"","codecanyon_url":"","codecanyon_item_id":"","codecanyon_price":"","pricing_caption":"","pricing_elfsight_apps_hide_column":"","pricing_elfsight_apps_url":"","pricing_codecanyon_price_caption":"","integration_category":[],"integration_request_title":"","integration_request_cta":"","integration_platform":"","integrations":[],"platform_category":[],"video_schema_markup":"","price":"a partir de US$ 0\/m\u00eas","trial":"","benefits":[{"text":"Ajuda de instala\u00e7\u00e3o gratuita"},{"text":"Suporte ao cliente experiente"},{"text":"Garantia de reembolso de 14 dias"},{"text":"Desenvolvimento cont\u00ednuo"}],"button_url":"#demo","button_target_blank":"","button_nofollow":"","attributes":[{"name":"Instala\u00e7\u00f5es","content":"10,000 - 100,000"},{"name":"Responsivo","content":"Sim"},{"name":"Navegadores compat\u00edveis","content":"Firefox, Safari, Opera, Chrome, Edge"}],"tags":[],"tags_disable_links":"","hide_more_platforms":"","video_object":"","demo_hide_cta":"","demo_hide_cloud_options":"","pricing_title":"","pricing":[{"pricing_icon":"platform","pricing_title":"Elfsight Apps","pricing_title_caption":"Solu\u00e7\u00e3o multiplataforma que funciona em qualquer site","pricing_price":"a partir de US$ 0\/m\u00eas","pricing_price_caption":"comece com um plano gratuito","pricing_benefits":[{"text":"Sites ilimitados"},{"text":"Suporte premium, pontual e bem documentado"},{"text":"Suporte premium, pontual e bem documentado"},{"text":"Design flex\u00edvel"}],"pricing_button_text":"Adicionar ao site","pricing_button_url":"#demo"}],"related_apps_title":"","related_apps_hidden":"","author":"","image":[],"title":"","job":"","social_networks":[]},"_links":{"self":[{"href":"https:\/\/elfsight.com\/pt\/wp-json\/wp\/v2\/pages\/11348","targetHints":{"allow":["GET"]}}],"collection":[{"href":"https:\/\/elfsight.com\/pt\/wp-json\/wp\/v2\/pages"}],"about":[{"href":"https:\/\/elfsight.com\/pt\/wp-json\/wp\/v2\/types\/page"}],"author":[{"embeddable":true,"href":"https:\/\/elfsight.com\/pt\/wp-json\/wp\/v2\/users\/9"}],"replies":[{"embeddable":true,"href":"https:\/\/elfsight.com\/pt\/wp-json\/wp\/v2\/comments?post=11348"}],"version-history":[{"count":2,"href":"https:\/\/elfsight.com\/pt\/wp-json\/wp\/v2\/pages\/11348\/revisions"}],"predecessor-version":[{"id":12154,"href":"https:\/\/elfsight.com\/pt\/wp-json\/wp\/v2\/pages\/11348\/revisions\/12154"}],"up":[{"embeddable":true,"href":"https:\/\/elfsight.com\/pt\/wp-json\/wp\/v2\/pages\/1472"}],"wp:attachment":[{"href":"https:\/\/elfsight.com\/pt\/wp-json\/wp\/v2\/media?parent=11348"}],"curies":[{"name":"wp","href":"https:\/\/api.w.org\/{rel}","templated":true}]}}