{"id":11347,"date":"2024-05-03T06:45:50","date_gmt":"2024-05-03T06:45:50","guid":{"rendered":"https:\/\/elfsight.com\/pt\/?page_id=11347"},"modified":"2024-06-25T09:23:48","modified_gmt":"2024-06-25T09:23:48","slug":"facebook","status":"publish","type":"page","link":"https:\/\/elfsight.com\/pt\/radio-player-widget\/facebook\/","title":{"rendered":"Radio Player &#8211; Facebook"},"content":{"rendered":"<div class=\"application-platform-content-item-description application-platform-content-item\" id=\"description\" data-nav-section=\"description\"> <h2>Descri\u00e7\u00e3o<\/h2> <p>Elfsight Radio Player \u00e9 uma ferramenta descomplicada que permite transmitir esta\u00e7\u00f5es de r\u00e1dio diretamente nas guias da sua p\u00e1gina do Facebook . O widget \u00e9 notavelmente modific\u00e1vel: voc\u00ea pode alterar seu posicionamento, coloc\u00e1-lo em qualquer lugar da p\u00e1gina, dimensionar seu tamanho, repintar o fundo e todas as outras partes para combin\u00e1-lo com o design do seu site, usar esquema de cores escuras, demonstrar capas e demonstrar ou ocultar 3 outros detalhes do jogador, por exemplo, t\u00edtulo, status e outros. Inclua quantas esta\u00e7\u00f5es voc\u00ea precisar para envolver seus visitantes, ative a op\u00e7\u00e3o de reprodu\u00e7\u00e3o autom\u00e1tica e n\u00e3o hesite &#8211; seus visitantes n\u00e3o sair\u00e3o de sua p\u00e1gina da web imediatamente!<\/p> <p><b>Apresente aos seus usu\u00e1rios uma nova fonte de conte\u00fado \u00fatil e envolvente usando a p\u00e1gina do Elfsight Radio Player para Facebook<\/b><\/p> <\/div> <div class=\"application-platform-content-item-features application-platform-content-item\" id=\"features\" data-nav-section=\"features\"> <h2>Oferecemos recursos pr\u00e1ticos e f\u00e1ceis, veja alguns deles: <\/h2> <ul><li>Numerosas varia\u00e7\u00f5es de cores.<\/li><li>Tema de cores claras\/escuras.<\/li><li>Dois layouts prontos para uso.<\/li><li>Uma op\u00e7\u00e3o para adicionar imagem de fundo. <\/li><li>Ajuste um n\u00famero ilimitado de esta\u00e7\u00f5es.<\/li><\/ul><p><a href=\"#demo\">Explore todas as configura\u00e7\u00f5es em uma demonstra\u00e7\u00e3o 100% funcional<\/a><\/p> <\/div> <div class=\"application-platform-content-item-installation application-platform-content-item\" id=\"installation\" data-nav-section=\"installation\"> <h2>Como adicionar o Radio Player \u00e0 p\u00e1gina do Facebook?<\/h2> <p>Basta seguir as instru\u00e7\u00f5es abaixo para incorporar o widget.<\/p> <ol><li><b>Utilize nosso editor gratuito e comece a criar seu widget de R\u00e1dio personalizado.<\/b><br> Escolha a apar\u00eancia adequada e as caracter\u00edsticas funcionais da ferramenta e salve as corre\u00e7\u00f5es.<\/li> <li><b>Receba o seu c\u00f3digo pessoal que aparece na caixa nas aplica\u00e7\u00f5es Elfsight. <\/b><br> Quando a configura\u00e7\u00e3o do seu widget estiver conclu\u00edda, copie o c\u00f3digo pessoal no pop-up que aparece e guarde-o para ocasi\u00f5es posteriores.<\/li> <li><b>Entre usando o widget na sua p\u00e1gina do Facebook .<\/b><br> Crie sua guia personalizada do Facebook. Insira o c\u00f3digo que recebeu na Elfsight Apps no separador. Se voc\u00ea tiver algum problema, basta verificar nosso guia sobre como criar <a href=\"https:\/\/elfsight.com\/blog\/how-to-add-custom-tab-to-facebook-page\/\">guia personalizada para p\u00e1gina do Facebook <\/a><\/li> <li><b>A instala\u00e7\u00e3o foi totalmente conclu\u00edda.<\/b><br> Acesse sua p\u00e1gina da web para revisar o desempenho do widget.<\/li><\/ol> <p>Caso tenha d\u00favidas ou tenha alguma dificuldade, entre em contato com nossa equipe de atendimento. Nosso pessoal ter\u00e1 prazer em resolver todas as d\u00favidas que voc\u00ea possa ter com o widget. <\/p> <\/div>","protected":false},"excerpt":{"rendered":"","protected":false},"author":9,"featured_media":0,"parent":1455,"menu_order":0,"comment_status":"closed","ping_status":"closed","template":"templates\/template-application-platform.php","meta":{"publish_to_discourse":"","publish_post_category":"","wpdc_auto_publish_overridden":"","wpdc_topic_tags":"","wpdc_pin_topic":"","wpdc_pin_until":"","discourse_post_id":"","discourse_permalink":"","wpdc_publishing_response":"","wpdc_publishing_error":"","footnotes":""},"class_list":["post-11347","page","type-page","status-publish","hentry"],"yoast_head":"<!-- This site is optimized with the Yoast SEO plugin v25.3.1 - https:\/\/yoast.com\/wordpress\/plugins\/seo\/ -->\n<title>Widget Streaming Radio Player para p\u00e1gina do Facebook (gr\u00e1tis e f\u00e1cil!)<\/title>\n<meta name=\"description\" content=\"Incorpore o aplicativo Radio Player \u00e0 sua p\u00e1gina do Facebook. Utilize nossa demonstra\u00e7\u00e3o pr\u00e1tica e gere seu widget de R\u00e1dio sem esfor\u00e7o!\" \/>\n<meta name=\"robots\" content=\"index, follow, max-snippet:-1, max-image-preview:large, max-video-preview:-1\" \/>\n<link rel=\"canonical\" href=\"https:\/\/elfsight.com\/pt\/radio-player-widget\/facebook\/\" \/>\n<meta property=\"og:locale\" content=\"pt_PT\" \/>\n<meta property=\"og:type\" content=\"article\" \/>\n<meta property=\"og:title\" content=\"Widget Streaming Radio Player para p\u00e1gina do Facebook (gr\u00e1tis e f\u00e1cil!)\" \/>\n<meta property=\"og:description\" content=\"Incorpore o aplicativo Radio Player \u00e0 sua p\u00e1gina do Facebook. Utilize nossa demonstra\u00e7\u00e3o pr\u00e1tica e gere seu widget de R\u00e1dio sem esfor\u00e7o!\" \/>\n<meta property=\"og:url\" content=\"https:\/\/elfsight.com\/pt\/radio-player-widget\/facebook\/\" \/>\n<meta property=\"og:site_name\" content=\"Elfsight PT\" \/>\n<meta property=\"article:modified_time\" content=\"2024-06-25T09:23:48+00:00\" \/>\n<meta name=\"twitter:card\" content=\"summary_large_image\" \/>\n<meta name=\"twitter:label1\" content=\"Tempo estimado de leitura\" \/>\n\t<meta name=\"twitter:data1\" content=\"2 minutos\" \/>\n<!-- \/ Yoast SEO plugin. -->","yoast_head_json":{"title":"Widget Streaming Radio Player para p\u00e1gina do Facebook (gr\u00e1tis e f\u00e1cil!)","description":"Incorpore o aplicativo Radio Player \u00e0 sua p\u00e1gina do Facebook. Utilize nossa demonstra\u00e7\u00e3o pr\u00e1tica e gere seu widget de R\u00e1dio sem esfor\u00e7o!","robots":{"index":"index","follow":"follow","max-snippet":"max-snippet:-1","max-image-preview":"max-image-preview:large","max-video-preview":"max-video-preview:-1"},"canonical":"https:\/\/elfsight.com\/pt\/radio-player-widget\/facebook\/","og_locale":"pt_PT","og_type":"article","og_title":"Widget Streaming Radio Player para p\u00e1gina do Facebook (gr\u00e1tis e f\u00e1cil!)","og_description":"Incorpore o aplicativo Radio Player \u00e0 sua p\u00e1gina do Facebook. Utilize nossa demonstra\u00e7\u00e3o pr\u00e1tica e gere seu widget de R\u00e1dio sem esfor\u00e7o!","og_url":"https:\/\/elfsight.com\/pt\/radio-player-widget\/facebook\/","og_site_name":"Elfsight PT","article_modified_time":"2024-06-25T09:23:48+00:00","twitter_card":"summary_large_image","twitter_misc":{"Tempo estimado de leitura":"2 minutos"},"schema":{"@context":"https:\/\/schema.org","@graph":[{"@type":"WebPage","@id":"https:\/\/elfsight.com\/pt\/radio-player-widget\/facebook\/","url":"https:\/\/elfsight.com\/pt\/radio-player-widget\/facebook\/","name":"Widget Streaming Radio Player para p\u00e1gina do Facebook (gr\u00e1tis e f\u00e1cil!)","isPartOf":{"@id":"https:\/\/elfsight.com\/pt\/#website"},"datePublished":"2024-05-03T06:45:50+00:00","dateModified":"2024-06-25T09:23:48+00:00","description":"Incorpore o aplicativo Radio Player \u00e0 sua p\u00e1gina do Facebook. Utilize nossa demonstra\u00e7\u00e3o pr\u00e1tica e gere seu widget de R\u00e1dio sem esfor\u00e7o!","breadcrumb":{"@id":"https:\/\/elfsight.com\/pt\/radio-player-widget\/facebook\/#breadcrumb"},"inLanguage":"pt-PT","potentialAction":[{"@type":"ReadAction","target":["https:\/\/elfsight.com\/pt\/radio-player-widget\/facebook\/"]}]},{"@type":"BreadcrumbList","@id":"https:\/\/elfsight.com\/pt\/radio-player-widget\/facebook\/#breadcrumb","itemListElement":[{"@type":"ListItem","position":1,"name":"Home","item":"https:\/\/elfsight.com\/pt\/"},{"@type":"ListItem","position":2,"name":"Radio Player","item":"https:\/\/elfsight.com\/pt\/radio-player-widget\/"},{"@type":"ListItem","position":3,"name":"Radio Player &#8211; Facebook"}]},{"@type":"WebSite","@id":"https:\/\/elfsight.com\/pt\/#website","url":"https:\/\/elfsight.com\/pt\/","name":"Elfsight PT","description":"Just another Elfsight Sites site","potentialAction":[{"@type":"SearchAction","target":{"@type":"EntryPoint","urlTemplate":"https:\/\/elfsight.com\/pt\/?s={search_term_string}"},"query-input":{"@type":"PropertyValueSpecification","valueRequired":true,"valueName":"search_term_string"}}],"inLanguage":"pt-PT"}]}},"meta_box":{"industry":"","seo_heading":"","heading":"","description":"","cta_heading":"","cta_description":"","application":"1454","h1":"Widget do reprodutor de r\u00e1dio do Facebook","h1_caption":"Varie suas op\u00e7\u00f5es de conte\u00fado e supere seus concorrentes","application_category":[],"applications_title":"","applications_request_title":"","applications_request_button_text":"","hero_text":"","hero_video":"","hero_video_schema_markup":"","selling_points_title":"","selling_points_caption":"","selling_points":[],"selling_points_cta_text":"","features_title":"","features":"","ed_cta_examples_text":"","ed_cta_examples_hidden":"","ed_cta_demo_text":"","ed_cta_demo_hidden":"","why_caption":"","why_editor_title":"","why_editor_text":"","why_team_title":"","why_team_text":"","why_service_title":"","why_service_text":"","template_catalog_visible":"","template_catalog_title":"","template_catalog_text":"","template_catalog_categories_visible":"","demo_title":"V\u00e1 em frente para formar um Radio Player feito sob medida","demo_caption":"Personalize-o e incorpore-o ao seu site por meio de demonstra\u00e7\u00e3o","default_faq_hidden":"","app_template_category":[],"platform":"103","template_public_id":"","codecanyon_url":"","codecanyon_item_id":"","codecanyon_price":"","pricing_caption":"","pricing_elfsight_apps_hide_column":"","pricing_elfsight_apps_url":"","pricing_codecanyon_price_caption":"","integration_category":[],"integration_request_title":"","integration_request_cta":"","integration_platform":"","integrations":[],"platform_category":[],"video_schema_markup":"","price":"a partir de US$ 0\/m\u00eas","trial":"","benefits":[{"text":"Ajuda de instala\u00e7\u00e3o gratuita"},{"text":"Suporte excepcional"},{"text":"Garantia de devolu\u00e7\u00e3o do dinheiro em 14 dias"},{"text":"Melhorias cont\u00ednuas"}],"button_url":"#demo","button_target_blank":"","button_nofollow":"","attributes":[{"name":"Instala\u00e7\u00f5es","content":"10,000 - 100,000"},{"name":"Capacidade de resposta","content":"Compat\u00edvel com dispositivos m\u00f3veis"},{"name":"Navegadores compat\u00edveis","content":"Firefox, Safari, Chrome, Edge, Opera"}],"tags":[],"tags_disable_links":"","hide_more_platforms":"","video_object":"","demo_hide_cta":"","demo_hide_cloud_options":"","pricing_title":"","pricing":[{"pricing_icon":"platform","pricing_title":"Elfsight Apps","pricing_title_caption":"Vers\u00e3o multiplataforma que funciona em qualquer site","pricing_price":"a partir de US$ 0\/m\u00eas","pricing_price_caption":"comece com plano gratuito","pricing_benefits":[{"text":"Sites ilimitados"},{"text":"Suporte r\u00e1pido e pontual"},{"text":"Suporte r\u00e1pido e pontual"},{"text":"Pre\u00e7o especial para v\u00e1rios aplicativos"}],"pricing_button_text":"Adicionar ao site","pricing_button_url":"#demo"}],"related_apps_title":"","related_apps_hidden":"","author":"","image":[],"title":"","job":"","social_networks":[]},"_links":{"self":[{"href":"https:\/\/elfsight.com\/pt\/wp-json\/wp\/v2\/pages\/11347","targetHints":{"allow":["GET"]}}],"collection":[{"href":"https:\/\/elfsight.com\/pt\/wp-json\/wp\/v2\/pages"}],"about":[{"href":"https:\/\/elfsight.com\/pt\/wp-json\/wp\/v2\/types\/page"}],"author":[{"embeddable":true,"href":"https:\/\/elfsight.com\/pt\/wp-json\/wp\/v2\/users\/9"}],"replies":[{"embeddable":true,"href":"https:\/\/elfsight.com\/pt\/wp-json\/wp\/v2\/comments?post=11347"}],"version-history":[{"count":1,"href":"https:\/\/elfsight.com\/pt\/wp-json\/wp\/v2\/pages\/11347\/revisions"}],"predecessor-version":[{"id":11351,"href":"https:\/\/elfsight.com\/pt\/wp-json\/wp\/v2\/pages\/11347\/revisions\/11351"}],"up":[{"embeddable":true,"href":"https:\/\/elfsight.com\/pt\/wp-json\/wp\/v2\/pages\/1455"}],"wp:attachment":[{"href":"https:\/\/elfsight.com\/pt\/wp-json\/wp\/v2\/media?parent=11347"}],"curies":[{"name":"wp","href":"https:\/\/api.w.org\/{rel}","templated":true}]}}