{"id":11338,"date":"2024-05-03T06:44:30","date_gmt":"2024-05-03T06:44:30","guid":{"rendered":"https:\/\/elfsight.com\/pt\/?page_id=11338"},"modified":"2024-11-13T11:54:20","modified_gmt":"2024-11-13T11:54:20","slug":"jquery","status":"publish","type":"page","link":"https:\/\/elfsight.com\/pt\/portfolio-widget\/jquery\/","title":{"rendered":"Portfolio &#8211; jQuery"},"content":{"rendered":"<div class=\"application-platform-content-item-description application-platform-content-item\" id=\"description\" data-nav-section=\"description\"><h2>Descri\u00e7\u00e3o<\/h2><p>A galeria Elfsight Portfolio foi projetada para cada pessoa que tem a tarefa de mostrar sua biblioteca de projetos no site e aumentar o n\u00famero de pedidos. Usando nossa galeria de portf\u00f3lio responsiva com jquery, voc\u00ea pode revelar sele\u00e7\u00f5es de fotos, v\u00eddeos, maquetes e outros conte\u00fados. Cada arquivo de projeto pode ter um texto e uma data. Voc\u00ea tem a oportunidade de vincular projetos a sites e divulg\u00e1-los em grupos. Seu p\u00fablico ver\u00e1 seu portf\u00f3lio, entrar\u00e1 em cada projeto e assistir\u00e1 a todos os trabalhos direto no seu site. O cabe\u00e7alho mostrar\u00e1 seu nome completo, foto e dados de contato, que ajudam na comunica\u00e7\u00e3o com voc\u00ea. O bot\u00e3o de call to action levar\u00e1 as pessoas \u00e0 p\u00e1gina do pedido e ajudar\u00e1 voc\u00ea a aumentar o n\u00edvel de vendas.<\/p><div class=\"faq\" data-component=\"FAQ\"> <div class=\"faq-item\">\r\n\t\t\t\t\t<div class=\"faq-item-question\">\r\n\t\t\t\t\t\t<h3 class=\"faq-item-question-text\">Onde posso publicar este plugin<\/h3>\r\n\r\n\t\t\t\t\t\t<div class=\"faq-item-question-icon\"><\/div>\r\n\t\t\t\t\t<\/div>\r\n\r\n\t\t\t\t\t<div class=\"faq-item-answer\">\r\n\t\t\t\t\t\t<div class=\"faq-item-answer-text\"><p>Ele pode fazer seu trabalho em qualquer p\u00e1gina do site, bem como em todas as p\u00e1ginas. Seus materiais envolventes atrair\u00e3o a aten\u00e7\u00e3o dos visitantes publicados na p\u00e1gina principal do site e poder\u00e3o ilustrar suas ofertas nas p\u00e1ginas do portf\u00f3lio.<\/p><\/div>\r\n\t\t\t\t\t<\/div>\r\n\t\t\t\t<\/div><div class=\"faq-item\">\r\n\t\t\t\t\t<div class=\"faq-item-question\">\r\n\t\t\t\t\t\t<h3 class=\"faq-item-question-text\">Quais s\u00e3o os benef\u00edcios de us\u00e1-lo para mim?<\/h3>\r\n\r\n\t\t\t\t\t\t<div class=\"faq-item-question-icon\"><\/div>\r\n\t\t\t\t\t<\/div>\r\n\r\n\t\t\t\t\t<div class=\"faq-item-answer\">\r\n\t\t\t\t\t\t<div class=\"faq-item-answer-text\"><p>Uma fascinante cole\u00e7\u00e3o de suas obras ir\u00e1 provar toda a sua alta habilidade e criatividade aos visitantes. Isso deixar\u00e1 os usu\u00e1rios ansiosos pela mesma experi\u00eancia e voc\u00ea ver\u00e1 novos pedidos. Mais do que isso, usando formas r\u00e1pidas de entrar em contato com voc\u00ea, voc\u00ea pode aumentar o n\u00famero de leads.<\/p><\/div>\r\n\t\t\t\t\t<\/div>\r\n\t\t\t\t<\/div><div class=\"faq-item\">\r\n\t\t\t\t\t<div class=\"faq-item-question\">\r\n\t\t\t\t\t\t<h3 class=\"faq-item-question-text\">O que eu preciso para adicionar o Portfolio Grid no meu site jQuery?<\/h3>\r\n\r\n\t\t\t\t\t\t<div class=\"faq-item-question-icon\"><\/div>\r\n\t\t\t\t\t<\/div>\r\n\r\n\t\t\t\t\t<div class=\"faq-item-answer\">\r\n\t\t\t\t\t\t<div class=\"faq-item-answer-text\"><p> Levar\u00e1 apenas dois minutos do seu tempo para come\u00e7ar a usar o widget. O processo \u00e9 extremamente r\u00e1pido, gratuito e sem codifica\u00e7\u00e3o.<\/p><p>Voc\u00ea pode colar o c\u00f3digo do portf\u00f3lio no site diretamente atrav\u00e9s do nosso servi\u00e7o. Para isso voc\u00ea precisa seguir o guia abaixo nesta p\u00e1gina.<\/p><\/div>\r\n\t\t\t\t\t<\/div>\r\n\t\t\t\t<\/div><\/div><\/div><div class=\"application-platform-content-item-features application-platform-content-item\" id=\"features\" data-nav-section=\"features\"><h2>Recursos<\/h2><p>Para obter Para entender melhor o jQuery Portfolio Gallery, confira a lista de suas caracter\u00edsticas mais valiosas. Eles tornam nosso plugin realmente eficiente para sua promo\u00e7\u00e3o:<\/p><ul><li>Demonstre qualquer n\u00famero de projetos e adicione t\u00edtulos;<\/li><li>Estabele\u00e7a grupos e divida projetos neles;<\/li><li>Selecionar os tipos de dados a serem exibidos em pop-up e passar o mouse;<\/li><li>Adicionar descri\u00e7\u00f5es e datas aos materiais do projeto;<\/li><li>Design totalmente responsivo;<\/li><li>Chamar O bot\u00e3o de a\u00e7\u00e3o no cabe\u00e7alho do widget e no pop-up redireciona os usu\u00e1rios para qualquer site ou p\u00e1gina.<\/li><\/ul><p><a href=\"#demo\">Para explorar todos os recursos, veja nossa demonstra\u00e7\u00e3o ao vivo <\/a><\/p><\/div><div class=\"application-platform-content-item-installation application-platform-content-item\" id=\"installation\" data-nav-section=\"installation\"><h2>Como adicionar o plug-in Portfolio ao seu site jQuery<\/h2><p>As a\u00e7\u00f5es a seguir s\u00e3o a \u00fanica coisa que voc\u00ea precisa fazer fazer para ter o widget instalado e funcionando.<\/p><ol><li><b>Construa sua pr\u00f3pria grade de portf\u00f3lio<\/b><br> Por meio de nossa demonstra\u00e7\u00e3o gratuita, gere um plugin com layout personalizado e funcional caracter\u00edsticas. <\/li><li><b>Receba o c\u00f3digo pessoal para configurar o plugin<\/b><br> Depois de criar o seu widget, voc\u00ea adquirir\u00e1 o seu c\u00f3digo pessoal na janela pop-up nos aplicativos Elfsight. Copie este c\u00f3digo para uso futuro. <\/li> <li><b>Publique o plugin em seu site jQuery<\/b><br> V\u00e1 at\u00e9 o local onde voc\u00ea precisa exibir o widget e insira o c\u00f3digo salvo l\u00e1. Salve os resultados. <\/li> <li><b>Conclu\u00eddo!<\/b><br> V\u00e1 para a p\u00e1gina da web para verificar o plugin do seu Portf\u00f3lio. <\/li> <\/ol><p>Ainda tem algo que o deixa inseguro? Ou tem d\u00favidas? Basta direcionar uma solicita\u00e7\u00e3o para nossa equipe de suporte para resolver qualquer tipo de problema.<\/p><\/div>","protected":false},"excerpt":{"rendered":"","protected":false},"author":9,"featured_media":0,"parent":1235,"menu_order":0,"comment_status":"closed","ping_status":"closed","template":"templates\/template-application-platform.php","meta":{"publish_to_discourse":"","publish_post_category":"","wpdc_auto_publish_overridden":"","wpdc_topic_tags":"","wpdc_pin_topic":"","wpdc_pin_until":"","discourse_post_id":"","discourse_permalink":"","wpdc_publishing_response":"","wpdc_publishing_error":"","footnotes":""},"class_list":["post-11338","page","type-page","status-publish","hentry"],"yoast_head":"<!-- This site is optimized with the Yoast SEO plugin v25.3.1 - https:\/\/yoast.com\/wordpress\/plugins\/seo\/ -->\n<title>Plug-in Portfolio Gallery para site jQuery (gratuito e r\u00e1pido)<\/title>\n<meta name=\"description\" content=\"N\u00e3o \u00e9 dif\u00edcil criar seu plugin responsivo da Galeria de portf\u00f3lio e adicion\u00e1-lo ao seu site jQuery. O atendimento ao cliente da Elfsight \u00e9 gratuito e r\u00e1pido.\" \/>\n<meta name=\"robots\" content=\"index, follow, max-snippet:-1, max-image-preview:large, max-video-preview:-1\" \/>\n<link rel=\"canonical\" href=\"https:\/\/elfsight.com\/pt\/portfolio-widget\/jquery\/\" \/>\n<meta property=\"og:locale\" content=\"pt_PT\" \/>\n<meta property=\"og:type\" content=\"article\" \/>\n<meta property=\"og:title\" content=\"Plug-in Portfolio Gallery para site jQuery (gratuito e r\u00e1pido)\" \/>\n<meta property=\"og:description\" content=\"N\u00e3o \u00e9 dif\u00edcil criar seu plugin responsivo da Galeria de portf\u00f3lio e adicion\u00e1-lo ao seu site jQuery. O atendimento ao cliente da Elfsight \u00e9 gratuito e r\u00e1pido.\" \/>\n<meta property=\"og:url\" content=\"https:\/\/elfsight.com\/pt\/portfolio-widget\/jquery\/\" \/>\n<meta property=\"og:site_name\" content=\"Elfsight PT\" \/>\n<meta property=\"article:modified_time\" content=\"2024-11-13T11:54:20+00:00\" \/>\n<meta name=\"twitter:card\" content=\"summary_large_image\" \/>\n<meta name=\"twitter:label1\" content=\"Tempo estimado de leitura\" \/>\n\t<meta name=\"twitter:data1\" content=\"3 minutos\" \/>\n<!-- \/ Yoast SEO plugin. -->","yoast_head_json":{"title":"Plug-in Portfolio Gallery para site jQuery (gratuito e r\u00e1pido)","description":"N\u00e3o \u00e9 dif\u00edcil criar seu plugin responsivo da Galeria de portf\u00f3lio e adicion\u00e1-lo ao seu site jQuery. O atendimento ao cliente da Elfsight \u00e9 gratuito e r\u00e1pido.","robots":{"index":"index","follow":"follow","max-snippet":"max-snippet:-1","max-image-preview":"max-image-preview:large","max-video-preview":"max-video-preview:-1"},"canonical":"https:\/\/elfsight.com\/pt\/portfolio-widget\/jquery\/","og_locale":"pt_PT","og_type":"article","og_title":"Plug-in Portfolio Gallery para site jQuery (gratuito e r\u00e1pido)","og_description":"N\u00e3o \u00e9 dif\u00edcil criar seu plugin responsivo da Galeria de portf\u00f3lio e adicion\u00e1-lo ao seu site jQuery. O atendimento ao cliente da Elfsight \u00e9 gratuito e r\u00e1pido.","og_url":"https:\/\/elfsight.com\/pt\/portfolio-widget\/jquery\/","og_site_name":"Elfsight PT","article_modified_time":"2024-11-13T11:54:20+00:00","twitter_card":"summary_large_image","twitter_misc":{"Tempo estimado de leitura":"3 minutos"},"schema":{"@context":"https:\/\/schema.org","@graph":[{"@type":"WebPage","@id":"https:\/\/elfsight.com\/pt\/portfolio-widget\/jquery\/","url":"https:\/\/elfsight.com\/pt\/portfolio-widget\/jquery\/","name":"Plug-in Portfolio Gallery para site jQuery (gratuito e r\u00e1pido)","isPartOf":{"@id":"https:\/\/elfsight.com\/pt\/#website"},"datePublished":"2024-05-03T06:44:30+00:00","dateModified":"2024-11-13T11:54:20+00:00","description":"N\u00e3o \u00e9 dif\u00edcil criar seu plugin responsivo da Galeria de portf\u00f3lio e adicion\u00e1-lo ao seu site jQuery. O atendimento ao cliente da Elfsight \u00e9 gratuito e r\u00e1pido.","breadcrumb":{"@id":"https:\/\/elfsight.com\/pt\/portfolio-widget\/jquery\/#breadcrumb"},"inLanguage":"pt-PT","potentialAction":[{"@type":"ReadAction","target":["https:\/\/elfsight.com\/pt\/portfolio-widget\/jquery\/"]}]},{"@type":"BreadcrumbList","@id":"https:\/\/elfsight.com\/pt\/portfolio-widget\/jquery\/#breadcrumb","itemListElement":[{"@type":"ListItem","position":1,"name":"Home","item":"https:\/\/elfsight.com\/pt\/"},{"@type":"ListItem","position":2,"name":"Portfolio","item":"https:\/\/elfsight.com\/pt\/portfolio-widget\/"},{"@type":"ListItem","position":3,"name":"Portfolio &#8211; jQuery"}]},{"@type":"WebSite","@id":"https:\/\/elfsight.com\/pt\/#website","url":"https:\/\/elfsight.com\/pt\/","name":"Elfsight PT","description":"Just another Elfsight Sites site","potentialAction":[{"@type":"SearchAction","target":{"@type":"EntryPoint","urlTemplate":"https:\/\/elfsight.com\/pt\/?s={search_term_string}"},"query-input":{"@type":"PropertyValueSpecification","valueRequired":true,"valueName":"search_term_string"}}],"inLanguage":"pt-PT"}]}},"meta_box":{"industry":"","seo_heading":"","heading":"","description":"","cta_heading":"","cta_description":"","application":"1234","h1":"Plug-in da Galeria de Portf\u00f3lio jQuery","h1_caption":"Deixe o p\u00fablico visualizar detalhadamente seus trabalhos e projetos completos para atrair mais clientes","application_category":[],"applications_title":"","applications_request_title":"","applications_request_button_text":"","hero_text":"","hero_video":"","hero_video_schema_markup":"","selling_points_title":"","selling_points_caption":"","selling_points":[],"selling_points_cta_text":"","features_title":"","features":"","ed_cta_examples_text":"","ed_cta_examples_hidden":"","ed_cta_demo_text":"","ed_cta_demo_hidden":"","why_caption":"","why_editor_title":"","why_editor_text":"","why_team_title":"","why_team_text":"","why_service_title":"","why_service_text":"","template_catalog_visible":"","template_catalog_title":"","template_catalog_text":"","template_catalog_categories_visible":"","demo_title":"Crie o plugin do seu portf\u00f3lio","demo_caption":"Configure seu portf\u00f3lio e adicione-o ao seu site jQuery gratuitamente!","default_faq_hidden":"","app_template_category":[],"platform":"55","template_public_id":"","codecanyon_url":"","codecanyon_item_id":"","codecanyon_price":"","pricing_caption":"","pricing_elfsight_apps_hide_column":"","pricing_elfsight_apps_url":"","pricing_codecanyon_price_caption":"","integration_category":[],"integration_request_title":"","integration_request_cta":"","integration_platform":"","integrations":[],"platform_category":[],"video_schema_markup":"","price":"a partir de US$ 0\/m\u00eas","trial":"","benefits":[{"text":"Ajuda de instala\u00e7\u00e3o gratuita"},{"text":"Atendimento ao cliente eficaz"},{"text":"Garantia de devolu\u00e7\u00e3o do dinheiro em 14 dias"},{"text":"Melhorias ao longo da vida"}],"button_url":"#demo","button_target_blank":"","button_nofollow":"","attributes":[{"name":"Instala\u00e7\u00f5es","content":"10,000 - 100,000"},{"name":"Responsivo","content":"Sim"},{"name":"Navegadores compat\u00edveis","content":"Firefox, Safari, Opera, Chrome, Edge"}],"tags":[],"tags_disable_links":"","hide_more_platforms":"","video_object":"","demo_hide_cta":"","demo_hide_cloud_options":"","pricing_title":"","pricing":[{"pricing_icon":"platform","pricing_title":"Elfsight Apps","pricing_title_caption":"Vers\u00e3o multiplataforma adequada para qualquer site","pricing_price":"a partir de US$ 0\/m\u00eas","pricing_price_caption":"comece com um plano gratuito","pricing_benefits":[{"text":"Dom\u00ednios ilimitados"},{"text":"Suporte r\u00e1pido e pontual"},{"text":"Suporte r\u00e1pido e pontual"},{"text":"100% personaliz\u00e1vel"}],"pricing_button_text":"Adicionar ao site","pricing_button_url":"#demo"}],"related_apps_title":"","related_apps_hidden":"","author":"","image":[],"title":"","job":"","social_networks":[]},"_links":{"self":[{"href":"https:\/\/elfsight.com\/pt\/wp-json\/wp\/v2\/pages\/11338","targetHints":{"allow":["GET"]}}],"collection":[{"href":"https:\/\/elfsight.com\/pt\/wp-json\/wp\/v2\/pages"}],"about":[{"href":"https:\/\/elfsight.com\/pt\/wp-json\/wp\/v2\/types\/page"}],"author":[{"embeddable":true,"href":"https:\/\/elfsight.com\/pt\/wp-json\/wp\/v2\/users\/9"}],"replies":[{"embeddable":true,"href":"https:\/\/elfsight.com\/pt\/wp-json\/wp\/v2\/comments?post=11338"}],"version-history":[{"count":1,"href":"https:\/\/elfsight.com\/pt\/wp-json\/wp\/v2\/pages\/11338\/revisions"}],"predecessor-version":[{"id":11342,"href":"https:\/\/elfsight.com\/pt\/wp-json\/wp\/v2\/pages\/11338\/revisions\/11342"}],"up":[{"embeddable":true,"href":"https:\/\/elfsight.com\/pt\/wp-json\/wp\/v2\/pages\/1235"}],"wp:attachment":[{"href":"https:\/\/elfsight.com\/pt\/wp-json\/wp\/v2\/media?parent=11338"}],"curies":[{"name":"wp","href":"https:\/\/api.w.org\/{rel}","templated":true}]}}