{"id":11330,"date":"2024-05-03T06:43:30","date_gmt":"2024-05-03T06:43:30","guid":{"rendered":"https:\/\/elfsight.com\/pt\/?page_id=11330"},"modified":"2024-11-13T11:38:16","modified_gmt":"2024-11-13T11:38:16","slug":"squarespace","status":"publish","type":"page","link":"https:\/\/elfsight.com\/pt\/podcast-player-widget\/squarespace\/","title":{"rendered":"Podcast Player &#8211; Squarespace"},"content":{"rendered":"<div class=\"application-platform-content-item-description application-platform-content-item\" id=\"description\" data-nav-section=\"description\"> <h2>Incorpore o Podcast Player no Squarespace com o widget Elfsight<\/h2> <p>Elfsight Podcast Player \u00e9 um plugin descomplicado para o Squarespace que permite transmitir podcasts diretamente nas p\u00e1ginas do seu site. O plugin \u00e9 altamente modific\u00e1vel: voc\u00ea pode alterar sua posi\u00e7\u00e3o, acomodando-o em qualquer lugar da p\u00e1gina, alterar seu tamanho, repintar o fundo e todas as outras partes para combin\u00e1-lo com o design do seu site, empregar tema escuro, mostrar imagens e exibir ou ocultar 3 partes adicionais do jogador, por exemplo, barra de progresso e muito mais. Encante seus usu\u00e1rios, ative a reprodu\u00e7\u00e3o autom\u00e1tica e n\u00e3o hesite &#8211; seu p\u00fablico n\u00e3o sair\u00e1 do seu site t\u00e3o cedo! <\/p> <p><b>Envolva seus usu\u00e1rios fornecendo-lhes informa\u00e7\u00f5es pr\u00e1ticas e cativantes usando o Elfsight Podcast Player<\/b><\/p> <\/div> <div class=\"application-platform-content-item-features application-platform-content-item\" id=\"features\" data-nav-section=\"features\"> <h2>Estes s\u00e3o apenas alguns dos v\u00e1rios recursos do plugin: <\/h2> <ul><li>Varia\u00e7\u00f5es de cores ilimitadas. <\/li><li>2 layouts dispon\u00edveis. <\/li><li>Uma oportunidade para anexar imagem de fundo. <\/li><li>Adicione uma quantidade ilimitada de faixas. <\/li><li>Uma op\u00e7\u00e3o para criar seu esquema de cores personalizado. <\/li><\/ul><p><a href=\"#demo\">Basta verificar esta demonstra\u00e7\u00e3o para entender a funcionalidade do plugin<\/a><\/p> <\/div> <div class=\"application-platform-content-item-installation application-platform-content-item\" id=\"installation\" data-nav-section=\"installation\"> <h2>Como adiciono o Podcast Player ao site do Squarespace? <\/h2><div class=\"video-container\"><iframe width=\"720\" height=\"405\" src=\"https:\/\/www.youtube.com\/embed\/GaKwfoAstT8\" frameborder=\"0\" allowfullscreen=\"\"><\/iframe><\/div><p>Basta aplicar as instru\u00e7\u00f5es abaixo para integrar o plugin. <\/p> <ol><li><b>Use nosso editor gratuito e comece a formar seu plugin exclusivo. <\/b><br> Determine o design e as op\u00e7\u00f5es preferidas da ferramenta e salve as modifica\u00e7\u00f5es. <\/li> <li><b>Receba o c\u00f3digo exclusivo mostrado na janela dos aplicativos Elfsight. <\/b><br> Logo ap\u00f3s o t\u00e9rmino da customiza\u00e7\u00e3o do seu plugin, copie o c\u00f3digo exclusivo no popup que aparece e guarde-o para futuras ocasi\u00f5es. <\/li> <li><b>Inicie o uso do plugin em seu site do Squarespace. <\/b><br> Integre o c\u00f3digo copiado anteriormente em sua p\u00e1gina inicial e salve os ajustes. <\/li> <li><b>Pronto! A integra\u00e7\u00e3o \u00e9 totalmente realizada. <\/b><br> Acesse sua p\u00e1gina da web para ver como o plugin funciona. <\/li><\/ol> <p>Caso voc\u00ea tenha alguma dificuldade, n\u00e3o hesite em entrar em contato com nossa equipe de atendimento ao cliente. Nossos especialistas est\u00e3o ansiosos para resolver todas as dificuldades que voc\u00ea possa ter com a ferramenta. <\/p> <div class=\"faq\" data-component=\"FAQ\"><div class=\"faq-item\">\r\n\t\t\t\t\t<div class=\"faq-item-question\">\r\n\t\t\t\t\t\t<h3 class=\"faq-item-question-text\">Como posso incorporar o plug-in Podcast Player no meu site do Squarespace?<\/h3>\r\n\r\n\t\t\t\t\t\t<div class=\"faq-item-question-icon\"><\/div>\r\n\t\t\t\t\t<\/div>\r\n\r\n\t\t\t\t\t<div class=\"faq-item-answer\">\r\n\t\t\t\t\t\t<div class=\"faq-item-answer-text\"><p>Voc\u00ea pode integrar o plug-in Podcast Player ao seu site do Squarespace para permitir que seus usu\u00e1rios acessem e desfrutem de podcasts . Basta navegar at\u00e9 o painel de administra\u00e7\u00e3o e executar as seguintes etapas:<\/p><ol><li>Acessar as configura\u00e7\u00f5es do tema.<\/li><li>Selecione a se\u00e7\u00e3o do seu site Squarespace onde deseja incorporar o Podcast Player. <\/li><li>Insira o c\u00f3digo do servi\u00e7o Elfsight Apps e salve suas modifica\u00e7\u00f5es.<\/li><li>Conclu\u00eddo.<\/li><\/ol><\/div>\r\n\t\t\t\t\t<\/div>\r\n\t\t\t\t<\/div><\/div><\/div>","protected":false},"excerpt":{"rendered":"","protected":false},"author":9,"featured_media":0,"parent":1216,"menu_order":0,"comment_status":"closed","ping_status":"closed","template":"templates\/template-application-platform.php","meta":{"publish_to_discourse":"","publish_post_category":"","wpdc_auto_publish_overridden":"","wpdc_topic_tags":"","wpdc_pin_topic":"","wpdc_pin_until":"","discourse_post_id":"","discourse_permalink":"","wpdc_publishing_response":"","wpdc_publishing_error":"","footnotes":""},"class_list":["post-11330","page","type-page","status-publish","hentry"],"yoast_head":"<!-- This site is optimized with the Yoast SEO plugin v25.3.1 - https:\/\/yoast.com\/wordpress\/plugins\/seo\/ -->\n<title>Site Elfsight Podcast Player para Squarespace (gratuito e f\u00e1cil)<\/title>\n<meta name=\"description\" content=\"Comece a usar nossa demonstra\u00e7\u00e3o acess\u00edvel e incorpore um Podcast Player responsivo ao seu site do Squarespace. Incorpore nossa demonstra\u00e7\u00e3o gerenci\u00e1vel e crie seu plugin sob medida sem esfor\u00e7o!\" \/>\n<meta name=\"robots\" content=\"index, follow, max-snippet:-1, max-image-preview:large, max-video-preview:-1\" \/>\n<link rel=\"canonical\" href=\"https:\/\/elfsight.com\/pt\/podcast-player-widget\/squarespace\/\" \/>\n<meta property=\"og:locale\" content=\"pt_PT\" \/>\n<meta property=\"og:type\" content=\"article\" \/>\n<meta property=\"og:title\" content=\"Site Elfsight Podcast Player para Squarespace (gratuito e f\u00e1cil)\" \/>\n<meta property=\"og:description\" content=\"Comece a usar nossa demonstra\u00e7\u00e3o acess\u00edvel e incorpore um Podcast Player responsivo ao seu site do Squarespace. Incorpore nossa demonstra\u00e7\u00e3o gerenci\u00e1vel e crie seu plugin sob medida sem esfor\u00e7o!\" \/>\n<meta property=\"og:url\" content=\"https:\/\/elfsight.com\/pt\/podcast-player-widget\/squarespace\/\" \/>\n<meta property=\"og:site_name\" content=\"Elfsight PT\" \/>\n<meta property=\"article:modified_time\" content=\"2024-11-13T11:38:16+00:00\" \/>\n<meta name=\"twitter:card\" content=\"summary_large_image\" \/>\n<meta name=\"twitter:label1\" content=\"Tempo estimado de leitura\" \/>\n\t<meta name=\"twitter:data1\" content=\"2 minutos\" \/>\n<!-- \/ Yoast SEO plugin. -->","yoast_head_json":{"title":"Site Elfsight Podcast Player para Squarespace (gratuito e f\u00e1cil)","description":"Comece a usar nossa demonstra\u00e7\u00e3o acess\u00edvel e incorpore um Podcast Player responsivo ao seu site do Squarespace. Incorpore nossa demonstra\u00e7\u00e3o gerenci\u00e1vel e crie seu plugin sob medida sem esfor\u00e7o!","robots":{"index":"index","follow":"follow","max-snippet":"max-snippet:-1","max-image-preview":"max-image-preview:large","max-video-preview":"max-video-preview:-1"},"canonical":"https:\/\/elfsight.com\/pt\/podcast-player-widget\/squarespace\/","og_locale":"pt_PT","og_type":"article","og_title":"Site Elfsight Podcast Player para Squarespace (gratuito e f\u00e1cil)","og_description":"Comece a usar nossa demonstra\u00e7\u00e3o acess\u00edvel e incorpore um Podcast Player responsivo ao seu site do Squarespace. Incorpore nossa demonstra\u00e7\u00e3o gerenci\u00e1vel e crie seu plugin sob medida sem esfor\u00e7o!","og_url":"https:\/\/elfsight.com\/pt\/podcast-player-widget\/squarespace\/","og_site_name":"Elfsight PT","article_modified_time":"2024-11-13T11:38:16+00:00","twitter_card":"summary_large_image","twitter_misc":{"Tempo estimado de leitura":"2 minutos"},"schema":{"@context":"https:\/\/schema.org","@graph":[{"@type":"WebPage","@id":"https:\/\/elfsight.com\/pt\/podcast-player-widget\/squarespace\/","url":"https:\/\/elfsight.com\/pt\/podcast-player-widget\/squarespace\/","name":"Site Elfsight Podcast Player para Squarespace (gratuito e f\u00e1cil)","isPartOf":{"@id":"https:\/\/elfsight.com\/pt\/#website"},"datePublished":"2024-05-03T06:43:30+00:00","dateModified":"2024-11-13T11:38:16+00:00","description":"Comece a usar nossa demonstra\u00e7\u00e3o acess\u00edvel e incorpore um Podcast Player responsivo ao seu site do Squarespace. Incorpore nossa demonstra\u00e7\u00e3o gerenci\u00e1vel e crie seu plugin sob medida sem esfor\u00e7o!","breadcrumb":{"@id":"https:\/\/elfsight.com\/pt\/podcast-player-widget\/squarespace\/#breadcrumb"},"inLanguage":"pt-PT","potentialAction":[{"@type":"ReadAction","target":["https:\/\/elfsight.com\/pt\/podcast-player-widget\/squarespace\/"]}]},{"@type":"BreadcrumbList","@id":"https:\/\/elfsight.com\/pt\/podcast-player-widget\/squarespace\/#breadcrumb","itemListElement":[{"@type":"ListItem","position":1,"name":"Home","item":"https:\/\/elfsight.com\/pt\/"},{"@type":"ListItem","position":2,"name":"Podcast Player","item":"https:\/\/elfsight.com\/pt\/podcast-player-widget\/"},{"@type":"ListItem","position":3,"name":"Podcast Player &#8211; Squarespace"}]},{"@type":"WebSite","@id":"https:\/\/elfsight.com\/pt\/#website","url":"https:\/\/elfsight.com\/pt\/","name":"Elfsight PT","description":"Just another Elfsight Sites site","potentialAction":[{"@type":"SearchAction","target":{"@type":"EntryPoint","urlTemplate":"https:\/\/elfsight.com\/pt\/?s={search_term_string}"},"query-input":{"@type":"PropertyValueSpecification","valueRequired":true,"valueName":"search_term_string"}}],"inLanguage":"pt-PT"}]}},"meta_box":{"industry":"","seo_heading":"","heading":"","description":"","cta_heading":"","cta_description":"","application":"1215","h1":"Plug-in Squarespace Podcast Player","h1_caption":"Ofere\u00e7a ao seu p\u00fablico uma nova experi\u00eancia e escolha clientes fi\u00e9is rapidamente","application_category":[],"applications_title":"","applications_request_title":"","applications_request_button_text":"","hero_text":"","hero_video":"","hero_video_schema_markup":"","selling_points_title":"","selling_points_caption":"","selling_points":[],"selling_points_cta_text":"","features_title":"","features":"","ed_cta_examples_text":"","ed_cta_examples_hidden":"","ed_cta_demo_text":"","ed_cta_demo_hidden":"","why_caption":"","why_editor_title":"","why_editor_text":"","why_team_title":"","why_team_text":"","why_service_title":"","why_service_text":"","template_catalog_visible":"","template_catalog_title":"","template_catalog_text":"","template_catalog_categories_visible":"","demo_title":"Crie seu plugin Podcast Player","demo_caption":"Configure seu Podcast Player e adicione-o ao seu site do Squarespace gratuitamente!","default_faq_hidden":"","app_template_category":[],"platform":"67","template_public_id":"","codecanyon_url":"","codecanyon_item_id":"","codecanyon_price":"","pricing_caption":"","pricing_elfsight_apps_hide_column":"","pricing_elfsight_apps_url":"","pricing_codecanyon_price_caption":"","integration_category":[],"integration_request_title":"","integration_request_cta":"","integration_platform":"","integrations":[],"platform_category":[],"video_schema_markup":"","price":"a partir de US$ 0\/m\u00eas","trial":"","benefits":[{"text":"Servi\u00e7o de instala\u00e7\u00e3o gratuito"},{"text":"Ajuda eficaz ao cliente"},{"text":"Garantia de devolu\u00e7\u00e3o do dinheiro em 14 dias"},{"text":"Atualizando constantemente"}],"button_url":"#demo","button_target_blank":"","button_nofollow":"","attributes":[{"name":"Instala\u00e7\u00f5es","content":"10,000 - 100,000"},{"name":"Responsivo","content":"Sim"},{"name":"Navegadores compat\u00edveis","content":"Firefox, Safari, Opera, Chrome, Edge"}],"tags":[],"tags_disable_links":"","hide_more_platforms":"","video_object":"","demo_hide_cta":"","demo_hide_cloud_options":"","pricing_title":"","pricing":[{"pricing_icon":"platform","pricing_title":"Elfsight Apps","pricing_title_caption":"Solu\u00e7\u00e3o digital multiplataforma que se adapta a qualquer site","pricing_price":"a partir de US$ 0\/m\u00eas","pricing_price_caption":"comece com um plano gratuito","pricing_benefits":[{"text":"Dom\u00ednios ilimitados"},{"text":"Suporte dedicado e pontual"},{"text":"Suporte dedicado e pontual"},{"text":"Design flex\u00edvel"}],"pricing_button_text":"Adicionar ao site","pricing_button_url":"#demo"}],"related_apps_title":"","related_apps_hidden":"","author":"","image":[],"title":"","job":"","social_networks":[]},"_links":{"self":[{"href":"https:\/\/elfsight.com\/pt\/wp-json\/wp\/v2\/pages\/11330","targetHints":{"allow":["GET"]}}],"collection":[{"href":"https:\/\/elfsight.com\/pt\/wp-json\/wp\/v2\/pages"}],"about":[{"href":"https:\/\/elfsight.com\/pt\/wp-json\/wp\/v2\/types\/page"}],"author":[{"embeddable":true,"href":"https:\/\/elfsight.com\/pt\/wp-json\/wp\/v2\/users\/9"}],"replies":[{"embeddable":true,"href":"https:\/\/elfsight.com\/pt\/wp-json\/wp\/v2\/comments?post=11330"}],"version-history":[{"count":2,"href":"https:\/\/elfsight.com\/pt\/wp-json\/wp\/v2\/pages\/11330\/revisions"}],"predecessor-version":[{"id":12073,"href":"https:\/\/elfsight.com\/pt\/wp-json\/wp\/v2\/pages\/11330\/revisions\/12073"}],"up":[{"embeddable":true,"href":"https:\/\/elfsight.com\/pt\/wp-json\/wp\/v2\/pages\/1216"}],"wp:attachment":[{"href":"https:\/\/elfsight.com\/pt\/wp-json\/wp\/v2\/media?parent=11330"}],"curies":[{"name":"wp","href":"https:\/\/api.w.org\/{rel}","templated":true}]}}