{"id":11329,"date":"2024-05-03T06:43:20","date_gmt":"2024-05-03T06:43:20","guid":{"rendered":"https:\/\/elfsight.com\/pt\/?page_id=11329"},"modified":"2025-02-27T10:04:02","modified_gmt":"2025-02-27T10:04:02","slug":"prestashop","status":"publish","type":"page","link":"https:\/\/elfsight.com\/pt\/podcast-player-widget\/prestashop\/","title":{"rendered":"Podcast Player &#8211; PrestaShop"},"content":{"rendered":"\n<div class=\"application-platform-content-item-description application-platform-content-item\" id=\"description\" data-nav-section=\"description\"> <h2>Descri\u00e7\u00e3o<\/h2> <p>O Elfsight Podcast Player \u00e9 um widget simples que lhe d\u00e1 a oportunidade de transmitir faixas de \u00e1udio diretamente no seu site. O plugin \u00e9 extremamente personaliz\u00e1vel: voc\u00ea pode alterar sua posi\u00e7\u00e3o, coloc\u00e1-lo em qualquer lugar da p\u00e1gina, alterar seu tamanho, recolorir o fundo e outros elementos para combin\u00e1-lo com o layout do seu site, aplicar tema escuro, exibir capas e mostrar ou ocultar tr\u00eas outros componentes do jogador, por exemplo, barra de progresso e muito mais. Inclua quantas faixas voc\u00ea precisar para entreter seus visitantes, ative a reprodu\u00e7\u00e3o autom\u00e1tica e n\u00e3o hesite &#8211; seus usu\u00e1rios n\u00e3o sair\u00e3o do seu site imediatamente! <\/p><p><b>Com o Podcast Player, tenha um desenvolvimento ativo de neg\u00f3cios e aumente as vendas <\/b><\/p> <\/div> <div class=\"application-platform-content-item-features application-platform-content-item\" id=\"features\" data-nav-section=\"features\"> <h2>Aqui est\u00e3o os recursos b\u00e1sicos do widget: <\/h2> <ul><li>Dois layouts dispon\u00edveis<\/li><li>Possibilidade de adicionar imagem de fundo<\/li><li>Adicionar n\u00famero ilimitado de arquivos<\/li><li>Uma op\u00e7\u00e3o para criar seu esquema de cores personalizado<\/li><li>Adicione um n\u00famero ilimitado de esta\u00e7\u00f5es<\/li><\/ul><p><a href=\"#demo\">Explore todos os recursos de personaliza\u00e7\u00e3o em uma demonstra\u00e7\u00e3o completa<\/a> <\/p> <\/div> <div class=\"application-platform-content-item-installation application-platform-content-item\" id=\"installation\" data-nav-section=\"installation\"> <h2>Como incorporo o Podcast Player na minha p\u00e1gina da PrestaShop? <\/h2> <p>Basta seguir os passos apresentados abaixo para come\u00e7ar a trabalhar com a ferramenta. <\/p> <ol><li><b>Utilize nosso editor gratuito e comece a moldar seu instrumento personalizado. <\/b><br> Determine o design e os aspectos desej\u00e1veis \u200b\u200bdo widget e salve as modifica\u00e7\u00f5es. <\/li> <li><b>Adquira o seu c\u00f3digo exclusivo mostrado na janela dos aplicativos Elfsight. <\/b><br> Assim que a cria\u00e7\u00e3o do seu widget pessoal for conclu\u00edda, copie o c\u00f3digo individual no pop-up exibido e guarde-o para uso futuro. <\/li> <li><b>Iniciar a utiliza\u00e7\u00e3o do addon no site PrestaShop. <\/b><br> Insira o c\u00f3digo que voc\u00ea salvou anteriormente em sua p\u00e1gina e aplique as melhorias. <\/li> <li><b>Conclu\u00eddo! A incorpora\u00e7\u00e3o est\u00e1 totalmente realizada. <\/b><br> Acesse seu site para ver como a ferramenta funciona. <\/li><\/ol> <p>Caso tenha d\u00favidas ou encontre algum obst\u00e1culo, n\u00e3o tenha medo de escrever para nossa equipe de suporte. Nossos especialistas ter\u00e3o prazer em resolver todas as d\u00favidas que voc\u00ea possa ter com o widget. <\/p> <\/div>\n","protected":false},"excerpt":{"rendered":"","protected":false},"author":9,"featured_media":0,"parent":1216,"menu_order":0,"comment_status":"closed","ping_status":"closed","template":"templates\/template-application-platform.php","meta":{"publish_to_discourse":"","publish_post_category":"","wpdc_auto_publish_overridden":"","wpdc_topic_tags":"","wpdc_pin_topic":"","wpdc_pin_until":"","discourse_post_id":"","discourse_permalink":"","wpdc_publishing_response":"","wpdc_publishing_error":"","footnotes":""},"class_list":["post-11329","page","type-page","status-publish","hentry"],"yoast_head":"<!-- This site is optimized with the Yoast SEO plugin v25.3.1 - https:\/\/yoast.com\/wordpress\/plugins\/seo\/ -->\n<title>Elfsight Podcast Player para site PrestaShop (gratuito e f\u00e1cil)<\/title>\n<meta name=\"description\" content=\"Comece a usar nossa demonstra\u00e7\u00e3o acess\u00edvel e incorpore um Podcast Player responsivo em seu site PrestaShop. Use nossa demonstra\u00e7\u00e3o gratuitamente e crie seu addon!\" \/>\n<meta name=\"robots\" content=\"index, follow, max-snippet:-1, max-image-preview:large, max-video-preview:-1\" \/>\n<link rel=\"canonical\" href=\"https:\/\/elfsight.com\/pt\/podcast-player-widget\/prestashop\/\" \/>\n<meta property=\"og:locale\" content=\"pt_PT\" \/>\n<meta property=\"og:type\" content=\"article\" \/>\n<meta property=\"og:title\" content=\"Elfsight Podcast Player para site PrestaShop (gratuito e f\u00e1cil)\" \/>\n<meta property=\"og:description\" content=\"Comece a usar nossa demonstra\u00e7\u00e3o acess\u00edvel e incorpore um Podcast Player responsivo em seu site PrestaShop. Use nossa demonstra\u00e7\u00e3o gratuitamente e crie seu addon!\" \/>\n<meta property=\"og:url\" content=\"https:\/\/elfsight.com\/pt\/podcast-player-widget\/prestashop\/\" \/>\n<meta property=\"og:site_name\" content=\"Elfsight PT\" \/>\n<meta property=\"article:modified_time\" content=\"2025-02-27T10:04:02+00:00\" \/>\n<meta name=\"twitter:card\" content=\"summary_large_image\" \/>\n<meta name=\"twitter:label1\" content=\"Tempo estimado de leitura\" \/>\n\t<meta name=\"twitter:data1\" content=\"2 minutos\" \/>\n<!-- \/ Yoast SEO plugin. -->","yoast_head_json":{"title":"Elfsight Podcast Player para site PrestaShop (gratuito e f\u00e1cil)","description":"Comece a usar nossa demonstra\u00e7\u00e3o acess\u00edvel e incorpore um Podcast Player responsivo em seu site PrestaShop. Use nossa demonstra\u00e7\u00e3o gratuitamente e crie seu addon!","robots":{"index":"index","follow":"follow","max-snippet":"max-snippet:-1","max-image-preview":"max-image-preview:large","max-video-preview":"max-video-preview:-1"},"canonical":"https:\/\/elfsight.com\/pt\/podcast-player-widget\/prestashop\/","og_locale":"pt_PT","og_type":"article","og_title":"Elfsight Podcast Player para site PrestaShop (gratuito e f\u00e1cil)","og_description":"Comece a usar nossa demonstra\u00e7\u00e3o acess\u00edvel e incorpore um Podcast Player responsivo em seu site PrestaShop. Use nossa demonstra\u00e7\u00e3o gratuitamente e crie seu addon!","og_url":"https:\/\/elfsight.com\/pt\/podcast-player-widget\/prestashop\/","og_site_name":"Elfsight PT","article_modified_time":"2025-02-27T10:04:02+00:00","twitter_card":"summary_large_image","twitter_misc":{"Tempo estimado de leitura":"2 minutos"},"schema":{"@context":"https:\/\/schema.org","@graph":[{"@type":"WebPage","@id":"https:\/\/elfsight.com\/pt\/podcast-player-widget\/prestashop\/","url":"https:\/\/elfsight.com\/pt\/podcast-player-widget\/prestashop\/","name":"Elfsight Podcast Player para site PrestaShop (gratuito e f\u00e1cil)","isPartOf":{"@id":"https:\/\/elfsight.com\/pt\/#website"},"datePublished":"2024-05-03T06:43:20+00:00","dateModified":"2025-02-27T10:04:02+00:00","description":"Comece a usar nossa demonstra\u00e7\u00e3o acess\u00edvel e incorpore um Podcast Player responsivo em seu site PrestaShop. Use nossa demonstra\u00e7\u00e3o gratuitamente e crie seu addon!","breadcrumb":{"@id":"https:\/\/elfsight.com\/pt\/podcast-player-widget\/prestashop\/#breadcrumb"},"inLanguage":"pt-PT","potentialAction":[{"@type":"ReadAction","target":["https:\/\/elfsight.com\/pt\/podcast-player-widget\/prestashop\/"]}]},{"@type":"BreadcrumbList","@id":"https:\/\/elfsight.com\/pt\/podcast-player-widget\/prestashop\/#breadcrumb","itemListElement":[{"@type":"ListItem","position":1,"name":"Home","item":"https:\/\/elfsight.com\/pt\/"},{"@type":"ListItem","position":2,"name":"Podcast Player","item":"https:\/\/elfsight.com\/pt\/podcast-player-widget\/"},{"@type":"ListItem","position":3,"name":"Podcast Player &#8211; PrestaShop"}]},{"@type":"WebSite","@id":"https:\/\/elfsight.com\/pt\/#website","url":"https:\/\/elfsight.com\/pt\/","name":"Elfsight PT","description":"Just another Elfsight Sites site","potentialAction":[{"@type":"SearchAction","target":{"@type":"EntryPoint","urlTemplate":"https:\/\/elfsight.com\/pt\/?s={search_term_string}"},"query-input":{"@type":"PropertyValueSpecification","valueRequired":true,"valueName":"search_term_string"}}],"inLanguage":"pt-PT"}]}},"meta_box":{"industry":"","seo_heading":"","heading":"","description":"","cta_heading":"","cta_description":"","application":"1215","h1":"Complemento do reprodutor de podcast PrestaShop","h1_caption":"Ofere\u00e7a aos seus visitantes uma nova experi\u00eancia e conquiste clientes fi\u00e9is rapidamente","application_category":[],"applications_title":"","applications_request_title":"","applications_request_button_text":"","hero_text":"","hero_video":"","hero_video_schema_markup":"","selling_points_title":"","selling_points_caption":"","selling_points":[],"selling_points_cta_text":"","features_title":"","features":"","ed_cta_examples_text":"","ed_cta_examples_hidden":"","ed_cta_demo_text":"","ed_cta_demo_hidden":"","why_caption":"","why_editor_title":"","why_editor_text":"","why_team_title":"","why_team_text":"","why_service_title":"","why_service_text":"","template_catalog_visible":"0","template_catalog_title":"","template_catalog_text":"","template_catalog_categories_visible":"","demo_title":"Crie seu complemento Podcast Player","demo_caption":"Configure seu Podcast Player e adicione-o ao seu site PrestaShop gratuitamente!","default_faq_hidden":"","app_template_category":[],"platform":"5343","template_public_id":"","codecanyon_url":"","codecanyon_item_id":"","codecanyon_price":"","pricing_caption":"","pricing_elfsight_apps_hide_column":"","pricing_elfsight_apps_url":"","pricing_codecanyon_price_caption":"","integration_category":[],"integration_request_title":"","integration_request_cta":"","integration_platform":"","integrations":[],"platform_category":[],"video_schema_markup":"","price":"a partir de US$ 0\/m\u00eas","trial":"","benefits":[{"text":"Servi\u00e7o de instala\u00e7\u00e3o gratuito"},{"text":"Suporte ao cliente experiente"},{"text":"Garantia de reembolso de 14 dias"},{"text":"Melhorias gratuitas vital\u00edcias"}],"button_url":"#demo","button_target_blank":"0","button_nofollow":"0","attributes":[{"name":"Instala\u00e7\u00f5es","content":"10,000 - 100,000"},{"name":"Responsivo","content":"Sim"},{"name":"Navegadores compat\u00edveis","content":"Firefox, Safari, Opera, Chrome, Edge"}],"tags":[],"tags_disable_links":"0","hide_more_platforms":"0","video_object":"","demo_hide_cta":"0","demo_hide_cloud_options":"0","pricing_title":"","pricing":[{"pricing_icon":"platform","pricing_title":"Elfsight Apps","pricing_title_caption":"Software multiplataforma que funciona em qualquer site","pricing_price":"a partir de US$ 0\/m\u00eas","pricing_price_caption":"comece com um plano gratuito","pricing_benefits":[{"text":"Dom\u00ednios ilimitados"},{"text":"Suporte 24 horas por dia, 7 dias por semana e pontual"},{"text":"Suporte 24 horas por dia, 7 dias por semana e pontual"},{"text":"Design flex\u00edvel"}],"pricing_button_text":"Adicionar ao site","pricing_button_url":"#demo"}],"related_apps_title":"","related_apps_hidden":"0","author":"","image":[],"title":"","job":"","social_networks":[]},"_links":{"self":[{"href":"https:\/\/elfsight.com\/pt\/wp-json\/wp\/v2\/pages\/11329","targetHints":{"allow":["GET"]}}],"collection":[{"href":"https:\/\/elfsight.com\/pt\/wp-json\/wp\/v2\/pages"}],"about":[{"href":"https:\/\/elfsight.com\/pt\/wp-json\/wp\/v2\/types\/page"}],"author":[{"embeddable":true,"href":"https:\/\/elfsight.com\/pt\/wp-json\/wp\/v2\/users\/9"}],"replies":[{"embeddable":true,"href":"https:\/\/elfsight.com\/pt\/wp-json\/wp\/v2\/comments?post=11329"}],"version-history":[{"count":2,"href":"https:\/\/elfsight.com\/pt\/wp-json\/wp\/v2\/pages\/11329\/revisions"}],"predecessor-version":[{"id":14036,"href":"https:\/\/elfsight.com\/pt\/wp-json\/wp\/v2\/pages\/11329\/revisions\/14036"}],"up":[{"embeddable":true,"href":"https:\/\/elfsight.com\/pt\/wp-json\/wp\/v2\/pages\/1216"}],"wp:attachment":[{"href":"https:\/\/elfsight.com\/pt\/wp-json\/wp\/v2\/media?parent=11329"}],"curies":[{"name":"wp","href":"https:\/\/api.w.org\/{rel}","templated":true}]}}