{"id":11323,"date":"2024-05-03T06:43:00","date_gmt":"2024-05-03T06:43:00","guid":{"rendered":"https:\/\/elfsight.com\/pt\/?page_id=11323"},"modified":"2024-11-13T11:50:38","modified_gmt":"2024-11-13T11:50:38","slug":"iframe","status":"publish","type":"page","link":"https:\/\/elfsight.com\/pt\/pinterest-feed-widget\/iframe\/","title":{"rendered":"Pinterest Feed &#8211; iFrame"},"content":{"rendered":"<div class=\"application-platform-content-item-description application-platform-content-item\" id=\"description\" data-nav-section=\"description\"> <h2>Incorpore o Pinterest Feed no iFrame com o widget Elfsight<\/h2><p>Usando o Pinterest Feed da Elfsight, voc\u00ea pode adicionar incr\u00edveis recursos ao seu site visuais do Pinterest em nenhum momento. O plugin Elfsight ajuda a exibir quaisquer pins, pain\u00e9is e todo o seu perfil do Pinterest em seu site. Atraia seus clientes com a ajuda de recursos visuais cuidadosamente selecionados, pain\u00e9is tem\u00e1ticos e construa seus pr\u00f3prios cen\u00e1rios originais. Amplie a extens\u00e3o de suas fotos no Pinterest, aumente o envolvimento em seu site e tenha mais seguidores para seu perfil no Pinterest ao mesmo tempo.<\/p><p><b>Exiba seu perfil, adicione pain\u00e9is e escolha pins para obter o visual mais envolvente conte\u00fado em seu site!<\/b><\/p><ul><li><b>Aumente o envolvimento dos usu\u00e1rios do site em seu site<\/b> <br>Imagens cuidadosamente selecionadas em seu site atraem o m\u00e1ximo de aten\u00e7\u00e3o das pessoas e mant\u00eam os clientes engajado.<\/li><li><b>Atraia seguidores no Pinterest<\/b> <br>Com a ajuda do bot\u00e3o Seguir exibido no feed, mais usu\u00e1rios ter\u00e3o a oportunidade de se tornarem seus seguidores.<\/li><li><b>Aumente o n\u00famero de vendas usando imagens atrativas<\/b> <br>Selecione as imagens mais tentadoras de suas ofertas; demonstre as \u00faltimas tend\u00eancias e fotos persuasivas para fazer as pessoas quererem comprar.<\/li><\/ul><\/div><div class=\"application-platform-content-item-features application-platform-content-item\" id=\"features\" data-nav-section=\"features\"> <h2>Principais recursos do widget Feed do Pinterest<\/h2><p>Veja a lista das op\u00e7\u00f5es mais importantes do Pinterest Feed. Eles tornam nosso widget incrivelmente eficaz para sua promo\u00e7\u00e3o: <\/p> <ul><li>Mostrando o t\u00edtulo da conta, seguidores e contagens de seguidores.<\/li><li>22 idiomas populares dispon\u00edveis;<\/li><li>Bot\u00e3o Seguir no cabe\u00e7alho para acompanhar sua conta sem problemas;<\/li><li>Exibir ou ocultar pain\u00e9is e contagens de pins;<\/li><\/ul><p><a href=\"#demo\">Aproveite todos os recursos ao vivo demonstra\u00e7\u00e3o<\/a><\/p> <\/div><div class=\"application-platform-content-item-installation application-platform-content-item\" id=\"installation\" data-nav-section=\"installation\"><h2>Como adicionar o widget Pinterest Feed ao site iFrame<\/h2><p>As etapas abaixo s\u00e3o a \u00fanica coisa que voc\u00ea precisa fazer tenha o widget ativado. <\/p> <ol><li><b>Construa seu pr\u00f3prio plugin do Pinterest<\/b><br> Em nossa demonstra\u00e7\u00e3o gratuita, crie um plugin com layout e fun\u00e7\u00f5es preferidos. <\/li><li><b>Receba o c\u00f3digo individual para publicar o plugin<\/b><br> Depois de configurar o seu widget, voc\u00ea receber\u00e1 o c\u00f3digo de instala\u00e7\u00e3o a partir da notifica\u00e7\u00e3o exibida nos aplicativos da Elfsight. Copie. <\/li> <li><b>Integrar o plugin em seu site iFrame<\/b><br> V\u00e1 para a \u00e1rea onde voc\u00ea planeja mostrar o plugin e cole o c\u00f3digo salvo l\u00e1. Aplique as edi\u00e7\u00f5es. <\/li> <li><b>Parab\u00e9ns! Voc\u00ea acabou de configurar o widget! <\/b><br> Entre no site para visualizar seu plugin. <\/li> <\/ol><p>Para dicas e instru\u00e7\u00f5es, entre em contato com nossa equipe de suporte ao cliente. Teremos prazer em ajudar caso voc\u00ea enfrente alguns problemas <\/p> <\/div><div class=\"faq\" data-component=\"FAQ\"><div class=\"faq-item\">\r\n\t\t\t\t\t<div class=\"faq-item-question\">\r\n\t\t\t\t\t\t<h3 class=\"faq-item-question-text\">De que maneira posso adicionar o Pinterest Feed ao meu site iFrame sem experi\u00eancia em codifica\u00e7\u00e3o?<\/h3>\r\n\r\n\t\t\t\t\t\t<div class=\"faq-item-question-icon\"><\/div>\r\n\t\t\t\t\t<\/div>\r\n\r\n\t\t\t\t\t<div class=\"faq-item-answer\">\r\n\t\t\t\t\t\t<div class=\"faq-item-answer-text\"><p>A empresa Elfsight apresenta uma solu\u00e7\u00e3o que permite gerar voc\u00ea mesmo um plugin de Feed do Pinterest. Descubra as instru\u00e7\u00f5es simples: <\/p><ul><li>Trabalhe diretamente no Editor ao vivo para criar um Pinterest Plug-in de feed que voc\u00ea gostaria de adicionar ao seu iFrame.<\/li><li>Escolha um dos modelos predefinidos e ajuste as configura\u00e7\u00f5es do Pinterest Feed, mude o layout e o esquema de cores, inclua seu conte\u00fado sem qualquer experi\u00eancia em codifica\u00e7\u00e3o.<\/li> <li>Salve o Pinterest Feed e copie o c\u00f3digo de instala\u00e7\u00e3o, que pode ser incorporado gratuitamente na p\u00e1gina inicial do iFrame. <\/li><\/ul><p>Com nosso editor amig\u00e1vel, qualquer usu\u00e1rio da web pode instalar o plugin Pinterest Feed on-line e incorpor\u00e1-lo facilmente em seu site iFrame. N\u00e3o \u00e9 necess\u00e1rio pagar ou inserir os dados do seu cart\u00e3o para acessar o Editor. Se voc\u00ea encontrar algum problema em qualquer etapa, sinta-se \u00e0 vontade para entrar em contato com nosso suporte t\u00e9cnico ao cliente.<\/p><\/div>\r\n\t\t\t\t\t<\/div>\r\n\t\t\t\t<\/div><\/div>","protected":false},"excerpt":{"rendered":"","protected":false},"author":9,"featured_media":0,"parent":1199,"menu_order":0,"comment_status":"closed","ping_status":"closed","template":"templates\/template-application-platform.php","meta":{"publish_to_discourse":"","publish_post_category":"","wpdc_auto_publish_overridden":"","wpdc_topic_tags":"","wpdc_pin_topic":"","wpdc_pin_until":"","discourse_post_id":"","discourse_permalink":"","wpdc_publishing_response":"","wpdc_publishing_error":"","footnotes":""},"class_list":["post-11323","page","type-page","status-publish","hentry"],"yoast_head":"<!-- This site is optimized with the Yoast SEO plugin v25.3.1 - https:\/\/yoast.com\/wordpress\/plugins\/seo\/ -->\n<title>Plugin iFrame Pinterest Feed para o seu site (gr\u00e1tis e r\u00e1pido)<\/title>\n<meta name=\"description\" content=\"N\u00e3o \u00e9 dif\u00edcil criar seu widget Pinterest Feed e public\u00e1-lo no site iFrame. O atendimento ao cliente da Elfsight \u00e9 gratuito e r\u00e1pido.\" \/>\n<meta name=\"robots\" content=\"index, follow, max-snippet:-1, max-image-preview:large, max-video-preview:-1\" \/>\n<link rel=\"canonical\" href=\"https:\/\/elfsight.com\/pt\/pinterest-feed-widget\/iframe\/\" \/>\n<meta property=\"og:locale\" content=\"pt_PT\" \/>\n<meta property=\"og:type\" content=\"article\" \/>\n<meta property=\"og:title\" content=\"Plugin iFrame Pinterest Feed para o seu site (gr\u00e1tis e r\u00e1pido)\" \/>\n<meta property=\"og:description\" content=\"N\u00e3o \u00e9 dif\u00edcil criar seu widget Pinterest Feed e public\u00e1-lo no site iFrame. O atendimento ao cliente da Elfsight \u00e9 gratuito e r\u00e1pido.\" \/>\n<meta property=\"og:url\" content=\"https:\/\/elfsight.com\/pt\/pinterest-feed-widget\/iframe\/\" \/>\n<meta property=\"og:site_name\" content=\"Elfsight PT\" \/>\n<meta property=\"article:modified_time\" content=\"2024-11-13T11:50:38+00:00\" \/>\n<meta name=\"twitter:card\" content=\"summary_large_image\" \/>\n<meta name=\"twitter:label1\" content=\"Tempo estimado de leitura\" \/>\n\t<meta name=\"twitter:data1\" content=\"3 minutos\" \/>\n<!-- \/ Yoast SEO plugin. -->","yoast_head_json":{"title":"Plugin iFrame Pinterest Feed para o seu site (gr\u00e1tis e r\u00e1pido)","description":"N\u00e3o \u00e9 dif\u00edcil criar seu widget Pinterest Feed e public\u00e1-lo no site iFrame. O atendimento ao cliente da Elfsight \u00e9 gratuito e r\u00e1pido.","robots":{"index":"index","follow":"follow","max-snippet":"max-snippet:-1","max-image-preview":"max-image-preview:large","max-video-preview":"max-video-preview:-1"},"canonical":"https:\/\/elfsight.com\/pt\/pinterest-feed-widget\/iframe\/","og_locale":"pt_PT","og_type":"article","og_title":"Plugin iFrame Pinterest Feed para o seu site (gr\u00e1tis e r\u00e1pido)","og_description":"N\u00e3o \u00e9 dif\u00edcil criar seu widget Pinterest Feed e public\u00e1-lo no site iFrame. O atendimento ao cliente da Elfsight \u00e9 gratuito e r\u00e1pido.","og_url":"https:\/\/elfsight.com\/pt\/pinterest-feed-widget\/iframe\/","og_site_name":"Elfsight PT","article_modified_time":"2024-11-13T11:50:38+00:00","twitter_card":"summary_large_image","twitter_misc":{"Tempo estimado de leitura":"3 minutos"},"schema":{"@context":"https:\/\/schema.org","@graph":[{"@type":"WebPage","@id":"https:\/\/elfsight.com\/pt\/pinterest-feed-widget\/iframe\/","url":"https:\/\/elfsight.com\/pt\/pinterest-feed-widget\/iframe\/","name":"Plugin iFrame Pinterest Feed para o seu site (gr\u00e1tis e r\u00e1pido)","isPartOf":{"@id":"https:\/\/elfsight.com\/pt\/#website"},"datePublished":"2024-05-03T06:43:00+00:00","dateModified":"2024-11-13T11:50:38+00:00","description":"N\u00e3o \u00e9 dif\u00edcil criar seu widget Pinterest Feed e public\u00e1-lo no site iFrame. O atendimento ao cliente da Elfsight \u00e9 gratuito e r\u00e1pido.","breadcrumb":{"@id":"https:\/\/elfsight.com\/pt\/pinterest-feed-widget\/iframe\/#breadcrumb"},"inLanguage":"pt-PT","potentialAction":[{"@type":"ReadAction","target":["https:\/\/elfsight.com\/pt\/pinterest-feed-widget\/iframe\/"]}]},{"@type":"BreadcrumbList","@id":"https:\/\/elfsight.com\/pt\/pinterest-feed-widget\/iframe\/#breadcrumb","itemListElement":[{"@type":"ListItem","position":1,"name":"Home","item":"https:\/\/elfsight.com\/pt\/"},{"@type":"ListItem","position":2,"name":"Pinterest Feed","item":"https:\/\/elfsight.com\/pt\/pinterest-feed-widget\/"},{"@type":"ListItem","position":3,"name":"Pinterest Feed &#8211; iFrame"}]},{"@type":"WebSite","@id":"https:\/\/elfsight.com\/pt\/#website","url":"https:\/\/elfsight.com\/pt\/","name":"Elfsight PT","description":"Just another Elfsight Sites site","potentialAction":[{"@type":"SearchAction","target":{"@type":"EntryPoint","urlTemplate":"https:\/\/elfsight.com\/pt\/?s={search_term_string}"},"query-input":{"@type":"PropertyValueSpecification","valueRequired":true,"valueName":"search_term_string"}}],"inLanguage":"pt-PT"}]}},"meta_box":{"industry":"","seo_heading":"","heading":"","description":"","cta_heading":"","cta_description":"","application":"1198","h1":"Widget de feed do Pinterest iFrame","h1_caption":"Compartilhe visuais incr\u00edveis do Pinterest em seu site sem esfor\u00e7o!","application_category":[],"applications_title":"","applications_request_title":"","applications_request_button_text":"","hero_text":"","hero_video":"","hero_video_schema_markup":"","selling_points_title":"","selling_points_caption":"","selling_points":[],"selling_points_cta_text":"","features_title":"","features":"","ed_cta_examples_text":"","ed_cta_examples_hidden":"","ed_cta_demo_text":"","ed_cta_demo_hidden":"","why_caption":"","why_editor_title":"","why_editor_text":"","why_team_title":"","why_team_text":"","why_service_title":"","why_service_text":"","template_catalog_visible":"","template_catalog_title":"","template_catalog_text":"","template_catalog_categories_visible":"","demo_title":"Crie seu widget de feed do Pinterest","demo_caption":"Configure seu Pinterest Feed e adicione-o ao seu site iFrame gratuitamente!","default_faq_hidden":"","app_template_category":[],"platform":"4911","template_public_id":"","codecanyon_url":"","codecanyon_item_id":"","codecanyon_price":"","pricing_caption":"","pricing_elfsight_apps_hide_column":"","pricing_elfsight_apps_url":"","pricing_codecanyon_price_caption":"","integration_category":[],"integration_request_title":"","integration_request_cta":"","integration_platform":"","integrations":[],"platform_category":[],"video_schema_markup":"","price":"a partir de US$ 0\/m\u00eas","trial":"","benefits":[{"text":"Ajuda de instala\u00e7\u00e3o gratuita"},{"text":"Atendimento ao cliente competente"},{"text":"Garantia de reembolso de 14 dias"},{"text":"Desenvolvimento cont\u00ednuo"}],"button_url":"#demo","button_target_blank":"","button_nofollow":"","attributes":[{"name":"Instala\u00e7\u00f5es","content":"10,000 - 100,000"},{"name":"Responsivo","content":"Sim"},{"name":"Navegadores compat\u00edveis","content":"Firefox, Safari, Opera, Chrome, Edge"}],"tags":[],"tags_disable_links":"","hide_more_platforms":"","video_object":"","demo_hide_cta":"","demo_hide_cloud_options":"","pricing_title":"","pricing":[{"pricing_icon":"platform","pricing_title":"Elfsight Apps","pricing_title_caption":"Vers\u00e3o multiplataforma que funciona em qualquer site","pricing_price":"a partir de US$ 0\/m\u00eas","pricing_price_caption":"comece com plano gratuito","pricing_benefits":[{"text":"Dom\u00ednios ilimitados"},{"text":"Suporte dedicado ao cliente"},{"text":"Suporte dedicado ao cliente"},{"text":"Design flex\u00edvel"}],"pricing_button_text":"Adicionar ao site","pricing_button_url":"#demo"}],"related_apps_title":"","related_apps_hidden":"","author":"","image":[],"title":"","job":"","social_networks":[]},"_links":{"self":[{"href":"https:\/\/elfsight.com\/pt\/wp-json\/wp\/v2\/pages\/11323","targetHints":{"allow":["GET"]}}],"collection":[{"href":"https:\/\/elfsight.com\/pt\/wp-json\/wp\/v2\/pages"}],"about":[{"href":"https:\/\/elfsight.com\/pt\/wp-json\/wp\/v2\/types\/page"}],"author":[{"embeddable":true,"href":"https:\/\/elfsight.com\/pt\/wp-json\/wp\/v2\/users\/9"}],"replies":[{"embeddable":true,"href":"https:\/\/elfsight.com\/pt\/wp-json\/wp\/v2\/comments?post=11323"}],"version-history":[{"count":1,"href":"https:\/\/elfsight.com\/pt\/wp-json\/wp\/v2\/pages\/11323\/revisions"}],"predecessor-version":[{"id":11327,"href":"https:\/\/elfsight.com\/pt\/wp-json\/wp\/v2\/pages\/11323\/revisions\/11327"}],"up":[{"embeddable":true,"href":"https:\/\/elfsight.com\/pt\/wp-json\/wp\/v2\/pages\/1199"}],"wp:attachment":[{"href":"https:\/\/elfsight.com\/pt\/wp-json\/wp\/v2\/media?parent=11323"}],"curies":[{"name":"wp","href":"https:\/\/api.w.org\/{rel}","templated":true}]}}