{"id":11321,"date":"2024-05-03T06:42:20","date_gmt":"2024-05-03T06:42:20","guid":{"rendered":"https:\/\/elfsight.com\/pt\/?page_id=11321"},"modified":"2024-11-13T12:02:44","modified_gmt":"2024-11-13T12:02:44","slug":"opencart","status":"publish","type":"page","link":"https:\/\/elfsight.com\/pt\/pdf-embed-widget\/opencart\/","title":{"rendered":"PDF Embed &#8211; OpenCart"},"content":{"rendered":"<div class=\"application-platform-content-item-description application-platform-content-item\" id=\"description\" data-nav-section=\"description\"> <h2>Descri\u00e7\u00e3o<\/h2> <p>Usando o widget Elfsight PDF Embed, aproveite a incorpora\u00e7\u00e3o mais pr\u00e1tica e r\u00e1pida de v\u00e1rios documentos PDF em seu site. Para maior facilidade de uso, os arquivos podem ser inseridos simplesmente fazendo upload, adicionando seus URLs ou escolhendo na lista os \u00faltimos enviados. Voc\u00ea pode dar um nome a cada arquivo, fazer upload de um \u00edcone e visualizar uma imagem, escolher a variante de layout dos arquivos e muito mais. Seus usu\u00e1rios podem visualizar os arquivos diretamente no site, abri-los em uma nova guia do navegador e fazer download. <\/p> <div class=\"faq\" data-component=\"FAQ\"> <div class=\"faq-item\">\r\n\t\t\t\t\t<div class=\"faq-item-question\">\r\n\t\t\t\t\t\t<h3 class=\"faq-item-question-text\">Onde no meu site posso publicar o widget<\/h3>\r\n\r\n\t\t\t\t\t\t<div class=\"faq-item-question-icon\"><\/div>\r\n\t\t\t\t\t<\/div>\r\n\r\n\t\t\t\t\t<div class=\"faq-item-answer\">\r\n\t\t\t\t\t\t<div class=\"faq-item-answer-text\"> <p>\u00c9 f\u00e1cil aplicar o File Embed em qualquer p\u00e1gina do seu site. Por exemplo, ir\u00e1 ajud\u00e1-lo a publicar a sua documenta\u00e7\u00e3o tecnol\u00f3gica ou diretrizes nas p\u00e1ginas dos produtos, ou adicionar os seus diplomas e qualifica\u00e7\u00f5es na p\u00e1gina Sobre n\u00f3s.<\/p> <\/div>\r\n\t\t\t\t\t<\/div>\r\n\t\t\t\t<\/div> <div class=\"faq-item\">\r\n\t\t\t\t\t<div class=\"faq-item-question\">\r\n\t\t\t\t\t\t<h3 class=\"faq-item-question-text\">Como posso beneficiar do widget?<\/h3>\r\n\r\n\t\t\t\t\t\t<div class=\"faq-item-question-icon\"><\/div>\r\n\t\t\t\t\t<\/div>\r\n\r\n\t\t\t\t\t<div class=\"faq-item-answer\">\r\n\t\t\t\t\t\t<div class=\"faq-item-answer-text\"> <p>O widget Elfsight ir\u00e1 poupar-lhe muito tempo, pois com a sua ajuda, a integra\u00e7\u00e3o de documentos no seu site demorar\u00e1 apenas alguns segundos. Al\u00e9m disso, voc\u00ea poder\u00e1 publicar muitas informa\u00e7\u00f5es significativas sobre suas ofertas ou servi\u00e7os para que os clientes os compreendam melhor. <\/p> <\/div>\r\n\t\t\t\t\t<\/div>\r\n\t\t\t\t<\/div> <div class=\"faq-item\">\r\n\t\t\t\t\t<div class=\"faq-item-question\">\r\n\t\t\t\t\t\t<h3 class=\"faq-item-question-text\">Como instalo o PDF Embed no meu site OpenCart?<\/h3>\r\n\r\n\t\t\t\t\t\t<div class=\"faq-item-question-icon\"><\/div>\r\n\t\t\t\t\t<\/div>\r\n\r\n\t\t\t\t\t<div class=\"faq-item-answer\">\r\n\t\t\t\t\t\t<div class=\"faq-item-answer-text\"> <p>Voc\u00ea s\u00f3 precisa de um minuto para ativar o widget. Adicion\u00e1-lo ao seu site \u00e9 muito r\u00e1pido, gratuito e sem codifica\u00e7\u00e3o.<\/p> <p>O Elfsight PDF Embed pode ser integrado atrav\u00e9s do servi\u00e7o Elfsight ou atrav\u00e9s do mercado. Aqui voc\u00ea pode ver mais detalhes sobre as duas variantes e escolher a sua.<\/p> <\/div>\r\n\t\t\t\t\t<\/div>\r\n\t\t\t\t<\/div> <\/div> <\/div> <div class=\"application-platform-content-item-features application-platform-content-item\" id=\"features\" data-nav-section=\"features\"> <h2>Recursos<\/h2> <p>Para Para entender melhor o widget, veja a lista de suas principais fun\u00e7\u00f5es. Eles o tornam incrivelmente eficiente para voc\u00ea: <\/p> <ul><li>Adicione uma quantidade ilimitada de documentos;<\/li> <li>Op\u00e7\u00e3o de layout do Visualizador de Arquivos para visualizar os arquivos no site;<\/li> <li>Fazer upload de imagens para \u00edcones e visualiza\u00e7\u00f5es de documentos;<\/li> <li>Exibir ou ocultar o r\u00f3tulo do documento de download;<\/li> <li> A op\u00e7\u00e3o de pintar 6 detalhes da interface;<\/li> <\/ul><p> <a href=\"#demo\">Nossa demonstra\u00e7\u00e3o mostrar\u00e1 mais recursos para voc\u00ea<\/a><\/p> <\/div> <div class=\"application-platform-content-item-installation application-platform-content-item\" id=\"installation\" data-nav-section=\"installation\"> <h2>Como incorporar o PDF Viewer ao seu site OpenCart <\/h2> <p>Basta seguir os passos abaixo para adicionar a extens\u00e3o no OpenCart.<\/p> <ol><li><b>Realize nossa demonstra\u00e7\u00e3o gratuita e comece a formar seu widget personalizado. <\/b><br> Encontre o design e a funcionalidade preferidos da extens\u00e3o e salve as corre\u00e7\u00f5es. <\/li> <li><b>Receba seu c\u00f3digo exclusivo mostrado na janela dos aplicativos Elfsight. <\/b><br> Ap\u00f3s a gera\u00e7\u00e3o do seu PDF Embed pessoal, copie o c\u00f3digo exclusivo da caixa que aparece e salve-o para futuras ocasi\u00f5es. <\/li> <li><b>Inscreva-se usando a ferramenta em seu site OpenCart. <\/b><br> Implemente o c\u00f3digo copiado recentemente em seu site e aplique as modifica\u00e7\u00f5es. <\/li> <li><b>Pronto! A configura\u00e7\u00e3o foi finalizada com sucesso. <\/b><br> Acesse seu site para observar como o widget est\u00e1 funcionando. <\/li><\/ol> <p>Ainda n\u00e3o consegue decidir? Ou tendo problemas? Basta direcionar uma solicita\u00e7\u00e3o ao nosso suporte ao cliente. Ajudaremos com quaisquer problemas ou d\u00favidas.<\/p> <\/div>","protected":false},"excerpt":{"rendered":"","protected":false},"author":9,"featured_media":0,"parent":1131,"menu_order":0,"comment_status":"closed","ping_status":"closed","template":"templates\/template-application-platform.php","meta":{"publish_to_discourse":"","publish_post_category":"","wpdc_auto_publish_overridden":"","wpdc_topic_tags":"","wpdc_pin_topic":"","wpdc_pin_until":"","discourse_post_id":"","discourse_permalink":"","wpdc_publishing_response":"","wpdc_publishing_error":"","footnotes":""},"class_list":["post-11321","page","type-page","status-publish","hentry"],"yoast_head":"<!-- This site is optimized with the Yoast SEO plugin v25.3.1 - https:\/\/yoast.com\/wordpress\/plugins\/seo\/ -->\n<title>Visualizador de PDF - Incorpore extens\u00e3o PDF no site OpenCart (gratuito e r\u00e1pido)<\/title>\n<meta name=\"description\" content=\"Com a Elfsight, molde a sua extens\u00e3o PDF Viewer e incorpore-a no seu site OpenCart com facilidade. Oferecemos atendimento gratuito ao cliente e outros b\u00f4nus.\" \/>\n<meta name=\"robots\" content=\"index, follow, max-snippet:-1, max-image-preview:large, max-video-preview:-1\" \/>\n<link rel=\"canonical\" href=\"https:\/\/elfsight.com\/pt\/pdf-embed-widget\/opencart\/\" \/>\n<meta property=\"og:locale\" content=\"pt_PT\" \/>\n<meta property=\"og:type\" content=\"article\" \/>\n<meta property=\"og:title\" content=\"Visualizador de PDF - Incorpore extens\u00e3o PDF no site OpenCart (gratuito e r\u00e1pido)\" \/>\n<meta property=\"og:description\" content=\"Com a Elfsight, molde a sua extens\u00e3o PDF Viewer e incorpore-a no seu site OpenCart com facilidade. Oferecemos atendimento gratuito ao cliente e outros b\u00f4nus.\" \/>\n<meta property=\"og:url\" content=\"https:\/\/elfsight.com\/pt\/pdf-embed-widget\/opencart\/\" \/>\n<meta property=\"og:site_name\" content=\"Elfsight PT\" \/>\n<meta property=\"article:modified_time\" content=\"2024-11-13T12:02:44+00:00\" \/>\n<meta name=\"twitter:card\" content=\"summary_large_image\" \/>\n<meta name=\"twitter:label1\" content=\"Tempo estimado de leitura\" \/>\n\t<meta name=\"twitter:data1\" content=\"3 minutos\" \/>\n<!-- \/ Yoast SEO plugin. -->","yoast_head_json":{"title":"Visualizador de PDF - Incorpore extens\u00e3o PDF no site OpenCart (gratuito e r\u00e1pido)","description":"Com a Elfsight, molde a sua extens\u00e3o PDF Viewer e incorpore-a no seu site OpenCart com facilidade. Oferecemos atendimento gratuito ao cliente e outros b\u00f4nus.","robots":{"index":"index","follow":"follow","max-snippet":"max-snippet:-1","max-image-preview":"max-image-preview:large","max-video-preview":"max-video-preview:-1"},"canonical":"https:\/\/elfsight.com\/pt\/pdf-embed-widget\/opencart\/","og_locale":"pt_PT","og_type":"article","og_title":"Visualizador de PDF - Incorpore extens\u00e3o PDF no site OpenCart (gratuito e r\u00e1pido)","og_description":"Com a Elfsight, molde a sua extens\u00e3o PDF Viewer e incorpore-a no seu site OpenCart com facilidade. Oferecemos atendimento gratuito ao cliente e outros b\u00f4nus.","og_url":"https:\/\/elfsight.com\/pt\/pdf-embed-widget\/opencart\/","og_site_name":"Elfsight PT","article_modified_time":"2024-11-13T12:02:44+00:00","twitter_card":"summary_large_image","twitter_misc":{"Tempo estimado de leitura":"3 minutos"},"schema":{"@context":"https:\/\/schema.org","@graph":[{"@type":"WebPage","@id":"https:\/\/elfsight.com\/pt\/pdf-embed-widget\/opencart\/","url":"https:\/\/elfsight.com\/pt\/pdf-embed-widget\/opencart\/","name":"Visualizador de PDF - Incorpore extens\u00e3o PDF no site OpenCart (gratuito e r\u00e1pido)","isPartOf":{"@id":"https:\/\/elfsight.com\/pt\/#website"},"datePublished":"2024-05-03T06:42:20+00:00","dateModified":"2024-11-13T12:02:44+00:00","description":"Com a Elfsight, molde a sua extens\u00e3o PDF Viewer e incorpore-a no seu site OpenCart com facilidade. Oferecemos atendimento gratuito ao cliente e outros b\u00f4nus.","breadcrumb":{"@id":"https:\/\/elfsight.com\/pt\/pdf-embed-widget\/opencart\/#breadcrumb"},"inLanguage":"pt-PT","potentialAction":[{"@type":"ReadAction","target":["https:\/\/elfsight.com\/pt\/pdf-embed-widget\/opencart\/"]}]},{"@type":"BreadcrumbList","@id":"https:\/\/elfsight.com\/pt\/pdf-embed-widget\/opencart\/#breadcrumb","itemListElement":[{"@type":"ListItem","position":1,"name":"Home","item":"https:\/\/elfsight.com\/pt\/"},{"@type":"ListItem","position":2,"name":"PDF Embed","item":"https:\/\/elfsight.com\/pt\/pdf-embed-widget\/"},{"@type":"ListItem","position":3,"name":"PDF Embed &#8211; OpenCart"}]},{"@type":"WebSite","@id":"https:\/\/elfsight.com\/pt\/#website","url":"https:\/\/elfsight.com\/pt\/","name":"Elfsight PT","description":"Just another Elfsight Sites site","potentialAction":[{"@type":"SearchAction","target":{"@type":"EntryPoint","urlTemplate":"https:\/\/elfsight.com\/pt\/?s={search_term_string}"},"query-input":{"@type":"PropertyValueSpecification","valueRequired":true,"valueName":"search_term_string"}}],"inLanguage":"pt-PT"}]}},"meta_box":{"industry":"","seo_heading":"","heading":"","description":"","cta_heading":"","cta_description":"","application":"1130","h1":"Extens\u00e3o do visualizador de PDF OpenCart","h1_caption":"A maneira mais r\u00e1pida de integrar arquivos PDF \u00e0s p\u00e1ginas do seu site para leitura e download r\u00e1pidos","application_category":[],"applications_title":"","applications_request_title":"","applications_request_button_text":"","hero_text":"","hero_video":"","hero_video_schema_markup":"","selling_points_title":"","selling_points_caption":"","selling_points":[],"selling_points_cta_text":"","features_title":"","features":"","ed_cta_examples_text":"","ed_cta_examples_hidden":"","ed_cta_demo_text":"","ed_cta_demo_hidden":"","why_caption":"","why_editor_title":"","why_editor_text":"","why_team_title":"","why_team_text":"","why_service_title":"","why_service_text":"","template_catalog_visible":"","template_catalog_title":"","template_catalog_text":"","template_catalog_categories_visible":"","demo_title":"Crie sua extens\u00e3o PDF Embed","demo_caption":"Configure seu PDF Embed e adicione-o ao seu site OpenCart gratuitamente!","default_faq_hidden":"","app_template_category":[],"platform":"61","template_public_id":"","codecanyon_url":"","codecanyon_item_id":"","codecanyon_price":"","pricing_caption":"","pricing_elfsight_apps_hide_column":"","pricing_elfsight_apps_url":"","pricing_codecanyon_price_caption":"","integration_category":[],"integration_request_title":"","integration_request_cta":"","integration_platform":"","integrations":[],"platform_category":[],"video_schema_markup":"","price":"a partir de US$ 0\/m\u00eas","trial":"","benefits":[{"text":"Assist\u00eancia de instala\u00e7\u00e3o gratuita"},{"text":"Atendimento ao cliente eficaz"},{"text":"Garantia de devolu\u00e7\u00e3o do dinheiro em 14 dias"},{"text":"Futuras melhorias gratuitas"}],"button_url":"#demo","button_target_blank":"","button_nofollow":"","attributes":[{"name":"Instala\u00e7\u00f5es","content":"10,000 - 100,000"},{"name":"Responsivo","content":"Sim"},{"name":"Navegadores compat\u00edveis","content":"Chrome, Edge, Safari, Opera, Firefox"}],"tags":[],"tags_disable_links":"","hide_more_platforms":"","video_object":"","demo_hide_cta":"","demo_hide_cloud_options":"","pricing_title":"","pricing":[{"pricing_icon":"platform","pricing_title":"Elfsight Apps","pricing_title_caption":"Software multiplataforma que funciona em qualquer site","pricing_price":"a partir de US$ 0\/m\u00eas","pricing_price_caption":"comece com plano gratuito","pricing_benefits":[{"text":"Sites ilimitados"},{"text":"Suporte profissional da empresa"},{"text":"Suporte profissional da empresa"},{"text":"Design flex\u00edvel"}],"pricing_button_text":"Adicionar ao site","pricing_button_url":"#demo"}],"related_apps_title":"","related_apps_hidden":"","author":"","image":[],"title":"","job":"","social_networks":[]},"_links":{"self":[{"href":"https:\/\/elfsight.com\/pt\/wp-json\/wp\/v2\/pages\/11321","targetHints":{"allow":["GET"]}}],"collection":[{"href":"https:\/\/elfsight.com\/pt\/wp-json\/wp\/v2\/pages"}],"about":[{"href":"https:\/\/elfsight.com\/pt\/wp-json\/wp\/v2\/types\/page"}],"author":[{"embeddable":true,"href":"https:\/\/elfsight.com\/pt\/wp-json\/wp\/v2\/users\/9"}],"replies":[{"embeddable":true,"href":"https:\/\/elfsight.com\/pt\/wp-json\/wp\/v2\/comments?post=11321"}],"version-history":[{"count":1,"href":"https:\/\/elfsight.com\/pt\/wp-json\/wp\/v2\/pages\/11321\/revisions"}],"predecessor-version":[{"id":11325,"href":"https:\/\/elfsight.com\/pt\/wp-json\/wp\/v2\/pages\/11321\/revisions\/11325"}],"up":[{"embeddable":true,"href":"https:\/\/elfsight.com\/pt\/wp-json\/wp\/v2\/pages\/1131"}],"wp:attachment":[{"href":"https:\/\/elfsight.com\/pt\/wp-json\/wp\/v2\/media?parent=11321"}],"curies":[{"name":"wp","href":"https:\/\/api.w.org\/{rel}","templated":true}]}}