{"id":11315,"date":"2024-05-03T06:42:00","date_gmt":"2024-05-03T06:42:00","guid":{"rendered":"https:\/\/elfsight.com\/pt\/?page_id=11315"},"modified":"2025-03-04T10:41:59","modified_gmt":"2025-03-04T10:41:59","slug":"bigcommerce","status":"publish","type":"page","link":"https:\/\/elfsight.com\/pt\/paypal-button-widget-generator\/bigcommerce\/","title":{"rendered":"PayPal Button &#8211; BigCommerce"},"content":{"rendered":"\n<div class=\"application-platform-content-item-description application-platform-content-item\" id=\"description\" data-nav-section=\"description\"><h2>Descri\u00e7\u00e3o<\/h2><p>Incorpore em seu site uma variante confi\u00e1vel e de pagamento f\u00e1cil, sem muito esfor\u00e7o. Com o bot\u00e3o PayPal da Elfsight, \u00e9 f\u00e1cil receber pagamentos, assinaturas autom\u00e1ticas e doa\u00e7\u00f5es dos seus utilizadores. Construa seu pr\u00f3prio bot\u00e3o personalizado, escolhendo o tipo de pagamento, moeda, localiza\u00e7\u00e3o e adicionando op\u00e7\u00f5es de apar\u00eancia para torn\u00e1-lo verdadeiramente \u00fanico. Seus clientes desfrutar\u00e3o de pagamentos r\u00e1pidos e tranquilos em seu site com o bot\u00e3o PayPal.<\/p><p><b>Use todas as vantagens do PayPal para seus clientes e para voc\u00ea mesmo!<\/b><\/p><p><b> Uma variante de pagamento \u00fatil em seu site sem codifica\u00e7\u00e3o em um momento<\/b>.<br>Sua clientela desfrutar\u00e1 de pagamentos seguros em seu site. Integre o seu bot\u00e3o PayPal com a ajuda da Elfsight e voc\u00ea oferecer\u00e1 um procedimento de pagamento habitual e r\u00e1pido aos seus clientes. Sem codifica\u00e7\u00e3o, sem esfor\u00e7o.<\/p><p><b>Uma solu\u00e7\u00e3o universal para trabalhar com pagamentos, assinaturas e doa\u00e7\u00f5es<\/b>.<br>Com apenas um widget da Elfsight, voc\u00ea tem liberdade para criar bot\u00f5es para p\u00fablico para pagar, assinar e doar em seu site. Economize tempo e esfor\u00e7o e use uma solu\u00e7\u00e3o universal, que oferece um conjunto de variantes.<\/p><p><b>Uma das t\u00e9cnicas de pagamento mais conceituadas e populares em seu site<\/b>.<br>Fa\u00e7a o seu site realmente confort\u00e1vel para sua clientela aumentar as vendas. Permita que os usu\u00e1rios paguem por meio de um instrumento amplamente difundido e confi\u00e1vel em seu site e aumente a confian\u00e7a em sua empresa.<\/p><\/div><div class=\"application-platform-content-item-features application-platform-content-item\" id=\"features\" data-nav-section=\"features\"><h2>Recursos<\/h2><p>O que torna nossa ferramenta a melhor? Verifique quais recursos ele lhe dar\u00e1:<\/p><ul><li>Definir o pre\u00e7o do produto;<\/li><li>Escolha um dos intervalos de cobran\u00e7a: di\u00e1rio, semanal, mensal, anual;<\/li><li> Largura ajust\u00e1vel do bot\u00e3o;<\/li><li>Op\u00e7\u00f5es de borda do bot\u00e3o: tamanho, cor, raio;<\/li><li>Mostrar ou ocultar o \u00edcone do PayPal.<\/li><\/ul><p>Verifique todos os recursos em demonstra\u00e7\u00e3o ao vivo<\/p><p><\/div><\/p><div class=\"application-platform-content-item-installation application-platform-content-item\" id=\"installation\" data-nav-section=\"installation\"><h2>Como adicionar o aplicativo PayPal Button ao site BigCommerce<\/h2><div class=\"video-container\"><iframe width=\"560\" height=\"315\" src=\"https:\/\/www.youtube.com\/embed\/Z0hvb7AMfH4?si=GLiDNRjDThUP4WkW\" frameborder=\"0\" allow=\"accelerometer; autoplay; clipboard-write; encrypted-media; gyroscope; picture-in-picture; web-share\" allowfullscreen><\/iframe><\/div><p>Basta seguir estas etapas abaixo para incorporar o widget no BigCommerce.<\/p> <ol><li><b>Use nosso configurador gratuito e comece a criar seu pr\u00f3prio aplicativo. <\/b><br> Especifique o layout preferido e as caracter\u00edsticas funcionais do widget e salve as edi\u00e7\u00f5es. <\/li> <li><b>Adquira o c\u00f3digo pessoal revelado no formul\u00e1rio especial nas Apps Elfsight. <\/b><br> Quando a configura\u00e7\u00e3o do seu bot\u00e3o PayPal estiver conclu\u00edda, copie o c\u00f3digo pessoal na janela exibida e guarde-o para uso posterior. <\/li> <li><b>Iniciar a utiliza\u00e7\u00e3o da ferramenta no site BigCommerce. <\/b><br> Adicione o c\u00f3digo que voc\u00ea salvou recentemente em sua p\u00e1gina e salve as melhorias. <\/li> <li><b>Conclu\u00eddo! A configura\u00e7\u00e3o foi finalizada com sucesso. <\/b><br> Acesse seu site para avaliar o desempenho da ferramenta. <\/li><\/ol><p>Est\u00e1 tendo problemas para exibir o plugin ou personaliz\u00e1-lo? Entre em contato com nosso suporte ao cliente.<\/p><\/div><div class=\"faq\" data-component=\"FAQ\"><div class=\"faq-item\">\r\n\t\t\t\t\t<div class=\"faq-item-question\">\r\n\t\t\t\t\t\t<h3 class=\"faq-item-question-text\">De que forma posso incorporar um bot\u00e3o do PayPal ao meu site BigCommerce? <\/h3>\r\n\r\n\t\t\t\t\t\t<div class=\"faq-item-question-icon\"><\/div>\r\n\t\t\t\t\t<\/div>\r\n\r\n\t\t\t\t\t<div class=\"faq-item-answer\">\r\n\t\t\t\t\t\t<div class=\"faq-item-answer-text\"><p>O a cria\u00e7\u00e3o do widget ocorre dentro do servi\u00e7o Elfsight e voc\u00ea n\u00e3o precisa aprender a programar. Aplique nossa demonstra\u00e7\u00e3o ativa para ajustar seu pr\u00f3prio plugin, pegue o c\u00f3digo e cole-o em seu site. <\/p><\/div>\r\n\t\t\t\t\t<\/div>\r\n\t\t\t\t<\/div><div class=\"faq-item\">\r\n\t\t\t\t\t<div class=\"faq-item-question\">\r\n\t\t\t\t\t\t<h3 class=\"faq-item-question-text\">Os melhores exemplos de uso da integra\u00e7\u00e3o do PayPal<\/h3>\r\n\r\n\t\t\t\t\t\t<div class=\"faq-item-question-icon\"><\/div>\r\n\t\t\t\t\t<\/div>\r\n\r\n\t\t\t\t\t<div class=\"faq-item-answer\">\r\n\t\t\t\t\t\t<div class=\"faq-item-answer-text\"><p>Temos muitas possibilidades de ajuste: widgets em escala real para incorpora\u00e7\u00e3o na zona de conte\u00fado, plug-ins flutuantes com oportunidades de rolagem, layouts de rodap\u00e9, se\u00e7\u00e3o principal e todas as varia\u00e7\u00f5es de op\u00e7\u00f5es verticais para barras laterais e menus. <\/p><\/div>\r\n\t\t\t\t\t<\/div>\r\n\t\t\t\t<\/div><div class=\"faq-item\">\r\n\t\t\t\t\t<div class=\"faq-item-question\">\r\n\t\t\t\t\t\t<h3 class=\"faq-item-question-text\">Posso criar um bot\u00e3o de Doa\u00e7\u00e3o ou Assinatura do PayPal por meio do editor? <\/h3>\r\n\r\n\t\t\t\t\t\t<div class=\"faq-item-question-icon\"><\/div>\r\n\t\t\t\t\t<\/div>\r\n\r\n\t\t\t\t\t<div class=\"faq-item-answer\">\r\n\t\t\t\t\t\t<div class=\"faq-item-answer-text\"><p>Voc\u00ea pode moldar as modifica\u00e7\u00f5es de qualquer widget. H\u00e1 uma grande variedade de layouts \u00e0 sua disposi\u00e7\u00e3o no editor, e todos eles podem ser rapidamente personalizados do jeito que voc\u00ea precisa. <\/p><\/div>\r\n\t\t\t\t\t<\/div>\r\n\t\t\t\t<\/div><\/div>\n","protected":false},"excerpt":{"rendered":"","protected":false},"author":9,"featured_media":0,"parent":1038,"menu_order":0,"comment_status":"closed","ping_status":"closed","template":"templates\/template-application-platform.php","meta":{"publish_to_discourse":"","publish_post_category":"","wpdc_auto_publish_overridden":"","wpdc_topic_tags":"","wpdc_pin_topic":"","wpdc_pin_until":"","discourse_post_id":"","discourse_permalink":"","wpdc_publishing_response":"","wpdc_publishing_error":"","footnotes":""},"class_list":["post-11315","page","type-page","status-publish","hentry"],"yoast_head":"<!-- This site is optimized with the Yoast SEO plugin v25.3.1 - https:\/\/yoast.com\/wordpress\/plugins\/seo\/ -->\n<title>Bot\u00e3o PayPal - Adicione o aplicativo PayPal ao BigCommerce (integra\u00e7\u00e3o em 2 minutos!)<\/title>\n<meta name=\"description\" content=\"Obtenha seu aplicativo pessoal do PayPal Button para BigCommerce e exiba em seu site em apenas 2 minutos. Editor gratuito, ajuda na integra\u00e7\u00e3o e mais vantagens da Elfsight!\" \/>\n<meta name=\"robots\" content=\"index, follow, max-snippet:-1, max-image-preview:large, max-video-preview:-1\" \/>\n<link rel=\"canonical\" href=\"https:\/\/elfsight.com\/pt\/paypal-button-widget-generator\/bigcommerce\/\" \/>\n<meta property=\"og:locale\" content=\"pt_PT\" \/>\n<meta property=\"og:type\" content=\"article\" \/>\n<meta property=\"og:title\" content=\"Bot\u00e3o PayPal - Adicione o aplicativo PayPal ao BigCommerce (integra\u00e7\u00e3o em 2 minutos!)\" \/>\n<meta property=\"og:description\" content=\"Obtenha seu aplicativo pessoal do PayPal Button para BigCommerce e exiba em seu site em apenas 2 minutos. Editor gratuito, ajuda na integra\u00e7\u00e3o e mais vantagens da Elfsight!\" \/>\n<meta property=\"og:url\" content=\"https:\/\/elfsight.com\/pt\/paypal-button-widget-generator\/bigcommerce\/\" \/>\n<meta property=\"og:site_name\" content=\"Elfsight PT\" \/>\n<meta property=\"article:modified_time\" content=\"2025-03-04T10:41:59+00:00\" \/>\n<meta name=\"twitter:card\" content=\"summary_large_image\" \/>\n<meta name=\"twitter:label1\" content=\"Tempo estimado de leitura\" \/>\n\t<meta name=\"twitter:data1\" content=\"4 minutos\" \/>\n<!-- \/ Yoast SEO plugin. -->","yoast_head_json":{"title":"Bot\u00e3o PayPal - Adicione o aplicativo PayPal ao BigCommerce (integra\u00e7\u00e3o em 2 minutos!)","description":"Obtenha seu aplicativo pessoal do PayPal Button para BigCommerce e exiba em seu site em apenas 2 minutos. Editor gratuito, ajuda na integra\u00e7\u00e3o e mais vantagens da Elfsight!","robots":{"index":"index","follow":"follow","max-snippet":"max-snippet:-1","max-image-preview":"max-image-preview:large","max-video-preview":"max-video-preview:-1"},"canonical":"https:\/\/elfsight.com\/pt\/paypal-button-widget-generator\/bigcommerce\/","og_locale":"pt_PT","og_type":"article","og_title":"Bot\u00e3o PayPal - Adicione o aplicativo PayPal ao BigCommerce (integra\u00e7\u00e3o em 2 minutos!)","og_description":"Obtenha seu aplicativo pessoal do PayPal Button para BigCommerce e exiba em seu site em apenas 2 minutos. Editor gratuito, ajuda na integra\u00e7\u00e3o e mais vantagens da Elfsight!","og_url":"https:\/\/elfsight.com\/pt\/paypal-button-widget-generator\/bigcommerce\/","og_site_name":"Elfsight PT","article_modified_time":"2025-03-04T10:41:59+00:00","twitter_card":"summary_large_image","twitter_misc":{"Tempo estimado de leitura":"4 minutos"},"schema":{"@context":"https:\/\/schema.org","@graph":[{"@type":"WebPage","@id":"https:\/\/elfsight.com\/pt\/paypal-button-widget-generator\/bigcommerce\/","url":"https:\/\/elfsight.com\/pt\/paypal-button-widget-generator\/bigcommerce\/","name":"Bot\u00e3o PayPal - Adicione o aplicativo PayPal ao BigCommerce (integra\u00e7\u00e3o em 2 minutos!)","isPartOf":{"@id":"https:\/\/elfsight.com\/pt\/#website"},"datePublished":"2024-05-03T06:42:00+00:00","dateModified":"2025-03-04T10:41:59+00:00","description":"Obtenha seu aplicativo pessoal do PayPal Button para BigCommerce e exiba em seu site em apenas 2 minutos. Editor gratuito, ajuda na integra\u00e7\u00e3o e mais vantagens da Elfsight!","breadcrumb":{"@id":"https:\/\/elfsight.com\/pt\/paypal-button-widget-generator\/bigcommerce\/#breadcrumb"},"inLanguage":"pt-PT","potentialAction":[{"@type":"ReadAction","target":["https:\/\/elfsight.com\/pt\/paypal-button-widget-generator\/bigcommerce\/"]}]},{"@type":"BreadcrumbList","@id":"https:\/\/elfsight.com\/pt\/paypal-button-widget-generator\/bigcommerce\/#breadcrumb","itemListElement":[{"@type":"ListItem","position":1,"name":"Home","item":"https:\/\/elfsight.com\/pt\/"},{"@type":"ListItem","position":2,"name":"PayPal Button","item":"https:\/\/elfsight.com\/pt\/paypal-button-widget-generator\/"},{"@type":"ListItem","position":3,"name":"PayPal Button &#8211; BigCommerce"}]},{"@type":"WebSite","@id":"https:\/\/elfsight.com\/pt\/#website","url":"https:\/\/elfsight.com\/pt\/","name":"Elfsight PT","description":"Just another Elfsight Sites site","potentialAction":[{"@type":"SearchAction","target":{"@type":"EntryPoint","urlTemplate":"https:\/\/elfsight.com\/pt\/?s={search_term_string}"},"query-input":{"@type":"PropertyValueSpecification","valueRequired":true,"valueName":"search_term_string"}}],"inLanguage":"pt-PT"}]}},"meta_box":{"industry":"","seo_heading":"","heading":"","description":"","cta_heading":"","cta_description":"","application":"1383","h1":"Aplicativo BigCommerce PayPal Button","h1_caption":"Organize o pagamento com PayPal em seu site sem codifica\u00e7\u00e3o","application_category":[],"applications_title":"","applications_request_title":"","applications_request_button_text":"","hero_text":"","hero_video":"","hero_video_schema_markup":"","selling_points_title":"","selling_points_caption":"","selling_points":[],"selling_points_cta_text":"","features_title":"","features":"","ed_cta_examples_text":"","ed_cta_examples_hidden":"","ed_cta_demo_text":"","ed_cta_demo_hidden":"","why_caption":"","why_editor_title":"","why_editor_text":"","why_team_title":"","why_team_text":"","why_service_title":"","why_service_text":"","template_catalog_visible":"0","template_catalog_title":"","template_catalog_text":"","template_catalog_categories_visible":"","demo_title":"Crie seu aplicativo de bot\u00e3o do PayPal","demo_caption":"Configure seu bot\u00e3o PayPal e adicione-o ao seu site BigCommerce gratuitamente!","default_faq_hidden":"","app_template_category":[],"platform":"43","template_public_id":"","codecanyon_url":"","codecanyon_item_id":"","codecanyon_price":"","pricing_caption":"","pricing_elfsight_apps_hide_column":"","pricing_elfsight_apps_url":"","pricing_codecanyon_price_caption":"","integration_category":[],"integration_request_title":"","integration_request_cta":"","integration_platform":"","integrations":[],"platform_category":[],"video_schema_markup":"","price":"a partir de US$ 0\/m\u00eas","trial":"","benefits":[{"text":"Servi\u00e7o de instala\u00e7\u00e3o gratuito"},{"text":"Atendimento ao cliente competente"},{"text":"Garantia de reembolso de 14 dias"},{"text":"Atualiza\u00e7\u00f5es gratuitas vital\u00edcias"}],"button_url":"#demo","button_target_blank":"0","button_nofollow":"0","attributes":[{"name":"Instala\u00e7\u00f5es","content":"10,000 - 100,000"},{"name":"Responsivo","content":"Sim"},{"name":"Navegadores compat\u00edveis","content":"Firefox, Safari, Opera, Chrome, Edge"}],"tags":[],"tags_disable_links":"0","hide_more_platforms":"0","video_object":"","demo_hide_cta":"0","demo_hide_cloud_options":"0","pricing_title":"","pricing":[{"pricing_icon":"cloud","pricing_title":"Elfsight Apps","pricing_title_caption":"Software multiplataforma que funciona em qualquer site","pricing_price":"a partir de US$ 0\/m\u00eas","pricing_price_caption":"comece com um plano gratuito","pricing_benefits":[{"text":"Sites ilimitados"},{"text":"Suporte profissional e pontual"},{"text":"Suporte profissional e pontual"},{"text":"Design flex\u00edvel"}],"pricing_button_text":"Adicionar ao site","pricing_button_url":"#demo"}],"related_apps_title":"","related_apps_hidden":"0","author":"","image":[],"title":"","job":"","social_networks":[]},"_links":{"self":[{"href":"https:\/\/elfsight.com\/pt\/wp-json\/wp\/v2\/pages\/11315","targetHints":{"allow":["GET"]}}],"collection":[{"href":"https:\/\/elfsight.com\/pt\/wp-json\/wp\/v2\/pages"}],"about":[{"href":"https:\/\/elfsight.com\/pt\/wp-json\/wp\/v2\/types\/page"}],"author":[{"embeddable":true,"href":"https:\/\/elfsight.com\/pt\/wp-json\/wp\/v2\/users\/9"}],"replies":[{"embeddable":true,"href":"https:\/\/elfsight.com\/pt\/wp-json\/wp\/v2\/comments?post=11315"}],"version-history":[{"count":2,"href":"https:\/\/elfsight.com\/pt\/wp-json\/wp\/v2\/pages\/11315\/revisions"}],"predecessor-version":[{"id":14296,"href":"https:\/\/elfsight.com\/pt\/wp-json\/wp\/v2\/pages\/11315\/revisions\/14296"}],"up":[{"embeddable":true,"href":"https:\/\/elfsight.com\/pt\/wp-json\/wp\/v2\/pages\/1038"}],"wp:attachment":[{"href":"https:\/\/elfsight.com\/pt\/wp-json\/wp\/v2\/media?parent=11315"}],"curies":[{"name":"wp","href":"https:\/\/api.w.org\/{rel}","templated":true}]}}