{"id":11313,"date":"2024-05-03T06:41:40","date_gmt":"2024-05-03T06:41:40","guid":{"rendered":"https:\/\/elfsight.com\/pt\/?page_id=11313"},"modified":"2024-11-13T11:37:37","modified_gmt":"2024-11-13T11:37:37","slug":"woocommerce","status":"publish","type":"page","link":"https:\/\/elfsight.com\/pt\/paypal-button-widget-generator\/woocommerce\/","title":{"rendered":"PayPal Button &#8211; WooCommerce"},"content":{"rendered":"<div class=\"application-platform-content-item-description application-platform-content-item\" id=\"description\" data-nav-section=\"description\"><h2>Descri\u00e7\u00e3o<\/h2><p>O bot\u00e3o de pagamento da Elfsight oferece uma maneira simples de permitir que seus usu\u00e1rios paguem com PayPal em um site. Ele permite adicionar bot\u00f5es para pagamentos \u00fanicos, assinaturas autom\u00e1ticas e doa\u00e7\u00f5es. Existem op\u00e7\u00f5es para introduzir impostos e pre\u00e7o de entrega, escolher localiza\u00e7\u00e3o e moeda, adicionar call to action e ainda mais op\u00e7\u00f5es. Crie um m\u00e9todo de pagamento tranquilo e seguro para seus clientes usando uma das solu\u00e7\u00f5es de pagamento mais confi\u00e1veis \u200b\u200bem qualquer lugar.<\/p><p><b>Use todas as vantagens do PayPal para seus clientes e para voc\u00ea mesmo!<\/b><\/p><\/div> <div class=\"application-platform-content-item-features application-platform-content-item\" id=\"features\" data-nav-section=\"features\"><h2>A lista dos principais recursos do widget inclui:<\/h2><ul><li>Definir a localiza\u00e7\u00e3o do seu bot\u00e3o a partir da lista predefinida de pa\u00edses; <\/li><li>Defina seu intervalo de cobran\u00e7a personalizado, escolhendo o ciclo e o per\u00edodo de cobran\u00e7a, por exemplo, a cada tr\u00eas meses; <\/li><li>Tamanho responsivo para uma apar\u00eancia ideal em qualquer dispositivo; <\/li><li>Cor do logotipo do PayPal: original ou branco; <\/li><li>Mostrar ou ocultar o texto do logotipo do PayPal. <\/li><\/ul><p><a href=\"#demo\">Basta experimentar esta demonstra\u00e7\u00e3o para ver quanto vale o widget<\/a><\/p><\/div><div class=\"application-platform-content-item-installation application-platform-content-item\" id=\"installation\" data-nav-section=\"installation\"><h2>Como incorporo o bot\u00e3o PayPal em minha p\u00e1gina WooCommerce?<\/h2><p>Basta seguir as etapas apresentadas abaixo para inserir o plugin.<\/p><ol><li><b>Aplicando nosso plugin gratuito demo comece a criar seu pr\u00f3prio instrumento.<\/b><br>Escolha a apar\u00eancia e as op\u00e7\u00f5es desejadas do plugin e salve as modifica\u00e7\u00f5es.<\/li><li><b>Adquira seu c\u00f3digo individual exposto na janela dos aplicativos Elfsight. <\/b><br>Assim que terminar a customiza\u00e7\u00e3o do seu widget, copie o c\u00f3digo pessoal da caixa que surgiu e guarde-o para uso futuro.<\/li><li><b>Inicie a aplica\u00e7\u00e3o do plugin no WooCommerce site.<\/b><br>Coloque o c\u00f3digo copiado recentemente em sua p\u00e1gina web e aplique as corre\u00e7\u00f5es.<\/li><li><b>Pronto! A incorpora\u00e7\u00e3o foi finalizada com sucesso.<\/b><br>Acesse sua p\u00e1gina para observar o funcionamento do plugin.<\/li><\/ol><p>Se voc\u00ea encontrar alguma complica\u00e7\u00e3o, sinta-se \u00e0 vontade para entrar em contato com nossa equipe de suporte. . Os nossos consultores ter\u00e3o todo o prazer em resolver todas as dificuldades que possa ter com o produto.<\/p><div class=\"faq\" data-component=\"FAQ\"> <div class=\"faq-item\">\r\n\t\t\t\t\t<div class=\"faq-item-question\">\r\n\t\t\t\t\t\t<h3 class=\"faq-item-question-text\">Como adicionar um bot\u00e3o PayPal ao meu site WooCommerce sem conhecimentos de codifica\u00e7\u00e3o?<\/h3>\r\n\r\n\t\t\t\t\t\t<div class=\"faq-item-question-icon\"><\/div>\r\n\t\t\t\t\t<\/div>\r\n\r\n\t\t\t\t\t<div class=\"faq-item-answer\">\r\n\t\t\t\t\t\t<div class=\"faq-item-answer-text\"> <p>A Elfsight fornece uma solu\u00e7\u00e3o SaaS que permite criar voc\u00ea mesmo um widget de bot\u00e3o do PayPal, veja como o processo \u00e9 f\u00e1cil: Trabalhe diretamente no Editor online para criar um widget de bot\u00e3o do PayPal que voc\u00ea gostaria de ver em seu site WooCommerce. Escolha um dos modelos predefinidos e ajuste as configura\u00e7\u00f5es do bot\u00e3o do PayPal, adicione seu conte\u00fado, altere o layout e as cores sem nenhuma habilidade de codifica\u00e7\u00e3o. Salve o bot\u00e3o PayPal e copie seu c\u00f3digo de instala\u00e7\u00e3o, que voc\u00ea pode incorporar facilmente em seu site WooCommerce sem a necessidade de adquirir um plano pago. Com nosso editor intuitivo, qualquer usu\u00e1rio da Internet pode criar um widget de bot\u00e3o do PayPal online e incorpor\u00e1-lo facilmente ao seu site WooCommerce. N\u00e3o h\u00e1 necessidade de pagar ou inserir as credenciais do seu cart\u00e3o para acessar o servi\u00e7o. Se voc\u00ea enfrentar qualquer problema em qualquer etapa, n\u00e3o hesite em entrar em contato com nossa equipe de suporte t\u00e9cnico.<\/p> <\/div>\r\n\t\t\t\t\t<\/div>\r\n\t\t\t\t<\/div> <\/div> <\/div>","protected":false},"excerpt":{"rendered":"","protected":false},"author":9,"featured_media":0,"parent":1038,"menu_order":0,"comment_status":"closed","ping_status":"closed","template":"templates\/template-application-platform.php","meta":{"publish_to_discourse":"","publish_post_category":"","wpdc_auto_publish_overridden":"","wpdc_topic_tags":"","wpdc_pin_topic":"","wpdc_pin_until":"","discourse_post_id":"","discourse_permalink":"","wpdc_publishing_response":"","wpdc_publishing_error":"","footnotes":""},"class_list":["post-11313","page","type-page","status-publish","hentry"],"yoast_head":"<!-- This site is optimized with the Yoast SEO plugin v25.3.1 - https:\/\/yoast.com\/wordpress\/plugins\/seo\/ -->\n<title>Plug-in WooCommerce PayPal Button para seu site (2025)<\/title>\n<meta name=\"description\" content=\"Voc\u00ea pode ajustar o plugin do bot\u00e3o PayPal agora mesmo e introduzi-lo em seu site WooCommerce diretamente da demonstra\u00e7\u00e3o ao vivo.\" \/>\n<meta name=\"robots\" content=\"index, follow, max-snippet:-1, max-image-preview:large, max-video-preview:-1\" \/>\n<link rel=\"canonical\" href=\"https:\/\/elfsight.com\/pt\/paypal-button-widget-generator\/woocommerce\/\" \/>\n<meta property=\"og:locale\" content=\"pt_PT\" \/>\n<meta property=\"og:type\" content=\"article\" \/>\n<meta property=\"og:title\" content=\"Plug-in WooCommerce PayPal Button para seu site (2025)\" \/>\n<meta property=\"og:description\" content=\"Voc\u00ea pode ajustar o plugin do bot\u00e3o PayPal agora mesmo e introduzi-lo em seu site WooCommerce diretamente da demonstra\u00e7\u00e3o ao vivo.\" \/>\n<meta property=\"og:url\" content=\"https:\/\/elfsight.com\/pt\/paypal-button-widget-generator\/woocommerce\/\" \/>\n<meta property=\"og:site_name\" content=\"Elfsight PT\" \/>\n<meta property=\"article:modified_time\" content=\"2024-11-13T11:37:37+00:00\" \/>\n<meta name=\"twitter:card\" content=\"summary_large_image\" \/>\n<meta name=\"twitter:label1\" content=\"Tempo estimado de leitura\" \/>\n\t<meta name=\"twitter:data1\" content=\"3 minutos\" \/>\n<!-- \/ Yoast SEO plugin. -->","yoast_head_json":{"title":"Plug-in WooCommerce PayPal Button para seu site (2025)","description":"Voc\u00ea pode ajustar o plugin do bot\u00e3o PayPal agora mesmo e introduzi-lo em seu site WooCommerce diretamente da demonstra\u00e7\u00e3o ao vivo.","robots":{"index":"index","follow":"follow","max-snippet":"max-snippet:-1","max-image-preview":"max-image-preview:large","max-video-preview":"max-video-preview:-1"},"canonical":"https:\/\/elfsight.com\/pt\/paypal-button-widget-generator\/woocommerce\/","og_locale":"pt_PT","og_type":"article","og_title":"Plug-in WooCommerce PayPal Button para seu site (2025)","og_description":"Voc\u00ea pode ajustar o plugin do bot\u00e3o PayPal agora mesmo e introduzi-lo em seu site WooCommerce diretamente da demonstra\u00e7\u00e3o ao vivo.","og_url":"https:\/\/elfsight.com\/pt\/paypal-button-widget-generator\/woocommerce\/","og_site_name":"Elfsight PT","article_modified_time":"2024-11-13T11:37:37+00:00","twitter_card":"summary_large_image","twitter_misc":{"Tempo estimado de leitura":"3 minutos"},"schema":{"@context":"https:\/\/schema.org","@graph":[{"@type":"WebPage","@id":"https:\/\/elfsight.com\/pt\/paypal-button-widget-generator\/woocommerce\/","url":"https:\/\/elfsight.com\/pt\/paypal-button-widget-generator\/woocommerce\/","name":"Plug-in WooCommerce PayPal Button para seu site (2025)","isPartOf":{"@id":"https:\/\/elfsight.com\/pt\/#website"},"datePublished":"2024-05-03T06:41:40+00:00","dateModified":"2024-11-13T11:37:37+00:00","description":"Voc\u00ea pode ajustar o plugin do bot\u00e3o PayPal agora mesmo e introduzi-lo em seu site WooCommerce diretamente da demonstra\u00e7\u00e3o ao vivo.","breadcrumb":{"@id":"https:\/\/elfsight.com\/pt\/paypal-button-widget-generator\/woocommerce\/#breadcrumb"},"inLanguage":"pt-PT","potentialAction":[{"@type":"ReadAction","target":["https:\/\/elfsight.com\/pt\/paypal-button-widget-generator\/woocommerce\/"]}]},{"@type":"BreadcrumbList","@id":"https:\/\/elfsight.com\/pt\/paypal-button-widget-generator\/woocommerce\/#breadcrumb","itemListElement":[{"@type":"ListItem","position":1,"name":"Home","item":"https:\/\/elfsight.com\/pt\/"},{"@type":"ListItem","position":2,"name":"PayPal Button","item":"https:\/\/elfsight.com\/pt\/paypal-button-widget-generator\/"},{"@type":"ListItem","position":3,"name":"PayPal Button &#8211; WooCommerce"}]},{"@type":"WebSite","@id":"https:\/\/elfsight.com\/pt\/#website","url":"https:\/\/elfsight.com\/pt\/","name":"Elfsight PT","description":"Just another Elfsight Sites site","potentialAction":[{"@type":"SearchAction","target":{"@type":"EntryPoint","urlTemplate":"https:\/\/elfsight.com\/pt\/?s={search_term_string}"},"query-input":{"@type":"PropertyValueSpecification","valueRequired":true,"valueName":"search_term_string"}}],"inLanguage":"pt-PT"}]}},"meta_box":{"industry":"","seo_heading":"","heading":"","description":"","cta_heading":"","cta_description":"","application":"1383","h1":"Plug-in do bot\u00e3o WooCommerce PayPal","h1_caption":"Instale um dos instrumentos de pagamento mais populares no seu site","application_category":[],"applications_title":"","applications_request_title":"","applications_request_button_text":"","hero_text":"","hero_video":"","hero_video_schema_markup":"","selling_points_title":"","selling_points_caption":"","selling_points":[],"selling_points_cta_text":"","features_title":"","features":"","ed_cta_examples_text":"","ed_cta_examples_hidden":"","ed_cta_demo_text":"","ed_cta_demo_hidden":"","why_caption":"","why_editor_title":"","why_editor_text":"","why_team_title":"","why_team_text":"","why_service_title":"","why_service_text":"","template_catalog_visible":"","template_catalog_title":"","template_catalog_text":"","template_catalog_categories_visible":"","demo_title":"Crie seu aplicativo de bot\u00e3o do PayPal","demo_caption":"Configure seu bot\u00e3o PayPal e adicione-o ao seu site WooCommerce gratuitamente!","default_faq_hidden":"","app_template_category":[],"platform":"4920","template_public_id":"","codecanyon_url":"","codecanyon_item_id":"","codecanyon_price":"","pricing_caption":"","pricing_elfsight_apps_hide_column":"","pricing_elfsight_apps_url":"","pricing_codecanyon_price_caption":"","integration_category":[],"integration_request_title":"","integration_request_cta":"","integration_platform":"","integrations":[],"platform_category":[],"video_schema_markup":"","price":"a partir de US$ 0\/m\u00eas","trial":"","benefits":[{"text":"Assist\u00eancia de instala\u00e7\u00e3o gratuita"},{"text":"Atendimento ao cliente competente"},{"text":"Garantia de reembolso de 14 dias"},{"text":"Melhorias cont\u00ednuas"}],"button_url":"#demo","button_target_blank":"","button_nofollow":"","attributes":[{"name":"Instala\u00e7\u00f5es","content":"10,000 - 100,000"},{"name":"Responsivo","content":"Sim"},{"name":"Navegadores compat\u00edveis","content":"Firefox, Safari, Opera, Chrome, Edge"}],"tags":[],"tags_disable_links":"","hide_more_platforms":"","video_object":"","demo_hide_cta":"","demo_hide_cloud_options":"","pricing_title":"","pricing":[{"pricing_icon":"platform","pricing_title":"Elfsight Apps","pricing_title_caption":"Solu\u00e7\u00e3o digital independente de plataforma que se adapta a qualquer site","pricing_price":"a partir de US$ 0\/m\u00eas","pricing_price_caption":"comece com um plano gratuito","pricing_benefits":[{"text":"Sites ilimitados"},{"text":"Suporte ao cliente 24 horas por dia, 7 dias por semana"},{"text":"Suporte ao cliente 24 horas por dia, 7 dias por semana"},{"text":"100% personaliz\u00e1vel"}],"pricing_button_text":"Adicionar ao site","pricing_button_url":"#demo"}],"related_apps_title":"","related_apps_hidden":"","author":"","image":[],"title":"","job":"","social_networks":[]},"_links":{"self":[{"href":"https:\/\/elfsight.com\/pt\/wp-json\/wp\/v2\/pages\/11313","targetHints":{"allow":["GET"]}}],"collection":[{"href":"https:\/\/elfsight.com\/pt\/wp-json\/wp\/v2\/pages"}],"about":[{"href":"https:\/\/elfsight.com\/pt\/wp-json\/wp\/v2\/types\/page"}],"author":[{"embeddable":true,"href":"https:\/\/elfsight.com\/pt\/wp-json\/wp\/v2\/users\/9"}],"replies":[{"embeddable":true,"href":"https:\/\/elfsight.com\/pt\/wp-json\/wp\/v2\/comments?post=11313"}],"version-history":[{"count":1,"href":"https:\/\/elfsight.com\/pt\/wp-json\/wp\/v2\/pages\/11313\/revisions"}],"predecessor-version":[{"id":11317,"href":"https:\/\/elfsight.com\/pt\/wp-json\/wp\/v2\/pages\/11313\/revisions\/11317"}],"up":[{"embeddable":true,"href":"https:\/\/elfsight.com\/pt\/wp-json\/wp\/v2\/pages\/1038"}],"wp:attachment":[{"href":"https:\/\/elfsight.com\/pt\/wp-json\/wp\/v2\/media?parent=11313"}],"curies":[{"name":"wp","href":"https:\/\/api.w.org\/{rel}","templated":true}]}}