{"id":11308,"date":"2024-05-03T06:41:38","date_gmt":"2024-05-03T06:41:38","guid":{"rendered":"https:\/\/elfsight.com\/pt\/?page_id=11308"},"modified":"2025-03-04T11:03:41","modified_gmt":"2025-03-04T11:03:41","slug":"google-sites","status":"publish","type":"page","link":"https:\/\/elfsight.com\/pt\/paypal-button-widget-generator\/google-sites\/","title":{"rendered":"PayPal Button &#8211; Google Sites"},"content":{"rendered":"\n<div class=\"application-platform-content-item-description application-platform-content-item\" id=\"description\" data-nav-section=\"description\"> <h2>Incorpore o bot\u00e3o PayPal no Google Sites com o widget Elfsight<\/h2> <p>Organize um pagamento confi\u00e1vel e pr\u00e1tico em seu site sem muito esfor\u00e7o . Com o Elfsight PayPal Button para Google Sites, voc\u00ea pode aceitar checkouts, assinaturas recorrentes e doa\u00e7\u00f5es de seus clientes. Crie seu pr\u00f3prio bot\u00e3o personalizado, escolhendo a variante de pagamento, moeda, localiza\u00e7\u00e3o e escolhendo a apar\u00eancia para torn\u00e1-lo verdadeiramente \u00fanico. Sua clientela vai gostar de pagar de forma r\u00e1pida e confort\u00e1vel em seu site atrav\u00e9s do bot\u00e3o PayPal. <\/p> <p><b>Com o bot\u00e3o PayPal, alcance um forte desenvolvimento de neg\u00f3cios e maiores vendas <\/b><\/p> <\/div> <div class=\"application-platform-content-item-features application-platform-content-item\" id=\"features\" data-nav-section=\"features\"> <h2>Aqui est\u00e3o os principais recursos do widget: <\/h2> <ul><li>Op\u00e7\u00e3o para adicionar nome do produto; <\/li><li>Escolha um dos intervalos de cobran\u00e7a: di\u00e1rio, semanal, mensal, anual; <\/li><li>Tamanho responsivo para uma apar\u00eancia ideal em qualquer dispositivo; <\/li><li>Escolha da cor do bot\u00e3o; <\/li><li>Op\u00e7\u00e3o para direcionar um cliente para uma p\u00e1gina de agradecimento personalizada ap\u00f3s uma transa\u00e7\u00e3o bem-sucedida. <\/li><\/ul> <p><a href=\"#demo\">Voc\u00ea pode testar a funcionalidade completa do widget na demonstra\u00e7\u00e3o nesta p\u00e1gina<\/a><\/p> <\/div> <div class=\"application-platform-content-item-instala\u00e7\u00e3o application-platform-content-item\" id=\"instala\u00e7\u00e3o\" data-nav-section=\"instala\u00e7\u00e3o\"> <h2>Como incorporar o bot\u00e3o PayPal em meu site do Google Sites? <\/h2> <div class=\"video-container\"><iframe width=\"720\" height=\"405\" src=\"https:\/\/www.youtube.com\/embed\/pPURt_KdRo8\" frameborder=\"0\" allowfullscreen=\"\"><\/iframe><\/div><p>Basta seguir as instru\u00e7\u00f5es abaixo para come\u00e7ar a usar a ferramenta. <\/p> <ol><li><b>Abra nossa demonstra\u00e7\u00e3o gratuita e comece a criar seu widget personalizado. <\/b><br> Especifique o formato e as especifica\u00e7\u00f5es adequadas do widget e aplique as edi\u00e7\u00f5es. <\/li> <li><b>Obtenha seu c\u00f3digo individual aparecendo no formul\u00e1rio especial nos aplicativos da Elfsight. <\/b><br> Logo ap\u00f3s finalizar a configura\u00e7\u00e3o do seu plugin pessoal, copie o c\u00f3digo exclusivo no popup exibido e guarde-o para uso posterior. <\/li> <li><b>Inicie o uso do widget na p\u00e1gina inicial do Google Sites. <\/b><br> Cole o c\u00f3digo que voc\u00ea salvou recentemente em seu site e salve as modifica\u00e7\u00f5es. <\/li> <li><b>A instala\u00e7\u00e3o foi finalizada com sucesso. <\/b><br> Acesse seu site para inspecionar como a ferramenta est\u00e1 funcionando. <\/li><\/ol> <div class=\"tip-yellow tip\"><b>Devido \u00e0s peculiaridades do funcionamento do Google Sites, o widget pode ter uma apar\u00eancia diferente da demonstra\u00e7\u00e3o on-line. Pedimos desculpas por qualquer inconveniente causado.<\/b><\/div><p>Caso tenha d\u00favidas ou encontre quaisquer obst\u00e1culos, entre em contato com nossa equipe de atendimento ao cliente. Nosso pessoal ficar\u00e1 animado para resolver todas as dificuldades que voc\u00ea possa ter com a ferramenta. <\/p><div class=\"faq\" data-component=\"FAQ\"> <div class=\"faq-item\">\r\n\t\t\t\t\t<div class=\"faq-item-question\">\r\n\t\t\t\t\t\t<h3 class=\"faq-item-question-text\">Como adicionar um bot\u00e3o do PayPal ao meu site do Google Sites sem conhecimentos de codifica\u00e7\u00e3o?<\/h3>\r\n\r\n\t\t\t\t\t\t<div class=\"faq-item-question-icon\"><\/div>\r\n\t\t\t\t\t<\/div>\r\n\r\n\t\t\t\t\t<div class=\"faq-item-answer\">\r\n\t\t\t\t\t\t<div class=\"faq-item-answer-text\"> <p>A Elfsight fornece uma solu\u00e7\u00e3o SaaS que permite criar voc\u00ea mesmo um widget de bot\u00e3o do PayPal. Veja como \u00e9 f\u00e1cil o processo \u00e9: Trabalhe diretamente no Editor on-line para criar um widget de bot\u00e3o do PayPal que voc\u00ea gostaria de ver em seu site do Google Sites. Escolha um dos modelos predefinidos e ajuste as configura\u00e7\u00f5es do bot\u00e3o do PayPal, adicione seu conte\u00fado, altere o layout e as cores sem habilidades de codifica\u00e7\u00e3o. Salve o bot\u00e3o do PayPal e copie seu c\u00f3digo de instala\u00e7\u00e3o, que voc\u00ea pode colar facilmente em seu site do Google Sites sem a necessidade de adquirir um plano pago. Com nosso editor intuitivo, qualquer usu\u00e1rio da Internet pode criar um widget de bot\u00e3o do PayPal on-line e incorpor\u00e1-lo facilmente ao site do Google Sites. N\u00e3o h\u00e1 necessidade de pagar ou inserir as credenciais do seu cart\u00e3o para acessar o servi\u00e7o. Se voc\u00ea enfrentar qualquer problema em qualquer etapa, n\u00e3o hesite em entrar em contato com nossa equipe de suporte t\u00e9cnico.<\/p> <\/div>\r\n\t\t\t\t\t<\/div>\r\n\t\t\t\t<\/div> <\/div> <\/div>\n","protected":false},"excerpt":{"rendered":"","protected":false},"author":9,"featured_media":0,"parent":1038,"menu_order":0,"comment_status":"closed","ping_status":"closed","template":"templates\/template-application-platform.php","meta":{"publish_to_discourse":"","publish_post_category":"","wpdc_auto_publish_overridden":"","wpdc_topic_tags":"","wpdc_pin_topic":"","wpdc_pin_until":"","discourse_post_id":"","discourse_permalink":"","wpdc_publishing_response":"","wpdc_publishing_error":"","footnotes":""},"class_list":["post-11308","page","type-page","status-publish","hentry"],"yoast_head":"<!-- This site is optimized with the Yoast SEO plugin v25.3.1 - https:\/\/yoast.com\/wordpress\/plugins\/seo\/ -->\n<title>Bot\u00e3o PayPal - Adicionar widget de bot\u00e3o PayPal ao Google Sites (2025)<\/title>\n<meta name=\"description\" content=\"Obtenha um plugin personalizado para o site do Google Sites. Leva apenas 2 minutos para criar um plugin em nosso pr\u00e1tico painel de plugins com apenas alguns cliques.\" \/>\n<meta name=\"robots\" content=\"index, follow, max-snippet:-1, max-image-preview:large, max-video-preview:-1\" \/>\n<link rel=\"canonical\" href=\"https:\/\/elfsight.com\/pt\/paypal-button-widget-generator\/google-sites\/\" \/>\n<meta property=\"og:locale\" content=\"pt_PT\" \/>\n<meta property=\"og:type\" content=\"article\" \/>\n<meta property=\"og:title\" content=\"Bot\u00e3o PayPal - Adicionar widget de bot\u00e3o PayPal ao Google Sites (2025)\" \/>\n<meta property=\"og:description\" content=\"Obtenha um plugin personalizado para o site do Google Sites. Leva apenas 2 minutos para criar um plugin em nosso pr\u00e1tico painel de plugins com apenas alguns cliques.\" \/>\n<meta property=\"og:url\" content=\"https:\/\/elfsight.com\/pt\/paypal-button-widget-generator\/google-sites\/\" \/>\n<meta property=\"og:site_name\" content=\"Elfsight PT\" \/>\n<meta property=\"article:modified_time\" content=\"2025-03-04T11:03:41+00:00\" \/>\n<meta name=\"twitter:card\" content=\"summary_large_image\" \/>\n<meta name=\"twitter:label1\" content=\"Tempo estimado de leitura\" \/>\n\t<meta name=\"twitter:data1\" content=\"3 minutos\" \/>\n<!-- \/ Yoast SEO plugin. -->","yoast_head_json":{"title":"Bot\u00e3o PayPal - Adicionar widget de bot\u00e3o PayPal ao Google Sites (2025)","description":"Obtenha um plugin personalizado para o site do Google Sites. Leva apenas 2 minutos para criar um plugin em nosso pr\u00e1tico painel de plugins com apenas alguns cliques.","robots":{"index":"index","follow":"follow","max-snippet":"max-snippet:-1","max-image-preview":"max-image-preview:large","max-video-preview":"max-video-preview:-1"},"canonical":"https:\/\/elfsight.com\/pt\/paypal-button-widget-generator\/google-sites\/","og_locale":"pt_PT","og_type":"article","og_title":"Bot\u00e3o PayPal - Adicionar widget de bot\u00e3o PayPal ao Google Sites (2025)","og_description":"Obtenha um plugin personalizado para o site do Google Sites. Leva apenas 2 minutos para criar um plugin em nosso pr\u00e1tico painel de plugins com apenas alguns cliques.","og_url":"https:\/\/elfsight.com\/pt\/paypal-button-widget-generator\/google-sites\/","og_site_name":"Elfsight PT","article_modified_time":"2025-03-04T11:03:41+00:00","twitter_card":"summary_large_image","twitter_misc":{"Tempo estimado de leitura":"3 minutos"},"schema":{"@context":"https:\/\/schema.org","@graph":[{"@type":"WebPage","@id":"https:\/\/elfsight.com\/pt\/paypal-button-widget-generator\/google-sites\/","url":"https:\/\/elfsight.com\/pt\/paypal-button-widget-generator\/google-sites\/","name":"Bot\u00e3o PayPal - Adicionar widget de bot\u00e3o PayPal ao Google Sites (2025)","isPartOf":{"@id":"https:\/\/elfsight.com\/pt\/#website"},"datePublished":"2024-05-03T06:41:38+00:00","dateModified":"2025-03-04T11:03:41+00:00","description":"Obtenha um plugin personalizado para o site do Google Sites. Leva apenas 2 minutos para criar um plugin em nosso pr\u00e1tico painel de plugins com apenas alguns cliques.","breadcrumb":{"@id":"https:\/\/elfsight.com\/pt\/paypal-button-widget-generator\/google-sites\/#breadcrumb"},"inLanguage":"pt-PT","potentialAction":[{"@type":"ReadAction","target":["https:\/\/elfsight.com\/pt\/paypal-button-widget-generator\/google-sites\/"]}]},{"@type":"BreadcrumbList","@id":"https:\/\/elfsight.com\/pt\/paypal-button-widget-generator\/google-sites\/#breadcrumb","itemListElement":[{"@type":"ListItem","position":1,"name":"Home","item":"https:\/\/elfsight.com\/pt\/"},{"@type":"ListItem","position":2,"name":"PayPal Button","item":"https:\/\/elfsight.com\/pt\/paypal-button-widget-generator\/"},{"@type":"ListItem","position":3,"name":"PayPal Button &#8211; Google Sites"}]},{"@type":"WebSite","@id":"https:\/\/elfsight.com\/pt\/#website","url":"https:\/\/elfsight.com\/pt\/","name":"Elfsight PT","description":"Just another Elfsight Sites site","potentialAction":[{"@type":"SearchAction","target":{"@type":"EntryPoint","urlTemplate":"https:\/\/elfsight.com\/pt\/?s={search_term_string}"},"query-input":{"@type":"PropertyValueSpecification","valueRequired":true,"valueName":"search_term_string"}}],"inLanguage":"pt-PT"}]}},"meta_box":{"industry":"","seo_heading":"","heading":"","description":"","cta_heading":"","cta_description":"","application":"1383","h1":"Widget do bot\u00e3o PayPal do Google Sites","h1_caption":"Aceite pagamentos \u00fanicos, assinaturas e doa\u00e7\u00f5es em seu site via PayPal","application_category":[],"applications_title":"","applications_request_title":"","applications_request_button_text":"","hero_text":"","hero_video":"","hero_video_schema_markup":"","selling_points_title":"","selling_points_caption":"","selling_points":[],"selling_points_cta_text":"","features_title":"","features":"","ed_cta_examples_text":"","ed_cta_examples_hidden":"","ed_cta_demo_text":"","ed_cta_demo_hidden":"","why_caption":"","why_editor_title":"","why_editor_text":"","why_team_title":"","why_team_text":"","why_service_title":"","why_service_text":"","template_catalog_visible":"0","template_catalog_title":"","template_catalog_text":"","template_catalog_categories_visible":"","demo_title":"Crie seu widget de bot\u00e3o do PayPal","demo_caption":"Configure seu bot\u00e3o do PayPal e adicione-o ao seu site do Google Sites gratuitamente!","default_faq_hidden":"","app_template_category":[],"platform":"112","template_public_id":"","codecanyon_url":"","codecanyon_item_id":"","codecanyon_price":"","pricing_caption":"","pricing_elfsight_apps_hide_column":"","pricing_elfsight_apps_url":"","pricing_codecanyon_price_caption":"","integration_category":[],"integration_request_title":"","integration_request_cta":"","integration_platform":"","integrations":[],"platform_category":[],"video_schema_markup":"","price":"a partir de US$ 0\/m\u00eas","trial":"","benefits":[{"text":"Ajuda de instala\u00e7\u00e3o gratuita"},{"text":"Atendimento ao cliente eficaz"},{"text":"Garantia de reembolso de 14 dias"},{"text":"Desenvolvimento cont\u00ednuo"}],"button_url":"#demo","button_target_blank":"0","button_nofollow":"0","attributes":[{"name":"Instala\u00e7\u00f5es","content":"10,000 - 100,000"},{"name":"Responsivo","content":"Sim"},{"name":"Navegadores compat\u00edveis","content":"Safari, Opera, Firefox, Chrome, Edge"}],"tags":[],"tags_disable_links":"0","hide_more_platforms":"0","video_object":"","demo_hide_cta":"0","demo_hide_cloud_options":"0","pricing_title":"","pricing":[{"pricing_icon":"platform","pricing_title":"Elfsight Apps","pricing_title_caption":"Solu\u00e7\u00e3o digital multiplataforma","pricing_price":"a partir de US$ 0\/m\u00eas","pricing_price_caption":"comece com plano gratuito","pricing_benefits":[{"text":"Dom\u00ednios ilimitados"},{"text":"Suporte profissional"},{"text":"Suporte profissional"},{"text":"Design flex\u00edvel"}],"pricing_button_text":"Adicionar ao site","pricing_button_url":"#demo"}],"related_apps_title":"","related_apps_hidden":"0","author":"","image":[],"title":"","job":"","social_networks":[]},"_links":{"self":[{"href":"https:\/\/elfsight.com\/pt\/wp-json\/wp\/v2\/pages\/11308","targetHints":{"allow":["GET"]}}],"collection":[{"href":"https:\/\/elfsight.com\/pt\/wp-json\/wp\/v2\/pages"}],"about":[{"href":"https:\/\/elfsight.com\/pt\/wp-json\/wp\/v2\/types\/page"}],"author":[{"embeddable":true,"href":"https:\/\/elfsight.com\/pt\/wp-json\/wp\/v2\/users\/9"}],"replies":[{"embeddable":true,"href":"https:\/\/elfsight.com\/pt\/wp-json\/wp\/v2\/comments?post=11308"}],"version-history":[{"count":3,"href":"https:\/\/elfsight.com\/pt\/wp-json\/wp\/v2\/pages\/11308\/revisions"}],"predecessor-version":[{"id":14305,"href":"https:\/\/elfsight.com\/pt\/wp-json\/wp\/v2\/pages\/11308\/revisions\/14305"}],"up":[{"embeddable":true,"href":"https:\/\/elfsight.com\/pt\/wp-json\/wp\/v2\/pages\/1038"}],"wp:attachment":[{"href":"https:\/\/elfsight.com\/pt\/wp-json\/wp\/v2\/media?parent=11308"}],"curies":[{"name":"wp","href":"https:\/\/api.w.org\/{rel}","templated":true}]}}