{"id":11306,"date":"2024-05-03T06:41:35","date_gmt":"2024-05-03T06:41:35","guid":{"rendered":"https:\/\/elfsight.com\/pt\/?page_id=11306"},"modified":"2024-11-12T15:28:34","modified_gmt":"2024-11-12T15:28:34","slug":"jimdo","status":"publish","type":"page","link":"https:\/\/elfsight.com\/pt\/paypal-button-widget-generator\/jimdo\/","title":{"rendered":"PayPal Button &#8211; Jimdo"},"content":{"rendered":"<div class=\"application-platform-content-item-description application-platform-content-item\" id=\"description\" data-nav-section=\"description\"> <h2>Descri\u00e7\u00e3o<\/h2> <p>O Elfsight PayPal Button oferece uma maneira descomplicada de permitir que sua clientela fa\u00e7a pagamentos atrav\u00e9s do PayPal em seu site. Ajuda adicionando bot\u00f5es para checkouts, assinaturas e doa\u00e7\u00f5es. Voc\u00ea pode adicionar impostos e pre\u00e7o de frete, escolher localiza\u00e7\u00e3o e moeda, exibir texto e muito mais. Inicie um procedimento de pagamento claro e seguro para o seu p\u00fablico usando uma das ferramentas de pagamento mais comprovadas com a maior rapidez poss\u00edvel. Incorpore um sistema de pagamento comprovado e descomplicado em seu site sem muito esfor\u00e7o. Com o Elfsight PayPal Button, voc\u00ea pode aceitar pagamentos \u00fanicos, assinaturas autom\u00e1ticas e doa\u00e7\u00f5es de seus usu\u00e1rios. Obtenha seu pr\u00f3prio bot\u00e3o personalizado, escolhendo a forma de pagamento, moeda, localiza\u00e7\u00e3o e personalizando o visual para torn\u00e1-lo verdadeiramente \u00fanico. Sua clientela vai gostar de pagar de forma r\u00e1pida e tranquila em seu site por meio do bot\u00e3o PayPal. <\/p><p><b>Torne seu site mais bem-sucedido para tarefas de com\u00e9rcio eletr\u00f4nico com a ajuda do bot\u00e3o PayPal.<\/b><\/p> <\/div> <div class=\"application-platform-content-item-features application-platform-content-item\" id=\"features\" data-nav-section=\"features\"> <h2> Oferecemos recursos poderosos e r\u00e1pidos, veja alguns deles: <\/h2> <ul><li>Tr\u00eas tipos de bot\u00f5es: Pagamento \u00fanico, Assinatura, Doa\u00e7\u00e3o<\/li><li>Adicionar nome do produto<\/li><li> Uma biblioteca com todas as moedas mais populares<\/li><li>Defini\u00e7\u00e3o do pre\u00e7o do produto<\/li><li>Op\u00e7\u00e3o para definir o pre\u00e7o do frete<\/li><li>Duas variantes de indica\u00e7\u00e3o de imposto: fixa ou percentual<\/li> <li>Escolha um dos intervalos de cobran\u00e7a: di\u00e1rio, mensal, anual, semanal<\/li><li>Op\u00e7\u00e3o de assinatura recorrente <\/li><li>Mostrar ou ocultar o \u00edcone do PayPal<\/li><li>Defina qualquer texto acima o bot\u00e3o usando o cabe\u00e7alho do bot\u00e3o<\/li><li>Op\u00e7\u00e3o para direcionar um cliente para uma p\u00e1gina de agradecimento personalizada ap\u00f3s uma transa\u00e7\u00e3o bem-sucedida<\/li><\/ul><p><a href=\"#demo\">Explore todos os op\u00e7\u00f5es de personaliza\u00e7\u00e3o em demonstra\u00e7\u00e3o completa<\/a><\/p> <\/div> <div class=\"application-platform-content-item-installation application-platform-content-item\" id=\"installation\" data-nav-section=\"installation\"> <h2>Como adicionar o bot\u00e3o PayPal \u00e0 minha p\u00e1gina Jimdo? <\/h2> <p>Basta seguir as etapas descritas abaixo para ativar o widget. <\/p> <ol><li><b>Inicie nosso editor gratuito e comece a moldar seu instrumento personalizado. <\/b><br> Determine a apar\u00eancia preferida e as caracter\u00edsticas funcionais da ferramenta e salve as corre\u00e7\u00f5es. <\/li> <li><b>Exiba seu c\u00f3digo exclusivo na caixa dos aplicativos Elfsight. <\/b><br> Ap\u00f3s a conclus\u00e3o da configura\u00e7\u00e3o do seu widget pessoal, copie o c\u00f3digo pessoal da janela e guarde-o para futuras ocasi\u00f5es. <\/li> <li><b>Comece a usar o widget em seu site Jimdo. <\/b><br> Insira o c\u00f3digo salvo recentemente em seu site e salve as modifica\u00e7\u00f5es. <\/li> <li><b>A instala\u00e7\u00e3o est\u00e1 totalmente conclu\u00edda. <\/b><br> Acesse seu site para observar o desempenho do widget. <\/li><\/ol> <p>Caso tenha d\u00favidas ou enfrente quaisquer obst\u00e1culos, n\u00e3o hesite em escrever para nossa equipe de atendimento ao cliente. Nossos especialistas est\u00e3o ansiosos para resolver todas as dificuldades que voc\u00ea possa ter com o widget. <\/p> <div class=\"faq\" data-component=\"FAQ\"> <div class=\"faq-item\">\r\n\t\t\t\t\t<div class=\"faq-item-question\">\r\n\t\t\t\t\t\t<h3 class=\"faq-item-question-text\">Como adicionar um bot\u00e3o do PayPal ao meu site Jimdo sem habilidades de codifica\u00e7\u00e3o?<\/h3>\r\n\r\n\t\t\t\t\t\t<div class=\"faq-item-question-icon\"><\/div>\r\n\t\t\t\t\t<\/div>\r\n\r\n\t\t\t\t\t<div class=\"faq-item-answer\">\r\n\t\t\t\t\t\t<div class=\"faq-item-answer-text\"> <p>A Elfsight fornece uma solu\u00e7\u00e3o SaaS que permite que voc\u00ea mesmo crie um widget de bot\u00e3o do PayPal. Veja como \u00e9 f\u00e1cil O processo \u00e9: Trabalhe diretamente no Editor on-line para criar um widget de bot\u00e3o do PayPal que voc\u00ea gostaria de ver em seu site Jimdo. Escolha um dos modelos predefinidos e ajuste as configura\u00e7\u00f5es do bot\u00e3o do PayPal, adicione seu conte\u00fado, altere o layout e as cores sem habilidades de codifica\u00e7\u00e3o. Salve o bot\u00e3o do PayPal e copie seu c\u00f3digo de instala\u00e7\u00e3o, para que voc\u00ea possa adicion\u00e1-lo facilmente ao seu site Jimdo sem comprar um plano pago. Com nosso editor intuitivo, qualquer usu\u00e1rio da Internet pode criar um widget de bot\u00e3o do PayPal online e incorpor\u00e1-lo facilmente ao seu site Jimdo. N\u00e3o h\u00e1 necessidade de pagar ou inserir as credenciais do seu cart\u00e3o para acessar o servi\u00e7o. Se voc\u00ea enfrentar qualquer problema em qualquer etapa, n\u00e3o hesite em entrar em contato com nossa equipe de suporte t\u00e9cnico.<\/p> <\/div>\r\n\t\t\t\t\t<\/div>\r\n\t\t\t\t<\/div> <\/div> <\/div>","protected":false},"excerpt":{"rendered":"","protected":false},"author":9,"featured_media":0,"parent":1038,"menu_order":0,"comment_status":"closed","ping_status":"closed","template":"templates\/template-application-platform.php","meta":{"publish_to_discourse":"","publish_post_category":"","wpdc_auto_publish_overridden":"","wpdc_topic_tags":"","wpdc_pin_topic":"","wpdc_pin_until":"","discourse_post_id":"","discourse_permalink":"","wpdc_publishing_response":"","wpdc_publishing_error":"","footnotes":""},"class_list":["post-11306","page","type-page","status-publish","hentry"],"yoast_head":"<!-- This site is optimized with the Yoast SEO plugin v25.3.1 - https:\/\/yoast.com\/wordpress\/plugins\/seo\/ -->\n<title>Bot\u00e3o PayPal - Adicionar widget do PayPal ao site Jimdo (2025)<\/title>\n<meta name=\"description\" content=\"Obtenha um plugin de bot\u00e3o PayPal de com\u00e9rcio eletr\u00f4nico personalizado (doa\u00e7\u00f5es, pagamento ou assinatura) para integra\u00e7\u00e3o com Jimdo.\" \/>\n<meta name=\"robots\" content=\"index, follow, max-snippet:-1, max-image-preview:large, max-video-preview:-1\" \/>\n<link rel=\"canonical\" href=\"https:\/\/elfsight.com\/pt\/paypal-button-widget-generator\/jimdo\/\" \/>\n<meta property=\"og:locale\" content=\"pt_PT\" \/>\n<meta property=\"og:type\" content=\"article\" \/>\n<meta property=\"og:title\" content=\"Bot\u00e3o PayPal - Adicionar widget do PayPal ao site Jimdo (2025)\" \/>\n<meta property=\"og:description\" content=\"Obtenha um plugin de bot\u00e3o PayPal de com\u00e9rcio eletr\u00f4nico personalizado (doa\u00e7\u00f5es, pagamento ou assinatura) para integra\u00e7\u00e3o com Jimdo.\" \/>\n<meta property=\"og:url\" content=\"https:\/\/elfsight.com\/pt\/paypal-button-widget-generator\/jimdo\/\" \/>\n<meta property=\"og:site_name\" content=\"Elfsight PT\" \/>\n<meta property=\"article:modified_time\" content=\"2024-11-12T15:28:34+00:00\" \/>\n<meta name=\"twitter:card\" content=\"summary_large_image\" \/>\n<meta name=\"twitter:label1\" content=\"Tempo estimado de leitura\" \/>\n\t<meta name=\"twitter:data1\" content=\"3 minutos\" \/>\n<!-- \/ Yoast SEO plugin. -->","yoast_head_json":{"title":"Bot\u00e3o PayPal - Adicionar widget do PayPal ao site Jimdo (2025)","description":"Obtenha um plugin de bot\u00e3o PayPal de com\u00e9rcio eletr\u00f4nico personalizado (doa\u00e7\u00f5es, pagamento ou assinatura) para integra\u00e7\u00e3o com Jimdo.","robots":{"index":"index","follow":"follow","max-snippet":"max-snippet:-1","max-image-preview":"max-image-preview:large","max-video-preview":"max-video-preview:-1"},"canonical":"https:\/\/elfsight.com\/pt\/paypal-button-widget-generator\/jimdo\/","og_locale":"pt_PT","og_type":"article","og_title":"Bot\u00e3o PayPal - Adicionar widget do PayPal ao site Jimdo (2025)","og_description":"Obtenha um plugin de bot\u00e3o PayPal de com\u00e9rcio eletr\u00f4nico personalizado (doa\u00e7\u00f5es, pagamento ou assinatura) para integra\u00e7\u00e3o com Jimdo.","og_url":"https:\/\/elfsight.com\/pt\/paypal-button-widget-generator\/jimdo\/","og_site_name":"Elfsight PT","article_modified_time":"2024-11-12T15:28:34+00:00","twitter_card":"summary_large_image","twitter_misc":{"Tempo estimado de leitura":"3 minutos"},"schema":{"@context":"https:\/\/schema.org","@graph":[{"@type":"WebPage","@id":"https:\/\/elfsight.com\/pt\/paypal-button-widget-generator\/jimdo\/","url":"https:\/\/elfsight.com\/pt\/paypal-button-widget-generator\/jimdo\/","name":"Bot\u00e3o PayPal - Adicionar widget do PayPal ao site Jimdo (2025)","isPartOf":{"@id":"https:\/\/elfsight.com\/pt\/#website"},"datePublished":"2024-05-03T06:41:35+00:00","dateModified":"2024-11-12T15:28:34+00:00","description":"Obtenha um plugin de bot\u00e3o PayPal de com\u00e9rcio eletr\u00f4nico personalizado (doa\u00e7\u00f5es, pagamento ou assinatura) para integra\u00e7\u00e3o com Jimdo.","breadcrumb":{"@id":"https:\/\/elfsight.com\/pt\/paypal-button-widget-generator\/jimdo\/#breadcrumb"},"inLanguage":"pt-PT","potentialAction":[{"@type":"ReadAction","target":["https:\/\/elfsight.com\/pt\/paypal-button-widget-generator\/jimdo\/"]}]},{"@type":"BreadcrumbList","@id":"https:\/\/elfsight.com\/pt\/paypal-button-widget-generator\/jimdo\/#breadcrumb","itemListElement":[{"@type":"ListItem","position":1,"name":"Home","item":"https:\/\/elfsight.com\/pt\/"},{"@type":"ListItem","position":2,"name":"PayPal Button","item":"https:\/\/elfsight.com\/pt\/paypal-button-widget-generator\/"},{"@type":"ListItem","position":3,"name":"PayPal Button &#8211; Jimdo"}]},{"@type":"WebSite","@id":"https:\/\/elfsight.com\/pt\/#website","url":"https:\/\/elfsight.com\/pt\/","name":"Elfsight PT","description":"Just another Elfsight Sites site","potentialAction":[{"@type":"SearchAction","target":{"@type":"EntryPoint","urlTemplate":"https:\/\/elfsight.com\/pt\/?s={search_term_string}"},"query-input":{"@type":"PropertyValueSpecification","valueRequired":true,"valueName":"search_term_string"}}],"inLanguage":"pt-PT"}]}},"meta_box":{"industry":"","seo_heading":"","heading":"","description":"","cta_heading":"","cta_description":"","application":"1383","h1":"Widget do bot\u00e3o Jimdo PayPal","h1_caption":"Permitir pagar com PayPal em seu site sem codifica\u00e7\u00e3o","application_category":[],"applications_title":"","applications_request_title":"","applications_request_button_text":"","hero_text":"","hero_video":"","hero_video_schema_markup":"","selling_points_title":"","selling_points_caption":"","selling_points":[],"selling_points_cta_text":"","features_title":"","features":"","ed_cta_examples_text":"","ed_cta_examples_hidden":"","ed_cta_demo_text":"","ed_cta_demo_hidden":"","why_caption":"","why_editor_title":"","why_editor_text":"","why_team_title":"","why_team_text":"","why_service_title":"","why_service_text":"","template_catalog_visible":"","template_catalog_title":"","template_catalog_text":"","template_catalog_categories_visible":"","demo_title":"Crie seu widget de bot\u00e3o do PayPal","demo_caption":"Configure seu bot\u00e3o PayPal e adicione-o ao seu site Jimdo gratuitamente!","default_faq_hidden":"","app_template_category":[],"platform":"5393","template_public_id":"","codecanyon_url":"","codecanyon_item_id":"","codecanyon_price":"","pricing_caption":"","pricing_elfsight_apps_hide_column":"","pricing_elfsight_apps_url":"","pricing_codecanyon_price_caption":"","integration_category":[],"integration_request_title":"","integration_request_cta":"","integration_platform":"","integrations":[],"platform_category":[],"video_schema_markup":"","price":"a partir de US$ 0\/m\u00eas","trial":"","benefits":[{"text":"Ajuda de instala\u00e7\u00e3o gratuita"},{"text":"Suporte ao cliente experiente"},{"text":"Garantia de reembolso de 14 dias"},{"text":"Atualiza\u00e7\u00f5es regulares"}],"button_url":"#demo","button_target_blank":"","button_nofollow":"","attributes":[{"name":"Instala\u00e7\u00f5es","content":"10,000 - 100,000"},{"name":"Responsivo","content":"Sim"},{"name":"Navegadores compat\u00edveis","content":"Firefox, Safari, Opera, Chrome, Edge"}],"tags":[],"tags_disable_links":"","hide_more_platforms":"","video_object":"","demo_hide_cta":"","demo_hide_cloud_options":"","pricing_title":"","pricing":[{"pricing_icon":"platform","pricing_title":"Elfsight Apps","pricing_title_caption":"Software independente de plataforma que se adapta a qualquer site","pricing_price":"a partir de US$ 0\/m\u00eas","pricing_price_caption":"comece com um plano gratuito","pricing_benefits":[{"text":"N\u00famero irrestrito de dom\u00ednios"},{"text":"Suporte dedicado ao cliente"},{"text":"Suporte dedicado ao cliente"},{"text":"100% personaliz\u00e1vel"}],"pricing_button_text":"Adicionar ao site","pricing_button_url":"#demo"}],"related_apps_title":"","related_apps_hidden":"","author":"","image":[],"title":"","job":"","social_networks":[]},"_links":{"self":[{"href":"https:\/\/elfsight.com\/pt\/wp-json\/wp\/v2\/pages\/11306","targetHints":{"allow":["GET"]}}],"collection":[{"href":"https:\/\/elfsight.com\/pt\/wp-json\/wp\/v2\/pages"}],"about":[{"href":"https:\/\/elfsight.com\/pt\/wp-json\/wp\/v2\/types\/page"}],"author":[{"embeddable":true,"href":"https:\/\/elfsight.com\/pt\/wp-json\/wp\/v2\/users\/9"}],"replies":[{"embeddable":true,"href":"https:\/\/elfsight.com\/pt\/wp-json\/wp\/v2\/comments?post=11306"}],"version-history":[{"count":1,"href":"https:\/\/elfsight.com\/pt\/wp-json\/wp\/v2\/pages\/11306\/revisions"}],"predecessor-version":[{"id":11310,"href":"https:\/\/elfsight.com\/pt\/wp-json\/wp\/v2\/pages\/11306\/revisions\/11310"}],"up":[{"embeddable":true,"href":"https:\/\/elfsight.com\/pt\/wp-json\/wp\/v2\/pages\/1038"}],"wp:attachment":[{"href":"https:\/\/elfsight.com\/pt\/wp-json\/wp\/v2\/media?parent=11306"}],"curies":[{"name":"wp","href":"https:\/\/api.w.org\/{rel}","templated":true}]}}