{"id":11299,"date":"2024-05-03T06:41:10","date_gmt":"2024-05-03T06:41:10","guid":{"rendered":"https:\/\/elfsight.com\/pt\/?page_id=11299"},"modified":"2024-11-12T15:30:41","modified_gmt":"2024-11-12T15:30:41","slug":"prestashop","status":"publish","type":"page","link":"https:\/\/elfsight.com\/pt\/number-counter-widget\/prestashop\/","title":{"rendered":"Number Counter &#8211; PrestaShop"},"content":{"rendered":"<div class=\"application-platform-content-item-description application-platform-content-item\" id=\"description\" data-nav-section=\"description\"> <h2>Descri\u00e7\u00e3o<\/h2> <p>O contador num\u00e9rico \u00e9 um instrumento gerenci\u00e1vel com uma ampla gama de recursos. \u00c9 uma \u00f3tima ferramenta para mostrar seus excelentes resultados de neg\u00f3cios, a quantidade de trabalho que voc\u00ea realizou e muito mais. A ferramenta \u00e9 extremamente personaliz\u00e1vel. Voc\u00ea \u00e9 livre para adicionar qualquer quantidade de contadores, organiz\u00e1-los em colunas, escolher \u00edcones de nossa cole\u00e7\u00e3o ou fazer upload de seus personalizados, torn\u00e1-los coloridos ou de uma s\u00f3 cor, adicionar legendas para esclarecer os n\u00fameros que est\u00e1 exibindo, recolorir qualquer elemento, escolher o imagem de fundo, e isso n\u00e3o \u00e9 nem a metade. Basta come\u00e7ar a moldar seu contador agora e ver suas estat\u00edsticas cruciais de neg\u00f3cios crescerem rapidamente! <\/p> <p><b>Torne seu site mais eficaz para objetivos de neg\u00f3cios com o Number Counter<\/b><\/p> <\/div> <div class=\"application-platform-content-item-features application-platform-content-item\" id=\"features\" data-nav-section=\"features\"> <h2>Os recursos de widget mais importantes oferecidos <\/h2> <ul><li>Qualquer n\u00famero de contadores<\/li><li>N\u00famero ilimitado de colunas<\/li><li>Anexar t\u00edtulos, manchetes, p\u00f3s-fixos e prefixos<\/li><li>Escolha o \u00edcone categoria &#8211; escolha-a em nossa biblioteca ou carregue seus links personalizados<\/li><li>Anexar links <\/li><li>Definir a velocidade da anima\u00e7\u00e3o<\/li><li>Definir o n\u00famero e o formato decimal<\/li><li> Escolha o tipo de plano de fundo: Transparente, Imagem ou Cor<\/li><li>Torne seus \u00edcones multi ou monocrom\u00e1ticos<\/li><\/ul><p><a href=\"#demo\">Basta verificar esta demonstra\u00e7\u00e3o para veja quanto vale o widget<\/a><\/p> <\/div> <div class=\"application-platform-content-item-installation application-platform-content-item\" id=\"installation\" data-nav-section=\"installation\"> <h2>Como posso adicionar Number Counter \u00e0 minha p\u00e1gina PrestaShop? <\/h2> <p>Basta seguir as orienta\u00e7\u00f5es abaixo para come\u00e7ar a usar o complemento. <\/p> <ol><li><b>Gerencie nosso editor gratuito e comece a criar seu widget personalizado. <\/b><br> Determine a interface selecionada e os recursos da ferramenta e aplique as modifica\u00e7\u00f5es. <\/li> <li><b>Receba o c\u00f3digo pessoal mostrado na janela dos aplicativos Elfsight. <\/b><br> Ap\u00f3s a conclus\u00e3o do estabelecimento do seu complemento pessoal, copie o c\u00f3digo individual no pop-up exibido e salve-o para uso posterior. <\/li> <li><b>Comece a usar a ferramenta no seu site PrestaShop. <\/b><br> Implemente o c\u00f3digo copiado anteriormente em sua p\u00e1gina web e salve os ajustes. <\/li> <li><b>A configura\u00e7\u00e3o foi finalizada com sucesso. <\/b><br> Acesse seu site para ver o desempenho do widget. <\/li><\/ol> <p>Caso tenha d\u00favidas ou enfrente algumas complica\u00e7\u00f5es, n\u00e3o hesite em entrar em contato com nossa equipe de atendimento ao cliente. Nosso pessoal ficar\u00e1 feliz em ajud\u00e1-lo com todas as d\u00favidas que voc\u00ea possa ter sobre o widget. <\/p> <div class=\"faq\" data-component=\"FAQ\"><div class=\"faq-item\">\r\n\t\t\t\t\t<div class=\"faq-item-question\">\r\n\t\t\t\t\t\t<h3 class=\"faq-item-question-text\">De que maneira posso adicionar o Number Counter ao meu site PrestaShop sem nenhum conhecimento de codifica\u00e7\u00e3o?<\/h3>\r\n\r\n\t\t\t\t\t\t<div class=\"faq-item-question-icon\"><\/div>\r\n\t\t\t\t\t<\/div>\r\n\r\n\t\t\t\t\t<div class=\"faq-item-answer\">\r\n\t\t\t\t\t\t<div class=\"faq-item-answer-text\"> <p>A Elfsight fornece uma solu\u00e7\u00e3o Cloud que permite aos utilizadores criarem uma aplica\u00e7\u00e3o Number Counter por si pr\u00f3prios, verifique qu\u00e3o simples \u00e9 o processo: Comece a trabalhar diretamente no Editor on-line para estabelecer um aplicativo Number Counter que voc\u00ea gostaria de adicionar no PrestaShop. Selecione um dos modelos prontos e ajuste as configura\u00e7\u00f5es do contador num\u00e9rico, altere o layout e a cor dos elementos e atualize seu conte\u00fado, sem nenhuma habilidade de codifica\u00e7\u00e3o. Salve o contador num\u00e9rico e copie o c\u00f3digo de instala\u00e7\u00e3o, que pode ser incorporado facilmente em qualquer site PrestaShop gratuitamente. Trabalhando em nosso editor intuitivo, qualquer usu\u00e1rio da Internet pode formar um contador de n\u00fameros e adicion\u00e1-lo ao seu site PrestaShop. N\u00e3o \u00e9 necess\u00e1rio fazer uma assinatura paga ou inserir as credenciais do seu cart\u00e3o para acessar o Editor. Se voc\u00ea tiver qualquer tipo de problema, sinta-se \u00e0 vontade para entrar em contato com nosso suporte t\u00e9cnico ao cliente.<\/p> <\/div>\r\n\t\t\t\t\t<\/div>\r\n\t\t\t\t<\/div> <\/div><\/div>","protected":false},"excerpt":{"rendered":"","protected":false},"author":9,"featured_media":0,"parent":1061,"menu_order":0,"comment_status":"closed","ping_status":"closed","template":"templates\/template-application-platform.php","meta":{"publish_to_discourse":"","publish_post_category":"","wpdc_auto_publish_overridden":"","wpdc_topic_tags":"","wpdc_pin_topic":"","wpdc_pin_until":"","discourse_post_id":"","discourse_permalink":"","wpdc_publishing_response":"","wpdc_publishing_error":"","footnotes":""},"class_list":["post-11299","page","type-page","status-publish","hentry"],"yoast_head":"<!-- This site is optimized with the Yoast SEO plugin v25.3.1 - https:\/\/yoast.com\/wordpress\/plugins\/seo\/ -->\n<title>Contador de n\u00fameros Elfsight para sites PrestaShop (gratuito e f\u00e1cil)<\/title>\n<meta name=\"description\" content=\"Integre um contador num\u00e9rico no seu site PrestaShop, utilizando a demonstra\u00e7\u00e3o ao vivo. Construa seu complemento personalizado sem nenhum esfor\u00e7o!\" \/>\n<meta name=\"robots\" content=\"index, follow, max-snippet:-1, max-image-preview:large, max-video-preview:-1\" \/>\n<link rel=\"canonical\" href=\"https:\/\/elfsight.com\/pt\/number-counter-widget\/prestashop\/\" \/>\n<meta property=\"og:locale\" content=\"pt_PT\" \/>\n<meta property=\"og:type\" content=\"article\" \/>\n<meta property=\"og:title\" content=\"Contador de n\u00fameros Elfsight para sites PrestaShop (gratuito e f\u00e1cil)\" \/>\n<meta property=\"og:description\" content=\"Integre um contador num\u00e9rico no seu site PrestaShop, utilizando a demonstra\u00e7\u00e3o ao vivo. Construa seu complemento personalizado sem nenhum esfor\u00e7o!\" \/>\n<meta property=\"og:url\" content=\"https:\/\/elfsight.com\/pt\/number-counter-widget\/prestashop\/\" \/>\n<meta property=\"og:site_name\" content=\"Elfsight PT\" \/>\n<meta property=\"article:modified_time\" content=\"2024-11-12T15:30:41+00:00\" \/>\n<meta name=\"twitter:card\" content=\"summary_large_image\" \/>\n<meta name=\"twitter:label1\" content=\"Tempo estimado de leitura\" \/>\n\t<meta name=\"twitter:data1\" content=\"3 minutos\" \/>\n<!-- \/ Yoast SEO plugin. -->","yoast_head_json":{"title":"Contador de n\u00fameros Elfsight para sites PrestaShop (gratuito e f\u00e1cil)","description":"Integre um contador num\u00e9rico no seu site PrestaShop, utilizando a demonstra\u00e7\u00e3o ao vivo. Construa seu complemento personalizado sem nenhum esfor\u00e7o!","robots":{"index":"index","follow":"follow","max-snippet":"max-snippet:-1","max-image-preview":"max-image-preview:large","max-video-preview":"max-video-preview:-1"},"canonical":"https:\/\/elfsight.com\/pt\/number-counter-widget\/prestashop\/","og_locale":"pt_PT","og_type":"article","og_title":"Contador de n\u00fameros Elfsight para sites PrestaShop (gratuito e f\u00e1cil)","og_description":"Integre um contador num\u00e9rico no seu site PrestaShop, utilizando a demonstra\u00e7\u00e3o ao vivo. Construa seu complemento personalizado sem nenhum esfor\u00e7o!","og_url":"https:\/\/elfsight.com\/pt\/number-counter-widget\/prestashop\/","og_site_name":"Elfsight PT","article_modified_time":"2024-11-12T15:30:41+00:00","twitter_card":"summary_large_image","twitter_misc":{"Tempo estimado de leitura":"3 minutos"},"schema":{"@context":"https:\/\/schema.org","@graph":[{"@type":"WebPage","@id":"https:\/\/elfsight.com\/pt\/number-counter-widget\/prestashop\/","url":"https:\/\/elfsight.com\/pt\/number-counter-widget\/prestashop\/","name":"Contador de n\u00fameros Elfsight para sites PrestaShop (gratuito e f\u00e1cil)","isPartOf":{"@id":"https:\/\/elfsight.com\/pt\/#website"},"datePublished":"2024-05-03T06:41:10+00:00","dateModified":"2024-11-12T15:30:41+00:00","description":"Integre um contador num\u00e9rico no seu site PrestaShop, utilizando a demonstra\u00e7\u00e3o ao vivo. Construa seu complemento personalizado sem nenhum esfor\u00e7o!","breadcrumb":{"@id":"https:\/\/elfsight.com\/pt\/number-counter-widget\/prestashop\/#breadcrumb"},"inLanguage":"pt-PT","potentialAction":[{"@type":"ReadAction","target":["https:\/\/elfsight.com\/pt\/number-counter-widget\/prestashop\/"]}]},{"@type":"BreadcrumbList","@id":"https:\/\/elfsight.com\/pt\/number-counter-widget\/prestashop\/#breadcrumb","itemListElement":[{"@type":"ListItem","position":1,"name":"Home","item":"https:\/\/elfsight.com\/pt\/"},{"@type":"ListItem","position":2,"name":"Number Counter","item":"https:\/\/elfsight.com\/pt\/number-counter-widget\/"},{"@type":"ListItem","position":3,"name":"Number Counter &#8211; PrestaShop"}]},{"@type":"WebSite","@id":"https:\/\/elfsight.com\/pt\/#website","url":"https:\/\/elfsight.com\/pt\/","name":"Elfsight PT","description":"Just another Elfsight Sites site","potentialAction":[{"@type":"SearchAction","target":{"@type":"EntryPoint","urlTemplate":"https:\/\/elfsight.com\/pt\/?s={search_term_string}"},"query-input":{"@type":"PropertyValueSpecification","valueRequired":true,"valueName":"search_term_string"}}],"inLanguage":"pt-PT"}]}},"meta_box":{"industry":"","seo_heading":"","heading":"","description":"","cta_heading":"","cta_description":"","application":"1060","h1":"Complemento de contador de n\u00fameros PrestaShop","h1_caption":"Mostre suas conquistas incr\u00edveis aos visitantes e interesse clientes mais fi\u00e9is","application_category":[],"applications_title":"","applications_request_title":"","applications_request_button_text":"","hero_text":"","hero_video":"","hero_video_schema_markup":"","selling_points_title":"","selling_points_caption":"","selling_points":[],"selling_points_cta_text":"","features_title":"","features":"","ed_cta_examples_text":"","ed_cta_examples_hidden":"","ed_cta_demo_text":"","ed_cta_demo_hidden":"","why_caption":"","why_editor_title":"","why_editor_text":"","why_team_title":"","why_team_text":"","why_service_title":"","why_service_text":"","template_catalog_visible":"","template_catalog_title":"","template_catalog_text":"","template_catalog_categories_visible":"","demo_title":"Crie seu complemento de contador de n\u00fameros","demo_caption":"Configure seu contador num\u00e9rico e adicione-o gratuitamente ao seu site PrestaShop!","default_faq_hidden":"","app_template_category":[],"platform":"5343","template_public_id":"","codecanyon_url":"","codecanyon_item_id":"","codecanyon_price":"","pricing_caption":"","pricing_elfsight_apps_hide_column":"","pricing_elfsight_apps_url":"","pricing_codecanyon_price_caption":"","integration_category":[],"integration_request_title":"","integration_request_cta":"","integration_platform":"","integrations":[],"platform_category":[],"video_schema_markup":"","price":"a partir de US$ 0\/m\u00eas","trial":"","benefits":[{"text":"Servi\u00e7o de instala\u00e7\u00e3o gratuito"},{"text":"Atendimento ao cliente eficaz"},{"text":"Garantia de reembolso de 14 dias"},{"text":"Desenvolvimento cont\u00ednuo"}],"button_url":"#demo","button_target_blank":"","button_nofollow":"","attributes":[{"name":"Instala\u00e7\u00f5es","content":"10,000 - 100,000"},{"name":"Responsivo","content":"Sim"},{"name":"Navegadores compat\u00edveis","content":"Firefox, Safari, Opera, Chrome, Edge"}],"tags":[],"tags_disable_links":"","hide_more_platforms":"","video_object":"","demo_hide_cta":"","demo_hide_cloud_options":"","pricing_title":"","pricing":[{"pricing_icon":"platform","pricing_title":"Elfsight Apps","pricing_title_caption":"Solu\u00e7\u00e3o independente de plataforma adequada para qualquer site","pricing_price":"a partir de US$ 0\/m\u00eas","pricing_price_caption":"comece com plano gratuito","pricing_benefits":[{"text":"Sites ilimitados"},{"text":"Suporte premium e pontual"},{"text":"Suporte premium e pontual"},{"text":"100% personaliz\u00e1vel"}],"pricing_button_text":"Adicionar ao site","pricing_button_url":"#demo"}],"related_apps_title":"","related_apps_hidden":"","author":"","image":[],"title":"","job":"","social_networks":[]},"_links":{"self":[{"href":"https:\/\/elfsight.com\/pt\/wp-json\/wp\/v2\/pages\/11299","targetHints":{"allow":["GET"]}}],"collection":[{"href":"https:\/\/elfsight.com\/pt\/wp-json\/wp\/v2\/pages"}],"about":[{"href":"https:\/\/elfsight.com\/pt\/wp-json\/wp\/v2\/types\/page"}],"author":[{"embeddable":true,"href":"https:\/\/elfsight.com\/pt\/wp-json\/wp\/v2\/users\/9"}],"replies":[{"embeddable":true,"href":"https:\/\/elfsight.com\/pt\/wp-json\/wp\/v2\/comments?post=11299"}],"version-history":[{"count":1,"href":"https:\/\/elfsight.com\/pt\/wp-json\/wp\/v2\/pages\/11299\/revisions"}],"predecessor-version":[{"id":11303,"href":"https:\/\/elfsight.com\/pt\/wp-json\/wp\/v2\/pages\/11299\/revisions\/11303"}],"up":[{"embeddable":true,"href":"https:\/\/elfsight.com\/pt\/wp-json\/wp\/v2\/pages\/1061"}],"wp:attachment":[{"href":"https:\/\/elfsight.com\/pt\/wp-json\/wp\/v2\/media?parent=11299"}],"curies":[{"name":"wp","href":"https:\/\/api.w.org\/{rel}","templated":true}]}}