{"id":11298,"date":"2024-05-03T06:41:09","date_gmt":"2024-05-03T06:41:09","guid":{"rendered":"https:\/\/elfsight.com\/pt\/?page_id=11298"},"modified":"2024-11-12T15:28:34","modified_gmt":"2024-11-12T15:28:34","slug":"jimdo","status":"publish","type":"page","link":"https:\/\/elfsight.com\/pt\/number-counter-widget\/jimdo\/","title":{"rendered":"Number Counter &#8211; Jimdo"},"content":{"rendered":"<div class=\"application-platform-content-item-description application-platform-content-item\" id=\"description\" data-nav-section=\"description\"> <h2>Descri\u00e7\u00e3o<\/h2> <p>O Contador de n\u00fameros \u00e9 uma ferramenta f\u00e1cil de trabalhar, com muitas op\u00e7\u00f5es para escolher. \u00c9 um \u00f3timo recurso orgulhar-se de suas espl\u00eandidas estat\u00edsticas de neg\u00f3cios, da quantidade de trabalho que voc\u00ea realizou e isso n\u00e3o \u00e9 tudo. O plugin \u00e9 extremamente personaliz\u00e1vel. Sinta-se \u00e0 vontade para adicionar um n\u00famero ilimitado de contadores, organiz\u00e1-los em colunas, selecionar \u00edcones de nossa biblioteca ou fazer upload de seus personalizados, torn\u00e1-los coloridos ou monocoloridos, anexar t\u00edtulos para fornecer ao seu p\u00fablico informa\u00e7\u00f5es conceb\u00edveis, recolorir qualquer recurso, escolher o imagem de fundo, e isso n\u00e3o \u00e9 nem a metade. Basta come\u00e7ar a construir seu plugin agora e observar o crescimento das principais estat\u00edsticas de seu neg\u00f3cio! <\/p><p><b>Com o Number Counter, inicie o desenvolvimento sustent\u00e1vel de neg\u00f3cios e aumente as vendas <\/b><\/p> <\/div> <div class=\"application-platform-content-item-features application-platform-content-item\" id=\"features\" data-nav-section=\"features\"> <h2>Confira a lista dos maiores recursos: <\/h2> <ul><li>Qualquer n\u00famero de contadores<\/li><li>Quantidade irrestrita de colunas<\/li><li>Anexar t\u00edtulos, legendas, p\u00f3s-fixos e prefixos<\/li><li> Decida o tipo de \u00edcone &#8211; escolha-o em nossa biblioteca ou carregue o seu pr\u00f3prio<\/li><li>Adicionar links <\/li><li>Definir a velocidade da anima\u00e7\u00e3o<\/li><li>Definir o n\u00famero e o formato decimal<\/li><li>Escolha o tipo de plano de fundo: Imagem, Transparente ou Colorido<\/li><li>Torne seus \u00edcones multi ou monocrom\u00e1ticos<\/li><\/ul><p><a href=\"#demo\">Teste todas as op\u00e7\u00f5es de personaliza\u00e7\u00e3o na demonstra\u00e7\u00e3o completa<\/a><\/p> <\/div> <div class=\"application-platform-content-item-installation application-platform-content-item\" id=\"installation\" data-nav-section=\"installation\"> <h2>Como adicionar o Number Counter ao meu site Jimdo? <\/h2> <p>Basta seguir algumas etapas apresentadas abaixo para integrar a ferramenta. <\/p> <ol><li><b>Utilize nosso editor gratuito e comece a criar seu pr\u00f3prio widget. <\/b><br> Encontre a apar\u00eancia e funcionalidade preferidas do widget e aplique as corre\u00e7\u00f5es. <\/li> <li><b>Adquira o c\u00f3digo individual que aparece na caixa nas aplica\u00e7\u00f5es Elfsight. <\/b><br> Quando a gera\u00e7\u00e3o do seu widget terminar, copie o c\u00f3digo pessoal da janela exibida e salve-o para uso futuro. <\/li> <li><b>Entre usando o widget na p\u00e1gina Jimdo. <\/b><br> Insira o c\u00f3digo que voc\u00ea copiou anteriormente em sua p\u00e1gina web e salve as melhorias. <\/li> <li><b>A configura\u00e7\u00e3o foi totalmente conclu\u00edda. <\/b><br> Acesse sua p\u00e1gina para ver como a ferramenta funciona. <\/li><\/ol> <p>Na condi\u00e7\u00e3o de esclarecer d\u00favidas ou enfrentar alguma dificuldade, sinta-se \u00e0 vontade para entrar em contato com nossa equipe de suporte. Nossos especialistas est\u00e3o ansiosos para ajud\u00e1-lo com todos os problemas que voc\u00ea possa ter com o widget. <\/p> <div class=\"faq\" data-component=\"FAQ\"><div class=\"faq-item\">\r\n\t\t\t\t\t<div class=\"faq-item-question\">\r\n\t\t\t\t\t\t<h3 class=\"faq-item-question-text\">Existe uma maneira de adicionar o Number Counter \u00e0 minha p\u00e1gina inicial do Jimdo sem nenhuma experi\u00eancia de codifica\u00e7\u00e3o?<\/h3>\r\n\r\n\t\t\t\t\t\t<div class=\"faq-item-question-icon\"><\/div>\r\n\t\t\t\t\t<\/div>\r\n\r\n\t\t\t\t\t<div class=\"faq-item-answer\">\r\n\t\t\t\t\t\t<div class=\"faq-item-answer-text\"> <p>A empresa Elfsight fornece uma solu\u00e7\u00e3o SaaS que permite que um p\u00fablico amplo crie um plugin do Number Counter voc\u00ea mesmo, aprenda como \u00e9 simples: comece a trabalhar diretamente no Editor on-line para estabelecer um plugin de contador de n\u00fameros que voc\u00ea gostaria de adicionar ao site Jimdo. Escolha um dos modelos pr\u00e9-concebidos e ajuste as configura\u00e7\u00f5es do contador num\u00e9rico, altere o layout e a cor dos elementos, incluindo o seu conte\u00fado, sem nenhuma habilidade de codifica\u00e7\u00e3o. Salve as configura\u00e7\u00f5es feitas no Number Counter e copie o c\u00f3digo de instala\u00e7\u00e3o que voc\u00ea pode colar no site Jimdo sem a necessidade de comprar uma assinatura paga. Trabalhando em nosso editor intuitivo, cada usu\u00e1rio da Internet pode gerar um contador de n\u00fameros online e simplesmente col\u00e1-lo em qualquer site Jimdo. N\u00e3o h\u00e1 necessidade de obter um plano pago ou inserir as credenciais do seu cart\u00e3o para acessar o Elfsight Editor. Se voc\u00ea encontrar qualquer tipo de obst\u00e1culo, sinta-se \u00e0 vontade para falar com nossa equipe de suporte t\u00e9cnico.<\/p> <\/div>\r\n\t\t\t\t\t<\/div>\r\n\t\t\t\t<\/div> <\/div><\/div>","protected":false},"excerpt":{"rendered":"","protected":false},"author":9,"featured_media":0,"parent":1061,"menu_order":0,"comment_status":"closed","ping_status":"closed","template":"templates\/template-application-platform.php","meta":{"publish_to_discourse":"","publish_post_category":"","wpdc_auto_publish_overridden":"","wpdc_topic_tags":"","wpdc_pin_topic":"","wpdc_pin_until":"","discourse_post_id":"","discourse_permalink":"","wpdc_publishing_response":"","wpdc_publishing_error":"","footnotes":""},"class_list":["post-11298","page","type-page","status-publish","hentry"],"yoast_head":"<!-- This site is optimized with the Yoast SEO plugin v25.3.1 - https:\/\/yoast.com\/wordpress\/plugins\/seo\/ -->\n<title>Contador de n\u00fameros Elfsight para sites Jimdo (gratuito e f\u00e1cil)<\/title>\n<meta name=\"description\" content=\"Integre um contador num\u00e9rico em seu site Jimdo, utilizando nossa demonstra\u00e7\u00e3o ao vivo. Construa seu widget personalizado sem esfor\u00e7o!\" \/>\n<meta name=\"robots\" content=\"index, follow, max-snippet:-1, max-image-preview:large, max-video-preview:-1\" \/>\n<link rel=\"canonical\" href=\"https:\/\/elfsight.com\/pt\/number-counter-widget\/jimdo\/\" \/>\n<meta property=\"og:locale\" content=\"pt_PT\" \/>\n<meta property=\"og:type\" content=\"article\" \/>\n<meta property=\"og:title\" content=\"Contador de n\u00fameros Elfsight para sites Jimdo (gratuito e f\u00e1cil)\" \/>\n<meta property=\"og:description\" content=\"Integre um contador num\u00e9rico em seu site Jimdo, utilizando nossa demonstra\u00e7\u00e3o ao vivo. Construa seu widget personalizado sem esfor\u00e7o!\" \/>\n<meta property=\"og:url\" content=\"https:\/\/elfsight.com\/pt\/number-counter-widget\/jimdo\/\" \/>\n<meta property=\"og:site_name\" content=\"Elfsight PT\" \/>\n<meta property=\"article:modified_time\" content=\"2024-11-12T15:28:34+00:00\" \/>\n<meta name=\"twitter:card\" content=\"summary_large_image\" \/>\n<meta name=\"twitter:label1\" content=\"Tempo estimado de leitura\" \/>\n\t<meta name=\"twitter:data1\" content=\"3 minutos\" \/>\n<!-- \/ Yoast SEO plugin. -->","yoast_head_json":{"title":"Contador de n\u00fameros Elfsight para sites Jimdo (gratuito e f\u00e1cil)","description":"Integre um contador num\u00e9rico em seu site Jimdo, utilizando nossa demonstra\u00e7\u00e3o ao vivo. Construa seu widget personalizado sem esfor\u00e7o!","robots":{"index":"index","follow":"follow","max-snippet":"max-snippet:-1","max-image-preview":"max-image-preview:large","max-video-preview":"max-video-preview:-1"},"canonical":"https:\/\/elfsight.com\/pt\/number-counter-widget\/jimdo\/","og_locale":"pt_PT","og_type":"article","og_title":"Contador de n\u00fameros Elfsight para sites Jimdo (gratuito e f\u00e1cil)","og_description":"Integre um contador num\u00e9rico em seu site Jimdo, utilizando nossa demonstra\u00e7\u00e3o ao vivo. Construa seu widget personalizado sem esfor\u00e7o!","og_url":"https:\/\/elfsight.com\/pt\/number-counter-widget\/jimdo\/","og_site_name":"Elfsight PT","article_modified_time":"2024-11-12T15:28:34+00:00","twitter_card":"summary_large_image","twitter_misc":{"Tempo estimado de leitura":"3 minutos"},"schema":{"@context":"https:\/\/schema.org","@graph":[{"@type":"WebPage","@id":"https:\/\/elfsight.com\/pt\/number-counter-widget\/jimdo\/","url":"https:\/\/elfsight.com\/pt\/number-counter-widget\/jimdo\/","name":"Contador de n\u00fameros Elfsight para sites Jimdo (gratuito e f\u00e1cil)","isPartOf":{"@id":"https:\/\/elfsight.com\/pt\/#website"},"datePublished":"2024-05-03T06:41:09+00:00","dateModified":"2024-11-12T15:28:34+00:00","description":"Integre um contador num\u00e9rico em seu site Jimdo, utilizando nossa demonstra\u00e7\u00e3o ao vivo. Construa seu widget personalizado sem esfor\u00e7o!","breadcrumb":{"@id":"https:\/\/elfsight.com\/pt\/number-counter-widget\/jimdo\/#breadcrumb"},"inLanguage":"pt-PT","potentialAction":[{"@type":"ReadAction","target":["https:\/\/elfsight.com\/pt\/number-counter-widget\/jimdo\/"]}]},{"@type":"BreadcrumbList","@id":"https:\/\/elfsight.com\/pt\/number-counter-widget\/jimdo\/#breadcrumb","itemListElement":[{"@type":"ListItem","position":1,"name":"Home","item":"https:\/\/elfsight.com\/pt\/"},{"@type":"ListItem","position":2,"name":"Number Counter","item":"https:\/\/elfsight.com\/pt\/number-counter-widget\/"},{"@type":"ListItem","position":3,"name":"Number Counter &#8211; Jimdo"}]},{"@type":"WebSite","@id":"https:\/\/elfsight.com\/pt\/#website","url":"https:\/\/elfsight.com\/pt\/","name":"Elfsight PT","description":"Just another Elfsight Sites site","potentialAction":[{"@type":"SearchAction","target":{"@type":"EntryPoint","urlTemplate":"https:\/\/elfsight.com\/pt\/?s={search_term_string}"},"query-input":{"@type":"PropertyValueSpecification","valueRequired":true,"valueName":"search_term_string"}}],"inLanguage":"pt-PT"}]}},"meta_box":{"industry":"","seo_heading":"","heading":"","description":"","cta_heading":"","cta_description":"","application":"1060","h1":"Widget Contador de n\u00fameros Jimdo","h1_caption":"Mostre suas conquistas maravilhosas ao seu p\u00fablico e interesse clientes mais fi\u00e9is","application_category":[],"applications_title":"","applications_request_title":"","applications_request_button_text":"","hero_text":"","hero_video":"","hero_video_schema_markup":"","selling_points_title":"","selling_points_caption":"","selling_points":[],"selling_points_cta_text":"","features_title":"","features":"","ed_cta_examples_text":"","ed_cta_examples_hidden":"","ed_cta_demo_text":"","ed_cta_demo_hidden":"","why_caption":"","why_editor_title":"","why_editor_text":"","why_team_title":"","why_team_text":"","why_service_title":"","why_service_text":"","template_catalog_visible":"","template_catalog_title":"","template_catalog_text":"","template_catalog_categories_visible":"","demo_title":"Crie seu widget de contador num\u00e9rico","demo_caption":"Configure seu contador num\u00e9rico e adicione-o ao seu site Jimdo gratuitamente!","default_faq_hidden":"","app_template_category":[],"platform":"5393","template_public_id":"","codecanyon_url":"","codecanyon_item_id":"","codecanyon_price":"","pricing_caption":"","pricing_elfsight_apps_hide_column":"","pricing_elfsight_apps_url":"","pricing_codecanyon_price_caption":"","integration_category":[],"integration_request_title":"","integration_request_cta":"","integration_platform":"","integrations":[],"platform_category":[],"video_schema_markup":"","price":"a partir de US$ 0\/m\u00eas","trial":"","benefits":[{"text":"Assist\u00eancia de instala\u00e7\u00e3o gratuita"},{"text":"Suporte ao cliente experiente"},{"text":"Garantia de reembolso de 14 dias"},{"text":"Atualizando constantemente"}],"button_url":"#demo","button_target_blank":"","button_nofollow":"","attributes":[{"name":"Instala\u00e7\u00f5es","content":"10,000 - 100,000"},{"name":"Responsivo","content":"Sim"},{"name":"Navegadores compat\u00edveis","content":"Firefox, Safari, Opera, Chrome, Edge"}],"tags":[],"tags_disable_links":"","hide_more_platforms":"","video_object":"","demo_hide_cta":"","demo_hide_cloud_options":"","pricing_title":"","pricing":[{"pricing_icon":"platform","pricing_title":"Elfsight Apps","pricing_title_caption":"Solu\u00e7\u00e3o digital multiplataforma","pricing_price":"a partir de US$ 0\/m\u00eas","pricing_price_caption":"comece com plano gratuito","pricing_benefits":[{"text":"Dom\u00ednios ilimitados"},{"text":"Suporte premium"},{"text":"Suporte premium"},{"text":"Design flex\u00edvel"}],"pricing_button_text":"Adicionar ao site","pricing_button_url":"#demo"}],"related_apps_title":"","related_apps_hidden":"","author":"","image":[],"title":"","job":"","social_networks":[]},"_links":{"self":[{"href":"https:\/\/elfsight.com\/pt\/wp-json\/wp\/v2\/pages\/11298","targetHints":{"allow":["GET"]}}],"collection":[{"href":"https:\/\/elfsight.com\/pt\/wp-json\/wp\/v2\/pages"}],"about":[{"href":"https:\/\/elfsight.com\/pt\/wp-json\/wp\/v2\/types\/page"}],"author":[{"embeddable":true,"href":"https:\/\/elfsight.com\/pt\/wp-json\/wp\/v2\/users\/9"}],"replies":[{"embeddable":true,"href":"https:\/\/elfsight.com\/pt\/wp-json\/wp\/v2\/comments?post=11298"}],"version-history":[{"count":1,"href":"https:\/\/elfsight.com\/pt\/wp-json\/wp\/v2\/pages\/11298\/revisions"}],"predecessor-version":[{"id":11302,"href":"https:\/\/elfsight.com\/pt\/wp-json\/wp\/v2\/pages\/11298\/revisions\/11302"}],"up":[{"embeddable":true,"href":"https:\/\/elfsight.com\/pt\/wp-json\/wp\/v2\/pages\/1061"}],"wp:attachment":[{"href":"https:\/\/elfsight.com\/pt\/wp-json\/wp\/v2\/media?parent=11298"}],"curies":[{"name":"wp","href":"https:\/\/api.w.org\/{rel}","templated":true}]}}