{"id":11290,"date":"2024-05-03T06:40:43","date_gmt":"2024-05-03T06:40:43","guid":{"rendered":"https:\/\/elfsight.com\/pt\/?page_id=11290"},"modified":"2024-11-12T15:28:34","modified_gmt":"2024-11-12T15:28:34","slug":"jimdo","status":"publish","type":"page","link":"https:\/\/elfsight.com\/pt\/logo-showcase-widget\/jimdo\/","title":{"rendered":"Logo Showcase &#8211; Jimdo"},"content":{"rendered":"<div class=\"application-platform-content-item-description application-platform-content-item\" id=\"description\" data-nav-section=\"description\"> <h2>Descri\u00e7\u00e3o<\/h2> <p>Elfsight Logo Showcase ser\u00e1 o m\u00e9todo mais descomplicado de demonstrar log\u00f3tipos de clientes ou promotores ou as suas men\u00e7\u00f5es na imprensa em seu site. Com a ajuda deste widget, voc\u00ea mostrar\u00e1 que \u00e9 um parceiro respeit\u00e1vel e manter\u00e1 uma boa percep\u00e7\u00e3o da sua empresa. O widget Logo Showcase permite adicionar qualquer n\u00famero de emblemas, organiz\u00e1-los em um carrossel ou grade e alterar o tamanho das imagens. Voc\u00ea pode mostrar legendas e um link para os sites das empresas. Com a ajuda de op\u00e7\u00f5es de cores e fontes, \u00e9 f\u00e1cil configurar um visual personalizado. <\/p><p><b>Tente usar o Logo Showcase para alcan\u00e7ar seus objetivos de neg\u00f3cios mais rapidamente! <\/b><\/p> <\/div> <div class=\"application-platform-content-item-features application-platform-content-item\" id=\"features\" data-nav-section=\"features\"> <h2>O widget central oferece recursos<\/h2> <ul><li>Exibir v\u00e1rios logotipos<\/li><li>Construa-os em um controle deslizante ou grade<\/li><li>Altere a escala dos logotipos. <\/li><li>Voc\u00ea pode adicionar legendas e um link para os sites da empresa. <\/li><li>Variando cores e fontes, \u00e9 f\u00e1cil conseguir uma apar\u00eancia personalizada. <\/li><\/ul><p><a href=\"#demo\">Experimente todas as op\u00e7\u00f5es de personaliza\u00e7\u00e3o na demonstra\u00e7\u00e3o completa<\/a><\/p> <\/div> <div class=\"application-platform-content-item-installation application-platform-content-item\" id=\"installation\" data-nav-section=\"installation\"> <h2>Como adicionar Logo Showcase \u00e0 minha p\u00e1gina Jimdo? <\/h2> <p>Basta seguir as orienta\u00e7\u00f5es abaixo para incorporar o widget. <\/p> <ol><li><b>Gerencie nossa demonstra\u00e7\u00e3o gratuita e comece a formar seu widget exclusivo. <\/b><br> Especifique o formul\u00e1rio selecionado e os par\u00e2metros da ferramenta e salve as edi\u00e7\u00f5es. <\/li> <li><b>Copie o c\u00f3digo exclusivo revelado no formul\u00e1rio especial nas aplica\u00e7\u00f5es Elfsight. <\/b><br> Assim que a configura\u00e7\u00e3o do seu widget estiver conclu\u00edda, copie o c\u00f3digo exclusivo da caixa exibida e guarde-o para uso posterior. <\/li> <li><b>Comece a usar o widget na p\u00e1gina do Jimdo. <\/b><br> Integre o c\u00f3digo que voc\u00ea copiou recentemente em sua p\u00e1gina e salve as corre\u00e7\u00f5es. <\/li> <li><b>Conclu\u00eddo! A incorpora\u00e7\u00e3o est\u00e1 totalmente realizada. <\/b><br> Acesse seu site para ver como o widget est\u00e1 funcionando. <\/li><\/ol> <p>Caso voc\u00ea desafie alguns obst\u00e1culos, n\u00e3o hesite em entrar em contato com nossa equipe de atendimento ao cliente. Nosso pessoal est\u00e1 ansioso para resolver todos os problemas que voc\u00ea possa ter com o produto. <\/p> <div class=\"faq\" data-component=\"FAQ\"><div class=\"faq-item\">\r\n\t\t\t\t\t<div class=\"faq-item-question\">\r\n\t\t\t\t\t\t<h3 class=\"faq-item-question-text\">Existe uma maneira de incorporar um Logo Showcase \u00e0 minha p\u00e1gina inicial do Jimdo sem nenhum conhecimento de codifica\u00e7\u00e3o?<\/h3>\r\n\r\n\t\t\t\t\t\t<div class=\"faq-item-question-icon\"><\/div>\r\n\t\t\t\t\t<\/div>\r\n\r\n\t\t\t\t\t<div class=\"faq-item-answer\">\r\n\t\t\t\t\t\t<div class=\"faq-item-answer-text\"> <p>A empresa Elfsight fornece uma solu\u00e7\u00e3o em nuvem que permite que voc\u00ea mesmo estabele\u00e7a um aplicativo Logo Showcase , descubra as instru\u00e7\u00f5es simples: Comece a trabalhar diretamente no Editor ao vivo para estabelecer um aplicativo Logo Showcase que voc\u00ea gostaria que aparecesse no Jimdo. Selecione um dos modelos pr\u00e9-fabricados e adapte as configura\u00e7\u00f5es do Logo Showcase, altere o layout e os esquemas de cores para incluir seu conte\u00fado, sem conhecimento de codifica\u00e7\u00e3o. Clique para salvar as configura\u00e7\u00f5es feitas no Logo Showcase e obter o c\u00f3digo de instala\u00e7\u00e3o do plugin, que voc\u00ea pode simplesmente incorporar em qualquer site Jimdo dentro de um plano gratuito. Trabalhando em nosso configurador f\u00e1cil de usar, cada usu\u00e1rio da Internet pode criar o Logo Showcase on-line e col\u00e1-lo facilmente na p\u00e1gina da web do Jimdo. Voc\u00ea n\u00e3o deve pagar ou enviar as credenciais do seu cart\u00e3o para acessar o servi\u00e7o. Se voc\u00ea tiver algum problema em qualquer etapa, n\u00e3o hesite em entrar em contato com nosso suporte ao cliente.<\/p> <\/div>\r\n\t\t\t\t\t<\/div>\r\n\t\t\t\t<\/div> <\/div><\/div>","protected":false},"excerpt":{"rendered":"","protected":false},"author":9,"featured_media":0,"parent":983,"menu_order":0,"comment_status":"closed","ping_status":"closed","template":"templates\/template-application-platform.php","meta":{"publish_to_discourse":"","publish_post_category":"","wpdc_auto_publish_overridden":"","wpdc_topic_tags":"","wpdc_pin_topic":"","wpdc_pin_until":"","discourse_post_id":"","discourse_permalink":"","wpdc_publishing_response":"","wpdc_publishing_error":"","footnotes":""},"class_list":["post-11290","page","type-page","status-publish","hentry"],"yoast_head":"<!-- This site is optimized with the Yoast SEO plugin v25.3.1 - https:\/\/yoast.com\/wordpress\/plugins\/seo\/ -->\n<title>Logo Showcase - Adicionar widget de carrossel de logotipo ao site Jimdo (2026)<\/title>\n<meta name=\"description\" content=\"\u00c9 perfeitamente simples criar seu widget Logo Showcase e adicion\u00e1-lo ao seu site Jimdo. O atendimento ao cliente da Elfsight \u00e9 gratuito e r\u00e1pido.\" \/>\n<meta name=\"robots\" content=\"index, follow, max-snippet:-1, max-image-preview:large, max-video-preview:-1\" \/>\n<link rel=\"canonical\" href=\"https:\/\/elfsight.com\/pt\/logo-showcase-widget\/jimdo\/\" \/>\n<meta property=\"og:locale\" content=\"pt_PT\" \/>\n<meta property=\"og:type\" content=\"article\" \/>\n<meta property=\"og:title\" content=\"Logo Showcase - Adicionar widget de carrossel de logotipo ao site Jimdo (2026)\" \/>\n<meta property=\"og:description\" content=\"\u00c9 perfeitamente simples criar seu widget Logo Showcase e adicion\u00e1-lo ao seu site Jimdo. O atendimento ao cliente da Elfsight \u00e9 gratuito e r\u00e1pido.\" \/>\n<meta property=\"og:url\" content=\"https:\/\/elfsight.com\/pt\/logo-showcase-widget\/jimdo\/\" \/>\n<meta property=\"og:site_name\" content=\"Elfsight PT\" \/>\n<meta property=\"article:modified_time\" content=\"2024-11-12T15:28:34+00:00\" \/>\n<meta name=\"twitter:card\" content=\"summary_large_image\" \/>\n<meta name=\"twitter:label1\" content=\"Tempo estimado de leitura\" \/>\n\t<meta name=\"twitter:data1\" content=\"3 minutos\" \/>\n<!-- \/ Yoast SEO plugin. -->","yoast_head_json":{"title":"Logo Showcase - Adicionar widget de carrossel de logotipo ao site Jimdo (2026)","description":"\u00c9 perfeitamente simples criar seu widget Logo Showcase e adicion\u00e1-lo ao seu site Jimdo. O atendimento ao cliente da Elfsight \u00e9 gratuito e r\u00e1pido.","robots":{"index":"index","follow":"follow","max-snippet":"max-snippet:-1","max-image-preview":"max-image-preview:large","max-video-preview":"max-video-preview:-1"},"canonical":"https:\/\/elfsight.com\/pt\/logo-showcase-widget\/jimdo\/","og_locale":"pt_PT","og_type":"article","og_title":"Logo Showcase - Adicionar widget de carrossel de logotipo ao site Jimdo (2026)","og_description":"\u00c9 perfeitamente simples criar seu widget Logo Showcase e adicion\u00e1-lo ao seu site Jimdo. O atendimento ao cliente da Elfsight \u00e9 gratuito e r\u00e1pido.","og_url":"https:\/\/elfsight.com\/pt\/logo-showcase-widget\/jimdo\/","og_site_name":"Elfsight PT","article_modified_time":"2024-11-12T15:28:34+00:00","twitter_card":"summary_large_image","twitter_misc":{"Tempo estimado de leitura":"3 minutos"},"schema":{"@context":"https:\/\/schema.org","@graph":[{"@type":"WebPage","@id":"https:\/\/elfsight.com\/pt\/logo-showcase-widget\/jimdo\/","url":"https:\/\/elfsight.com\/pt\/logo-showcase-widget\/jimdo\/","name":"Logo Showcase - Adicionar widget de carrossel de logotipo ao site Jimdo (2026)","isPartOf":{"@id":"https:\/\/elfsight.com\/pt\/#website"},"datePublished":"2024-05-03T06:40:43+00:00","dateModified":"2024-11-12T15:28:34+00:00","description":"\u00c9 perfeitamente simples criar seu widget Logo Showcase e adicion\u00e1-lo ao seu site Jimdo. O atendimento ao cliente da Elfsight \u00e9 gratuito e r\u00e1pido.","breadcrumb":{"@id":"https:\/\/elfsight.com\/pt\/logo-showcase-widget\/jimdo\/#breadcrumb"},"inLanguage":"pt-PT","potentialAction":[{"@type":"ReadAction","target":["https:\/\/elfsight.com\/pt\/logo-showcase-widget\/jimdo\/"]}]},{"@type":"BreadcrumbList","@id":"https:\/\/elfsight.com\/pt\/logo-showcase-widget\/jimdo\/#breadcrumb","itemListElement":[{"@type":"ListItem","position":1,"name":"Home","item":"https:\/\/elfsight.com\/pt\/"},{"@type":"ListItem","position":2,"name":"Logo Showcase","item":"https:\/\/elfsight.com\/pt\/logo-showcase-widget\/"},{"@type":"ListItem","position":3,"name":"Logo Showcase &#8211; Jimdo"}]},{"@type":"WebSite","@id":"https:\/\/elfsight.com\/pt\/#website","url":"https:\/\/elfsight.com\/pt\/","name":"Elfsight PT","description":"Just another Elfsight Sites site","potentialAction":[{"@type":"SearchAction","target":{"@type":"EntryPoint","urlTemplate":"https:\/\/elfsight.com\/pt\/?s={search_term_string}"},"query-input":{"@type":"PropertyValueSpecification","valueRequired":true,"valueName":"search_term_string"}}],"inLanguage":"pt-PT"}]}},"meta_box":{"industry":"","seo_heading":"","heading":"","description":"","cta_heading":"","cta_description":"","application":"982","h1":"Vitrine do logotipo Jimdo","h1_caption":"Incorporar emblemas de clientes ou acompanhantes no site para alcan\u00e7ar maior | para maior n\u00edvel de confian\u00e7a","application_category":[],"applications_title":"","applications_request_title":"","applications_request_button_text":"","hero_text":"","hero_video":"","hero_video_schema_markup":"","selling_points_title":"","selling_points_caption":"","selling_points":[],"selling_points_cta_text":"","features_title":"","features":"","ed_cta_examples_text":"","ed_cta_examples_hidden":"","ed_cta_demo_text":"","ed_cta_demo_hidden":"","why_caption":"","why_editor_title":"","why_editor_text":"","why_team_title":"","why_team_text":"","why_service_title":"","why_service_text":"","template_catalog_visible":"","template_catalog_title":"","template_catalog_text":"","template_catalog_categories_visible":"","demo_title":"Crie seu widget de demonstra\u00e7\u00e3o de logotipo","demo_caption":"Configure seu Logo Showcase e adicione-o ao seu site Jimdo gratuitamente!","default_faq_hidden":"","app_template_category":[],"platform":"5393","template_public_id":"","codecanyon_url":"","codecanyon_item_id":"","codecanyon_price":"","pricing_caption":"","pricing_elfsight_apps_hide_column":"","pricing_elfsight_apps_url":"","pricing_codecanyon_price_caption":"","integration_category":[],"integration_request_title":"","integration_request_cta":"","integration_platform":"","integrations":[],"platform_category":[],"video_schema_markup":"","price":"a partir de US$ 0\/m\u00eas","trial":"","benefits":[{"text":"Servi\u00e7o de instala\u00e7\u00e3o gratuito"},{"text":"Atendimento ao cliente competente"},{"text":"Garantia de devolu\u00e7\u00e3o do dinheiro em 14 dias"},{"text":"Atualiza\u00e7\u00f5es gratuitas vital\u00edcias"}],"button_url":"#demo","button_target_blank":"","button_nofollow":"","attributes":[{"name":"Instala\u00e7\u00f5es","content":"10,000 - 100,000"},{"name":"Responsivo","content":"Sim"},{"name":"Navegadores compat\u00edveis","content":"Firefox, Safari, Opera, Chrome, Edge"}],"tags":[],"tags_disable_links":"","hide_more_platforms":"","video_object":"","demo_hide_cta":"","demo_hide_cloud_options":"","pricing_title":"","pricing":[{"pricing_icon":"platform","pricing_title":"Elfsight Apps","pricing_title_caption":"Solu\u00e7\u00e3o digital multiplataforma que se adapta a qualquer site","pricing_price":"a partir de US$ 0\/m\u00eas","pricing_price_caption":"comece com um plano gratuito","pricing_benefits":[{"text":"N\u00famero irrestrito de dom\u00ednios"},{"text":"Suporte r\u00e1pido"},{"text":"Suporte r\u00e1pido"},{"text":"Totalmente personaliz\u00e1vel"}],"pricing_button_text":"Adicionar ao site","pricing_button_url":"#demo"}],"related_apps_title":"","related_apps_hidden":"","author":"","image":[],"title":"","job":"","social_networks":[]},"_links":{"self":[{"href":"https:\/\/elfsight.com\/pt\/wp-json\/wp\/v2\/pages\/11290","targetHints":{"allow":["GET"]}}],"collection":[{"href":"https:\/\/elfsight.com\/pt\/wp-json\/wp\/v2\/pages"}],"about":[{"href":"https:\/\/elfsight.com\/pt\/wp-json\/wp\/v2\/types\/page"}],"author":[{"embeddable":true,"href":"https:\/\/elfsight.com\/pt\/wp-json\/wp\/v2\/users\/9"}],"replies":[{"embeddable":true,"href":"https:\/\/elfsight.com\/pt\/wp-json\/wp\/v2\/comments?post=11290"}],"version-history":[{"count":1,"href":"https:\/\/elfsight.com\/pt\/wp-json\/wp\/v2\/pages\/11290\/revisions"}],"predecessor-version":[{"id":11294,"href":"https:\/\/elfsight.com\/pt\/wp-json\/wp\/v2\/pages\/11290\/revisions\/11294"}],"up":[{"embeddable":true,"href":"https:\/\/elfsight.com\/pt\/wp-json\/wp\/v2\/pages\/983"}],"wp:attachment":[{"href":"https:\/\/elfsight.com\/pt\/wp-json\/wp\/v2\/media?parent=11290"}],"curies":[{"name":"wp","href":"https:\/\/api.w.org\/{rel}","templated":true}]}}