{"id":11289,"date":"2024-05-03T06:40:42","date_gmt":"2024-05-03T06:40:42","guid":{"rendered":"https:\/\/elfsight.com\/pt\/?page_id=11289"},"modified":"2025-02-25T11:58:29","modified_gmt":"2025-02-25T11:58:29","slug":"wordpress","status":"publish","type":"page","link":"https:\/\/elfsight.com\/pt\/linkedin-feed-widget\/wordpress\/","title":{"rendered":"LinkedIn Feed &#8211; WordPress"},"content":{"rendered":"\n<div class=\"application-platform-content-item-description application-platform-content-item\" id=\"description\" data-nav-section=\"description\"> <h2>Incorpore o feed do LinkedIn no WordPress gratuitamente!<\/h2> <p>O widget Feed do LinkedIn oferece uma excelente oportunidade para as empresas transmitirem e anunciarem seu conte\u00fado do LinkedIn em sites WordPress: exibir postagens, recursos visuais, clipes, etc. A integra\u00e7\u00e3o do plug-in leva apenas alguns toques de um bot\u00e3o &#8211; n\u00e3o \u00e9 necess\u00e1rio nenhum conhecimento t\u00e9cnico ou de codifica\u00e7\u00e3o.<\/p> <p>Crie um estilo que se adapte \u00e0 est\u00e9tica do seu site e siga as tend\u00eancias combinando atributos de feed personalizados, modelos, layouts e estilos de postagem. Adicione um efeito pop-up como uma a\u00e7\u00e3o p\u00f3s-clique para chamar a aten\u00e7\u00e3o dos usu\u00e1rios. Por \u00faltimo, aproveite o aumento da confian\u00e7a e a melhor taxa de engajamento.<\/p> <ul><li><strong>Aumente o alcance do seu networking com a p\u00e1gina corporativa do LinkedIn.<\/strong><br>Impulsione novos relacionamentos no \u00e2mbito profissional e aumente o n\u00famero de leads usando o conte\u00fado do seu perfil do LinkedIn.<\/li><li><strong>Amplie sua base de p\u00fablico no LinkedIn.<\/strong><br>Chame a aten\u00e7\u00e3o para o seu LinkedIn entre a comunidade de usu\u00e1rios do WordPress e aumente o interesse em seu servi\u00e7os.<\/li><li><strong>Aumente a autenticidade do seu neg\u00f3cio.<\/strong><br>Forne\u00e7a uma camada adicional de credibilidade e confiabilidade \u00e0 sua marca, compartilhando as atividades mais recentes do LinkedIn diretamente na p\u00e1gina do site. <\/li><\/ul><p><b>Adicione o plug-in LinkedIn Feed sem c\u00f3digo ao site WordPress para construir confian\u00e7a, promover autenticidade e ampliar oportunidades de networking, aproveitando uma forte valida\u00e7\u00e3o social.<\/b><\/p> <div class=\"faq\" data-component=\"FAQ\"><div class=\"faq-item\">\r\n\t\t\t\t\t<div class=\"faq-item-question\">\r\n\t\t\t\t\t\t<h3 class=\"faq-item-question-text\">Existem outras ferramentas para WordPress que eu possa usar no meu site?<\/h3>\r\n\r\n\t\t\t\t\t\t<div class=\"faq-item-question-icon\"><\/div>\r\n\t\t\t\t\t<\/div>\r\n\r\n\t\t\t\t\t<div class=\"faq-item-answer\">\r\n\t\t\t\t\t\t<div class=\"faq-item-answer-text\"><p>Sim, com certeza! Ser um usu\u00e1rio do WordPress oferece uma ampla sele\u00e7\u00e3o de ferramentas livres de c\u00f3digo da Elfsight, incluindo o plugin LinkedIn Feed. N\u00e3o importa que tipo de neg\u00f3cio voc\u00ea tenha e qual nicho de \u00e1rea voc\u00ea atue &#8211; voc\u00ea sempre pode procurar oportunidades para mostrar seus pontos fortes. Aqui est\u00e3o algumas possibilidades:<\/p><ul><li>Para criar qualquer outro aplicativo de m\u00eddia social para o seu site WordPress, considere usar o <a href=\"https:\/\/elfsight.com\/pinterest-feed-widget\/\">Feed do Pinterest<\/a> ou <a href=\"https:\/\/elfsight.com\/instagram-feed-instashow\/\">Feed do Instagram<\/a> junto com o Feed do LinkedIn.<\/li><li>Optar para as <a href=\"https:\/\/elfsight.com\/all-in-one-reviews-widget\/\">avalia\u00e7\u00f5es completas<\/a> ou <a href=\"https:\/\/elfsight.com\/google-reviews-widget\/\">Google Reviews<\/a> para exibir feedback dos clientes.<\/li><li>Incorpore o <a href=\"https:\/\/elfsight.com\/online-form-builder\/\">Construtor de formul\u00e1rios<\/a> para coletar respostas e facilitar a comunica\u00e7\u00e3o com seus usu\u00e1rios do WordPress.<\/li> <li>Adicione o <a href=\"https:\/\/elfsight.com\/countdown-timer-widget\/\">Cron\u00f4metro de contagem regressiva <\/a> widget para promover a antecipa\u00e7\u00e3o e criar um senso de urg\u00eancia em seu p\u00fablico.<\/li><\/ul><p>E este \u00e9 apenas o come\u00e7o de uma longa lista de adi\u00e7\u00f5es que podem atender \u00e0s necessidades de seu neg\u00f3cio. Comece com o plugin LinkedIn Feed sem c\u00f3digo para o seu site e explore o resto do nosso cat\u00e1logo para adicionar mais solu\u00e7\u00f5es de widgets!<\/p><\/div>\r\n\t\t\t\t\t<\/div>\r\n\t\t\t\t<\/div><div class=\"faq-item\">\r\n\t\t\t\t\t<div class=\"faq-item-question\">\r\n\t\t\t\t\t\t<h3 class=\"faq-item-question-text\">Como incorporar o LinkedIn Feed gratuitamente no WordPress?<\/h3>\r\n\r\n\t\t\t\t\t\t<div class=\"faq-item-question-icon\"><\/div>\r\n\t\t\t\t\t<\/div>\r\n\r\n\t\t\t\t\t<div class=\"faq-item-answer\">\r\n\t\t\t\t\t\t<div class=\"faq-item-answer-text\"><p>Para adicionar o feed do LinkedIn ao seu site WordPress gratuitamente, siga estas etapas abaixo:<\/p> <ol><li>Personalize a apar\u00eancia do widget Feed do LinkedIn para se adequar ao estilo de design do seu site.<\/li><li>Fa\u00e7a login no painel da Elfsight ou crie um perfil gratuito.<\/li><li>Obtenha o c\u00f3digo de incorpora\u00e7\u00e3o exclusivo para o widget.<\/li><li>Navegue at\u00e9 o seu site WordPress.<\/li><li>Coloque o c\u00f3digo no editor do seu site WordPress para adicionar o widget LinkedIn Feed. Voila!<\/li><\/ol><p>Como \u00e9 aparente, n\u00e3o h\u00e1 necessidade de se destacar na escrita de c\u00f3digo para incorporar o plugin. Crie o widget de feed do LinkedIn sem c\u00f3digo para um site WordPress com facilidade e experimente v\u00e1rias vantagens que acompanham o processo de expans\u00e3o de seu alcance.<\/p><\/div>\r\n\t\t\t\t\t<\/div>\r\n\t\t\t\t<\/div><div class=\"faq-item\">\r\n\t\t\t\t\t<div class=\"faq-item-question\">\r\n\t\t\t\t\t\t<h3 class=\"faq-item-question-text\">Preciso saber como codificar ou ter habilidades de programa\u00e7\u00e3o para incorporar o plugin LinkedIn Feed no site WordPress?<\/h3>\r\n\r\n\t\t\t\t\t\t<div class=\"faq-item-question-icon\"><\/div>\r\n\t\t\t\t\t<\/div>\r\n\r\n\t\t\t\t\t<div class=\"faq-item-answer\">\r\n\t\t\t\t\t\t<div class=\"faq-item-answer-text\"><p>N\u00e3o. \u00c9 absolutamente desnecess\u00e1rio ter experi\u00eancia em codifica\u00e7\u00e3o. Voc\u00ea pode criar e adicionar facilmente o plug-in LinkedIn Feed ao seu site WordPress, mesmo sem qualquer conhecimento especializado ou experi\u00eancia anterior em c\u00f3digo.<\/p> <\/div>\r\n\t\t\t\t\t<\/div>\r\n\t\t\t\t<\/div><\/div><\/div> <div class=\"application-platform-content-item-features application-platform-content-item\" id=\"features\" data-nav-section=\"features\"> <h2>Aqui est\u00e1 a lista dos recursos mais poderosos:<\/h2> <ul><li>Compartilhe diversos tipos de conte\u00fado: postagens de blog, imagens, clipes, etc.<\/li><li>Filtre postagens de feed por palavras-chave, hashtags ou URLs.<\/li><li>Adicione os bot\u00f5es CTA para aumentar a visibilidade do feed da sua empresa no LinkedIn.<\/li><li>Exiba um efeito pop-up din\u00e2mico para chamar a aten\u00e7\u00e3o das pessoas para o conte\u00fado do seu LinkedIn.<\/li><li> li&gt;Personaliza\u00e7\u00e3o sem c\u00f3digo com configura\u00e7\u00f5es de design avan\u00e7adas: modelos pr\u00e9-concebidos, gerador de esquema de cores, designs de layout, estilos de postagem, CSS personalizado, etc.<\/li><\/ul><p><a href=\"#demo\">Experimente esta demonstra\u00e7\u00e3o para entender a funcionalidade do widget<\/a><\/p> <\/div> <div class=\"application-platform-content-item-installation application-platform-content-item\" id=\"installation\" data-nav-section=\"installation\"> <h2>Como adicionar o feed do LinkedIn ao meu site WordPress?<\/h2> <p>Se voc\u00ea deseja incorporar o plug-in de feed do LinkedIn sem c\u00f3digo em seu site WordPress, siga estas etapas:<\/p> <ol><li><b>Inicie nosso editor gratuito e comece a criar seu plug-in de feed do LinkedIn personalizado.<\/b><br> Encontre a forma e funcionalidade preferida do plugin e salve as modifica\u00e7\u00f5es.<\/li> <li><b>Copie seu c\u00f3digo exclusivo, que aparece na janela dos aplicativos Elfsight.<\/b><br> Ap\u00f3s a configura\u00e7\u00e3o do seu widget, copie o c\u00f3digo exclusivo no pop-up que aparece e guarde-o para uso posterior.<\/li> <li><b>Adicione o c\u00f3digo do widget ao seu site WordPress.<\/b><br> Adicione o c\u00f3digo que voc\u00ea salvou antes ao seu site e aplique as edi\u00e7\u00f5es.<\/li> <li><b>A configura\u00e7\u00e3o foi finalizada com sucesso.<\/b><br> Acesse seu site para ver em a\u00e7\u00e3o o desempenho do widget Feed do LinkedIn.<\/li><\/ol> <p>Caso voc\u00ea encontre alguma dificuldade com o processo de incorpora\u00e7\u00e3o, n\u00e3o tenha medo de entrar em contato com nossa equipe de atendimento ao cliente. Nosso pessoal ficar\u00e1 feliz em resolver todas as d\u00favidas que voc\u00ea possa ter com o plugin LinkedIn Feed sem c\u00f3digo para sites WordPress.<\/p> <\/div>\n","protected":false},"excerpt":{"rendered":"","protected":false},"author":9,"featured_media":0,"parent":5172,"menu_order":0,"comment_status":"closed","ping_status":"closed","template":"templates\/template-application-platform.php","meta":{"publish_to_discourse":"","publish_post_category":"","wpdc_auto_publish_overridden":"","wpdc_topic_tags":"","wpdc_pin_topic":"","wpdc_pin_until":"","discourse_post_id":"","discourse_permalink":"","wpdc_publishing_response":"","wpdc_publishing_error":"","footnotes":""},"class_list":["post-11289","page","type-page","status-publish","hentry"],"yoast_head":"<!-- This site is optimized with the Yoast SEO plugin v25.3.1 - https:\/\/yoast.com\/wordpress\/plugins\/seo\/ -->\n<title>Feed do LinkedIn - Adicione plugin de feed ao WordPress [de gra\u00e7a!]<\/title>\n<meta name=\"description\" content=\"Incorpore o plugin LinkedIn Feed sem codifica\u00e7\u00e3o em seu site WordPress. Crie seu widget usando uma demonstra\u00e7\u00e3o ao vivo e modelos pr\u00e9-fabricados para ter uma prova social forte.\" \/>\n<meta name=\"robots\" content=\"index, follow, max-snippet:-1, max-image-preview:large, max-video-preview:-1\" \/>\n<link rel=\"canonical\" href=\"https:\/\/elfsight.com\/pt\/linkedin-feed-widget\/wordpress\/\" \/>\n<meta property=\"og:locale\" content=\"pt_PT\" \/>\n<meta property=\"og:type\" content=\"article\" \/>\n<meta property=\"og:title\" content=\"Feed do LinkedIn - Adicione plugin de feed ao WordPress [de gra\u00e7a!]\" \/>\n<meta property=\"og:description\" content=\"Incorpore o plugin LinkedIn Feed sem codifica\u00e7\u00e3o em seu site WordPress. Crie seu widget usando uma demonstra\u00e7\u00e3o ao vivo e modelos pr\u00e9-fabricados para ter uma prova social forte.\" \/>\n<meta property=\"og:url\" content=\"https:\/\/elfsight.com\/pt\/linkedin-feed-widget\/wordpress\/\" \/>\n<meta property=\"og:site_name\" content=\"Elfsight PT\" \/>\n<meta property=\"article:modified_time\" content=\"2025-02-25T11:58:29+00:00\" \/>\n<meta name=\"twitter:card\" content=\"summary_large_image\" \/>\n<meta name=\"twitter:label1\" content=\"Tempo estimado de leitura\" \/>\n\t<meta name=\"twitter:data1\" content=\"5 minutos\" \/>\n<!-- \/ Yoast SEO plugin. -->","yoast_head_json":{"title":"Feed do LinkedIn - Adicione plugin de feed ao WordPress [de gra\u00e7a!]","description":"Incorpore o plugin LinkedIn Feed sem codifica\u00e7\u00e3o em seu site WordPress. Crie seu widget usando uma demonstra\u00e7\u00e3o ao vivo e modelos pr\u00e9-fabricados para ter uma prova social forte.","robots":{"index":"index","follow":"follow","max-snippet":"max-snippet:-1","max-image-preview":"max-image-preview:large","max-video-preview":"max-video-preview:-1"},"canonical":"https:\/\/elfsight.com\/pt\/linkedin-feed-widget\/wordpress\/","og_locale":"pt_PT","og_type":"article","og_title":"Feed do LinkedIn - Adicione plugin de feed ao WordPress [de gra\u00e7a!]","og_description":"Incorpore o plugin LinkedIn Feed sem codifica\u00e7\u00e3o em seu site WordPress. Crie seu widget usando uma demonstra\u00e7\u00e3o ao vivo e modelos pr\u00e9-fabricados para ter uma prova social forte.","og_url":"https:\/\/elfsight.com\/pt\/linkedin-feed-widget\/wordpress\/","og_site_name":"Elfsight PT","article_modified_time":"2025-02-25T11:58:29+00:00","twitter_card":"summary_large_image","twitter_misc":{"Tempo estimado de leitura":"5 minutos"},"schema":{"@context":"https:\/\/schema.org","@graph":[{"@type":"WebPage","@id":"https:\/\/elfsight.com\/pt\/linkedin-feed-widget\/wordpress\/","url":"https:\/\/elfsight.com\/pt\/linkedin-feed-widget\/wordpress\/","name":"Feed do LinkedIn - Adicione plugin de feed ao WordPress [de gra\u00e7a!]","isPartOf":{"@id":"https:\/\/elfsight.com\/pt\/#website"},"datePublished":"2024-05-03T06:40:42+00:00","dateModified":"2025-02-25T11:58:29+00:00","description":"Incorpore o plugin LinkedIn Feed sem codifica\u00e7\u00e3o em seu site WordPress. Crie seu widget usando uma demonstra\u00e7\u00e3o ao vivo e modelos pr\u00e9-fabricados para ter uma prova social forte.","breadcrumb":{"@id":"https:\/\/elfsight.com\/pt\/linkedin-feed-widget\/wordpress\/#breadcrumb"},"inLanguage":"pt-PT","potentialAction":[{"@type":"ReadAction","target":["https:\/\/elfsight.com\/pt\/linkedin-feed-widget\/wordpress\/"]}]},{"@type":"BreadcrumbList","@id":"https:\/\/elfsight.com\/pt\/linkedin-feed-widget\/wordpress\/#breadcrumb","itemListElement":[{"@type":"ListItem","position":1,"name":"Home","item":"https:\/\/elfsight.com\/pt\/"},{"@type":"ListItem","position":2,"name":"LinkedIn Feed","item":"https:\/\/elfsight.com\/pt\/linkedin-feed-widget\/"},{"@type":"ListItem","position":3,"name":"LinkedIn Feed &#8211; WordPress"}]},{"@type":"WebSite","@id":"https:\/\/elfsight.com\/pt\/#website","url":"https:\/\/elfsight.com\/pt\/","name":"Elfsight PT","description":"Just another Elfsight Sites site","potentialAction":[{"@type":"SearchAction","target":{"@type":"EntryPoint","urlTemplate":"https:\/\/elfsight.com\/pt\/?s={search_term_string}"},"query-input":{"@type":"PropertyValueSpecification","valueRequired":true,"valueName":"search_term_string"}}],"inLanguage":"pt-PT"}]}},"meta_box":{"industry":"","seo_heading":"","heading":"","description":"","cta_heading":"","cta_description":"","application":"5159","h1":"Como incorporar o feed do LinkedIn no WordPress gratuitamente!","h1_caption":"Apresente atualiza\u00e7\u00f5es, gr\u00e1ficos e clipes da empresa do LinkedIn em seu site","application_category":[],"applications_title":"","applications_request_title":"","applications_request_button_text":"","hero_text":"","hero_video":"","hero_video_schema_markup":"","selling_points_title":"","selling_points_caption":"","selling_points":[],"selling_points_cta_text":"","features_title":"","features":"","ed_cta_examples_text":"","ed_cta_examples_hidden":"","ed_cta_demo_text":"","ed_cta_demo_hidden":"","why_caption":"","why_editor_title":"","why_editor_text":"","why_team_title":"","why_team_text":"","why_service_title":"","why_service_text":"","template_catalog_visible":"0","template_catalog_title":"","template_catalog_text":"","template_catalog_categories_visible":"","demo_title":"Crie seu plugin de feed do LinkedIn","demo_caption":"Configure seu feed do LinkedIn e adicione-o ao seu site WordPress gratuitamente!","default_faq_hidden":"","app_template_category":[],"platform":"34","template_public_id":"","codecanyon_url":"","codecanyon_item_id":"","codecanyon_price":"","pricing_caption":"","pricing_elfsight_apps_hide_column":"","pricing_elfsight_apps_url":"","pricing_codecanyon_price_caption":"","integration_category":[],"integration_request_title":"","integration_request_cta":"","integration_platform":"","integrations":[],"platform_category":[],"video_schema_markup":"","price":"a partir de US$ 0\/m\u00eas","trial":"","benefits":[{"text":"Assist\u00eancia de instala\u00e7\u00e3o gratuita"},{"text":"Atendimento ao cliente profissional"},{"text":"Garantia de devolu\u00e7\u00e3o do dinheiro em 14 dias"},{"text":"Melhorias futuras"}],"button_url":"#demo","button_target_blank":"0","button_nofollow":"0","attributes":[{"name":"Instala\u00e7\u00f5es","content":"10,000 - 100,000"},{"name":"Responsivo","content":"Sim"},{"name":"Navegadores compat\u00edveis","content":"Firefox, Safari, Opera, Chrome, Edge"}],"tags":[],"tags_disable_links":"0","hide_more_platforms":"0","video_object":"","demo_hide_cta":"0","demo_hide_cloud_options":"0","pricing_title":"","pricing":[{"pricing_icon":"platform","pricing_title":"Elfsight Apps","pricing_title_caption":"Solu\u00e7\u00e3o digital multiplataforma","pricing_price":"a partir de US$ 0\/m\u00eas","pricing_price_caption":"comece com um plano gratuito","pricing_benefits":[{"text":"Dom\u00ednios ilimitados"},{"text":"Suporte ao cliente premium"},{"text":"Suporte ao cliente premium"},{"text":"Design flex\u00edvel"}],"pricing_button_text":"Adicionar ao site","pricing_button_url":"#demo"}],"related_apps_title":"","related_apps_hidden":"0","author":"","image":[],"title":"","job":"","social_networks":[]},"_links":{"self":[{"href":"https:\/\/elfsight.com\/pt\/wp-json\/wp\/v2\/pages\/11289","targetHints":{"allow":["GET"]}}],"collection":[{"href":"https:\/\/elfsight.com\/pt\/wp-json\/wp\/v2\/pages"}],"about":[{"href":"https:\/\/elfsight.com\/pt\/wp-json\/wp\/v2\/types\/page"}],"author":[{"embeddable":true,"href":"https:\/\/elfsight.com\/pt\/wp-json\/wp\/v2\/users\/9"}],"replies":[{"embeddable":true,"href":"https:\/\/elfsight.com\/pt\/wp-json\/wp\/v2\/comments?post=11289"}],"version-history":[{"count":3,"href":"https:\/\/elfsight.com\/pt\/wp-json\/wp\/v2\/pages\/11289\/revisions"}],"predecessor-version":[{"id":13952,"href":"https:\/\/elfsight.com\/pt\/wp-json\/wp\/v2\/pages\/11289\/revisions\/13952"}],"up":[{"embeddable":true,"href":"https:\/\/elfsight.com\/pt\/wp-json\/wp\/v2\/pages\/5172"}],"wp:attachment":[{"href":"https:\/\/elfsight.com\/pt\/wp-json\/wp\/v2\/media?parent=11289"}],"curies":[{"name":"wp","href":"https:\/\/api.w.org\/{rel}","templated":true}]}}