{"id":11282,"date":"2024-05-03T06:40:39","date_gmt":"2024-05-03T06:40:39","guid":{"rendered":"https:\/\/elfsight.com\/pt\/?page_id=11282"},"modified":"2024-11-12T15:26:41","modified_gmt":"2024-11-12T15:26:41","slug":"google-sites","status":"publish","type":"page","link":"https:\/\/elfsight.com\/pt\/linkedin-feed-widget\/google-sites\/","title":{"rendered":"LinkedIn Feed &#8211; Google Sites"},"content":{"rendered":"\n<div class=\"application-platform-content-item-description application-platform-content-item\" id=\"description\" data-nav-section=\"description\"> <h2>Incorpore o feed do LinkedIn no Google Sites gratuitamente!<\/h2> <p>O widget Feed do LinkedIn foi feito especialmente para empresas compartilharem e promoverem seu conte\u00fado do LinkedIn nos sites do Google Sites: postagens de exibi\u00e7\u00e3o, recursos visuais, v\u00eddeos etc. A instala\u00e7\u00e3o do widget leva alguns minutos &#8211; n\u00e3o h\u00e1 necessidade de habilidades de codifica\u00e7\u00e3o ou programa\u00e7\u00e3o.<\/p> <p>Crie uma apar\u00eancia que reflita a est\u00e9tica do seu site e experimente testando elementos de feed personalizados, modelos, layouts e estilos de postagem. Adicione um efeito pop-up como a\u00e7\u00e3o p\u00f3s-clique para chamar a aten\u00e7\u00e3o dos usu\u00e1rios. E, por fim, aproveite a confian\u00e7a crescente e a marca bem estabelecida no setor.<\/p> <ul><li><strong>Aumente seu potencial de networking com a p\u00e1gina corporativa do LinkedIn.<\/strong><br>Desperte novas conex\u00f5es no mercado. mundo do com\u00e9rcio e aumente o n\u00famero de leads aproveitando o conte\u00fado do seu perfil do LinkedIn.<\/li><li><strong>Amplie o n\u00famero de seguidores no LinkedIn.<\/strong><br>Ilumine sua presen\u00e7a no LinkedIn no site do Google Sites comunidade e gere interesse significativo em suas ofertas.<\/li><li><strong>Aumente a autenticidade do seu neg\u00f3cio.<\/strong><br>Adicione \u00e0 sua marca um impulso adicional em credibilidade e confiabilidade, apresentando as atividades mais recentes do LinkedIn diretamente na p\u00e1gina do site.<\/li><\/ul><p><b>Adicione o widget de feed do LinkedIn sem c\u00f3digo ao site do Google Sites para refor\u00e7ar a confiabilidade, demonstrar autenticidade e ampliar sua rede por meio de provas sociais s\u00f3lidas.<\/b><\/p> <div class=\"faq\" data-component=\"FAQ\"><div class=\"faq-item\">\r\n\t\t\t\t\t<div class=\"faq-item-question\">\r\n\t\t\t\t\t\t<h3 class=\"faq-item-question-text\">Existem outras ferramentas do Google Sites que eu possa usar no meu site?<\/h3>\r\n\r\n\t\t\t\t\t\t<div class=\"faq-item-question-icon\"><\/div>\r\n\t\t\t\t\t<\/div>\r\n\r\n\t\t\t\t\t<div class=\"faq-item-answer\">\r\n\t\t\t\t\t\t<div class=\"faq-item-answer-text\"><p>Sim, claro! Como usu\u00e1rio do Google Sites, a Elfsight oferece in\u00fameras ferramentas sem c\u00f3digo para adicionar a um site, incluindo o plugin LinkedIn Feed. Independentemente do seu tipo de neg\u00f3cio ou nicho no setor, sempre h\u00e1 oportunidades para mostrar seus pontos fortes. Aqui est\u00e3o algumas possibilidades:<\/p><ul><li>Para criar qualquer outro aplicativo de m\u00eddia social para o seu site do Google Sites, como o plugin LinkedIn Feed, considere usar o <a href=\"https:\/\/elfsight.com\/pinterest-feed-widget\/\">Feed do Pinterest<\/a> ou <a href=\"https:\/\/elfsight.com\/instagram-feed-instashow\/\">Feed do Instagram<\/a> widget.<\/li> <li>Opte pelas <a href=\"https:\/\/elfsight.com\/all-in-one-reviews-widget\/\">Avalia\u00e7\u00f5es completas<\/a> ou <a href=\"https:\/\/elfsight.com\/google-reviews-widget\/\">Google Reviews<\/a> para exibir coment\u00e1rios valiosos dos clientes.<\/li><li>Incorpore o <a href=\"https:\/\/elfsight.com\/online-form-builder\/\">Form Builder<\/a> para agilizar a coleta de respostas e permitir intera\u00e7\u00f5es do usu\u00e1rio em seu site do Google Sites.<\/li> <li>Adicione o <a href=\"https:\/\/elfsight.com\/countdown-timer-widget\/\">Cron\u00f4metro de contagem regressiva<\/a> para construir engajamento e criar uma sensa\u00e7\u00e3o de escassez entre o p\u00fablico.<\/li><\/ul><p>E lembre-se, estes s\u00e3o apenas alguns exemplos. Explore o resto do nosso cat\u00e1logo de widgets para sites depois de implementar o plug-in LinkedIn Feed sem c\u00f3digo para descobrir ainda mais maneiras de atender \u00e0s suas necessidades de neg\u00f3cios!<\/p><\/div>\r\n\t\t\t\t\t<\/div>\r\n\t\t\t\t<\/div><div class=\"faq-item\">\r\n\t\t\t\t\t<div class=\"faq-item-question\">\r\n\t\t\t\t\t\t<h3 class=\"faq-item-question-text\">Como incorporar o LinkedIn Feed gratuitamente no Google Sites?<\/h3>\r\n\r\n\t\t\t\t\t\t<div class=\"faq-item-question-icon\"><\/div>\r\n\t\t\t\t\t<\/div>\r\n\r\n\t\t\t\t\t<div class=\"faq-item-answer\">\r\n\t\t\t\t\t\t<div class=\"faq-item-answer-text\"><p>Para adicionar o feed do LinkedIn ao seu site do Google Sites gratuitamente, siga as etapas abaixo:<\/p> <ol><li>Personalize a apar\u00eancia do plug-in de feed do LinkedIn para combinar com seu estilo. <\/li><li>Fa\u00e7a login no painel da Elfsight ou crie uma conta gratuita.<\/li><li>Obtenha o c\u00f3digo exclusivo do widget para incorporar.<\/li><li>Acesse seu site do Google Sites.<\/li><li> li&gt;<li>Coloque o c\u00f3digo no editor do site do Google Sites para adicionar o plug-in de feed do LinkedIn. Est\u00e1 tudo pronto!<\/li><\/ol><p>Como pode ser visto, n\u00e3o h\u00e1 necessidade de dominar a escrita de c\u00f3digo para incorporar o plugin. Crie com facilidade o widget de feed do LinkedIn sem c\u00f3digo para um site do Google Sites e aproveite as in\u00fameras vantagens que surgem ao expandir seu alcance.<\/p><\/div>\r\n\t\t\t\t\t<\/div>\r\n\t\t\t\t<\/div><div class=\"faq-item\">\r\n\t\t\t\t\t<div class=\"faq-item-question\">\r\n\t\t\t\t\t\t<h3 class=\"faq-item-question-text\">Preciso saber como codificar ou tem habilidades de programa\u00e7\u00e3o para adicionar o feed do LinkedIn ao Google Sites?<\/h3>\r\n\r\n\t\t\t\t\t\t<div class=\"faq-item-question-icon\"><\/div>\r\n\t\t\t\t\t<\/div>\r\n\r\n\t\t\t\t\t<div class=\"faq-item-answer\">\r\n\t\t\t\t\t\t<div class=\"faq-item-answer-text\"><p>N\u00e3o, voc\u00ea n\u00e3o tem. Quaisquer habilidades anteriores de codifica\u00e7\u00e3o n\u00e3o s\u00e3o necess\u00e1rias. Voc\u00ea tem capacidade total para criar e adicionar o widget Feed do LinkedIn ao seu site do Google Sites, independentemente de sua familiaridade ou experi\u00eancia com c\u00f3digo.<\/p> <\/div>\r\n\t\t\t\t\t<\/div>\r\n\t\t\t\t<\/div><\/div><div class=\"application-platform-content-item-features application-platform-content-item\" id=\"features\" data-nav-section=\"features\"><\/div> <h2> Veja a lista dos melhores recursos:<\/h2> <ul><li>Exiba todos os tipos de conte\u00fado do LinkedIn em seu site: postagens de blog, fotos, v\u00eddeos, etc.<\/li><li>Agrupe postagens de feed por palavras-chave, hashtags ou filtros de URL.<\/li><li>Adicione bot\u00f5es de call to action para aumentar os n\u00fameros no feed da sua empresa no LinkedIn.<\/li><li>Modo pop-up din\u00e2mico para chamar a aten\u00e7\u00e3o das pessoas para o conte\u00fado do LinkedIn.<\/li><li>Personaliza\u00e7\u00e3o sem c\u00f3digo com configura\u00e7\u00f5es de design avan\u00e7adas: modelos pr\u00e9-concebidos, gerador de esquema de cores, cinco layouts acess\u00edveis, estilos de postagem, CSS personalizado e muito mais.<\/li><\/ul><p><a href=\"#demo\">Voc\u00ea pode explorar como o widget funciona experimentando a demonstra\u00e7\u00e3o<\/a><\/p> <\/div> <div class=\"application-platform-content-item-installation application-platform-content-item\" id=\"installation\" data-nav-section=\"installation\"> <h2>Como fa\u00e7o para incorporar o feed do LinkedIn ao meu Site do Google Sites?<\/h2> <p>Para incorporar o plug-in de feed do LinkedIn sem c\u00f3digo em seu site do Google Sites, execute as seguintes a\u00e7\u00f5es:<\/p> <ol><li><b>Abra nosso editor gratuito e comece formando seu plugin personalizado do LinkedIn Feed.<\/b><br> Especifique o design personalizado e os par\u00e2metros do widget e aplique as modifica\u00e7\u00f5es.<\/li> <li><b>Obtenha seu c\u00f3digo pessoal que \u00e9 mostrado no formul\u00e1rio especial em Aplicativos Elfsight.<\/b><br> Logo ap\u00f3s o estabelecimento da sua ferramenta pessoal, copie o c\u00f3digo de incorpora\u00e7\u00e3o pessoal na caixa exibida e salve-o para necessidades futuras.<\/li> <li><b>Comece a usar o plugin em seu site do Google Sites.<\/b><br> Adicione o c\u00f3digo que voc\u00ea salvou antes ao seu site e salve as edi\u00e7\u00f5es.<\/li> <li><b>A configura\u00e7\u00e3o foi conclu\u00edda com sucesso.<\/b> <br> Acesse seu site para verificar como funciona o plugin LinkedIn Feed.<\/li><\/ol> <p>Caso voc\u00ea encontre alguma dificuldade em como adicionar o widget, n\u00e3o hesite em entrar em contato com nosso atendimento ao cliente funcion\u00e1rios. Nossos consultores est\u00e3o ansiosos para ajud\u00e1-lo com todas as d\u00favidas que voc\u00ea possa ter com o widget de feed do LinkedIn sem c\u00f3digo para sites do Google Sites.<\/p> <\/div>\n","protected":false},"excerpt":{"rendered":"","protected":false},"author":9,"featured_media":0,"parent":5172,"menu_order":0,"comment_status":"closed","ping_status":"closed","template":"templates\/template-application-platform.php","meta":{"publish_to_discourse":"","publish_post_category":"","wpdc_auto_publish_overridden":"","wpdc_topic_tags":"","wpdc_pin_topic":"","wpdc_pin_until":"","discourse_post_id":"","discourse_permalink":"","wpdc_publishing_response":"","wpdc_publishing_error":"","footnotes":""},"class_list":["post-11282","page","type-page","status-publish","hentry"],"yoast_head":"<!-- This site is optimized with the Yoast SEO plugin v25.3.1 - https:\/\/yoast.com\/wordpress\/plugins\/seo\/ -->\n<title>Feed do LinkedIn - Adicionar plug-in de feed ao Google Sites [de gra\u00e7a!]<\/title>\n<meta name=\"description\" content=\"Incorpore o plug-in de feed do LinkedIn sem codifica\u00e7\u00e3o em seu site do Google Sites. Crie seu widget usando uma demonstra\u00e7\u00e3o ao vivo e modelos pr\u00e9-fabricados para ter uma prova social forte.\" \/>\n<meta name=\"robots\" content=\"index, follow, max-snippet:-1, max-image-preview:large, max-video-preview:-1\" \/>\n<link rel=\"canonical\" href=\"https:\/\/elfsight.com\/pt\/linkedin-feed-widget\/google-sites\/\" \/>\n<meta property=\"og:locale\" content=\"pt_PT\" \/>\n<meta property=\"og:type\" content=\"article\" \/>\n<meta property=\"og:title\" content=\"Feed do LinkedIn - Adicionar plug-in de feed ao Google Sites [de gra\u00e7a!]\" \/>\n<meta property=\"og:description\" content=\"Incorpore o plug-in de feed do LinkedIn sem codifica\u00e7\u00e3o em seu site do Google Sites. Crie seu widget usando uma demonstra\u00e7\u00e3o ao vivo e modelos pr\u00e9-fabricados para ter uma prova social forte.\" \/>\n<meta property=\"og:url\" content=\"https:\/\/elfsight.com\/pt\/linkedin-feed-widget\/google-sites\/\" \/>\n<meta property=\"og:site_name\" content=\"Elfsight PT\" \/>\n<meta property=\"article:modified_time\" content=\"2024-11-12T15:26:41+00:00\" \/>\n<meta name=\"twitter:card\" content=\"summary_large_image\" \/>\n<meta name=\"twitter:label1\" content=\"Tempo estimado de leitura\" \/>\n\t<meta name=\"twitter:data1\" content=\"5 minutos\" \/>\n<!-- \/ Yoast SEO plugin. -->","yoast_head_json":{"title":"Feed do LinkedIn - Adicionar plug-in de feed ao Google Sites [de gra\u00e7a!]","description":"Incorpore o plug-in de feed do LinkedIn sem codifica\u00e7\u00e3o em seu site do Google Sites. Crie seu widget usando uma demonstra\u00e7\u00e3o ao vivo e modelos pr\u00e9-fabricados para ter uma prova social forte.","robots":{"index":"index","follow":"follow","max-snippet":"max-snippet:-1","max-image-preview":"max-image-preview:large","max-video-preview":"max-video-preview:-1"},"canonical":"https:\/\/elfsight.com\/pt\/linkedin-feed-widget\/google-sites\/","og_locale":"pt_PT","og_type":"article","og_title":"Feed do LinkedIn - Adicionar plug-in de feed ao Google Sites [de gra\u00e7a!]","og_description":"Incorpore o plug-in de feed do LinkedIn sem codifica\u00e7\u00e3o em seu site do Google Sites. Crie seu widget usando uma demonstra\u00e7\u00e3o ao vivo e modelos pr\u00e9-fabricados para ter uma prova social forte.","og_url":"https:\/\/elfsight.com\/pt\/linkedin-feed-widget\/google-sites\/","og_site_name":"Elfsight PT","article_modified_time":"2024-11-12T15:26:41+00:00","twitter_card":"summary_large_image","twitter_misc":{"Tempo estimado de leitura":"5 minutos"},"schema":{"@context":"https:\/\/schema.org","@graph":[{"@type":"WebPage","@id":"https:\/\/elfsight.com\/pt\/linkedin-feed-widget\/google-sites\/","url":"https:\/\/elfsight.com\/pt\/linkedin-feed-widget\/google-sites\/","name":"Feed do LinkedIn - Adicionar plug-in de feed ao Google Sites [de gra\u00e7a!]","isPartOf":{"@id":"https:\/\/elfsight.com\/pt\/#website"},"datePublished":"2024-05-03T06:40:39+00:00","dateModified":"2024-11-12T15:26:41+00:00","description":"Incorpore o plug-in de feed do LinkedIn sem codifica\u00e7\u00e3o em seu site do Google Sites. Crie seu widget usando uma demonstra\u00e7\u00e3o ao vivo e modelos pr\u00e9-fabricados para ter uma prova social forte.","breadcrumb":{"@id":"https:\/\/elfsight.com\/pt\/linkedin-feed-widget\/google-sites\/#breadcrumb"},"inLanguage":"pt-PT","potentialAction":[{"@type":"ReadAction","target":["https:\/\/elfsight.com\/pt\/linkedin-feed-widget\/google-sites\/"]}]},{"@type":"BreadcrumbList","@id":"https:\/\/elfsight.com\/pt\/linkedin-feed-widget\/google-sites\/#breadcrumb","itemListElement":[{"@type":"ListItem","position":1,"name":"Home","item":"https:\/\/elfsight.com\/pt\/"},{"@type":"ListItem","position":2,"name":"LinkedIn Feed","item":"https:\/\/elfsight.com\/pt\/linkedin-feed-widget\/"},{"@type":"ListItem","position":3,"name":"LinkedIn Feed &#8211; Google Sites"}]},{"@type":"WebSite","@id":"https:\/\/elfsight.com\/pt\/#website","url":"https:\/\/elfsight.com\/pt\/","name":"Elfsight PT","description":"Just another Elfsight Sites site","potentialAction":[{"@type":"SearchAction","target":{"@type":"EntryPoint","urlTemplate":"https:\/\/elfsight.com\/pt\/?s={search_term_string}"},"query-input":{"@type":"PropertyValueSpecification","valueRequired":true,"valueName":"search_term_string"}}],"inLanguage":"pt-PT"}]}},"meta_box":{"industry":"","seo_heading":"","heading":"","description":"","cta_heading":"","cta_description":"","application":"5159","h1":"Como incorporar o feed do LinkedIn no Google Sites gratuitamente!","h1_caption":"Apresente atualiza\u00e7\u00f5es, imagens e v\u00eddeos de neg\u00f3cios do LinkedIn em seu site","application_category":[],"applications_title":"","applications_request_title":"","applications_request_button_text":"","hero_text":"","hero_video":"","hero_video_schema_markup":"","selling_points_title":"","selling_points_caption":"","selling_points":[],"selling_points_cta_text":"","features_title":"","features":"","ed_cta_examples_text":"","ed_cta_examples_hidden":"","ed_cta_demo_text":"","ed_cta_demo_hidden":"","why_caption":"","why_editor_title":"","why_editor_text":"","why_team_title":"","why_team_text":"","why_service_title":"","why_service_text":"","template_catalog_visible":"0","template_catalog_title":"","template_catalog_text":"","template_catalog_categories_visible":"","demo_title":"Crie seu widget de feed do LinkedIn","demo_caption":"Configure seu feed do LinkedIn e adicione-o ao seu site do Google Sites gratuitamente!","default_faq_hidden":"","app_template_category":[],"platform":"112","template_public_id":"","codecanyon_url":"","codecanyon_item_id":"","codecanyon_price":"","pricing_caption":"","pricing_elfsight_apps_hide_column":"","pricing_elfsight_apps_url":"","pricing_codecanyon_price_caption":"","integration_category":[],"integration_request_title":"","integration_request_cta":"","integration_platform":"","integrations":[],"platform_category":[],"video_schema_markup":"","price":"a partir de US$ 0\/m\u00eas","trial":"","benefits":[{"text":"Assist\u00eancia de instala\u00e7\u00e3o gratuita"},{"text":"Suporte premium"},{"text":"Garantia de devolu\u00e7\u00e3o do dinheiro em 14 dias"},{"text":"Futuras atualiza\u00e7\u00f5es gratuitas"}],"button_url":"#demo","button_target_blank":"0","button_nofollow":"0","attributes":[{"name":"Instala\u00e7\u00f5es","content":"10,000 - 100,000"},{"name":"Responsivo","content":"Sim"},{"name":"Navegadores compat\u00edveis","content":"Firefox, Safari, Opera, Chrome, Edge"}],"tags":[],"tags_disable_links":"0","hide_more_platforms":"","video_object":"","demo_hide_cta":"0","demo_hide_cloud_options":"0","pricing_title":"","pricing":[{"pricing_icon":"platform","pricing_title":"Elfsight Apps","pricing_title_caption":"Software multiplataforma adequado para qualquer site","pricing_price":"a partir de US$ 0\/m\u00eas","pricing_price_caption":"comece com um plano gratuito","pricing_benefits":[{"text":"Sites ilimitados"},{"text":"Suporte premium e pontual"},{"text":"Suporte premium e pontual"},{"text":"Totalmente personaliz\u00e1vel"}],"pricing_button_text":"Adicionar ao site","pricing_button_url":"#demo"}],"related_apps_title":"","related_apps_hidden":"0","author":"","image":[],"title":"","job":"","social_networks":[]},"_links":{"self":[{"href":"https:\/\/elfsight.com\/pt\/wp-json\/wp\/v2\/pages\/11282","targetHints":{"allow":["GET"]}}],"collection":[{"href":"https:\/\/elfsight.com\/pt\/wp-json\/wp\/v2\/pages"}],"about":[{"href":"https:\/\/elfsight.com\/pt\/wp-json\/wp\/v2\/types\/page"}],"author":[{"embeddable":true,"href":"https:\/\/elfsight.com\/pt\/wp-json\/wp\/v2\/users\/9"}],"replies":[{"embeddable":true,"href":"https:\/\/elfsight.com\/pt\/wp-json\/wp\/v2\/comments?post=11282"}],"version-history":[{"count":2,"href":"https:\/\/elfsight.com\/pt\/wp-json\/wp\/v2\/pages\/11282\/revisions"}],"predecessor-version":[{"id":12988,"href":"https:\/\/elfsight.com\/pt\/wp-json\/wp\/v2\/pages\/11282\/revisions\/12988"}],"up":[{"embeddable":true,"href":"https:\/\/elfsight.com\/pt\/wp-json\/wp\/v2\/pages\/5172"}],"wp:attachment":[{"href":"https:\/\/elfsight.com\/pt\/wp-json\/wp\/v2\/media?parent=11282"}],"curies":[{"name":"wp","href":"https:\/\/api.w.org\/{rel}","templated":true}]}}