{"id":11276,"date":"2024-05-03T06:40:37","date_gmt":"2024-05-03T06:40:37","guid":{"rendered":"https:\/\/elfsight.com\/pt\/?page_id=11276"},"modified":"2025-10-23T15:00:14","modified_gmt":"2025-10-23T15:00:14","slug":"shopify","status":"publish","type":"page","link":"https:\/\/elfsight.com\/pt\/linkedin-feed-widget\/shopify\/","title":{"rendered":"LinkedIn Feed &#8211; Shopify"},"content":{"rendered":"\n<div class=\"application-platform-content-item-description application-platform-content-item\" id=\"description\" data-nav-section=\"description\"> <h2>Incorpore o LinkedIn Feed no Shopify gratuitamente!<\/h2> <p>O widget LinkedIn Feed \u00e9 a ferramenta perfeita para as empresas apresentarem e promoverem seu conte\u00fado do LinkedIn nos sites do Shopify: exibir postagens, fotos, clipes, etc. A instala\u00e7\u00e3o do widget \u00e9 simples &#8211; sem necessidade de codifica\u00e7\u00e3o ou habilidades t\u00e9cnicas. <\/p> <p>Crie uma apar\u00eancia que atenda \u00e0s prefer\u00eancias do seu site e mantenha-se fiel \u00e0 marca testando atributos de feed personalizados, modelos, layouts e estilos de postagem. Adicione um efeito pop-up como uma a\u00e7\u00e3o p\u00f3s-clique para chamar a aten\u00e7\u00e3o dos usu\u00e1rios. Por \u00faltimo, aproveite a maior confian\u00e7a e a marca proeminentemente estabelecida no setor.<\/p> <ul><li><strong>Aprimore seus canais de networking com a p\u00e1gina corporativa do LinkedIn.<\/strong><br>Desperte novas conex\u00f5es no neg\u00f3cio mundo e amplie a contagem de leads aproveitando o conte\u00fado do seu perfil do LinkedIn.<\/li><li><strong>Amplie seu n\u00famero de seguidores no LinkedIn.<\/strong><br>Destaque sua presen\u00e7a no LinkedIn na comunidade de usu\u00e1rios do Shopify e desperte forte interesse em suas ofertas.<\/li><li><strong>Aumente a autenticidade do seu neg\u00f3cio.<\/strong><br>Adicione uma camada extra de credibilidade e confiabilidade \u00e0 sua marca, exibindo as atividades mais recentes do LinkedIn diretamente na p\u00e1gina do site. <\/li><\/ul><p><b>Incorpore o plug-in LinkedIn Feed sem c\u00f3digo no site da Shopify para fomentar a credibilidade, promover a autenticidade e expandir sua rede aproveitando uma forte confirma\u00e7\u00e3o social.<\/b><\/p> <div class=\"faq\" data-component=\"FAQ\"><div class=\"faq-item\">\r\n\t\t\t\t\t<div class=\"faq-item-question\">\r\n\t\t\t\t\t\t<h3 class=\"faq-item-question-text\">Existem outras ferramentas do Shopify que eu possa usar no meu site?<\/h3>\r\n\r\n\t\t\t\t\t\t<div class=\"faq-item-question-icon\"><\/div>\r\n\t\t\t\t\t<\/div>\r\n\r\n\t\t\t\t\t<div class=\"faq-item-answer\">\r\n\t\t\t\t\t\t<div class=\"faq-item-answer-text\"><p>Sim, de fato! Como usu\u00e1rio do Shopify, a Elfsight oferece dezenas de ferramentas sem c\u00f3digo para adicionar ao seu site, incluindo o plugin LinkedIn Feed. N\u00e3o importa o tipo de neg\u00f3cio que voc\u00ea possui ou o nicho espec\u00edfico em que atua, sempre h\u00e1 oportunidades para mostrar seus pontos fortes. Aqui est\u00e3o algumas ideias para adicionar \u00e0 sua lista:<\/p><ul><li>Para criar qualquer outro aplicativo de m\u00eddia social para o seu site da Shopify semelhante ao plug-in LinkedIn Feed, considere usar <a href=\"https:\/\/elfsight.com\/pinterest-feed-widget\/\">Feed do Pinterest<\/a> ou <a href=\"https:\/\/elfsight.com\/instagram-feed-instashow\/\">Feed do Instagram<\/a> widget.<\/li><li>Aproveite as <a href=\"https:\/\/elfsight.com\/all-in-one-reviews-widget\/\">Avalia\u00e7\u00f5es completas<\/a> ou <a href=\"https:\/\/elfsight.com\/google-reviews-widget\/\">Plugin do Google Reviews<\/a> para exibir feedback dos clientes.<\/li><li>Incorpore o <a href=\"https:\/\/elfsight.com\/online-form-builder\/\">Formul\u00e1rio<\/a> para coletar respostas e permitir que os usu\u00e1rios do Shopify entrem em contato com voc\u00ea.<\/li> <li>Adicione o <a href=\"https:\/\/elfsight.com\/countdown-timer-widget\/\">Cron\u00f4metro de contagem regressiva<\/a> para criar antecipa\u00e7\u00e3o e criar uma sensa\u00e7\u00e3o de escassez entre o p\u00fablico.<\/li><\/ul><p>E lembre-se, estes s\u00e3o apenas alguns exemplos incorporados da vasta gama de adi\u00e7\u00f5es que podem atender \u00e0s suas necessidades comerciais espec\u00edficas. Comece com o LinkedIn Feed sem c\u00f3digo para voltar mais tarde e explorar a extensa sele\u00e7\u00e3o de widgets para adicionar ao seu site!<\/p><\/div>\r\n\t\t\t\t\t<\/div>\r\n\t\t\t\t<\/div><div class=\"faq-item\">\r\n\t\t\t\t\t<div class=\"faq-item-question\">\r\n\t\t\t\t\t\t<h3 class=\"faq-item-question-text\">Como incorporar o LinkedIn Feed gratuitamente no Shopify?<\/h3>\r\n\r\n\t\t\t\t\t\t<div class=\"faq-item-question-icon\"><\/div>\r\n\t\t\t\t\t<\/div>\r\n\r\n\t\t\t\t\t<div class=\"faq-item-answer\">\r\n\t\t\t\t\t\t<div class=\"faq-item-answer-text\"> <p>Se voc\u00ea quiser adicionar o widget LinkedIn Feed ao seu site da Shopify gratuitamente, siga estas instru\u00e7\u00f5es:<\/p> <ol><li>Personalize a apar\u00eancia do widget LinkedIn Feed para combinar com o estilo de design do seu site. <\/li><li>Fa\u00e7a login no painel da Elfsight ou crie uma conta gratuita.<\/li><li>Receba o c\u00f3digo exclusivo do widget de instala\u00e7\u00e3o.<\/li><li>Acesse seu site do Shopify.<\/li> <li>Cole o c\u00f3digo no construtor de sites do Shopify para adicionar o plugin LinkedIn Feed. Pronto!<\/li><\/ol><p>Como \u00e9 evidente pelo contexto, n\u00e3o h\u00e1 necessidade de dominar a escrita de c\u00f3digo para incorporar o plugin. Crie o widget de feed do LinkedIn sem c\u00f3digo para um site do Shopify com facilidade e aproveite todos os benef\u00edcios que adv\u00eam da expans\u00e3o do seu p\u00fablico.<\/p><\/div>\r\n\t\t\t\t\t<\/div>\r\n\t\t\t\t<\/div><div class=\"faq-item\">\r\n\t\t\t\t\t<div class=\"faq-item-question\">\r\n\t\t\t\t\t\t<h3 class=\"faq-item-question-text\">Preciso saber como codificar ou ter programa\u00e7\u00e3o habilidades para adicionar o feed do LinkedIn ao Shopify?<\/h3>\r\n\r\n\t\t\t\t\t\t<div class=\"faq-item-question-icon\"><\/div>\r\n\t\t\t\t\t<\/div>\r\n\r\n\t\t\t\t\t<div class=\"faq-item-answer\">\r\n\t\t\t\t\t\t<div class=\"faq-item-answer-text\"><p>N\u00e3o, voc\u00ea n\u00e3o precisa. Quaisquer habilidades anteriores de codifica\u00e7\u00e3o n\u00e3o s\u00e3o necess\u00e1rias. Voc\u00ea pode criar e adicionar o plug-in LinkedIn Feed ao seu site da Shopify, mesmo sem qualquer conhecimento especializado ou experi\u00eancia anterior em c\u00f3digo.<\/p> <\/div>\r\n\t\t\t\t\t<\/div>\r\n\t\t\t\t<\/div><\/div><\/div> <div class=\"application-platform-content-item-features application-platform-content-item\" id=\"features\" data-nav-section=\"features\"> <h2>Estes s\u00e3o apenas alguns dos recursos avan\u00e7ados do widget:<\/h2> <ul><li>Exibir todos os tipos de conte\u00fado do LinkedIn: postagens de blog, fotos, clipes, etc.<\/li><li>Filtrar postagens de feed por palavras-chave, hashtags ou URLs.<\/li><li>Bot\u00f5es de call to action para melhorar a taxa de engajamento no feed do LinkedIn da sua empresa.<\/li><li>Modo pop-up din\u00e2mico para chamar a aten\u00e7\u00e3o para o conte\u00fado do LinkedIn.<\/li><li>Personaliza\u00e7\u00e3o sem c\u00f3digo com configura\u00e7\u00f5es de design avan\u00e7adas: modelos prontos para uso, criador de esquema de cores, v\u00e1rios designs de layout, estilos de postagem, CSS personalizado e muito mais.<\/li><\/ul><p><a href=\"#demo\">Experimente todos os recursos de personaliza\u00e7\u00e3o em uma demonstra\u00e7\u00e3o totalmente funcional<\/a><\/p> <\/div> <div class=\"application-platform-content-item-installation application-platform-content-item\" id=\"installation\" data-nav-section=\"installation\"> <h2>Como posso incorporar o feed do LinkedIn no meu site da Shopify? <\/h2> <div class=\"video-container\">\n<iframe width=\"720\" height=\"405\" src=\"https:\/\/www.youtube.com\/embed\/mMCEA3jhXts?si=UQs3a3dJL5jW-2tp\" frameborder=\"0\" allowfullscreen=\"\"><\/iframe>\n<\/div><p>Se voc\u00ea deseja adicionar o plug-in LinkedIn Feed sem c\u00f3digo ao seu site da Shopify, execute as seguintes a\u00e7\u00f5es:<\/p> <ol><li><b>Use nosso editor gratuito e comece criando seu widget personalizado de feed do LinkedIn.<\/b><br> Especifique o layout selecionado e as caracter\u00edsticas do plugin e salve as modifica\u00e7\u00f5es.<\/li> <li><b>Obtenha o c\u00f3digo individual revelado na janela dos aplicativos Elfsight. <\/b><br> Logo ap\u00f3s a conclus\u00e3o da gera\u00e7\u00e3o da sua ferramenta, copie o c\u00f3digo individual no pop-up que aparece e guarde-o para uso futuro.<\/li> <li><b>Comece a usar o widget no seu Site Shopify.<\/b><br> Adicione o c\u00f3digo que voc\u00ea salvou anteriormente ao seu site e aplique as corre\u00e7\u00f5es.<\/li> <li><b>A instala\u00e7\u00e3o foi realizada com sucesso.<\/b><br> Ir acesse seu site para observar o trabalho do plug-in de feed do LinkedIn.<\/li><\/ol> <p>Caso tenha d\u00favidas ou enfrente alguns obst\u00e1culos no processo de incorpora\u00e7\u00e3o, procure ajuda de nossa equipe de suporte. Nosso pessoal ter\u00e1 prazer em resolver todas as dificuldades que voc\u00ea possa ter com o plugin LinkedIn Feed sem c\u00f3digo para sites Shopify.<\/p> <\/div>\n","protected":false},"excerpt":{"rendered":"","protected":false},"author":9,"featured_media":0,"parent":5172,"menu_order":0,"comment_status":"closed","ping_status":"closed","template":"templates\/template-application-platform.php","meta":{"publish_to_discourse":"","publish_post_category":"","wpdc_auto_publish_overridden":"","wpdc_topic_tags":"","wpdc_pin_topic":"","wpdc_pin_until":"","discourse_post_id":"","discourse_permalink":"","wpdc_publishing_response":"","wpdc_publishing_error":"","footnotes":""},"class_list":["post-11276","page","type-page","status-publish","hentry"],"yoast_head":"<!-- This site is optimized with the Yoast SEO plugin v25.3.1 - https:\/\/yoast.com\/wordpress\/plugins\/seo\/ -->\n<title>Feed do LinkedIn - Adicione o aplicativo Feed ao Shopify [de gra\u00e7a!]<\/title>\n<meta name=\"description\" content=\"Incorpore o aplicativo LinkedIn Feed sem codifica\u00e7\u00e3o ao seu site da Shopify. Crie seu widget usando uma demonstra\u00e7\u00e3o ao vivo e modelos pr\u00e9-fabricados para ter uma prova social forte.\" \/>\n<meta name=\"robots\" content=\"index, follow, max-snippet:-1, max-image-preview:large, max-video-preview:-1\" \/>\n<link rel=\"canonical\" href=\"https:\/\/elfsight.com\/pt\/linkedin-feed-widget\/shopify\/\" \/>\n<meta property=\"og:locale\" content=\"pt_PT\" \/>\n<meta property=\"og:type\" content=\"article\" \/>\n<meta property=\"og:title\" content=\"Feed do LinkedIn - Adicione o aplicativo Feed ao Shopify [de gra\u00e7a!]\" \/>\n<meta property=\"og:description\" content=\"Incorpore o aplicativo LinkedIn Feed sem codifica\u00e7\u00e3o ao seu site da Shopify. Crie seu widget usando uma demonstra\u00e7\u00e3o ao vivo e modelos pr\u00e9-fabricados para ter uma prova social forte.\" \/>\n<meta property=\"og:url\" content=\"https:\/\/elfsight.com\/pt\/linkedin-feed-widget\/shopify\/\" \/>\n<meta property=\"og:site_name\" content=\"Elfsight PT\" \/>\n<meta property=\"article:modified_time\" content=\"2025-10-23T15:00:14+00:00\" \/>\n<meta name=\"twitter:card\" content=\"summary_large_image\" \/>\n<meta name=\"twitter:label1\" content=\"Tempo estimado de leitura\" \/>\n\t<meta name=\"twitter:data1\" content=\"5 minutos\" \/>\n<!-- \/ Yoast SEO plugin. -->","yoast_head_json":{"title":"Feed do LinkedIn - Adicione o aplicativo Feed ao Shopify [de gra\u00e7a!]","description":"Incorpore o aplicativo LinkedIn Feed sem codifica\u00e7\u00e3o ao seu site da Shopify. Crie seu widget usando uma demonstra\u00e7\u00e3o ao vivo e modelos pr\u00e9-fabricados para ter uma prova social forte.","robots":{"index":"index","follow":"follow","max-snippet":"max-snippet:-1","max-image-preview":"max-image-preview:large","max-video-preview":"max-video-preview:-1"},"canonical":"https:\/\/elfsight.com\/pt\/linkedin-feed-widget\/shopify\/","og_locale":"pt_PT","og_type":"article","og_title":"Feed do LinkedIn - Adicione o aplicativo Feed ao Shopify [de gra\u00e7a!]","og_description":"Incorpore o aplicativo LinkedIn Feed sem codifica\u00e7\u00e3o ao seu site da Shopify. Crie seu widget usando uma demonstra\u00e7\u00e3o ao vivo e modelos pr\u00e9-fabricados para ter uma prova social forte.","og_url":"https:\/\/elfsight.com\/pt\/linkedin-feed-widget\/shopify\/","og_site_name":"Elfsight PT","article_modified_time":"2025-10-23T15:00:14+00:00","twitter_card":"summary_large_image","twitter_misc":{"Tempo estimado de leitura":"5 minutos"},"schema":{"@context":"https:\/\/schema.org","@graph":[{"@type":"WebPage","@id":"https:\/\/elfsight.com\/pt\/linkedin-feed-widget\/shopify\/","url":"https:\/\/elfsight.com\/pt\/linkedin-feed-widget\/shopify\/","name":"Feed do LinkedIn - Adicione o aplicativo Feed ao Shopify [de gra\u00e7a!]","isPartOf":{"@id":"https:\/\/elfsight.com\/pt\/#website"},"datePublished":"2024-05-03T06:40:37+00:00","dateModified":"2025-10-23T15:00:14+00:00","description":"Incorpore o aplicativo LinkedIn Feed sem codifica\u00e7\u00e3o ao seu site da Shopify. Crie seu widget usando uma demonstra\u00e7\u00e3o ao vivo e modelos pr\u00e9-fabricados para ter uma prova social forte.","breadcrumb":{"@id":"https:\/\/elfsight.com\/pt\/linkedin-feed-widget\/shopify\/#breadcrumb"},"inLanguage":"pt-PT","potentialAction":[{"@type":"ReadAction","target":["https:\/\/elfsight.com\/pt\/linkedin-feed-widget\/shopify\/"]}]},{"@type":"BreadcrumbList","@id":"https:\/\/elfsight.com\/pt\/linkedin-feed-widget\/shopify\/#breadcrumb","itemListElement":[{"@type":"ListItem","position":1,"name":"Home","item":"https:\/\/elfsight.com\/pt\/"},{"@type":"ListItem","position":2,"name":"LinkedIn Feed","item":"https:\/\/elfsight.com\/pt\/linkedin-feed-widget\/"},{"@type":"ListItem","position":3,"name":"LinkedIn Feed &#8211; Shopify"}]},{"@type":"WebSite","@id":"https:\/\/elfsight.com\/pt\/#website","url":"https:\/\/elfsight.com\/pt\/","name":"Elfsight PT","description":"Just another Elfsight Sites site","potentialAction":[{"@type":"SearchAction","target":{"@type":"EntryPoint","urlTemplate":"https:\/\/elfsight.com\/pt\/?s={search_term_string}"},"query-input":{"@type":"PropertyValueSpecification","valueRequired":true,"valueName":"search_term_string"}}],"inLanguage":"pt-PT"}]}},"meta_box":{"industry":"","seo_heading":"","heading":"","description":"","cta_heading":"","cta_description":"","application":"5159","h1":"Como incorporar o feed do LinkedIn no Shopify gratuitamente!","h1_caption":"Transmita atualiza\u00e7\u00f5es, recursos visuais e clipes da empresa LinkedIn em seu site","application_category":[],"applications_title":"","applications_request_title":"","applications_request_button_text":"","hero_text":"","hero_video":"","hero_video_schema_markup":"","selling_points_title":"","selling_points_caption":"","selling_points":[],"selling_points_cta_text":"","features_title":"","features":"","ed_cta_examples_text":"","ed_cta_examples_hidden":"","ed_cta_demo_text":"","ed_cta_demo_hidden":"","why_caption":"","why_editor_title":"","why_editor_text":"","why_team_title":"","why_team_text":"","why_service_title":"","why_service_text":"","template_catalog_visible":"0","template_catalog_title":"","template_catalog_text":"","template_catalog_categories_visible":"","demo_title":"Crie seu aplicativo de feed do LinkedIn","demo_caption":"Configure seu feed do LinkedIn e adicione-o ao seu site Shopify gratuitamente!","default_faq_hidden":"","app_template_category":[],"platform":"64","template_public_id":"","codecanyon_url":"","codecanyon_item_id":"","codecanyon_price":"","pricing_caption":"","pricing_elfsight_apps_hide_column":"","pricing_elfsight_apps_url":"","pricing_codecanyon_price_caption":"","integration_category":[],"integration_request_title":"","integration_request_cta":"","integration_platform":"","integrations":[],"platform_category":[],"video_schema_markup":"","price":"a partir de US$ 0\/m\u00eas","trial":"","benefits":[{"text":"Assist\u00eancia de instala\u00e7\u00e3o gratuita"},{"text":"Suporte ao cliente experiente"},{"text":"Garantia de reembolso de 14 dias"},{"text":"Atualizando constantemente"}],"button_url":"#demo","button_target_blank":"0","button_nofollow":"0","attributes":[{"name":"Instala\u00e7\u00f5es","content":"10,000 - 100,000"},{"name":"Responsivo","content":"Sim"},{"name":"Navegadores compat\u00edveis","content":"Firefox, Safari, Opera, Chrome, Edge"}],"tags":[],"tags_disable_links":"0","hide_more_platforms":"0","video_object":"","demo_hide_cta":"0","demo_hide_cloud_options":"0","pricing_title":"","pricing":[{"pricing_icon":"platform","pricing_title":"Elfsight Apps","pricing_title_caption":"Vers\u00e3o independente de plataforma que funciona em qualquer site","pricing_price":"a partir de US$ 0\/m\u00eas","pricing_price_caption":"comece com um plano gratuito","pricing_benefits":[{"text":"Sites ilimitados"},{"text":"Suporte profissional e pontual e bem documentado"},{"text":"Suporte profissional e pontual e bem documentado"},{"text":"Totalmente personaliz\u00e1vel"}],"pricing_button_text":"Adicionar ao site","pricing_button_url":"#demo"}],"related_apps_title":"","related_apps_hidden":"0","author":"","image":[],"title":"","job":"","social_networks":[]},"_links":{"self":[{"href":"https:\/\/elfsight.com\/pt\/wp-json\/wp\/v2\/pages\/11276","targetHints":{"allow":["GET"]}}],"collection":[{"href":"https:\/\/elfsight.com\/pt\/wp-json\/wp\/v2\/pages"}],"about":[{"href":"https:\/\/elfsight.com\/pt\/wp-json\/wp\/v2\/types\/page"}],"author":[{"embeddable":true,"href":"https:\/\/elfsight.com\/pt\/wp-json\/wp\/v2\/users\/9"}],"replies":[{"embeddable":true,"href":"https:\/\/elfsight.com\/pt\/wp-json\/wp\/v2\/comments?post=11276"}],"version-history":[{"count":3,"href":"https:\/\/elfsight.com\/pt\/wp-json\/wp\/v2\/pages\/11276\/revisions"}],"predecessor-version":[{"id":15154,"href":"https:\/\/elfsight.com\/pt\/wp-json\/wp\/v2\/pages\/11276\/revisions\/15154"}],"up":[{"embeddable":true,"href":"https:\/\/elfsight.com\/pt\/wp-json\/wp\/v2\/pages\/5172"}],"wp:attachment":[{"href":"https:\/\/elfsight.com\/pt\/wp-json\/wp\/v2\/media?parent=11276"}],"curies":[{"name":"wp","href":"https:\/\/api.w.org\/{rel}","templated":true}]}}