{"id":11275,"date":"2024-05-03T06:40:36","date_gmt":"2024-05-03T06:40:36","guid":{"rendered":"https:\/\/elfsight.com\/pt\/?page_id=11275"},"modified":"2025-11-06T13:03:35","modified_gmt":"2025-11-06T13:03:35","slug":"webflow","status":"publish","type":"page","link":"https:\/\/elfsight.com\/pt\/linkedin-feed-widget\/webflow\/","title":{"rendered":"LinkedIn Feed &#8211; Webflow"},"content":{"rendered":"\n<div class=\"application-platform-content-item-description application-platform-content-item\" id=\"description\" data-nav-section=\"description\"> <h2>Incorpore o feed do LinkedIn no Webflow gratuitamente!<\/h2> <p>O plugin LinkedIn Feed \u00e9 a melhor solu\u00e7\u00e3o para empresas compartilharem e anunciarem seu conte\u00fado do LinkedIn em sites Webflow: exibir postagens, imagens, v\u00eddeos, etc. A instala\u00e7\u00e3o do widget leva segundos &#8211; sem a necessidade de codifica\u00e7\u00e3o ou conhecimento t\u00e9cnico.<\/p> <p>Crie um estilo que atenda \u00e0s prefer\u00eancias do seu site e siga as tend\u00eancias experimentando elementos de feed personalizados, modelos, layouts e estilos de postagem. Adicione um modo pop-up como uma a\u00e7\u00e3o p\u00f3s-clique para chamar a aten\u00e7\u00e3o dos usu\u00e1rios. Por \u00faltimo, aproveite a confian\u00e7a gerada e a marca proeminentemente estabelecida no setor.<\/p> <ul><li><strong>Aumente o alcance de seu networking com a p\u00e1gina corporativa do LinkedIn.<\/strong><br>Desperte novas conex\u00f5es no neg\u00f3cio mundo e aumente o n\u00famero de leads usando o conte\u00fado do seu perfil do LinkedIn.<\/li><li><strong>Aumente o n\u00famero de seguidores no LinkedIn.<\/strong><br>Destaque sua presen\u00e7a no LinkedIn entre os usu\u00e1rios do site Webflow e promova um interesse significativo em seus servi\u00e7os.<\/li><li><strong>Eleve a autenticidade do seu neg\u00f3cio.<\/strong><br>D\u00ea \u00e0 sua marca um impulso extra em credibilidade e confiabilidade, exibindo as atividades mais recentes do LinkedIn diretamente na p\u00e1gina do site. <\/li><\/ul><p><b>Adicione o widget LinkedIn Feed sem c\u00f3digo ao site Webflow para refor\u00e7ar a confiabilidade, mostrar autenticidade e expandir sua rede com provas sociais atraentes.<\/b><\/p> <div class=\"faq\" data-component=\"FAQ\"><div class=\"faq-item\">\r\n\t\t\t\t\t<div class=\"faq-item-question\">\r\n\t\t\t\t\t\t<h3 class=\"faq-item-question-text\">Existem outras ferramentas para Webflow que eu possa usar no meu site?<\/h3>\r\n\r\n\t\t\t\t\t\t<div class=\"faq-item-question-icon\"><\/div>\r\n\t\t\t\t\t<\/div>\r\n\r\n\t\t\t\t\t<div class=\"faq-item-answer\">\r\n\t\t\t\t\t\t<div class=\"faq-item-answer-text\"><p>Sim, claro! Como usu\u00e1rio do Webflow, a Elfsight oferece in\u00fameras ferramentas sem c\u00f3digo para adicionar ao seu site, incluindo o plugin LinkedIn Feed. Independentemente do seu nicho de neg\u00f3cio ou setor, sempre h\u00e1 oportunidades para mostrar seus pontos fortes. Por exemplo:<\/p><ul><li>Para criar qualquer outro aplicativo de m\u00eddia social para o seu site Webflow semelhante ao plug-in LinkedIn Feed, considere experimentar o <a href=\"https:\/\/elfsight.com\/pinterest-feed-widget\/\">Feed do Pinterest<\/a> ou widget <a href=\"https:\/\/elfsight.com\/instagram-feed-instashow\/\">Feed do Instagram<\/a>.<\/li><li>Obtenha voc\u00ea mesmo as <a href=\"https:\/\/elfsight.com\/all-in-one-reviews-widget\/\">Avalia\u00e7\u00f5es completas<\/a> ou <a href=\"https:\/\/elfsight.com\/google-reviews-widget\/\">Google Reviews<\/a> para exibir feedback dos clientes.<\/li><li>Incorpore o <a href=\"https:\/\/elfsight.com\/online-form-builder\/\">Form Builder<\/a> para agilizar a coleta de respostas e permitir que os usu\u00e1rios do Webflow entrem em contato com voc\u00ea.<\/li> <li>Adicione o <a href=\"https:\/\/elfsight.com\/countdown-timer-widget\/\"> Widget de contagem regressiva<\/a> para criar engajamento e criar uma sensa\u00e7\u00e3o de escassez entre o p\u00fablico.<\/li><\/ul><p>Esses exemplos incorporados apenas arranham a superf\u00edcie da vasta gama de adi\u00e7\u00f5es que podem abranger seu neg\u00f3cio espec\u00edfico precisa. Comece com o feed do LinkedIn sem c\u00f3digo e depois explore a variedade restante de widgets em nosso cat\u00e1logo para adicionar ao seu site!<\/p><\/div>\r\n\t\t\t\t\t<\/div>\r\n\t\t\t\t<\/div><div class=\"faq-item\">\r\n\t\t\t\t\t<div class=\"faq-item-question\">\r\n\t\t\t\t\t\t<h3 class=\"faq-item-question-text\">Como incorporar o feed do LinkedIn gratuitamente no Webflow?<\/h3>\r\n\r\n\t\t\t\t\t\t<div class=\"faq-item-question-icon\"><\/div>\r\n\t\t\t\t\t<\/div>\r\n\r\n\t\t\t\t\t<div class=\"faq-item-answer\">\r\n\t\t\t\t\t\t<div class=\"faq-item-answer-text\"> <p>Se voc\u00ea deseja adicionar gratuitamente o plug-in LinkedIn Feed sem c\u00f3digo ao seu site Webflow, siga as seguintes etapas:<\/p> <ol><li>Personalize a apar\u00eancia do plug-in LinkedIn Feed de acordo com suas prefer\u00eancias.<\/li><li>Fa\u00e7a login no painel de administra\u00e7\u00e3o da Elfsight ou registre um perfil de usu\u00e1rio gratuito.<\/li><li>Obtenha o c\u00f3digo de incorpora\u00e7\u00e3o gerado automaticamente.<\/li><li>Acesse o site do Webflow.<\/li><li> li&gt;<li>Insira o c\u00f3digo no editor do site Webflow para adicionar o widget LinkedIn Feed. Pronto!<\/li><\/ol><p>Como voc\u00ea pode ver, n\u00e3o h\u00e1 necessidade de se destacar na escrita de c\u00f3digo para incorporar o plugin. Crie um widget de feed do LinkedIn sem c\u00f3digo para um site Webflow com facilidade e aproveite os in\u00fameros benef\u00edcios que acompanham o processo de expans\u00e3o de seu alcance.<\/p><\/div>\r\n\t\t\t\t\t<\/div>\r\n\t\t\t\t<\/div><div class=\"faq-item\">\r\n\t\t\t\t\t<div class=\"faq-item-question\">\r\n\t\t\t\t\t\t<h3 class=\"faq-item-question-text\">Preciso saber como codificar ou ter habilidades de programa\u00e7\u00e3o para incorporar o feed do LinkedIn no Webflow?<\/h3>\r\n\r\n\t\t\t\t\t\t<div class=\"faq-item-question-icon\"><\/div>\r\n\t\t\t\t\t<\/div>\r\n\r\n\t\t\t\t\t<div class=\"faq-item-answer\">\r\n\t\t\t\t\t\t<div class=\"faq-item-answer-text\"><p>De jeito nenhum. N\u00e3o h\u00e1 nenhum requisito para qualquer habilidade de codifica\u00e7\u00e3o. Voc\u00ea pode criar e adicionar o plug-in LinkedIn Feed ao seu site Webflow, independentemente de sua familiaridade ou experi\u00eancia em escrever c\u00f3digo.<\/p> <\/div>\r\n\t\t\t\t\t<\/div>\r\n\t\t\t\t<\/div><\/div><\/div> <div class=\"application-platform-content-item-features application-platform-content-item\" id=\"features\" data-nav-section=\"features\"> <h2>Os recursos essenciais do widget incluem<\/h2> <ul><li>Promover v\u00e1rias formas de conte\u00fado: postagens de blog, imagens, v\u00eddeos, etc.<\/li><li>Classificar postagens de feed por palavras-chave, hashtags ou filtros de URL. <\/li><li>Adicione bot\u00f5es de apelo \u00e0 a\u00e7\u00e3o para aumentar a visibilidade do feed da sua empresa no LinkedIn.<\/li><li>Modo pop-up din\u00e2mico para chamar a aten\u00e7\u00e3o das pessoas para o seu conte\u00fado do LinkedIn.<\/li><li> Op\u00e7\u00f5es f\u00e1ceis de personaliza\u00e7\u00e3o sem necessidade de escrever c\u00f3digo: modelos prontos para uso, gerador de esquema de cores, designs de layout, estilos de postagem, CSS personalizado e muito mais.<\/li><\/ul><p><a href=\" #demo\">Voc\u00ea pode explorar o valor do widget com a ajuda da demonstra\u00e7\u00e3o<\/a><\/p> <\/div> <div class=\"application-platform-content-item-installation application-platform-content-item\" id=\"installation\" data-nav-section=\"installation\"> <h2>Como posso incorporar o feed do LinkedIn em meu fluxo da web site?<\/h2> <div class=\"video-container\">\n<iframe width=\"720\" height=\"405\" src=\"https:\/\/www.youtube.com\/embed\/xWzKn3AayFk?si=eebeKoEBX_fRxpJc\" frameborder=\"0\" allowfullscreen=\"\"><\/iframe>\n<\/div><p>Para adicionar o plug-in LinkedIn Feed ao seu site Webflow, siga as etapas abaixo:<\/p> <ol><li><b>Use nossa demonstra\u00e7\u00e3o gratuita e comece a criar seu pr\u00f3prio widget de feed do LinkedIn .<\/b><br> Encontre o layout personalizado e as op\u00e7\u00f5es da ferramenta e adicione as corre\u00e7\u00f5es.<\/li> <li><b>Copie seu c\u00f3digo pessoal que aparece no formul\u00e1rio especial nos aplicativos Elfsight.<\/b><br> Logo ap\u00f3s a configura\u00e7\u00e3o da sua ferramenta, copie o c\u00f3digo individual na caixa que apareceu e guarde-o para uso futuro.<\/li> <li><b>Comece a usar o plugin em seu site Webflow.<\/b><br> Adicione o c\u00f3digo que voc\u00ea copiou recentemente em seu site e aplique as edi\u00e7\u00f5es.<\/li> <li><b>A instala\u00e7\u00e3o est\u00e1 totalmente conclu\u00edda.<\/b><br> Acesse seu site para ver o funcionamento do plugin LinkedIn Feed.<\/li><\/ol> <p>Se voc\u00ea tiver alguma dificuldade com o processo de incorpora\u00e7\u00e3o, entre em contato com nossa equipe de atendimento ao cliente. Nossos consultores ter\u00e3o prazer em resolver todos os problemas que voc\u00ea possa ter com o widget LinkedIn Feed sem c\u00f3digo para sites Webflow.<\/p> <\/div>\n","protected":false},"excerpt":{"rendered":"","protected":false},"author":9,"featured_media":0,"parent":5172,"menu_order":0,"comment_status":"closed","ping_status":"closed","template":"templates\/template-application-platform.php","meta":{"publish_to_discourse":"","publish_post_category":"","wpdc_auto_publish_overridden":"","wpdc_topic_tags":"","wpdc_pin_topic":"","wpdc_pin_until":"","discourse_post_id":"","discourse_permalink":"","wpdc_publishing_response":"","wpdc_publishing_error":"","footnotes":""},"class_list":["post-11275","page","type-page","status-publish","hentry"],"yoast_head":"<!-- This site is optimized with the Yoast SEO plugin v25.3.1 - https:\/\/yoast.com\/wordpress\/plugins\/seo\/ -->\n<title>Feed do LinkedIn - Adicione widget de feed ao Webflow [de gra\u00e7a!]<\/title>\n<meta name=\"description\" content=\"Incorpore o widget LinkedIn Feed sem codifica\u00e7\u00e3o em seu site Webflow. Crie seu plugin usando uma demonstra\u00e7\u00e3o ao vivo e modelos pr\u00e9-fabricados para ter uma prova social forte.\" \/>\n<meta name=\"robots\" content=\"index, follow, max-snippet:-1, max-image-preview:large, max-video-preview:-1\" \/>\n<link rel=\"canonical\" href=\"https:\/\/elfsight.com\/pt\/linkedin-feed-widget\/webflow\/\" \/>\n<meta property=\"og:locale\" content=\"pt_PT\" \/>\n<meta property=\"og:type\" content=\"article\" \/>\n<meta property=\"og:title\" content=\"Feed do LinkedIn - Adicione widget de feed ao Webflow [de gra\u00e7a!]\" \/>\n<meta property=\"og:description\" content=\"Incorpore o widget LinkedIn Feed sem codifica\u00e7\u00e3o em seu site Webflow. Crie seu plugin usando uma demonstra\u00e7\u00e3o ao vivo e modelos pr\u00e9-fabricados para ter uma prova social forte.\" \/>\n<meta property=\"og:url\" content=\"https:\/\/elfsight.com\/pt\/linkedin-feed-widget\/webflow\/\" \/>\n<meta property=\"og:site_name\" content=\"Elfsight PT\" \/>\n<meta property=\"article:modified_time\" content=\"2025-11-06T13:03:35+00:00\" \/>\n<meta name=\"twitter:card\" content=\"summary_large_image\" \/>\n<meta name=\"twitter:label1\" content=\"Tempo estimado de leitura\" \/>\n\t<meta name=\"twitter:data1\" content=\"5 minutos\" \/>\n<!-- \/ Yoast SEO plugin. -->","yoast_head_json":{"title":"Feed do LinkedIn - Adicione widget de feed ao Webflow [de gra\u00e7a!]","description":"Incorpore o widget LinkedIn Feed sem codifica\u00e7\u00e3o em seu site Webflow. Crie seu plugin usando uma demonstra\u00e7\u00e3o ao vivo e modelos pr\u00e9-fabricados para ter uma prova social forte.","robots":{"index":"index","follow":"follow","max-snippet":"max-snippet:-1","max-image-preview":"max-image-preview:large","max-video-preview":"max-video-preview:-1"},"canonical":"https:\/\/elfsight.com\/pt\/linkedin-feed-widget\/webflow\/","og_locale":"pt_PT","og_type":"article","og_title":"Feed do LinkedIn - Adicione widget de feed ao Webflow [de gra\u00e7a!]","og_description":"Incorpore o widget LinkedIn Feed sem codifica\u00e7\u00e3o em seu site Webflow. Crie seu plugin usando uma demonstra\u00e7\u00e3o ao vivo e modelos pr\u00e9-fabricados para ter uma prova social forte.","og_url":"https:\/\/elfsight.com\/pt\/linkedin-feed-widget\/webflow\/","og_site_name":"Elfsight PT","article_modified_time":"2025-11-06T13:03:35+00:00","twitter_card":"summary_large_image","twitter_misc":{"Tempo estimado de leitura":"5 minutos"},"schema":{"@context":"https:\/\/schema.org","@graph":[{"@type":"WebPage","@id":"https:\/\/elfsight.com\/pt\/linkedin-feed-widget\/webflow\/","url":"https:\/\/elfsight.com\/pt\/linkedin-feed-widget\/webflow\/","name":"Feed do LinkedIn - Adicione widget de feed ao Webflow [de gra\u00e7a!]","isPartOf":{"@id":"https:\/\/elfsight.com\/pt\/#website"},"datePublished":"2024-05-03T06:40:36+00:00","dateModified":"2025-11-06T13:03:35+00:00","description":"Incorpore o widget LinkedIn Feed sem codifica\u00e7\u00e3o em seu site Webflow. Crie seu plugin usando uma demonstra\u00e7\u00e3o ao vivo e modelos pr\u00e9-fabricados para ter uma prova social forte.","breadcrumb":{"@id":"https:\/\/elfsight.com\/pt\/linkedin-feed-widget\/webflow\/#breadcrumb"},"inLanguage":"pt-PT","potentialAction":[{"@type":"ReadAction","target":["https:\/\/elfsight.com\/pt\/linkedin-feed-widget\/webflow\/"]}]},{"@type":"BreadcrumbList","@id":"https:\/\/elfsight.com\/pt\/linkedin-feed-widget\/webflow\/#breadcrumb","itemListElement":[{"@type":"ListItem","position":1,"name":"Home","item":"https:\/\/elfsight.com\/pt\/"},{"@type":"ListItem","position":2,"name":"LinkedIn Feed","item":"https:\/\/elfsight.com\/pt\/linkedin-feed-widget\/"},{"@type":"ListItem","position":3,"name":"LinkedIn Feed &#8211; Webflow"}]},{"@type":"WebSite","@id":"https:\/\/elfsight.com\/pt\/#website","url":"https:\/\/elfsight.com\/pt\/","name":"Elfsight PT","description":"Just another Elfsight Sites site","potentialAction":[{"@type":"SearchAction","target":{"@type":"EntryPoint","urlTemplate":"https:\/\/elfsight.com\/pt\/?s={search_term_string}"},"query-input":{"@type":"PropertyValueSpecification","valueRequired":true,"valueName":"search_term_string"}}],"inLanguage":"pt-PT"}]}},"meta_box":{"industry":"","seo_heading":"","heading":"","description":"","cta_heading":"","cta_description":"","application":"5159","h1":"Como incorporar o feed do LinkedIn no Webflow gratuitamente!","h1_caption":"Exiba postagens, imagens e v\u00eddeos da empresa LinkedIn em seu site","application_category":[],"applications_title":"","applications_request_title":"","applications_request_button_text":"","hero_text":"","hero_video":"","hero_video_schema_markup":"","selling_points_title":"","selling_points_caption":"","selling_points":[],"selling_points_cta_text":"","features_title":"","features":"","ed_cta_examples_text":"","ed_cta_examples_hidden":"","ed_cta_demo_text":"","ed_cta_demo_hidden":"","why_caption":"","why_editor_title":"","why_editor_text":"","why_team_title":"","why_team_text":"","why_service_title":"","why_service_text":"","template_catalog_visible":"0","template_catalog_title":"","template_catalog_text":"","template_catalog_categories_visible":"","demo_title":"Crie seu widget de feed do LinkedIn","demo_caption":"Configure seu feed do LinkedIn e adicione-o ao seu site Webflow gratuitamente!","default_faq_hidden":"","app_template_category":[],"platform":"70","template_public_id":"","codecanyon_url":"","codecanyon_item_id":"","codecanyon_price":"","pricing_caption":"","pricing_elfsight_apps_hide_column":"","pricing_elfsight_apps_url":"","pricing_codecanyon_price_caption":"","integration_category":[],"integration_request_title":"","integration_request_cta":"","integration_platform":"","integrations":[],"platform_category":[],"video_schema_markup":"","price":"a partir de US$ 0\/m\u00eas","trial":"","benefits":[{"text":"Assist\u00eancia de instala\u00e7\u00e3o gratuita"},{"text":"Suporte ao cliente experiente"},{"text":"Garantia de devolu\u00e7\u00e3o do dinheiro em 14 dias"},{"text":"Atualizando constantemente"}],"button_url":"#demo","button_target_blank":"0","button_nofollow":"0","attributes":[{"name":"Instala\u00e7\u00f5es","content":"10,000 - 100,000"},{"name":"Responsivo","content":"Sim"},{"name":"Navegadores compat\u00edveis","content":"Firefox, Safari, Opera, Chrome, Edge"}],"tags":[],"tags_disable_links":"0","hide_more_platforms":"0","video_object":"","demo_hide_cta":"0","demo_hide_cloud_options":"0","pricing_title":"","pricing":[{"pricing_icon":"platform","pricing_title":"Elfsight Apps","pricing_title_caption":"Software independente de plataforma que funciona em qualquer site","pricing_price":"a partir de US$ 0\/m\u00eas","pricing_price_caption":"comece com um plano gratuito","pricing_benefits":[{"text":"Sites ilimitados"},{"text":"Suporte r\u00e1pido e pontual e bem documentado"},{"text":"Suporte r\u00e1pido e pontual e bem documentado"},{"text":"Design flex\u00edvel"}],"pricing_button_text":"Adicionar ao site","pricing_button_url":"#demo"}],"related_apps_title":"","related_apps_hidden":"0","author":"","image":[],"title":"","job":"","social_networks":[]},"_links":{"self":[{"href":"https:\/\/elfsight.com\/pt\/wp-json\/wp\/v2\/pages\/11275","targetHints":{"allow":["GET"]}}],"collection":[{"href":"https:\/\/elfsight.com\/pt\/wp-json\/wp\/v2\/pages"}],"about":[{"href":"https:\/\/elfsight.com\/pt\/wp-json\/wp\/v2\/types\/page"}],"author":[{"embeddable":true,"href":"https:\/\/elfsight.com\/pt\/wp-json\/wp\/v2\/users\/9"}],"replies":[{"embeddable":true,"href":"https:\/\/elfsight.com\/pt\/wp-json\/wp\/v2\/comments?post=11275"}],"version-history":[{"count":4,"href":"https:\/\/elfsight.com\/pt\/wp-json\/wp\/v2\/pages\/11275\/revisions"}],"predecessor-version":[{"id":15165,"href":"https:\/\/elfsight.com\/pt\/wp-json\/wp\/v2\/pages\/11275\/revisions\/15165"}],"up":[{"embeddable":true,"href":"https:\/\/elfsight.com\/pt\/wp-json\/wp\/v2\/pages\/5172"}],"wp:attachment":[{"href":"https:\/\/elfsight.com\/pt\/wp-json\/wp\/v2\/media?parent=11275"}],"curies":[{"name":"wp","href":"https:\/\/api.w.org\/{rel}","templated":true}]}}