{"id":11274,"date":"2024-05-03T06:40:35","date_gmt":"2024-05-03T06:40:35","guid":{"rendered":"https:\/\/elfsight.com\/pt\/?page_id=11274"},"modified":"2025-09-30T10:16:08","modified_gmt":"2025-09-30T10:16:08","slug":"html","status":"publish","type":"page","link":"https:\/\/elfsight.com\/pt\/linkedin-feed-widget\/html\/","title":{"rendered":"LinkedIn Feed &#8211; HTML"},"content":{"rendered":"\n<div class=\"application-platform-content-item-description application-platform-content-item\" id=\"description\" data-nav-section=\"description\"> <h2>Incorpore o feed do LinkedIn em HTML gratuitamente!<\/h2> <p>O widget Feed do LinkedIn \u00e9 a ferramenta ideal para as empresas mostrarem e promoverem seu conte\u00fado do LinkedIn em sites HTML: exibir postagens, imagens, clipes, etc. A integra\u00e7\u00e3o do widget \u00e9 f\u00e1cil &#8211; n\u00e3o s\u00e3o necess\u00e1rias habilidades de codifica\u00e7\u00e3o ou programa\u00e7\u00e3o.<\/p> <p>Crie uma apar\u00eancia que reflita as prefer\u00eancias do seu site e experimente testando atributos de feed personalizados, modelos, layouts e estilos de postagem. Adicione um efeito pop-up como uma a\u00e7\u00e3o p\u00f3s-clique para chamar a aten\u00e7\u00e3o dos usu\u00e1rios. E, por fim, aproveite o aumento da confian\u00e7a e mais oportunidades de branding.<\/p> <ul><li><strong>Aumente seus canais de networking com a p\u00e1gina corporativa do LinkedIn.<\/strong><br>Inicie novos relacionamentos no mundo do com\u00e9rcio e amplie a gera\u00e7\u00e3o de leads usando o conte\u00fado do seu perfil do LinkedIn.<\/li><li><strong>Amplie o n\u00famero de seguidores no LinkedIn.<\/strong><br>Ilumine sua presen\u00e7a no LinkedIn na comunidade de sites HTML e desperte grande interesse em suas ofertas.<\/li><li><strong>Fa\u00e7a seu neg\u00f3cio parecer mais genu\u00edno.<\/strong><br>Adicione uma camada adicional de credibilidade e confiabilidade \u00e0 sua marca, compartilhando as atividades mais recentes do LinkedIn diretamente na p\u00e1gina do site .<\/li><\/ul><p><b>Incorpore o plug-in LinkedIn Feed sem c\u00f3digo no site HTML para cultivar a confian\u00e7a, adicionar autenticidade e ampliar as oportunidades de networking, aproveitando uma forte valida\u00e7\u00e3o social.<\/b><\/p> <div class=\"faq\" data-component=\"FAQ\"><div class=\"faq-item\">\r\n\t\t\t\t\t<div class=\"faq-item-question\">\r\n\t\t\t\t\t\t<h3 class=\"faq-item-question-text\">Existem outras ferramentas para HTML que eu possa usar no meu site?<\/h3>\r\n\r\n\t\t\t\t\t\t<div class=\"faq-item-question-icon\"><\/div>\r\n\t\t\t\t\t<\/div>\r\n\r\n\t\t\t\t\t<div class=\"faq-item-answer\">\r\n\t\t\t\t\t\t<div class=\"faq-item-answer-text\"><p>Sim, certamente! Como usu\u00e1rio de HTML, voc\u00ea tem acesso a in\u00fameras ferramentas livres de c\u00f3digo da Elfsight, e o plugin LinkedIn Feed sem c\u00f3digo \u00e9 apenas uma entre as muitas op\u00e7\u00f5es dispon\u00edveis para o seu site. Independentemente do seu tipo de neg\u00f3cio ou nicho no setor, \u00e9 sempre ben\u00e9fico buscar oportunidades para mostrar seus pontos fortes e agregar novas ideias. Por exemplo:<\/p><ul><li>Para criar qualquer outro aplicativo de m\u00eddia social para o seu site HTML, experimente o <a href=\"https:\/\/elfsight.com\/pinterest-feed-widget\/\">Pinterest Feed<\/a> ou widget <a href=\"https:\/\/elfsight.com\/instagram-feed-instashow\/\">Feed do Instagram<\/a> junto com o plug-in Feed do LinkedIn.<\/li><li>Opte pelo <a href=\"https:\/\/elfsight.com\/all-in-one-reviews-widget\/\">Avalia\u00e7\u00f5es completas<\/a> ou <a href=\"https:\/\/elfsight.com\/google-reviews-widget\/\">Plugin do Google Reviews<\/a> para exibir coment\u00e1rios valiosos dos clientes.<\/li><li>Incorpore o <a href=\"https:\/\/elfsight.com\/online-form-builder\/\"> Plug-in Form Builder<\/a> para coletar respostas e permitir que seus usu\u00e1rios HTML se conectem com voc\u00ea.<\/li> <li>Adicione o <a href=\"https:\/\/elfsight.com\/countdown-timer-widget\/\"> Widget de contagem regressiva<\/a> para promover a antecipa\u00e7\u00e3o e criar um senso de urg\u00eancia no p\u00fablico do seu site.<\/li><\/ul><p>E lembre-se, essas sugest\u00f5es de incorpora\u00e7\u00e3o s\u00e3o apenas o come\u00e7o. Explore o restante do nosso cat\u00e1logo de widgets ap\u00f3s implementar o plug-in LinkedIn Feed sem c\u00f3digo para descobrir ainda mais maneiras de atender \u00e0s suas necessidades comerciais espec\u00edficas!<\/p><\/div>\r\n\t\t\t\t\t<\/div>\r\n\t\t\t\t<\/div><div class=\"faq-item\">\r\n\t\t\t\t\t<div class=\"faq-item-question\">\r\n\t\t\t\t\t\t<h3 class=\"faq-item-question-text\">Como incorporar o LinkedIn Feed gratuitamente em HTML?<\/h3>\r\n\r\n\t\t\t\t\t\t<div class=\"faq-item-question-icon\"><\/div>\r\n\t\t\t\t\t<\/div>\r\n\r\n\t\t\t\t\t<div class=\"faq-item-answer\">\r\n\t\t\t\t\t\t<div class=\"faq-item-answer-text\"><p>Para adicionar gratuitamente o widget Feed do LinkedIn ao seu site HTML, siga as etapas abaixo:<\/p> <ol><li>Personalize a apar\u00eancia do widget Feed do LinkedIn para combinar com sua est\u00e9tica .<\/li><li>Fa\u00e7a login no painel de controle da Elfsight ou registre uma conta gratuita.<\/li><li>Receba o c\u00f3digo de instala\u00e7\u00e3o exclusivo.<\/li><li>Acesse seu site HTML.<\/li><li>Cole o c\u00f3digo no construtor de sites HTML para adicionar o plugin LinkedIn Feed. \u00c9 simples assim!<\/li><\/ol><p>Como \u00e9 evidente, n\u00e3o h\u00e1 necessidade de dominar a escrita de c\u00f3digo para incorporar o plugin. Crie um widget de feed do LinkedIn para um site HTML com facilidade e experimente todos os benef\u00edcios que adv\u00eam da amplia\u00e7\u00e3o do seu p\u00fablico.<\/p><\/div>\r\n\t\t\t\t\t<\/div>\r\n\t\t\t\t<\/div><div class=\"faq-item\">\r\n\t\t\t\t\t<div class=\"faq-item-question\">\r\n\t\t\t\t\t\t<h3 class=\"faq-item-question-text\">Preciso saber como codificar ou ter habilidades de programa\u00e7\u00e3o para incorporar o feed do LinkedIn em um site HTML?<\/h3>\r\n\r\n\t\t\t\t\t\t<div class=\"faq-item-question-icon\"><\/div>\r\n\t\t\t\t\t<\/div>\r\n\r\n\t\t\t\t\t<div class=\"faq-item-answer\">\r\n\t\t\t\t\t\t<div class=\"faq-item-answer-text\"><p>N\u00e3o, voc\u00ea n\u00e3o \u00e9 obrigado a t\u00ea-los. A experi\u00eancia em codifica\u00e7\u00e3o n\u00e3o \u00e9 necess\u00e1ria de forma alguma. Voc\u00ea tem capacidade total para adicionar e exibir o plug-in de feed do LinkedIn em seu site HTML sem nenhum hist\u00f3rico espec\u00edfico ou experi\u00eancia anterior com c\u00f3digo.<\/p> <\/div>\r\n\t\t\t\t\t<\/div>\r\n\t\t\t\t<\/div><\/div><\/div> <div class=\"application-platform-content-item-features application-platform-content-item\" id=\"features\" data-nav-section=\"features\"> <h2>Abaixo est\u00e3o os recursos essenciais do widget:<\/h2> <ul><li>Exiba todos os tipos de conte\u00fado: postagens de blog, fotos, clipes, etc.<\/li><li>Filtre postagens de feed por palavras-chave, hashtags ou URLs.<\/li><li>Adicione bot\u00f5es de CTA para aumentar os n\u00fameros no feed do LinkedIn da sua empresa.<\/li><li>Efeito pop-up atraente para chamar a aten\u00e7\u00e3o para o conte\u00fado do LinkedIn.<\/li><li>Op\u00e7\u00f5es f\u00e1ceis de personaliza\u00e7\u00e3o sem necessidade de escrever c\u00f3digo: modelos pr\u00e9-fabricados, criador de esquema de cores, layouts, estilos de postagem, CSS personalizado, etc.<\/li><\/ul><p><a href=\"#demo\"> Basta verificar esta demonstra\u00e7\u00e3o para ver como funciona<\/a><\/p> <\/div> <div class=\"application-platform-content-item-installation application-platform-content-item\" id=\"installation\" data-nav-section=\"installation\"> <h2>Como posso adicionar o feed do LinkedIn ao meu site HTML?<\/h2> <div class=\"video-container\">\n<iframe width=\"720\" height=\"405\" src=\"https:\/\/www.youtube.com\/embed\/lQVuEKVDDpA?si=PiCSEGbqcX3itzOG\" frameborder=\"0\" allowfullscreen=\"\"><\/iframe>\n<\/div><p> Se voc\u00ea deseja adicionar o LinkedIn Feed ao seu site HTML, siga os seguintes passos:<\/p> <ol><li><b>Abra nosso editor gratuito e comece a criar seu plugin de feed do LinkedIn personalizado.<\/b><br> Determine a interface e os aspectos desej\u00e1veis \u200b\u200bdo plugin e salve as modifica\u00e7\u00f5es.<\/li> <li><b>Receba o c\u00f3digo individual que \u00e9 mostrado na caixa nos aplicativos Elfsight.<\/b><br> Ap\u00f3s a cria\u00e7\u00e3o do plugin seu widget acabou, copie o c\u00f3digo exclusivo na caixa exibida e salve-o para futuras necessidades.<\/li> <li><b>Comece a usar o widget em seu site HTML.<\/b><br> Adicione o c\u00f3digo salvo antes em seu site e salve as melhorias.<\/li> <li><b>Pronto! A incorpora\u00e7\u00e3o foi finalizada com sucesso.<\/b><br> Acesse seu site para verificar como o widget Feed do LinkedIn funciona.<\/li><\/ol> <p>Desde que voc\u00ea tenha d\u00favidas ou tenha alguma complica\u00e7\u00e3o com a incorpora\u00e7\u00e3o processo, n\u00e3o tenha medo de recorrer \u00e0 nossa equipe de suporte. Nossos especialistas est\u00e3o ansiosos para ajud\u00e1-lo com todas as d\u00favidas que voc\u00ea possa ter com o plugin LinkedIn Feed sem c\u00f3digo para sites HTML.<\/p> <\/div>\n","protected":false},"excerpt":{"rendered":"","protected":false},"author":9,"featured_media":0,"parent":5172,"menu_order":0,"comment_status":"closed","ping_status":"closed","template":"templates\/template-application-platform.php","meta":{"publish_to_discourse":"","publish_post_category":"","wpdc_auto_publish_overridden":"","wpdc_topic_tags":"","wpdc_pin_topic":"","wpdc_pin_until":"","discourse_post_id":"","discourse_permalink":"","wpdc_publishing_response":"","wpdc_publishing_error":"","footnotes":""},"class_list":["post-11274","page","type-page","status-publish","hentry"],"yoast_head":"<!-- This site is optimized with the Yoast SEO plugin v25.3.1 - https:\/\/yoast.com\/wordpress\/plugins\/seo\/ -->\n<title>Feed do LinkedIn - Adicionar widget de feed em HTML [de gra\u00e7a!]<\/title>\n<meta name=\"description\" content=\"Incorpore o widget LinkedIn Feed sem codifica\u00e7\u00e3o em seu site HTML. Crie seu plugin usando uma demonstra\u00e7\u00e3o ao vivo e modelos pr\u00e9-fabricados para ter uma prova social forte.\" \/>\n<meta name=\"robots\" content=\"index, follow, max-snippet:-1, max-image-preview:large, max-video-preview:-1\" \/>\n<link rel=\"canonical\" href=\"https:\/\/elfsight.com\/pt\/linkedin-feed-widget\/html\/\" \/>\n<meta property=\"og:locale\" content=\"pt_PT\" \/>\n<meta property=\"og:type\" content=\"article\" \/>\n<meta property=\"og:title\" content=\"Feed do LinkedIn - Adicionar widget de feed em HTML [de gra\u00e7a!]\" \/>\n<meta property=\"og:description\" content=\"Incorpore o widget LinkedIn Feed sem codifica\u00e7\u00e3o em seu site HTML. Crie seu plugin usando uma demonstra\u00e7\u00e3o ao vivo e modelos pr\u00e9-fabricados para ter uma prova social forte.\" \/>\n<meta property=\"og:url\" content=\"https:\/\/elfsight.com\/pt\/linkedin-feed-widget\/html\/\" \/>\n<meta property=\"og:site_name\" content=\"Elfsight PT\" \/>\n<meta property=\"article:modified_time\" content=\"2025-09-30T10:16:08+00:00\" \/>\n<meta name=\"twitter:card\" content=\"summary_large_image\" \/>\n<meta name=\"twitter:label1\" content=\"Tempo estimado de leitura\" \/>\n\t<meta name=\"twitter:data1\" content=\"5 minutos\" \/>\n<!-- \/ Yoast SEO plugin. -->","yoast_head_json":{"title":"Feed do LinkedIn - Adicionar widget de feed em HTML [de gra\u00e7a!]","description":"Incorpore o widget LinkedIn Feed sem codifica\u00e7\u00e3o em seu site HTML. Crie seu plugin usando uma demonstra\u00e7\u00e3o ao vivo e modelos pr\u00e9-fabricados para ter uma prova social forte.","robots":{"index":"index","follow":"follow","max-snippet":"max-snippet:-1","max-image-preview":"max-image-preview:large","max-video-preview":"max-video-preview:-1"},"canonical":"https:\/\/elfsight.com\/pt\/linkedin-feed-widget\/html\/","og_locale":"pt_PT","og_type":"article","og_title":"Feed do LinkedIn - Adicionar widget de feed em HTML [de gra\u00e7a!]","og_description":"Incorpore o widget LinkedIn Feed sem codifica\u00e7\u00e3o em seu site HTML. Crie seu plugin usando uma demonstra\u00e7\u00e3o ao vivo e modelos pr\u00e9-fabricados para ter uma prova social forte.","og_url":"https:\/\/elfsight.com\/pt\/linkedin-feed-widget\/html\/","og_site_name":"Elfsight PT","article_modified_time":"2025-09-30T10:16:08+00:00","twitter_card":"summary_large_image","twitter_misc":{"Tempo estimado de leitura":"5 minutos"},"schema":{"@context":"https:\/\/schema.org","@graph":[{"@type":"WebPage","@id":"https:\/\/elfsight.com\/pt\/linkedin-feed-widget\/html\/","url":"https:\/\/elfsight.com\/pt\/linkedin-feed-widget\/html\/","name":"Feed do LinkedIn - Adicionar widget de feed em HTML [de gra\u00e7a!]","isPartOf":{"@id":"https:\/\/elfsight.com\/pt\/#website"},"datePublished":"2024-05-03T06:40:35+00:00","dateModified":"2025-09-30T10:16:08+00:00","description":"Incorpore o widget LinkedIn Feed sem codifica\u00e7\u00e3o em seu site HTML. Crie seu plugin usando uma demonstra\u00e7\u00e3o ao vivo e modelos pr\u00e9-fabricados para ter uma prova social forte.","breadcrumb":{"@id":"https:\/\/elfsight.com\/pt\/linkedin-feed-widget\/html\/#breadcrumb"},"inLanguage":"pt-PT","potentialAction":[{"@type":"ReadAction","target":["https:\/\/elfsight.com\/pt\/linkedin-feed-widget\/html\/"]}]},{"@type":"BreadcrumbList","@id":"https:\/\/elfsight.com\/pt\/linkedin-feed-widget\/html\/#breadcrumb","itemListElement":[{"@type":"ListItem","position":1,"name":"Home","item":"https:\/\/elfsight.com\/pt\/"},{"@type":"ListItem","position":2,"name":"LinkedIn Feed","item":"https:\/\/elfsight.com\/pt\/linkedin-feed-widget\/"},{"@type":"ListItem","position":3,"name":"LinkedIn Feed &#8211; HTML"}]},{"@type":"WebSite","@id":"https:\/\/elfsight.com\/pt\/#website","url":"https:\/\/elfsight.com\/pt\/","name":"Elfsight PT","description":"Just another Elfsight Sites site","potentialAction":[{"@type":"SearchAction","target":{"@type":"EntryPoint","urlTemplate":"https:\/\/elfsight.com\/pt\/?s={search_term_string}"},"query-input":{"@type":"PropertyValueSpecification","valueRequired":true,"valueName":"search_term_string"}}],"inLanguage":"pt-PT"}]}},"meta_box":{"industry":"","seo_heading":"","heading":"","description":"","cta_heading":"","cta_description":"","application":"5159","h1":"Como incorporar o feed do LinkedIn em HTML gratuitamente!","h1_caption":"Transmita atualiza\u00e7\u00f5es, imagens e clipes da empresa do LinkedIn em seu site","application_category":[],"applications_title":"","applications_request_title":"","applications_request_button_text":"","hero_text":"","hero_video":"","hero_video_schema_markup":"","selling_points_title":"","selling_points_caption":"","selling_points":[],"selling_points_cta_text":"","features_title":"","features":"","ed_cta_examples_text":"","ed_cta_examples_hidden":"","ed_cta_demo_text":"","ed_cta_demo_hidden":"","why_caption":"","why_editor_title":"","why_editor_text":"","why_team_title":"","why_team_text":"","why_service_title":"","why_service_text":"","template_catalog_visible":"0","template_catalog_title":"","template_catalog_text":"","template_catalog_categories_visible":"","demo_title":"Crie seu widget de feed do LinkedIn","demo_caption":"Configure seu feed do LinkedIn e adicione-o ao seu site HTML gratuitamente!","default_faq_hidden":"","app_template_category":[],"platform":"49","template_public_id":"","codecanyon_url":"","codecanyon_item_id":"","codecanyon_price":"","pricing_caption":"","pricing_elfsight_apps_hide_column":"","pricing_elfsight_apps_url":"","pricing_codecanyon_price_caption":"","integration_category":[],"integration_request_title":"","integration_request_cta":"","integration_platform":"","integrations":[],"platform_category":[],"video_schema_markup":"","price":"a partir de US$ 0\/m\u00eas","trial":"","benefits":[{"text":"Ajuda de instala\u00e7\u00e3o gratuita"},{"text":"Atendimento ao cliente eficaz"},{"text":"Garantia de reembolso de 14 dias"},{"text":"Melhorias ao longo da vida"}],"button_url":"#demo","button_target_blank":"0","button_nofollow":"0","attributes":[{"name":"Instala\u00e7\u00f5es","content":"10,000 - 100,000"},{"name":"Responsivo","content":"Sim"},{"name":"Navegadores compat\u00edveis","content":"Firefox, Safari, Opera, Chrome, Edge"}],"tags":[],"tags_disable_links":"0","hide_more_platforms":"0","video_object":"","demo_hide_cta":"0","demo_hide_cloud_options":"0","pricing_title":"","pricing":[{"pricing_icon":"platform","pricing_title":"Elfsight Apps","pricing_title_caption":"Solu\u00e7\u00e3o digital independente de plataforma que se adapta a qualquer site","pricing_price":"a partir de US$ 0\/m\u00eas","pricing_price_caption":"comece com um plano gratuito","pricing_benefits":[{"text":"Sites ilimitados"},{"text":"Suporte \u00e0 empresa 24 horas por dia, 7 dias por semana"},{"text":"Suporte \u00e0 empresa 24 horas por dia, 7 dias por semana"},{"text":"100% personaliz\u00e1vel"}],"pricing_button_text":"Adicionar ao site","pricing_button_url":"#demo"}],"related_apps_title":"","related_apps_hidden":"0","author":"","image":[],"title":"","job":"","social_networks":[]},"_links":{"self":[{"href":"https:\/\/elfsight.com\/pt\/wp-json\/wp\/v2\/pages\/11274","targetHints":{"allow":["GET"]}}],"collection":[{"href":"https:\/\/elfsight.com\/pt\/wp-json\/wp\/v2\/pages"}],"about":[{"href":"https:\/\/elfsight.com\/pt\/wp-json\/wp\/v2\/types\/page"}],"author":[{"embeddable":true,"href":"https:\/\/elfsight.com\/pt\/wp-json\/wp\/v2\/users\/9"}],"replies":[{"embeddable":true,"href":"https:\/\/elfsight.com\/pt\/wp-json\/wp\/v2\/comments?post=11274"}],"version-history":[{"count":3,"href":"https:\/\/elfsight.com\/pt\/wp-json\/wp\/v2\/pages\/11274\/revisions"}],"predecessor-version":[{"id":15130,"href":"https:\/\/elfsight.com\/pt\/wp-json\/wp\/v2\/pages\/11274\/revisions\/15130"}],"up":[{"embeddable":true,"href":"https:\/\/elfsight.com\/pt\/wp-json\/wp\/v2\/pages\/5172"}],"wp:attachment":[{"href":"https:\/\/elfsight.com\/pt\/wp-json\/wp\/v2\/media?parent=11274"}],"curies":[{"name":"wp","href":"https:\/\/api.w.org\/{rel}","templated":true}]}}