{"id":11268,"date":"2024-05-03T06:40:33","date_gmt":"2024-05-03T06:40:33","guid":{"rendered":"https:\/\/elfsight.com\/pt\/?page_id=11268"},"modified":"2025-02-25T11:47:58","modified_gmt":"2025-02-25T11:47:58","slug":"squarespace","status":"publish","type":"page","link":"https:\/\/elfsight.com\/pt\/linkedin-feed-widget\/squarespace\/","title":{"rendered":"LinkedIn Feed &#8211; Squarespace"},"content":{"rendered":"\n<div class=\"application-platform-content-item-description application-platform-content-item\" id=\"description\" data-nav-section=\"description\"> <h2>Incorpore o LinkedIn Feed no Squarespace gratuitamente!<\/h2> <p>O widget LinkedIn Feed sem c\u00f3digo oferece uma oportunidade de ponta para empresas difundam e promovam seu conte\u00fado do LinkedIn nos sites do Squarespace: exibindo postagens, recursos visuais, clipes etc. A configura\u00e7\u00e3o do plug-in leva alguns minutos \u2013 n\u00e3o \u00e9 necess\u00e1rio nenhum conhecimento t\u00e9cnico ou de codifica\u00e7\u00e3o.<\/p> <p>Crie uma apar\u00eancia adequada \u00e0s suas necessidades. necessidades do site e manter a marca brincando com atributos de feed personalizados, modelos, layouts e estilos de postagem. Adicione um modo pop-up como a\u00e7\u00e3o p\u00f3s-clique para chamar a aten\u00e7\u00e3o dos usu\u00e1rios. Por \u00faltimo, experimente maior credibilidade e uma melhor taxa de engajamento.<\/p> <ul><li><strong>Aprimore seus recursos de networking com a p\u00e1gina corporativa do LinkedIn.<\/strong><br>Desperte novas conex\u00f5es no \u00e2mbito corporativo e expanda a contagem de leads utilizando o conte\u00fado do seu perfil do LinkedIn.<\/li><li><strong>Expanda sua base de p\u00fablico no LinkedIn.<\/strong><br>Chame a aten\u00e7\u00e3o para o seu LinkedIn entre os usu\u00e1rios do site Squarespace e desperte forte interesse em seu ofertas.<\/li><li><strong>Amplie a autenticidade do seu neg\u00f3cio.<\/strong><br>Adicione \u00e0 sua marca um impulso adicional em credibilidade e exiba as atividades mais recentes do LinkedIn diretamente na p\u00e1gina do site.&lt;\/li <\/ul><p><b>Adicione o widget Feed do LinkedIn ao site do Squarespace para estabelecer confian\u00e7a, transmitir autenticidade e ampliar conex\u00f5es de trabalho com confirma\u00e7\u00e3o social atraente.<\/b><\/p> <div class=\"faq\" data-component=\"FAQ\"><div class=\"faq-item\">\r\n\t\t\t\t\t<div class=\"faq-item-question\">\r\n\t\t\t\t\t\t<h3 class=\"faq-item-question-text\">H\u00e1 alguma outra ferramenta para o Squarespace que eu possa usar no meu site?<\/h3>\r\n\r\n\t\t\t\t\t\t<div class=\"faq-item-question-icon\"><\/div>\r\n\t\t\t\t\t<\/div>\r\n\r\n\t\t\t\t\t<div class=\"faq-item-answer\">\r\n\t\t\t\t\t\t<div class=\"faq-item-answer-text\"><p>Sim, claro! Ser um usu\u00e1rio do Squarespace abre dezenas de ferramentas livres de c\u00f3digo da Elfsight para adicionar, incluindo o plugin LinkedIn Feed. N\u00e3o importa que tipo de neg\u00f3cio voc\u00ea tenha e qual nicho de \u00e1rea voc\u00ea atue &#8211; voc\u00ea sempre pode procurar oportunidades para mostrar seus pontos fortes. Considere as seguintes possibilidades:<\/p><ul><li>Para criar qualquer outro aplicativo de m\u00eddia social sem c\u00f3digo para o seu site do Squarespace, como o LinkedIn Feed, experimente o <a href=\"https:\/\/elfsight.com\/pinterest-feed-widget\/\">Feed do Pinterest<\/a> ou <a href=\"https:\/\/elfsight.com\/instagram-feed-instashow\/\">Feed do Instagram<\/a> widget.<\/li><li>Aproveite as <a href=\"https:\/\/elfsight.com\/all-in-one-reviews-widget\/\">Avalia\u00e7\u00f5es completas<\/a> ou <a href=\"https:\/\/elfsight.com\/google-reviews-widget\/\">Google Reviews<\/a> para exibir coment\u00e1rios valiosos dos clientes.<\/li><li>Incorpore o <a href=\"https:\/\/elfsight.com\/online-form-builder\/\">Form Builder<\/a> para coletar respostas e facilitar a comunica\u00e7\u00e3o com os usu\u00e1rios do Squarespace.<\/li> <li>Adicione o <a href=\"https:\/\/elfsight.com\/countdown-timer-widget\/\">Cron\u00f4metro de contagem regressiva<\/a> para gerar entusiasmo e criar um senso de urg\u00eancia entre o p\u00fablico.<\/li><\/ul><p>E lembre-se, estes s\u00e3o apenas alguns exemplos de widgets para incorporar. Explore nosso extenso cat\u00e1logo de widgets ap\u00f3s implementar o plugin LinkedIn Feed para descobrir ainda mais maneiras de atender \u00e0s necessidades do seu neg\u00f3cio!<\/p><\/div>\r\n\t\t\t\t\t<\/div>\r\n\t\t\t\t<\/div><div class=\"faq-item\">\r\n\t\t\t\t\t<div class=\"faq-item-question\">\r\n\t\t\t\t\t\t<h3 class=\"faq-item-question-text\">Como incorporar o LinkedIn Feed gratuitamente em Squarespace?<\/h3>\r\n\r\n\t\t\t\t\t\t<div class=\"faq-item-question-icon\"><\/div>\r\n\t\t\t\t\t<\/div>\r\n\r\n\t\t\t\t\t<div class=\"faq-item-answer\">\r\n\t\t\t\t\t\t<div class=\"faq-item-answer-text\"><p>Para adicionar o plug-in de feed do LinkedIn sem c\u00f3digo ao seu site do Squarespace gratuitamente, siga estas etapas:<\/p> <ol><li>Personalize a apar\u00eancia do plug-in de feed do LinkedIn para complementar a escolha de design do seu site.<\/li><li>Fa\u00e7a login no painel do Elfsight ou configure um perfil de usu\u00e1rio gratuito.<\/li><li>Obtenha o c\u00f3digo de incorpora\u00e7\u00e3o gerado.<\/li><li>Navegue at\u00e9 o seu site do Squarespace .<\/li><li>Coloque o c\u00f3digo no editor do site do Squarespace para adicionar o plugin LinkedIn Feed. Voc\u00ea est\u00e1 pronto!<\/li><\/ol><p>Como \u00e9 evidente pelo contexto, n\u00e3o h\u00e1 necessidade de se tornar proficiente na escrita de c\u00f3digo para incorporar o plug-in. Crie um widget de feed do LinkedIn para um site do Squarespace com facilidade e aproveite v\u00e1rias vantagens que surgem ao expandir seu p\u00fablico.<\/p><\/div>\r\n\t\t\t\t\t<\/div>\r\n\t\t\t\t<\/div><div class=\"faq-item\">\r\n\t\t\t\t\t<div class=\"faq-item-question\">\r\n\t\t\t\t\t\t<h3 class=\"faq-item-question-text\">Preciso saber como codificar ou tem habilidades de programa\u00e7\u00e3o para incorporar o widget LinkedIn Feed no Squarespace?<\/h3>\r\n\r\n\t\t\t\t\t\t<div class=\"faq-item-question-icon\"><\/div>\r\n\t\t\t\t\t<\/div>\r\n\r\n\t\t\t\t\t<div class=\"faq-item-answer\">\r\n\t\t\t\t\t\t<div class=\"faq-item-answer-text\"><p>N\u00e3o, voc\u00ea n\u00e3o tem. Habilidades de codifica\u00e7\u00e3o s\u00e3o desnecess\u00e1rias. Voc\u00ea pode criar e incorporar facilmente o plug-in de feed do LinkedIn em seu site do Squarespace, independentemente de seu hist\u00f3rico anterior ou experi\u00eancia com c\u00f3digo.<\/p> <\/div>\r\n\t\t\t\t\t<\/div>\r\n\t\t\t\t<\/div><\/div><\/div> <div class=\"application-platform-content-item-features application-platform-content-item\" id=\"features\" data-nav-section=\"features\"> <h2>O widget possui recursos \u00fateis e f\u00e1ceis de adicionar. Confira alguns deles:<\/h2> <ul><li>Transmita uma variedade de conte\u00fado: postagens de blog, fotos, clipes, etc.<\/li><li>Filtrar widgets alimente postagens por palavras-chave, hashtags ou URLs.<\/li><li>Adicione os bot\u00f5es CTA para aumentar o envolvimento no feed da sua empresa no LinkedIn.<\/li><li>Efeito pop-up din\u00e2mico para chamar a aten\u00e7\u00e3o para o conte\u00fado do LinkedIn em um site p\u00e1gina.<\/li><li>Personaliza\u00e7\u00e3o sem c\u00f3digo com configura\u00e7\u00f5es de design avan\u00e7adas: modelos pr\u00e9-concebidos, gerador de esquema de cores, cinco layouts modernos, estilos de postagem, CSS personalizado e muito mais.<\/li><\/ul><p><a href=\"#demo\">Voc\u00ea pode experimentar todas as funcionalidades do widget na demonstra\u00e7\u00e3o agora mesmo<\/a><\/p> <\/div> <div class=\"application-platform-content-item-installation application-platform-content-item\" id=\"installation\" data-nav-section=\"installation\"> <h2>Como adicionar Feed do LinkedIn ao meu site do Squarespace?<\/h2> <p>Se voc\u00ea deseja adicionar o widget Feed do LinkedIn ao seu site do Squarespace, siga estas etapas:<\/p> <ol><li><b>Execute nosso configurador gratuito e comece a formar seu plug-in de feed do LinkedIn sem c\u00f3digo.<\/b><br> Escolha a forma e as especifica\u00e7\u00f5es preferidas da ferramenta e salve as corre\u00e7\u00f5es.<\/li> <li><b>Obtenha seu c\u00f3digo exclusivo aparecendo na janela nas aplica\u00e7\u00f5es Elfsight.<\/b><br> Quando a instala\u00e7\u00e3o do seu plugin estiver conclu\u00edda, copie o c\u00f3digo do widget individual na janela que aparece e guarde-o para ocasi\u00f5es futuras.<\/li> <li><b>Comece a utilizar a ferramenta em seu site do Squarespace.<\/b><br> Adicione o c\u00f3digo copiado anteriormente ao seu site e aplique as modifica\u00e7\u00f5es.<\/li> <li><b>A configura\u00e7\u00e3o est\u00e1 totalmente conclu\u00edda.<\/b><br> V\u00e1 para seu site para inspecionar o desempenho do widget Feed do LinkedIn.<\/li><\/ol> <p>Supondo que voc\u00ea tenha algum problema com o processo de incorpora\u00e7\u00e3o, n\u00e3o hesite em entrar em contato com nossa equipe de atendimento ao cliente. Nosso pessoal ficar\u00e1 feliz em ajud\u00e1-lo com todas as dificuldades que voc\u00ea possa ter com o plug-in de feed do LinkedIn sem c\u00f3digo para sites do Squarespace.<\/p> <\/div>\n","protected":false},"excerpt":{"rendered":"","protected":false},"author":9,"featured_media":0,"parent":5172,"menu_order":0,"comment_status":"closed","ping_status":"closed","template":"templates\/template-application-platform.php","meta":{"publish_to_discourse":"","publish_post_category":"","wpdc_auto_publish_overridden":"","wpdc_topic_tags":"","wpdc_pin_topic":"","wpdc_pin_until":"","discourse_post_id":"","discourse_permalink":"","wpdc_publishing_response":"","wpdc_publishing_error":"","footnotes":""},"class_list":["post-11268","page","type-page","status-publish","hentry"],"yoast_head":"<!-- This site is optimized with the Yoast SEO plugin v25.3.1 - https:\/\/yoast.com\/wordpress\/plugins\/seo\/ -->\n<title>Feed do LinkedIn - Adicione o plugin de feed ao Squarespace [de gra\u00e7a!]<\/title>\n<meta name=\"description\" content=\"Incorpore o plugin LinkedIn Feed sem codifica\u00e7\u00e3o em seu site do Squarespace. Crie seu widget usando uma demonstra\u00e7\u00e3o ao vivo e modelos pr\u00e9-fabricados para ter uma prova social forte.\" \/>\n<meta name=\"robots\" content=\"index, follow, max-snippet:-1, max-image-preview:large, max-video-preview:-1\" \/>\n<link rel=\"canonical\" href=\"https:\/\/elfsight.com\/pt\/linkedin-feed-widget\/squarespace\/\" \/>\n<meta property=\"og:locale\" content=\"pt_PT\" \/>\n<meta property=\"og:type\" content=\"article\" \/>\n<meta property=\"og:title\" content=\"Feed do LinkedIn - Adicione o plugin de feed ao Squarespace [de gra\u00e7a!]\" \/>\n<meta property=\"og:description\" content=\"Incorpore o plugin LinkedIn Feed sem codifica\u00e7\u00e3o em seu site do Squarespace. Crie seu widget usando uma demonstra\u00e7\u00e3o ao vivo e modelos pr\u00e9-fabricados para ter uma prova social forte.\" \/>\n<meta property=\"og:url\" content=\"https:\/\/elfsight.com\/pt\/linkedin-feed-widget\/squarespace\/\" \/>\n<meta property=\"og:site_name\" content=\"Elfsight PT\" \/>\n<meta property=\"article:modified_time\" content=\"2025-02-25T11:47:58+00:00\" \/>\n<meta name=\"twitter:card\" content=\"summary_large_image\" \/>\n<meta name=\"twitter:label1\" content=\"Tempo estimado de leitura\" \/>\n\t<meta name=\"twitter:data1\" content=\"5 minutos\" \/>\n<!-- \/ Yoast SEO plugin. -->","yoast_head_json":{"title":"Feed do LinkedIn - Adicione o plugin de feed ao Squarespace [de gra\u00e7a!]","description":"Incorpore o plugin LinkedIn Feed sem codifica\u00e7\u00e3o em seu site do Squarespace. Crie seu widget usando uma demonstra\u00e7\u00e3o ao vivo e modelos pr\u00e9-fabricados para ter uma prova social forte.","robots":{"index":"index","follow":"follow","max-snippet":"max-snippet:-1","max-image-preview":"max-image-preview:large","max-video-preview":"max-video-preview:-1"},"canonical":"https:\/\/elfsight.com\/pt\/linkedin-feed-widget\/squarespace\/","og_locale":"pt_PT","og_type":"article","og_title":"Feed do LinkedIn - Adicione o plugin de feed ao Squarespace [de gra\u00e7a!]","og_description":"Incorpore o plugin LinkedIn Feed sem codifica\u00e7\u00e3o em seu site do Squarespace. Crie seu widget usando uma demonstra\u00e7\u00e3o ao vivo e modelos pr\u00e9-fabricados para ter uma prova social forte.","og_url":"https:\/\/elfsight.com\/pt\/linkedin-feed-widget\/squarespace\/","og_site_name":"Elfsight PT","article_modified_time":"2025-02-25T11:47:58+00:00","twitter_card":"summary_large_image","twitter_misc":{"Tempo estimado de leitura":"5 minutos"},"schema":{"@context":"https:\/\/schema.org","@graph":[{"@type":"WebPage","@id":"https:\/\/elfsight.com\/pt\/linkedin-feed-widget\/squarespace\/","url":"https:\/\/elfsight.com\/pt\/linkedin-feed-widget\/squarespace\/","name":"Feed do LinkedIn - Adicione o plugin de feed ao Squarespace [de gra\u00e7a!]","isPartOf":{"@id":"https:\/\/elfsight.com\/pt\/#website"},"datePublished":"2024-05-03T06:40:33+00:00","dateModified":"2025-02-25T11:47:58+00:00","description":"Incorpore o plugin LinkedIn Feed sem codifica\u00e7\u00e3o em seu site do Squarespace. Crie seu widget usando uma demonstra\u00e7\u00e3o ao vivo e modelos pr\u00e9-fabricados para ter uma prova social forte.","breadcrumb":{"@id":"https:\/\/elfsight.com\/pt\/linkedin-feed-widget\/squarespace\/#breadcrumb"},"inLanguage":"pt-PT","potentialAction":[{"@type":"ReadAction","target":["https:\/\/elfsight.com\/pt\/linkedin-feed-widget\/squarespace\/"]}]},{"@type":"BreadcrumbList","@id":"https:\/\/elfsight.com\/pt\/linkedin-feed-widget\/squarespace\/#breadcrumb","itemListElement":[{"@type":"ListItem","position":1,"name":"Home","item":"https:\/\/elfsight.com\/pt\/"},{"@type":"ListItem","position":2,"name":"LinkedIn Feed","item":"https:\/\/elfsight.com\/pt\/linkedin-feed-widget\/"},{"@type":"ListItem","position":3,"name":"LinkedIn Feed &#8211; Squarespace"}]},{"@type":"WebSite","@id":"https:\/\/elfsight.com\/pt\/#website","url":"https:\/\/elfsight.com\/pt\/","name":"Elfsight PT","description":"Just another Elfsight Sites site","potentialAction":[{"@type":"SearchAction","target":{"@type":"EntryPoint","urlTemplate":"https:\/\/elfsight.com\/pt\/?s={search_term_string}"},"query-input":{"@type":"PropertyValueSpecification","valueRequired":true,"valueName":"search_term_string"}}],"inLanguage":"pt-PT"}]}},"meta_box":{"industry":"","seo_heading":"","heading":"","description":"","cta_heading":"","cta_description":"","application":"5159","h1":"Como incorporar o feed do LinkedIn no Squarespace gratuitamente!","h1_caption":"Exiba postagens de neg\u00f3cios, recursos visuais e clipes do LinkedIn em seu site","application_category":[],"applications_title":"","applications_request_title":"","applications_request_button_text":"","hero_text":"","hero_video":"","hero_video_schema_markup":"","selling_points_title":"","selling_points_caption":"","selling_points":[],"selling_points_cta_text":"","features_title":"","features":"","ed_cta_examples_text":"","ed_cta_examples_hidden":"","ed_cta_demo_text":"","ed_cta_demo_hidden":"","why_caption":"","why_editor_title":"","why_editor_text":"","why_team_title":"","why_team_text":"","why_service_title":"","why_service_text":"","template_catalog_visible":"0","template_catalog_title":"","template_catalog_text":"","template_catalog_categories_visible":"","demo_title":"Crie seu plugin de feed do LinkedIn","demo_caption":"Configure seu feed do LinkedIn e adicione-o ao seu site Squarespace gratuitamente!","default_faq_hidden":"","app_template_category":[],"platform":"67","template_public_id":"","codecanyon_url":"","codecanyon_item_id":"","codecanyon_price":"","pricing_caption":"","pricing_elfsight_apps_hide_column":"","pricing_elfsight_apps_url":"","pricing_codecanyon_price_caption":"","integration_category":[],"integration_request_title":"","integration_request_cta":"","integration_platform":"","integrations":[],"platform_category":[],"video_schema_markup":"","price":"a partir de US$ 0\/m\u00eas","trial":"","benefits":[{"text":"Assist\u00eancia de instala\u00e7\u00e3o gratuita"},{"text":"Suporte excepcional"},{"text":"Garantia de devolu\u00e7\u00e3o do dinheiro em 14 dias"},{"text":"Atualiza\u00e7\u00f5es gratuitas regulares"}],"button_url":"#demo","button_target_blank":"0","button_nofollow":"0","attributes":[{"name":"Instala\u00e7\u00f5es","content":"10,000 - 100,000"},{"name":"Responsivo","content":"Sim"},{"name":"Navegadores compat\u00edveis","content":"Firefox, Safari, Opera, Chrome, Edge"}],"tags":[],"tags_disable_links":"0","hide_more_platforms":"0","video_object":"","demo_hide_cta":"0","demo_hide_cloud_options":"0","pricing_title":"","pricing":[{"pricing_icon":"platform","pricing_title":"Elfsight Apps","pricing_title_caption":"Vers\u00e3o multiplataforma que funciona em qualquer site","pricing_price":"a partir de US$ 0\/m\u00eas","pricing_price_caption":"comece com um plano gratuito","pricing_benefits":[{"text":"Sites ilimitados"},{"text":"Suporte dedicado ao cliente"},{"text":"Suporte dedicado ao cliente"},{"text":"Design flex\u00edvel"}],"pricing_button_text":"Adicionar ao site","pricing_button_url":"#demo"}],"related_apps_title":"","related_apps_hidden":"0","author":"","image":[],"title":"","job":"","social_networks":[]},"_links":{"self":[{"href":"https:\/\/elfsight.com\/pt\/wp-json\/wp\/v2\/pages\/11268","targetHints":{"allow":["GET"]}}],"collection":[{"href":"https:\/\/elfsight.com\/pt\/wp-json\/wp\/v2\/pages"}],"about":[{"href":"https:\/\/elfsight.com\/pt\/wp-json\/wp\/v2\/types\/page"}],"author":[{"embeddable":true,"href":"https:\/\/elfsight.com\/pt\/wp-json\/wp\/v2\/users\/9"}],"replies":[{"embeddable":true,"href":"https:\/\/elfsight.com\/pt\/wp-json\/wp\/v2\/comments?post=11268"}],"version-history":[{"count":2,"href":"https:\/\/elfsight.com\/pt\/wp-json\/wp\/v2\/pages\/11268\/revisions"}],"predecessor-version":[{"id":13949,"href":"https:\/\/elfsight.com\/pt\/wp-json\/wp\/v2\/pages\/11268\/revisions\/13949"}],"up":[{"embeddable":true,"href":"https:\/\/elfsight.com\/pt\/wp-json\/wp\/v2\/pages\/5172"}],"wp:attachment":[{"href":"https:\/\/elfsight.com\/pt\/wp-json\/wp\/v2\/media?parent=11268"}],"curies":[{"name":"wp","href":"https:\/\/api.w.org\/{rel}","templated":true}]}}