{"id":11266,"date":"2024-05-03T06:40:31","date_gmt":"2024-05-03T06:40:31","guid":{"rendered":"https:\/\/elfsight.com\/pt\/?page_id=11266"},"modified":"2024-11-12T15:25:46","modified_gmt":"2024-11-12T15:25:46","slug":"jquery","status":"publish","type":"page","link":"https:\/\/elfsight.com\/pt\/linkedin-feed-widget\/jquery\/","title":{"rendered":"LinkedIn Feed &#8211; jQuery"},"content":{"rendered":"<div class=\"application-platform-content-item-description application-platform-content-item\" id=\"description\" data-nav-section=\"description\"> <h2>Incorpore o LinkedIn Feed no jQuery gratuitamente!<\/h2> <p>O widget LinkedIn Feed \u00e9 a solu\u00e7\u00e3o ideal para empresas compartilharem e promoverem seu conte\u00fado do LinkedIn em sites jQuery: exibir postagens, imagens, clipes, etc. A instala\u00e7\u00e3o do plug-in leva alguns minutos &#8211; nenhuma codifica\u00e7\u00e3o ou conhecimento t\u00e9cnico \u00e9 necess\u00e1rio. <\/p> <p>Crie um estilo de feed que atenda \u00e0s prefer\u00eancias do seu site e siga as tend\u00eancias brincando com atributos de feed personalizados, modelos, layouts e estilos de postagem. Adicione um modo pop-up como uma a\u00e7\u00e3o p\u00f3s-clique para chamar a aten\u00e7\u00e3o dos usu\u00e1rios. Por \u00faltimo, aproveite a confian\u00e7a gerada e mais oportunidades de branding.<\/p> <ul><li><strong>Aprimore seus canais de networking com a p\u00e1gina corporativa do LinkedIn.<\/strong><br>Desperte novas conex\u00f5es no mundo do com\u00e9rcio e aumente a gera\u00e7\u00e3o de leads utilizando o conte\u00fado do seu perfil do LinkedIn.<\/li><li><strong>Aumente sua base de p\u00fablico no LinkedIn.<\/strong> <br>Chame a aten\u00e7\u00e3o para o seu LinkedIn dentro da comunidade do site jQuery e promova um interesse significativo em seu servi\u00e7os.<\/li><li><strong>Aumente a autenticidade do seu neg\u00f3cio.<\/strong> <br>Adicione \u00e0 sua marca um impulso extra em credibilidade e confiabilidade integrando as atividades mais recentes do LinkedIn diretamente na p\u00e1gina do site. <\/li><\/ul><p><b>Incorpore o plug-in LinkedIn Feed sem c\u00f3digo no site jQuery para criar confiabilidade, promover autenticidade e ampliar oportunidades de networking com prova social s\u00f3lida.<\/b><\/p> <div class=\"faq\" data-component=\"FAQ\"><div class=\"faq-item\">\r\n\t\t\t\t\t<div class=\"faq-item-question\">\r\n\t\t\t\t\t\t<h3 class=\"faq-item-question-text\">Existem outras ferramentas para jQuery que eu possa usar no meu site? <\/h3>\r\n\r\n\t\t\t\t\t\t<div class=\"faq-item-question-icon\"><\/div>\r\n\t\t\t\t\t<\/div>\r\n\r\n\t\t\t\t\t<div class=\"faq-item-answer\">\r\n\t\t\t\t\t\t<div class=\"faq-item-answer-text\"><p>Sim, certamente! Como usu\u00e1rio jQuery, voc\u00ea pode obter uma ampla sele\u00e7\u00e3o de ferramentas sem c\u00f3digo da Elfsight para adicionar ao seu site, incluindo o plugin LinkedIn Feed. Independentemente do seu tipo de neg\u00f3cio ou nicho no setor, sempre h\u00e1 oportunidades para mostrar seus pontos fortes. Por exemplo: <\/p><ul><li>Para criar qualquer outro aplicativo de m\u00eddia social para o seu site jQuery, considere usar o <a href=\"https:\/\/elfsight.com\/pinterest-feed-widget\/\">Pinterest Feed<\/a> ou widget <a href=\"https:\/\/elfsight.com\/instagram-feed-instashow\/\">Feed do Instagram<\/a> ao lado do Feed do LinkedIn. <\/li><li>Aproveite as <a href=\"https:\/\/elfsight.com\/all-in-one-reviews-widget\/\">Avalia\u00e7\u00f5es completas<\/a> ou <a href>Google Reviews<\/a> para exibir feedback dos clientes. <\/li><li>Incorpore o <a href=\"https:\/\/elfsight.com\/online-form-builder\/\">Form Builder<\/a> para agilizar a coleta de respostas e permitir que os usu\u00e1rios do jQuery entrem em contato com voc\u00ea. <\/li> <li>Adicione o <a href=\"https:\/\/elfsight.com\/countdown-timer-widget\/\">Cron\u00f4metro de contagem regressiva<\/a> para aumentar o entusiasmo e criar uma sensa\u00e7\u00e3o de escassez entre o p\u00fablico. <\/li><\/ul><p>Esses exemplos apenas arranham a superf\u00edcie de uma longa lista de adi\u00e7\u00f5es que podem atender \u00e0s suas necessidades de neg\u00f3cios. Comece com o feed do LinkedIn sem c\u00f3digo e depois explore a variedade restante de widgets em nosso cat\u00e1logo! <\/p><\/div>\r\n\t\t\t\t\t<\/div>\r\n\t\t\t\t<\/div><div class=\"faq-item\">\r\n\t\t\t\t\t<div class=\"faq-item-question\">\r\n\t\t\t\t\t\t<h3 class=\"faq-item-question-text\">Como incorporar o feed do LinkedIn gratuitamente no jQuery? <\/h3>\r\n\r\n\t\t\t\t\t\t<div class=\"faq-item-question-icon\"><\/div>\r\n\t\t\t\t\t<\/div>\r\n\r\n\t\t\t\t\t<div class=\"faq-item-answer\">\r\n\t\t\t\t\t\t<div class=\"faq-item-answer-text\"><p>Para adicionar o widget Feed do LinkedIn ao seu site jQuery gratuitamente, siga as seguintes etapas: <\/p> <ol><li>Personalize a apar\u00eancia do plug-in de feed do LinkedIn sem c\u00f3digo para combinar com sua est\u00e9tica. <\/li><li>Fa\u00e7a login no painel da Elfsight ou crie uma conta gratuita. <\/li><li>Obtenha o c\u00f3digo de incorpora\u00e7\u00e3o exclusivo para adicionar. <\/li><li>V\u00e1 para o seu site jQuery. <\/li><li>Coloque o c\u00f3digo no construtor de sites jQuery para adicionar o widget Feed do LinkedIn. \u00c9 simples assim! <\/li><\/ol><p>Como \u00e9 evidente pelo contexto, n\u00e3o h\u00e1 necessidade de se destacar na escrita de c\u00f3digo para incorporar o plugin. Crie um widget de feed do LinkedIn para um site jQuery com facilidade e aproveite todas as vantagens que surgem ao mesmo tempo em que amplia seu p\u00fablico. <\/p><\/div>\r\n\t\t\t\t\t<\/div>\r\n\t\t\t\t<\/div><div class=\"faq-item\">\r\n\t\t\t\t\t<div class=\"faq-item-question\">\r\n\t\t\t\t\t\t<h3 class=\"faq-item-question-text\">Preciso saber como codificar ou ter habilidades de programa\u00e7\u00e3o para adicionar o plugin LinkedIn Feed ao site jQuery? <\/h3>\r\n\r\n\t\t\t\t\t\t<div class=\"faq-item-question-icon\"><\/div>\r\n\t\t\t\t\t<\/div>\r\n\r\n\t\t\t\t\t<div class=\"faq-item-answer\">\r\n\t\t\t\t\t\t<div class=\"faq-item-answer-text\"><p>De jeito nenhum. Conhecimento de codifica\u00e7\u00e3o n\u00e3o \u00e9 obrigat\u00f3rio. Voc\u00ea pode criar e adicionar facilmente o plugin LinkedIn Feed ao seu site jQuery, independentemente de sua familiaridade ou experi\u00eancia em codifica\u00e7\u00e3o. <\/p> <\/div>\r\n\t\t\t\t\t<\/div>\r\n\t\t\t\t<\/div><\/div><div class=\"application-platform-content-item-features application-platform-content-item\" id=\"features\" data-nav-section=\"features\"><\/div> <h2>Explore a lista dos recursos de widget mais \u00fateis: <\/h2> <ul><li>Exiba diversos tipos de conte\u00fado do LinkedIn: postagens de blog, fotos, v\u00eddeos, etc. <\/li><li>Filtre postagens de feed por palavras-chave, hashtags ou URLs. <\/li><li>Bot\u00f5es de call to action para aumentar o engajamento no feed do LinkedIn da sua empresa. <\/li><li>Efeito pop-up din\u00e2mico para chamar a aten\u00e7\u00e3o para o seu conte\u00fado do LinkedIn. <\/li><li>Personaliza\u00e7\u00e3o sem c\u00f3digo com configura\u00e7\u00f5es de design avan\u00e7adas: modelos pr\u00e9-concebidos, gerador de esquema de cores, v\u00e1rios designs de layout, estilos de postagem, CSS personalizado e muito mais. <\/li><\/ul><p><a href=\"#demo\">Teste todos os recursos de personaliza\u00e7\u00e3o na demonstra\u00e7\u00e3o completa do widget<\/a><\/p> <\/div> <div class=\"application-platform-content-item-installation  application-platform-content-item\" id=\"installation \" data-nav-section=\"installation \"> <h2>Como adicionar o feed do LinkedIn ao meu site jQuery? <\/h2> <p>Para adicionar o plugin LinkedIn Feed ao seu site jQuery, execute as seguintes a\u00e7\u00f5es: <\/p> <ol><li><b>Use nossa demonstra\u00e7\u00e3o gratuita e comece a formar seu LinkedIn sem c\u00f3digo Plug-in de feed. <\/b><br> Escolha o layout e as especifica\u00e7\u00f5es desejadas do widget e salve as corre\u00e7\u00f5es. <\/li> <li><b>Obtenha o c\u00f3digo exclusivo que aparece na janela dos aplicativos Elfsight. <\/b><br> Quando a cria\u00e7\u00e3o do seu plugin pessoal estiver conclu\u00edda, copie o c\u00f3digo exclusivo no pop-up e salve-o para uso posterior. <\/li> <li><b>Comece a usar o widget no seu site jQuery. <\/b><br>Incorpore o c\u00f3digo salvo recentemente em seu site e aplique as modifica\u00e7\u00f5es. <\/li> <li><b>A configura\u00e7\u00e3o foi executada com sucesso. <\/b><br> Visite seu site para analisar como o widget Feed do LinkedIn funciona. <\/li><\/ol> <p>Caso tenha d\u00favidas ou tenha problemas sobre como adicionar o widget, n\u00e3o tenha medo de entrar em contato com nossa equipe de suporte. Nosso pessoal deseja ajud\u00e1-lo com todos os problemas que voc\u00ea possa ter com o plug-in de feed do LinkedIn sem c\u00f3digo para sites jQuery.<\/p> <\/div>","protected":false},"excerpt":{"rendered":"","protected":false},"author":9,"featured_media":0,"parent":5172,"menu_order":0,"comment_status":"closed","ping_status":"closed","template":"templates\/template-application-platform.php","meta":{"publish_to_discourse":"","publish_post_category":"","wpdc_auto_publish_overridden":"","wpdc_topic_tags":"","wpdc_pin_topic":"","wpdc_pin_until":"","discourse_post_id":"","discourse_permalink":"","wpdc_publishing_response":"","wpdc_publishing_error":"","footnotes":""},"class_list":["post-11266","page","type-page","status-publish","hentry"],"yoast_head":"<!-- This site is optimized with the Yoast SEO plugin v25.3.1 - https:\/\/yoast.com\/wordpress\/plugins\/seo\/ -->\n<title>Feed do LinkedIn - Adicione plugin de feed ao jQuery [de gra\u00e7a!]<\/title>\n<meta name=\"description\" content=\"Incorpore o plugin LinkedIn Feed sem codifica\u00e7\u00e3o em seu site jQuery. Crie seu widget usando uma demonstra\u00e7\u00e3o ao vivo e modelos pr\u00e9-fabricados para ter uma prova social forte.\" \/>\n<meta name=\"robots\" content=\"index, follow, max-snippet:-1, max-image-preview:large, max-video-preview:-1\" \/>\n<link rel=\"canonical\" href=\"https:\/\/elfsight.com\/pt\/linkedin-feed-widget\/jquery\/\" \/>\n<meta property=\"og:locale\" content=\"pt_PT\" \/>\n<meta property=\"og:type\" content=\"article\" \/>\n<meta property=\"og:title\" content=\"Feed do LinkedIn - Adicione plugin de feed ao jQuery [de gra\u00e7a!]\" \/>\n<meta property=\"og:description\" content=\"Incorpore o plugin LinkedIn Feed sem codifica\u00e7\u00e3o em seu site jQuery. Crie seu widget usando uma demonstra\u00e7\u00e3o ao vivo e modelos pr\u00e9-fabricados para ter uma prova social forte.\" \/>\n<meta property=\"og:url\" content=\"https:\/\/elfsight.com\/pt\/linkedin-feed-widget\/jquery\/\" \/>\n<meta property=\"og:site_name\" content=\"Elfsight PT\" \/>\n<meta property=\"article:modified_time\" content=\"2024-11-12T15:25:46+00:00\" \/>\n<meta name=\"twitter:card\" content=\"summary_large_image\" \/>\n<meta name=\"twitter:label1\" content=\"Tempo estimado de leitura\" \/>\n\t<meta name=\"twitter:data1\" content=\"5 minutos\" \/>\n<!-- \/ Yoast SEO plugin. -->","yoast_head_json":{"title":"Feed do LinkedIn - Adicione plugin de feed ao jQuery [de gra\u00e7a!]","description":"Incorpore o plugin LinkedIn Feed sem codifica\u00e7\u00e3o em seu site jQuery. Crie seu widget usando uma demonstra\u00e7\u00e3o ao vivo e modelos pr\u00e9-fabricados para ter uma prova social forte.","robots":{"index":"index","follow":"follow","max-snippet":"max-snippet:-1","max-image-preview":"max-image-preview:large","max-video-preview":"max-video-preview:-1"},"canonical":"https:\/\/elfsight.com\/pt\/linkedin-feed-widget\/jquery\/","og_locale":"pt_PT","og_type":"article","og_title":"Feed do LinkedIn - Adicione plugin de feed ao jQuery [de gra\u00e7a!]","og_description":"Incorpore o plugin LinkedIn Feed sem codifica\u00e7\u00e3o em seu site jQuery. Crie seu widget usando uma demonstra\u00e7\u00e3o ao vivo e modelos pr\u00e9-fabricados para ter uma prova social forte.","og_url":"https:\/\/elfsight.com\/pt\/linkedin-feed-widget\/jquery\/","og_site_name":"Elfsight PT","article_modified_time":"2024-11-12T15:25:46+00:00","twitter_card":"summary_large_image","twitter_misc":{"Tempo estimado de leitura":"5 minutos"},"schema":{"@context":"https:\/\/schema.org","@graph":[{"@type":"WebPage","@id":"https:\/\/elfsight.com\/pt\/linkedin-feed-widget\/jquery\/","url":"https:\/\/elfsight.com\/pt\/linkedin-feed-widget\/jquery\/","name":"Feed do LinkedIn - Adicione plugin de feed ao jQuery [de gra\u00e7a!]","isPartOf":{"@id":"https:\/\/elfsight.com\/pt\/#website"},"datePublished":"2024-05-03T06:40:31+00:00","dateModified":"2024-11-12T15:25:46+00:00","description":"Incorpore o plugin LinkedIn Feed sem codifica\u00e7\u00e3o em seu site jQuery. Crie seu widget usando uma demonstra\u00e7\u00e3o ao vivo e modelos pr\u00e9-fabricados para ter uma prova social forte.","breadcrumb":{"@id":"https:\/\/elfsight.com\/pt\/linkedin-feed-widget\/jquery\/#breadcrumb"},"inLanguage":"pt-PT","potentialAction":[{"@type":"ReadAction","target":["https:\/\/elfsight.com\/pt\/linkedin-feed-widget\/jquery\/"]}]},{"@type":"BreadcrumbList","@id":"https:\/\/elfsight.com\/pt\/linkedin-feed-widget\/jquery\/#breadcrumb","itemListElement":[{"@type":"ListItem","position":1,"name":"Home","item":"https:\/\/elfsight.com\/pt\/"},{"@type":"ListItem","position":2,"name":"LinkedIn Feed","item":"https:\/\/elfsight.com\/pt\/linkedin-feed-widget\/"},{"@type":"ListItem","position":3,"name":"LinkedIn Feed &#8211; jQuery"}]},{"@type":"WebSite","@id":"https:\/\/elfsight.com\/pt\/#website","url":"https:\/\/elfsight.com\/pt\/","name":"Elfsight PT","description":"Just another Elfsight Sites site","potentialAction":[{"@type":"SearchAction","target":{"@type":"EntryPoint","urlTemplate":"https:\/\/elfsight.com\/pt\/?s={search_term_string}"},"query-input":{"@type":"PropertyValueSpecification","valueRequired":true,"valueName":"search_term_string"}}],"inLanguage":"pt-PT"}]}},"meta_box":{"industry":"","seo_heading":"","heading":"","description":"","cta_heading":"","cta_description":"","application":"5159","h1":"Como incorporar o feed do LinkedIn no jQuery gratuitamente!","h1_caption":"Transmita atualiza\u00e7\u00f5es, imagens e v\u00eddeos da empresa LinkedIn em seu site","application_category":[],"applications_title":"","applications_request_title":"","applications_request_button_text":"","hero_text":"","hero_video":"","hero_video_schema_markup":"","selling_points_title":"","selling_points_caption":"","selling_points":[],"selling_points_cta_text":"","features_title":"","features":"","ed_cta_examples_text":"","ed_cta_examples_hidden":"","ed_cta_demo_text":"","ed_cta_demo_hidden":"","why_caption":"","why_editor_title":"","why_editor_text":"","why_team_title":"","why_team_text":"","why_service_title":"","why_service_text":"","template_catalog_visible":"","template_catalog_title":"","template_catalog_text":"","template_catalog_categories_visible":"","demo_title":"Crie seu plugin de feed do LinkedIn","demo_caption":"Configure seu feed do LinkedIn e adicione-o ao seu site jQuery gratuitamente!","default_faq_hidden":"","app_template_category":[],"platform":"55","template_public_id":"","codecanyon_url":"","codecanyon_item_id":"","codecanyon_price":"","pricing_caption":"","pricing_elfsight_apps_hide_column":"","pricing_elfsight_apps_url":"","pricing_codecanyon_price_caption":"","integration_category":[],"integration_request_title":"","integration_request_cta":"","integration_platform":"","integrations":[],"platform_category":[],"video_schema_markup":"","price":"a partir de US$ 0\/m\u00eas","trial":"","benefits":[{"text":"Ajuda de instala\u00e7\u00e3o gratuita"},{"text":"Atendimento ao cliente eficaz"},{"text":"Garantia de reembolso de 14 dias"},{"text":"Atualiza\u00e7\u00f5es futuras"}],"button_url":"#demo","button_target_blank":"","button_nofollow":"","attributes":[{"name":"Instala\u00e7\u00f5es","content":"10,000 - 100,000"},{"name":"Responsivo","content":"Sim"},{"name":"Navegadores compat\u00edveis","content":"Firefox, Safari, Opera, Chrome, Edge"}],"tags":[],"tags_disable_links":"","hide_more_platforms":"","video_object":"","demo_hide_cta":"","demo_hide_cloud_options":"","pricing_title":"","pricing":[{"pricing_icon":"platform","pricing_title":"Elfsight Apps","pricing_title_caption":"Vers\u00e3o multiplataforma que se adapta a qualquer site","pricing_price":"a partir de US$ 0\/m\u00eas","pricing_price_caption":"Comece com um plano gratuito","pricing_benefits":[{"text":"Sites ilimitados"},{"text":"Suporte 24 horas por dia, 7 dias por semana e bem documentado"},{"text":"Suporte 24 horas por dia, 7 dias por semana e bem documentado"},{"text":"Totalmente personaliz\u00e1vel"}],"pricing_button_text":"Adicionar ao site","pricing_button_url":"#demo"}],"related_apps_title":"","related_apps_hidden":"","author":"","image":[],"title":"","job":"","social_networks":[]},"_links":{"self":[{"href":"https:\/\/elfsight.com\/pt\/wp-json\/wp\/v2\/pages\/11266","targetHints":{"allow":["GET"]}}],"collection":[{"href":"https:\/\/elfsight.com\/pt\/wp-json\/wp\/v2\/pages"}],"about":[{"href":"https:\/\/elfsight.com\/pt\/wp-json\/wp\/v2\/types\/page"}],"author":[{"embeddable":true,"href":"https:\/\/elfsight.com\/pt\/wp-json\/wp\/v2\/users\/9"}],"replies":[{"embeddable":true,"href":"https:\/\/elfsight.com\/pt\/wp-json\/wp\/v2\/comments?post=11266"}],"version-history":[{"count":1,"href":"https:\/\/elfsight.com\/pt\/wp-json\/wp\/v2\/pages\/11266\/revisions"}],"predecessor-version":[{"id":11270,"href":"https:\/\/elfsight.com\/pt\/wp-json\/wp\/v2\/pages\/11266\/revisions\/11270"}],"up":[{"embeddable":true,"href":"https:\/\/elfsight.com\/pt\/wp-json\/wp\/v2\/pages\/5172"}],"wp:attachment":[{"href":"https:\/\/elfsight.com\/pt\/wp-json\/wp\/v2\/media?parent=11266"}],"curies":[{"name":"wp","href":"https:\/\/api.w.org\/{rel}","templated":true}]}}