{"id":11258,"date":"2024-05-03T06:40:26","date_gmt":"2024-05-03T06:40:26","guid":{"rendered":"https:\/\/elfsight.com\/pt\/?page_id=11258"},"modified":"2024-11-12T15:25:38","modified_gmt":"2024-11-12T15:25:38","slug":"woocommerce","status":"publish","type":"page","link":"https:\/\/elfsight.com\/pt\/linkedin-feed-widget\/woocommerce\/","title":{"rendered":"LinkedIn Feed &#8211; WooCommerce"},"content":{"rendered":"\n<div class=\"application-platform-content-item-description application-platform-content-item\" id=\"description\" data-nav-section=\"description\"> <h2>Incorpore o feed do LinkedIn no WooCommerce gratuitamente!<\/h2> <p>O widget Feed do LinkedIn foi feito especificamente para empresas apresentarem e promoverem seus Conte\u00fado do LinkedIn em sites WooCommerce: exibir postagens, fotos, clipes, etc. A integra\u00e7\u00e3o do plugin \u00e9 simples \u2013 n\u00e3o h\u00e1 necessidade de codifica\u00e7\u00e3o ou habilidades t\u00e9cnicas. <\/p> <p>Crie um estilo de feed que atenda \u00e0s prefer\u00eancias do seu site e experimente brincar com atributos personalizados, modelos, layouts e estilos de postagem. Adicione um modo pop-up como uma a\u00e7\u00e3o p\u00f3s-clique para chamar a aten\u00e7\u00e3o dos usu\u00e1rios. E, por fim, aproveite a confian\u00e7a despertada e mais oportunidades de branding. <\/p> <ul><li><strong>Aumente o alcance do seu networking com a p\u00e1gina corporativa do LinkedIn.<\/strong><br>Desenvolva novos relacionamentos no \u00e2mbito profissional e amplifique a gera\u00e7\u00e3o de leads aproveitando o conte\u00fado do seu perfil do LinkedIn.<\/li><li><strong>Aumente sua base de p\u00fablico no LinkedIn.<\/strong> <br>Chame aten\u00e7\u00e3o para o seu LinkedIn entre a comunidade de usu\u00e1rios do WooCommerce e desperte grande interesse em seus servi\u00e7os. <\/li><li><strong>Fa\u00e7a com que seu neg\u00f3cio pare\u00e7a mais genu\u00edno.<\/strong> <br>Forne\u00e7a \u00e0 sua marca um impulso adicional em credibilidade e confiabilidade integrando as atividades mais recentes do LinkedIn diretamente na p\u00e1gina do site. <\/li><\/ul><p><b>Adicione o plug-in LinkedIn Feed sem c\u00f3digo ao site WooCommerce para refor\u00e7ar a confiabilidade, demonstrar autenticidade e expandir sua rede por meio de forte valida\u00e7\u00e3o social.<\/b><\/p> <div class=\"faq\" data-component=\"FAQ\"><div class=\"faq-item\">\r\n\t\t\t\t\t<div class=\"faq-item-question\">\r\n\t\t\t\t\t\t<h3 class=\"faq-item-question-text\">Existem outras ferramentas para WooCommerce que eu possa usar no meu site? <\/h3>\r\n\r\n\t\t\t\t\t\t<div class=\"faq-item-question-icon\"><\/div>\r\n\t\t\t\t\t<\/div>\r\n\r\n\t\t\t\t\t<div class=\"faq-item-answer\">\r\n\t\t\t\t\t\t<div class=\"faq-item-answer-text\"><p>Sim, certamente! Como usu\u00e1rio do site WooCommerce, a Elfsight oferece dezenas de ferramentas sem c\u00f3digo, incluindo o plugin LinkedIn Feed sem c\u00f3digo. N\u00e3o importa o tipo de neg\u00f3cio que voc\u00ea possui ou o nicho espec\u00edfico em que atua, \u00e9 sempre ben\u00e9fico buscar oportunidades para mostrar seus pontos fortes. Por exemplo: <\/p><ul><li>Para criar qualquer outro aplicativo de m\u00eddia social para o seu site WooCommerce, considere usar o <a href=\"https:\/\/elfsight.com\/pinterest-feed-widget\/\">Pinterest Feed<\/a> ou widget <a href=\"https:\/\/elfsight.com\/instagram-feed-instashow\/\">Feed do Instagram<\/a> ao lado do Feed do LinkedIn. <\/li><li>Obtenha as <a href=\"https:\/\/elfsight.com\/all-in-one-reviews-widget\/\">Avalia\u00e7\u00f5es completas<\/a> ou <a href=\"https:\/\/elfsight.com\/google-reviews-widget\/\">Google Reviews<\/a> para exibir feedback dos clientes. <\/li><li>Incorpore o widget <a href=\"https:\/\/elfsight.com\/online-form-builder\/\">Form Builder<\/a> para coletar respostas e facilitar a comunica\u00e7\u00e3o com seus usu\u00e1rios WooCommerce. <\/li> <li>Adicione o <a href=\"https:\/\/elfsight.com\/countdown-timer-widget\/\">Cron\u00f4metro de contagem regressiva<\/a> para promover a antecipa\u00e7\u00e3o e criar um senso de urg\u00eancia entre o p\u00fablico. <\/li><\/ul><p>Lembre-se de que esses exemplos s\u00e3o apenas o come\u00e7o de uma vasta gama de adi\u00e7\u00f5es incorporadas que podem atender \u00e0s suas necessidades comerciais espec\u00edficas. Comece com o Feed do LinkedIn e depois explore a extensa cole\u00e7\u00e3o de widgets em nosso cat\u00e1logo para adicionar ao seu site! <\/p><\/div>\r\n\t\t\t\t\t<\/div>\r\n\t\t\t\t<\/div><div class=\"faq-item\">\r\n\t\t\t\t\t<div class=\"faq-item-question\">\r\n\t\t\t\t\t\t<h3 class=\"faq-item-question-text\">Como incorporar o feed do LinkedIn gratuitamente no WooCommerce? <\/h3>\r\n\r\n\t\t\t\t\t\t<div class=\"faq-item-question-icon\"><\/div>\r\n\t\t\t\t\t<\/div>\r\n\r\n\t\t\t\t\t<div class=\"faq-item-answer\">\r\n\t\t\t\t\t\t<div class=\"faq-item-answer-text\"><p>Para adicionar o widget de feed do LinkedIn sem c\u00f3digo ao seu site WooCommerce gratuitamente, siga estas etapas: <\/p> <ol><li>Personalize a apar\u00eancia do plugin LinkedIn Feed de acordo com sua prefer\u00eancia. <\/li><li>Inicie sess\u00e3o no painel de administra\u00e7\u00e3o da Elfsight ou registe uma conta gratuita. <\/li><li>Obtenha o c\u00f3digo de instala\u00e7\u00e3o exclusivo para incorporar. <\/li><li>Acesse seu site WooCommerce. <\/li><li>Coloque o c\u00f3digo no construtor de sites WooCommerce para adicionar o plugin LinkedIn Feed. Est\u00e1 tudo pronto! <\/li><\/ol><p>Como pode ser visto, n\u00e3o h\u00e1 necessidade de ser proficiente em escrever c\u00f3digo para incorporar o plugin. Crie um widget de feed do LinkedIn para um site WooCommerce com facilidade e aproveite as in\u00fameras vantagens que surgem ao expandir seu alcance. <\/p><\/div>\r\n\t\t\t\t\t<\/div>\r\n\t\t\t\t<\/div><div class=\"faq-item\">\r\n\t\t\t\t\t<div class=\"faq-item-question\">\r\n\t\t\t\t\t\t<h3 class=\"faq-item-question-text\">Preciso saber como codificar ou ter habilidades de programa\u00e7\u00e3o para incorporar o feed do LinkedIn no WooCommerce? <\/h3>\r\n\r\n\t\t\t\t\t\t<div class=\"faq-item-question-icon\"><\/div>\r\n\t\t\t\t\t<\/div>\r\n\r\n\t\t\t\t\t<div class=\"faq-item-answer\">\r\n\t\t\t\t\t\t<div class=\"faq-item-answer-text\"><p>N\u00e3o. N\u00e3o h\u00e1 necessidade de nenhuma habilidade de codifica\u00e7\u00e3o. Voc\u00ea pode criar e adicionar o plug-in LinkedIn Feed ao seu site WooCommerce sem nenhum conhecimento espec\u00edfico ou experi\u00eancia em c\u00f3digo. <\/p> <\/div>\r\n\t\t\t\t\t<\/div>\r\n\t\t\t\t<\/div><\/div><\/div> <div class=\"application-platform-content-item-features application-platform-content-item\" id=\"features\" data-nav-section=\"features\"> <h2>Encontre abaixo os recursos essenciais do widget: <\/h2> <ul><li>Transmita diversas formas de conte\u00fado: postagens de blog, imagens, clipes, etc. <\/li><li>Filtre postagens de feed por palavras-chave, hashtags ou URLs. <\/li><li>Adicione bot\u00f5es de CTA para melhorar a taxa de engajamento no feed do LinkedIn da sua empresa. <\/li><li>Modo pop-up din\u00e2mico para chamar a aten\u00e7\u00e3o dos usu\u00e1rios do site para o conte\u00fado do LinkedIn. <\/li><li>Op\u00e7\u00f5es f\u00e1ceis de personaliza\u00e7\u00e3o sem necessidade de escrever c\u00f3digo: modelos prontos para uso, gerador de esquema de cores, cinco layouts modernos, estilos de postagem, CSS personalizado e muito mais. <\/li><\/ul><p><a href=\"#demo\">Voc\u00ea pode verificar se o widget \u00e9 adequado para voc\u00ea com a ajuda da demonstra\u00e7\u00e3o<\/a><\/p> <\/div> <div class=\"application-platform-content-item-instala\u00e7\u00e3o application-platform-content-item\" id=\"instala\u00e7\u00e3o\" data-nav-section=\"instala\u00e7\u00e3o\"> <h2>Como adicionar o plugin LinkedIn Feed ao meu site WooCommerce? <\/h2> <p>Se voc\u00ea deseja adicionar o widget LinkedIn Feed sem c\u00f3digo ao seu site WooCommerce, siga as etapas abaixo: <\/p> <ol><li><b>Use nosso configurador gratuito e comece a formar seu Plug-in de feed do LinkedIn personalizado. <\/b><br> Determine a forma e as especifica\u00e7\u00f5es desej\u00e1veis \u200b\u200bdo widget e aplique as edi\u00e7\u00f5es. <\/li> <li><b>Receba o c\u00f3digo exclusivo que aparece na caixa dos aplicativos Elfsight. <\/b><br> Logo ap\u00f3s a cria\u00e7\u00e3o do seu plugin, copie o c\u00f3digo individual do pop-up que aparece e salve-o para uso posterior. <\/li> <li><b>Inicie o uso da ferramenta em seu site WooCommerce. <\/b><br> Adicione o c\u00f3digo salvo anteriormente em seu site e aplique as corre\u00e7\u00f5es. <\/li> <li><b>A configura\u00e7\u00e3o foi totalmente conclu\u00edda. <\/b><br> Acesse seu site para ver em a\u00e7\u00e3o o desempenho do widget Feed do LinkedIn. <\/li><\/ol> <p>Se tiver d\u00favidas ou enfrentar qualquer problema sobre como adicionar o widget, sinta-se \u00e0 vontade para entrar em contato com nossa equipe de atendimento ao cliente. Nosso pessoal ficar\u00e1 animado para resolver todos os problemas que voc\u00ea possa ter com o plugin LinkedIn Feed sem c\u00f3digo para sites WooCommerce. <\/p> <\/div><\/b>\n","protected":false},"excerpt":{"rendered":"","protected":false},"author":9,"featured_media":0,"parent":5172,"menu_order":0,"comment_status":"closed","ping_status":"closed","template":"templates\/template-application-platform.php","meta":{"publish_to_discourse":"","publish_post_category":"","wpdc_auto_publish_overridden":"","wpdc_topic_tags":"","wpdc_pin_topic":"","wpdc_pin_until":"","discourse_post_id":"","discourse_permalink":"","wpdc_publishing_response":"","wpdc_publishing_error":"","footnotes":""},"class_list":["post-11258","page","type-page","status-publish","hentry"],"yoast_head":"<!-- This site is optimized with the Yoast SEO plugin v25.3.1 - https:\/\/yoast.com\/wordpress\/plugins\/seo\/ -->\n<title>Feed do LinkedIn - Adicione o plugin de feed ao WooCommerce [de gra\u00e7a!]<\/title>\n<meta name=\"description\" content=\"Incorpore o plugin LinkedIn Feed sem codifica\u00e7\u00e3o em seu site WooCommerce. Crie seu widget usando uma demonstra\u00e7\u00e3o ao vivo e modelos pr\u00e9-fabricados para ter uma prova social forte.\" \/>\n<meta name=\"robots\" content=\"index, follow, max-snippet:-1, max-image-preview:large, max-video-preview:-1\" \/>\n<link rel=\"canonical\" href=\"https:\/\/elfsight.com\/pt\/linkedin-feed-widget\/woocommerce\/\" \/>\n<meta property=\"og:locale\" content=\"pt_PT\" \/>\n<meta property=\"og:type\" content=\"article\" \/>\n<meta property=\"og:title\" content=\"Feed do LinkedIn - Adicione o plugin de feed ao WooCommerce [de gra\u00e7a!]\" \/>\n<meta property=\"og:description\" content=\"Incorpore o plugin LinkedIn Feed sem codifica\u00e7\u00e3o em seu site WooCommerce. Crie seu widget usando uma demonstra\u00e7\u00e3o ao vivo e modelos pr\u00e9-fabricados para ter uma prova social forte.\" \/>\n<meta property=\"og:url\" content=\"https:\/\/elfsight.com\/pt\/linkedin-feed-widget\/woocommerce\/\" \/>\n<meta property=\"og:site_name\" content=\"Elfsight PT\" \/>\n<meta property=\"article:modified_time\" content=\"2024-11-12T15:25:38+00:00\" \/>\n<meta name=\"twitter:card\" content=\"summary_large_image\" \/>\n<meta name=\"twitter:label1\" content=\"Tempo estimado de leitura\" \/>\n\t<meta name=\"twitter:data1\" content=\"5 minutos\" \/>\n<!-- \/ Yoast SEO plugin. -->","yoast_head_json":{"title":"Feed do LinkedIn - Adicione o plugin de feed ao WooCommerce [de gra\u00e7a!]","description":"Incorpore o plugin LinkedIn Feed sem codifica\u00e7\u00e3o em seu site WooCommerce. Crie seu widget usando uma demonstra\u00e7\u00e3o ao vivo e modelos pr\u00e9-fabricados para ter uma prova social forte.","robots":{"index":"index","follow":"follow","max-snippet":"max-snippet:-1","max-image-preview":"max-image-preview:large","max-video-preview":"max-video-preview:-1"},"canonical":"https:\/\/elfsight.com\/pt\/linkedin-feed-widget\/woocommerce\/","og_locale":"pt_PT","og_type":"article","og_title":"Feed do LinkedIn - Adicione o plugin de feed ao WooCommerce [de gra\u00e7a!]","og_description":"Incorpore o plugin LinkedIn Feed sem codifica\u00e7\u00e3o em seu site WooCommerce. Crie seu widget usando uma demonstra\u00e7\u00e3o ao vivo e modelos pr\u00e9-fabricados para ter uma prova social forte.","og_url":"https:\/\/elfsight.com\/pt\/linkedin-feed-widget\/woocommerce\/","og_site_name":"Elfsight PT","article_modified_time":"2024-11-12T15:25:38+00:00","twitter_card":"summary_large_image","twitter_misc":{"Tempo estimado de leitura":"5 minutos"},"schema":{"@context":"https:\/\/schema.org","@graph":[{"@type":"WebPage","@id":"https:\/\/elfsight.com\/pt\/linkedin-feed-widget\/woocommerce\/","url":"https:\/\/elfsight.com\/pt\/linkedin-feed-widget\/woocommerce\/","name":"Feed do LinkedIn - Adicione o plugin de feed ao WooCommerce [de gra\u00e7a!]","isPartOf":{"@id":"https:\/\/elfsight.com\/pt\/#website"},"datePublished":"2024-05-03T06:40:26+00:00","dateModified":"2024-11-12T15:25:38+00:00","description":"Incorpore o plugin LinkedIn Feed sem codifica\u00e7\u00e3o em seu site WooCommerce. Crie seu widget usando uma demonstra\u00e7\u00e3o ao vivo e modelos pr\u00e9-fabricados para ter uma prova social forte.","breadcrumb":{"@id":"https:\/\/elfsight.com\/pt\/linkedin-feed-widget\/woocommerce\/#breadcrumb"},"inLanguage":"pt-PT","potentialAction":[{"@type":"ReadAction","target":["https:\/\/elfsight.com\/pt\/linkedin-feed-widget\/woocommerce\/"]}]},{"@type":"BreadcrumbList","@id":"https:\/\/elfsight.com\/pt\/linkedin-feed-widget\/woocommerce\/#breadcrumb","itemListElement":[{"@type":"ListItem","position":1,"name":"Home","item":"https:\/\/elfsight.com\/pt\/"},{"@type":"ListItem","position":2,"name":"LinkedIn Feed","item":"https:\/\/elfsight.com\/pt\/linkedin-feed-widget\/"},{"@type":"ListItem","position":3,"name":"LinkedIn Feed &#8211; WooCommerce"}]},{"@type":"WebSite","@id":"https:\/\/elfsight.com\/pt\/#website","url":"https:\/\/elfsight.com\/pt\/","name":"Elfsight PT","description":"Just another Elfsight Sites site","potentialAction":[{"@type":"SearchAction","target":{"@type":"EntryPoint","urlTemplate":"https:\/\/elfsight.com\/pt\/?s={search_term_string}"},"query-input":{"@type":"PropertyValueSpecification","valueRequired":true,"valueName":"search_term_string"}}],"inLanguage":"pt-PT"}]}},"meta_box":{"industry":"","seo_heading":"","heading":"","description":"","cta_heading":"","cta_description":"","application":"5159","h1":"Como incorporar o feed do LinkedIn no WooCommerce gratuitamente!","h1_caption":"Exiba postagens, recursos visuais e clipes da empresa LinkedIn em seu site","application_category":[],"applications_title":"","applications_request_title":"","applications_request_button_text":"","hero_text":"","hero_video":"","hero_video_schema_markup":"","selling_points_title":"","selling_points_caption":"","selling_points":[],"selling_points_cta_text":"","features_title":"","features":"","ed_cta_examples_text":"","ed_cta_examples_hidden":"","ed_cta_demo_text":"","ed_cta_demo_hidden":"","why_caption":"","why_editor_title":"","why_editor_text":"","why_team_title":"","why_team_text":"","why_service_title":"","why_service_text":"","template_catalog_visible":"0","template_catalog_title":"","template_catalog_text":"","template_catalog_categories_visible":"","demo_title":"Crie seu aplicativo de feed do LinkedIn","demo_caption":"Configure seu feed do LinkedIn e adicione-o ao seu site WooCommerce gratuitamente!","default_faq_hidden":"","app_template_category":[],"platform":"4920","template_public_id":"","codecanyon_url":"","codecanyon_item_id":"","codecanyon_price":"","pricing_caption":"","pricing_elfsight_apps_hide_column":"","pricing_elfsight_apps_url":"","pricing_codecanyon_price_caption":"","integration_category":[],"integration_request_title":"","integration_request_cta":"","integration_platform":"","integrations":[],"platform_category":[],"video_schema_markup":"","price":"a partir de US$ 0\/m\u00eas","trial":"","benefits":[{"text":"Assist\u00eancia de instala\u00e7\u00e3o gratuita"},{"text":"Atendimento ao cliente profissional"},{"text":"Garantia de devolu\u00e7\u00e3o do dinheiro em 14 dias"},{"text":"Atualiza\u00e7\u00f5es cont\u00ednuas"}],"button_url":"#demo","button_target_blank":"0","button_nofollow":"0","attributes":[{"name":"Instala\u00e7\u00f5es","content":"10,000 - 100,000"},{"name":"Responsivo","content":"Sim"},{"name":"Navegadores compat\u00edveis","content":"Firefox, Safari, Opera, Chrome, Edge"}],"tags":[],"tags_disable_links":"0","hide_more_platforms":"","video_object":"","demo_hide_cta":"0","demo_hide_cloud_options":"0","pricing_title":"","pricing":[{"pricing_icon":"platform","pricing_title":"Elfsight Apps","pricing_title_caption":"Vers\u00e3o independente de plataforma que funciona em qualquer site","pricing_price":"a partir de US$ 0\/m\u00eas","pricing_price_caption":"Comece com um plano gratuito","pricing_benefits":[{"text":"Sites ilimitados"},{"text":"Suporte r\u00e1pido \u00e0 empresa"},{"text":"Suporte r\u00e1pido \u00e0 empresa"},{"text":"100% personaliz\u00e1vel"}],"pricing_button_text":"Adicionar ao site","pricing_button_url":"#demo"}],"related_apps_title":"","related_apps_hidden":"0","author":"","image":[],"title":"","job":"","social_networks":[]},"_links":{"self":[{"href":"https:\/\/elfsight.com\/pt\/wp-json\/wp\/v2\/pages\/11258","targetHints":{"allow":["GET"]}}],"collection":[{"href":"https:\/\/elfsight.com\/pt\/wp-json\/wp\/v2\/pages"}],"about":[{"href":"https:\/\/elfsight.com\/pt\/wp-json\/wp\/v2\/types\/page"}],"author":[{"embeddable":true,"href":"https:\/\/elfsight.com\/pt\/wp-json\/wp\/v2\/users\/9"}],"replies":[{"embeddable":true,"href":"https:\/\/elfsight.com\/pt\/wp-json\/wp\/v2\/comments?post=11258"}],"version-history":[{"count":2,"href":"https:\/\/elfsight.com\/pt\/wp-json\/wp\/v2\/pages\/11258\/revisions"}],"predecessor-version":[{"id":12998,"href":"https:\/\/elfsight.com\/pt\/wp-json\/wp\/v2\/pages\/11258\/revisions\/12998"}],"up":[{"embeddable":true,"href":"https:\/\/elfsight.com\/pt\/wp-json\/wp\/v2\/pages\/5172"}],"wp:attachment":[{"href":"https:\/\/elfsight.com\/pt\/wp-json\/wp\/v2\/media?parent=11258"}],"curies":[{"name":"wp","href":"https:\/\/api.w.org\/{rel}","templated":true}]}}