{"id":11244,"date":"2024-05-03T06:40:20","date_gmt":"2024-05-03T06:40:20","guid":{"rendered":"https:\/\/elfsight.com\/pt\/?page_id=11244"},"modified":"2024-11-12T15:26:41","modified_gmt":"2024-11-12T15:26:41","slug":"wordpress","status":"publish","type":"page","link":"https:\/\/elfsight.com\/pt\/line-chat-widget\/wordpress\/","title":{"rendered":"Line Chat &#8211; WordPress"},"content":{"rendered":"<div class=\"application-platform-content-item-description application-platform-content-item\" id=\"description\" data-nav-section=\"description\"><h2>Melhore o seu site WordPress com o plug-in Elfsight Line Chat<\/h2><p>O Elfsight Line Chat para WordPress \u00e9 a solu\u00e7\u00e3o definitiva para melhorar o desempenho do seu site capacidades de comunica\u00e7\u00e3o e suporte ao cliente. Com este plugin poderoso, voc\u00ea pode incorporar perfeitamente o Line Chat em seu site WordPress, fornecendo aos visitantes uma maneira conveniente e direta de se conectar com voc\u00ea. Quer voc\u00ea tenha um blog, uma loja online ou qualquer outro tipo de site, este widget \u00e9 uma virada de jogo para se manter conectado com seu p\u00fablico. Vamos nos aprofundar nos recursos e no processo de instala\u00e7\u00e3o que tornam o Elfsight Line Chat um item obrigat\u00f3rio para o seu site WordPress.<\/p><div class=\"faq\" data-component=\"FAQ\"><div class=\"faq-item\">\r\n\t\t\t\t\t<div class=\"faq-item-question\">\r\n\t\t\t\t\t\t<h3 class=\"faq-item-question-text\">Por que escolher o Elfsight Line Chat para WordPress?<\/h3>\r\n\r\n\t\t\t\t\t\t<div class=\"faq-item-question-icon\"><\/div>\r\n\t\t\t\t\t<\/div>\r\n\r\n\t\t\t\t\t<div class=\"faq-item-answer\">\r\n\t\t\t\t\t\t<div class=\"faq-item-answer-text\"><p>O Elfsight Line Chat \u00e9 a escolha certa para propriet\u00e1rios de sites WordPress que desejam oferecer um atendimento ao cliente excepcional. Aqui est\u00e3o alguns dos principais motivos pelos quais voc\u00ea deve optar por este widget:<\/p><ul> <li>Integra\u00e7\u00e3o perfeita: adicionar Line Chat ao seu site WordPress \u00e9 muito f\u00e1cil. Voc\u00ea n\u00e3o precisa de nenhuma habilidade de codifica\u00e7\u00e3o; \u00e9 t\u00e3o simples quanto copiar e colar.<\/li> <li>Op\u00e7\u00f5es de personaliza\u00e7\u00e3o: personalize seu widget do Line Chat para combinar com o estilo e a marca do seu site. Escolha entre v\u00e1rios temas, \u00edcones e posi\u00e7\u00f5es da janela de bate-papo.<\/li> <li>Comunica\u00e7\u00e3o em tempo real: mantenha a conversa conectando seus visitantes com voc\u00ea no Line Chat, garantindo que voc\u00ea esteja dispon\u00edvel para ajud\u00e1-los sempre que precisarem. .<\/li> <li>Informa\u00e7\u00f5es do visitante: obtenha informa\u00e7\u00f5es valiosas sobre as prefer\u00eancias e comportamentos de seus visitantes rastreando suas intera\u00e7\u00f5es com o widget Line Chat.<\/li> <li>Atraia mais visitantes: ao fornecer um canal direto de Line Chat, voc\u00ea atrair\u00e1 mais visitantes, levando a um aumento na satisfa\u00e7\u00e3o do cliente e nas convers\u00f5es.<\/li><\/ul><p>Com o Elfsight Line Chat para WordPress, voc\u00ea pode melhorar significativamente a experi\u00eancia do usu\u00e1rio do seu site, tornando-o mais interativo e f\u00e1cil de usar. .<\/p><\/div>\r\n\t\t\t\t\t<\/div>\r\n\t\t\t\t<\/div><div class=\"faq-item\">\r\n\t\t\t\t\t<div class=\"faq-item-question\">\r\n\t\t\t\t\t\t<h3 class=\"faq-item-question-text\">Como adicionar o Elfsight Line Chat ao seu site WordPress?<\/h3>\r\n\r\n\t\t\t\t\t\t<div class=\"faq-item-question-icon\"><\/div>\r\n\t\t\t\t\t<\/div>\r\n\r\n\t\t\t\t\t<div class=\"faq-item-answer\">\r\n\t\t\t\t\t\t<div class=\"faq-item-answer-text\"><p>Integrar o Elfsight Line Chat com o seu site WordPress \u00e9 um processo r\u00e1pido e simples. Siga estas etapas para come\u00e7ar:<\/p><ol> <li><strong>Personaliza\u00e7\u00e3o de widget:<\/strong> comece personalizando seu widget do Line Chat usando nosso configurador gratuito. Voc\u00ea pode escolher o layout, design e outras configura\u00e7\u00f5es de sua prefer\u00eancia.<\/li> <li><strong>C\u00f3digo de instala\u00e7\u00e3o:<\/strong> Ap\u00f3s personalizar seu widget, voc\u00ea receber\u00e1 um c\u00f3digo de instala\u00e7\u00e3o exclusivo. Copie este c\u00f3digo, pois voc\u00ea precisar\u00e1 dele para a pr\u00f3xima etapa.<\/li> <li><strong>Integra\u00e7\u00e3o de site:<\/strong> V\u00e1 at\u00e9 o back-end do seu site WordPress e cole o c\u00f3digo de instala\u00e7\u00e3o no local desejado. Salve as altera\u00e7\u00f5es.<\/li> <li><strong>Aproveite o Line Chat:<\/strong> seu widget Line Chat agora est\u00e1 integrado com sucesso ao seu site. Visite seu site para ver como funciona.<\/li><\/ol><p>\u00c9 isso a\u00ed! Voc\u00ea adicionou com sucesso o Elfsight Line Chat ao seu site WordPress e est\u00e1 pronto para fornecer suporte de alto n\u00edvel aos seus visitantes.<\/p><\/div>\r\n\t\t\t\t\t<\/div>\r\n\t\t\t\t<\/div><div class=\"faq-item\">\r\n\t\t\t\t\t<div class=\"faq-item-question\">\r\n\t\t\t\t\t\t<h3 class=\"faq-item-question-text\">Experimente a apar\u00eancia do widget com nossa demonstra\u00e7\u00e3o ao vivo<\/h3>\r\n\r\n\t\t\t\t\t\t<div class=\"faq-item-question-icon\"><\/div>\r\n\t\t\t\t\t<\/div>\r\n\r\n\t\t\t\t\t<div class=\"faq-item-answer\">\r\n\t\t\t\t\t\t<div class=\"faq-item-answer-text\"><p>Quer saber como o widget Line Chat aparecer\u00e1 no seu site WordPress? Voc\u00ea pode visualiz\u00e1-lo antes de adicion\u00e1-lo ao seu site. Ao personalizar o widget no construtor online, voc\u00ea pode ver as altera\u00e7\u00f5es em tempo real no lado direito. Isso significa que voc\u00ea pode garantir que a caixa de bate-papo combinar\u00e1 perfeitamente com o estilo do seu site WordPress.<\/p><p><a href=\"https:\/\/elfsight.com\/line-chat-widget\/#demo\">Tente a demonstra\u00e7\u00e3o ao vivo agora<\/a><\/p><\/div>\r\n\t\t\t\t\t<\/div>\r\n\t\t\t\t<\/div><\/div><\/div><div class=\"application-platform-content-item-features application-platform-content-item\" id=\"features\" data-nav-section=\"features\"><h2>Revelando os poderosos recursos do Elfsight Line Chat para WordPress<\/h2><p>O Elfsight Line Chat vem com uma variedade de recursos que ir\u00e3o revolucionar a maneira como voc\u00ea se conecta com seu p\u00fablico. Aqui est\u00e3o os principais recursos que tornam este plugin uma ferramenta indispens\u00e1vel para o seu site WordPress:<\/p><ul> <li>F\u00e1cil integra\u00e7\u00e3o: incorpore o Line Chat sem esfor\u00e7o em seu site WordPress, melhorando a experi\u00eancia de comunica\u00e7\u00e3o dos visitantes.<\/li> <li>Mensagens em tempo real: mantenha a conversa com seu p\u00fablico diretamente de sua p\u00e1gina do WordPress.<\/li> <li>Op\u00e7\u00f5es de localiza\u00e7\u00e3o de bate-papo: escolha entre tr\u00eas configura\u00e7\u00f5es de localiza\u00e7\u00e3o de bate-papo &#8211; bal\u00e3o flutuante, bal\u00e3o incorporado ou janela de bate-papo incorporada &#8211; para se adequar ao layout do seu site.<\/li> <li>Sele\u00e7\u00e3o de \u00edcones: explore uma cole\u00e7\u00e3o diversificada de \u00edcones de bal\u00e3o e selecione aquele que melhor complementa o design do seu site.<\/li> <li>Texto personaliz\u00e1vel: personalize o texto do bal\u00e3o para criar uma mensagem de boas-vindas e envolvente para seus visitantes.<\/li><\/ul><p>Com esses recursos, o Elfsight Line Chat para WordPress garante que voc\u00ea possa oferecer suporte de alto n\u00edvel, envolver seus visitantes e tornar seu site mais interativo. <\/p><p><a href=\"https:\/\/elfsight.com\/line-chat-widget\/#demo\">Para explorar ainda mais esses recursos, experimente nossa demonstra\u00e7\u00e3o ao vivo<\/a><\/p>[\/ application_platform_content_item]<div class=\"application-platform-content-item-installation application-platform-content-item\" id=\"installation\" data-nav-section=\"installation\"><\/div><h2>Instalar o plugin Elfsight Line Chat no seu site WordPress<\/h2><p>Adicionar o Elfsight Line Chat ao seu site WordPress \u00e9 um processo simples que n\u00e3o requer nenhum conhecimento de codifica\u00e7\u00e3o. Siga estas etapas simples para come\u00e7ar:<\/p><ol> <li><b>Personaliza\u00e7\u00e3o de widget:<\/b> comece personalizando seu widget do Line Chat em nosso configurador gratuito. Escolha seu layout e configura\u00e7\u00f5es preferidos e salve suas personaliza\u00e7\u00f5es.<\/li> <li><b>Obtenha seu c\u00f3digo de instala\u00e7\u00e3o:<\/b> Depois de personalizar seu widget, voc\u00ea receber\u00e1 um c\u00f3digo de instala\u00e7\u00e3o exclusivo. Copie esse c\u00f3digo; voc\u00ea precisar\u00e1 dele na pr\u00f3xima etapa.<\/li> <li><b>Integra\u00e7\u00e3o de site:<\/b> Acesse o backend do seu site WordPress e cole o c\u00f3digo de instala\u00e7\u00e3o no local especificado. Salve as altera\u00e7\u00f5es feitas.<\/li> <li><b>Aproveite o Line Chat:<\/b> Seu widget Elfsight Line Chat agora est\u00e1 integrado com sucesso ao seu site. Visite seu site para ver isso em a\u00e7\u00e3o.<\/li><\/ol><p>\u00c9 isso a\u00ed! Voc\u00ea concluiu a instala\u00e7\u00e3o e seu site WordPress agora est\u00e1 equipado com o Elfsight Line Chat. Voc\u00ea pode come\u00e7ar a se conectar com seus visitantes e fornecer suporte excepcional.<\/p><p>Se voc\u00ea encontrar alguma dificuldade durante a instala\u00e7\u00e3o ou tiver alguma d\u00favida, nosso atendimento ao cliente est\u00e1 a apenas uma solicita\u00e7\u00e3o de dist\u00e2ncia, pronto para ajud\u00e1-lo com qualquer d\u00favida.<\/p><\/div><p><\/p>","protected":false},"excerpt":{"rendered":"","protected":false},"author":9,"featured_media":0,"parent":1697,"menu_order":0,"comment_status":"closed","ping_status":"closed","template":"templates\/template-application-platform.php","meta":{"publish_to_discourse":"","publish_post_category":"","wpdc_auto_publish_overridden":"","wpdc_topic_tags":"","wpdc_pin_topic":"","wpdc_pin_until":"","discourse_post_id":"","discourse_permalink":"","wpdc_publishing_response":"","wpdc_publishing_error":"","footnotes":""},"class_list":["post-11244","page","type-page","status-publish","hentry"],"yoast_head":"<!-- This site is optimized with the Yoast SEO plugin v25.3.1 - https:\/\/yoast.com\/wordpress\/plugins\/seo\/ -->\n<title>Melhore a comunica\u00e7\u00e3o do WordPress com o plugin Elfsight Line Chat<\/title>\n<meta name=\"description\" content=\"Descubra como o Elfsight Line Chat para WordPress pode revolucionar as capacidades de comunica\u00e7\u00e3o e suporte do seu site. Integre perfeitamente o Line Chat, envolva seus visitantes e forne\u00e7a suporte excepcional com nosso plugin f\u00e1cil de usar.\" \/>\n<meta name=\"robots\" content=\"index, follow, max-snippet:-1, max-image-preview:large, max-video-preview:-1\" \/>\n<link rel=\"canonical\" href=\"https:\/\/elfsight.com\/pt\/line-chat-widget\/wordpress\/\" \/>\n<meta property=\"og:locale\" content=\"pt_PT\" \/>\n<meta property=\"og:type\" content=\"article\" \/>\n<meta property=\"og:title\" content=\"Melhore a comunica\u00e7\u00e3o do WordPress com o plugin Elfsight Line Chat\" \/>\n<meta property=\"og:description\" content=\"Descubra como o Elfsight Line Chat para WordPress pode revolucionar as capacidades de comunica\u00e7\u00e3o e suporte do seu site. Integre perfeitamente o Line Chat, envolva seus visitantes e forne\u00e7a suporte excepcional com nosso plugin f\u00e1cil de usar.\" \/>\n<meta property=\"og:url\" content=\"https:\/\/elfsight.com\/pt\/line-chat-widget\/wordpress\/\" \/>\n<meta property=\"og:site_name\" content=\"Elfsight PT\" \/>\n<meta property=\"article:modified_time\" content=\"2024-11-12T15:26:41+00:00\" \/>\n<meta name=\"twitter:card\" content=\"summary_large_image\" \/>\n<meta name=\"twitter:label1\" content=\"Tempo estimado de leitura\" \/>\n\t<meta name=\"twitter:data1\" content=\"5 minutos\" \/>\n<!-- \/ Yoast SEO plugin. -->","yoast_head_json":{"title":"Melhore a comunica\u00e7\u00e3o do WordPress com o plugin Elfsight Line Chat","description":"Descubra como o Elfsight Line Chat para WordPress pode revolucionar as capacidades de comunica\u00e7\u00e3o e suporte do seu site. Integre perfeitamente o Line Chat, envolva seus visitantes e forne\u00e7a suporte excepcional com nosso plugin f\u00e1cil de usar.","robots":{"index":"index","follow":"follow","max-snippet":"max-snippet:-1","max-image-preview":"max-image-preview:large","max-video-preview":"max-video-preview:-1"},"canonical":"https:\/\/elfsight.com\/pt\/line-chat-widget\/wordpress\/","og_locale":"pt_PT","og_type":"article","og_title":"Melhore a comunica\u00e7\u00e3o do WordPress com o plugin Elfsight Line Chat","og_description":"Descubra como o Elfsight Line Chat para WordPress pode revolucionar as capacidades de comunica\u00e7\u00e3o e suporte do seu site. Integre perfeitamente o Line Chat, envolva seus visitantes e forne\u00e7a suporte excepcional com nosso plugin f\u00e1cil de usar.","og_url":"https:\/\/elfsight.com\/pt\/line-chat-widget\/wordpress\/","og_site_name":"Elfsight PT","article_modified_time":"2024-11-12T15:26:41+00:00","twitter_card":"summary_large_image","twitter_misc":{"Tempo estimado de leitura":"5 minutos"},"schema":{"@context":"https:\/\/schema.org","@graph":[{"@type":"WebPage","@id":"https:\/\/elfsight.com\/pt\/line-chat-widget\/wordpress\/","url":"https:\/\/elfsight.com\/pt\/line-chat-widget\/wordpress\/","name":"Melhore a comunica\u00e7\u00e3o do WordPress com o plugin Elfsight Line Chat","isPartOf":{"@id":"https:\/\/elfsight.com\/pt\/#website"},"datePublished":"2024-05-03T06:40:20+00:00","dateModified":"2024-11-12T15:26:41+00:00","description":"Descubra como o Elfsight Line Chat para WordPress pode revolucionar as capacidades de comunica\u00e7\u00e3o e suporte do seu site. Integre perfeitamente o Line Chat, envolva seus visitantes e forne\u00e7a suporte excepcional com nosso plugin f\u00e1cil de usar.","breadcrumb":{"@id":"https:\/\/elfsight.com\/pt\/line-chat-widget\/wordpress\/#breadcrumb"},"inLanguage":"pt-PT","potentialAction":[{"@type":"ReadAction","target":["https:\/\/elfsight.com\/pt\/line-chat-widget\/wordpress\/"]}]},{"@type":"BreadcrumbList","@id":"https:\/\/elfsight.com\/pt\/line-chat-widget\/wordpress\/#breadcrumb","itemListElement":[{"@type":"ListItem","position":1,"name":"Home","item":"https:\/\/elfsight.com\/pt\/"},{"@type":"ListItem","position":2,"name":"Line Chat","item":"https:\/\/elfsight.com\/pt\/line-chat-widget\/"},{"@type":"ListItem","position":3,"name":"Line Chat &#8211; WordPress"}]},{"@type":"WebSite","@id":"https:\/\/elfsight.com\/pt\/#website","url":"https:\/\/elfsight.com\/pt\/","name":"Elfsight PT","description":"Just another Elfsight Sites site","potentialAction":[{"@type":"SearchAction","target":{"@type":"EntryPoint","urlTemplate":"https:\/\/elfsight.com\/pt\/?s={search_term_string}"},"query-input":{"@type":"PropertyValueSpecification","valueRequired":true,"valueName":"search_term_string"}}],"inLanguage":"pt-PT"}]}},"meta_box":{"industry":"","seo_heading":"","heading":"","description":"","cta_heading":"","cta_description":"","application":"1696","h1":"Como incorporar o Line Chat em um site WordPress","h1_caption":"O canal de comunica\u00e7\u00e3o mais pr\u00e1tico para os clientes do seu site","application_category":[],"applications_title":"","applications_request_title":"","applications_request_button_text":"","hero_text":"","hero_video":"","hero_video_schema_markup":"","selling_points_title":"","selling_points_caption":"","selling_points":[],"selling_points_cta_text":"","features_title":"","features":"","ed_cta_examples_text":"","ed_cta_examples_hidden":"","ed_cta_demo_text":"","ed_cta_demo_hidden":"","why_caption":"","why_editor_title":"","why_editor_text":"","why_team_title":"","why_team_text":"","why_service_title":"","why_service_text":"","template_catalog_visible":"","template_catalog_title":"","template_catalog_text":"","template_catalog_categories_visible":"","demo_title":"Crie seu plugin Line Chat","demo_caption":"Configure seu Line Chat e adicione-o ao seu site WordPress gratuitamente!","default_faq_hidden":"","app_template_category":[],"platform":"34","template_public_id":"","codecanyon_url":"","codecanyon_item_id":"","codecanyon_price":"","pricing_caption":"","pricing_elfsight_apps_hide_column":"","pricing_elfsight_apps_url":"","pricing_codecanyon_price_caption":"","integration_category":[],"integration_request_title":"","integration_request_cta":"","integration_platform":"","integrations":[],"platform_category":[],"video_schema_markup":"","price":"a partir de US$ 0\/m\u00eas","trial":"","benefits":[{"text":"Assist\u00eancia de instala\u00e7\u00e3o gratuita"},{"text":"Atendimento ao cliente profissional"},{"text":"Garantia de reembolso de 14 dias"},{"text":"Melhorias gratuitas regulares"}],"button_url":"#demo","button_target_blank":"","button_nofollow":"","attributes":[{"name":"Instala\u00e7\u00f5es","content":"10,000 - 100,000"},{"name":"Responsivo","content":"Sim"},{"name":"Navegadores compat\u00edveis","content":"Firefox, Safari, Opera, Chrome, Edge"}],"tags":[],"tags_disable_links":"","hide_more_platforms":"","video_object":"","demo_hide_cta":"","demo_hide_cloud_options":"","pricing_title":"","pricing":[{"pricing_icon":"platform","pricing_title":"Elfsight Apps","pricing_title_caption":"Software multiplataforma","pricing_price":"a partir de US$ 0\/m\u00eas","pricing_price_caption":"comece com plano gratuito","pricing_benefits":[{"text":"Dom\u00ednios ilimitados"},{"text":"Suporte ao cliente 24 horas por dia, 7 dias por semana"},{"text":"Suporte ao cliente 24 horas por dia, 7 dias por semana"},{"text":"\u00d3timo neg\u00f3cio para v\u00e1rios aplicativos"}],"pricing_button_text":"Adicionar ao site","pricing_button_url":"#demo"}],"related_apps_title":"","related_apps_hidden":"","author":"","image":[],"title":"","job":"","social_networks":[]},"_links":{"self":[{"href":"https:\/\/elfsight.com\/pt\/wp-json\/wp\/v2\/pages\/11244","targetHints":{"allow":["GET"]}}],"collection":[{"href":"https:\/\/elfsight.com\/pt\/wp-json\/wp\/v2\/pages"}],"about":[{"href":"https:\/\/elfsight.com\/pt\/wp-json\/wp\/v2\/types\/page"}],"author":[{"embeddable":true,"href":"https:\/\/elfsight.com\/pt\/wp-json\/wp\/v2\/users\/9"}],"replies":[{"embeddable":true,"href":"https:\/\/elfsight.com\/pt\/wp-json\/wp\/v2\/comments?post=11244"}],"version-history":[{"count":1,"href":"https:\/\/elfsight.com\/pt\/wp-json\/wp\/v2\/pages\/11244\/revisions"}],"predecessor-version":[{"id":11248,"href":"https:\/\/elfsight.com\/pt\/wp-json\/wp\/v2\/pages\/11244\/revisions\/11248"}],"up":[{"embeddable":true,"href":"https:\/\/elfsight.com\/pt\/wp-json\/wp\/v2\/pages\/1697"}],"wp:attachment":[{"href":"https:\/\/elfsight.com\/pt\/wp-json\/wp\/v2\/media?parent=11244"}],"curies":[{"name":"wp","href":"https:\/\/api.w.org\/{rel}","templated":true}]}}