{"id":11242,"date":"2024-05-03T06:40:18","date_gmt":"2024-05-03T06:40:18","guid":{"rendered":"https:\/\/elfsight.com\/pt\/?page_id=11242"},"modified":"2024-11-12T15:52:55","modified_gmt":"2024-11-12T15:52:55","slug":"bigcommerce","status":"publish","type":"page","link":"https:\/\/elfsight.com\/pt\/job-board-widget\/bigcommerce\/","title":{"rendered":"Job Board &#8211; BigCommerce"},"content":{"rendered":"<div class=\"application-platform-content-item-description application-platform-content-item\" id=\"description\" data-nav-section=\"description\"> <h2>Descri\u00e7\u00e3o<\/h2> <p>Nosso quadro de empregos para BigCommerce \u00e9 um aplicativo not\u00e1vel que oferece a oportunidade de publicar vagas de emprego e receber curr\u00edculos de candidatos diretamente no seu site da maneira mais acess\u00edvel. Aplicando nosso novo widget, voc\u00ea poder\u00e1 revelar informa\u00e7\u00f5es sobre o seu neg\u00f3cio, publicar informa\u00e7\u00f5es sobre vagas em aberto e receber curr\u00edculos. O widget permite que voc\u00ea crie um cart\u00e3o de trabalho acompanhado por uma descri\u00e7\u00e3o detalhada e um bot\u00e3o Aplicar. A utiliza\u00e7\u00e3o do Elfsight Job Board permite-lhe simplificar o processo de recrutamento e extrair as respostas aos an\u00fancios de emprego em 1-2-3! <\/p> <p><b>Forme rapidamente as descri\u00e7\u00f5es de cargos e frases de chamariz mais atraentes para motivar mais contrata\u00e7\u00f5es poss\u00edveis para trabalhar com voc\u00ea<\/b><\/p> <\/div> <div class=\"application-platform-content-item-features  application-platform-content-item\" id=\"features \" data-nav-section=\"features \"> <h2>Os recursos b\u00e1sicos do aplicativo incluem<\/h2> <ul><li>Criar um link de inscri\u00e7\u00e3o para direcionar funcion\u00e1rios em potencial para a p\u00e1gina com curr\u00edculos<\/li><li>Mostrar as vagas abertas da maneira mais fascinante<\/li><li>O n\u00famero de cart\u00f5es de trabalho que voc\u00ea pode criar \u00e9 ilimitado<\/li><li>Adicione v\u00e1rios detalhes sobre o trabalho: habilidades necess\u00e1rias, cargo e sal\u00e1rio<\/li><li>Forne\u00e7a informa\u00e7\u00f5es sobre sua empresa: seu nome, localiza\u00e7\u00e3o e departamento<\/li><\/ul><p><a href=\"#demo\">Experimente esta demonstra\u00e7\u00e3o para ter uma ideia completa<\/a><\/p> <\/div> <div class=\"application-platform-content-item-installation application-platform-content-item\" id=\"installation\" data-nav-section=\"installation\"> <h2>Como posso adicionar um Job Board no meu site BigCommerce? <\/h2> <p>Basta seguir as instru\u00e7\u00f5es abaixo para adicionar a ferramenta. <\/p> <ol><li><b>Inicie nossa demonstra\u00e7\u00e3o gratuita e comece a formar seu instrumento exclusivo. <\/b><br> Determine o formato personalizado e os recursos da ferramenta e salve as modifica\u00e7\u00f5es. <\/li> <li><b>Receba o seu c\u00f3digo pessoal que \u00e9 mostrado na janela dos aplicativos Elfsight. <\/b><br> Logo ap\u00f3s a gera\u00e7\u00e3o do seu widget, copie o c\u00f3digo pessoal na janela que aparece e guarde-o para uso futuro. <\/li> <li><b>Inscreva-se usando a ferramenta no site BigCommerce. <\/b><br> Implemente o c\u00f3digo que voc\u00ea salvou recentemente em seu site e aplique as edi\u00e7\u00f5es. <\/li> <li><b>A instala\u00e7\u00e3o foi totalmente conclu\u00edda. <\/b><br> Visite sua p\u00e1gina da web para revisar o trabalho da ferramenta. <\/li><\/ol> <p>Caso tenha d\u00favidas ou encontre algum obst\u00e1culo, entre em contato com nossa equipe de suporte. Nossos especialistas ter\u00e3o prazer em resolver todas as dificuldades que voc\u00ea possa ter com o widget. <\/p> <div class=\"faq\" data-component=\"FAQ\"><div class=\"faq-item\">\r\n\t\t\t\t\t<div class=\"faq-item-question\">\r\n\t\t\t\t\t\t<h3 class=\"faq-item-question-text\">Existe uma maneira de incorporar um Job Board \u00e0 minha p\u00e1gina inicial do BigCommerce sem codifica\u00e7\u00e3o?<\/h3>\r\n\r\n\t\t\t\t\t\t<div class=\"faq-item-question-icon\"><\/div>\r\n\t\t\t\t\t<\/div>\r\n\r\n\t\t\t\t\t<div class=\"faq-item-answer\">\r\n\t\t\t\t\t\t<div class=\"faq-item-answer-text\"> <p>EElfsight oferece uma solu\u00e7\u00e3o SaaS que permite que os usu\u00e1rios estabele\u00e7am um plugin do Job Board por conta pr\u00f3pria, aprendam as etapas simples: Comece a trabalhar no Editor on-line para estabelecer uma se\u00e7\u00e3o do Job Board que voc\u00ea gostaria de incluir no site BigCommerce. Clique em um de nossos modelos pr\u00e9-concebidos e altere as configura\u00e7\u00f5es do Job Board, inclua seu conte\u00fado, altere o layout e as cores sem nenhuma habilidade de codifica\u00e7\u00e3o. Salve o Job Board e copie seu c\u00f3digo de instala\u00e7\u00e3o, que voc\u00ea pode incluir na p\u00e1gina inicial do BigCommerce sem a necessidade de comprar uma vers\u00e3o paga. Com nosso configurador simples, cada usu\u00e1rio da web pode gerar uma se\u00e7\u00e3o Job Board e simplesmente adicion\u00e1-la ao site BigCommerce. Voc\u00ea n\u00e3o deve adquirir um plano pago ou enviar os dados do seu cart\u00e3o para entrar no servi\u00e7o. Se voc\u00ea tiver qualquer tipo de problema, entre em contato com nossa equipe de suporte.<\/p> <\/div>\r\n\t\t\t\t\t<\/div>\r\n\t\t\t\t<\/div> <\/div><\/div>","protected":false},"excerpt":{"rendered":"","protected":false},"author":9,"featured_media":0,"parent":1402,"menu_order":0,"comment_status":"closed","ping_status":"closed","template":"templates\/template-application-platform.php","meta":{"publish_to_discourse":"","publish_post_category":"","wpdc_auto_publish_overridden":"","wpdc_topic_tags":"","wpdc_pin_topic":"","wpdc_pin_until":"","discourse_post_id":"","discourse_permalink":"","wpdc_publishing_response":"","wpdc_publishing_error":"","footnotes":""},"class_list":["post-11242","page","type-page","status-publish","hentry"],"yoast_head":"<!-- This site is optimized with the Yoast SEO plugin v25.3.1 - https:\/\/yoast.com\/wordpress\/plugins\/seo\/ -->\n<title>Aplicativo Job Board - Adicione vagas de emprego ao BigCommerce (2025)<\/title>\n<meta name=\"description\" content=\"Incorpore um aplicativo Job Board responsivo em seu site BigCommerce e deixe seus funcion\u00e1rios em potencial explorarem as vagas em aberto!\" \/>\n<meta name=\"robots\" content=\"index, follow, max-snippet:-1, max-image-preview:large, max-video-preview:-1\" \/>\n<link rel=\"canonical\" href=\"https:\/\/elfsight.com\/pt\/job-board-widget\/bigcommerce\/\" \/>\n<meta property=\"og:locale\" content=\"pt_PT\" \/>\n<meta property=\"og:type\" content=\"article\" \/>\n<meta property=\"og:title\" content=\"Aplicativo Job Board - Adicione vagas de emprego ao BigCommerce (2025)\" \/>\n<meta property=\"og:description\" content=\"Incorpore um aplicativo Job Board responsivo em seu site BigCommerce e deixe seus funcion\u00e1rios em potencial explorarem as vagas em aberto!\" \/>\n<meta property=\"og:url\" content=\"https:\/\/elfsight.com\/pt\/job-board-widget\/bigcommerce\/\" \/>\n<meta property=\"og:site_name\" content=\"Elfsight PT\" \/>\n<meta property=\"article:modified_time\" content=\"2024-11-12T15:52:55+00:00\" \/>\n<meta name=\"twitter:card\" content=\"summary_large_image\" \/>\n<meta name=\"twitter:label1\" content=\"Tempo estimado de leitura\" \/>\n\t<meta name=\"twitter:data1\" content=\"3 minutos\" \/>\n<!-- \/ Yoast SEO plugin. -->","yoast_head_json":{"title":"Aplicativo Job Board - Adicione vagas de emprego ao BigCommerce (2025)","description":"Incorpore um aplicativo Job Board responsivo em seu site BigCommerce e deixe seus funcion\u00e1rios em potencial explorarem as vagas em aberto!","robots":{"index":"index","follow":"follow","max-snippet":"max-snippet:-1","max-image-preview":"max-image-preview:large","max-video-preview":"max-video-preview:-1"},"canonical":"https:\/\/elfsight.com\/pt\/job-board-widget\/bigcommerce\/","og_locale":"pt_PT","og_type":"article","og_title":"Aplicativo Job Board - Adicione vagas de emprego ao BigCommerce (2025)","og_description":"Incorpore um aplicativo Job Board responsivo em seu site BigCommerce e deixe seus funcion\u00e1rios em potencial explorarem as vagas em aberto!","og_url":"https:\/\/elfsight.com\/pt\/job-board-widget\/bigcommerce\/","og_site_name":"Elfsight PT","article_modified_time":"2024-11-12T15:52:55+00:00","twitter_card":"summary_large_image","twitter_misc":{"Tempo estimado de leitura":"3 minutos"},"schema":{"@context":"https:\/\/schema.org","@graph":[{"@type":"WebPage","@id":"https:\/\/elfsight.com\/pt\/job-board-widget\/bigcommerce\/","url":"https:\/\/elfsight.com\/pt\/job-board-widget\/bigcommerce\/","name":"Aplicativo Job Board - Adicione vagas de emprego ao BigCommerce (2025)","isPartOf":{"@id":"https:\/\/elfsight.com\/pt\/#website"},"datePublished":"2024-05-03T06:40:18+00:00","dateModified":"2024-11-12T15:52:55+00:00","description":"Incorpore um aplicativo Job Board responsivo em seu site BigCommerce e deixe seus funcion\u00e1rios em potencial explorarem as vagas em aberto!","breadcrumb":{"@id":"https:\/\/elfsight.com\/pt\/job-board-widget\/bigcommerce\/#breadcrumb"},"inLanguage":"pt-PT","potentialAction":[{"@type":"ReadAction","target":["https:\/\/elfsight.com\/pt\/job-board-widget\/bigcommerce\/"]}]},{"@type":"BreadcrumbList","@id":"https:\/\/elfsight.com\/pt\/job-board-widget\/bigcommerce\/#breadcrumb","itemListElement":[{"@type":"ListItem","position":1,"name":"Home","item":"https:\/\/elfsight.com\/pt\/"},{"@type":"ListItem","position":2,"name":"Job Board","item":"https:\/\/elfsight.com\/pt\/job-board-widget\/"},{"@type":"ListItem","position":3,"name":"Job Board &#8211; BigCommerce"}]},{"@type":"WebSite","@id":"https:\/\/elfsight.com\/pt\/#website","url":"https:\/\/elfsight.com\/pt\/","name":"Elfsight PT","description":"Just another Elfsight Sites site","potentialAction":[{"@type":"SearchAction","target":{"@type":"EntryPoint","urlTemplate":"https:\/\/elfsight.com\/pt\/?s={search_term_string}"},"query-input":{"@type":"PropertyValueSpecification","valueRequired":true,"valueName":"search_term_string"}}],"inLanguage":"pt-PT"}]}},"meta_box":{"industry":"","seo_heading":"","heading":"","description":"","cta_heading":"","cta_description":"","application":"1401","h1":"Aplicativo BigCommerce Job Board","h1_caption":"Publique an\u00fancios de vagas e colete curr\u00edculos de seus potenciais trabalhadores","application_category":[],"applications_title":"","applications_request_title":"","applications_request_button_text":"","hero_text":"","hero_video":"","hero_video_schema_markup":"","selling_points_title":"","selling_points_caption":"","selling_points":[],"selling_points_cta_text":"","features_title":"","features":"","ed_cta_examples_text":"","ed_cta_examples_hidden":"","ed_cta_demo_text":"","ed_cta_demo_hidden":"","why_caption":"","why_editor_title":"","why_editor_text":"","why_team_title":"","why_team_text":"","why_service_title":"","why_service_text":"","template_catalog_visible":"","template_catalog_title":"","template_catalog_text":"","template_catalog_categories_visible":"","demo_title":"Crie seu aplicativo Job Board","demo_caption":"Configure seu Job Board e adicione-o ao seu site BigCommerce gratuitamente!","default_faq_hidden":"","app_template_category":[],"platform":"43","template_public_id":"","codecanyon_url":"","codecanyon_item_id":"","codecanyon_price":"","pricing_caption":"","pricing_elfsight_apps_hide_column":"","pricing_elfsight_apps_url":"","pricing_codecanyon_price_caption":"","integration_category":[],"integration_request_title":"","integration_request_cta":"","integration_platform":"","integrations":[],"platform_category":[],"video_schema_markup":"","price":"a partir de US$ 0\/m\u00eas","trial":"","benefits":[{"text":"Ajuda de instala\u00e7\u00e3o gratuita"},{"text":"Atendimento ao cliente profissional"},{"text":"Garantia de reembolso de 14 dias"},{"text":"Atualizando constantemente"}],"button_url":"#demo","button_target_blank":"","button_nofollow":"","attributes":[{"name":"Instala\u00e7\u00f5es","content":"10,000 - 100,000"},{"name":"Responsivo","content":"Sim"},{"name":"Navegadores compat\u00edveis","content":"Firefox, Safari, Opera, Chrome, Edge"}],"tags":[],"tags_disable_links":"","hide_more_platforms":"","video_object":"","demo_hide_cta":"","demo_hide_cloud_options":"","pricing_title":"","pricing":[{"pricing_icon":"platform","pricing_title":"Elfsight Apps","pricing_title_caption":"Vers\u00e3o independente de plataforma que funciona em qualquer site","pricing_price":"a partir de US$ 0\/m\u00eas","pricing_price_caption":"comece com um plano gratuito","pricing_benefits":[{"text":"Dom\u00ednios ilimitados"},{"text":"Suporte ao cliente 24 horas por dia, 7 dias por semana e bem documentado"},{"text":"Suporte ao cliente 24 horas por dia, 7 dias por semana e bem documentado"},{"text":"100% personaliz\u00e1vel"}],"pricing_button_text":"Adicionar ao site","pricing_button_url":"#demo"}],"related_apps_title":"","related_apps_hidden":"","author":"","image":[],"title":"","job":"","social_networks":[]},"_links":{"self":[{"href":"https:\/\/elfsight.com\/pt\/wp-json\/wp\/v2\/pages\/11242","targetHints":{"allow":["GET"]}}],"collection":[{"href":"https:\/\/elfsight.com\/pt\/wp-json\/wp\/v2\/pages"}],"about":[{"href":"https:\/\/elfsight.com\/pt\/wp-json\/wp\/v2\/types\/page"}],"author":[{"embeddable":true,"href":"https:\/\/elfsight.com\/pt\/wp-json\/wp\/v2\/users\/9"}],"replies":[{"embeddable":true,"href":"https:\/\/elfsight.com\/pt\/wp-json\/wp\/v2\/comments?post=11242"}],"version-history":[{"count":1,"href":"https:\/\/elfsight.com\/pt\/wp-json\/wp\/v2\/pages\/11242\/revisions"}],"predecessor-version":[{"id":11246,"href":"https:\/\/elfsight.com\/pt\/wp-json\/wp\/v2\/pages\/11242\/revisions\/11246"}],"up":[{"embeddable":true,"href":"https:\/\/elfsight.com\/pt\/wp-json\/wp\/v2\/pages\/1402"}],"wp:attachment":[{"href":"https:\/\/elfsight.com\/pt\/wp-json\/wp\/v2\/media?parent=11242"}],"curies":[{"name":"wp","href":"https:\/\/api.w.org\/{rel}","templated":true}]}}