{"id":11235,"date":"2024-05-03T06:40:15","date_gmt":"2024-05-03T06:40:15","guid":{"rendered":"https:\/\/elfsight.com\/pt\/?page_id=11235"},"modified":"2024-11-12T15:52:47","modified_gmt":"2024-11-12T15:52:47","slug":"facebook","status":"publish","type":"page","link":"https:\/\/elfsight.com\/pt\/job-board-widget\/facebook\/","title":{"rendered":"Job Board &#8211; Facebook Page"},"content":{"rendered":"<div class=\"application-platform-content-item-description application-platform-content-item\" id=\"description\" data-nav-section=\"description\"> <h2>Descri\u00e7\u00e3o<\/h2> <p>Elfsight Job Board para Facebook \u00e9 um widget not\u00e1vel que lhe d\u00e1 a oportunidade de revelar vagas abertas e receber curr\u00edculos de candidatos em seu site da maneira mais f\u00e1cil. Por meio do nosso novo widget, voc\u00ea poder\u00e1 revelar informa\u00e7\u00f5es sobre o seu neg\u00f3cio, postar informa\u00e7\u00f5es sobre vagas de emprego e coletar curr\u00edculos. O widget oferece a voc\u00ea a cria\u00e7\u00e3o de um cart\u00e3o de trabalho acompanhado por uma descri\u00e7\u00e3o completa e um bot\u00e3o Aplicar. Usar o Elfsight Job Board permite agilizar o processo de recrutamento e obter as respostas \u00e0s vagas de emprego com um clique. <\/p> <p><b>Crie facilmente as descri\u00e7\u00f5es de cargos e bot\u00f5es de CTA mais tentadores para inspirar mais contrata\u00e7\u00f5es poss\u00edveis a cooperar com voc\u00ea<\/b><\/p> <\/div> <div class=\"application-platform-content-item-features application-platform-content-item\" id=\"features\" data-nav-section=\"features\"> <h2>Abaixo est\u00e3o os recursos centrais do widget: <\/h2> <ul><li>Integrar um link Candidatar-se para direcionar funcion\u00e1rios em potencial para a p\u00e1gina que coleta curr\u00edculos<\/li><li>Apresentar vagas de emprego da maneira mais detalhada<\/li><li>Adicione quantos empregos desejar<\/li><li>Descreva o trabalho detalhadamente e informe sobre: \u200b\u200bsal\u00e1rio, habilidades necess\u00e1rias e cargo.<\/li><li>Deixe os detalhes de contato: departamento, o nome, nome e local da sua empresa<\/li><\/ul><p><a href=\"#demo\">Experimente esta demonstra\u00e7\u00e3o para ter uma ideia completa<\/a><\/p> <\/div> <div class=\"application-platform-content-item-installation application-platform-content-item\" id=\"installation\" data-nav-section=\"installation\"> <h2>Como incorporo um Job Board no meu site do Facebook? <\/h2> <p>Basta seguir v\u00e1rios passos apresentados abaixo para inserir o widget. <\/p> <ol><li><b>Inicie nosso configurador gratuito e comece a moldar seu instrumento personalizado. <\/b><br> Especifique o layout desej\u00e1vel e as caracter\u00edsticas funcionais do widget e salve as edi\u00e7\u00f5es. <\/li> <li><b>Adquira o c\u00f3digo exclusivo apresentado no formul\u00e1rio especial nas aplica\u00e7\u00f5es Elfsight. <\/b><br> Logo ap\u00f3s finalizar a customiza\u00e7\u00e3o do seu widget, copie o c\u00f3digo individual na caixa exibida e salve-o para uso futuro. <\/li> <li><b>Inicie a utiliza\u00e7\u00e3o do widget no seu site do Facebook. <\/b><br> Integre o c\u00f3digo que voc\u00ea salvou anteriormente em sua p\u00e1gina da web e salve as edi\u00e7\u00f5es. <\/li> <li><b>A configura\u00e7\u00e3o foi executada com sucesso. <\/b><br> Visite sua p\u00e1gina da web para verificar o funcionamento do widget. <\/li><\/ol> <p>Se voc\u00ea enfrentar algum problema, n\u00e3o tenha medo de procurar ajuda de nossa equipe de suporte. Nosso pessoal deseja ajud\u00e1-lo com todas as d\u00favidas que voc\u00ea possa ter com a ferramenta. <\/p><div class=\"faq\" data-component=\"FAQ\"><div class=\"faq-item\">\r\n\t\t\t\t\t<div class=\"faq-item-question\">\r\n\t\t\t\t\t\t<h3 class=\"faq-item-question-text\">De que forma \u00e9 poss\u00edvel adicionar um Job Board ao site da minha p\u00e1gina do Facebook sem conhecimento de codifica\u00e7\u00e3o?<\/h3>\r\n\r\n\t\t\t\t\t\t<div class=\"faq-item-question-icon\"><\/div>\r\n\t\t\t\t\t<\/div>\r\n\r\n\t\t\t\t\t<div class=\"faq-item-answer\">\r\n\t\t\t\t\t\t<div class=\"faq-item-answer-text\"> <p>A empresa Elfsight oferece uma solu\u00e7\u00e3o SaaS que permite criar um Job Board se\u00e7\u00e3o voc\u00ea mesmo, veja como \u00e9 f\u00e1cil: V\u00e1 para o Editor ao vivo para estabelecer um aplicativo Job Board que voc\u00ea gostaria de incluir na p\u00e1gina da p\u00e1gina do Facebook. Escolha um dos modelos pr\u00e9-fabricados e altere as configura\u00e7\u00f5es do Job Board, transforme o layout e as cores, adicione seu conte\u00fado, sem habilidades de codifica\u00e7\u00e3o. Clique para salvar as configura\u00e7\u00f5es feitas no Job Board e obter o c\u00f3digo do plugin para instala\u00e7\u00e3o, que voc\u00ea pode incorporar facilmente no site da p\u00e1gina do Facebook sem comprar um plano pago. Trabalhando em nosso editor amig\u00e1vel, cada usu\u00e1rio da web pode criar um quadro de empregos on-line e simplesmente col\u00e1-lo em sua p\u00e1gina do Facebook. Voc\u00ea n\u00e3o deve obter uma assinatura paga ou enviar as credenciais do seu cart\u00e3o para entrar em nosso servi\u00e7o. Se voc\u00ea tiver algum problema em qualquer etapa, entre em contato com nosso suporte t\u00e9cnico ao cliente.<\/p> <\/div>\r\n\t\t\t\t\t<\/div>\r\n\t\t\t\t<\/div> <\/div> <\/div>","protected":false},"excerpt":{"rendered":"","protected":false},"author":9,"featured_media":0,"parent":1402,"menu_order":0,"comment_status":"closed","ping_status":"closed","template":"templates\/template-application-platform.php","meta":{"publish_to_discourse":"","publish_post_category":"","wpdc_auto_publish_overridden":"","wpdc_topic_tags":"","wpdc_pin_topic":"","wpdc_pin_until":"","discourse_post_id":"","discourse_permalink":"","wpdc_publishing_response":"","wpdc_publishing_error":"","footnotes":""},"class_list":["post-11235","page","type-page","status-publish","hentry"],"yoast_head":"<!-- This site is optimized with the Yoast SEO plugin v25.3.1 - https:\/\/yoast.com\/wordpress\/plugins\/seo\/ -->\n<title>Widget do Facebook Job Board - Adicionar vagas de emprego ao Facebook (2025)<\/title>\n<meta name=\"description\" content=\"Integre um widget responsivo do Job Board em seu site do Facebook e deixe trabalhadores em potencial explorarem as vagas de emprego!\" \/>\n<meta name=\"robots\" content=\"index, follow, max-snippet:-1, max-image-preview:large, max-video-preview:-1\" \/>\n<link rel=\"canonical\" href=\"https:\/\/elfsight.com\/pt\/job-board-widget\/facebook\/\" \/>\n<meta property=\"og:locale\" content=\"pt_PT\" \/>\n<meta property=\"og:type\" content=\"article\" \/>\n<meta property=\"og:title\" content=\"Widget do Facebook Job Board - Adicionar vagas de emprego ao Facebook (2025)\" \/>\n<meta property=\"og:description\" content=\"Integre um widget responsivo do Job Board em seu site do Facebook e deixe trabalhadores em potencial explorarem as vagas de emprego!\" \/>\n<meta property=\"og:url\" content=\"https:\/\/elfsight.com\/pt\/job-board-widget\/facebook\/\" \/>\n<meta property=\"og:site_name\" content=\"Elfsight PT\" \/>\n<meta property=\"article:modified_time\" content=\"2024-11-12T15:52:47+00:00\" \/>\n<meta name=\"twitter:card\" content=\"summary_large_image\" \/>\n<meta name=\"twitter:label1\" content=\"Tempo estimado de leitura\" \/>\n\t<meta name=\"twitter:data1\" content=\"3 minutos\" \/>\n<!-- \/ Yoast SEO plugin. -->","yoast_head_json":{"title":"Widget do Facebook Job Board - Adicionar vagas de emprego ao Facebook (2025)","description":"Integre um widget responsivo do Job Board em seu site do Facebook e deixe trabalhadores em potencial explorarem as vagas de emprego!","robots":{"index":"index","follow":"follow","max-snippet":"max-snippet:-1","max-image-preview":"max-image-preview:large","max-video-preview":"max-video-preview:-1"},"canonical":"https:\/\/elfsight.com\/pt\/job-board-widget\/facebook\/","og_locale":"pt_PT","og_type":"article","og_title":"Widget do Facebook Job Board - Adicionar vagas de emprego ao Facebook (2025)","og_description":"Integre um widget responsivo do Job Board em seu site do Facebook e deixe trabalhadores em potencial explorarem as vagas de emprego!","og_url":"https:\/\/elfsight.com\/pt\/job-board-widget\/facebook\/","og_site_name":"Elfsight PT","article_modified_time":"2024-11-12T15:52:47+00:00","twitter_card":"summary_large_image","twitter_misc":{"Tempo estimado de leitura":"3 minutos"},"schema":{"@context":"https:\/\/schema.org","@graph":[{"@type":"WebPage","@id":"https:\/\/elfsight.com\/pt\/job-board-widget\/facebook\/","url":"https:\/\/elfsight.com\/pt\/job-board-widget\/facebook\/","name":"Widget do Facebook Job Board - Adicionar vagas de emprego ao Facebook (2025)","isPartOf":{"@id":"https:\/\/elfsight.com\/pt\/#website"},"datePublished":"2024-05-03T06:40:15+00:00","dateModified":"2024-11-12T15:52:47+00:00","description":"Integre um widget responsivo do Job Board em seu site do Facebook e deixe trabalhadores em potencial explorarem as vagas de emprego!","breadcrumb":{"@id":"https:\/\/elfsight.com\/pt\/job-board-widget\/facebook\/#breadcrumb"},"inLanguage":"pt-PT","potentialAction":[{"@type":"ReadAction","target":["https:\/\/elfsight.com\/pt\/job-board-widget\/facebook\/"]}]},{"@type":"BreadcrumbList","@id":"https:\/\/elfsight.com\/pt\/job-board-widget\/facebook\/#breadcrumb","itemListElement":[{"@type":"ListItem","position":1,"name":"Home","item":"https:\/\/elfsight.com\/pt\/"},{"@type":"ListItem","position":2,"name":"Job Board","item":"https:\/\/elfsight.com\/pt\/job-board-widget\/"},{"@type":"ListItem","position":3,"name":"Job Board &#8211; Facebook Page"}]},{"@type":"WebSite","@id":"https:\/\/elfsight.com\/pt\/#website","url":"https:\/\/elfsight.com\/pt\/","name":"Elfsight PT","description":"Just another Elfsight Sites site","potentialAction":[{"@type":"SearchAction","target":{"@type":"EntryPoint","urlTemplate":"https:\/\/elfsight.com\/pt\/?s={search_term_string}"},"query-input":{"@type":"PropertyValueSpecification","valueRequired":true,"valueName":"search_term_string"}}],"inLanguage":"pt-PT"}]}},"meta_box":{"industry":"","seo_heading":"","heading":"","description":"","cta_heading":"","cta_description":"","application":"1401","h1":"Widget do quadro de empregos do Facebook","h1_caption":"Publique an\u00fancios de vagas e colete curr\u00edculos de potenciais trabalhadores","application_category":[],"applications_title":"","applications_request_title":"","applications_request_button_text":"","hero_text":"","hero_video":"","hero_video_schema_markup":"","selling_points_title":"","selling_points_caption":"","selling_points":[],"selling_points_cta_text":"","features_title":"","features":"","ed_cta_examples_text":"","ed_cta_examples_hidden":"","ed_cta_demo_text":"","ed_cta_demo_hidden":"","why_caption":"","why_editor_title":"","why_editor_text":"","why_team_title":"","why_team_text":"","why_service_title":"","why_service_text":"","template_catalog_visible":"","template_catalog_title":"","template_catalog_text":"","template_catalog_categories_visible":"","demo_title":"Crie seu widget do quadro de empregos","demo_caption":"Configure seu Job Board e adicione-o ao site da sua p\u00e1gina do Facebook gratuitamente!","default_faq_hidden":"","app_template_category":[],"platform":"103","template_public_id":"","codecanyon_url":"","codecanyon_item_id":"","codecanyon_price":"","pricing_caption":"","pricing_elfsight_apps_hide_column":"","pricing_elfsight_apps_url":"","pricing_codecanyon_price_caption":"","integration_category":[],"integration_request_title":"","integration_request_cta":"","integration_platform":"","integrations":[],"platform_category":[],"video_schema_markup":"","price":"a partir de US$ 0\/m\u00eas","trial":"","benefits":[{"text":"Ajuda de instala\u00e7\u00e3o gratuita"},{"text":"Atendimento ao cliente profissional"},{"text":"Garantia de devolu\u00e7\u00e3o do dinheiro em 14 dias"},{"text":"Atualizando constantemente"}],"button_url":"#demo","button_target_blank":"","button_nofollow":"","attributes":[{"name":"Instala\u00e7\u00f5es","content":"10,000 - 100,000"},{"name":"Responsivo","content":"Sim"},{"name":"Navegadores compat\u00edveis","content":"Firefox, Safari, Opera, Chrome, Edge"}],"tags":[],"tags_disable_links":"","hide_more_platforms":"","video_object":"","demo_hide_cta":"","demo_hide_cloud_options":"","pricing_title":"","pricing":[{"pricing_icon":"platform","pricing_title":"Elfsight Apps","pricing_title_caption":"Solu\u00e7\u00e3o independente de plataforma","pricing_price":"a partir de US$ 0\/m\u00eas","pricing_price_caption":"comece com um plano gratuito","pricing_benefits":[{"text":"Sites ilimitados"},{"text":"Suporte ao cliente premium e bem documentado"},{"text":"Suporte ao cliente premium e bem documentado"},{"text":"100% personaliz\u00e1vel"}],"pricing_button_text":"Adicionar ao site","pricing_button_url":"#demo"}],"related_apps_title":"","related_apps_hidden":"","author":"","image":[],"title":"","job":"","social_networks":[]},"_links":{"self":[{"href":"https:\/\/elfsight.com\/pt\/wp-json\/wp\/v2\/pages\/11235","targetHints":{"allow":["GET"]}}],"collection":[{"href":"https:\/\/elfsight.com\/pt\/wp-json\/wp\/v2\/pages"}],"about":[{"href":"https:\/\/elfsight.com\/pt\/wp-json\/wp\/v2\/types\/page"}],"author":[{"embeddable":true,"href":"https:\/\/elfsight.com\/pt\/wp-json\/wp\/v2\/users\/9"}],"replies":[{"embeddable":true,"href":"https:\/\/elfsight.com\/pt\/wp-json\/wp\/v2\/comments?post=11235"}],"version-history":[{"count":1,"href":"https:\/\/elfsight.com\/pt\/wp-json\/wp\/v2\/pages\/11235\/revisions"}],"predecessor-version":[{"id":11239,"href":"https:\/\/elfsight.com\/pt\/wp-json\/wp\/v2\/pages\/11235\/revisions\/11239"}],"up":[{"embeddable":true,"href":"https:\/\/elfsight.com\/pt\/wp-json\/wp\/v2\/pages\/1402"}],"wp:attachment":[{"href":"https:\/\/elfsight.com\/pt\/wp-json\/wp\/v2\/media?parent=11235"}],"curies":[{"name":"wp","href":"https:\/\/api.w.org\/{rel}","templated":true}]}}