{"id":11234,"date":"2024-05-03T06:40:14","date_gmt":"2024-05-03T06:40:14","guid":{"rendered":"https:\/\/elfsight.com\/pt\/?page_id=11234"},"modified":"2025-03-06T11:03:43","modified_gmt":"2025-03-06T11:03:43","slug":"elementor","status":"publish","type":"page","link":"https:\/\/elfsight.com\/pt\/job-board-widget\/elementor\/","title":{"rendered":"Job Board &#8211; Elementor"},"content":{"rendered":"\n<div class=\"application-platform-content-item-description application-platform-content-item\" id=\"description\" data-nav-section=\"description\"> <h2>Incorpore o Job Board no Elementor com o widget Elfsight<\/h2> <p>O Job Board para Elementor \u00e9 um widget impressionante que permite revelar vagas de emprego e receba curr\u00edculos de candidatos diretamente em seu site da maneira mais f\u00e1cil. Por meio da nossa nova ferramenta, voc\u00ea poder\u00e1 revelar informa\u00e7\u00f5es sobre sua empresa, publicar informa\u00e7\u00f5es sobre vagas de emprego e coletar curr\u00edculos. O widget oferece a voc\u00ea a cria\u00e7\u00e3o de um cart\u00e3o de trabalho com uma descri\u00e7\u00e3o detalhada e um bot\u00e3o Aplicar. Usar o Job Board permite agilizar o processo de recrutamento e obter as respostas \u00e0s vagas de emprego no 1-2-3!. <\/p> <p><b>Crie facilmente descri\u00e7\u00f5es de cargos e frases de chamariz mais atraentes para motivar mais contrata\u00e7\u00f5es em potencial a trabalhar com voc\u00ea.<\/b><\/p> <\/div> <div class=\"application-platform-content-item-features  application-platform-content-item\" id=\"features \" data-nav-section=\"features \"> <h2>Encontre abaixo os recursos centrais do widget: <\/h2> <ul><li>Integrar um link de inscri\u00e7\u00e3o para direcionar os usu\u00e1rios do site para a p\u00e1gina com curr\u00edculos<\/li><li>Apresentar as vagas abertas nos mais fascinantes forma<\/li><li>O n\u00famero de empregos que voc\u00ea pode adicionar \u00e9 ilimitado<\/li><li>Adicione v\u00e1rios detalhes sobre o trabalho: sal\u00e1rio, habilidades necess\u00e1rias e cargo<\/li><li>Deixe informa\u00e7\u00f5es de contato: o nome da sua empresa, departamento e local<\/li><\/ul><p><a href=\"#demo\">Voc\u00ea pode verificar quanto vale o widget usando a demonstra\u00e7\u00e3o<\/a><\/p> <\/div> <div class=\"application-platform-content-item-installation application-platform-content-item\" id=\"installation\" data-nav-section=\"installation\"> <h2>Como fa\u00e7o para incorporar um quadro de empregos ao meu site Elementor? <\/h2> <p>Basta seguir v\u00e1rias etapas apresentadas abaixo para incorporar o widget. <\/p> <ol><li><b>Utilize nosso editor gratuito e comece a criar seu widget personalizado. <\/b><br> Determine a forma e os par\u00e2metros preferidos da ferramenta e aplique as modifica\u00e7\u00f5es. <\/li> <li><b>Adquira o seu c\u00f3digo pessoal que aparece na janela das aplica\u00e7\u00f5es Elfsight. <\/b><br> Quando a configura\u00e7\u00e3o do seu plugin pessoal terminar, copie o c\u00f3digo individual da caixa exibida e guarde-o para ocasi\u00f5es futuras. <\/li> <li><b>Inicie a aplica\u00e7\u00e3o do plugin em seu site Elementor. <\/b><br> Cole o c\u00f3digo copiado anteriormente em seu site e aplique as edi\u00e7\u00f5es. <\/li> <li><b>Pronto! A integra\u00e7\u00e3o foi finalizada com sucesso. <\/b><br> Acesse seu site para examinar o desempenho da ferramenta. <\/li><\/ol> <p>Se voc\u00ea enfrentar alguns obst\u00e1culos, n\u00e3o hesite em escrever para nossa equipe de atendimento ao cliente. Nossos consultores ter\u00e3o prazer em resolver todas as d\u00favidas que voc\u00ea possa ter com o plugin. <\/p> <div class=\"faq\" data-component=\"FAQ\"><div class=\"faq-item\">\r\n\t\t\t\t\t<div class=\"faq-item-question\">\r\n\t\t\t\t\t\t<h3 class=\"faq-item-question-text\">Como posso incorporar um quadro de empregos ao meu site Elementor sem nenhum conhecimento de codifica\u00e7\u00e3o?<\/h3>\r\n\r\n\t\t\t\t\t\t<div class=\"faq-item-question-icon\"><\/div>\r\n\t\t\t\t\t<\/div>\r\n\r\n\t\t\t\t\t<div class=\"faq-item-answer\">\r\n\t\t\t\t\t\t<div class=\"faq-item-answer-text\"> <p>A empresa Elfsight fornece uma solu\u00e7\u00e3o que permite que um p\u00fablico amplo crie voc\u00ea mesmo uma se\u00e7\u00e3o de quadro de empregos , descubra como o processo \u00e9 f\u00e1cil: V\u00e1 para a demonstra\u00e7\u00e3o ao vivo para formar um widget Job Board que voc\u00ea gostaria de incluir em seu Elementor. Selecione um dos modelos prontos e ajuste as configura\u00e7\u00f5es do Job Board, adicione seu conte\u00fado, altere o layout e as cores sem codifica\u00e7\u00e3o. Clique para salvar o Job Board e obter seu c\u00f3digo para incorpora\u00e7\u00e3o, que pode ser facilmente colado em qualquer p\u00e1gina inicial do Elementor dentro de um plano gratuito. Com a ajuda do configurador f\u00e1cil de usar, qualquer usu\u00e1rio da Internet pode criar um quadro de empregos online e adicion\u00e1-lo a qualquer p\u00e1gina da web da Elementor. N\u00e3o h\u00e1 necessidade de pagar ou divulgar os dados do seu cart\u00e3o para entrar em nosso servi\u00e7o. Se voc\u00ea encontrar algum obst\u00e1culo em qualquer etapa, n\u00e3o hesite em entrar em contato com nossa equipe de suporte t\u00e9cnico.<\/p> <\/div>\r\n\t\t\t\t\t<\/div>\r\n\t\t\t\t<\/div> <\/div><\/div>\n","protected":false},"excerpt":{"rendered":"","protected":false},"author":9,"featured_media":0,"parent":1402,"menu_order":0,"comment_status":"closed","ping_status":"closed","template":"templates\/template-application-platform.php","meta":{"publish_to_discourse":"","publish_post_category":"","wpdc_auto_publish_overridden":"","wpdc_topic_tags":"","wpdc_pin_topic":"","wpdc_pin_until":"","discourse_post_id":"","discourse_permalink":"","wpdc_publishing_response":"","wpdc_publishing_error":"","footnotes":""},"class_list":["post-11234","page","type-page","status-publish","hentry"],"yoast_head":"<!-- This site is optimized with the Yoast SEO plugin v25.3.1 - https:\/\/yoast.com\/wordpress\/plugins\/seo\/ -->\n<title>Widget Elementor Job Board - Adicionar vagas de emprego ao Elementor (2025)<\/title>\n<meta name=\"description\" content=\"Insira um widget Job Board responsivo em seu site Elementor e deixe seus potenciais trabalhadores explorarem as vagas em aberto!\" \/>\n<meta name=\"robots\" content=\"index, follow, max-snippet:-1, max-image-preview:large, max-video-preview:-1\" \/>\n<link rel=\"canonical\" href=\"https:\/\/elfsight.com\/pt\/job-board-widget\/elementor\/\" \/>\n<meta property=\"og:locale\" content=\"pt_PT\" \/>\n<meta property=\"og:type\" content=\"article\" \/>\n<meta property=\"og:title\" content=\"Widget Elementor Job Board - Adicionar vagas de emprego ao Elementor (2025)\" \/>\n<meta property=\"og:description\" content=\"Insira um widget Job Board responsivo em seu site Elementor e deixe seus potenciais trabalhadores explorarem as vagas em aberto!\" \/>\n<meta property=\"og:url\" content=\"https:\/\/elfsight.com\/pt\/job-board-widget\/elementor\/\" \/>\n<meta property=\"og:site_name\" content=\"Elfsight PT\" \/>\n<meta property=\"article:modified_time\" content=\"2025-03-06T11:03:43+00:00\" \/>\n<meta name=\"twitter:card\" content=\"summary_large_image\" \/>\n<meta name=\"twitter:label1\" content=\"Tempo estimado de leitura\" \/>\n\t<meta name=\"twitter:data1\" content=\"3 minutos\" \/>\n<!-- \/ Yoast SEO plugin. -->","yoast_head_json":{"title":"Widget Elementor Job Board - Adicionar vagas de emprego ao Elementor (2025)","description":"Insira um widget Job Board responsivo em seu site Elementor e deixe seus potenciais trabalhadores explorarem as vagas em aberto!","robots":{"index":"index","follow":"follow","max-snippet":"max-snippet:-1","max-image-preview":"max-image-preview:large","max-video-preview":"max-video-preview:-1"},"canonical":"https:\/\/elfsight.com\/pt\/job-board-widget\/elementor\/","og_locale":"pt_PT","og_type":"article","og_title":"Widget Elementor Job Board - Adicionar vagas de emprego ao Elementor (2025)","og_description":"Insira um widget Job Board responsivo em seu site Elementor e deixe seus potenciais trabalhadores explorarem as vagas em aberto!","og_url":"https:\/\/elfsight.com\/pt\/job-board-widget\/elementor\/","og_site_name":"Elfsight PT","article_modified_time":"2025-03-06T11:03:43+00:00","twitter_card":"summary_large_image","twitter_misc":{"Tempo estimado de leitura":"3 minutos"},"schema":{"@context":"https:\/\/schema.org","@graph":[{"@type":"WebPage","@id":"https:\/\/elfsight.com\/pt\/job-board-widget\/elementor\/","url":"https:\/\/elfsight.com\/pt\/job-board-widget\/elementor\/","name":"Widget Elementor Job Board - Adicionar vagas de emprego ao Elementor (2025)","isPartOf":{"@id":"https:\/\/elfsight.com\/pt\/#website"},"datePublished":"2024-05-03T06:40:14+00:00","dateModified":"2025-03-06T11:03:43+00:00","description":"Insira um widget Job Board responsivo em seu site Elementor e deixe seus potenciais trabalhadores explorarem as vagas em aberto!","breadcrumb":{"@id":"https:\/\/elfsight.com\/pt\/job-board-widget\/elementor\/#breadcrumb"},"inLanguage":"pt-PT","potentialAction":[{"@type":"ReadAction","target":["https:\/\/elfsight.com\/pt\/job-board-widget\/elementor\/"]}]},{"@type":"BreadcrumbList","@id":"https:\/\/elfsight.com\/pt\/job-board-widget\/elementor\/#breadcrumb","itemListElement":[{"@type":"ListItem","position":1,"name":"Home","item":"https:\/\/elfsight.com\/pt\/"},{"@type":"ListItem","position":2,"name":"Job Board","item":"https:\/\/elfsight.com\/pt\/job-board-widget\/"},{"@type":"ListItem","position":3,"name":"Job Board &#8211; Elementor"}]},{"@type":"WebSite","@id":"https:\/\/elfsight.com\/pt\/#website","url":"https:\/\/elfsight.com\/pt\/","name":"Elfsight PT","description":"Just another Elfsight Sites site","potentialAction":[{"@type":"SearchAction","target":{"@type":"EntryPoint","urlTemplate":"https:\/\/elfsight.com\/pt\/?s={search_term_string}"},"query-input":{"@type":"PropertyValueSpecification","valueRequired":true,"valueName":"search_term_string"}}],"inLanguage":"pt-PT"}]}},"meta_box":{"industry":"","seo_heading":"","heading":"","description":"","cta_heading":"","cta_description":"","application":"1401","h1":"Widget do quadro de empregos Elementor","h1_caption":"Publique an\u00fancios de vagas e colete curr\u00edculos de seus funcion\u00e1rios em potencial","application_category":[],"applications_title":"","applications_request_title":"","applications_request_button_text":"","hero_text":"","hero_video":"","hero_video_schema_markup":"","selling_points_title":"","selling_points_caption":"","selling_points":[],"selling_points_cta_text":"","features_title":"","features":"","ed_cta_examples_text":"","ed_cta_examples_hidden":"","ed_cta_demo_text":"","ed_cta_demo_hidden":"","why_caption":"","why_editor_title":"","why_editor_text":"","why_team_title":"","why_team_text":"","why_service_title":"","why_service_text":"","template_catalog_visible":"0","template_catalog_title":"","template_catalog_text":"","template_catalog_categories_visible":"","demo_title":"Crie seu widget do quadro de empregos","demo_caption":"Configure seu Job Board e adicione-o ao seu site Elementor gratuitamente!","default_faq_hidden":"","app_template_category":[],"platform":"100","template_public_id":"","codecanyon_url":"","codecanyon_item_id":"","codecanyon_price":"","pricing_caption":"","pricing_elfsight_apps_hide_column":"","pricing_elfsight_apps_url":"","pricing_codecanyon_price_caption":"","integration_category":[],"integration_request_title":"","integration_request_cta":"","integration_platform":"","integrations":[],"platform_category":[],"video_schema_markup":"","price":"a partir de US$ 0\/m\u00eas","trial":"","benefits":[{"text":"Servi\u00e7o de instala\u00e7\u00e3o gratuito"},{"text":"Atendimento ao cliente eficaz"},{"text":"Garantia de devolu\u00e7\u00e3o do dinheiro em 14 dias"},{"text":"Desenvolvimento cont\u00ednuo"}],"button_url":"#demo","button_target_blank":"0","button_nofollow":"0","attributes":[{"name":"Instala\u00e7\u00f5es","content":"10,000 - 100,000"},{"name":"Responsivo","content":"Sim"},{"name":"Navegadores compat\u00edveis","content":"Firefox, Safari, Opera, Chrome, Edge"}],"tags":[],"tags_disable_links":"0","hide_more_platforms":"0","video_object":"","demo_hide_cta":"0","demo_hide_cloud_options":"0","pricing_title":"","pricing":[{"pricing_icon":"platform","pricing_title":"Elfsight Apps","pricing_title_caption":"Solu\u00e7\u00e3o multiplataforma adequada para qualquer site","pricing_price":"a partir de US$ 0\/m\u00eas","pricing_price_caption":"comece com um plano gratuito","pricing_benefits":[{"text":"Sites ilimitados"},{"text":"Suporte r\u00e1pido \u00e0 empresa"},{"text":"Suporte r\u00e1pido \u00e0 empresa"},{"text":"Totalmente personaliz\u00e1vel"}],"pricing_button_text":"Adicionar ao site","pricing_button_url":"#demo"}],"related_apps_title":"","related_apps_hidden":"0","author":"","image":[],"title":"","job":"","social_networks":[]},"_links":{"self":[{"href":"https:\/\/elfsight.com\/pt\/wp-json\/wp\/v2\/pages\/11234","targetHints":{"allow":["GET"]}}],"collection":[{"href":"https:\/\/elfsight.com\/pt\/wp-json\/wp\/v2\/pages"}],"about":[{"href":"https:\/\/elfsight.com\/pt\/wp-json\/wp\/v2\/types\/page"}],"author":[{"embeddable":true,"href":"https:\/\/elfsight.com\/pt\/wp-json\/wp\/v2\/users\/9"}],"replies":[{"embeddable":true,"href":"https:\/\/elfsight.com\/pt\/wp-json\/wp\/v2\/comments?post=11234"}],"version-history":[{"count":2,"href":"https:\/\/elfsight.com\/pt\/wp-json\/wp\/v2\/pages\/11234\/revisions"}],"predecessor-version":[{"id":14431,"href":"https:\/\/elfsight.com\/pt\/wp-json\/wp\/v2\/pages\/11234\/revisions\/14431"}],"up":[{"embeddable":true,"href":"https:\/\/elfsight.com\/pt\/wp-json\/wp\/v2\/pages\/1402"}],"wp:attachment":[{"href":"https:\/\/elfsight.com\/pt\/wp-json\/wp\/v2\/media?parent=11234"}],"curies":[{"name":"wp","href":"https:\/\/api.w.org\/{rel}","templated":true}]}}