{"id":11233,"date":"2024-05-03T06:40:13","date_gmt":"2024-05-03T06:40:13","guid":{"rendered":"https:\/\/elfsight.com\/pt\/?page_id=11233"},"modified":"2024-11-12T15:52:38","modified_gmt":"2024-11-12T15:52:38","slug":"joomla","status":"publish","type":"page","link":"https:\/\/elfsight.com\/pt\/job-board-widget\/joomla\/","title":{"rendered":"Job Board &#8211; Joomla"},"content":{"rendered":"<div class=\"application-platform-content-item-description application-platform-content-item\" id=\"description\" data-nav-section=\"description\"> <h2>Descri\u00e7\u00e3o<\/h2> <p>O Job Board para Joomla \u00e9 uma extens\u00e3o excepcional que permite revelar vagas de emprego e coletar curr\u00edculos de candidatos em seu site da maneira mais simples. Com nossa nova ferramenta voc\u00ea conseguir\u00e1 revelar informa\u00e7\u00f5es sobre o seu neg\u00f3cio, publicar informa\u00e7\u00f5es sobre vagas em aberto e coletar curr\u00edculos. O widget permite que voc\u00ea crie um cart\u00e3o de trabalho com uma descri\u00e7\u00e3o completa e um bot\u00e3o Aplicar. Usar o Elfsight Job Board permite agilizar o processo de recrutamento e obter as respostas aos an\u00fancios de emprego com um clique. <\/p> <p><b>Crie facilmente as descri\u00e7\u00f5es de cargos e bot\u00f5es de CTA mais atraentes para inspirar mais contrata\u00e7\u00f5es em potencial a trabalhar com voc\u00ea.<\/b><\/p> <\/div> <div class=\"application-platform-content-item-features application-platform-content-item\" id=\"features\" data-nav-section=\"features\"> <h2>Encontre abaixo os recursos b\u00e1sicos da extens\u00e3o: <\/h2> <ul><li>Crie um link de inscri\u00e7\u00e3o para direcionar os usu\u00e1rios do site para a p\u00e1gina com curr\u00edculos<\/li><li>Exiba as ofertas de emprego da maneira mais atraente<\/li><li>O n\u00famero de vagas que voc\u00ea pode abrir \u00e9 ilimitado<\/li><li>Descreva a vaga detalhadamente e informe sobre: \u200b\u200bsal\u00e1rio, cargo e habilidades necess\u00e1rias<\/li><li>Deixe informa\u00e7\u00f5es de contato: departamento , o nome da sua empresa e o local<\/li><\/ul><p><a href=\"#demo\">Experimente todas as configura\u00e7\u00f5es na demonstra\u00e7\u00e3o completa<\/a><\/p> <\/div> <div class=\"application-platform-content-item-installation application-platform-content-item\" id=\"installation\" data-nav-section=\"installation\"> <h2>Como incorporar um quadro de empregos \u00e0 minha p\u00e1gina Joomla? <\/h2> <p>Basta aplicar as instru\u00e7\u00f5es abaixo para come\u00e7ar a usar a ferramenta. <\/p> <ol><li><b>Inicie nosso editor gratuito e comece a criar sua extens\u00e3o personalizada. <\/b><br> Encontre o design e os recursos desej\u00e1veis \u200b\u200bdo plugin e salve as corre\u00e7\u00f5es. <\/li> <li><b>Adquira o c\u00f3digo pessoal mostrado na janela dos aplicativos Elfsight. <\/b><br> Quando a cria\u00e7\u00e3o do seu widget pessoal estiver conclu\u00edda, copie o c\u00f3digo individual da janela exibida e salve-o para ocasi\u00f5es futuras. <\/li> <li><b>Inicie a utiliza\u00e7\u00e3o da ferramenta em seu site Joomla. <\/b><br> Cole o c\u00f3digo copiado recentemente em seu site e aplique as edi\u00e7\u00f5es. <\/li> <li><b>Pronto! A configura\u00e7\u00e3o est\u00e1 totalmente conclu\u00edda. <\/b><br> Acesse seu site para revisar o trabalho da extens\u00e3o. <\/li><\/ol> <p>Na condi\u00e7\u00e3o de lidar com d\u00favidas ou encontrar alguma dificuldade, n\u00e3o hesite em solicitar nossa equipe de atendimento ao cliente. Nossos consultores est\u00e3o ansiosos para resolver todas as dificuldades que voc\u00ea possa ter com a ferramenta. <\/p> <div class=\"faq\" data-component=\"FAQ\"><div class=\"faq-item\">\r\n\t\t\t\t\t<div class=\"faq-item-question\">\r\n\t\t\t\t\t\t<h3 class=\"faq-item-question-text\">Existe um m\u00e9todo para adicionar um Job Board ao meu site Joomla sem nenhum conhecimento de codifica\u00e7\u00e3o?<\/h3>\r\n\r\n\t\t\t\t\t\t<div class=\"faq-item-question-icon\"><\/div>\r\n\t\t\t\t\t<\/div>\r\n\r\n\t\t\t\t\t<div class=\"faq-item-answer\">\r\n\t\t\t\t\t\t<div class=\"faq-item-answer-text\"> <p>A Elfsight oferece uma solu\u00e7\u00e3o SaaS que permite aos usu\u00e1rios usarem um widget do Job Board por conta pr\u00f3pria, observe as etapas f\u00e1ceis: V\u00e1 para o Editor ao vivo para gerar uma se\u00e7\u00e3o do Job Board que voc\u00ea gostaria de adicionar \u00e0 sua p\u00e1gina da web Joomla. Selecione um dos modelos pr\u00e9-concebidos e adapte as configura\u00e7\u00f5es do Job Board, altere o layout e os esquemas de cores para incluir seu conte\u00fado, sem experi\u00eancia em codifica\u00e7\u00e3o. Salve as configura\u00e7\u00f5es feitas no Job Board e obtenha o c\u00f3digo de instala\u00e7\u00e3o que voc\u00ea pode incluir gratuitamente na p\u00e1gina inicial do Joomla. Usando o editor intuitivo, cada usu\u00e1rio da web pode criar uma se\u00e7\u00e3o do Job Board e simplesmente adicion\u00e1-la a qualquer site Joomla. Voc\u00ea n\u00e3o deve pagar ou enviar os dados do seu cart\u00e3o para entrar no servi\u00e7o. Se voc\u00ea encontrar algum obst\u00e1culo de qualquer tipo, sinta-se \u00e0 vontade para entrar em contato com nosso suporte t\u00e9cnico ao cliente.<\/p> <\/div>\r\n\t\t\t\t\t<\/div>\r\n\t\t\t\t<\/div> <\/div><\/div>","protected":false},"excerpt":{"rendered":"","protected":false},"author":9,"featured_media":0,"parent":1402,"menu_order":0,"comment_status":"closed","ping_status":"closed","template":"templates\/template-application-platform.php","meta":{"publish_to_discourse":"","publish_post_category":"","wpdc_auto_publish_overridden":"","wpdc_topic_tags":"","wpdc_pin_topic":"","wpdc_pin_until":"","discourse_post_id":"","discourse_permalink":"","wpdc_publishing_response":"","wpdc_publishing_error":"","footnotes":""},"class_list":["post-11233","page","type-page","status-publish","hentry"],"yoast_head":"<!-- This site is optimized with the Yoast SEO plugin v25.3.1 - https:\/\/yoast.com\/wordpress\/plugins\/seo\/ -->\n<title>Extens\u00e3o Joomla Job Board - Adicionar vagas de emprego ao Joomla (2025)<\/title>\n<meta name=\"description\" content=\"Insira uma extens\u00e3o responsiva do Job Board em seu site Joomla e deixe trabalhadores em potencial sondarem as vagas em aberto!\" \/>\n<meta name=\"robots\" content=\"index, follow, max-snippet:-1, max-image-preview:large, max-video-preview:-1\" \/>\n<link rel=\"canonical\" href=\"https:\/\/elfsight.com\/pt\/job-board-widget\/joomla\/\" \/>\n<meta property=\"og:locale\" content=\"pt_PT\" \/>\n<meta property=\"og:type\" content=\"article\" \/>\n<meta property=\"og:title\" content=\"Extens\u00e3o Joomla Job Board - Adicionar vagas de emprego ao Joomla (2025)\" \/>\n<meta property=\"og:description\" content=\"Insira uma extens\u00e3o responsiva do Job Board em seu site Joomla e deixe trabalhadores em potencial sondarem as vagas em aberto!\" \/>\n<meta property=\"og:url\" content=\"https:\/\/elfsight.com\/pt\/job-board-widget\/joomla\/\" \/>\n<meta property=\"og:site_name\" content=\"Elfsight PT\" \/>\n<meta property=\"article:modified_time\" content=\"2024-11-12T15:52:38+00:00\" \/>\n<meta name=\"twitter:card\" content=\"summary_large_image\" \/>\n<meta name=\"twitter:label1\" content=\"Tempo estimado de leitura\" \/>\n\t<meta name=\"twitter:data1\" content=\"3 minutos\" \/>\n<!-- \/ Yoast SEO plugin. -->","yoast_head_json":{"title":"Extens\u00e3o Joomla Job Board - Adicionar vagas de emprego ao Joomla (2025)","description":"Insira uma extens\u00e3o responsiva do Job Board em seu site Joomla e deixe trabalhadores em potencial sondarem as vagas em aberto!","robots":{"index":"index","follow":"follow","max-snippet":"max-snippet:-1","max-image-preview":"max-image-preview:large","max-video-preview":"max-video-preview:-1"},"canonical":"https:\/\/elfsight.com\/pt\/job-board-widget\/joomla\/","og_locale":"pt_PT","og_type":"article","og_title":"Extens\u00e3o Joomla Job Board - Adicionar vagas de emprego ao Joomla (2025)","og_description":"Insira uma extens\u00e3o responsiva do Job Board em seu site Joomla e deixe trabalhadores em potencial sondarem as vagas em aberto!","og_url":"https:\/\/elfsight.com\/pt\/job-board-widget\/joomla\/","og_site_name":"Elfsight PT","article_modified_time":"2024-11-12T15:52:38+00:00","twitter_card":"summary_large_image","twitter_misc":{"Tempo estimado de leitura":"3 minutos"},"schema":{"@context":"https:\/\/schema.org","@graph":[{"@type":"WebPage","@id":"https:\/\/elfsight.com\/pt\/job-board-widget\/joomla\/","url":"https:\/\/elfsight.com\/pt\/job-board-widget\/joomla\/","name":"Extens\u00e3o Joomla Job Board - Adicionar vagas de emprego ao Joomla (2025)","isPartOf":{"@id":"https:\/\/elfsight.com\/pt\/#website"},"datePublished":"2024-05-03T06:40:13+00:00","dateModified":"2024-11-12T15:52:38+00:00","description":"Insira uma extens\u00e3o responsiva do Job Board em seu site Joomla e deixe trabalhadores em potencial sondarem as vagas em aberto!","breadcrumb":{"@id":"https:\/\/elfsight.com\/pt\/job-board-widget\/joomla\/#breadcrumb"},"inLanguage":"pt-PT","potentialAction":[{"@type":"ReadAction","target":["https:\/\/elfsight.com\/pt\/job-board-widget\/joomla\/"]}]},{"@type":"BreadcrumbList","@id":"https:\/\/elfsight.com\/pt\/job-board-widget\/joomla\/#breadcrumb","itemListElement":[{"@type":"ListItem","position":1,"name":"Home","item":"https:\/\/elfsight.com\/pt\/"},{"@type":"ListItem","position":2,"name":"Job Board","item":"https:\/\/elfsight.com\/pt\/job-board-widget\/"},{"@type":"ListItem","position":3,"name":"Job Board &#8211; Joomla"}]},{"@type":"WebSite","@id":"https:\/\/elfsight.com\/pt\/#website","url":"https:\/\/elfsight.com\/pt\/","name":"Elfsight PT","description":"Just another Elfsight Sites site","potentialAction":[{"@type":"SearchAction","target":{"@type":"EntryPoint","urlTemplate":"https:\/\/elfsight.com\/pt\/?s={search_term_string}"},"query-input":{"@type":"PropertyValueSpecification","valueRequired":true,"valueName":"search_term_string"}}],"inLanguage":"pt-PT"}]}},"meta_box":{"industry":"","seo_heading":"","heading":"","description":"","cta_heading":"","cta_description":"","application":"1401","h1":"Extens\u00e3o do quadro de empregos Joomla","h1_caption":"Publique vagas de emprego e obtenha curr\u00edculos de seus poss\u00edveis funcion\u00e1rios","application_category":[],"applications_title":"","applications_request_title":"","applications_request_button_text":"","hero_text":"","hero_video":"","hero_video_schema_markup":"","selling_points_title":"","selling_points_caption":"","selling_points":[],"selling_points_cta_text":"","features_title":"","features":"","ed_cta_examples_text":"","ed_cta_examples_hidden":"","ed_cta_demo_text":"","ed_cta_demo_hidden":"","why_caption":"","why_editor_title":"","why_editor_text":"","why_team_title":"","why_team_text":"","why_service_title":"","why_service_text":"","template_catalog_visible":"","template_catalog_title":"","template_catalog_text":"","template_catalog_categories_visible":"","demo_title":"Crie seu plugin Job Board","demo_caption":"Configure seu Job Board e adicione-o ao seu site Joomla gratuitamente!","default_faq_hidden":"","app_template_category":[],"platform":"52","template_public_id":"","codecanyon_url":"","codecanyon_item_id":"","codecanyon_price":"","pricing_caption":"","pricing_elfsight_apps_hide_column":"","pricing_elfsight_apps_url":"","pricing_codecanyon_price_caption":"","integration_category":[],"integration_request_title":"","integration_request_cta":"","integration_platform":"","integrations":[],"platform_category":[],"video_schema_markup":"","price":"a partir de US$ 0\/m\u00eas","trial":"","benefits":[{"text":"Servi\u00e7o de instala\u00e7\u00e3o gratuito"},{"text":"Atendimento ao cliente profissional"},{"text":"Garantia de devolu\u00e7\u00e3o do dinheiro em 14 dias"},{"text":"Atualiza\u00e7\u00f5es gratuitas vital\u00edcias"}],"button_url":"#demo","button_target_blank":"","button_nofollow":"","attributes":[{"name":"Instala\u00e7\u00f5es","content":"10,000 - 100,000"},{"name":"Responsivo","content":"Sim"},{"name":"Navegadores compat\u00edveis","content":"Firefox, Safari, Opera, Chrome, Edge"}],"tags":[],"tags_disable_links":"","hide_more_platforms":"","video_object":"","demo_hide_cta":"","demo_hide_cloud_options":"","pricing_title":"","pricing":[{"pricing_icon":"platform","pricing_title":"Elfsight Apps","pricing_title_caption":"Solu\u00e7\u00e3o multiplataforma adequada para qualquer site","pricing_price":"a partir de US$ 0\/m\u00eas","pricing_price_caption":"comece com um plano gratuito","pricing_benefits":[{"text":"Dom\u00ednios ilimitados"},{"text":"Suporte gratuito \u00e0 empresa"},{"text":"Suporte gratuito \u00e0 empresa"},{"text":"100% personaliz\u00e1vel"}],"pricing_button_text":"Adicionar ao site","pricing_button_url":"#demo"}],"related_apps_title":"","related_apps_hidden":"","author":"","image":[],"title":"","job":"","social_networks":[]},"_links":{"self":[{"href":"https:\/\/elfsight.com\/pt\/wp-json\/wp\/v2\/pages\/11233","targetHints":{"allow":["GET"]}}],"collection":[{"href":"https:\/\/elfsight.com\/pt\/wp-json\/wp\/v2\/pages"}],"about":[{"href":"https:\/\/elfsight.com\/pt\/wp-json\/wp\/v2\/types\/page"}],"author":[{"embeddable":true,"href":"https:\/\/elfsight.com\/pt\/wp-json\/wp\/v2\/users\/9"}],"replies":[{"embeddable":true,"href":"https:\/\/elfsight.com\/pt\/wp-json\/wp\/v2\/comments?post=11233"}],"version-history":[{"count":1,"href":"https:\/\/elfsight.com\/pt\/wp-json\/wp\/v2\/pages\/11233\/revisions"}],"predecessor-version":[{"id":11237,"href":"https:\/\/elfsight.com\/pt\/wp-json\/wp\/v2\/pages\/11233\/revisions\/11237"}],"up":[{"embeddable":true,"href":"https:\/\/elfsight.com\/pt\/wp-json\/wp\/v2\/pages\/1402"}],"wp:attachment":[{"href":"https:\/\/elfsight.com\/pt\/wp-json\/wp\/v2\/media?parent=11233"}],"curies":[{"name":"wp","href":"https:\/\/api.w.org\/{rel}","templated":true}]}}