{"id":11228,"date":"2024-05-03T06:40:12","date_gmt":"2024-05-03T06:40:12","guid":{"rendered":"https:\/\/elfsight.com\/pt\/?page_id=11228"},"modified":"2025-03-06T11:05:07","modified_gmt":"2025-03-06T11:05:07","slug":"jquery","status":"publish","type":"page","link":"https:\/\/elfsight.com\/pt\/job-board-widget\/jquery\/","title":{"rendered":"Job Board &#8211; jQuery"},"content":{"rendered":"\n<div class=\"application-platform-content-item-description application-platform-content-item\" id=\"description\" data-nav-section=\"description\"> <h2>Descri\u00e7\u00e3o<\/h2> <p>Nosso quadro de empregos para jQuery \u00e9 um plugin not\u00e1vel que oferece a oportunidade de publicar vagas em aberto e coletar curr\u00edculos de candidatos diretamente em seu site da maneira mais acess\u00edvel. Com nosso novo widget voc\u00ea poder\u00e1 apresentar seu neg\u00f3cio, distribuir informa\u00e7\u00f5es sobre vagas em aberto e obter curr\u00edculos. O widget permite que voc\u00ea crie um cart\u00e3o de trabalho acompanhado por uma descri\u00e7\u00e3o precisa e um bot\u00e3o Aplicar. A utiliza\u00e7\u00e3o do Elfsight Job Board permite-lhe simplificar o processo de recrutamento e obter as respostas \u00e0s ofertas de emprego com um clique. <\/p> <p><b>Crie rapidamente as vagas de emprego e frases de chamariz mais atraentes para motivar mais contrata\u00e7\u00f5es poss\u00edveis a cooperar com voc\u00ea.<\/b><\/p> <\/div> <div class=\"application-platform-content-item-features  application-platform-content-item\" id=\"features \" data-nav-section=\"features \"> <h2>Oferecemos recursos \u00fateis e descomplicados, veja alguns deles: <\/h2> <ul><li>Crie um link de inscri\u00e7\u00e3o para direcionar poss\u00edveis funcion\u00e1rios para a p\u00e1gina com curr\u00edculos<\/li><li>Apresente vagas de emprego da maneira mais fascinante<\/li><li>O n\u00famero de empregos que voc\u00ea pode adicionar \u00e9 ilimitado<\/li><li>Adicione v\u00e1rios detalhes sobre o trabalho: habilidades necess\u00e1rias, sal\u00e1rio e cargo<\/li><li> Deixe informa\u00e7\u00f5es de contato: departamento, nome da sua empresa e localiza\u00e7\u00e3o<\/li><\/ul><p><a href=\"#demo\">Voc\u00ea pode verificar se o plugin \u00e9 para voc\u00ea usando a demonstra\u00e7\u00e3o<\/a> <\/p> <\/div> <div class=\"application-platform-content-item-installation application-platform-content-item\" id=\"installation\" data-nav-section=\"installation\"> <h2>Como incorporar um Job Board em meu site jQuery? <\/h2> <p>Basta aplicar as instru\u00e7\u00f5es abaixo para come\u00e7ar a trabalhar com a ferramenta. <\/p> <ol><li><b>Use nossa demonstra\u00e7\u00e3o gratuita e comece a moldar seu plugin personalizado. <\/b><br> Determine o layout selecionado e as op\u00e7\u00f5es do plugin e salve as corre\u00e7\u00f5es. <\/li> <li><b>Copie o seu c\u00f3digo individual que aparece no formul\u00e1rio especial nas aplica\u00e7\u00f5es Elfsight. <\/b><br> Ap\u00f3s a cria\u00e7\u00e3o do seu widget pessoal, copie o c\u00f3digo pessoal na caixa exibida e salve-o para uso futuro. <\/li> <li><b>Inicie o uso do plugin em sua p\u00e1gina web jQuery. <\/b><br> Integre o c\u00f3digo que voc\u00ea copiou anteriormente em sua p\u00e1gina inicial e aplique os ajustes. <\/li> <li><b>A instala\u00e7\u00e3o foi realizada com sucesso. <\/b><br> Acesse sua p\u00e1gina para verificar o desempenho do widget. <\/li><\/ol> <p>Caso voc\u00ea encontre algum obst\u00e1culo, sinta-se \u00e0 vontade para recorrer \u00e0 nossa equipe de suporte. Nossos consultores est\u00e3o ansiosos para ajud\u00e1-lo com todos os problemas que voc\u00ea possa ter com o plugin. <\/p> <div class=\"faq\" data-component=\"FAQ\"><div class=\"faq-item\">\r\n\t\t\t\t\t<div class=\"faq-item-question\">\r\n\t\t\t\t\t\t<h3 class=\"faq-item-question-text\">Como adicionar um quadro de empregos ao meu site jQuery sem habilidades de codifica\u00e7\u00e3o?<\/h3>\r\n\r\n\t\t\t\t\t\t<div class=\"faq-item-question-icon\"><\/div>\r\n\t\t\t\t\t<\/div>\r\n\r\n\t\t\t\t\t<div class=\"faq-item-answer\">\r\n\t\t\t\t\t\t<div class=\"faq-item-answer-text\"> <p>A Elfsight fornece uma solu\u00e7\u00e3o SaaS que permite que voc\u00ea mesmo crie um widget de quadro de empregos, veja como \u00e9 f\u00e1cil O processo \u00e9: Trabalhe diretamente no Editor on-line para criar um widget Job Board que voc\u00ea gostaria de ver em seu site jQuery. Escolha um dos modelos predefinidos e ajuste as configura\u00e7\u00f5es do Job Board, adicione seu conte\u00fado, altere o layout e as cores sem nenhuma habilidade de codifica\u00e7\u00e3o. Salve o Job Board e copie seu c\u00f3digo de instala\u00e7\u00e3o, para que voc\u00ea possa adicion\u00e1-lo facilmente ao seu site jQuery sem a necessidade de comprar uma assinatura paga. Com nosso editor intuitivo, qualquer usu\u00e1rio da Internet pode criar um widget Job Board on-line e incorpor\u00e1-lo facilmente ao seu site jQuery. N\u00e3o h\u00e1 necessidade de pagar ou inserir as credenciais do seu cart\u00e3o para acessar o servi\u00e7o. Se voc\u00ea enfrentar qualquer problema em qualquer etapa, n\u00e3o hesite em entrar em contato com nossa equipe de suporte t\u00e9cnico.<\/p> <\/div>\r\n\t\t\t\t\t<\/div>\r\n\t\t\t\t<\/div> <\/div><\/div>\n","protected":false},"excerpt":{"rendered":"","protected":false},"author":9,"featured_media":0,"parent":1402,"menu_order":0,"comment_status":"closed","ping_status":"closed","template":"templates\/template-application-platform.php","meta":{"publish_to_discourse":"","publish_post_category":"","wpdc_auto_publish_overridden":"","wpdc_topic_tags":"","wpdc_pin_topic":"","wpdc_pin_until":"","discourse_post_id":"","discourse_permalink":"","wpdc_publishing_response":"","wpdc_publishing_error":"","footnotes":""},"class_list":["post-11228","page","type-page","status-publish","hentry"],"yoast_head":"<!-- This site is optimized with the Yoast SEO plugin v25.3.1 - https:\/\/yoast.com\/wordpress\/plugins\/seo\/ -->\n<title>Plug-in jQuery Job Board - Adicionar vagas de emprego ao jQuery (2025)<\/title>\n<meta name=\"description\" content=\"Integre um plugin responsivo do Job Board em seu site jQuery e deixe funcion\u00e1rios em potencial sondarem as vagas abertas!\" \/>\n<meta name=\"robots\" content=\"index, follow, max-snippet:-1, max-image-preview:large, max-video-preview:-1\" \/>\n<link rel=\"canonical\" href=\"https:\/\/elfsight.com\/pt\/job-board-widget\/jquery\/\" \/>\n<meta property=\"og:locale\" content=\"pt_PT\" \/>\n<meta property=\"og:type\" content=\"article\" \/>\n<meta property=\"og:title\" content=\"Plug-in jQuery Job Board - Adicionar vagas de emprego ao jQuery (2025)\" \/>\n<meta property=\"og:description\" content=\"Integre um plugin responsivo do Job Board em seu site jQuery e deixe funcion\u00e1rios em potencial sondarem as vagas abertas!\" \/>\n<meta property=\"og:url\" content=\"https:\/\/elfsight.com\/pt\/job-board-widget\/jquery\/\" \/>\n<meta property=\"og:site_name\" content=\"Elfsight PT\" \/>\n<meta property=\"article:modified_time\" content=\"2025-03-06T11:05:07+00:00\" \/>\n<meta name=\"twitter:card\" content=\"summary_large_image\" \/>\n<meta name=\"twitter:label1\" content=\"Tempo estimado de leitura\" \/>\n\t<meta name=\"twitter:data1\" content=\"3 minutos\" \/>\n<!-- \/ Yoast SEO plugin. -->","yoast_head_json":{"title":"Plug-in jQuery Job Board - Adicionar vagas de emprego ao jQuery (2025)","description":"Integre um plugin responsivo do Job Board em seu site jQuery e deixe funcion\u00e1rios em potencial sondarem as vagas abertas!","robots":{"index":"index","follow":"follow","max-snippet":"max-snippet:-1","max-image-preview":"max-image-preview:large","max-video-preview":"max-video-preview:-1"},"canonical":"https:\/\/elfsight.com\/pt\/job-board-widget\/jquery\/","og_locale":"pt_PT","og_type":"article","og_title":"Plug-in jQuery Job Board - Adicionar vagas de emprego ao jQuery (2025)","og_description":"Integre um plugin responsivo do Job Board em seu site jQuery e deixe funcion\u00e1rios em potencial sondarem as vagas abertas!","og_url":"https:\/\/elfsight.com\/pt\/job-board-widget\/jquery\/","og_site_name":"Elfsight PT","article_modified_time":"2025-03-06T11:05:07+00:00","twitter_card":"summary_large_image","twitter_misc":{"Tempo estimado de leitura":"3 minutos"},"schema":{"@context":"https:\/\/schema.org","@graph":[{"@type":"WebPage","@id":"https:\/\/elfsight.com\/pt\/job-board-widget\/jquery\/","url":"https:\/\/elfsight.com\/pt\/job-board-widget\/jquery\/","name":"Plug-in jQuery Job Board - Adicionar vagas de emprego ao jQuery (2025)","isPartOf":{"@id":"https:\/\/elfsight.com\/pt\/#website"},"datePublished":"2024-05-03T06:40:12+00:00","dateModified":"2025-03-06T11:05:07+00:00","description":"Integre um plugin responsivo do Job Board em seu site jQuery e deixe funcion\u00e1rios em potencial sondarem as vagas abertas!","breadcrumb":{"@id":"https:\/\/elfsight.com\/pt\/job-board-widget\/jquery\/#breadcrumb"},"inLanguage":"pt-PT","potentialAction":[{"@type":"ReadAction","target":["https:\/\/elfsight.com\/pt\/job-board-widget\/jquery\/"]}]},{"@type":"BreadcrumbList","@id":"https:\/\/elfsight.com\/pt\/job-board-widget\/jquery\/#breadcrumb","itemListElement":[{"@type":"ListItem","position":1,"name":"Home","item":"https:\/\/elfsight.com\/pt\/"},{"@type":"ListItem","position":2,"name":"Job Board","item":"https:\/\/elfsight.com\/pt\/job-board-widget\/"},{"@type":"ListItem","position":3,"name":"Job Board &#8211; jQuery"}]},{"@type":"WebSite","@id":"https:\/\/elfsight.com\/pt\/#website","url":"https:\/\/elfsight.com\/pt\/","name":"Elfsight PT","description":"Just another Elfsight Sites site","potentialAction":[{"@type":"SearchAction","target":{"@type":"EntryPoint","urlTemplate":"https:\/\/elfsight.com\/pt\/?s={search_term_string}"},"query-input":{"@type":"PropertyValueSpecification","valueRequired":true,"valueName":"search_term_string"}}],"inLanguage":"pt-PT"}]}},"meta_box":{"industry":"","seo_heading":"","heading":"","description":"","cta_heading":"","cta_description":"","application":"1401","h1":"Plug-in jQuery Job Board","h1_caption":"Publique an\u00fancios de vagas e receba curr\u00edculos de seus potenciais trabalhadores","application_category":[],"applications_title":"","applications_request_title":"","applications_request_button_text":"","hero_text":"","hero_video":"","hero_video_schema_markup":"","selling_points_title":"","selling_points_caption":"","selling_points":[],"selling_points_cta_text":"","features_title":"","features":"","ed_cta_examples_text":"","ed_cta_examples_hidden":"","ed_cta_demo_text":"","ed_cta_demo_hidden":"","why_caption":"","why_editor_title":"","why_editor_text":"","why_team_title":"","why_team_text":"","why_service_title":"","why_service_text":"","template_catalog_visible":"0","template_catalog_title":"","template_catalog_text":"","template_catalog_categories_visible":"","demo_title":"Crie seu plugin Job Board","demo_caption":"Configure seu Job Board e adicione-o ao seu site jQuery gratuitamente!","default_faq_hidden":"","app_template_category":[],"platform":"55","template_public_id":"","codecanyon_url":"","codecanyon_item_id":"","codecanyon_price":"","pricing_caption":"","pricing_elfsight_apps_hide_column":"","pricing_elfsight_apps_url":"","pricing_codecanyon_price_caption":"","integration_category":[],"integration_request_title":"","integration_request_cta":"","integration_platform":"","integrations":[],"platform_category":[],"video_schema_markup":"","price":"a partir de US$ 0\/m\u00eas","trial":"","benefits":[{"text":"Ajuda de instala\u00e7\u00e3o gratuita"},{"text":"Suporte ao cliente experiente"},{"text":"Garantia de devolu\u00e7\u00e3o do dinheiro em 14 dias"},{"text":"Desenvolvimento cont\u00ednuo"}],"button_url":"#demo","button_target_blank":"0","button_nofollow":"0","attributes":[{"name":"Instala\u00e7\u00f5es","content":"10,000 - 100,000"},{"name":"Responsivo","content":"Sim"},{"name":"Navegadores compat\u00edveis","content":"Firefox, Safari, Opera, Chrome, Edge"}],"tags":[],"tags_disable_links":"0","hide_more_platforms":"0","video_object":"","demo_hide_cta":"0","demo_hide_cloud_options":"0","pricing_title":"","pricing":[{"pricing_icon":"platform","pricing_title":"Elfsight Apps","pricing_title_caption":"Vers\u00e3o independente de plataforma","pricing_price":"a partir de US$ 0\/m\u00eas","pricing_price_caption":"comece com um plano gratuito","pricing_benefits":[{"text":"Sites ilimitados"},{"text":"Suporte ao cliente r\u00e1pido e bem documentado"},{"text":"Suporte ao cliente r\u00e1pido e bem documentado"},{"text":"Design flex\u00edvel"}],"pricing_button_text":"Adicionar ao site","pricing_button_url":"#demo"}],"related_apps_title":"","related_apps_hidden":"0","author":"","image":[],"title":"","job":"","social_networks":[]},"_links":{"self":[{"href":"https:\/\/elfsight.com\/pt\/wp-json\/wp\/v2\/pages\/11228","targetHints":{"allow":["GET"]}}],"collection":[{"href":"https:\/\/elfsight.com\/pt\/wp-json\/wp\/v2\/pages"}],"about":[{"href":"https:\/\/elfsight.com\/pt\/wp-json\/wp\/v2\/types\/page"}],"author":[{"embeddable":true,"href":"https:\/\/elfsight.com\/pt\/wp-json\/wp\/v2\/users\/9"}],"replies":[{"embeddable":true,"href":"https:\/\/elfsight.com\/pt\/wp-json\/wp\/v2\/comments?post=11228"}],"version-history":[{"count":2,"href":"https:\/\/elfsight.com\/pt\/wp-json\/wp\/v2\/pages\/11228\/revisions"}],"predecessor-version":[{"id":14432,"href":"https:\/\/elfsight.com\/pt\/wp-json\/wp\/v2\/pages\/11228\/revisions\/14432"}],"up":[{"embeddable":true,"href":"https:\/\/elfsight.com\/pt\/wp-json\/wp\/v2\/pages\/1402"}],"wp:attachment":[{"href":"https:\/\/elfsight.com\/pt\/wp-json\/wp\/v2\/media?parent=11228"}],"curies":[{"name":"wp","href":"https:\/\/api.w.org\/{rel}","templated":true}]}}