{"id":11226,"date":"2024-05-03T06:40:10","date_gmt":"2024-05-03T06:40:10","guid":{"rendered":"https:\/\/elfsight.com\/pt\/?page_id=11226"},"modified":"2025-03-06T11:07:47","modified_gmt":"2025-03-06T11:07:47","slug":"iframe","status":"publish","type":"page","link":"https:\/\/elfsight.com\/pt\/job-board-widget\/iframe\/","title":{"rendered":"Job Board &#8211; iFrame"},"content":{"rendered":"\n<div class=\"application-platform-content-item-description application-platform-content-item\" id=\"description\" data-nav-section=\"description\"> <h2>Incorpore o Job Board no iFrame com o widget Elfsight<\/h2> <p>O Job Board para iFrame \u00e9 um widget impressionante que permite publicar abra vagas e colete curr\u00edculos de candidatos diretamente em seu site da forma mais acess\u00edvel. Atrav\u00e9s do nosso novo widget, voc\u00ea poder\u00e1 contar sobre o seu neg\u00f3cio, publicar informa\u00e7\u00f5es sobre vagas de emprego e coletar curr\u00edculos. O widget permite que voc\u00ea crie um cart\u00e3o de trabalho acompanhado por uma representa\u00e7\u00e3o precisa e um bot\u00e3o Aplicar. A aplica\u00e7\u00e3o do Job Board permite simplificar o processo de recrutamento e obter as respostas \u00e0s vagas de emprego num clique. <\/p> <p><b>Forme facilmente as descri\u00e7\u00f5es de cargos e frases de chamariz mais atraentes para atrair mais contrata\u00e7\u00f5es em potencial para cooperar com voc\u00ea.<\/b><\/p> <\/div> <div class=\"application-platform-content-item-features application-platform-content-item\" id=\"features\" data-nav-section=\"features\"> <h2>Confira a lista dos melhores recursos: <\/h2> <ul><li>Adicione um link de inscri\u00e7\u00e3o para direcionar os usu\u00e1rios do site para a p\u00e1gina com curr\u00edculos<\/li><li>Apresente as ofertas de emprego da forma mais detalhada forma<\/li><li>O n\u00famero de empregos que voc\u00ea pode adicionar \u00e9 ilimitado<\/li><li>Adicione v\u00e1rios detalhes sobre o trabalho: sal\u00e1rio, habilidades necess\u00e1rias e cargo<\/li><li>Deixe os detalhes de contato: localiza\u00e7\u00e3o, departamento e o nome da sua empresa<\/li><\/ul><p><a href=\"#demo\">Voc\u00ea pode conferir todos os recursos do widget na demonstra\u00e7\u00e3o nesta p\u00e1gina<\/a> <\/p> <\/div> <div class=\"application-platform-content-item-installation application-platform-content-item\" id=\"installation\" data-nav-section=\"installation\"> <h2>Como posso incorporar um Job Board em meu site iFrame? <\/h2> <p>Basta seguir as diretrizes abaixo para incorporar o widget. <\/p> <ol><li><b>Inicie nosso configurador gratuito e comece a construir seu instrumento personalizado. <\/b><br> Escolha o design personalizado e os aspectos do plugin e aplique as edi\u00e7\u00f5es. <\/li> <li><b>Adquira o seu c\u00f3digo pessoal exposto na janela das Apps Elfsight. <\/b><br> Logo ap\u00f3s finalizar a customiza\u00e7\u00e3o do seu widget, copie o c\u00f3digo exclusivo na caixa exibida e guarde-o para uso posterior. <\/li> <li><b>Comece a usar a ferramenta na p\u00e1gina do iFrame. <\/b><br> Insira o c\u00f3digo que voc\u00ea copiou anteriormente em sua p\u00e1gina e aplique os ajustes. <\/li> <li><b>Pronto! A incorpora\u00e7\u00e3o foi realizada com sucesso. <\/b><br> Acesse sua p\u00e1gina para ver em a\u00e7\u00e3o como o widget funciona. <\/li><\/ol> <p>Se voc\u00ea encontrar alguma dificuldade, solicite nossa equipe de atendimento ao cliente. Nossos consultores ter\u00e3o prazer em esclarecer todas as d\u00favidas que voc\u00ea possa ter com o produto. <\/p> <div class=\"faq\" data-component=\"FAQ\"><div class=\"faq-item\">\r\n\t\t\t\t\t<div class=\"faq-item-question\">\r\n\t\t\t\t\t\t<h3 class=\"faq-item-question-text\">Existe um m\u00e9todo para incorporar um Job Board no meu site iFrame sem codifica\u00e7\u00e3o?<\/h3>\r\n\r\n\t\t\t\t\t\t<div class=\"faq-item-question-icon\"><\/div>\r\n\t\t\t\t\t<\/div>\r\n\r\n\t\t\t\t\t<div class=\"faq-item-answer\">\r\n\t\t\t\t\t\t<div class=\"faq-item-answer-text\"> <p>A Elfsight oferece uma solu\u00e7\u00e3o SaaS que permite que os propriet\u00e1rios de sites criem voc\u00ea mesmo um plugin de Job Board, descubra as etapas simples: V\u00e1 para a demonstra\u00e7\u00e3o on-line para criar um widget do Job Board que voc\u00ea gostaria de incorporar na p\u00e1gina inicial do iFrame. Escolha um de nossos modelos prontos e altere as configura\u00e7\u00f5es do Job Board, altere o layout e os esquemas de cores, incluindo o seu conte\u00fado, sem nenhuma experi\u00eancia em codifica\u00e7\u00e3o. Salve o Job Board e copie o c\u00f3digo de instala\u00e7\u00e3o do widget, que voc\u00ea pode incluir facilmente na sua p\u00e1gina inicial do iFrame gratuitamente. Com a ajuda do Configurador f\u00e1cil de usar, qualquer usu\u00e1rio da web pode criar um widget Job Board e adicion\u00e1-lo facilmente ao site iFrame. Voc\u00ea n\u00e3o deve obter um plano pago ou enviar as credenciais do seu cart\u00e3o para entrar no servi\u00e7o Elfsight. Se voc\u00ea enfrentar qualquer problema em qualquer etapa, n\u00e3o hesite em entrar em contato com nossa equipe de suporte.<\/p> <\/div>\r\n\t\t\t\t\t<\/div>\r\n\t\t\t\t<\/div> <\/div><\/div>\n\n\n\n<p><\/p>\n","protected":false},"excerpt":{"rendered":"","protected":false},"author":9,"featured_media":0,"parent":1402,"menu_order":0,"comment_status":"closed","ping_status":"closed","template":"templates\/template-application-platform.php","meta":{"publish_to_discourse":"","publish_post_category":"","wpdc_auto_publish_overridden":"","wpdc_topic_tags":"","wpdc_pin_topic":"","wpdc_pin_until":"","discourse_post_id":"","discourse_permalink":"","wpdc_publishing_response":"","wpdc_publishing_error":"","footnotes":""},"class_list":["post-11226","page","type-page","status-publish","hentry"],"yoast_head":"<!-- This site is optimized with the Yoast SEO plugin v25.3.1 - https:\/\/yoast.com\/wordpress\/plugins\/seo\/ -->\n<title>Widget iFrame Job Board - Adicionar vagas de emprego ao iFrame (2025)<\/title>\n<meta name=\"description\" content=\"Adicione um widget Job Board responsivo em seu site iFrame e deixe seus funcion\u00e1rios em potencial sondarem as vagas em aberto!\" \/>\n<meta name=\"robots\" content=\"index, follow, max-snippet:-1, max-image-preview:large, max-video-preview:-1\" \/>\n<link rel=\"canonical\" href=\"https:\/\/elfsight.com\/pt\/job-board-widget\/iframe\/\" \/>\n<meta property=\"og:locale\" content=\"pt_PT\" \/>\n<meta property=\"og:type\" content=\"article\" \/>\n<meta property=\"og:title\" content=\"Widget iFrame Job Board - Adicionar vagas de emprego ao iFrame (2025)\" \/>\n<meta property=\"og:description\" content=\"Adicione um widget Job Board responsivo em seu site iFrame e deixe seus funcion\u00e1rios em potencial sondarem as vagas em aberto!\" \/>\n<meta property=\"og:url\" content=\"https:\/\/elfsight.com\/pt\/job-board-widget\/iframe\/\" \/>\n<meta property=\"og:site_name\" content=\"Elfsight PT\" \/>\n<meta property=\"article:modified_time\" content=\"2025-03-06T11:07:47+00:00\" \/>\n<meta name=\"twitter:card\" content=\"summary_large_image\" \/>\n<meta name=\"twitter:label1\" content=\"Tempo estimado de leitura\" \/>\n\t<meta name=\"twitter:data1\" content=\"3 minutos\" \/>\n<!-- \/ Yoast SEO plugin. -->","yoast_head_json":{"title":"Widget iFrame Job Board - Adicionar vagas de emprego ao iFrame (2025)","description":"Adicione um widget Job Board responsivo em seu site iFrame e deixe seus funcion\u00e1rios em potencial sondarem as vagas em aberto!","robots":{"index":"index","follow":"follow","max-snippet":"max-snippet:-1","max-image-preview":"max-image-preview:large","max-video-preview":"max-video-preview:-1"},"canonical":"https:\/\/elfsight.com\/pt\/job-board-widget\/iframe\/","og_locale":"pt_PT","og_type":"article","og_title":"Widget iFrame Job Board - Adicionar vagas de emprego ao iFrame (2025)","og_description":"Adicione um widget Job Board responsivo em seu site iFrame e deixe seus funcion\u00e1rios em potencial sondarem as vagas em aberto!","og_url":"https:\/\/elfsight.com\/pt\/job-board-widget\/iframe\/","og_site_name":"Elfsight PT","article_modified_time":"2025-03-06T11:07:47+00:00","twitter_card":"summary_large_image","twitter_misc":{"Tempo estimado de leitura":"3 minutos"},"schema":{"@context":"https:\/\/schema.org","@graph":[{"@type":"WebPage","@id":"https:\/\/elfsight.com\/pt\/job-board-widget\/iframe\/","url":"https:\/\/elfsight.com\/pt\/job-board-widget\/iframe\/","name":"Widget iFrame Job Board - Adicionar vagas de emprego ao iFrame (2025)","isPartOf":{"@id":"https:\/\/elfsight.com\/pt\/#website"},"datePublished":"2024-05-03T06:40:10+00:00","dateModified":"2025-03-06T11:07:47+00:00","description":"Adicione um widget Job Board responsivo em seu site iFrame e deixe seus funcion\u00e1rios em potencial sondarem as vagas em aberto!","breadcrumb":{"@id":"https:\/\/elfsight.com\/pt\/job-board-widget\/iframe\/#breadcrumb"},"inLanguage":"pt-PT","potentialAction":[{"@type":"ReadAction","target":["https:\/\/elfsight.com\/pt\/job-board-widget\/iframe\/"]}]},{"@type":"BreadcrumbList","@id":"https:\/\/elfsight.com\/pt\/job-board-widget\/iframe\/#breadcrumb","itemListElement":[{"@type":"ListItem","position":1,"name":"Home","item":"https:\/\/elfsight.com\/pt\/"},{"@type":"ListItem","position":2,"name":"Job Board","item":"https:\/\/elfsight.com\/pt\/job-board-widget\/"},{"@type":"ListItem","position":3,"name":"Job Board &#8211; iFrame"}]},{"@type":"WebSite","@id":"https:\/\/elfsight.com\/pt\/#website","url":"https:\/\/elfsight.com\/pt\/","name":"Elfsight PT","description":"Just another Elfsight Sites site","potentialAction":[{"@type":"SearchAction","target":{"@type":"EntryPoint","urlTemplate":"https:\/\/elfsight.com\/pt\/?s={search_term_string}"},"query-input":{"@type":"PropertyValueSpecification","valueRequired":true,"valueName":"search_term_string"}}],"inLanguage":"pt-PT"}]}},"meta_box":{"industry":"","seo_heading":"","heading":"","description":"","cta_heading":"","cta_description":"","application":"1401","h1":"Widget do quadro de empregos iFrame","h1_caption":"Publique an\u00fancios de vagas e receba curr\u00edculos de potenciais trabalhadores","application_category":[],"applications_title":"","applications_request_title":"","applications_request_button_text":"","hero_text":"","hero_video":"","hero_video_schema_markup":"","selling_points_title":"","selling_points_caption":"","selling_points":[],"selling_points_cta_text":"","features_title":"","features":"","ed_cta_examples_text":"","ed_cta_examples_hidden":"","ed_cta_demo_text":"","ed_cta_demo_hidden":"","why_caption":"","why_editor_title":"","why_editor_text":"","why_team_title":"","why_team_text":"","why_service_title":"","why_service_text":"","template_catalog_visible":"0","template_catalog_title":"","template_catalog_text":"","template_catalog_categories_visible":"","demo_title":"Crie seu widget do quadro de empregos","demo_caption":"Configure seu Job Board e adicione-o ao seu site iFrame gratuitamente!","default_faq_hidden":"","app_template_category":[],"platform":"4911","template_public_id":"","codecanyon_url":"","codecanyon_item_id":"","codecanyon_price":"","pricing_caption":"","pricing_elfsight_apps_hide_column":"","pricing_elfsight_apps_url":"","pricing_codecanyon_price_caption":"","integration_category":[],"integration_request_title":"","integration_request_cta":"","integration_platform":"","integrations":[],"platform_category":[],"video_schema_markup":"","price":"a partir de US$ 0\/m\u00eas","trial":"","benefits":[{"text":"Ajuda de instala\u00e7\u00e3o gratuita"},{"text":"Suporte premium"},{"text":"Garantia de devolu\u00e7\u00e3o do dinheiro em 14 dias"},{"text":"Desenvolvimento cont\u00ednuo"}],"button_url":"#demo","button_target_blank":"0","button_nofollow":"0","attributes":[{"name":"Instala\u00e7\u00f5es","content":"10,000 - 100,000"},{"name":"Responsivo","content":"Sim"},{"name":"Navegadores compat\u00edveis","content":"Firefox, Safari, Opera, Chrome, Edge"}],"tags":[],"tags_disable_links":"0","hide_more_platforms":"0","video_object":"","demo_hide_cta":"0","demo_hide_cloud_options":"0","pricing_title":"","pricing":[{"pricing_icon":"platform","pricing_title":"Elfsight Apps","pricing_title_caption":"Vers\u00e3o multiplataforma adequada para qualquer site","pricing_price":"a partir de US$ 0\/m\u00eas","pricing_price_caption":"comece com um plano gratuito","pricing_benefits":[{"text":"Dom\u00ednios ilimitados"},{"text":"Suporte ao cliente premium"},{"text":"Suporte ao cliente premium"},{"text":"Totalmente personaliz\u00e1vel"}],"pricing_button_text":"Adicionar ao site","pricing_button_url":"#demo"}],"related_apps_title":"","related_apps_hidden":"0","author":"","image":[],"title":"","job":"","social_networks":[]},"_links":{"self":[{"href":"https:\/\/elfsight.com\/pt\/wp-json\/wp\/v2\/pages\/11226","targetHints":{"allow":["GET"]}}],"collection":[{"href":"https:\/\/elfsight.com\/pt\/wp-json\/wp\/v2\/pages"}],"about":[{"href":"https:\/\/elfsight.com\/pt\/wp-json\/wp\/v2\/types\/page"}],"author":[{"embeddable":true,"href":"https:\/\/elfsight.com\/pt\/wp-json\/wp\/v2\/users\/9"}],"replies":[{"embeddable":true,"href":"https:\/\/elfsight.com\/pt\/wp-json\/wp\/v2\/comments?post=11226"}],"version-history":[{"count":2,"href":"https:\/\/elfsight.com\/pt\/wp-json\/wp\/v2\/pages\/11226\/revisions"}],"predecessor-version":[{"id":14433,"href":"https:\/\/elfsight.com\/pt\/wp-json\/wp\/v2\/pages\/11226\/revisions\/14433"}],"up":[{"embeddable":true,"href":"https:\/\/elfsight.com\/pt\/wp-json\/wp\/v2\/pages\/1402"}],"wp:attachment":[{"href":"https:\/\/elfsight.com\/pt\/wp-json\/wp\/v2\/media?parent=11226"}],"curies":[{"name":"wp","href":"https:\/\/api.w.org\/{rel}","templated":true}]}}