{"id":11225,"date":"2024-05-03T06:40:09","date_gmt":"2024-05-03T06:40:09","guid":{"rendered":"https:\/\/elfsight.com\/pt\/?page_id=11225"},"modified":"2025-03-06T11:08:52","modified_gmt":"2025-03-06T11:08:52","slug":"magento","status":"publish","type":"page","link":"https:\/\/elfsight.com\/pt\/job-board-widget\/magento\/","title":{"rendered":"Job Board &#8211; Magento"},"content":{"rendered":"\n<div class=\"application-platform-content-item-description application-platform-content-item\" id=\"description\" data-nav-section=\"description\"> <h2>Descri\u00e7\u00e3o<\/h2> <p>O Job Board for Magento \u00e9 uma extens\u00e3o impressionante que garante a voc\u00ea a oportunidade de demonstrar vagas abertas e coletar curr\u00edculos dos candidatos diretamente no seu site da maneira mais simples. Atrav\u00e9s do nosso novo widget, voc\u00ea poder\u00e1 contar sobre o seu neg\u00f3cio, publicar informa\u00e7\u00f5es sobre vagas abertas e coletar curr\u00edculos. O widget permite que voc\u00ea crie um cart\u00e3o de trabalho com uma descri\u00e7\u00e3o completa e um bot\u00e3o Aplicar. A aplica\u00e7\u00e3o do Elfsight Job Board permite agilizar o processo de recrutamento e obter as respostas aos an\u00fancios de emprego em 1-2-3!. <\/p> <p><b>Crie rapidamente as descri\u00e7\u00f5es de cargos e bot\u00f5es de CTA mais tentadores para motivar mais contrata\u00e7\u00f5es em potencial a cooperar com voc\u00ea.<\/b><\/p> <\/div> <div class=\"application-platform-content-item-features application-platform-content-item\" id=\"features\" data-nav-section=\"features\"> <h2>Veja a lista dos recursos mais importantes: <\/h2> <ul><li>Integre um link Candidatar-se para direcionar funcion\u00e1rios em potencial para a p\u00e1gina com curr\u00edculos<\/li><li>Mostre as vagas de emprego da maneira mais atraente<\/li><li>O n\u00famero de cart\u00f5es de trabalho que voc\u00ea pode criar \u00e9 ilimitado<\/li><li>Descreva o trabalho detalhadamente e informe sobre: \u200b\u200bcargo, habilidades necess\u00e1rias e sal\u00e1rio<\/li><li>Deixe os detalhes de contato: o nome da sua empresa, localiza\u00e7\u00e3o e departamento<\/li><\/ul><p><a href=\"#demo\">Basta verificar esta demonstra\u00e7\u00e3o para entender a funcionalidade do widget<\/a><\/p> <\/div> <div class=\"application-platform-content-item-installation application-platform-content-item\" id=\"installation\" data-nav-section=\"installation\"> <h2>Como adicionar um Job Board em minha p\u00e1gina Magento? <\/h2> <p>Basta seguir as orienta\u00e7\u00f5es abaixo para come\u00e7ar a trabalhar com a ferramenta. <\/p> <ol><li><b>Utilize nosso editor gratuito e comece a formar sua extens\u00e3o exclusiva. <\/b><br> Encontre a interface e as op\u00e7\u00f5es adequadas da ferramenta e salve as corre\u00e7\u00f5es. <\/li> <li><b>Adquira o c\u00f3digo pessoal que aparece no formul\u00e1rio especial nas aplica\u00e7\u00f5es Elfsight. <\/b><br> Assim que a gera\u00e7\u00e3o do seu plugin for conclu\u00edda, copie o c\u00f3digo individual da caixa exibida e salve-o para uso posterior. <\/li> <li><b>Comece a usar o widget no seu site Magento. <\/b><br> Coloque o c\u00f3digo que voc\u00ea salvou anteriormente em sua p\u00e1gina inicial e aplique as corre\u00e7\u00f5es. <\/li> <li><b>A configura\u00e7\u00e3o foi totalmente executada. <\/b><br> Acesse seu site para inspecionar o funcionamento da extens\u00e3o. <\/li><\/ol> <p>Caso tenha d\u00favidas ou tenha alguma complica\u00e7\u00e3o, sinta-se \u00e0 vontade para entrar em contato com nossa equipe de suporte. Nossos consultores ter\u00e3o prazer em resolver todas as dificuldades que voc\u00ea possa ter com o plugin. <\/p> <div class=\"faq\" data-component=\"FAQ\"><div class=\"faq-item\">\r\n\t\t\t\t\t<div class=\"faq-item-question\">\r\n\t\t\t\t\t\t<h3 class=\"faq-item-question-text\">Como posso adicionar um Job Board ao meu site Magento sem conhecimentos de codifica\u00e7\u00e3o?<\/h3>\r\n\r\n\t\t\t\t\t\t<div class=\"faq-item-question-icon\"><\/div>\r\n\t\t\t\t\t<\/div>\r\n\r\n\t\t\t\t\t<div class=\"faq-item-answer\">\r\n\t\t\t\t\t\t<div class=\"faq-item-answer-text\"> <p>A Elfsight fornece uma solu\u00e7\u00e3o SaaS que lhe permite criar voc\u00ea mesmo um widget de Job Board, veja como \u00e9 f\u00e1cil o processo \u00e9: Trabalhe diretamente no Editor online para criar um widget Job Board que voc\u00ea gostaria de ver em seu site Magento. Escolha um dos modelos predefinidos e ajuste as configura\u00e7\u00f5es do Job Board, adicione seu conte\u00fado, altere o layout e as cores sem habilidades de codifica\u00e7\u00e3o. Salve o Job Board e copie seu c\u00f3digo de instala\u00e7\u00e3o, que voc\u00ea pode incluir facilmente em seu site Magento sem comprar uma vers\u00e3o paga. Com nosso editor intuitivo, qualquer usu\u00e1rio da Internet pode criar um widget Job Board online e incorpor\u00e1-lo facilmente em seu site Magento. N\u00e3o h\u00e1 necessidade de pagar ou inserir as credenciais do seu cart\u00e3o para acessar o servi\u00e7o. Se voc\u00ea enfrentar qualquer problema em qualquer etapa, n\u00e3o hesite em entrar em contato com nossa equipe de suporte t\u00e9cnico.<\/p> <\/div>\r\n\t\t\t\t\t<\/div>\r\n\t\t\t\t<\/div> <\/div><\/div>\n\n\n<p><!-- wp:par\u00e1grafo --><\/p>\n<p><!-- \/wp:par\u00e1grafo --><\/p>","protected":false},"excerpt":{"rendered":"","protected":false},"author":9,"featured_media":0,"parent":1402,"menu_order":0,"comment_status":"closed","ping_status":"closed","template":"templates\/template-application-platform.php","meta":{"publish_to_discourse":"","publish_post_category":"","wpdc_auto_publish_overridden":"","wpdc_topic_tags":"","wpdc_pin_topic":"","wpdc_pin_until":"","discourse_post_id":"","discourse_permalink":"","wpdc_publishing_response":"","wpdc_publishing_error":"","footnotes":""},"class_list":["post-11225","page","type-page","status-publish","hentry"],"yoast_head":"<!-- This site is optimized with the Yoast SEO plugin v25.3.1 - https:\/\/yoast.com\/wordpress\/plugins\/seo\/ -->\n<title>Extens\u00e3o Magento Job Board - Adicionar vagas de emprego ao Magento (2025)<\/title>\n<meta name=\"description\" content=\"Adicione um plugin responsivo do Job Board ao seu site Magento e deixe funcion\u00e1rios em potencial sondarem as vagas de emprego!\" \/>\n<meta name=\"robots\" content=\"index, follow, max-snippet:-1, max-image-preview:large, max-video-preview:-1\" \/>\n<link rel=\"canonical\" href=\"https:\/\/elfsight.com\/pt\/job-board-widget\/magento\/\" \/>\n<meta property=\"og:locale\" content=\"pt_PT\" \/>\n<meta property=\"og:type\" content=\"article\" \/>\n<meta property=\"og:title\" content=\"Extens\u00e3o Magento Job Board - Adicionar vagas de emprego ao Magento (2025)\" \/>\n<meta property=\"og:description\" content=\"Adicione um plugin responsivo do Job Board ao seu site Magento e deixe funcion\u00e1rios em potencial sondarem as vagas de emprego!\" \/>\n<meta property=\"og:url\" content=\"https:\/\/elfsight.com\/pt\/job-board-widget\/magento\/\" \/>\n<meta property=\"og:site_name\" content=\"Elfsight PT\" \/>\n<meta property=\"article:modified_time\" content=\"2025-03-06T11:08:52+00:00\" \/>\n<meta name=\"twitter:card\" content=\"summary_large_image\" \/>\n<meta name=\"twitter:label1\" content=\"Tempo estimado de leitura\" \/>\n\t<meta name=\"twitter:data1\" content=\"3 minutos\" \/>\n<!-- \/ Yoast SEO plugin. -->","yoast_head_json":{"title":"Extens\u00e3o Magento Job Board - Adicionar vagas de emprego ao Magento (2025)","description":"Adicione um plugin responsivo do Job Board ao seu site Magento e deixe funcion\u00e1rios em potencial sondarem as vagas de emprego!","robots":{"index":"index","follow":"follow","max-snippet":"max-snippet:-1","max-image-preview":"max-image-preview:large","max-video-preview":"max-video-preview:-1"},"canonical":"https:\/\/elfsight.com\/pt\/job-board-widget\/magento\/","og_locale":"pt_PT","og_type":"article","og_title":"Extens\u00e3o Magento Job Board - Adicionar vagas de emprego ao Magento (2025)","og_description":"Adicione um plugin responsivo do Job Board ao seu site Magento e deixe funcion\u00e1rios em potencial sondarem as vagas de emprego!","og_url":"https:\/\/elfsight.com\/pt\/job-board-widget\/magento\/","og_site_name":"Elfsight PT","article_modified_time":"2025-03-06T11:08:52+00:00","twitter_card":"summary_large_image","twitter_misc":{"Tempo estimado de leitura":"3 minutos"},"schema":{"@context":"https:\/\/schema.org","@graph":[{"@type":"WebPage","@id":"https:\/\/elfsight.com\/pt\/job-board-widget\/magento\/","url":"https:\/\/elfsight.com\/pt\/job-board-widget\/magento\/","name":"Extens\u00e3o Magento Job Board - Adicionar vagas de emprego ao Magento (2025)","isPartOf":{"@id":"https:\/\/elfsight.com\/pt\/#website"},"datePublished":"2024-05-03T06:40:09+00:00","dateModified":"2025-03-06T11:08:52+00:00","description":"Adicione um plugin responsivo do Job Board ao seu site Magento e deixe funcion\u00e1rios em potencial sondarem as vagas de emprego!","breadcrumb":{"@id":"https:\/\/elfsight.com\/pt\/job-board-widget\/magento\/#breadcrumb"},"inLanguage":"pt-PT","potentialAction":[{"@type":"ReadAction","target":["https:\/\/elfsight.com\/pt\/job-board-widget\/magento\/"]}]},{"@type":"BreadcrumbList","@id":"https:\/\/elfsight.com\/pt\/job-board-widget\/magento\/#breadcrumb","itemListElement":[{"@type":"ListItem","position":1,"name":"Home","item":"https:\/\/elfsight.com\/pt\/"},{"@type":"ListItem","position":2,"name":"Job Board","item":"https:\/\/elfsight.com\/pt\/job-board-widget\/"},{"@type":"ListItem","position":3,"name":"Job Board &#8211; Magento"}]},{"@type":"WebSite","@id":"https:\/\/elfsight.com\/pt\/#website","url":"https:\/\/elfsight.com\/pt\/","name":"Elfsight PT","description":"Just another Elfsight Sites site","potentialAction":[{"@type":"SearchAction","target":{"@type":"EntryPoint","urlTemplate":"https:\/\/elfsight.com\/pt\/?s={search_term_string}"},"query-input":{"@type":"PropertyValueSpecification","valueRequired":true,"valueName":"search_term_string"}}],"inLanguage":"pt-PT"}]}},"meta_box":{"industry":"","seo_heading":"","heading":"","description":"","cta_heading":"","cta_description":"","application":"1401","h1":"Extens\u00e3o do quadro de empregos Magento","h1_caption":"Publique vagas de emprego e receba curr\u00edculos de seus potenciais trabalhadores","application_category":[],"applications_title":"","applications_request_title":"","applications_request_button_text":"","hero_text":"","hero_video":"","hero_video_schema_markup":"","selling_points_title":"","selling_points_caption":"","selling_points":[],"selling_points_cta_text":"","features_title":"","features":"","ed_cta_examples_text":"","ed_cta_examples_hidden":"","ed_cta_demo_text":"","ed_cta_demo_hidden":"","why_caption":"","why_editor_title":"","why_editor_text":"","why_team_title":"","why_team_text":"","why_service_title":"","why_service_text":"","template_catalog_visible":"0","template_catalog_title":"","template_catalog_text":"","template_catalog_categories_visible":"","demo_title":"Crie sua extens\u00e3o do Job Board","demo_caption":"Configure seu Job Board e adicione-o ao seu site Magento gratuitamente!","default_faq_hidden":"","app_template_category":[],"platform":"58","template_public_id":"","codecanyon_url":"","codecanyon_item_id":"","codecanyon_price":"","pricing_caption":"","pricing_elfsight_apps_hide_column":"","pricing_elfsight_apps_url":"","pricing_codecanyon_price_caption":"","integration_category":[],"integration_request_title":"","integration_request_cta":"","integration_platform":"","integrations":[],"platform_category":[],"video_schema_markup":"","price":"a partir de US$ 0\/m\u00eas","trial":"","benefits":[{"text":"Ajuda de instala\u00e7\u00e3o gratuita"},{"text":"Suporte premium"},{"text":"Garantia de devolu\u00e7\u00e3o do dinheiro em 14 dias"},{"text":"Desenvolvimento cont\u00ednuo"}],"button_url":"#demo","button_target_blank":"0","button_nofollow":"0","attributes":[{"name":"Instala\u00e7\u00f5es","content":"10,000 - 100,000"},{"name":"Responsivo","content":"Sim"},{"name":"Navegadores compat\u00edveis","content":"Firefox, Safari, Opera, Chrome, Edge"}],"tags":[],"tags_disable_links":"0","hide_more_platforms":"0","video_object":"","demo_hide_cta":"0","demo_hide_cloud_options":"0","pricing_title":"","pricing":[{"pricing_icon":"platform","pricing_title":"Elfsight Apps","pricing_title_caption":"Software independente de plataforma","pricing_price":"a partir de US$ 0\/m\u00eas","pricing_price_caption":"comece com um plano gratuito","pricing_benefits":[{"text":"Dom\u00ednios ilimitados"},{"text":"Suporte r\u00e1pido"},{"text":"Suporte r\u00e1pido"},{"text":"Design flex\u00edvel"}],"pricing_button_text":"Adicionar ao site","pricing_button_url":"#demo"}],"related_apps_title":"","related_apps_hidden":"0","author":"","image":[],"title":"","job":"","social_networks":[]},"_links":{"self":[{"href":"https:\/\/elfsight.com\/pt\/wp-json\/wp\/v2\/pages\/11225","targetHints":{"allow":["GET"]}}],"collection":[{"href":"https:\/\/elfsight.com\/pt\/wp-json\/wp\/v2\/pages"}],"about":[{"href":"https:\/\/elfsight.com\/pt\/wp-json\/wp\/v2\/types\/page"}],"author":[{"embeddable":true,"href":"https:\/\/elfsight.com\/pt\/wp-json\/wp\/v2\/users\/9"}],"replies":[{"embeddable":true,"href":"https:\/\/elfsight.com\/pt\/wp-json\/wp\/v2\/comments?post=11225"}],"version-history":[{"count":2,"href":"https:\/\/elfsight.com\/pt\/wp-json\/wp\/v2\/pages\/11225\/revisions"}],"predecessor-version":[{"id":14434,"href":"https:\/\/elfsight.com\/pt\/wp-json\/wp\/v2\/pages\/11225\/revisions\/14434"}],"up":[{"embeddable":true,"href":"https:\/\/elfsight.com\/pt\/wp-json\/wp\/v2\/pages\/1402"}],"wp:attachment":[{"href":"https:\/\/elfsight.com\/pt\/wp-json\/wp\/v2\/media?parent=11225"}],"curies":[{"name":"wp","href":"https:\/\/api.w.org\/{rel}","templated":true}]}}