{"id":11220,"date":"2024-05-03T06:40:08","date_gmt":"2024-05-03T06:40:08","guid":{"rendered":"https:\/\/elfsight.com\/pt\/?page_id=11220"},"modified":"2025-03-06T11:10:00","modified_gmt":"2025-03-06T11:10:00","slug":"html","status":"publish","type":"page","link":"https:\/\/elfsight.com\/pt\/job-board-widget\/html\/","title":{"rendered":"Job Board &#8211; HTML"},"content":{"rendered":"\n<div class=\"application-platform-content-item-description application-platform-content-item\" id=\"description\" data-nav-section=\"description\"> <h2>Descri\u00e7\u00e3o<\/h2> <p>Nosso quadro de empregos para HTML \u00e9 um widget not\u00e1vel que oferece a oportunidade de publicar vagas em aberto e receber curr\u00edculos de candidatos em seu site da maneira mais acess\u00edvel. Com nossa nova ferramenta, voc\u00ea poder\u00e1 revelar informa\u00e7\u00f5es sobre sua empresa, postar informa\u00e7\u00f5es sobre vagas de emprego e coletar curr\u00edculos. O widget oferece a voc\u00ea a cria\u00e7\u00e3o de um cart\u00e3o de trabalho acompanhado por uma descri\u00e7\u00e3o detalhada e um bot\u00e3o Aplicar. Usar o Elfsight Job Board permite agilizar o processo de recrutamento e obter as respostas aos an\u00fancios de emprego no 1-2-3!. <\/p> <p><b>Crie rapidamente as descri\u00e7\u00f5es de cargos e bot\u00f5es de CTA mais atraentes para inspirar mais contrata\u00e7\u00f5es em potencial a cooperar com voc\u00ea.<\/b><\/p> <\/div> <div class=\"application-platform-content-item-features application-platform-content-item\" id=\"features\" data-nav-section=\"features\"> <h2>Estude a lista dos recursos mais importantes: <\/h2> <ul><li>Crie um link de inscri\u00e7\u00e3o para direcionar os usu\u00e1rios do site para a p\u00e1gina que coleta curr\u00edculos.<\/li><li>Apresente as vagas da maneira mais atraente<\/li><li>O n\u00famero de cart\u00f5es de trabalho que voc\u00ea pode adicionar \u00e9 ilimitado<\/li><li>Adicione v\u00e1rios detalhes sobre o trabalho: sal\u00e1rio, habilidades necess\u00e1rias e cargo.<\/li><li>Deixe as informa\u00e7\u00f5es de contato: o nome da sua empresa, localiza\u00e7\u00e3o e departamento<\/li><\/ul><p><a href=\"#demo\">Explore todos os recursos de personaliza\u00e7\u00e3o em uma demonstra\u00e7\u00e3o completa<\/a><\/p> <\/div> <div class=\"application-platform-content-item-installation application-platform-content-item\" id=\"installation\" data-nav-section=\"installation\"> <h2>Como posso adicionar um Job Board em meu site HTML? <\/h2> <p>Basta seguir os passos descritos abaixo para integrar a ferramenta. <\/p> <ol><li><b>Inicie nosso configurador gratuito e comece a criar seu widget personalizado. <\/b><br> Especifique a apar\u00eancia preferida e as caracter\u00edsticas funcionais da ferramenta e aplique as edi\u00e7\u00f5es. <\/li> <li><b>Receba o seu c\u00f3digo pessoal revelado no formul\u00e1rio especial nas aplica\u00e7\u00f5es Elfsight. <\/b><br> Logo ap\u00f3s a configura\u00e7\u00e3o da sua ferramenta pessoal, copie o c\u00f3digo pessoal na caixa que aparece e salve-o para uso posterior. <\/li> <li><b>Comece a usar o widget em seu site HTML. <\/b><br> Integre o c\u00f3digo salvo anteriormente em sua p\u00e1gina inicial e aplique as modifica\u00e7\u00f5es. <\/li> <li><b>Pronto! A incorpora\u00e7\u00e3o foi finalizada com sucesso. <\/b><br> Acesse seu site para verificar o desempenho do plugin. <\/li><\/ol> <p>Caso tenha d\u00favidas ou encontre algum problema, n\u00e3o hesite em recorrer \u00e0 nossa equipe de atendimento ao cliente. Nossos especialistas ter\u00e3o prazer em ajud\u00e1-lo com todas as d\u00favidas que voc\u00ea possa ter sobre o produto. <\/p> <div class=\"faq\" data-component=\"FAQ\"><div class=\"faq-item\">\r\n\t\t\t\t\t<div class=\"faq-item-question\">\r\n\t\t\t\t\t\t<h3 class=\"faq-item-question-text\">Existe uma maneira de adicionar um Job Board \u00e0 minha p\u00e1gina HTML sem conhecimentos de codifica\u00e7\u00e3o?<\/h3>\r\n\r\n\t\t\t\t\t\t<div class=\"faq-item-question-icon\"><\/div>\r\n\t\t\t\t\t<\/div>\r\n\r\n\t\t\t\t\t<div class=\"faq-item-answer\">\r\n\t\t\t\t\t\t<div class=\"faq-item-answer-text\"> <p>A Elfsight oferece uma solu\u00e7\u00e3o Cloud que permite aos utilizadores de uma sec\u00e7\u00e3o do Job Board, aprenda como o processo \u00e9 simples: Comece a trabalhar diretamente na demonstra\u00e7\u00e3o ao vivo para criar um plugin do Job Board que voc\u00ea gostaria de incorporar em sua p\u00e1gina HTML. Escolha um de nossos modelos pr\u00e9-fabricados e ajuste as configura\u00e7\u00f5es do Job Board, altere o layout e a cor dos elementos e atualize seu conte\u00fado, sem codifica\u00e7\u00e3o. Salve o Job Board e obtenha o c\u00f3digo de instala\u00e7\u00e3o do plugin, que pode ser facilmente inclu\u00eddo na p\u00e1gina HTML gratuitamente. Trabalhando em nosso editor intuitivo, qualquer usu\u00e1rio da Internet pode criar uma se\u00e7\u00e3o do Job Board e simplesmente col\u00e1-la na p\u00e1gina inicial HTML. Voc\u00ea n\u00e3o deve pagar ou inserir as credenciais do seu cart\u00e3o para entrar no servi\u00e7o Elfsight. Se voc\u00ea tiver qualquer tipo de problema, n\u00e3o hesite em entrar em contato com nossa equipe de suporte.<\/p> <\/div>\r\n\t\t\t\t\t<\/div>\r\n\t\t\t\t<\/div> <\/div><\/div><!-- \/wp:html - &gt; \/wp:html -->\n","protected":false},"excerpt":{"rendered":"","protected":false},"author":9,"featured_media":0,"parent":1402,"menu_order":0,"comment_status":"closed","ping_status":"closed","template":"templates\/template-application-platform.php","meta":{"publish_to_discourse":"","publish_post_category":"","wpdc_auto_publish_overridden":"","wpdc_topic_tags":"","wpdc_pin_topic":"","wpdc_pin_until":"","discourse_post_id":"","discourse_permalink":"","wpdc_publishing_response":"","wpdc_publishing_error":"","footnotes":""},"class_list":["post-11220","page","type-page","status-publish","hentry"],"yoast_head":"<!-- This site is optimized with the Yoast SEO plugin v25.3.1 - https:\/\/yoast.com\/wordpress\/plugins\/seo\/ -->\n<title>Widget HTML Job Board - Adicionar vagas de emprego ao HTML (2025)<\/title>\n<meta name=\"description\" content=\"Adicione um widget Job Board responsivo em seu site HTML e deixe seus funcion\u00e1rios em potencial sondarem as vagas em aberto!\" \/>\n<meta name=\"robots\" content=\"index, follow, max-snippet:-1, max-image-preview:large, max-video-preview:-1\" \/>\n<link rel=\"canonical\" href=\"https:\/\/elfsight.com\/pt\/job-board-widget\/html\/\" \/>\n<meta property=\"og:locale\" content=\"pt_PT\" \/>\n<meta property=\"og:type\" content=\"article\" \/>\n<meta property=\"og:title\" content=\"Widget HTML Job Board - Adicionar vagas de emprego ao HTML (2025)\" \/>\n<meta property=\"og:description\" content=\"Adicione um widget Job Board responsivo em seu site HTML e deixe seus funcion\u00e1rios em potencial sondarem as vagas em aberto!\" \/>\n<meta property=\"og:url\" content=\"https:\/\/elfsight.com\/pt\/job-board-widget\/html\/\" \/>\n<meta property=\"og:site_name\" content=\"Elfsight PT\" \/>\n<meta property=\"article:modified_time\" content=\"2025-03-06T11:10:00+00:00\" \/>\n<meta name=\"twitter:card\" content=\"summary_large_image\" \/>\n<meta name=\"twitter:label1\" content=\"Tempo estimado de leitura\" \/>\n\t<meta name=\"twitter:data1\" content=\"3 minutos\" \/>\n<!-- \/ Yoast SEO plugin. -->","yoast_head_json":{"title":"Widget HTML Job Board - Adicionar vagas de emprego ao HTML (2025)","description":"Adicione um widget Job Board responsivo em seu site HTML e deixe seus funcion\u00e1rios em potencial sondarem as vagas em aberto!","robots":{"index":"index","follow":"follow","max-snippet":"max-snippet:-1","max-image-preview":"max-image-preview:large","max-video-preview":"max-video-preview:-1"},"canonical":"https:\/\/elfsight.com\/pt\/job-board-widget\/html\/","og_locale":"pt_PT","og_type":"article","og_title":"Widget HTML Job Board - Adicionar vagas de emprego ao HTML (2025)","og_description":"Adicione um widget Job Board responsivo em seu site HTML e deixe seus funcion\u00e1rios em potencial sondarem as vagas em aberto!","og_url":"https:\/\/elfsight.com\/pt\/job-board-widget\/html\/","og_site_name":"Elfsight PT","article_modified_time":"2025-03-06T11:10:00+00:00","twitter_card":"summary_large_image","twitter_misc":{"Tempo estimado de leitura":"3 minutos"},"schema":{"@context":"https:\/\/schema.org","@graph":[{"@type":"WebPage","@id":"https:\/\/elfsight.com\/pt\/job-board-widget\/html\/","url":"https:\/\/elfsight.com\/pt\/job-board-widget\/html\/","name":"Widget HTML Job Board - Adicionar vagas de emprego ao HTML (2025)","isPartOf":{"@id":"https:\/\/elfsight.com\/pt\/#website"},"datePublished":"2024-05-03T06:40:08+00:00","dateModified":"2025-03-06T11:10:00+00:00","description":"Adicione um widget Job Board responsivo em seu site HTML e deixe seus funcion\u00e1rios em potencial sondarem as vagas em aberto!","breadcrumb":{"@id":"https:\/\/elfsight.com\/pt\/job-board-widget\/html\/#breadcrumb"},"inLanguage":"pt-PT","potentialAction":[{"@type":"ReadAction","target":["https:\/\/elfsight.com\/pt\/job-board-widget\/html\/"]}]},{"@type":"BreadcrumbList","@id":"https:\/\/elfsight.com\/pt\/job-board-widget\/html\/#breadcrumb","itemListElement":[{"@type":"ListItem","position":1,"name":"Home","item":"https:\/\/elfsight.com\/pt\/"},{"@type":"ListItem","position":2,"name":"Job Board","item":"https:\/\/elfsight.com\/pt\/job-board-widget\/"},{"@type":"ListItem","position":3,"name":"Job Board &#8211; HTML"}]},{"@type":"WebSite","@id":"https:\/\/elfsight.com\/pt\/#website","url":"https:\/\/elfsight.com\/pt\/","name":"Elfsight PT","description":"Just another Elfsight Sites site","potentialAction":[{"@type":"SearchAction","target":{"@type":"EntryPoint","urlTemplate":"https:\/\/elfsight.com\/pt\/?s={search_term_string}"},"query-input":{"@type":"PropertyValueSpecification","valueRequired":true,"valueName":"search_term_string"}}],"inLanguage":"pt-PT"}]}},"meta_box":{"industry":"","seo_heading":"","heading":"","description":"","cta_heading":"","cta_description":"","application":"1401","h1":"Widget do quadro de empregos HTML","h1_caption":"Publique an\u00fancios de vagas e obtenha curr\u00edculos de potenciais trabalhadores","application_category":[],"applications_title":"","applications_request_title":"","applications_request_button_text":"","hero_text":"","hero_video":"","hero_video_schema_markup":"","selling_points_title":"","selling_points_caption":"","selling_points":[],"selling_points_cta_text":"","features_title":"","features":"","ed_cta_examples_text":"","ed_cta_examples_hidden":"","ed_cta_demo_text":"","ed_cta_demo_hidden":"","why_caption":"","why_editor_title":"","why_editor_text":"","why_team_title":"","why_team_text":"","why_service_title":"","why_service_text":"","template_catalog_visible":"0","template_catalog_title":"","template_catalog_text":"","template_catalog_categories_visible":"","demo_title":"Crie seu widget do quadro de empregos","demo_caption":"Configure seu Job Board e adicione-o ao seu site HTML gratuitamente!","default_faq_hidden":"","app_template_category":[],"platform":"49","template_public_id":"","codecanyon_url":"","codecanyon_item_id":"","codecanyon_price":"","pricing_caption":"","pricing_elfsight_apps_hide_column":"","pricing_elfsight_apps_url":"","pricing_codecanyon_price_caption":"","integration_category":[],"integration_request_title":"","integration_request_cta":"","integration_platform":"","integrations":[],"platform_category":[],"video_schema_markup":"","price":"a partir de US$ 0\/m\u00eas","trial":"","benefits":[{"text":"Ajuda de instala\u00e7\u00e3o gratuita"},{"text":"Suporte ao cliente experiente"},{"text":"Garantia de reembolso de 14 dias"},{"text":"Desenvolvimento cont\u00ednuo"}],"button_url":"#demo","button_target_blank":"0","button_nofollow":"0","attributes":[{"name":"Instala\u00e7\u00f5es","content":"10,000 - 100,000"},{"name":"Responsivo","content":"Sim"},{"name":"Navegadores compat\u00edveis","content":"Firefox, Safari, Opera, Chrome, Edge"}],"tags":[],"tags_disable_links":"0","hide_more_platforms":"0","video_object":"","demo_hide_cta":"0","demo_hide_cloud_options":"0","pricing_title":"","pricing":[{"pricing_icon":"platform","pricing_title":"Elfsight Apps","pricing_title_caption":"Solu\u00e7\u00e3o multiplataforma adequada para qualquer site","pricing_price":"a partir de US$ 0\/m\u00eas","pricing_price_caption":"comece com um plano gratuito","pricing_benefits":[{"text":"Sites ilimitados"},{"text":"Suporte premium, pontual e bem documentado"},{"text":"Suporte premium, pontual e bem documentado"},{"text":"Design flex\u00edvel"}],"pricing_button_text":"Adicionar ao site","pricing_button_url":"#demo"}],"related_apps_title":"","related_apps_hidden":"0","author":"","image":[],"title":"","job":"","social_networks":[]},"_links":{"self":[{"href":"https:\/\/elfsight.com\/pt\/wp-json\/wp\/v2\/pages\/11220","targetHints":{"allow":["GET"]}}],"collection":[{"href":"https:\/\/elfsight.com\/pt\/wp-json\/wp\/v2\/pages"}],"about":[{"href":"https:\/\/elfsight.com\/pt\/wp-json\/wp\/v2\/types\/page"}],"author":[{"embeddable":true,"href":"https:\/\/elfsight.com\/pt\/wp-json\/wp\/v2\/users\/9"}],"replies":[{"embeddable":true,"href":"https:\/\/elfsight.com\/pt\/wp-json\/wp\/v2\/comments?post=11220"}],"version-history":[{"count":2,"href":"https:\/\/elfsight.com\/pt\/wp-json\/wp\/v2\/pages\/11220\/revisions"}],"predecessor-version":[{"id":14435,"href":"https:\/\/elfsight.com\/pt\/wp-json\/wp\/v2\/pages\/11220\/revisions\/14435"}],"up":[{"embeddable":true,"href":"https:\/\/elfsight.com\/pt\/wp-json\/wp\/v2\/pages\/1402"}],"wp:attachment":[{"href":"https:\/\/elfsight.com\/pt\/wp-json\/wp\/v2\/media?parent=11220"}],"curies":[{"name":"wp","href":"https:\/\/api.w.org\/{rel}","templated":true}]}}