{"id":11217,"date":"2024-05-03T06:40:05","date_gmt":"2024-05-03T06:40:05","guid":{"rendered":"https:\/\/elfsight.com\/pt\/?page_id=11217"},"modified":"2025-03-06T11:12:41","modified_gmt":"2025-03-06T11:12:41","slug":"shopify","status":"publish","type":"page","link":"https:\/\/elfsight.com\/pt\/job-board-widget\/shopify\/","title":{"rendered":"Job Board &#8211; Shopify"},"content":{"rendered":"\n<div class=\"application-platform-content-item-description application-platform-content-item\" id=\"description\" data-nav-section=\"description\"> <h2>Incorpore Job Board no Shopify com o widget Elfsight<\/h2> <p>Elfsight Job Board for Shopify \u00e9 uma ferramenta not\u00e1vel que lhe d\u00e1 uma oportunidade para publicar vagas de emprego e coletar curr\u00edculos de candidatos em seu site da maneira mais f\u00e1cil. Utilizando nosso novo widget, voc\u00ea poder\u00e1 divulgar seu neg\u00f3cio, publicar informa\u00e7\u00f5es sobre vagas em aberto e receber curr\u00edculos. O widget permite que voc\u00ea crie um cart\u00e3o de trabalho acompanhado por uma descri\u00e7\u00e3o detalhada e um bot\u00e3o Aplicar. A utiliza\u00e7\u00e3o do Elfsight Job Board permite-lhe facilitar o processo de recrutamento e obter as respostas \u00e0s ofertas de emprego com um clique. <\/p> <p><b>Crie rapidamente as vagas de emprego e frases de chamariz mais atraentes para motivar mais contrata\u00e7\u00f5es em potencial a trabalhar com voc\u00ea.<\/b><\/p> <\/div> <div class=\"application-platform-content-item-features  application-platform-content-item\" id=\"features \" data-nav-section=\"features \"> <h2>Aqui est\u00e3o os recursos b\u00e1sicos do aplicativo: <\/h2> <ul><li>Insira um link de inscri\u00e7\u00e3o para direcionar candidatos em potencial para a p\u00e1gina que coleta curr\u00edculos<\/li><li>Apresente as vagas da maneira mais fascinante forma<\/li><li>Adicione quantas vagas de emprego desejar<\/li><li>Adicione informa\u00e7\u00f5es sobre a vaga: habilidades necess\u00e1rias, sal\u00e1rio e cargo<\/li><li>Forne\u00e7a informa\u00e7\u00f5es sobre sua empresa: localiza\u00e7\u00e3o, departamento e seu nome<\/li><\/ul><p><a href=\"#demo\">Voc\u00ea pode descobrir todas as funcionalidades do aplicativo na demonstra\u00e7\u00e3o <\/a><\/p> <\/div> <div class=\"application-platform-content-item-installation application-platform-content-item\" id=\"installation\" data-nav-section=\"installation\"> <h2>Como posso incorporar um quadro de empregos ao meu site do Shopify? <\/h2> <p>Basta seguir algumas etapas apresentadas abaixo para come\u00e7ar a trabalhar com o aplicativo. <\/p> <ol><li><b>Use nossa demonstra\u00e7\u00e3o gratuita e comece a criar seu pr\u00f3prio aplicativo. <\/b><br> Especifique a apar\u00eancia e os aspectos selecionados do plugin e aplique as edi\u00e7\u00f5es. <\/li> <li><b>Receba o c\u00f3digo exclusivo revelado na janela dos aplicativos Elfsight. <\/b><br> Logo ap\u00f3s a cria\u00e7\u00e3o do seu widget pessoal, copie o c\u00f3digo exclusivo na janela que aparece e salve-o para uso futuro. <\/li> <li><b>Entre usando o aplicativo no seu site da Shopify. <\/b><br> Implemente o c\u00f3digo copiado anteriormente em sua p\u00e1gina web e salve os ajustes. <\/li> <li><b>A instala\u00e7\u00e3o foi realizada com sucesso. <\/b><br> Acesse sua p\u00e1gina para ver o funcionamento do aplicativo. <\/li><\/ol> <p>Se voc\u00ea enfrentar alguns obst\u00e1culos, sinta-se \u00e0 vontade para entrar em contato com nossa equipe de suporte. Nossos especialistas est\u00e3o ansiosos para ajud\u00e1-lo com todos os problemas que voc\u00ea possa ter com a ferramenta. <\/p> <div class=\"faq\" data-component=\"FAQ\"><div class=\"faq-item\">\r\n\t\t\t\t\t<div class=\"faq-item-question\">\r\n\t\t\t\t\t\t<h3 class=\"faq-item-question-text\">Como posso adicionar um quadro de empregos ao meu site Shopify sem conhecimentos de codifica\u00e7\u00e3o?<\/h3>\r\n\r\n\t\t\t\t\t\t<div class=\"faq-item-question-icon\"><\/div>\r\n\t\t\t\t\t<\/div>\r\n\r\n\t\t\t\t\t<div class=\"faq-item-answer\">\r\n\t\t\t\t\t\t<div class=\"faq-item-answer-text\"> <p>A Elfsight fornece uma solu\u00e7\u00e3o SaaS que permite criar voc\u00ea mesmo um widget de quadro de empregos. Veja como \u00e9 f\u00e1cil o processo \u00e9: Trabalhe diretamente no Editor online para criar um widget Job Board que voc\u00ea gostaria de ver em seu site do Shopify. Escolha um dos modelos predefinidos e ajuste as configura\u00e7\u00f5es do Job Board, adicione seu conte\u00fado, altere o layout e as cores sem nenhuma habilidade de codifica\u00e7\u00e3o. Salve o Job Board e copie seu c\u00f3digo de instala\u00e7\u00e3o, que voc\u00ea pode simplesmente colar no seu site do Shopify sem a necessidade de adquirir um plano pago. Com nosso editor intuitivo, qualquer usu\u00e1rio da Internet pode criar um widget Job Board on-line e incorpor\u00e1-lo facilmente ao site do Shopify. N\u00e3o h\u00e1 necessidade de pagar ou inserir as credenciais do seu cart\u00e3o para acessar o servi\u00e7o. Se voc\u00ea enfrentar qualquer problema em qualquer etapa, n\u00e3o hesite em entrar em contato com nossa equipe de suporte t\u00e9cnico.<\/p> <\/div>\r\n\t\t\t\t\t<\/div>\r\n\t\t\t\t<\/div> <\/div><\/div>\n","protected":false},"excerpt":{"rendered":"","protected":false},"author":9,"featured_media":0,"parent":1402,"menu_order":0,"comment_status":"closed","ping_status":"closed","template":"templates\/template-application-platform.php","meta":{"publish_to_discourse":"","publish_post_category":"","wpdc_auto_publish_overridden":"","wpdc_topic_tags":"","wpdc_pin_topic":"","wpdc_pin_until":"","discourse_post_id":"","discourse_permalink":"","wpdc_publishing_response":"","wpdc_publishing_error":"","footnotes":""},"class_list":["post-11217","page","type-page","status-publish","hentry"],"yoast_head":"<!-- This site is optimized with the Yoast SEO plugin v25.3.1 - https:\/\/yoast.com\/wordpress\/plugins\/seo\/ -->\n<title>Aplicativo Shopify Job Board - Adicionar vagas de emprego ao Shopify (2025)<\/title>\n<meta name=\"description\" content=\"Insira um aplicativo Job Board responsivo em seu site Shopify e deixe seus potenciais trabalhadores verem as vagas abertas!\" \/>\n<meta name=\"robots\" content=\"index, follow, max-snippet:-1, max-image-preview:large, max-video-preview:-1\" \/>\n<link rel=\"canonical\" href=\"https:\/\/elfsight.com\/pt\/job-board-widget\/shopify\/\" \/>\n<meta property=\"og:locale\" content=\"pt_PT\" \/>\n<meta property=\"og:type\" content=\"article\" \/>\n<meta property=\"og:title\" content=\"Aplicativo Shopify Job Board - Adicionar vagas de emprego ao Shopify (2025)\" \/>\n<meta property=\"og:description\" content=\"Insira um aplicativo Job Board responsivo em seu site Shopify e deixe seus potenciais trabalhadores verem as vagas abertas!\" \/>\n<meta property=\"og:url\" content=\"https:\/\/elfsight.com\/pt\/job-board-widget\/shopify\/\" \/>\n<meta property=\"og:site_name\" content=\"Elfsight PT\" \/>\n<meta property=\"article:modified_time\" content=\"2025-03-06T11:12:41+00:00\" \/>\n<meta name=\"twitter:card\" content=\"summary_large_image\" \/>\n<meta name=\"twitter:label1\" content=\"Tempo estimado de leitura\" \/>\n\t<meta name=\"twitter:data1\" content=\"3 minutos\" \/>\n<!-- \/ Yoast SEO plugin. -->","yoast_head_json":{"title":"Aplicativo Shopify Job Board - Adicionar vagas de emprego ao Shopify (2025)","description":"Insira um aplicativo Job Board responsivo em seu site Shopify e deixe seus potenciais trabalhadores verem as vagas abertas!","robots":{"index":"index","follow":"follow","max-snippet":"max-snippet:-1","max-image-preview":"max-image-preview:large","max-video-preview":"max-video-preview:-1"},"canonical":"https:\/\/elfsight.com\/pt\/job-board-widget\/shopify\/","og_locale":"pt_PT","og_type":"article","og_title":"Aplicativo Shopify Job Board - Adicionar vagas de emprego ao Shopify (2025)","og_description":"Insira um aplicativo Job Board responsivo em seu site Shopify e deixe seus potenciais trabalhadores verem as vagas abertas!","og_url":"https:\/\/elfsight.com\/pt\/job-board-widget\/shopify\/","og_site_name":"Elfsight PT","article_modified_time":"2025-03-06T11:12:41+00:00","twitter_card":"summary_large_image","twitter_misc":{"Tempo estimado de leitura":"3 minutos"},"schema":{"@context":"https:\/\/schema.org","@graph":[{"@type":"WebPage","@id":"https:\/\/elfsight.com\/pt\/job-board-widget\/shopify\/","url":"https:\/\/elfsight.com\/pt\/job-board-widget\/shopify\/","name":"Aplicativo Shopify Job Board - Adicionar vagas de emprego ao Shopify (2025)","isPartOf":{"@id":"https:\/\/elfsight.com\/pt\/#website"},"datePublished":"2024-05-03T06:40:05+00:00","dateModified":"2025-03-06T11:12:41+00:00","description":"Insira um aplicativo Job Board responsivo em seu site Shopify e deixe seus potenciais trabalhadores verem as vagas abertas!","breadcrumb":{"@id":"https:\/\/elfsight.com\/pt\/job-board-widget\/shopify\/#breadcrumb"},"inLanguage":"pt-PT","potentialAction":[{"@type":"ReadAction","target":["https:\/\/elfsight.com\/pt\/job-board-widget\/shopify\/"]}]},{"@type":"BreadcrumbList","@id":"https:\/\/elfsight.com\/pt\/job-board-widget\/shopify\/#breadcrumb","itemListElement":[{"@type":"ListItem","position":1,"name":"Home","item":"https:\/\/elfsight.com\/pt\/"},{"@type":"ListItem","position":2,"name":"Job Board","item":"https:\/\/elfsight.com\/pt\/job-board-widget\/"},{"@type":"ListItem","position":3,"name":"Job Board &#8211; Shopify"}]},{"@type":"WebSite","@id":"https:\/\/elfsight.com\/pt\/#website","url":"https:\/\/elfsight.com\/pt\/","name":"Elfsight PT","description":"Just another Elfsight Sites site","potentialAction":[{"@type":"SearchAction","target":{"@type":"EntryPoint","urlTemplate":"https:\/\/elfsight.com\/pt\/?s={search_term_string}"},"query-input":{"@type":"PropertyValueSpecification","valueRequired":true,"valueName":"search_term_string"}}],"inLanguage":"pt-PT"}]}},"meta_box":{"industry":"","seo_heading":"","heading":"","description":"","cta_heading":"","cta_description":"","application":"1401","h1":"Aplicativo Shopify Job Board","h1_caption":"Publique vagas abertas e obtenha curr\u00edculos de seus potenciais trabalhadores","application_category":[],"applications_title":"","applications_request_title":"","applications_request_button_text":"","hero_text":"","hero_video":"","hero_video_schema_markup":"","selling_points_title":"","selling_points_caption":"","selling_points":[],"selling_points_cta_text":"","features_title":"","features":"","ed_cta_examples_text":"","ed_cta_examples_hidden":"","ed_cta_demo_text":"","ed_cta_demo_hidden":"","why_caption":"","why_editor_title":"","why_editor_text":"","why_team_title":"","why_team_text":"","why_service_title":"","why_service_text":"","template_catalog_visible":"0","template_catalog_title":"","template_catalog_text":"","template_catalog_categories_visible":"","demo_title":"Crie seu aplicativo Job Board","demo_caption":"Configure seu Job Board e adicione-o ao seu site Shopify gratuitamente!","default_faq_hidden":"","app_template_category":[],"platform":"64","template_public_id":"","codecanyon_url":"","codecanyon_item_id":"","codecanyon_price":"","pricing_caption":"","pricing_elfsight_apps_hide_column":"","pricing_elfsight_apps_url":"","pricing_codecanyon_price_caption":"","integration_category":[],"integration_request_title":"","integration_request_cta":"","integration_platform":"","integrations":[],"platform_category":[],"video_schema_markup":"","price":"a partir de US$ 0\/m\u00eas","trial":"","benefits":[{"text":"Ajuda de instala\u00e7\u00e3o gratuita"},{"text":"Suporte ao cliente experiente"},{"text":"Garantia de reembolso de 14 dias"},{"text":"Atualizando constantemente"}],"button_url":"#demo","button_target_blank":"0","button_nofollow":"0","attributes":[{"name":"Instala\u00e7\u00f5es","content":"10,000 - 100,000"},{"name":"Responsivo","content":"Sim"},{"name":"Navegadores compat\u00edveis","content":"Firefox, Safari, Opera, Chrome, Edge"}],"tags":[],"tags_disable_links":"0","hide_more_platforms":"0","video_object":"","demo_hide_cta":"0","demo_hide_cloud_options":"0","pricing_title":"","pricing":[{"pricing_icon":"platform","pricing_title":"Elfsight Apps","pricing_title_caption":"Vers\u00e3o multiplataforma","pricing_price":"a partir de US$ 0\/m\u00eas","pricing_price_caption":"comece com um plano gratuito","pricing_benefits":[{"text":"Sites ilimitados"},{"text":"Suporte r\u00e1pido e pontual e bem documentado"},{"text":"Suporte r\u00e1pido e pontual e bem documentado"},{"text":"Design flex\u00edvel"}],"pricing_button_text":"Adicionar ao site","pricing_button_url":"#demo"}],"related_apps_title":"","related_apps_hidden":"0","author":"","image":[],"title":"","job":"","social_networks":[]},"_links":{"self":[{"href":"https:\/\/elfsight.com\/pt\/wp-json\/wp\/v2\/pages\/11217","targetHints":{"allow":["GET"]}}],"collection":[{"href":"https:\/\/elfsight.com\/pt\/wp-json\/wp\/v2\/pages"}],"about":[{"href":"https:\/\/elfsight.com\/pt\/wp-json\/wp\/v2\/types\/page"}],"author":[{"embeddable":true,"href":"https:\/\/elfsight.com\/pt\/wp-json\/wp\/v2\/users\/9"}],"replies":[{"embeddable":true,"href":"https:\/\/elfsight.com\/pt\/wp-json\/wp\/v2\/comments?post=11217"}],"version-history":[{"count":2,"href":"https:\/\/elfsight.com\/pt\/wp-json\/wp\/v2\/pages\/11217\/revisions"}],"predecessor-version":[{"id":14437,"href":"https:\/\/elfsight.com\/pt\/wp-json\/wp\/v2\/pages\/11217\/revisions\/14437"}],"up":[{"embeddable":true,"href":"https:\/\/elfsight.com\/pt\/wp-json\/wp\/v2\/pages\/1402"}],"wp:attachment":[{"href":"https:\/\/elfsight.com\/pt\/wp-json\/wp\/v2\/media?parent=11217"}],"curies":[{"name":"wp","href":"https:\/\/api.w.org\/{rel}","templated":true}]}}