{"id":11212,"date":"2024-05-03T06:40:04","date_gmt":"2024-05-03T06:40:04","guid":{"rendered":"https:\/\/elfsight.com\/pt\/?page_id=11212"},"modified":"2025-03-06T11:13:31","modified_gmt":"2025-03-06T11:13:31","slug":"squarespace","status":"publish","type":"page","link":"https:\/\/elfsight.com\/pt\/job-board-widget\/squarespace\/","title":{"rendered":"Job Board &#8211; Squarespace"},"content":{"rendered":"\n<div class=\"application-platform-content-item-description application-platform-content-item\" id=\"description\" data-nav-section=\"description\"> <h2>Incorpore Job Board no Squarespace com o widget Elfsight<\/h2> <p>Elfsight Job Board for Squarespace \u00e9 um plugin impressionante que permite revelar abra vagas e obtenha curr\u00edculos de candidatos em seu site da maneira mais f\u00e1cil. Por meio da nossa nova ferramenta, voc\u00ea poder\u00e1 revelar informa\u00e7\u00f5es sobre sua empresa, publicar informa\u00e7\u00f5es sobre vagas de emprego e obter curr\u00edculos. O widget permite que voc\u00ea crie um cart\u00e3o de trabalho acompanhado por uma descri\u00e7\u00e3o detalhada e um bot\u00e3o Aplicar. Usar o Elfsight Job Board permite simplificar o processo de recrutamento e obter respostas aos an\u00fancios de emprego com um clique. <\/p> <p><b>Crie rapidamente as vagas de emprego e bot\u00f5es de CTA mais atraentes para inspirar mais contrata\u00e7\u00f5es poss\u00edveis a cooperar com voc\u00ea.<\/b><\/p> <\/div> <div class=\"application-platform-content-item-features application-platform-content-item\" id=\"features\" data-nav-section=\"features\"> <h2>O widget oferece recursos pr\u00e1ticos e descomplicados, confira alguns deles: <\/h2> <ul><li>Crie um link de inscri\u00e7\u00e3o para direcionar os usu\u00e1rios do site para a p\u00e1gina que coleta curr\u00edculos<\/li><li>Mostre as ofertas de emprego em da maneira mais detalhada<\/li><li>Adicione quantas vagas desejar<\/li><li>Adicione informa\u00e7\u00f5es sobre a vaga: sal\u00e1rio, cargo e habilidades exigidas<\/li><li>Forne\u00e7a informa\u00e7\u00f5es sobre sua empresa: departamento, nome e localiza\u00e7\u00e3o<\/li><\/ul><p><a href=\"#demo\">Basta verificar esta demonstra\u00e7\u00e3o para entender a funcionalidade do plugin<\/a><\/p> <\/div> <div class=\"application-platform-content-item-installation application-platform-content-item\" id=\"installation\" data-nav-section=\"installation\"> <h2>Como adicionar um quadro de empregos \u00e0 minha p\u00e1gina do Squarespace? <\/h2> <p>Basta seguir estas etapas descritas abaixo para come\u00e7ar a usar o plugin. <\/p> <ol><li><b>Utilize nosso configurador gratuito e comece a criar seu plugin personalizado. <\/b><br> Especifique a apar\u00eancia selecionada e as caracter\u00edsticas funcionais da ferramenta e aplique as modifica\u00e7\u00f5es. <\/li> <li><b>Adquira o c\u00f3digo individual exposto na janela dos aplicativos Elfsight. <\/b><br> Assim que a configura\u00e7\u00e3o do seu widget for conclu\u00edda, copie o c\u00f3digo exclusivo da caixa exibida e guarde-o para futuras ocasi\u00f5es. <\/li> <li><b>Comece a aplicar a ferramenta em seu site Squarespace. <\/b><br> Insira o c\u00f3digo salvo anteriormente em sua p\u00e1gina web e salve os ajustes. <\/li> <li><b>Pronto! A configura\u00e7\u00e3o foi realizada com sucesso. <\/b><br> V\u00e1 at\u00e9 sua p\u00e1gina para ver o desempenho do plugin. <\/li><\/ol> <p>Caso tenha d\u00favidas ou encontre alguma dificuldade, n\u00e3o hesite em entrar em contato com nossa equipe de atendimento ao cliente. Nosso pessoal ter\u00e1 prazer em ajud\u00e1-lo com todas as dificuldades que voc\u00ea possa ter com o plugin. <\/p> <div class=\"faq\" data-component=\"FAQ\"><div class=\"faq-item\">\r\n\t\t\t\t\t<div class=\"faq-item-question\">\r\n\t\t\t\t\t\t<h3 class=\"faq-item-question-text\">Como posso adicionar um Job Board ao meu site Squarespace sem habilidades de codifica\u00e7\u00e3o?<\/h3>\r\n\r\n\t\t\t\t\t\t<div class=\"faq-item-question-icon\"><\/div>\r\n\t\t\t\t\t<\/div>\r\n\r\n\t\t\t\t\t<div class=\"faq-item-answer\">\r\n\t\t\t\t\t\t<div class=\"faq-item-answer-text\"> <p>A Elfsight fornece uma solu\u00e7\u00e3o SaaS que permite que voc\u00ea mesmo crie um widget Job Board, veja como \u00e9 f\u00e1cil o processo \u00e9: Trabalhe diretamente no Editor on-line para criar um widget do Job Board que voc\u00ea gostaria de ver no seu site do Squarespace. Escolha um dos modelos predefinidos e ajuste as configura\u00e7\u00f5es do Job Board, adicione seu conte\u00fado, altere o layout e as cores sem nenhuma habilidade de codifica\u00e7\u00e3o. Salve o Job Board e copie seu c\u00f3digo de instala\u00e7\u00e3o, que voc\u00ea pode incluir facilmente em seu site do Squarespace, sem a necessidade de adquirir um plano pago. Com nosso editor intuitivo, qualquer usu\u00e1rio da Internet pode criar um widget Job Board on-line e incorpor\u00e1-lo facilmente ao site do Squarespace. N\u00e3o h\u00e1 necessidade de pagar ou inserir as credenciais do seu cart\u00e3o para acessar o servi\u00e7o. Se voc\u00ea enfrentar qualquer problema em qualquer etapa, n\u00e3o hesite em entrar em contato com nossa equipe de suporte t\u00e9cnico.<\/p> <\/div>\r\n\t\t\t\t\t<\/div>\r\n\t\t\t\t<\/div> <\/div><\/div>\n","protected":false},"excerpt":{"rendered":"","protected":false},"author":9,"featured_media":0,"parent":1402,"menu_order":0,"comment_status":"closed","ping_status":"closed","template":"templates\/template-application-platform.php","meta":{"publish_to_discourse":"","publish_post_category":"","wpdc_auto_publish_overridden":"","wpdc_topic_tags":"","wpdc_pin_topic":"","wpdc_pin_until":"","discourse_post_id":"","discourse_permalink":"","wpdc_publishing_response":"","wpdc_publishing_error":"","footnotes":""},"class_list":["post-11212","page","type-page","status-publish","hentry"],"yoast_head":"<!-- This site is optimized with the Yoast SEO plugin v25.3.1 - https:\/\/yoast.com\/wordpress\/plugins\/seo\/ -->\n<title>Squarespace Job Board - Adicionar vagas de emprego ao Squarespace (2025)<\/title>\n<meta name=\"description\" content=\"Adicione um plugin responsivo do Job Board ao seu site do Squarespace e deixe seus funcion\u00e1rios em potencial explorarem as vagas em aberto!\" \/>\n<meta name=\"robots\" content=\"index, follow, max-snippet:-1, max-image-preview:large, max-video-preview:-1\" \/>\n<link rel=\"canonical\" href=\"https:\/\/elfsight.com\/pt\/job-board-widget\/squarespace\/\" \/>\n<meta property=\"og:locale\" content=\"pt_PT\" \/>\n<meta property=\"og:type\" content=\"article\" \/>\n<meta property=\"og:title\" content=\"Squarespace Job Board - Adicionar vagas de emprego ao Squarespace (2025)\" \/>\n<meta property=\"og:description\" content=\"Adicione um plugin responsivo do Job Board ao seu site do Squarespace e deixe seus funcion\u00e1rios em potencial explorarem as vagas em aberto!\" \/>\n<meta property=\"og:url\" content=\"https:\/\/elfsight.com\/pt\/job-board-widget\/squarespace\/\" \/>\n<meta property=\"og:site_name\" content=\"Elfsight PT\" \/>\n<meta property=\"article:modified_time\" content=\"2025-03-06T11:13:31+00:00\" \/>\n<meta name=\"twitter:card\" content=\"summary_large_image\" \/>\n<meta name=\"twitter:label1\" content=\"Tempo estimado de leitura\" \/>\n\t<meta name=\"twitter:data1\" content=\"3 minutos\" \/>\n<!-- \/ Yoast SEO plugin. -->","yoast_head_json":{"title":"Squarespace Job Board - Adicionar vagas de emprego ao Squarespace (2025)","description":"Adicione um plugin responsivo do Job Board ao seu site do Squarespace e deixe seus funcion\u00e1rios em potencial explorarem as vagas em aberto!","robots":{"index":"index","follow":"follow","max-snippet":"max-snippet:-1","max-image-preview":"max-image-preview:large","max-video-preview":"max-video-preview:-1"},"canonical":"https:\/\/elfsight.com\/pt\/job-board-widget\/squarespace\/","og_locale":"pt_PT","og_type":"article","og_title":"Squarespace Job Board - Adicionar vagas de emprego ao Squarespace (2025)","og_description":"Adicione um plugin responsivo do Job Board ao seu site do Squarespace e deixe seus funcion\u00e1rios em potencial explorarem as vagas em aberto!","og_url":"https:\/\/elfsight.com\/pt\/job-board-widget\/squarespace\/","og_site_name":"Elfsight PT","article_modified_time":"2025-03-06T11:13:31+00:00","twitter_card":"summary_large_image","twitter_misc":{"Tempo estimado de leitura":"3 minutos"},"schema":{"@context":"https:\/\/schema.org","@graph":[{"@type":"WebPage","@id":"https:\/\/elfsight.com\/pt\/job-board-widget\/squarespace\/","url":"https:\/\/elfsight.com\/pt\/job-board-widget\/squarespace\/","name":"Squarespace Job Board - Adicionar vagas de emprego ao Squarespace (2025)","isPartOf":{"@id":"https:\/\/elfsight.com\/pt\/#website"},"datePublished":"2024-05-03T06:40:04+00:00","dateModified":"2025-03-06T11:13:31+00:00","description":"Adicione um plugin responsivo do Job Board ao seu site do Squarespace e deixe seus funcion\u00e1rios em potencial explorarem as vagas em aberto!","breadcrumb":{"@id":"https:\/\/elfsight.com\/pt\/job-board-widget\/squarespace\/#breadcrumb"},"inLanguage":"pt-PT","potentialAction":[{"@type":"ReadAction","target":["https:\/\/elfsight.com\/pt\/job-board-widget\/squarespace\/"]}]},{"@type":"BreadcrumbList","@id":"https:\/\/elfsight.com\/pt\/job-board-widget\/squarespace\/#breadcrumb","itemListElement":[{"@type":"ListItem","position":1,"name":"Home","item":"https:\/\/elfsight.com\/pt\/"},{"@type":"ListItem","position":2,"name":"Job Board","item":"https:\/\/elfsight.com\/pt\/job-board-widget\/"},{"@type":"ListItem","position":3,"name":"Job Board &#8211; Squarespace"}]},{"@type":"WebSite","@id":"https:\/\/elfsight.com\/pt\/#website","url":"https:\/\/elfsight.com\/pt\/","name":"Elfsight PT","description":"Just another Elfsight Sites site","potentialAction":[{"@type":"SearchAction","target":{"@type":"EntryPoint","urlTemplate":"https:\/\/elfsight.com\/pt\/?s={search_term_string}"},"query-input":{"@type":"PropertyValueSpecification","valueRequired":true,"valueName":"search_term_string"}}],"inLanguage":"pt-PT"}]}},"meta_box":{"industry":"","seo_heading":"","heading":"","description":"","cta_heading":"","cta_description":"","application":"1401","h1":"Plug-in do Squarespace Job Board","h1_caption":"Publique vagas abertas e colete curr\u00edculos de poss\u00edveis funcion\u00e1rios","application_category":[],"applications_title":"","applications_request_title":"","applications_request_button_text":"","hero_text":"","hero_video":"","hero_video_schema_markup":"","selling_points_title":"","selling_points_caption":"","selling_points":[],"selling_points_cta_text":"","features_title":"","features":"","ed_cta_examples_text":"","ed_cta_examples_hidden":"","ed_cta_demo_text":"","ed_cta_demo_hidden":"","why_caption":"","why_editor_title":"","why_editor_text":"","why_team_title":"","why_team_text":"","why_service_title":"","why_service_text":"","template_catalog_visible":"0","template_catalog_title":"","template_catalog_text":"","template_catalog_categories_visible":"","demo_title":"Crie seu plugin Job Board","demo_caption":"Configure seu quadro de empregos e adicione-o ao site do Squarespace gratuitamente!","default_faq_hidden":"","app_template_category":[],"platform":"67","template_public_id":"","codecanyon_url":"","codecanyon_item_id":"","codecanyon_price":"","pricing_caption":"","pricing_elfsight_apps_hide_column":"","pricing_elfsight_apps_url":"","pricing_codecanyon_price_caption":"","integration_category":[],"integration_request_title":"","integration_request_cta":"","integration_platform":"","integrations":[],"platform_category":[],"video_schema_markup":"","price":"a partir de US$ 0\/m\u00eas","trial":"","benefits":[{"text":"Assist\u00eancia de instala\u00e7\u00e3o gratuita"},{"text":"Atendimento ao cliente profissional"},{"text":"Garantia de devolu\u00e7\u00e3o do dinheiro em 14 dias"},{"text":"Atualizando constantemente"}],"button_url":"#demo","button_target_blank":"0","button_nofollow":"0","attributes":[{"name":"Instala\u00e7\u00f5es","content":"10,000 - 100,000"},{"name":"Responsivo","content":"Sim"},{"name":"Navegadores compat\u00edveis","content":"Firefox, Safari, Opera, Chrome, Edge"}],"tags":[],"tags_disable_links":"0","hide_more_platforms":"0","video_object":"","demo_hide_cta":"0","demo_hide_cloud_options":"0","pricing_title":"","pricing":[{"pricing_icon":"platform","pricing_title":"Elfsight Apps","pricing_title_caption":"Software multiplataforma adequado para qualquer site","pricing_price":"a partir de US$ 0\/m\u00eas","pricing_price_caption":"comece com um plano gratuito","pricing_benefits":[{"text":"Sites ilimitados"},{"text":"Suporte profissional e pontual e bem documentado"},{"text":"Suporte profissional e pontual e bem documentado"},{"text":"Design flex\u00edvel"}],"pricing_button_text":"Adicionar ao site","pricing_button_url":"#demo"}],"related_apps_title":"","related_apps_hidden":"0","author":"","image":[],"title":"","job":"","social_networks":[]},"_links":{"self":[{"href":"https:\/\/elfsight.com\/pt\/wp-json\/wp\/v2\/pages\/11212","targetHints":{"allow":["GET"]}}],"collection":[{"href":"https:\/\/elfsight.com\/pt\/wp-json\/wp\/v2\/pages"}],"about":[{"href":"https:\/\/elfsight.com\/pt\/wp-json\/wp\/v2\/types\/page"}],"author":[{"embeddable":true,"href":"https:\/\/elfsight.com\/pt\/wp-json\/wp\/v2\/users\/9"}],"replies":[{"embeddable":true,"href":"https:\/\/elfsight.com\/pt\/wp-json\/wp\/v2\/comments?post=11212"}],"version-history":[{"count":2,"href":"https:\/\/elfsight.com\/pt\/wp-json\/wp\/v2\/pages\/11212\/revisions"}],"predecessor-version":[{"id":14438,"href":"https:\/\/elfsight.com\/pt\/wp-json\/wp\/v2\/pages\/11212\/revisions\/14438"}],"up":[{"embeddable":true,"href":"https:\/\/elfsight.com\/pt\/wp-json\/wp\/v2\/pages\/1402"}],"wp:attachment":[{"href":"https:\/\/elfsight.com\/pt\/wp-json\/wp\/v2\/media?parent=11212"}],"curies":[{"name":"wp","href":"https:\/\/api.w.org\/{rel}","templated":true}]}}