{"id":11211,"date":"2024-05-03T06:40:03","date_gmt":"2024-05-03T06:40:03","guid":{"rendered":"https:\/\/elfsight.com\/pt\/?page_id=11211"},"modified":"2024-11-12T15:52:22","modified_gmt":"2024-11-12T15:52:22","slug":"webflow","status":"publish","type":"page","link":"https:\/\/elfsight.com\/pt\/job-board-widget\/webflow\/","title":{"rendered":"Job Board &#8211; Webflow"},"content":{"rendered":"<div class=\"application-platform-content-item-description application-platform-content-item\" id=\"description\" data-nav-section=\"description\"> <h2>Incorpore o Job Board no Webflow com o widget Elfsight<\/h2> <p>O Job Board for Webflow \u00e9 um widget not\u00e1vel que permite postar abra vagas e colete curr\u00edculos de candidatos em seu site da forma mais acess\u00edvel. Aplicando nossa nova ferramenta, voc\u00ea poder\u00e1 divulgar seu neg\u00f3cio, publicar informa\u00e7\u00f5es sobre vagas em aberto e obter curr\u00edculos. O widget permite que voc\u00ea crie um cart\u00e3o de trabalho com uma descri\u00e7\u00e3o precisa e um bot\u00e3o Aplicar. A utiliza\u00e7\u00e3o do Elfsight Job Board permite-lhe simplificar o processo de recrutamento e obter as respostas \u00e0s ofertas de emprego com apenas alguns cliques. <\/p> <p><b>Crie rapidamente as vagas de emprego e bot\u00f5es de CTA mais atraentes para atrair mais contrata\u00e7\u00f5es em potencial para cooperar com voc\u00ea.<\/b><\/p> <\/div> <div class=\"application-platform-content-item-features application-platform-content-item\" id=\"features\" data-nav-section=\"features\"> <h2>Estes s\u00e3o apenas alguns dos v\u00e1rios recursos do widget: <\/h2> <ul><li>Insira um link Candidatar-se para direcionar os usu\u00e1rios do site para a p\u00e1gina que coleta curr\u00edculos<\/li><li>Exibir as vagas abertas da forma mais fascinante caminho<\/li><li>O n\u00famero de vagas que voc\u00ea pode abrir \u00e9 ilimitado<\/li><li>Descreva a vaga em detalhes e informe sobre: \u200b\u200bhabilidades necess\u00e1rias, cargo e sal\u00e1rio<\/li><li>Deixar contato info: o nome da sua empresa, departamento e local<\/li><\/ul><p><a href=\"#demo\">Voc\u00ea pode explorar como o widget funciona com a ajuda da demonstra\u00e7\u00e3o<\/a><\/p> <\/div> <div class=\"application-platform-content-item-installation application-platform-content-item\" id=\"installation\" data-nav-section=\"installation\"> <h2>Como adiciono um Job Board ao meu site Webflow? <\/h2> <p>Basta seguir as instru\u00e7\u00f5es abaixo para integrar o widget. <\/p> <ol><li><b>Gerencie nosso configurador gratuito e comece a criar seu widget personalizado. <\/b><br> Especifique o design personalizado e as especifica\u00e7\u00f5es do plugin e aplique as modifica\u00e7\u00f5es. <\/li> <li><b>Copie o seu c\u00f3digo exclusivo que aparece na janela dos aplicativos Elfsight. <\/b><br> Logo ap\u00f3s a gera\u00e7\u00e3o do seu widget, copie o c\u00f3digo individual do pop-up exibido e guarde-o para uso posterior. <\/li> <li><b>Comece a usar a ferramenta em seu site Webflow. <\/b><br> Insira o c\u00f3digo que voc\u00ea copiou antes em sua p\u00e1gina inicial e aplique as edi\u00e7\u00f5es. <\/li> <li><b>Conclu\u00eddo! A incorpora\u00e7\u00e3o foi finalizada com sucesso. <\/b><br> Visite sua p\u00e1gina da web para inspecionar o desempenho da ferramenta. <\/li><\/ol> <p>Supondo que voc\u00ea tenha alguma complica\u00e7\u00e3o, n\u00e3o hesite em recorrer \u00e0 nossa equipe de suporte. Nosso pessoal est\u00e1 ansioso para ajud\u00e1-lo com todas as d\u00favidas que voc\u00ea possa ter sobre o widget. <\/p> <div class=\"faq\" data-component=\"FAQ\"><div class=\"faq-item\">\r\n\t\t\t\t\t<div class=\"faq-item-question\">\r\n\t\t\t\t\t\t<h3 class=\"faq-item-question-text\">Como posso adicionar um quadro de empregos ao meu site Webflow sem conhecimentos de codifica\u00e7\u00e3o?<\/h3>\r\n\r\n\t\t\t\t\t\t<div class=\"faq-item-question-icon\"><\/div>\r\n\t\t\t\t\t<\/div>\r\n\r\n\t\t\t\t\t<div class=\"faq-item-answer\">\r\n\t\t\t\t\t\t<div class=\"faq-item-answer-text\"> <p>A Elfsight fornece uma solu\u00e7\u00e3o SaaS que lhe permite criar voc\u00ea mesmo um widget de quadro de empregos. Veja como \u00e9 f\u00e1cil o processo \u00e9: Trabalhe diretamente no Editor online para criar um widget Job Board que voc\u00ea gostaria de ver em seu site Webflow. Escolha um dos modelos predefinidos e ajuste as configura\u00e7\u00f5es do Job Board, adicione seu conte\u00fado, altere o layout e as cores sem nenhuma habilidade de codifica\u00e7\u00e3o. Salve o Job Board e copie seu c\u00f3digo de instala\u00e7\u00e3o, para que voc\u00ea possa adicionar facilmente ao seu site Webflow sem comprar uma assinatura paga. Com nosso editor intuitivo, qualquer usu\u00e1rio da Internet pode criar um widget Job Board online e incorpor\u00e1-lo facilmente ao seu site Webflow. N\u00e3o h\u00e1 necessidade de pagar ou inserir as credenciais do seu cart\u00e3o para acessar o servi\u00e7o. Se voc\u00ea enfrentar qualquer problema em qualquer etapa, n\u00e3o hesite em entrar em contato com nossa equipe de suporte t\u00e9cnico.<\/p> <\/div>\r\n\t\t\t\t\t<\/div>\r\n\t\t\t\t<\/div> <\/div><\/div>","protected":false},"excerpt":{"rendered":"","protected":false},"author":9,"featured_media":0,"parent":1402,"menu_order":0,"comment_status":"closed","ping_status":"closed","template":"templates\/template-application-platform.php","meta":{"publish_to_discourse":"","publish_post_category":"","wpdc_auto_publish_overridden":"","wpdc_topic_tags":"","wpdc_pin_topic":"","wpdc_pin_until":"","discourse_post_id":"","discourse_permalink":"","wpdc_publishing_response":"","wpdc_publishing_error":"","footnotes":""},"class_list":["post-11211","page","type-page","status-publish","hentry"],"yoast_head":"<!-- This site is optimized with the Yoast SEO plugin v25.3.1 - https:\/\/yoast.com\/wordpress\/plugins\/seo\/ -->\n<title>Widget Webflow Job Board - Adicionar vagas de emprego ao BigCommerce (2025)<\/title>\n<meta name=\"description\" content=\"Incorpore um widget Job Board responsivo em seu site Webflow e deixe funcion\u00e1rios em potencial sondarem as vagas abertas!\" \/>\n<meta name=\"robots\" content=\"index, follow, max-snippet:-1, max-image-preview:large, max-video-preview:-1\" \/>\n<link rel=\"canonical\" href=\"https:\/\/elfsight.com\/pt\/job-board-widget\/webflow\/\" \/>\n<meta property=\"og:locale\" content=\"pt_PT\" \/>\n<meta property=\"og:type\" content=\"article\" \/>\n<meta property=\"og:title\" content=\"Widget Webflow Job Board - Adicionar vagas de emprego ao BigCommerce (2025)\" \/>\n<meta property=\"og:description\" content=\"Incorpore um widget Job Board responsivo em seu site Webflow e deixe funcion\u00e1rios em potencial sondarem as vagas abertas!\" \/>\n<meta property=\"og:url\" content=\"https:\/\/elfsight.com\/pt\/job-board-widget\/webflow\/\" \/>\n<meta property=\"og:site_name\" content=\"Elfsight PT\" \/>\n<meta property=\"article:modified_time\" content=\"2024-11-12T15:52:22+00:00\" \/>\n<meta name=\"twitter:card\" content=\"summary_large_image\" \/>\n<meta name=\"twitter:label1\" content=\"Tempo estimado de leitura\" \/>\n\t<meta name=\"twitter:data1\" content=\"3 minutos\" \/>\n<!-- \/ Yoast SEO plugin. -->","yoast_head_json":{"title":"Widget Webflow Job Board - Adicionar vagas de emprego ao BigCommerce (2025)","description":"Incorpore um widget Job Board responsivo em seu site Webflow e deixe funcion\u00e1rios em potencial sondarem as vagas abertas!","robots":{"index":"index","follow":"follow","max-snippet":"max-snippet:-1","max-image-preview":"max-image-preview:large","max-video-preview":"max-video-preview:-1"},"canonical":"https:\/\/elfsight.com\/pt\/job-board-widget\/webflow\/","og_locale":"pt_PT","og_type":"article","og_title":"Widget Webflow Job Board - Adicionar vagas de emprego ao BigCommerce (2025)","og_description":"Incorpore um widget Job Board responsivo em seu site Webflow e deixe funcion\u00e1rios em potencial sondarem as vagas abertas!","og_url":"https:\/\/elfsight.com\/pt\/job-board-widget\/webflow\/","og_site_name":"Elfsight PT","article_modified_time":"2024-11-12T15:52:22+00:00","twitter_card":"summary_large_image","twitter_misc":{"Tempo estimado de leitura":"3 minutos"},"schema":{"@context":"https:\/\/schema.org","@graph":[{"@type":"WebPage","@id":"https:\/\/elfsight.com\/pt\/job-board-widget\/webflow\/","url":"https:\/\/elfsight.com\/pt\/job-board-widget\/webflow\/","name":"Widget Webflow Job Board - Adicionar vagas de emprego ao BigCommerce (2025)","isPartOf":{"@id":"https:\/\/elfsight.com\/pt\/#website"},"datePublished":"2024-05-03T06:40:03+00:00","dateModified":"2024-11-12T15:52:22+00:00","description":"Incorpore um widget Job Board responsivo em seu site Webflow e deixe funcion\u00e1rios em potencial sondarem as vagas abertas!","breadcrumb":{"@id":"https:\/\/elfsight.com\/pt\/job-board-widget\/webflow\/#breadcrumb"},"inLanguage":"pt-PT","potentialAction":[{"@type":"ReadAction","target":["https:\/\/elfsight.com\/pt\/job-board-widget\/webflow\/"]}]},{"@type":"BreadcrumbList","@id":"https:\/\/elfsight.com\/pt\/job-board-widget\/webflow\/#breadcrumb","itemListElement":[{"@type":"ListItem","position":1,"name":"Home","item":"https:\/\/elfsight.com\/pt\/"},{"@type":"ListItem","position":2,"name":"Job Board","item":"https:\/\/elfsight.com\/pt\/job-board-widget\/"},{"@type":"ListItem","position":3,"name":"Job Board &#8211; Webflow"}]},{"@type":"WebSite","@id":"https:\/\/elfsight.com\/pt\/#website","url":"https:\/\/elfsight.com\/pt\/","name":"Elfsight PT","description":"Just another Elfsight Sites site","potentialAction":[{"@type":"SearchAction","target":{"@type":"EntryPoint","urlTemplate":"https:\/\/elfsight.com\/pt\/?s={search_term_string}"},"query-input":{"@type":"PropertyValueSpecification","valueRequired":true,"valueName":"search_term_string"}}],"inLanguage":"pt-PT"}]}},"meta_box":{"industry":"","seo_heading":"","heading":"","description":"","cta_heading":"","cta_description":"","application":"1401","h1":"Widget do quadro de empregos do Webflow","h1_caption":"Publique an\u00fancios de vagas e obtenha curr\u00edculos de seus potenciais trabalhadores","application_category":[],"applications_title":"","applications_request_title":"","applications_request_button_text":"","hero_text":"","hero_video":"","hero_video_schema_markup":"","selling_points_title":"","selling_points_caption":"","selling_points":[],"selling_points_cta_text":"","features_title":"","features":"","ed_cta_examples_text":"","ed_cta_examples_hidden":"","ed_cta_demo_text":"","ed_cta_demo_hidden":"","why_caption":"","why_editor_title":"","why_editor_text":"","why_team_title":"","why_team_text":"","why_service_title":"","why_service_text":"","template_catalog_visible":"","template_catalog_title":"","template_catalog_text":"","template_catalog_categories_visible":"","demo_title":"Crie seu widget do quadro de empregos","demo_caption":"Configure seu Job Board e adicione-o ao seu site Webflow gratuitamente!","default_faq_hidden":"","app_template_category":[],"platform":"70","template_public_id":"","codecanyon_url":"","codecanyon_item_id":"","codecanyon_price":"","pricing_caption":"","pricing_elfsight_apps_hide_column":"","pricing_elfsight_apps_url":"","pricing_codecanyon_price_caption":"","integration_category":[],"integration_request_title":"","integration_request_cta":"","integration_platform":"","integrations":[],"platform_category":[],"video_schema_markup":"","price":"a partir de US$ 0\/m\u00eas","trial":"","benefits":[{"text":"Servi\u00e7o de instala\u00e7\u00e3o gratuito"},{"text":"Atendimento ao cliente competente"},{"text":"Garantia de devolu\u00e7\u00e3o do dinheiro em 14 dias"},{"text":"Melhorias gratuitas cont\u00ednuas"}],"button_url":"#demo","button_target_blank":"","button_nofollow":"","attributes":[{"name":"Instala\u00e7\u00f5es","content":"10,000 - 100,000"},{"name":"Responsivo","content":"Sim"},{"name":"Navegadores compat\u00edveis","content":"Firefox, Safari, Opera, Chrome, Edge"}],"tags":[],"tags_disable_links":"","hide_more_platforms":"","video_object":"","demo_hide_cta":"","demo_hide_cloud_options":"","pricing_title":"","pricing":[{"pricing_icon":"platform","pricing_title":"Elfsight Apps","pricing_title_caption":"Vers\u00e3o independente de plataforma adequada para qualquer site","pricing_price":"a partir de US$ 0\/m\u00eas","pricing_price_caption":"comece com um plano gratuito","pricing_benefits":[{"text":"Sites ilimitados"},{"text":"Suporte ao cliente premium e bem documentado"},{"text":"Suporte ao cliente premium e bem documentado"},{"text":"100% personaliz\u00e1vel"}],"pricing_button_text":"Adicionar ao site","pricing_button_url":"#demo"}],"related_apps_title":"","related_apps_hidden":"","author":"","image":[],"title":"","job":"","social_networks":[]},"_links":{"self":[{"href":"https:\/\/elfsight.com\/pt\/wp-json\/wp\/v2\/pages\/11211","targetHints":{"allow":["GET"]}}],"collection":[{"href":"https:\/\/elfsight.com\/pt\/wp-json\/wp\/v2\/pages"}],"about":[{"href":"https:\/\/elfsight.com\/pt\/wp-json\/wp\/v2\/types\/page"}],"author":[{"embeddable":true,"href":"https:\/\/elfsight.com\/pt\/wp-json\/wp\/v2\/users\/9"}],"replies":[{"embeddable":true,"href":"https:\/\/elfsight.com\/pt\/wp-json\/wp\/v2\/comments?post=11211"}],"version-history":[{"count":1,"href":"https:\/\/elfsight.com\/pt\/wp-json\/wp\/v2\/pages\/11211\/revisions"}],"predecessor-version":[{"id":11215,"href":"https:\/\/elfsight.com\/pt\/wp-json\/wp\/v2\/pages\/11211\/revisions\/11215"}],"up":[{"embeddable":true,"href":"https:\/\/elfsight.com\/pt\/wp-json\/wp\/v2\/pages\/1402"}],"wp:attachment":[{"href":"https:\/\/elfsight.com\/pt\/wp-json\/wp\/v2\/media?parent=11211"}],"curies":[{"name":"wp","href":"https:\/\/api.w.org\/{rel}","templated":true}]}}