{"id":11209,"date":"2024-05-03T06:40:01","date_gmt":"2024-05-03T06:40:01","guid":{"rendered":"https:\/\/elfsight.com\/pt\/?page_id=11209"},"modified":"2025-03-06T11:16:10","modified_gmt":"2025-03-06T11:16:10","slug":"weebly","status":"publish","type":"page","link":"https:\/\/elfsight.com\/pt\/job-board-widget\/weebly\/","title":{"rendered":"Job Board &#8211; Weebly"},"content":{"rendered":"\n<div class=\"application-platform-content-item-description application-platform-content-item\" id=\"description\" data-nav-section=\"description\"> <h2>Descri\u00e7\u00e3o<\/h2> <p>O Job Board do Weebly \u00e9 uma ferramenta not\u00e1vel que lhe d\u00e1 a oportunidade de revelar vagas de emprego e coletar curr\u00edculos de candidatos diretamente no seu site da maneira mais f\u00e1cil. Usando nosso novo widget, voc\u00ea poder\u00e1 apresentar sua empresa, publicar informa\u00e7\u00f5es sobre vagas de emprego e obter curr\u00edculos. O widget permite que voc\u00ea crie um cart\u00e3o de trabalho com uma descri\u00e7\u00e3o completa e um bot\u00e3o Aplicar. Contratar o Elfsight Job Board permite agilizar o processo de recrutamento e obter respostas \u00e0s ofertas de emprego com apenas alguns cliques. <\/p> <p><b>Crie rapidamente as descri\u00e7\u00f5es de cargos e frases de chamariz mais atraentes para atrair mais contrata\u00e7\u00f5es em potencial para cooperar com voc\u00ea.<\/b><\/p> <\/div> <div class=\"application-platform-content-item-features  application-platform-content-item\" id=\"features \" data-nav-section=\"features \"> <h2>O widget possui recursos poderosos e r\u00e1pidos, aqui est\u00e3o alguns deles: <\/h2> <ul><li>Adicione um link de inscri\u00e7\u00e3o para direcionar candidatos em potencial para a p\u00e1gina com curr\u00edculos<\/li><li>Mostrar an\u00fancios de emprego da maneira mais fascinante<\/li><li>Adicione quantas vagas desejar<\/li><li>Descreva o trabalho detalhadamente e informe sobre: \u200b\u200bsal\u00e1rio, cargo e habilidades exigidas<\/li><li>Deixe informa\u00e7\u00f5es de contato: o nome da sua empresa, departamento e localiza\u00e7\u00e3o<\/li><\/ul><p><a href=\"#demo\">Voc\u00ea pode descobrir todos os recursos do widget na demonstra\u00e7\u00e3o <\/a><\/p> <\/div> <div class=\"application-platform-content-item-installation application-platform-content-item\" id=\"installation\" data-nav-section=\"installation\"> <h2>Como adiciono um Job Board ao meu site do Weebly? <\/h2> <p>Basta seguir as etapas descritas abaixo para come\u00e7ar a trabalhar com o aplicativo. <\/p> <ol><li><b>Realize nossa demonstra\u00e7\u00e3o gratuita e comece a criar seu aplicativo personalizado. <\/b><br> Especifique o layout e as caracter\u00edsticas desej\u00e1veis \u200b\u200bda ferramenta e aplique as modifica\u00e7\u00f5es. <\/li> <li><b>Receba o c\u00f3digo individual revelado no formul\u00e1rio especial nas aplica\u00e7\u00f5es Elfsight. <\/b><br> Ap\u00f3s a conclus\u00e3o da gera\u00e7\u00e3o do seu plugin, copie o c\u00f3digo exclusivo do pop-up que aparece e salve-o para uso futuro. <\/li> <li><b>Inicie a utiliza\u00e7\u00e3o do widget em seu site do Weebly. <\/b><br> Integre o c\u00f3digo copiado anteriormente em seu site e aplique as corre\u00e7\u00f5es. <\/li> <li><b>Pronto! A incorpora\u00e7\u00e3o est\u00e1 totalmente conclu\u00edda. <\/b><br> Acesse seu site para examinar como a ferramenta funciona. <\/li><\/ol> <p>Na condi\u00e7\u00e3o de enfrentar d\u00favidas ou encontrar alguns problemas, n\u00e3o tenha medo de procurar ajuda de nossa equipe de suporte. Nossos consultores ficar\u00e3o entusiasmados em resolver todas as dificuldades que voc\u00ea possa ter com o plugin. <\/p> <div class=\"faq\" data-component=\"FAQ\"><div class=\"faq-item\">\r\n\t\t\t\t\t<div class=\"faq-item-question\">\r\n\t\t\t\t\t\t<h3 class=\"faq-item-question-text\">Como incorporar um Job Board na minha p\u00e1gina inicial do Weebly sem conhecimento de codifica\u00e7\u00e3o?<\/h3>\r\n\r\n\t\t\t\t\t\t<div class=\"faq-item-question-icon\"><\/div>\r\n\t\t\t\t\t<\/div>\r\n\r\n\t\t\t\t\t<div class=\"faq-item-answer\">\r\n\t\t\t\t\t\t<div class=\"faq-item-answer-text\"> <p>A empresa Elfsight oferece uma solu\u00e7\u00e3o que permite aos usu\u00e1rios gerarem um plugin do Job Board por conta pr\u00f3pria, veja como \u00e9 f\u00e1cil \u00e9: V\u00e1 para a demonstra\u00e7\u00e3o ao vivo para estabelecer um widget do Job Board que voc\u00ea gostaria de incorporar no site do Weebly. Clique em um dos muitos modelos pr\u00e9-concebidos e altere as configura\u00e7\u00f5es do Job Board, inclua seu conte\u00fado, transforme o layout e a cor dos elementos sem experi\u00eancia em codifica\u00e7\u00e3o. Clique para salvar o Job Board e obter o c\u00f3digo de instala\u00e7\u00e3o, que voc\u00ea pode colar facilmente na p\u00e1gina inicial do Weebly gratuitamente. Trabalhando em nosso configurador intuitivo, qualquer usu\u00e1rio da Internet pode criar um plugin Job Board e incorpor\u00e1-lo facilmente no site do Weebly. N\u00e3o h\u00e1 necessidade de fazer assinatura paga ou enviar os dados do seu cart\u00e3o para acessar o Editor. Se voc\u00ea enfrentar qualquer problema em qualquer etapa, entre em contato com nossa equipe de suporte.<\/p> <\/div>\r\n\t\t\t\t\t<\/div>\r\n\t\t\t\t<\/div> <\/div><\/div>\n","protected":false},"excerpt":{"rendered":"","protected":false},"author":9,"featured_media":0,"parent":1402,"menu_order":0,"comment_status":"closed","ping_status":"closed","template":"templates\/template-application-platform.php","meta":{"publish_to_discourse":"","publish_post_category":"","wpdc_auto_publish_overridden":"","wpdc_topic_tags":"","wpdc_pin_topic":"","wpdc_pin_until":"","discourse_post_id":"","discourse_permalink":"","wpdc_publishing_response":"","wpdc_publishing_error":"","footnotes":""},"class_list":["post-11209","page","type-page","status-publish","hentry"],"yoast_head":"<!-- This site is optimized with the Yoast SEO plugin v25.3.1 - https:\/\/yoast.com\/wordpress\/plugins\/seo\/ -->\n<title>Aplicativo Weebly Job Board - Adicionar vagas de emprego ao Weebly (2025)<\/title>\n<meta name=\"description\" content=\"Adicione um aplicativo Job Board responsivo ao seu site do Weebly e deixe seus funcion\u00e1rios em potencial explorarem as vagas em aberto!\" \/>\n<meta name=\"robots\" content=\"index, follow, max-snippet:-1, max-image-preview:large, max-video-preview:-1\" \/>\n<link rel=\"canonical\" href=\"https:\/\/elfsight.com\/pt\/job-board-widget\/weebly\/\" \/>\n<meta property=\"og:locale\" content=\"pt_PT\" \/>\n<meta property=\"og:type\" content=\"article\" \/>\n<meta property=\"og:title\" content=\"Aplicativo Weebly Job Board - Adicionar vagas de emprego ao Weebly (2025)\" \/>\n<meta property=\"og:description\" content=\"Adicione um aplicativo Job Board responsivo ao seu site do Weebly e deixe seus funcion\u00e1rios em potencial explorarem as vagas em aberto!\" \/>\n<meta property=\"og:url\" content=\"https:\/\/elfsight.com\/pt\/job-board-widget\/weebly\/\" \/>\n<meta property=\"og:site_name\" content=\"Elfsight PT\" \/>\n<meta property=\"article:modified_time\" content=\"2025-03-06T11:16:10+00:00\" \/>\n<meta name=\"twitter:card\" content=\"summary_large_image\" \/>\n<meta name=\"twitter:label1\" content=\"Tempo estimado de leitura\" \/>\n\t<meta name=\"twitter:data1\" content=\"3 minutos\" \/>\n<!-- \/ Yoast SEO plugin. -->","yoast_head_json":{"title":"Aplicativo Weebly Job Board - Adicionar vagas de emprego ao Weebly (2025)","description":"Adicione um aplicativo Job Board responsivo ao seu site do Weebly e deixe seus funcion\u00e1rios em potencial explorarem as vagas em aberto!","robots":{"index":"index","follow":"follow","max-snippet":"max-snippet:-1","max-image-preview":"max-image-preview:large","max-video-preview":"max-video-preview:-1"},"canonical":"https:\/\/elfsight.com\/pt\/job-board-widget\/weebly\/","og_locale":"pt_PT","og_type":"article","og_title":"Aplicativo Weebly Job Board - Adicionar vagas de emprego ao Weebly (2025)","og_description":"Adicione um aplicativo Job Board responsivo ao seu site do Weebly e deixe seus funcion\u00e1rios em potencial explorarem as vagas em aberto!","og_url":"https:\/\/elfsight.com\/pt\/job-board-widget\/weebly\/","og_site_name":"Elfsight PT","article_modified_time":"2025-03-06T11:16:10+00:00","twitter_card":"summary_large_image","twitter_misc":{"Tempo estimado de leitura":"3 minutos"},"schema":{"@context":"https:\/\/schema.org","@graph":[{"@type":"WebPage","@id":"https:\/\/elfsight.com\/pt\/job-board-widget\/weebly\/","url":"https:\/\/elfsight.com\/pt\/job-board-widget\/weebly\/","name":"Aplicativo Weebly Job Board - Adicionar vagas de emprego ao Weebly (2025)","isPartOf":{"@id":"https:\/\/elfsight.com\/pt\/#website"},"datePublished":"2024-05-03T06:40:01+00:00","dateModified":"2025-03-06T11:16:10+00:00","description":"Adicione um aplicativo Job Board responsivo ao seu site do Weebly e deixe seus funcion\u00e1rios em potencial explorarem as vagas em aberto!","breadcrumb":{"@id":"https:\/\/elfsight.com\/pt\/job-board-widget\/weebly\/#breadcrumb"},"inLanguage":"pt-PT","potentialAction":[{"@type":"ReadAction","target":["https:\/\/elfsight.com\/pt\/job-board-widget\/weebly\/"]}]},{"@type":"BreadcrumbList","@id":"https:\/\/elfsight.com\/pt\/job-board-widget\/weebly\/#breadcrumb","itemListElement":[{"@type":"ListItem","position":1,"name":"Home","item":"https:\/\/elfsight.com\/pt\/"},{"@type":"ListItem","position":2,"name":"Job Board","item":"https:\/\/elfsight.com\/pt\/job-board-widget\/"},{"@type":"ListItem","position":3,"name":"Job Board &#8211; Weebly"}]},{"@type":"WebSite","@id":"https:\/\/elfsight.com\/pt\/#website","url":"https:\/\/elfsight.com\/pt\/","name":"Elfsight PT","description":"Just another Elfsight Sites site","potentialAction":[{"@type":"SearchAction","target":{"@type":"EntryPoint","urlTemplate":"https:\/\/elfsight.com\/pt\/?s={search_term_string}"},"query-input":{"@type":"PropertyValueSpecification","valueRequired":true,"valueName":"search_term_string"}}],"inLanguage":"pt-PT"}]}},"meta_box":{"industry":"","seo_heading":"","heading":"","description":"","cta_heading":"","cta_description":"","application":"1401","h1":"Aplicativo Weebly Job Board","h1_caption":"Publique vagas abertas e obtenha curr\u00edculos de potenciais funcion\u00e1rios","application_category":[],"applications_title":"","applications_request_title":"","applications_request_button_text":"","hero_text":"","hero_video":"","hero_video_schema_markup":"","selling_points_title":"","selling_points_caption":"","selling_points":[],"selling_points_cta_text":"","features_title":"","features":"","ed_cta_examples_text":"","ed_cta_examples_hidden":"","ed_cta_demo_text":"","ed_cta_demo_hidden":"","why_caption":"","why_editor_title":"","why_editor_text":"","why_team_title":"","why_team_text":"","why_service_title":"","why_service_text":"","template_catalog_visible":"0","template_catalog_title":"","template_catalog_text":"","template_catalog_categories_visible":"","demo_title":"Crie seu aplicativo Job Board","demo_caption":"Configure seu quadro de empregos e adicione-o ao seu site do Weebly gratuitamente!","default_faq_hidden":"","app_template_category":[],"platform":"73","template_public_id":"","codecanyon_url":"","codecanyon_item_id":"","codecanyon_price":"","pricing_caption":"","pricing_elfsight_apps_hide_column":"","pricing_elfsight_apps_url":"","pricing_codecanyon_price_caption":"","integration_category":[],"integration_request_title":"","integration_request_cta":"","integration_platform":"","integrations":[],"platform_category":[],"video_schema_markup":"","price":"a partir de US$ 0\/m\u00eas","trial":"","benefits":[{"text":"Ajuda de instala\u00e7\u00e3o gratuita"},{"text":"Atendimento ao cliente profissional"},{"text":"Garantia de devolu\u00e7\u00e3o do dinheiro em 14 dias"},{"text":"Desenvolvimento cont\u00ednuo"}],"button_url":"#demo","button_target_blank":"0","button_nofollow":"0","attributes":[{"name":"Instala\u00e7\u00f5es","content":"10,000 - 100,000"},{"name":"Responsivo","content":"Sim"},{"name":"Navegadores compat\u00edveis","content":"Firefox, Safari, Opera, Chrome, Edge"}],"tags":[],"tags_disable_links":"0","hide_more_platforms":"0","video_object":"","demo_hide_cta":"0","demo_hide_cloud_options":"0","pricing_title":"","pricing":[{"pricing_icon":"platform","pricing_title":"Elfsight Apps","pricing_title_caption":"Solu\u00e7\u00e3o multiplataforma que funciona em qualquer site","pricing_price":"a partir de US$ 0\/m\u00eas","pricing_price_caption":"comece com um plano gratuito","pricing_benefits":[{"text":"Dom\u00ednios ilimitados"},{"text":"Suporte \u00e0 empresa 24 horas por dia, 7 dias por semana"},{"text":"Suporte \u00e0 empresa 24 horas por dia, 7 dias por semana"},{"text":"100% personaliz\u00e1vel"}],"pricing_button_text":"Adicionar ao site","pricing_button_url":"#demo"}],"related_apps_title":"","related_apps_hidden":"0","author":"","image":[],"title":"","job":"","social_networks":[]},"_links":{"self":[{"href":"https:\/\/elfsight.com\/pt\/wp-json\/wp\/v2\/pages\/11209","targetHints":{"allow":["GET"]}}],"collection":[{"href":"https:\/\/elfsight.com\/pt\/wp-json\/wp\/v2\/pages"}],"about":[{"href":"https:\/\/elfsight.com\/pt\/wp-json\/wp\/v2\/types\/page"}],"author":[{"embeddable":true,"href":"https:\/\/elfsight.com\/pt\/wp-json\/wp\/v2\/users\/9"}],"replies":[{"embeddable":true,"href":"https:\/\/elfsight.com\/pt\/wp-json\/wp\/v2\/comments?post=11209"}],"version-history":[{"count":2,"href":"https:\/\/elfsight.com\/pt\/wp-json\/wp\/v2\/pages\/11209\/revisions"}],"predecessor-version":[{"id":14439,"href":"https:\/\/elfsight.com\/pt\/wp-json\/wp\/v2\/pages\/11209\/revisions\/14439"}],"up":[{"embeddable":true,"href":"https:\/\/elfsight.com\/pt\/wp-json\/wp\/v2\/pages\/1402"}],"wp:attachment":[{"href":"https:\/\/elfsight.com\/pt\/wp-json\/wp\/v2\/media?parent=11209"}],"curies":[{"name":"wp","href":"https:\/\/api.w.org\/{rel}","templated":true}]}}