{"id":11204,"date":"2024-05-03T06:40:00","date_gmt":"2024-05-03T06:40:00","guid":{"rendered":"https:\/\/elfsight.com\/pt\/?page_id=11204"},"modified":"2024-11-12T15:34:58","modified_gmt":"2024-11-12T15:34:58","slug":"wix","status":"publish","type":"page","link":"https:\/\/elfsight.com\/pt\/job-board-widget\/wix\/","title":{"rendered":"Job Board &#8211; Wix"},"content":{"rendered":"<div class=\"application-platform-content-item-description application-platform-content-item\" id=\"description\" data-nav-section=\"description\"> <h2>Descri\u00e7\u00e3o<\/h2> <p>O Job Board for Wix \u00e9 um aplicativo impressionante que oferece a oportunidade de demonstrar vagas de emprego e receber curr\u00edculos de candidatos diretamente no seu site da maneira mais simples. Com nossa nova ferramenta voc\u00ea conseguir\u00e1 divulgar sua empresa, postar informa\u00e7\u00f5es sobre vagas em aberto e obter curr\u00edculos. O widget permite que voc\u00ea crie um cart\u00e3o de trabalho acompanhado por uma representa\u00e7\u00e3o precisa e um bot\u00e3o Aplicar. Usar o Elfsight Job Board permite agilizar o processo de recrutamento e obter as respostas \u00e0s vagas de emprego com um clique. <\/p> <p><b>Crie facilmente as vagas de emprego e bot\u00f5es de CTA mais atraentes para motivar mais contrata\u00e7\u00f5es poss\u00edveis a trabalhar com voc\u00ea.<\/b><\/p> <\/div> <div class=\"application-platform-content-item-features application-platform-content-item\" id=\"features\" data-nav-section=\"features\"> <h2>O widget inclui recursos \u00fateis e r\u00e1pidos, confira alguns deles: <\/h2> <ul><li>Crie um link de inscri\u00e7\u00e3o para direcionar potenciais funcion\u00e1rios para a p\u00e1gina que coleta curr\u00edculos<\/li><li>Mostre as vagas no maneira mais atraente<\/li><li>Adicione quantas vagas desejar<\/li><li>Adicione informa\u00e7\u00f5es sobre a vaga: habilidades necess\u00e1rias, sal\u00e1rio e cargo<\/li><li>Deixe os detalhes de contato: departamento , o nome da sua empresa e localiza\u00e7\u00e3o<\/li><\/ul><p><a href=\"#demo\">Voc\u00ea pode verificar quanto vale o widget com a ajuda da demonstra\u00e7\u00e3o<\/a><\/p> <\/div> <div class=\"application-platform-content-item-installation application-platform-content-item\" id=\"installation\" data-nav-section=\"installation\"> <h2>Como posso incorporar um Job Board em meu site Wix? <\/h2> <p>Basta seguir v\u00e1rias etapas apresentadas abaixo para come\u00e7ar a trabalhar com o aplicativo. <\/p> <ol><li><b>Inicie nosso configurador gratuito e comece a moldar seu aplicativo personalizado. <\/b><br> Especifique a forma e funcionalidade adequadas do plugin e aplique as corre\u00e7\u00f5es. <\/li> <li><b>Receba o c\u00f3digo pessoal exposto no formul\u00e1rio especial nas Apps Elfsight. <\/b><br> Assim que terminar a configura\u00e7\u00e3o do seu aplicativo pessoal, copie o c\u00f3digo exclusivo na janela exibida e guarde-o para uso futuro. <\/li> <li><b>Inicie a aplica\u00e7\u00e3o do aplicativo em seu site Wix. <\/b><br> Incorpore o c\u00f3digo salvo recentemente em sua p\u00e1gina da web e aplique as edi\u00e7\u00f5es. <\/li> <li><b>A instala\u00e7\u00e3o est\u00e1 totalmente conclu\u00edda. <\/b><br> Acesse sua p\u00e1gina da web para ver o funcionamento do aplicativo. <\/li><\/ol> <p>Na condi\u00e7\u00e3o de enfrentar d\u00favidas ou enfrentar alguma dificuldade, n\u00e3o tenha medo de recorrer \u00e0 nossa equipe de atendimento ao cliente. Nosso pessoal deseja resolver todas as d\u00favidas que voc\u00ea possa ter com o widget. <\/p> <div class=\"faq\" data-component=\"FAQ\"><div class=\"faq-item\">\r\n\t\t\t\t\t<div class=\"faq-item-question\">\r\n\t\t\t\t\t\t<h3 class=\"faq-item-question-text\">De que forma posso adicionar um Job Board ao meu site Wix sem experi\u00eancia em codifica\u00e7\u00e3o?<\/h3>\r\n\r\n\t\t\t\t\t\t<div class=\"faq-item-question-icon\"><\/div>\r\n\t\t\t\t\t<\/div>\r\n\r\n\t\t\t\t\t<div class=\"faq-item-answer\">\r\n\t\t\t\t\t\t<div class=\"faq-item-answer-text\"> <p>A Elfsight fornece uma solu\u00e7\u00e3o Cloud que permite que as pessoas criem voc\u00ea mesmo um aplicativo Job Board, descubra como o processo \u00e9 f\u00e1cil: Trabalhe diretamente no Editor ao vivo para criar um aplicativo Job Board que voc\u00ea gostaria de incorporar ao seu site Wix. Escolha um dos muitos modelos predefinidos e altere as configura\u00e7\u00f5es do Job Board, inclua seu conte\u00fado, altere o layout e o esquema de cores sem nenhum conhecimento de codifica\u00e7\u00e3o. Clique para salvar as configura\u00e7\u00f5es feitas no Job Board e obter seu c\u00f3digo de instala\u00e7\u00e3o, que pode ser facilmente incorporado em qualquer site Wix sem comprar uma assinatura paga. Trabalhando em nosso editor amig\u00e1vel, cada usu\u00e1rio da Internet pode gerar um widget Job Board e adicion\u00e1-lo facilmente a qualquer p\u00e1gina Wix. N\u00e3o h\u00e1 necessidade de obter uma assinatura paga ou inserir as credenciais do seu cart\u00e3o para entrar no Elfsight Editor. Se voc\u00ea encontrar qualquer tipo de problema, entre em contato com nossa equipe de suporte t\u00e9cnico.<\/p> <\/div>\r\n\t\t\t\t\t<\/div>\r\n\t\t\t\t<\/div> <\/div><\/div>","protected":false},"excerpt":{"rendered":"","protected":false},"author":9,"featured_media":0,"parent":1402,"menu_order":0,"comment_status":"closed","ping_status":"closed","template":"templates\/template-application-platform.php","meta":{"publish_to_discourse":"","publish_post_category":"","wpdc_auto_publish_overridden":"","wpdc_topic_tags":"","wpdc_pin_topic":"","wpdc_pin_until":"","discourse_post_id":"","discourse_permalink":"","wpdc_publishing_response":"","wpdc_publishing_error":"","footnotes":""},"class_list":["post-11204","page","type-page","status-publish","hentry"],"yoast_head":"<!-- This site is optimized with the Yoast SEO plugin v25.3.1 - https:\/\/yoast.com\/wordpress\/plugins\/seo\/ -->\n<title>Aplicativo Wix Job Board - Adicione vagas de emprego ao Wix (2025)<\/title>\n<meta name=\"description\" content=\"Incorpore um aplicativo Job Board responsivo ao seu site Wix e permita que funcion\u00e1rios em potencial vejam as vagas abertas rapidamente!\" \/>\n<meta name=\"robots\" content=\"index, follow, max-snippet:-1, max-image-preview:large, max-video-preview:-1\" \/>\n<link rel=\"canonical\" href=\"https:\/\/elfsight.com\/pt\/job-board-widget\/wix\/\" \/>\n<meta property=\"og:locale\" content=\"pt_PT\" \/>\n<meta property=\"og:type\" content=\"article\" \/>\n<meta property=\"og:title\" content=\"Aplicativo Wix Job Board - Adicione vagas de emprego ao Wix (2025)\" \/>\n<meta property=\"og:description\" content=\"Incorpore um aplicativo Job Board responsivo ao seu site Wix e permita que funcion\u00e1rios em potencial vejam as vagas abertas rapidamente!\" \/>\n<meta property=\"og:url\" content=\"https:\/\/elfsight.com\/pt\/job-board-widget\/wix\/\" \/>\n<meta property=\"og:site_name\" content=\"Elfsight PT\" \/>\n<meta property=\"article:modified_time\" content=\"2024-11-12T15:34:58+00:00\" \/>\n<meta name=\"twitter:card\" content=\"summary_large_image\" \/>\n<meta name=\"twitter:label1\" content=\"Tempo estimado de leitura\" \/>\n\t<meta name=\"twitter:data1\" content=\"3 minutos\" \/>\n<!-- \/ Yoast SEO plugin. -->","yoast_head_json":{"title":"Aplicativo Wix Job Board - Adicione vagas de emprego ao Wix (2025)","description":"Incorpore um aplicativo Job Board responsivo ao seu site Wix e permita que funcion\u00e1rios em potencial vejam as vagas abertas rapidamente!","robots":{"index":"index","follow":"follow","max-snippet":"max-snippet:-1","max-image-preview":"max-image-preview:large","max-video-preview":"max-video-preview:-1"},"canonical":"https:\/\/elfsight.com\/pt\/job-board-widget\/wix\/","og_locale":"pt_PT","og_type":"article","og_title":"Aplicativo Wix Job Board - Adicione vagas de emprego ao Wix (2025)","og_description":"Incorpore um aplicativo Job Board responsivo ao seu site Wix e permita que funcion\u00e1rios em potencial vejam as vagas abertas rapidamente!","og_url":"https:\/\/elfsight.com\/pt\/job-board-widget\/wix\/","og_site_name":"Elfsight PT","article_modified_time":"2024-11-12T15:34:58+00:00","twitter_card":"summary_large_image","twitter_misc":{"Tempo estimado de leitura":"3 minutos"},"schema":{"@context":"https:\/\/schema.org","@graph":[{"@type":"WebPage","@id":"https:\/\/elfsight.com\/pt\/job-board-widget\/wix\/","url":"https:\/\/elfsight.com\/pt\/job-board-widget\/wix\/","name":"Aplicativo Wix Job Board - Adicione vagas de emprego ao Wix (2025)","isPartOf":{"@id":"https:\/\/elfsight.com\/pt\/#website"},"datePublished":"2024-05-03T06:40:00+00:00","dateModified":"2024-11-12T15:34:58+00:00","description":"Incorpore um aplicativo Job Board responsivo ao seu site Wix e permita que funcion\u00e1rios em potencial vejam as vagas abertas rapidamente!","breadcrumb":{"@id":"https:\/\/elfsight.com\/pt\/job-board-widget\/wix\/#breadcrumb"},"inLanguage":"pt-PT","potentialAction":[{"@type":"ReadAction","target":["https:\/\/elfsight.com\/pt\/job-board-widget\/wix\/"]}]},{"@type":"BreadcrumbList","@id":"https:\/\/elfsight.com\/pt\/job-board-widget\/wix\/#breadcrumb","itemListElement":[{"@type":"ListItem","position":1,"name":"Home","item":"https:\/\/elfsight.com\/pt\/"},{"@type":"ListItem","position":2,"name":"Job Board","item":"https:\/\/elfsight.com\/pt\/job-board-widget\/"},{"@type":"ListItem","position":3,"name":"Job Board &#8211; Wix"}]},{"@type":"WebSite","@id":"https:\/\/elfsight.com\/pt\/#website","url":"https:\/\/elfsight.com\/pt\/","name":"Elfsight PT","description":"Just another Elfsight Sites site","potentialAction":[{"@type":"SearchAction","target":{"@type":"EntryPoint","urlTemplate":"https:\/\/elfsight.com\/pt\/?s={search_term_string}"},"query-input":{"@type":"PropertyValueSpecification","valueRequired":true,"valueName":"search_term_string"}}],"inLanguage":"pt-PT"}]}},"meta_box":{"industry":"","seo_heading":"","heading":"","description":"","cta_heading":"","cta_description":"","application":"1401","h1":"Aplicativo Wix Job Board","h1_caption":"Publique an\u00fancios de vagas e obtenha curr\u00edculos de seus potenciais trabalhadores","application_category":[],"applications_title":"","applications_request_title":"","applications_request_button_text":"","hero_text":"","hero_video":"","hero_video_schema_markup":"","selling_points_title":"","selling_points_caption":"","selling_points":[],"selling_points_cta_text":"","features_title":"","features":"","ed_cta_examples_text":"","ed_cta_examples_hidden":"","ed_cta_demo_text":"","ed_cta_demo_hidden":"","why_caption":"","why_editor_title":"","why_editor_text":"","why_team_title":"","why_team_text":"","why_service_title":"","why_service_text":"","template_catalog_visible":"","template_catalog_title":"","template_catalog_text":"","template_catalog_categories_visible":"","demo_title":"Crie seu aplicativo Job Board","demo_caption":"Configure seu Job Board e adicione-o ao seu site Wix gratuitamente!","default_faq_hidden":"","app_template_category":[],"platform":"37","template_public_id":"","codecanyon_url":"","codecanyon_item_id":"","codecanyon_price":"","pricing_caption":"","pricing_elfsight_apps_hide_column":"","pricing_elfsight_apps_url":"","pricing_codecanyon_price_caption":"","integration_category":[],"integration_request_title":"","integration_request_cta":"","integration_platform":"","integrations":[],"platform_category":[],"video_schema_markup":"","price":"a partir de US$ 0\/m\u00eas","trial":"","benefits":[{"text":"Servi\u00e7o de instala\u00e7\u00e3o gratuito"},{"text":"Atendimento ao cliente eficaz"},{"text":"Garantia de devolu\u00e7\u00e3o do dinheiro em 14 dias"},{"text":"Melhorias futuras"}],"button_url":"#demo","button_target_blank":"","button_nofollow":"","attributes":[{"name":"Instala\u00e7\u00f5es","content":"10,000 - 100,000"},{"name":"Responsivo","content":"Sim"},{"name":"Navegadores compat\u00edveis","content":"Firefox, Safari, Opera, Chrome, Edge"}],"tags":[],"tags_disable_links":"","hide_more_platforms":"","video_object":"","demo_hide_cta":"","demo_hide_cloud_options":"","pricing_title":"","pricing":[{"pricing_icon":"platform","pricing_title":"Elfsight Apps","pricing_title_caption":"Vers\u00e3o multiplataforma","pricing_price":"a partir de US$ 0\/m\u00eas","pricing_price_caption":"comece com um plano gratuito","pricing_benefits":[{"text":"Dom\u00ednios ilimitados"},{"text":"Suporte profissional e bem documentado"},{"text":"Suporte profissional e bem documentado"},{"text":"100% personaliz\u00e1vel"}],"pricing_button_text":"Adicionar ao site","pricing_button_url":"#demo"}],"related_apps_title":"","related_apps_hidden":"","author":"","image":[],"title":"","job":"","social_networks":[]},"_links":{"self":[{"href":"https:\/\/elfsight.com\/pt\/wp-json\/wp\/v2\/pages\/11204","targetHints":{"allow":["GET"]}}],"collection":[{"href":"https:\/\/elfsight.com\/pt\/wp-json\/wp\/v2\/pages"}],"about":[{"href":"https:\/\/elfsight.com\/pt\/wp-json\/wp\/v2\/types\/page"}],"author":[{"embeddable":true,"href":"https:\/\/elfsight.com\/pt\/wp-json\/wp\/v2\/users\/9"}],"replies":[{"embeddable":true,"href":"https:\/\/elfsight.com\/pt\/wp-json\/wp\/v2\/comments?post=11204"}],"version-history":[{"count":1,"href":"https:\/\/elfsight.com\/pt\/wp-json\/wp\/v2\/pages\/11204\/revisions"}],"predecessor-version":[{"id":11208,"href":"https:\/\/elfsight.com\/pt\/wp-json\/wp\/v2\/pages\/11204\/revisions\/11208"}],"up":[{"embeddable":true,"href":"https:\/\/elfsight.com\/pt\/wp-json\/wp\/v2\/pages\/1402"}],"wp:attachment":[{"href":"https:\/\/elfsight.com\/pt\/wp-json\/wp\/v2\/media?parent=11204"}],"curies":[{"name":"wp","href":"https:\/\/api.w.org\/{rel}","templated":true}]}}