{"id":11203,"date":"2024-05-03T06:39:59","date_gmt":"2024-05-03T06:39:59","guid":{"rendered":"https:\/\/elfsight.com\/pt\/?page_id=11203"},"modified":"2024-11-12T15:34:58","modified_gmt":"2024-11-12T15:34:58","slug":"wordpress","status":"publish","type":"page","link":"https:\/\/elfsight.com\/pt\/job-board-widget\/wordpress\/","title":{"rendered":"Job Board &#8211; WordPress"},"content":{"rendered":"<div class=\"application-platform-content-item-description application-platform-content-item\" id=\"description\" data-nav-section=\"description\"> <h2>Incorpore Job Board no WordPress com o widget Elfsight<\/h2> <p>Nosso Job Board para WordPress \u00e9 um plugin excepcional que permite revelar abra vagas e obtenha curr\u00edculos dos candidatos diretamente no seu site da maneira mais acess\u00edvel. Por meio da nossa nova ferramenta, voc\u00ea poder\u00e1 divulgar sua empresa, distribuir informa\u00e7\u00f5es sobre vagas de emprego e obter curr\u00edculos. O widget oferece a voc\u00ea a cria\u00e7\u00e3o de um cart\u00e3o de trabalho com uma descri\u00e7\u00e3o detalhada e um bot\u00e3o Aplicar. A utiliza\u00e7\u00e3o do Elfsight Job Board permite-lhe facilitar o processo de recrutamento e obter as respostas \u00e0s ofertas de emprego com um clique. <\/p> <p><b>Crie facilmente as vagas de emprego e frases de chamariz mais tentadoras para inspirar mais poss\u00edveis contrata\u00e7\u00f5es para trabalhar com voc\u00ea.<\/b><\/p> <\/div> <div class=\"application-platform-content-item-features  application-platform-content-item\" id=\"features \" data-nav-section=\"features \"> <h2>Conhe\u00e7a a lista dos recursos mais \u00fateis: <\/h2> <ul><li>Crie um link de inscri\u00e7\u00e3o para direcionar os usu\u00e1rios do site para a p\u00e1gina que coleta curr\u00edculos<\/li><li>Mostrar ofertas de emprego da maneira mais detalhada<\/li><li>Adicione quantos empregos desejar<\/li><li>Descreva o trabalho detalhadamente e informe sobre: \u200b\u200bsal\u00e1rio, habilidades necess\u00e1rias e cargo<\/li><li>D\u00ea informa\u00e7\u00f5es sobre a empresa: localiza\u00e7\u00e3o, departamento e nome<\/li><\/ul><p><a href=\"#demo\">Voc\u00ea pode testar qual plugin vale a pena experimentando a demonstra\u00e7\u00e3o<\/a><\/p> <\/div> <div class=\"application-platform-content-item-installation application-platform-content-item\" id=\"installation\" data-nav-section=\"installation\"> <h2>Como fa\u00e7o para incorporar um quadro de empregos \u00e0 minha p\u00e1gina do WordPress? <\/h2> <p>Basta aplicar as instru\u00e7\u00f5es abaixo para integrar a ferramenta. <\/p> <ol><li><b>Utilize nossa demonstra\u00e7\u00e3o gratuita e comece a construir seu plugin personalizado. <\/b><br> Determine o layout selecionado e os recursos da ferramenta e salve as edi\u00e7\u00f5es. <\/li> <li><b>Copie o c\u00f3digo exclusivo que aparece na janela dos aplicativos Elfsight. <\/b><br> Ap\u00f3s a gera\u00e7\u00e3o de sua ferramenta, copie o c\u00f3digo pessoal na caixa que aparece e guarde-o para uso posterior. <\/li> <li><b>Inicie a utiliza\u00e7\u00e3o da ferramenta em seu site WordPress. <\/b><br> Coloque o c\u00f3digo que voc\u00ea copiou recentemente em sua p\u00e1gina inicial e aplique as melhorias. <\/li> <li><b>Conclu\u00eddo! A incorpora\u00e7\u00e3o foi realizada com sucesso. <\/b><br> Acesse sua p\u00e1gina da web para analisar como a ferramenta est\u00e1 funcionando. <\/li><\/ol> <p>Se voc\u00ea enfrentar alguma dificuldade, n\u00e3o hesite em recorrer \u00e0 nossa equipe de atendimento ao cliente. Nossos consultores est\u00e3o ansiosos para resolver todas as dificuldades que voc\u00ea possa ter com o widget. <\/p> <div class=\"faq\" data-component=\"FAQ\"><div class=\"faq-item\">\r\n\t\t\t\t\t<div class=\"faq-item-question\">\r\n\t\t\t\t\t\t<h3 class=\"faq-item-question-text\">De que forma posso adicionar um Job Board ao meu site WordPress sem conhecimentos de codifica\u00e7\u00e3o?<\/h3>\r\n\r\n\t\t\t\t\t\t<div class=\"faq-item-question-icon\"><\/div>\r\n\t\t\t\t\t<\/div>\r\n\r\n\t\t\t\t\t<div class=\"faq-item-answer\">\r\n\t\t\t\t\t\t<div class=\"faq-item-answer-text\"> <p>A Elfsight oferece uma solu\u00e7\u00e3o que permite a um vasto p\u00fablico gerar uma sec\u00e7\u00e3o de Job Board voc\u00ea mesmo, descubra as instru\u00e7\u00f5es simples: Trabalhe diretamente no Editor on-line para criar um widget Job Board que voc\u00ea gostaria de ver na sua p\u00e1gina inicial do WordPress. Escolha um dos modelos prontos e adapte as configura\u00e7\u00f5es do Job Board, altere o layout e a cor dos elementos incluindo o seu conte\u00fado, sem nenhuma experi\u00eancia em codifica\u00e7\u00e3o. Salve as configura\u00e7\u00f5es que voc\u00ea fez no Job Board e obtenha um c\u00f3digo de plug-in para incorpora\u00e7\u00e3o que pode ser facilmente adicionado \u00e0 sua p\u00e1gina WordPress gratuitamente. Trabalhando no configurador simples, qualquer usu\u00e1rio da Internet pode criar um plugin do Job Board online e col\u00e1-lo facilmente em qualquer site WordPress. N\u00e3o h\u00e1 necessidade de adquirir um plano pago ou inserir os dados do seu cart\u00e3o para entrar em nosso Editor. Se voc\u00ea tiver algum problema em qualquer etapa, fale com nossa equipe de suporte.<\/p> <\/div>\r\n\t\t\t\t\t<\/div>\r\n\t\t\t\t<\/div> <\/div><\/div>","protected":false},"excerpt":{"rendered":"","protected":false},"author":9,"featured_media":0,"parent":1402,"menu_order":0,"comment_status":"closed","ping_status":"closed","template":"templates\/template-application-platform.php","meta":{"publish_to_discourse":"","publish_post_category":"","wpdc_auto_publish_overridden":"","wpdc_topic_tags":"","wpdc_pin_topic":"","wpdc_pin_until":"","discourse_post_id":"","discourse_permalink":"","wpdc_publishing_response":"","wpdc_publishing_error":"","footnotes":""},"class_list":["post-11203","page","type-page","status-publish","hentry"],"yoast_head":"<!-- This site is optimized with the Yoast SEO plugin v25.3.1 - https:\/\/yoast.com\/wordpress\/plugins\/seo\/ -->\n<title>Plug-in WordPress Job Board - Adicionar vagas de emprego ao WordPress (2025)<\/title>\n<meta name=\"description\" content=\"Incorpore um plugin responsivo do Job Board em seu site WordPress e deixe que trabalhadores em potencial investiguem as vagas de emprego!\" \/>\n<meta name=\"robots\" content=\"index, follow, max-snippet:-1, max-image-preview:large, max-video-preview:-1\" \/>\n<link rel=\"canonical\" href=\"https:\/\/elfsight.com\/pt\/job-board-widget\/wordpress\/\" \/>\n<meta property=\"og:locale\" content=\"pt_PT\" \/>\n<meta property=\"og:type\" content=\"article\" \/>\n<meta property=\"og:title\" content=\"Plug-in WordPress Job Board - Adicionar vagas de emprego ao WordPress (2025)\" \/>\n<meta property=\"og:description\" content=\"Incorpore um plugin responsivo do Job Board em seu site WordPress e deixe que trabalhadores em potencial investiguem as vagas de emprego!\" \/>\n<meta property=\"og:url\" content=\"https:\/\/elfsight.com\/pt\/job-board-widget\/wordpress\/\" \/>\n<meta property=\"og:site_name\" content=\"Elfsight PT\" \/>\n<meta property=\"article:modified_time\" content=\"2024-11-12T15:34:58+00:00\" \/>\n<meta name=\"twitter:card\" content=\"summary_large_image\" \/>\n<meta name=\"twitter:label1\" content=\"Tempo estimado de leitura\" \/>\n\t<meta name=\"twitter:data1\" content=\"3 minutos\" \/>\n<!-- \/ Yoast SEO plugin. -->","yoast_head_json":{"title":"Plug-in WordPress Job Board - Adicionar vagas de emprego ao WordPress (2025)","description":"Incorpore um plugin responsivo do Job Board em seu site WordPress e deixe que trabalhadores em potencial investiguem as vagas de emprego!","robots":{"index":"index","follow":"follow","max-snippet":"max-snippet:-1","max-image-preview":"max-image-preview:large","max-video-preview":"max-video-preview:-1"},"canonical":"https:\/\/elfsight.com\/pt\/job-board-widget\/wordpress\/","og_locale":"pt_PT","og_type":"article","og_title":"Plug-in WordPress Job Board - Adicionar vagas de emprego ao WordPress (2025)","og_description":"Incorpore um plugin responsivo do Job Board em seu site WordPress e deixe que trabalhadores em potencial investiguem as vagas de emprego!","og_url":"https:\/\/elfsight.com\/pt\/job-board-widget\/wordpress\/","og_site_name":"Elfsight PT","article_modified_time":"2024-11-12T15:34:58+00:00","twitter_card":"summary_large_image","twitter_misc":{"Tempo estimado de leitura":"3 minutos"},"schema":{"@context":"https:\/\/schema.org","@graph":[{"@type":"WebPage","@id":"https:\/\/elfsight.com\/pt\/job-board-widget\/wordpress\/","url":"https:\/\/elfsight.com\/pt\/job-board-widget\/wordpress\/","name":"Plug-in WordPress Job Board - Adicionar vagas de emprego ao WordPress (2025)","isPartOf":{"@id":"https:\/\/elfsight.com\/pt\/#website"},"datePublished":"2024-05-03T06:39:59+00:00","dateModified":"2024-11-12T15:34:58+00:00","description":"Incorpore um plugin responsivo do Job Board em seu site WordPress e deixe que trabalhadores em potencial investiguem as vagas de emprego!","breadcrumb":{"@id":"https:\/\/elfsight.com\/pt\/job-board-widget\/wordpress\/#breadcrumb"},"inLanguage":"pt-PT","potentialAction":[{"@type":"ReadAction","target":["https:\/\/elfsight.com\/pt\/job-board-widget\/wordpress\/"]}]},{"@type":"BreadcrumbList","@id":"https:\/\/elfsight.com\/pt\/job-board-widget\/wordpress\/#breadcrumb","itemListElement":[{"@type":"ListItem","position":1,"name":"Home","item":"https:\/\/elfsight.com\/pt\/"},{"@type":"ListItem","position":2,"name":"Job Board","item":"https:\/\/elfsight.com\/pt\/job-board-widget\/"},{"@type":"ListItem","position":3,"name":"Job Board &#8211; WordPress"}]},{"@type":"WebSite","@id":"https:\/\/elfsight.com\/pt\/#website","url":"https:\/\/elfsight.com\/pt\/","name":"Elfsight PT","description":"Just another Elfsight Sites site","potentialAction":[{"@type":"SearchAction","target":{"@type":"EntryPoint","urlTemplate":"https:\/\/elfsight.com\/pt\/?s={search_term_string}"},"query-input":{"@type":"PropertyValueSpecification","valueRequired":true,"valueName":"search_term_string"}}],"inLanguage":"pt-PT"}]}},"meta_box":{"industry":"","seo_heading":"","heading":"","description":"","cta_heading":"","cta_description":"","application":"1401","h1":"Plug-in WordPress Job Board","h1_caption":"Publique vagas abertas e receba curr\u00edculos de potenciais funcion\u00e1rios","application_category":[],"applications_title":"","applications_request_title":"","applications_request_button_text":"","hero_text":"","hero_video":"","hero_video_schema_markup":"","selling_points_title":"","selling_points_caption":"","selling_points":[],"selling_points_cta_text":"","features_title":"","features":"","ed_cta_examples_text":"","ed_cta_examples_hidden":"","ed_cta_demo_text":"","ed_cta_demo_hidden":"","why_caption":"","why_editor_title":"","why_editor_text":"","why_team_title":"","why_team_text":"","why_service_title":"","why_service_text":"","template_catalog_visible":"","template_catalog_title":"","template_catalog_text":"","template_catalog_categories_visible":"","demo_title":"Crie seu plugin Job Board","demo_caption":"Configure seu Job Board e adicione-o ao seu site WordPress gratuitamente!","default_faq_hidden":"","app_template_category":[],"platform":"34","template_public_id":"","codecanyon_url":"","codecanyon_item_id":"","codecanyon_price":"","pricing_caption":"","pricing_elfsight_apps_hide_column":"","pricing_elfsight_apps_url":"","pricing_codecanyon_price_caption":"","integration_category":[],"integration_request_title":"","integration_request_cta":"","integration_platform":"","integrations":[],"platform_category":[],"video_schema_markup":"","price":"a partir de US$ 0\/m\u00eas","trial":"","benefits":[{"text":"Assist\u00eancia de instala\u00e7\u00e3o gratuita"},{"text":"Atendimento ao cliente competente"},{"text":"Garantia de devolu\u00e7\u00e3o do dinheiro em 14 dias"},{"text":"Futuras atualiza\u00e7\u00f5es gratuitas"}],"button_url":"#demo","button_target_blank":"","button_nofollow":"","attributes":[{"name":"Instala\u00e7\u00f5es","content":"10,000 - 100,000"},{"name":"Responsivo","content":"Sim"},{"name":"Navegadores compat\u00edveis","content":"Firefox, Safari, Opera, Chrome, Edge"}],"tags":[],"tags_disable_links":"","hide_more_platforms":"","video_object":"","demo_hide_cta":"","demo_hide_cloud_options":"","pricing_title":"","pricing":[{"pricing_icon":"platform","pricing_title":"Elfsight Apps","pricing_title_caption":"Vers\u00e3o multiplataforma","pricing_price":"a partir de US$ 0\/m\u00eas","pricing_price_caption":"comece com um plano gratuito","pricing_benefits":[{"text":"Sites ilimitados"},{"text":"Suporte r\u00e1pido"},{"text":"Suporte r\u00e1pido"},{"text":"Totalmente personaliz\u00e1vel"}],"pricing_button_text":"Adicionar ao site","pricing_button_url":"#demo"}],"related_apps_title":"","related_apps_hidden":"","author":"","image":[],"title":"","job":"","social_networks":[]},"_links":{"self":[{"href":"https:\/\/elfsight.com\/pt\/wp-json\/wp\/v2\/pages\/11203","targetHints":{"allow":["GET"]}}],"collection":[{"href":"https:\/\/elfsight.com\/pt\/wp-json\/wp\/v2\/pages"}],"about":[{"href":"https:\/\/elfsight.com\/pt\/wp-json\/wp\/v2\/types\/page"}],"author":[{"embeddable":true,"href":"https:\/\/elfsight.com\/pt\/wp-json\/wp\/v2\/users\/9"}],"replies":[{"embeddable":true,"href":"https:\/\/elfsight.com\/pt\/wp-json\/wp\/v2\/comments?post=11203"}],"version-history":[{"count":1,"href":"https:\/\/elfsight.com\/pt\/wp-json\/wp\/v2\/pages\/11203\/revisions"}],"predecessor-version":[{"id":11207,"href":"https:\/\/elfsight.com\/pt\/wp-json\/wp\/v2\/pages\/11203\/revisions\/11207"}],"up":[{"embeddable":true,"href":"https:\/\/elfsight.com\/pt\/wp-json\/wp\/v2\/pages\/1402"}],"wp:attachment":[{"href":"https:\/\/elfsight.com\/pt\/wp-json\/wp\/v2\/media?parent=11203"}],"curies":[{"name":"wp","href":"https:\/\/api.w.org\/{rel}","templated":true}]}}