{"id":11201,"date":"2024-05-03T06:39:57","date_gmt":"2024-05-03T06:39:57","guid":{"rendered":"https:\/\/elfsight.com\/pt\/?page_id=11201"},"modified":"2025-03-06T11:20:01","modified_gmt":"2025-03-06T11:20:01","slug":"google-sites","status":"publish","type":"page","link":"https:\/\/elfsight.com\/pt\/job-board-widget\/google-sites\/","title":{"rendered":"Job Board &#8211; Google Sites"},"content":{"rendered":"\n<div class=\"application-platform-content-item-description application-platform-content-item\" id=\"description\" data-nav-section=\"description\"> <h2>Incorpore Job Board no Google Sites com o widget Elfsight<\/h2> <p>Nosso Job Board para Google Sites \u00e9 um plugin excepcional garantindo que voc\u00ea com a oportunidade de revelar vagas de emprego e receber curr\u00edculos de candidatos diretamente em seu site da forma mais acess\u00edvel. Aplicando nossa nova ferramenta, voc\u00ea poder\u00e1 apresentar sua empresa, distribuir informa\u00e7\u00f5es sobre vagas abertas e coletar curr\u00edculos. O widget permite moldar um cart\u00e3o de trabalho com uma representa\u00e7\u00e3o precisa e um bot\u00e3o Aplicar. Usar o Elfsight Job Board permite facilitar o processo de recrutamento e obter respostas aos an\u00fancios de emprego em apenas alguns cliques. <\/p> <p><b>Crie facilmente as vagas de emprego e bot\u00f5es de CTA mais atraentes para atrair mais contrata\u00e7\u00f5es em potencial para trabalhar com voc\u00ea.<\/b><\/p> <\/div> <div class=\"application-platform-content-item-features application-platform-content-item\" id=\"features\" data-nav-section=\"features\"> <h2>Estes s\u00e3o apenas alguns dos v\u00e1rios recursos do plug-in: <\/h2> <ul><li>Crie um link de inscri\u00e7\u00e3o para direcionar candidatos em potencial para a p\u00e1gina com curr\u00edculos<\/li><li>Apresente as vagas da maneira mais atraente<\/li><li>Adicione quantas vagas de emprego desejar<\/li><li>Adicione v\u00e1rios detalhes sobre o trabalho: habilidades necess\u00e1rias, sal\u00e1rio e cargo<\/li><li>Forne\u00e7a informa\u00e7\u00f5es sobre o neg\u00f3cio: departamento , seu nome e localiza\u00e7\u00e3o<\/li><\/ul><p><a href=\"#demo\">Experimente esta demonstra\u00e7\u00e3o para entender a funcionalidade do plugin<\/a><\/p> <\/div> <div class=\"application-platform-content-item-installation application-platform-content-item\" id=\"installation\" data-nav-section=\"installation\"> <h2>Como incorporo um Job Board em meu site do Google Sites? <\/h2> <p>Basta seguir os passos descritos abaixo para come\u00e7ar a usar o plugin. <\/p> <ol><li><b>Utilize nosso configurador gratuito e comece a moldar seu plugin personalizado. <\/b><br> Encontre o design e as caracter\u00edsticas desej\u00e1veis \u200b\u200bdo plugin e salve as corre\u00e7\u00f5es. <\/li> <li><b>Receba o c\u00f3digo individual que aparece no formul\u00e1rio especial nas aplica\u00e7\u00f5es Elfsight. <\/b><br> Logo ap\u00f3s a conclus\u00e3o da configura\u00e7\u00e3o da sua ferramenta pessoal, copie o c\u00f3digo individual no pop-up que aparece e guarde-o para uso posterior. <\/li> <li><b>Comece a usar o plug-in no seu site do Google Sites. <\/b><br> Cole o c\u00f3digo que voc\u00ea copiou anteriormente em sua p\u00e1gina web e salve os ajustes. <\/li> <li><b>A configura\u00e7\u00e3o est\u00e1 totalmente conclu\u00edda. <\/b><br> Visite seu site para ver o trabalho do plugin em a\u00e7\u00e3o. <\/li><\/ol> <div class=\"tip-yellow tip\"><b>Devido \u00e0s peculiaridades do funcionamento do Google Sites, o widget pode ter uma apar\u00eancia diferente da demonstra\u00e7\u00e3o on-line. Pedimos desculpas por qualquer inconveniente causado.<\/b><\/div><p>Se voc\u00ea tiver algum obst\u00e1culo, n\u00e3o hesite em escrever para nossa equipe de suporte. Nosso pessoal deseja resolver todas as d\u00favidas que voc\u00ea possa ter sobre o produto. <\/p> <div class=\"faq\" data-component=\"FAQ\"><div class=\"faq-item\">\r\n\t\t\t\t\t<div class=\"faq-item-question\">\r\n\t\t\t\t\t\t<h3 class=\"faq-item-question-text\">Existe uma maneira de adicionar um Job Board ao meu site do Google Sites sem conhecimento de codifica\u00e7\u00e3o?<\/h3>\r\n\r\n\t\t\t\t\t\t<div class=\"faq-item-question-icon\"><\/div>\r\n\t\t\t\t\t<\/div>\r\n\r\n\t\t\t\t\t<div class=\"faq-item-answer\">\r\n\t\t\t\t\t\t<div class=\"faq-item-answer-text\"> <p>A Elfsight fornece uma solu\u00e7\u00e3o que permite que voc\u00ea mesmo crie um plug-in do Job Board, veja como o processo \u00e9 simples: trabalhe diretamente no Editor ativo para formar um widget do Job Board que voc\u00ea gostaria de incluir em seu site do Google Sites. Clique em um de nossos modelos pr\u00e9-concebidos e modifique as configura\u00e7\u00f5es do Job Board, altere o layout e as cores e adicione seu conte\u00fado, sem codifica\u00e7\u00e3o. Clique para salvar as configura\u00e7\u00f5es feitas no Job Board e obter seu c\u00f3digo para incorpora\u00e7\u00e3o, que pode ser incorporado gratuitamente na p\u00e1gina inicial do Google Sites. Usando o configurador simples, qualquer usu\u00e1rio da web pode gerar uma se\u00e7\u00e3o do quadro de empregos e inclu\u00ed-la facilmente em qualquer site do Google Sites. N\u00e3o h\u00e1 necessidade de obter uma assinatura paga ou enviar as credenciais do seu cart\u00e3o para entrar no Elfsight Editor. Se voc\u00ea encontrar qualquer tipo de obst\u00e1culo, n\u00e3o hesite em entrar em contato com nossa equipe de suporte.<\/p> <\/div>\r\n\t\t\t\t\t<\/div>\r\n\t\t\t\t<\/div> <\/div><\/div>\n","protected":false},"excerpt":{"rendered":"","protected":false},"author":9,"featured_media":0,"parent":1402,"menu_order":0,"comment_status":"closed","ping_status":"closed","template":"templates\/template-application-platform.php","meta":{"publish_to_discourse":"","publish_post_category":"","wpdc_auto_publish_overridden":"","wpdc_topic_tags":"","wpdc_pin_topic":"","wpdc_pin_until":"","discourse_post_id":"","discourse_permalink":"","wpdc_publishing_response":"","wpdc_publishing_error":"","footnotes":""},"class_list":["post-11201","page","type-page","status-publish","hentry"],"yoast_head":"<!-- This site is optimized with the Yoast SEO plugin v25.3.1 - https:\/\/yoast.com\/wordpress\/plugins\/seo\/ -->\n<title>Plug-in do Google Sites Job Board - Adicione vagas de emprego ao seu site (2025)<\/title>\n<meta name=\"description\" content=\"Insira um plugin responsivo do Job Board em seu site do Google Sites e deixe seus funcion\u00e1rios em potencial explorarem as vagas de emprego!\" \/>\n<meta name=\"robots\" content=\"index, follow, max-snippet:-1, max-image-preview:large, max-video-preview:-1\" \/>\n<link rel=\"canonical\" href=\"https:\/\/elfsight.com\/pt\/job-board-widget\/google-sites\/\" \/>\n<meta property=\"og:locale\" content=\"pt_PT\" \/>\n<meta property=\"og:type\" content=\"article\" \/>\n<meta property=\"og:title\" content=\"Plug-in do Google Sites Job Board - Adicione vagas de emprego ao seu site (2025)\" \/>\n<meta property=\"og:description\" content=\"Insira um plugin responsivo do Job Board em seu site do Google Sites e deixe seus funcion\u00e1rios em potencial explorarem as vagas de emprego!\" \/>\n<meta property=\"og:url\" content=\"https:\/\/elfsight.com\/pt\/job-board-widget\/google-sites\/\" \/>\n<meta property=\"og:site_name\" content=\"Elfsight PT\" \/>\n<meta property=\"article:modified_time\" content=\"2025-03-06T11:20:01+00:00\" \/>\n<meta name=\"twitter:card\" content=\"summary_large_image\" \/>\n<meta name=\"twitter:label1\" content=\"Tempo estimado de leitura\" \/>\n\t<meta name=\"twitter:data1\" content=\"4 minutos\" \/>\n<!-- \/ Yoast SEO plugin. -->","yoast_head_json":{"title":"Plug-in do Google Sites Job Board - Adicione vagas de emprego ao seu site (2025)","description":"Insira um plugin responsivo do Job Board em seu site do Google Sites e deixe seus funcion\u00e1rios em potencial explorarem as vagas de emprego!","robots":{"index":"index","follow":"follow","max-snippet":"max-snippet:-1","max-image-preview":"max-image-preview:large","max-video-preview":"max-video-preview:-1"},"canonical":"https:\/\/elfsight.com\/pt\/job-board-widget\/google-sites\/","og_locale":"pt_PT","og_type":"article","og_title":"Plug-in do Google Sites Job Board - Adicione vagas de emprego ao seu site (2025)","og_description":"Insira um plugin responsivo do Job Board em seu site do Google Sites e deixe seus funcion\u00e1rios em potencial explorarem as vagas de emprego!","og_url":"https:\/\/elfsight.com\/pt\/job-board-widget\/google-sites\/","og_site_name":"Elfsight PT","article_modified_time":"2025-03-06T11:20:01+00:00","twitter_card":"summary_large_image","twitter_misc":{"Tempo estimado de leitura":"4 minutos"},"schema":{"@context":"https:\/\/schema.org","@graph":[{"@type":"WebPage","@id":"https:\/\/elfsight.com\/pt\/job-board-widget\/google-sites\/","url":"https:\/\/elfsight.com\/pt\/job-board-widget\/google-sites\/","name":"Plug-in do Google Sites Job Board - Adicione vagas de emprego ao seu site (2025)","isPartOf":{"@id":"https:\/\/elfsight.com\/pt\/#website"},"datePublished":"2024-05-03T06:39:57+00:00","dateModified":"2025-03-06T11:20:01+00:00","description":"Insira um plugin responsivo do Job Board em seu site do Google Sites e deixe seus funcion\u00e1rios em potencial explorarem as vagas de emprego!","breadcrumb":{"@id":"https:\/\/elfsight.com\/pt\/job-board-widget\/google-sites\/#breadcrumb"},"inLanguage":"pt-PT","potentialAction":[{"@type":"ReadAction","target":["https:\/\/elfsight.com\/pt\/job-board-widget\/google-sites\/"]}]},{"@type":"BreadcrumbList","@id":"https:\/\/elfsight.com\/pt\/job-board-widget\/google-sites\/#breadcrumb","itemListElement":[{"@type":"ListItem","position":1,"name":"Home","item":"https:\/\/elfsight.com\/pt\/"},{"@type":"ListItem","position":2,"name":"Job Board","item":"https:\/\/elfsight.com\/pt\/job-board-widget\/"},{"@type":"ListItem","position":3,"name":"Job Board &#8211; Google Sites"}]},{"@type":"WebSite","@id":"https:\/\/elfsight.com\/pt\/#website","url":"https:\/\/elfsight.com\/pt\/","name":"Elfsight PT","description":"Just another Elfsight Sites site","potentialAction":[{"@type":"SearchAction","target":{"@type":"EntryPoint","urlTemplate":"https:\/\/elfsight.com\/pt\/?s={search_term_string}"},"query-input":{"@type":"PropertyValueSpecification","valueRequired":true,"valueName":"search_term_string"}}],"inLanguage":"pt-PT"}]}},"meta_box":{"industry":"","seo_heading":"","heading":"","description":"","cta_heading":"","cta_description":"","application":"1401","h1":"Plug-in do quadro de empregos do Google Sites","h1_caption":"Publique an\u00fancios de vagas e colete curr\u00edculos de seus funcion\u00e1rios em potencial","application_category":[],"applications_title":"","applications_request_title":"","applications_request_button_text":"","hero_text":"","hero_video":"","hero_video_schema_markup":"","selling_points_title":"","selling_points_caption":"","selling_points":[],"selling_points_cta_text":"","features_title":"","features":"","ed_cta_examples_text":"","ed_cta_examples_hidden":"","ed_cta_demo_text":"","ed_cta_demo_hidden":"","why_caption":"","why_editor_title":"","why_editor_text":"","why_team_title":"","why_team_text":"","why_service_title":"","why_service_text":"","template_catalog_visible":"0","template_catalog_title":"","template_catalog_text":"","template_catalog_categories_visible":"","demo_title":"Crie seu widget do quadro de empregos","demo_caption":"Configure seu Job Board e adicione-o ao seu site do Google Sites gratuitamente!","default_faq_hidden":"","app_template_category":[],"platform":"112","template_public_id":"","codecanyon_url":"","codecanyon_item_id":"","codecanyon_price":"","pricing_caption":"","pricing_elfsight_apps_hide_column":"","pricing_elfsight_apps_url":"","pricing_codecanyon_price_caption":"","integration_category":[],"integration_request_title":"","integration_request_cta":"","integration_platform":"","integrations":[],"platform_category":[],"video_schema_markup":"","price":"a partir de US$ 0\/m\u00eas","trial":"","benefits":[{"text":"Servi\u00e7o de instala\u00e7\u00e3o gratuito"},{"text":"Suporte excepcional"},{"text":"Garantia de devolu\u00e7\u00e3o do dinheiro em 14 dias"},{"text":"Desenvolvimento cont\u00ednuo"}],"button_url":"#demo","button_target_blank":"0","button_nofollow":"0","attributes":[{"name":"Instala\u00e7\u00f5es","content":"10,000 - 100,000"},{"name":"Responsivo","content":"Sim"},{"name":"Navegadores compat\u00edveis","content":"Firefox, Safari, Opera, Chrome, Edge"}],"tags":[],"tags_disable_links":"0","hide_more_platforms":"0","video_object":"","demo_hide_cta":"0","demo_hide_cloud_options":"0","pricing_title":"","pricing":[{"pricing_icon":"platform","pricing_title":"Elfsight Apps","pricing_title_caption":"Software independente de plataforma","pricing_price":"a partir de US$ 0\/m\u00eas","pricing_price_caption":"comece com um plano gratuito","pricing_benefits":[{"text":"Sites ilimitados"},{"text":"Suporte dedicado e pontual"},{"text":"Suporte dedicado e pontual"},{"text":"Totalmente personaliz\u00e1vel"}],"pricing_button_text":"Adicionar ao site","pricing_button_url":"#demo"}],"related_apps_title":"","related_apps_hidden":"0","author":"","image":[],"title":"","job":"","social_networks":[]},"_links":{"self":[{"href":"https:\/\/elfsight.com\/pt\/wp-json\/wp\/v2\/pages\/11201","targetHints":{"allow":["GET"]}}],"collection":[{"href":"https:\/\/elfsight.com\/pt\/wp-json\/wp\/v2\/pages"}],"about":[{"href":"https:\/\/elfsight.com\/pt\/wp-json\/wp\/v2\/types\/page"}],"author":[{"embeddable":true,"href":"https:\/\/elfsight.com\/pt\/wp-json\/wp\/v2\/users\/9"}],"replies":[{"embeddable":true,"href":"https:\/\/elfsight.com\/pt\/wp-json\/wp\/v2\/comments?post=11201"}],"version-history":[{"count":2,"href":"https:\/\/elfsight.com\/pt\/wp-json\/wp\/v2\/pages\/11201\/revisions"}],"predecessor-version":[{"id":14441,"href":"https:\/\/elfsight.com\/pt\/wp-json\/wp\/v2\/pages\/11201\/revisions\/14441"}],"up":[{"embeddable":true,"href":"https:\/\/elfsight.com\/pt\/wp-json\/wp\/v2\/pages\/1402"}],"wp:attachment":[{"href":"https:\/\/elfsight.com\/pt\/wp-json\/wp\/v2\/media?parent=11201"}],"curies":[{"name":"wp","href":"https:\/\/api.w.org\/{rel}","templated":true}]}}