{"id":11194,"date":"2024-05-03T06:39:54","date_gmt":"2024-05-03T06:39:54","guid":{"rendered":"https:\/\/elfsight.com\/pt\/?page_id=11194"},"modified":"2025-03-06T11:21:32","modified_gmt":"2025-03-06T11:21:32","slug":"jimdo","status":"publish","type":"page","link":"https:\/\/elfsight.com\/pt\/job-board-widget\/jimdo\/","title":{"rendered":"Job Board &#8211; Jimdo"},"content":{"rendered":"\n<div class=\"application-platform-content-item-description application-platform-content-item\" id=\"description\" data-nav-section=\"description\"> <h2>Descri\u00e7\u00e3o<\/h2> <p>Elfsight Job Board \u00e9 uma ferramenta impressionante que permite publicar vagas de emprego e obter curr\u00edculos de candidatos diretamente no seu site da maneira mais f\u00e1cil. Com nosso novo widget voc\u00ea poder\u00e1 divulgar seu neg\u00f3cio, publicar informa\u00e7\u00f5es sobre vagas em aberto e receber curr\u00edculos. O widget permite que voc\u00ea crie um cart\u00e3o de trabalho acompanhado por uma descri\u00e7\u00e3o detalhada e um bot\u00e3o Aplicar. A contrata\u00e7\u00e3o do Job Board permite simplificar o processo de recrutamento e obter as respostas aos an\u00fancios de emprego com apenas alguns cliques. <\/p> <p><b>Contrate pessoas mais facilmente com o Job Board.<\/b><\/p> <\/div> <div class=\"application-platform-content-item-features application-platform-content-item\" id=\"features\" data-nav-section=\"features\"> <h2>Estes s\u00e3o apenas alguns dos muitos recursos do widget: <\/h2> <ul><li>Adicione quantas vagas desejar<\/li><li>Descreva a vaga detalhadamente e informe sobre: \u200b\u200bsal\u00e1rio, cargo e habilidades exigidas<\/li><li>Deixe contato detalhes: departamento, localiza\u00e7\u00e3o e nome da sua empresa<\/li><li>Insira o bot\u00e3o Saiba mais, bot\u00e3o Inscreva-se agora ou ambos<\/li><li>Configura\u00e7\u00f5es pop-up altern\u00e1veis<\/li><li>Fa\u00e7a com que seus cart\u00f5es de trabalho apare\u00e7am em um modo pop-up<\/li><\/ul><p><a href=\"#demo\">Voc\u00ea pode testar se o widget \u00e9 para voc\u00ea usando a demonstra\u00e7\u00e3o<\/a><\/p> <\/div> <div class=\"application-platform-content-item-installation application-platform-content-item\" id=\"installation\" data-nav-section=\"installation\"> <h2>Como adiciono Job Board ao meu site Jimdo? <\/h2> <p>Basta seguir as orienta\u00e7\u00f5es abaixo para adicionar a ferramenta. <\/p> <ol><li><b>Inicie nosso configurador gratuito e comece a criar seu instrumento personalizado. <\/b><br> Especifique a apar\u00eancia e os recursos selecionados da ferramenta e aplique as corre\u00e7\u00f5es. <\/li> <li><b>Adquira o seu c\u00f3digo exclusivo revelado na caixa das aplica\u00e7\u00f5es Elfsight. <\/b><br> Ap\u00f3s a gera\u00e7\u00e3o da sua ferramenta pessoal, copie o c\u00f3digo exclusivo na caixa e guarde-o para uso futuro. <\/li> <li><b>Comece a usar o widget no site Jimdo. <\/b><br> Cole o c\u00f3digo copiado recentemente em sua p\u00e1gina inicial e salve as melhorias. <\/li> <li><b>Conclu\u00eddo! A integra\u00e7\u00e3o foi realizada com sucesso. <\/b><br> Visite sua p\u00e1gina para dar uma olhada no funcionamento da ferramenta. <\/li><\/ol> <p>Se voc\u00ea tiver algum problema, sinta-se \u00e0 vontade para entrar em contato com nossa equipe de suporte. Nosso pessoal ficar\u00e1 animado para resolver todas as d\u00favidas que voc\u00ea possa ter com a ferramenta. <\/p> <div class=\"faq\" data-component=\"FAQ\"><div class=\"faq-item\">\r\n\t\t\t\t\t<div class=\"faq-item-question\">\r\n\t\t\t\t\t\t<h3 class=\"faq-item-question-text\">Existe uma maneira de incorporar um Job Board \u00e0 minha p\u00e1gina inicial do Jimdo sem nenhuma experi\u00eancia em codifica\u00e7\u00e3o?<\/h3>\r\n\r\n\t\t\t\t\t\t<div class=\"faq-item-question-icon\"><\/div>\r\n\t\t\t\t\t<\/div>\r\n\r\n\t\t\t\t\t<div class=\"faq-item-answer\">\r\n\t\t\t\t\t\t<div class=\"faq-item-answer-text\"> <p>A Elfsight apresenta uma solu\u00e7\u00e3o Cloud que permite que voc\u00ea mesmo gere um plugin do Job Board , descubra como o processo \u00e9 simples: acesse a demonstra\u00e7\u00e3o ao vivo para criar um aplicativo Job Board que voc\u00ea gostaria de adicionar ao site Jimdo. Selecione um dos muitos modelos prontos e altere as configura\u00e7\u00f5es do Job Board, adicione seu conte\u00fado, altere o layout e o esquema de cores sem habilidades de codifica\u00e7\u00e3o. Clique para salvar as configura\u00e7\u00f5es feitas no Job Board e obter o c\u00f3digo de instala\u00e7\u00e3o, que pode ser colado facilmente no seu site Jimdo gratuitamente. Com a ajuda do Editor simples, cada usu\u00e1rio da Internet pode criar uma se\u00e7\u00e3o do Job Board online e col\u00e1-la facilmente no site Jimdo. N\u00e3o h\u00e1 necessidade de pagar ou inserir os dados do seu cart\u00e3o para entrar em nosso servi\u00e7o. Se voc\u00ea encontrar qualquer tipo de problema, sinta-se \u00e0 vontade para entrar em contato com nossa equipe de suporte.<\/p> <\/div>\r\n\t\t\t\t\t<\/div>\r\n\t\t\t\t<\/div> <\/div><\/div>\n","protected":false},"excerpt":{"rendered":"","protected":false},"author":9,"featured_media":0,"parent":1402,"menu_order":0,"comment_status":"closed","ping_status":"closed","template":"templates\/template-application-platform.php","meta":{"publish_to_discourse":"","publish_post_category":"","wpdc_auto_publish_overridden":"","wpdc_topic_tags":"","wpdc_pin_topic":"","wpdc_pin_until":"","discourse_post_id":"","discourse_permalink":"","wpdc_publishing_response":"","wpdc_publishing_error":"","footnotes":""},"class_list":["post-11194","page","type-page","status-publish","hentry"],"yoast_head":"<!-- This site is optimized with the Yoast SEO plugin v25.3.1 - https:\/\/yoast.com\/wordpress\/plugins\/seo\/ -->\n<title>Jimdo Job Board - Adicionar vagas de emprego ao Jimdo (2026)<\/title>\n<meta name=\"description\" content=\"Adicione um widget Job Board responsivo ao seu site Jimdo e deixe seus funcion\u00e1rios em potencial explorarem as vagas abertas!\" \/>\n<meta name=\"robots\" content=\"index, follow, max-snippet:-1, max-image-preview:large, max-video-preview:-1\" \/>\n<link rel=\"canonical\" href=\"https:\/\/elfsight.com\/pt\/job-board-widget\/jimdo\/\" \/>\n<meta property=\"og:locale\" content=\"pt_PT\" \/>\n<meta property=\"og:type\" content=\"article\" \/>\n<meta property=\"og:title\" content=\"Jimdo Job Board - Adicionar vagas de emprego ao Jimdo (2026)\" \/>\n<meta property=\"og:description\" content=\"Adicione um widget Job Board responsivo ao seu site Jimdo e deixe seus funcion\u00e1rios em potencial explorarem as vagas abertas!\" \/>\n<meta property=\"og:url\" content=\"https:\/\/elfsight.com\/pt\/job-board-widget\/jimdo\/\" \/>\n<meta property=\"og:site_name\" content=\"Elfsight PT\" \/>\n<meta property=\"article:modified_time\" content=\"2025-03-06T11:21:32+00:00\" \/>\n<meta name=\"twitter:card\" content=\"summary_large_image\" \/>\n<meta name=\"twitter:label1\" content=\"Tempo estimado de leitura\" \/>\n\t<meta name=\"twitter:data1\" content=\"3 minutos\" \/>\n<!-- \/ Yoast SEO plugin. -->","yoast_head_json":{"title":"Jimdo Job Board - Adicionar vagas de emprego ao Jimdo (2026)","description":"Adicione um widget Job Board responsivo ao seu site Jimdo e deixe seus funcion\u00e1rios em potencial explorarem as vagas abertas!","robots":{"index":"index","follow":"follow","max-snippet":"max-snippet:-1","max-image-preview":"max-image-preview:large","max-video-preview":"max-video-preview:-1"},"canonical":"https:\/\/elfsight.com\/pt\/job-board-widget\/jimdo\/","og_locale":"pt_PT","og_type":"article","og_title":"Jimdo Job Board - Adicionar vagas de emprego ao Jimdo (2026)","og_description":"Adicione um widget Job Board responsivo ao seu site Jimdo e deixe seus funcion\u00e1rios em potencial explorarem as vagas abertas!","og_url":"https:\/\/elfsight.com\/pt\/job-board-widget\/jimdo\/","og_site_name":"Elfsight PT","article_modified_time":"2025-03-06T11:21:32+00:00","twitter_card":"summary_large_image","twitter_misc":{"Tempo estimado de leitura":"3 minutos"},"schema":{"@context":"https:\/\/schema.org","@graph":[{"@type":"WebPage","@id":"https:\/\/elfsight.com\/pt\/job-board-widget\/jimdo\/","url":"https:\/\/elfsight.com\/pt\/job-board-widget\/jimdo\/","name":"Jimdo Job Board - Adicionar vagas de emprego ao Jimdo (2026)","isPartOf":{"@id":"https:\/\/elfsight.com\/pt\/#website"},"datePublished":"2024-05-03T06:39:54+00:00","dateModified":"2025-03-06T11:21:32+00:00","description":"Adicione um widget Job Board responsivo ao seu site Jimdo e deixe seus funcion\u00e1rios em potencial explorarem as vagas abertas!","breadcrumb":{"@id":"https:\/\/elfsight.com\/pt\/job-board-widget\/jimdo\/#breadcrumb"},"inLanguage":"pt-PT","potentialAction":[{"@type":"ReadAction","target":["https:\/\/elfsight.com\/pt\/job-board-widget\/jimdo\/"]}]},{"@type":"BreadcrumbList","@id":"https:\/\/elfsight.com\/pt\/job-board-widget\/jimdo\/#breadcrumb","itemListElement":[{"@type":"ListItem","position":1,"name":"Home","item":"https:\/\/elfsight.com\/pt\/"},{"@type":"ListItem","position":2,"name":"Job Board","item":"https:\/\/elfsight.com\/pt\/job-board-widget\/"},{"@type":"ListItem","position":3,"name":"Job Board &#8211; Jimdo"}]},{"@type":"WebSite","@id":"https:\/\/elfsight.com\/pt\/#website","url":"https:\/\/elfsight.com\/pt\/","name":"Elfsight PT","description":"Just another Elfsight Sites site","potentialAction":[{"@type":"SearchAction","target":{"@type":"EntryPoint","urlTemplate":"https:\/\/elfsight.com\/pt\/?s={search_term_string}"},"query-input":{"@type":"PropertyValueSpecification","valueRequired":true,"valueName":"search_term_string"}}],"inLanguage":"pt-PT"}]}},"meta_box":{"industry":"","seo_heading":"","heading":"","description":"","cta_heading":"","cta_description":"","application":"1401","h1":"Widget Jimdo Job Board","h1_caption":"Publique vagas de emprego e obtenha curr\u00edculos de potenciais trabalhadores","application_category":[],"applications_title":"","applications_request_title":"","applications_request_button_text":"","hero_text":"","hero_video":"","hero_video_schema_markup":"","selling_points_title":"","selling_points_caption":"","selling_points":[],"selling_points_cta_text":"","features_title":"","features":"","ed_cta_examples_text":"","ed_cta_examples_hidden":"","ed_cta_demo_text":"","ed_cta_demo_hidden":"","why_caption":"","why_editor_title":"","why_editor_text":"","why_team_title":"","why_team_text":"","why_service_title":"","why_service_text":"","template_catalog_visible":"0","template_catalog_title":"","template_catalog_text":"","template_catalog_categories_visible":"","demo_title":"Crie seu widget do quadro de empregos","demo_caption":"Configure seu Job Board e adicione-o ao seu site Jimdo gratuitamente!","default_faq_hidden":"","app_template_category":[],"platform":"5393","template_public_id":"","codecanyon_url":"","codecanyon_item_id":"","codecanyon_price":"","pricing_caption":"","pricing_elfsight_apps_hide_column":"","pricing_elfsight_apps_url":"","pricing_codecanyon_price_caption":"","integration_category":[],"integration_request_title":"","integration_request_cta":"","integration_platform":"","integrations":[],"platform_category":[],"video_schema_markup":"","price":"a partir de US$ 0\/m\u00eas","trial":"","benefits":[{"text":"Assist\u00eancia de instala\u00e7\u00e3o gratuita"},{"text":"Suporte ao cliente experiente"},{"text":"Garantia de reembolso de 14 dias"},{"text":"Atualizando constantemente"}],"button_url":"#demo","button_target_blank":"0","button_nofollow":"0","attributes":[{"name":"Instala\u00e7\u00f5es","content":"10,000 - 100,000"},{"name":"Responsivo","content":"Sim"},{"name":"Navegadores compat\u00edveis","content":"Firefox, Safari, Opera, Chrome, Edge"}],"tags":[],"tags_disable_links":"0","hide_more_platforms":"0","video_object":"","demo_hide_cta":"0","demo_hide_cloud_options":"0","pricing_title":"","pricing":[{"pricing_icon":"platform","pricing_title":"Elfsight Apps","pricing_title_caption":"Software multiplataforma","pricing_price":"a partir de US$ 0\/m\u00eas","pricing_price_caption":"comece com um plano gratuito","pricing_benefits":[{"text":"N\u00famero irrestrito de sites"},{"text":"Suporte r\u00e1pido ao cliente"},{"text":"Suporte r\u00e1pido ao cliente"},{"text":"100% personaliz\u00e1vel"}],"pricing_button_text":"Adicionar ao site","pricing_button_url":"#demo"}],"related_apps_title":"","related_apps_hidden":"0","author":"","image":[],"title":"","job":"","social_networks":[]},"_links":{"self":[{"href":"https:\/\/elfsight.com\/pt\/wp-json\/wp\/v2\/pages\/11194","targetHints":{"allow":["GET"]}}],"collection":[{"href":"https:\/\/elfsight.com\/pt\/wp-json\/wp\/v2\/pages"}],"about":[{"href":"https:\/\/elfsight.com\/pt\/wp-json\/wp\/v2\/types\/page"}],"author":[{"embeddable":true,"href":"https:\/\/elfsight.com\/pt\/wp-json\/wp\/v2\/users\/9"}],"replies":[{"embeddable":true,"href":"https:\/\/elfsight.com\/pt\/wp-json\/wp\/v2\/comments?post=11194"}],"version-history":[{"count":2,"href":"https:\/\/elfsight.com\/pt\/wp-json\/wp\/v2\/pages\/11194\/revisions"}],"predecessor-version":[{"id":14442,"href":"https:\/\/elfsight.com\/pt\/wp-json\/wp\/v2\/pages\/11194\/revisions\/14442"}],"up":[{"embeddable":true,"href":"https:\/\/elfsight.com\/pt\/wp-json\/wp\/v2\/pages\/1402"}],"wp:attachment":[{"href":"https:\/\/elfsight.com\/pt\/wp-json\/wp\/v2\/media?parent=11194"}],"curies":[{"name":"wp","href":"https:\/\/api.w.org\/{rel}","templated":true}]}}