{"id":11185,"date":"2024-05-03T06:39:46","date_gmt":"2024-05-03T06:39:46","guid":{"rendered":"https:\/\/elfsight.com\/pt\/?page_id=11185"},"modified":"2024-06-25T09:38:41","modified_gmt":"2024-06-25T09:38:41","slug":"lightspeed","status":"publish","type":"page","link":"https:\/\/elfsight.com\/pt\/instagram-feed-instashow\/lightspeed\/","title":{"rendered":"InstaShow Lightspeed"},"content":{"rendered":"<div class=\"application-platform-content-item-description application-platform-content-item\" id=\"description\" data-nav-section=\"description\"> <h2>Descri\u00e7\u00e3o<\/h2><p>InstaShow \u00e9 um plugin responsivo para Instagram, que permite gerar galerias maravilhosas a partir de fotos e v\u00eddeos do Instagram. Uma infinidade de variantes de personaliza\u00e7\u00e3o da sua p\u00e1gina pessoal: todos os tipos de fontes, classifica\u00e7\u00e3o de postagens, mais de 60 op\u00e7\u00f5es personaliz\u00e1veis \u200b\u200be 10 variantes de layout, e 100% adapt\u00e1vel para todas as resolu\u00e7\u00f5es. Use um plugin totalmente responsivo e \u00fatil para atrair os usu\u00e1rios do seu site em um piscar de olhos. <\/p><div class=\"faq\" data-component=\"FAQ\"> <div class=\"faq-item\">\r\n\t\t\t\t\t<div class=\"faq-item-question\">\r\n\t\t\t\t\t\t<h3 class=\"faq-item-question-text\">O widget \u00e9 compat\u00edvel com smartphones? <\/h3>\r\n\r\n\t\t\t\t\t\t<div class=\"faq-item-question-icon\"><\/div>\r\n\t\t\t\t\t<\/div>\r\n\r\n\t\t\t\t\t<div class=\"faq-item-answer\">\r\n\t\t\t\t\t\t<div class=\"faq-item-answer-text\"><p>Claro! Seus usu\u00e1rios ter\u00e3o uma experi\u00eancia incr\u00edvel, n\u00e3o importa o tipo de ferramenta que utilizem &#8211; do desktop ao smartphone. <\/p><\/div>\r\n\t\t\t\t\t<\/div>\r\n\t\t\t\t<\/div><div class=\"faq-item\">\r\n\t\t\t\t\t<div class=\"faq-item-question\">\r\n\t\t\t\t\t\t<h3 class=\"faq-item-question-text\">Posso trabalhar com o plugin gratuitamente? <\/h3>\r\n\r\n\t\t\t\t\t\t<div class=\"faq-item-question-icon\"><\/div>\r\n\t\t\t\t\t<\/div>\r\n\r\n\t\t\t\t\t<div class=\"faq-item-answer\">\r\n\t\t\t\t\t\t<div class=\"faq-item-answer-text\"><p>Sim, sugerimos planos de tarifas diferentes, um dos quais \u00e9 gratuito. Caso queira um conjunto mais amplo de recursos, voc\u00ea pode atualizar seu plano a qualquer momento. <\/p><\/div>\r\n\t\t\t\t\t<\/div>\r\n\t\t\t\t<\/div><div class=\"faq-item\">\r\n\t\t\t\t\t<div class=\"faq-item-question\">\r\n\t\t\t\t\t\t<h3 class=\"faq-item-question-text\">Seu widget corresponde ao tema que meu site est\u00e1 aplicando?<\/h3>\r\n\r\n\t\t\t\t\t\t<div class=\"faq-item-question-icon\"><\/div>\r\n\t\t\t\t\t<\/div>\r\n\r\n\t\t\t\t\t<div class=\"faq-item-answer\">\r\n\t\t\t\t\t\t<div class=\"faq-item-answer-text\"><p>Claro! A ferramenta \u00e9 absolutamente compat\u00edvel com temas e construtores de sites que atendem aos requisitos padr\u00e3o do Lightspeed. E se n\u00e3o for o WordPress que voc\u00ea est\u00e1 aplicando, n\u00f3s lhe daremos uma ajuda.<\/p><\/div>\r\n\t\t\t\t\t<\/div>\r\n\t\t\t\t<\/div><\/div><\/div><div class=\"application-platform-content-item-features application-platform-content-item\" id=\"features\" data-nav-section=\"features\"><h2>Recursos<\/h2> <p>Para obter uma percep\u00e7\u00e3o clara de um <a href=\"https:\/\/elfsight.com\/blog\/how-to-embed-instagram-feed-on-website\/\">Feed do Instagram<\/a> do Lightspeed , voc\u00ea pode estudar a lista das principais caracter\u00edsticas. Eles tornam o aplicativo realmente eficaz para voc\u00ea:<\/p><ul><li><b>Fortale\u00e7a o \u00edndice de transa\u00e7\u00f5es<\/b><br>Demonstre seus produtos ou servi\u00e7os por meio de fotos do Instagram com a ajuda de hashtags, locais, conta ou por uma URL espec\u00edfica, para aumentar os resultados do seu site. <\/li> <li><b>M\u00e1ximo de seguidores no Instagram<\/b><br>Exiba bot\u00f5es especiais com uma chamada para obter assinatura e aumentar o n\u00famero de f\u00e3s da sua p\u00e1gina do Instagram. <\/li> <li><b>Envolve uma maior quantidade de visitantes<\/b><br>Exiba no seu site imagens do Instagram atrav\u00e9s do plugin Elfsight, e elas atrair\u00e3o mais leitores e far\u00e3o com que passem mais tempo no site . <\/li><\/ul><p><a href=\"#demo\">Explore todas as funcionalidades na demonstra\u00e7\u00e3o<\/a><\/p><\/div><div class=\"application-platform-content-item-installation application-platform-content-item\" id=\"installation\" data-nav-section=\"installation\"><h2> Como adicionar o feed do Instagram ao meu site Lightspeed? <\/h2> <p>Basta seguir as diretrizes abaixo para incorporar o widget. <\/p> <ol><li><b>Use nossa demonstra\u00e7\u00e3o gratuita e comece a construir seu plugin exclusivo. <\/b><br> Especifique a apar\u00eancia e as op\u00e7\u00f5es desejadas da ferramenta e salve as corre\u00e7\u00f5es. <\/li> <li><b>Copie o seu c\u00f3digo individual que \u00e9 mostrado no formul\u00e1rio especial nas aplica\u00e7\u00f5es Elfsight. <\/b><br> Assim que a personaliza\u00e7\u00e3o do seu widget pessoal for conclu\u00edda, copie o c\u00f3digo individual na janela exibida e guarde-o para uso posterior. <\/li> <li><b>Comece a usar o widget em um site Lightspeed. <\/b><br> Coloque o c\u00f3digo que voc\u00ea copiou recentemente em sua p\u00e1gina web e salve as melhorias. <\/li> <li><b>A configura\u00e7\u00e3o foi conclu\u00edda com sucesso. <\/b><br> Visite sua p\u00e1gina da web para verificar como o plugin funciona. <\/li><\/ol> <p>Caso tenha d\u00favidas ou encontre alguma complica\u00e7\u00e3o, escreva para nossa equipe de suporte. Nossos consultores ter\u00e3o prazer em resolver todas as d\u00favidas que voc\u00ea possa ter com o widget. <\/p> <\/div>","protected":false},"excerpt":{"rendered":"","protected":false},"author":9,"featured_media":0,"parent":481,"menu_order":0,"comment_status":"closed","ping_status":"closed","template":"templates\/template-application-platform.php","meta":{"publish_to_discourse":"","publish_post_category":"","wpdc_auto_publish_overridden":"","wpdc_topic_tags":"","wpdc_pin_topic":"","wpdc_pin_until":"","discourse_post_id":"","discourse_permalink":"","wpdc_publishing_response":"","wpdc_publishing_error":"","footnotes":""},"class_list":["post-11185","page","type-page","status-publish","hentry"],"yoast_head":"<!-- This site is optimized with the Yoast SEO plugin v25.3.1 - https:\/\/yoast.com\/wordpress\/plugins\/seo\/ -->\n<title>Feed do Instagram Lightspeed - InstaShow<\/title>\n<meta name=\"description\" content=\"Use Lightspeed Instagram Feed para criar galerias impressionantes de imagens do Instagram diretamente em sua Lightspeed Store e atrair p\u00fablico em um piscar de olhos!\" \/>\n<meta name=\"robots\" content=\"index, follow, max-snippet:-1, max-image-preview:large, max-video-preview:-1\" \/>\n<link rel=\"canonical\" href=\"https:\/\/elfsight.com\/pt\/instagram-feed-instashow\/lightspeed\/\" \/>\n<meta property=\"og:locale\" content=\"pt_PT\" \/>\n<meta property=\"og:type\" content=\"article\" \/>\n<meta property=\"og:title\" content=\"Feed do Instagram Lightspeed - InstaShow\" \/>\n<meta property=\"og:description\" content=\"Use Lightspeed Instagram Feed para criar galerias impressionantes de imagens do Instagram diretamente em sua Lightspeed Store e atrair p\u00fablico em um piscar de olhos!\" \/>\n<meta property=\"og:url\" content=\"https:\/\/elfsight.com\/pt\/instagram-feed-instashow\/lightspeed\/\" \/>\n<meta property=\"og:site_name\" content=\"Elfsight PT\" \/>\n<meta property=\"article:modified_time\" content=\"2024-06-25T09:38:41+00:00\" \/>\n<meta name=\"twitter:card\" content=\"summary_large_image\" \/>\n<meta name=\"twitter:label1\" content=\"Tempo estimado de leitura\" \/>\n\t<meta name=\"twitter:data1\" content=\"3 minutos\" \/>\n<!-- \/ Yoast SEO plugin. -->","yoast_head_json":{"title":"Feed do Instagram Lightspeed - InstaShow","description":"Use Lightspeed Instagram Feed para criar galerias impressionantes de imagens do Instagram diretamente em sua Lightspeed Store e atrair p\u00fablico em um piscar de olhos!","robots":{"index":"index","follow":"follow","max-snippet":"max-snippet:-1","max-image-preview":"max-image-preview:large","max-video-preview":"max-video-preview:-1"},"canonical":"https:\/\/elfsight.com\/pt\/instagram-feed-instashow\/lightspeed\/","og_locale":"pt_PT","og_type":"article","og_title":"Feed do Instagram Lightspeed - InstaShow","og_description":"Use Lightspeed Instagram Feed para criar galerias impressionantes de imagens do Instagram diretamente em sua Lightspeed Store e atrair p\u00fablico em um piscar de olhos!","og_url":"https:\/\/elfsight.com\/pt\/instagram-feed-instashow\/lightspeed\/","og_site_name":"Elfsight PT","article_modified_time":"2024-06-25T09:38:41+00:00","twitter_card":"summary_large_image","twitter_misc":{"Tempo estimado de leitura":"3 minutos"},"schema":{"@context":"https:\/\/schema.org","@graph":[{"@type":"WebPage","@id":"https:\/\/elfsight.com\/pt\/instagram-feed-instashow\/lightspeed\/","url":"https:\/\/elfsight.com\/pt\/instagram-feed-instashow\/lightspeed\/","name":"Feed do Instagram Lightspeed - InstaShow","isPartOf":{"@id":"https:\/\/elfsight.com\/pt\/#website"},"datePublished":"2024-05-03T06:39:46+00:00","dateModified":"2024-06-25T09:38:41+00:00","description":"Use Lightspeed Instagram Feed para criar galerias impressionantes de imagens do Instagram diretamente em sua Lightspeed Store e atrair p\u00fablico em um piscar de olhos!","breadcrumb":{"@id":"https:\/\/elfsight.com\/pt\/instagram-feed-instashow\/lightspeed\/#breadcrumb"},"inLanguage":"pt-PT","potentialAction":[{"@type":"ReadAction","target":["https:\/\/elfsight.com\/pt\/instagram-feed-instashow\/lightspeed\/"]}]},{"@type":"BreadcrumbList","@id":"https:\/\/elfsight.com\/pt\/instagram-feed-instashow\/lightspeed\/#breadcrumb","itemListElement":[{"@type":"ListItem","position":1,"name":"Home","item":"https:\/\/elfsight.com\/pt\/"},{"@type":"ListItem","position":2,"name":"Instagram Feed","item":"https:\/\/elfsight.com\/pt\/instagram-feed-instashow\/"},{"@type":"ListItem","position":3,"name":"InstaShow Lightspeed"}]},{"@type":"WebSite","@id":"https:\/\/elfsight.com\/pt\/#website","url":"https:\/\/elfsight.com\/pt\/","name":"Elfsight PT","description":"Just another Elfsight Sites site","potentialAction":[{"@type":"SearchAction","target":{"@type":"EntryPoint","urlTemplate":"https:\/\/elfsight.com\/pt\/?s={search_term_string}"},"query-input":{"@type":"PropertyValueSpecification","valueRequired":true,"valueName":"search_term_string"}}],"inLanguage":"pt-PT"}]}},"meta_box":{"industry":"","seo_heading":"","heading":"","description":"","cta_heading":"","cta_description":"","application":"480","h1":"Aplicativo Instagram Feed para Lightspeed","h1_caption":"Exiba fotos e v\u00eddeos do Instagram para transformar os visitantes do seu site em seguidores","application_category":[],"applications_title":"","applications_request_title":"","applications_request_button_text":"","hero_text":"","hero_video":"","hero_video_schema_markup":"","selling_points_title":"","selling_points_caption":"","selling_points":[],"selling_points_cta_text":"","features_title":"","features":"","ed_cta_examples_text":"","ed_cta_examples_hidden":"","ed_cta_demo_text":"","ed_cta_demo_hidden":"","why_caption":"","why_editor_title":"","why_editor_text":"","why_team_title":"","why_team_text":"","why_service_title":"","why_service_text":"","template_catalog_visible":"","template_catalog_title":"","template_catalog_text":"","template_catalog_categories_visible":"","demo_title":"Crie feed do Instagram gratuitamente!","demo_caption":"Teste seu feed do Instagram para um site Lightspeed usando nosso editor r\u00e1pido e gratuito.","default_faq_hidden":"","app_template_category":[],"platform":"5398","template_public_id":"","codecanyon_url":"","codecanyon_item_id":"","codecanyon_price":"","pricing_caption":"","pricing_elfsight_apps_hide_column":"","pricing_elfsight_apps_url":"","pricing_codecanyon_price_caption":"","integration_category":[],"integration_request_title":"","integration_request_cta":"","integration_platform":"","integrations":[],"platform_category":[],"video_schema_markup":"","price":"a partir de US$ 0\/m\u00eas","trial":"","benefits":[{"text":"Servi\u00e7o de instala\u00e7\u00e3o gratuito"},{"text":"Suporte premium"},{"text":"Garantia de devolu\u00e7\u00e3o do dinheiro em 14 dias"},{"text":"Atualiza\u00e7\u00f5es gratuitas cont\u00ednuas"}],"button_url":"#demo","button_target_blank":"","button_nofollow":"","attributes":[{"name":"Instala\u00e7\u00f5es","content":"10,000 - 100,000"},{"name":"Responsivo","content":"Sim"},{"name":"Navegadores compat\u00edveis","content":"IE11, Firefox, Safari, Opera, Chrome, Edge"}],"tags":[],"tags_disable_links":"","hide_more_platforms":"","video_object":"","demo_hide_cta":"","demo_hide_cloud_options":"","pricing_title":"","pricing":[{"pricing_icon":"platform","pricing_title":"Lightspeed app","pricing_title_caption":"Funciona em qualquer site Lightspeed","pricing_price":"a partir de US$ 0\/m\u00eas","pricing_price_caption":"Comece com um teste de 14 dias","pricing_benefits":[{"text":"Aplicativo Lightspeed nativo"},{"text":"Um pagamento para seu site e aplicativo"},{"text":"Um pagamento para seu site e aplicativo"},{"text":"Totalmente personaliz\u00e1vel para atender \u00e0s suas necessidades"}],"pricing_button_text":"Adicionar ao site","pricing_button_url":"#demo"}],"related_apps_title":"","related_apps_hidden":"","author":"","image":[],"title":"","job":"","social_networks":[]},"_links":{"self":[{"href":"https:\/\/elfsight.com\/pt\/wp-json\/wp\/v2\/pages\/11185","targetHints":{"allow":["GET"]}}],"collection":[{"href":"https:\/\/elfsight.com\/pt\/wp-json\/wp\/v2\/pages"}],"about":[{"href":"https:\/\/elfsight.com\/pt\/wp-json\/wp\/v2\/types\/page"}],"author":[{"embeddable":true,"href":"https:\/\/elfsight.com\/pt\/wp-json\/wp\/v2\/users\/9"}],"replies":[{"embeddable":true,"href":"https:\/\/elfsight.com\/pt\/wp-json\/wp\/v2\/comments?post=11185"}],"version-history":[{"count":1,"href":"https:\/\/elfsight.com\/pt\/wp-json\/wp\/v2\/pages\/11185\/revisions"}],"predecessor-version":[{"id":11189,"href":"https:\/\/elfsight.com\/pt\/wp-json\/wp\/v2\/pages\/11185\/revisions\/11189"}],"up":[{"embeddable":true,"href":"https:\/\/elfsight.com\/pt\/wp-json\/wp\/v2\/pages\/481"}],"wp:attachment":[{"href":"https:\/\/elfsight.com\/pt\/wp-json\/wp\/v2\/media?parent=11185"}],"curies":[{"name":"wp","href":"https:\/\/api.w.org\/{rel}","templated":true}]}}