{"id":11178,"date":"2024-05-03T06:39:22","date_gmt":"2024-05-03T06:39:22","guid":{"rendered":"https:\/\/elfsight.com\/pt\/?page_id=11178"},"modified":"2024-11-12T15:28:41","modified_gmt":"2024-11-12T15:28:41","slug":"jimdo","status":"publish","type":"page","link":"https:\/\/elfsight.com\/pt\/instagram-feed-instashow\/jimdo\/","title":{"rendered":"Instagram Feed &#8211; Jimdo"},"content":{"rendered":"\n<div class=\"application-platform-content-item-description application-platform-content-item\" id=\"description\" data-nav-section=\"description\"> <h2>Descri\u00e7\u00e3o<\/h2> <p>Elfsight Instagram Feed for Jimdo \u00e9 um plugin que visa ajud\u00e1-lo em todas as necessidades atuais na obten\u00e7\u00e3o de impress\u00f5es e solicita\u00e7\u00f5es dos clientes do seu site. Revele os itens cruciais para preenchimento, selecione o template desejado e personalize a interface para motivar seus clientes a deixarem solicita\u00e7\u00f5es de servi\u00e7os que sua empresa oferece. O Feed do Instagram foi pensado para atender todas as suas necessidades de obter feedback e estar sempre conectado com sua clientela. <\/p><p><b>Adicione o feed do Instagram para atingir suas metas de com\u00e9rcio eletr\u00f4nico com menos esfor\u00e7o! <\/b><\/p> <\/div> <div class=\"application-platform-content-item-features application-platform-content-item\" id=\"features\" data-nav-section=\"features\"> <h2>Encontre abaixo os recursos fundamentais do widget: <\/h2> <ul><li>Adicione feed do seu perfil a um site<\/li><li>2 layouts de feed prontos para uso: controle deslizante e grade<\/li><li>Dois modelos de postagem: cl\u00e1ssico e bloco<\/li><li>N\u00famero ajust\u00e1vel de colunas e linhas<\/li><li>Bot\u00f5es de call to action <\/li><li>Amplas configura\u00e7\u00f5es de postagem com elementos de postagem e pop-up<\/li><li>A\u00e7\u00e3o ao clicar na imagem <\/li><\/ul><p><a href=\" #demo\">Experimente todos os recursos de personaliza\u00e7\u00e3o na demonstra\u00e7\u00e3o completa<\/a><\/p> <\/div> <div class=\"application-platform-content-item-installation application-platform-content-item\" id=\"installation\" data-nav-section=\"installation\"> <h2>Como incorporo o feed do Instagram em meu site Jimdo? <\/h2> <p>Basta seguir as orienta\u00e7\u00f5es abaixo para come\u00e7ar a trabalhar com o widget. <\/p> <ol><li><b>Inicie nossa demonstra\u00e7\u00e3o gratuita e comece a criar seu pr\u00f3prio widget. <\/b><br> Determine a forma e os recursos preferidos do widget e aplique as edi\u00e7\u00f5es. <\/li> <li><b>Obtenha seu c\u00f3digo pessoal aparecendo na janela dos aplicativos Elfsight. <\/b><br> Ap\u00f3s a personaliza\u00e7\u00e3o do seu widget, copie o c\u00f3digo individual no pop-up e guarde-o para ocasi\u00f5es posteriores. <\/li> <li><b>Iniciar a utiliza\u00e7\u00e3o do widget no site Jimdo. <\/b><br> Integre o c\u00f3digo salvo anteriormente em seu site e aplique as corre\u00e7\u00f5es. <\/li> <li><b>Conclu\u00eddo! A integra\u00e7\u00e3o foi realizada com sucesso. <\/b><br> Acesse sua p\u00e1gina para observar o desempenho do widget. <\/li><\/ol> <p>Se voc\u00ea tiver alguma dificuldade, n\u00e3o hesite em entrar em contato com nossa equipe de atendimento ao cliente. Nosso pessoal ter\u00e1 prazer em ajud\u00e1-lo com todas as dificuldades que voc\u00ea possa ter com a ferramenta. <\/p> <\/div><div class=\"faq\" data-component=\"FAQ\"><div class=\"faq-item\">\r\n\t\t\t\t\t<div class=\"faq-item-question\">\r\n\t\t\t\t\t\t<h3 class=\"faq-item-question-text\">Existe uma maneira de incorporar o feed do Instagram \u00e0 minha p\u00e1gina Jimdo sem codifica\u00e7\u00e3o?<\/h3>\r\n\r\n\t\t\t\t\t\t<div class=\"faq-item-question-icon\"><\/div>\r\n\t\t\t\t\t<\/div>\r\n\r\n\t\t\t\t\t<div class=\"faq-item-answer\">\r\n\t\t\t\t\t\t<div class=\"faq-item-answer-text\"><p>A empresa Elfsight fornece uma solu\u00e7\u00e3o SaaS que permite aos usu\u00e1rios criar voc\u00ea mesmo uma se\u00e7\u00e3o de feed do Instagram, descubra as etapas f\u00e1ceis: <\/p><ul><li>Acesse a demonstra\u00e7\u00e3o on-line para estabelecer um aplicativo de feed do Instagram que voc\u00ea gostaria de adicionar ao seu site Jimdo.<\/li><li>Selecione um dos modelos pr\u00e9-concebidos e modifique as configura\u00e7\u00f5es do Instagram Feed, atualize seu conte\u00fado, altere o layout e as cores sem qualquer codifica\u00e7\u00e3o.<\/li><li>Clique para salvar o Instagram Feed e obter plugins c\u00f3digo de instala\u00e7\u00e3o, que pode ser incorporado na p\u00e1gina inicial do Jimdo sem a necessidade de comprar uma vers\u00e3o paga. <\/li><\/ul><p>Trabalhando no configurador f\u00e1cil de usar, cada usu\u00e1rio da web pode criar feed do Instagram e adicion\u00e1-lo facilmente \u00e0 p\u00e1gina do Jimdo. Voc\u00ea n\u00e3o deve pagar ou enviar os dados do seu cart\u00e3o para entrar no Elfsight Editor. Se voc\u00ea encontrar algum tipo de obst\u00e1culo, entre em contato com nossa equipe de suporte.<\/p><\/div>\r\n\t\t\t\t\t<\/div>\r\n\t\t\t\t<\/div><div class=\"faq-item\">\r\n\t\t\t\t\t<div class=\"faq-item-question\">\r\n\t\t\t\t\t\t<h3 class=\"faq-item-question-text\">Como incorporar o feed do Instagram gratuitamente no Jimdo?<\/h3>\r\n\r\n\t\t\t\t\t\t<div class=\"faq-item-question-icon\"><\/div>\r\n\t\t\t\t\t<\/div>\r\n\r\n\t\t\t\t\t<div class=\"faq-item-answer\">\r\n\t\t\t\t\t\t<div class=\"faq-item-answer-text\"><ol><p>Incorporar um O feed do Instagram no seu site Jimdo \u00e9 uma maneira not\u00e1vel de apresentar suas postagens mais recentes e manter alto o envolvimento dos visitantes.<\/p><ol><li>Para <a href=\"https:\/\/elfsight.com\/blog\/how-to-embed-instagram-feed-on-website\/\">incorporar Instagram Feed<\/a> gratuitamente no Jimdo, acesse o site da Elfsight e crie uma conta gratuita.<\/li><li>Utilize o Instagram gratuitamente widget personalizando sua apar\u00eancia e configura\u00e7\u00f5es para harmonizar com a est\u00e9tica do seu site Jimdo.<\/li><li>Depois de ajustar seu feed do Instagram gratuitamente, copie o c\u00f3digo de incorpora\u00e7\u00e3o distinto e cole-o no HTML da sua p\u00e1gina Jimdo onde desejar o feed a ser exibido.<\/li><\/ol><p>Ao incluir seu feed do Instagram em seu site Jimdo, voc\u00ea aumentar\u00e1 seu charme visual e garantir\u00e1 uma intera\u00e7\u00e3o consistente com o visitante. Aproveite as vantagens do widget Instagram da Elfsight sem nenhum custo para voc\u00ea!<\/p><\/ol><\/div>\r\n\t\t\t\t\t<\/div>\r\n\t\t\t\t<\/div><\/div>\n","protected":false},"excerpt":{"rendered":"","protected":false},"author":9,"featured_media":0,"parent":481,"menu_order":0,"comment_status":"closed","ping_status":"closed","template":"templates\/template-application-platform.php","meta":{"publish_to_discourse":"","publish_post_category":"","wpdc_auto_publish_overridden":"","wpdc_topic_tags":"","wpdc_pin_topic":"","wpdc_pin_until":"","discourse_post_id":"","discourse_permalink":"","wpdc_publishing_response":"","wpdc_publishing_error":"","footnotes":""},"class_list":["post-11178","page","type-page","status-publish","hentry"],"yoast_head":"<!-- This site is optimized with the Yoast SEO plugin v25.3.1 - https:\/\/yoast.com\/wordpress\/plugins\/seo\/ -->\n<title>Feed do Instagram - Adicionar widget do Instagram ao site Jimdo<\/title>\n<meta name=\"description\" content=\"Teste o widget premium do Instagram para o site Jimdo agora mesmo! Gere um feed Instagram personalizado na Elfsight em apenas 2 minutos.\" \/>\n<meta name=\"robots\" content=\"index, follow, max-snippet:-1, max-image-preview:large, max-video-preview:-1\" \/>\n<link rel=\"canonical\" href=\"https:\/\/elfsight.com\/pt\/instagram-feed-instashow\/jimdo\/\" \/>\n<meta property=\"og:locale\" content=\"pt_PT\" \/>\n<meta property=\"og:type\" content=\"article\" \/>\n<meta property=\"og:title\" content=\"Feed do Instagram - Adicionar widget do Instagram ao site Jimdo\" \/>\n<meta property=\"og:description\" content=\"Teste o widget premium do Instagram para o site Jimdo agora mesmo! Gere um feed Instagram personalizado na Elfsight em apenas 2 minutos.\" \/>\n<meta property=\"og:url\" content=\"https:\/\/elfsight.com\/pt\/instagram-feed-instashow\/jimdo\/\" \/>\n<meta property=\"og:site_name\" content=\"Elfsight PT\" \/>\n<meta property=\"article:modified_time\" content=\"2024-11-12T15:28:41+00:00\" \/>\n<meta name=\"twitter:card\" content=\"summary_large_image\" \/>\n<meta name=\"twitter:label1\" content=\"Tempo estimado de leitura\" \/>\n\t<meta name=\"twitter:data1\" content=\"4 minutos\" \/>\n<!-- \/ Yoast SEO plugin. -->","yoast_head_json":{"title":"Feed do Instagram - Adicionar widget do Instagram ao site Jimdo","description":"Teste o widget premium do Instagram para o site Jimdo agora mesmo! Gere um feed Instagram personalizado na Elfsight em apenas 2 minutos.","robots":{"index":"index","follow":"follow","max-snippet":"max-snippet:-1","max-image-preview":"max-image-preview:large","max-video-preview":"max-video-preview:-1"},"canonical":"https:\/\/elfsight.com\/pt\/instagram-feed-instashow\/jimdo\/","og_locale":"pt_PT","og_type":"article","og_title":"Feed do Instagram - Adicionar widget do Instagram ao site Jimdo","og_description":"Teste o widget premium do Instagram para o site Jimdo agora mesmo! Gere um feed Instagram personalizado na Elfsight em apenas 2 minutos.","og_url":"https:\/\/elfsight.com\/pt\/instagram-feed-instashow\/jimdo\/","og_site_name":"Elfsight PT","article_modified_time":"2024-11-12T15:28:41+00:00","twitter_card":"summary_large_image","twitter_misc":{"Tempo estimado de leitura":"4 minutos"},"schema":{"@context":"https:\/\/schema.org","@graph":[{"@type":"WebPage","@id":"https:\/\/elfsight.com\/pt\/instagram-feed-instashow\/jimdo\/","url":"https:\/\/elfsight.com\/pt\/instagram-feed-instashow\/jimdo\/","name":"Feed do Instagram - Adicionar widget do Instagram ao site Jimdo","isPartOf":{"@id":"https:\/\/elfsight.com\/pt\/#website"},"datePublished":"2024-05-03T06:39:22+00:00","dateModified":"2024-11-12T15:28:41+00:00","description":"Teste o widget premium do Instagram para o site Jimdo agora mesmo! Gere um feed Instagram personalizado na Elfsight em apenas 2 minutos.","breadcrumb":{"@id":"https:\/\/elfsight.com\/pt\/instagram-feed-instashow\/jimdo\/#breadcrumb"},"inLanguage":"pt-PT","potentialAction":[{"@type":"ReadAction","target":["https:\/\/elfsight.com\/pt\/instagram-feed-instashow\/jimdo\/"]}]},{"@type":"BreadcrumbList","@id":"https:\/\/elfsight.com\/pt\/instagram-feed-instashow\/jimdo\/#breadcrumb","itemListElement":[{"@type":"ListItem","position":1,"name":"Home","item":"https:\/\/elfsight.com\/pt\/"},{"@type":"ListItem","position":2,"name":"Instagram Feed","item":"https:\/\/elfsight.com\/pt\/instagram-feed-instashow\/"},{"@type":"ListItem","position":3,"name":"Instagram Feed &#8211; Jimdo"}]},{"@type":"WebSite","@id":"https:\/\/elfsight.com\/pt\/#website","url":"https:\/\/elfsight.com\/pt\/","name":"Elfsight PT","description":"Just another Elfsight Sites site","potentialAction":[{"@type":"SearchAction","target":{"@type":"EntryPoint","urlTemplate":"https:\/\/elfsight.com\/pt\/?s={search_term_string}"},"query-input":{"@type":"PropertyValueSpecification","valueRequired":true,"valueName":"search_term_string"}}],"inLanguage":"pt-PT"}]}},"meta_box":{"industry":"","seo_heading":"","heading":"","description":"","cta_heading":"","cta_description":"","application":"480","h1":"Widget de feed do Instagram para Jimdo","h1_caption":"Transforme os visitantes do seu site em assinantes do Instagram","application_category":[],"applications_title":"","applications_request_title":"","applications_request_button_text":"","hero_text":"","hero_video":"","hero_video_schema_markup":"","selling_points_title":"","selling_points_caption":"","selling_points":[],"selling_points_cta_text":"","features_title":"","features":"","ed_cta_examples_text":"","ed_cta_examples_hidden":"","ed_cta_demo_text":"","ed_cta_demo_hidden":"","why_caption":"","why_editor_title":"","why_editor_text":"","why_team_title":"","why_team_text":"","why_service_title":"","why_service_text":"","template_catalog_visible":"0","template_catalog_title":"","template_catalog_text":"","template_catalog_categories_visible":"","demo_title":"Crie seu widget de feed do Instagram","demo_caption":"Configure seu feed do Instagram e adicione-o ao seu site Jimdo gratuitamente!","default_faq_hidden":"","app_template_category":[],"platform":"5393","template_public_id":"","codecanyon_url":"","codecanyon_item_id":"","codecanyon_price":"","pricing_caption":"","pricing_elfsight_apps_hide_column":"","pricing_elfsight_apps_url":"","pricing_codecanyon_price_caption":"","integration_category":[],"integration_request_title":"","integration_request_cta":"","integration_platform":"","integrations":[],"platform_category":[],"video_schema_markup":"","price":"a partir de US$ 0\/m\u00eas","trial":"","benefits":[{"text":"Ajuda de instala\u00e7\u00e3o gratuita"},{"text":"Atendimento ao cliente competente"},{"text":"Garantia de reembolso de 14 dias"},{"text":"Atualizando constantemente"}],"button_url":"#demo","button_target_blank":"0","button_nofollow":"0","attributes":[{"name":"Instala\u00e7\u00f5es","content":"100,000 - 500,000"},{"name":"Responsivo","content":"Sim"},{"name":"Navegadores compat\u00edveis","content":"Firefox, Safari, Opera, Chrome, Edge"}],"tags":[],"tags_disable_links":"0","hide_more_platforms":"","video_object":"","demo_hide_cta":"0","demo_hide_cloud_options":"0","pricing_title":"","pricing":[{"pricing_icon":"platform","pricing_title":"Elfsight Apps","pricing_title_caption":"Solu\u00e7\u00e3o multiplataforma que se adapta a qualquer site","pricing_price":"a partir de US$ 0\/m\u00eas","pricing_price_caption":"comece com um plano gratuito","pricing_benefits":[{"text":"Dom\u00ednios ilimitados"},{"text":"Suporte gratuito ao cliente"},{"text":"Suporte gratuito ao cliente"},{"text":"Totalmente personaliz\u00e1vel"}],"pricing_button_text":"Adicionar ao site","pricing_button_url":"#demo"}],"related_apps_title":"","related_apps_hidden":"0","author":"","image":[],"title":"","job":"","social_networks":[]},"_links":{"self":[{"href":"https:\/\/elfsight.com\/pt\/wp-json\/wp\/v2\/pages\/11178","targetHints":{"allow":["GET"]}}],"collection":[{"href":"https:\/\/elfsight.com\/pt\/wp-json\/wp\/v2\/pages"}],"about":[{"href":"https:\/\/elfsight.com\/pt\/wp-json\/wp\/v2\/types\/page"}],"author":[{"embeddable":true,"href":"https:\/\/elfsight.com\/pt\/wp-json\/wp\/v2\/users\/9"}],"replies":[{"embeddable":true,"href":"https:\/\/elfsight.com\/pt\/wp-json\/wp\/v2\/comments?post=11178"}],"version-history":[{"count":2,"href":"https:\/\/elfsight.com\/pt\/wp-json\/wp\/v2\/pages\/11178\/revisions"}],"predecessor-version":[{"id":12981,"href":"https:\/\/elfsight.com\/pt\/wp-json\/wp\/v2\/pages\/11178\/revisions\/12981"}],"up":[{"embeddable":true,"href":"https:\/\/elfsight.com\/pt\/wp-json\/wp\/v2\/pages\/481"}],"wp:attachment":[{"href":"https:\/\/elfsight.com\/pt\/wp-json\/wp\/v2\/media?parent=11178"}],"curies":[{"name":"wp","href":"https:\/\/api.w.org\/{rel}","templated":true}]}}