{"id":11171,"date":"2024-05-03T06:38:56","date_gmt":"2024-05-03T06:38:56","guid":{"rendered":"https:\/\/elfsight.com\/pt\/?page_id=11171"},"modified":"2024-11-12T15:28:41","modified_gmt":"2024-11-12T15:28:41","slug":"jimdo","status":"publish","type":"page","link":"https:\/\/elfsight.com\/pt\/google-reviews-widget\/jimdo\/","title":{"rendered":"Google Reviews &#8211; Jimdo"},"content":{"rendered":"<div class=\"application-platform-content-item-description application-platform-content-item\" id=\"description\" data-nav-section=\"description\"> <h2>Descri\u00e7\u00e3o<\/h2> <p>Elfsight Google Reviews \u00e9 um widget \u00fatil que oferece a possibilidade de exibir as avalia\u00e7\u00f5es do seu estoque diretamente no seu site de todos os principais sites de avalia\u00e7\u00e3o. Com a ajuda de nosso widget, voc\u00ea conseguir\u00e1 usar filtros para ocultar coment\u00e1rios indesejados, aumentar sua classifica\u00e7\u00e3o por estrelas e n\u00famero de sua p\u00e1gina em qualquer p\u00e1gina de avalia\u00e7\u00f5es de neg\u00f3cios, adicionar informa\u00e7\u00f5es sobre os autores dos coment\u00e1rios e adicionar uma chamada para &#8211; bot\u00e3o de a\u00e7\u00e3o que far\u00e1 com que os visitantes escrevam suas ideias. O widget Elfsight Google Reviews ir\u00e1 encoraj\u00e1-lo a exibir sua maravilhosa prova social no site e come\u00e7ar a obter mais vendas. <\/p> <p><b>Torne seu site mais eficiente para metas de neg\u00f3cios com a ajuda do Google<\/b><\/p> <\/div> <div class=\"application-platform-content-item-features application-platform-content-item\" id=\"features\" data-nav-section=\"features\"> <h2>Aqui est\u00e1 a lista de os recursos mais importantes: <\/h2> <ul><li>Incorporar coment\u00e1rios de clientes da Conta do Google<\/li><li>3 tipos de filtros: excluir por, por tipo e quantidade de coment\u00e1rios<\/li><li>Quatro tipos de layout: Slider, Lista, Grade e Alvenaria<\/li><li>arrasta navega\u00e7\u00e3o e tipos de setas no layout Slider<\/li><li>Definir velocidade de reprodu\u00e7\u00e3o autom\u00e1tica e velocidade de slide<\/li><li>Selecionar tipo de pagina\u00e7\u00e3o em Layout do controle deslizante<\/li><li>Bot\u00e3o de call to action para obter avalia\u00e7\u00f5es de novos usu\u00e1rios na p\u00e1gina do Google<\/li><li>Tr\u00eas modelos de avalia\u00e7\u00e3o: bolha, destaque, cl\u00e1ssico<\/li><li>Seis elementos flex\u00edveis de os coment\u00e1rios: data e \u00edcone do Google, classifica\u00e7\u00e3o por estrelas, foto, nome do autor e recomenda\u00e7\u00e3o<\/li><li>Uma op\u00e7\u00e3o para alterar o tamanho da fonte do texto do coment\u00e1rio<\/li><\/ul><p><a href=\"# demo\">Voc\u00ea pode testar todos os recursos do widget na demonstra\u00e7\u00e3o aqui<\/a><\/p> <\/div> <div class=\"application-platform-content-item-installation application-platform-content-item\" id=\"installation\" data-nav-section=\"installation\"> <h2>Como adicionar o Google Reviews ao meu site Jimdo? <\/h2> <p>Basta seguir as orienta\u00e7\u00f5es abaixo para inserir a ferramenta. <\/p> <ol><li><b>Gerencie nossa demonstra\u00e7\u00e3o gratuita e comece a construir seu instrumento personalizado. <\/b><br> Determine o layout preferido e as op\u00e7\u00f5es do widget e aplique as modifica\u00e7\u00f5es. <\/li> <li><b>Copie seu c\u00f3digo exclusivo exposto na janela dos aplicativos Elfsight. <\/b><br> Quando a configura\u00e7\u00e3o do seu widget estiver conclu\u00edda, copie o c\u00f3digo pessoal na caixa e salve-o para uso posterior. <\/li> <li><b>Inicie o emprego da ferramenta em sua p\u00e1gina Jimdo. <\/b><br> Coloque o c\u00f3digo que voc\u00ea salvou recentemente em seu site e aplique as modifica\u00e7\u00f5es. <\/li> <li><b>A configura\u00e7\u00e3o foi totalmente executada. <\/b><br> V\u00e1 para sua p\u00e1gina para verificar o funcionamento do widget. <\/li><\/ol> <p>Caso voc\u00ea tenha alguma dificuldade, n\u00e3o tenha medo de entrar em contato com nossa equipe de atendimento ao cliente. Nossos especialistas ter\u00e3o prazer em ajud\u00e1-lo com todos os problemas que voc\u00ea possa ter com o widget. <\/p> <div class=\"faq\" data-component=\"FAQ\"> <div class=\"faq-item\">\r\n\t\t\t\t\t<div class=\"faq-item-question\">\r\n\t\t\t\t\t\t<h3 class=\"faq-item-question-text\">Como adicionar o Google Reviews ao meu site Jimdo sem habilidades de codifica\u00e7\u00e3o?<\/h3>\r\n\r\n\t\t\t\t\t\t<div class=\"faq-item-question-icon\"><\/div>\r\n\t\t\t\t\t<\/div>\r\n\r\n\t\t\t\t\t<div class=\"faq-item-answer\">\r\n\t\t\t\t\t\t<div class=\"faq-item-answer-text\"> <p>A Elfsight fornece uma solu\u00e7\u00e3o SaaS que permite que voc\u00ea mesmo crie um widget do Google Reviews. Veja como \u00e9 f\u00e1cil o processo \u00e9: Trabalhe diretamente no Editor on-line para criar um widget de Avalia\u00e7\u00f5es do Google que voc\u00ea gostaria de ver em seu site Jimdo. Escolha um dos modelos predefinidos e ajuste as configura\u00e7\u00f5es do Google Reviews, adicione seu conte\u00fado, altere o layout e o esquema de cores sem habilidades de codifica\u00e7\u00e3o. Salve o Google Reviews e copie seu c\u00f3digo de instala\u00e7\u00e3o, que voc\u00ea pode incorporar facilmente em seu site Jimdo sem a necessidade de comprar uma vers\u00e3o paga. Com nosso editor intuitivo, qualquer usu\u00e1rio da Internet pode criar um widget do Google Reviews on-line e incorpor\u00e1-lo facilmente ao seu site Jimdo. N\u00e3o h\u00e1 necessidade de pagar ou inserir as credenciais do seu cart\u00e3o para acessar o servi\u00e7o. Se voc\u00ea enfrentar qualquer problema em qualquer etapa, n\u00e3o hesite em entrar em contato com nossa equipe de suporte t\u00e9cnico.<\/p> <\/div>\r\n\t\t\t\t\t<\/div>\r\n\t\t\t\t<\/div> <\/div> <\/div>","protected":false},"excerpt":{"rendered":"","protected":false},"author":9,"featured_media":0,"parent":443,"menu_order":0,"comment_status":"closed","ping_status":"closed","template":"templates\/template-application-platform.php","meta":{"publish_to_discourse":"","publish_post_category":"","wpdc_auto_publish_overridden":"","wpdc_topic_tags":"","wpdc_pin_topic":"","wpdc_pin_until":"","discourse_post_id":"","discourse_permalink":"","wpdc_publishing_response":"","wpdc_publishing_error":"","footnotes":""},"class_list":["post-11171","page","type-page","status-publish","hentry"],"yoast_head":"<!-- This site is optimized with the Yoast SEO plugin v25.3.1 - https:\/\/yoast.com\/wordpress\/plugins\/seo\/ -->\n<title>Incorporar widget de avalia\u00e7\u00f5es do Google em seu site Jimdo (2025)<\/title>\n<meta name=\"description\" content=\"N\u00e3o \u00e9 dif\u00edcil criar seu widget de avalia\u00e7\u00f5es do Google e adicion\u00e1-lo ao site Jimdo. O suporte ao cliente da Elfsight \u00e9 gratuito e r\u00e1pido.\" \/>\n<meta name=\"robots\" content=\"index, follow, max-snippet:-1, max-image-preview:large, max-video-preview:-1\" \/>\n<link rel=\"canonical\" href=\"https:\/\/elfsight.com\/pt\/google-reviews-widget\/jimdo\/\" \/>\n<meta property=\"og:locale\" content=\"pt_PT\" \/>\n<meta property=\"og:type\" content=\"article\" \/>\n<meta property=\"og:title\" content=\"Incorporar widget de avalia\u00e7\u00f5es do Google em seu site Jimdo (2025)\" \/>\n<meta property=\"og:description\" content=\"N\u00e3o \u00e9 dif\u00edcil criar seu widget de avalia\u00e7\u00f5es do Google e adicion\u00e1-lo ao site Jimdo. O suporte ao cliente da Elfsight \u00e9 gratuito e r\u00e1pido.\" \/>\n<meta property=\"og:url\" content=\"https:\/\/elfsight.com\/pt\/google-reviews-widget\/jimdo\/\" \/>\n<meta property=\"og:site_name\" content=\"Elfsight PT\" \/>\n<meta property=\"article:modified_time\" content=\"2024-11-12T15:28:41+00:00\" \/>\n<meta name=\"twitter:card\" content=\"summary_large_image\" \/>\n<meta name=\"twitter:label1\" content=\"Tempo estimado de leitura\" \/>\n\t<meta name=\"twitter:data1\" content=\"3 minutos\" \/>\n<!-- \/ Yoast SEO plugin. -->","yoast_head_json":{"title":"Incorporar widget de avalia\u00e7\u00f5es do Google em seu site Jimdo (2025)","description":"N\u00e3o \u00e9 dif\u00edcil criar seu widget de avalia\u00e7\u00f5es do Google e adicion\u00e1-lo ao site Jimdo. O suporte ao cliente da Elfsight \u00e9 gratuito e r\u00e1pido.","robots":{"index":"index","follow":"follow","max-snippet":"max-snippet:-1","max-image-preview":"max-image-preview:large","max-video-preview":"max-video-preview:-1"},"canonical":"https:\/\/elfsight.com\/pt\/google-reviews-widget\/jimdo\/","og_locale":"pt_PT","og_type":"article","og_title":"Incorporar widget de avalia\u00e7\u00f5es do Google em seu site Jimdo (2025)","og_description":"N\u00e3o \u00e9 dif\u00edcil criar seu widget de avalia\u00e7\u00f5es do Google e adicion\u00e1-lo ao site Jimdo. O suporte ao cliente da Elfsight \u00e9 gratuito e r\u00e1pido.","og_url":"https:\/\/elfsight.com\/pt\/google-reviews-widget\/jimdo\/","og_site_name":"Elfsight PT","article_modified_time":"2024-11-12T15:28:41+00:00","twitter_card":"summary_large_image","twitter_misc":{"Tempo estimado de leitura":"3 minutos"},"schema":{"@context":"https:\/\/schema.org","@graph":[{"@type":"WebPage","@id":"https:\/\/elfsight.com\/pt\/google-reviews-widget\/jimdo\/","url":"https:\/\/elfsight.com\/pt\/google-reviews-widget\/jimdo\/","name":"Incorporar widget de avalia\u00e7\u00f5es do Google em seu site Jimdo (2025)","isPartOf":{"@id":"https:\/\/elfsight.com\/pt\/#website"},"datePublished":"2024-05-03T06:38:56+00:00","dateModified":"2024-11-12T15:28:41+00:00","description":"N\u00e3o \u00e9 dif\u00edcil criar seu widget de avalia\u00e7\u00f5es do Google e adicion\u00e1-lo ao site Jimdo. O suporte ao cliente da Elfsight \u00e9 gratuito e r\u00e1pido.","breadcrumb":{"@id":"https:\/\/elfsight.com\/pt\/google-reviews-widget\/jimdo\/#breadcrumb"},"inLanguage":"pt-PT","potentialAction":[{"@type":"ReadAction","target":["https:\/\/elfsight.com\/pt\/google-reviews-widget\/jimdo\/"]}]},{"@type":"BreadcrumbList","@id":"https:\/\/elfsight.com\/pt\/google-reviews-widget\/jimdo\/#breadcrumb","itemListElement":[{"@type":"ListItem","position":1,"name":"Home","item":"https:\/\/elfsight.com\/pt\/"},{"@type":"ListItem","position":2,"name":"Google Reviews","item":"https:\/\/elfsight.com\/pt\/google-reviews-widget\/"},{"@type":"ListItem","position":3,"name":"Google Reviews &#8211; Jimdo"}]},{"@type":"WebSite","@id":"https:\/\/elfsight.com\/pt\/#website","url":"https:\/\/elfsight.com\/pt\/","name":"Elfsight PT","description":"Just another Elfsight Sites site","potentialAction":[{"@type":"SearchAction","target":{"@type":"EntryPoint","urlTemplate":"https:\/\/elfsight.com\/pt\/?s={search_term_string}"},"query-input":{"@type":"PropertyValueSpecification","valueRequired":true,"valueName":"search_term_string"}}],"inLanguage":"pt-PT"}]}},"meta_box":{"industry":"","seo_heading":"","heading":"","description":"","cta_heading":"","cta_description":"","application":"442","h1":"Widget Jimdo Google Avalia\u00e7\u00f5es","h1_caption":"Aumente a confian\u00e7a do cliente demonstrando depoimentos do Google sobre sua empresa diretamente em seu site","application_category":[],"applications_title":"","applications_request_title":"","applications_request_button_text":"","hero_text":"","hero_video":"","hero_video_schema_markup":"","selling_points_title":"","selling_points_caption":"","selling_points":[],"selling_points_cta_text":"","features_title":"","features":"","ed_cta_examples_text":"","ed_cta_examples_hidden":"","ed_cta_demo_text":"","ed_cta_demo_hidden":"","why_caption":"","why_editor_title":"","why_editor_text":"","why_team_title":"","why_team_text":"","why_service_title":"","why_service_text":"","template_catalog_visible":"","template_catalog_title":"","template_catalog_text":"","template_catalog_categories_visible":"","demo_title":"Crie seu widget de coment\u00e1rios do Google","demo_caption":"Configure suas avalia\u00e7\u00f5es do Google e adicione-as ao seu site Jimdo gratuitamente!","default_faq_hidden":"","app_template_category":[],"platform":"5393","template_public_id":"","codecanyon_url":"","codecanyon_item_id":"","codecanyon_price":"","pricing_caption":"","pricing_elfsight_apps_hide_column":"","pricing_elfsight_apps_url":"","pricing_codecanyon_price_caption":"","integration_category":[],"integration_request_title":"","integration_request_cta":"","integration_platform":"","integrations":[],"platform_category":[],"video_schema_markup":"","price":"a partir de US$ 0\/m\u00eas","trial":"","benefits":[{"text":"Servi\u00e7o de instala\u00e7\u00e3o gratuito"},{"text":"Suporte excepcional"},{"text":"Garantia de reembolso de 14 dias"},{"text":"Melhorias regulares"}],"button_url":"#demo","button_target_blank":"","button_nofollow":"","attributes":[{"name":"Instala\u00e7\u00f5es","content":"100,000 - 500,000"},{"name":"Responsivo","content":"Sim"},{"name":"Navegadores compat\u00edveis","content":"Firefox, Safari, Opera, Chrome, Edge"}],"tags":[],"tags_disable_links":"","hide_more_platforms":"","video_object":"","demo_hide_cta":"","demo_hide_cloud_options":"","pricing_title":"","pricing":[{"pricing_icon":"platform","pricing_title":"Elfsight Apps","pricing_title_caption":"Software multiplataforma","pricing_price":"a partir de US$ 0\/m\u00eas","pricing_price_caption":"comece com um plano gratuito","pricing_benefits":[{"text":"Sites ilimitados"},{"text":"Suporte gratuito e pontual"},{"text":"Suporte gratuito e pontual"},{"text":"Totalmente personaliz\u00e1vel"}],"pricing_button_text":"Adicionar ao site","pricing_button_url":"#demo"}],"related_apps_title":"","related_apps_hidden":"","author":"","image":[],"title":"","job":"","social_networks":[]},"_links":{"self":[{"href":"https:\/\/elfsight.com\/pt\/wp-json\/wp\/v2\/pages\/11171","targetHints":{"allow":["GET"]}}],"collection":[{"href":"https:\/\/elfsight.com\/pt\/wp-json\/wp\/v2\/pages"}],"about":[{"href":"https:\/\/elfsight.com\/pt\/wp-json\/wp\/v2\/types\/page"}],"author":[{"embeddable":true,"href":"https:\/\/elfsight.com\/pt\/wp-json\/wp\/v2\/users\/9"}],"replies":[{"embeddable":true,"href":"https:\/\/elfsight.com\/pt\/wp-json\/wp\/v2\/comments?post=11171"}],"version-history":[{"count":1,"href":"https:\/\/elfsight.com\/pt\/wp-json\/wp\/v2\/pages\/11171\/revisions"}],"predecessor-version":[{"id":11175,"href":"https:\/\/elfsight.com\/pt\/wp-json\/wp\/v2\/pages\/11171\/revisions\/11175"}],"up":[{"embeddable":true,"href":"https:\/\/elfsight.com\/pt\/wp-json\/wp\/v2\/pages\/443"}],"wp:attachment":[{"href":"https:\/\/elfsight.com\/pt\/wp-json\/wp\/v2\/media?parent=11171"}],"curies":[{"name":"wp","href":"https:\/\/api.w.org\/{rel}","templated":true}]}}