{"id":11163,"date":"2024-05-03T06:38:30","date_gmt":"2024-05-03T06:38:30","guid":{"rendered":"https:\/\/elfsight.com\/pt\/?page_id=11163"},"modified":"2024-11-12T15:28:41","modified_gmt":"2024-11-12T15:28:41","slug":"jimdo","status":"publish","type":"page","link":"https:\/\/elfsight.com\/pt\/google-maps-widget\/jimdo\/","title":{"rendered":"Google Maps &#8211; Jimdo"},"content":{"rendered":"<div class=\"application-platform-content-item-description application-platform-content-item\" id=\"description\" data-nav-section=\"description\"> <h2>Descri\u00e7\u00e3o<\/h2> <p>Um plugin de f\u00e1cil instala\u00e7\u00e3o, universal e totalmente customizado, que facilita muito a busca por locais para o seu clientes. Eficiente na atra\u00e7\u00e3o de clientes off-line, adi\u00e7\u00e3o r\u00e1pida a um site e op\u00e7\u00f5es de personaliza\u00e7\u00e3o transformam-no em um dos melhores valores em dinheiro para cada site Jimdo. Gere mais clientes reais usando mapas responsivos em seu site! <\/p><p><b>Use o Google Maps para atingir seus objetivos de com\u00e9rcio eletr\u00f4nico com mais rapidez! <\/b><\/p> <\/div> <div class=\"application-platform-content-item-features application-platform-content-item\" id=\"features\" data-nav-section=\"features\"> <h2>Oferecemos recursos pr\u00e1ticos e f\u00e1ceis, veja alguns deles: <\/h2> <ul><li>Mais de 50 marcadores de localiza\u00e7\u00e3o para um mapa interativo<\/li><li>Tr\u00eas tipos de anima\u00e7\u00e3o de marcador<\/li><li>Adicionar novo local inserindo apenas suas coordenadas, endere\u00e7o ou nome <\/li><li>Todos os recursos do Google Maps s\u00e3o suportados: tipos de mapa, camadas, controles<\/li><li>Cart\u00e3o de informa\u00e7\u00f5es com o m\u00e1ximo de informa\u00e7\u00f5es de contato<\/li><li>Cria\u00e7\u00e3o autom\u00e1tica de rota a partir da localiza\u00e7\u00e3o do visitante <\/li><li>Editar o t\u00edtulo do painel de localiza\u00e7\u00e3o e escolher elementos<\/li><li>Redirecionamento de URL para cada marcador clic\u00e1vel <\/li><li>Aparece um cart\u00e3o de informa\u00e7\u00f5es para cada marcador individualmente<\/li><\/ul><p><a href=\"#demo\">Voc\u00ea pode testar todos os recursos do widget na demonstra\u00e7\u00e3o aqui<\/a><\/p> <\/div> <div class=\"application-platform-content-item-installation application-platform-content-item\" id=\"installation\" data-nav-section=\"installation\"> <h2>Como adicionar o Google Maps ao meu site Jimdo? <\/h2> <p>Basta seguir as orienta\u00e7\u00f5es abaixo para adicionar a ferramenta. <\/p> <ol><li><b>Utilize nossa demonstra\u00e7\u00e3o gratuita e comece a criar seu instrumento personalizado. <\/b><br> Determine o layout e as caracter\u00edsticas prefer\u00edveis da ferramenta e salve as modifica\u00e7\u00f5es. <\/li> <li><b>Copie o seu c\u00f3digo exclusivo revelado na janela dos aplicativos Elfsight. <\/b><br> Assim que a configura\u00e7\u00e3o do seu widget pessoal for conclu\u00edda, copie o c\u00f3digo pessoal no pop-up exibido e guarde-o para ocasi\u00f5es posteriores. <\/li> <li><b>Comece a usar o widget na p\u00e1gina Jimdo. <\/b><br> Insira o c\u00f3digo copiado anteriormente em seu site e salve as corre\u00e7\u00f5es. <\/li> <li><b>A configura\u00e7\u00e3o foi realizada com sucesso. <\/b><br> Acesse seu site para analisar como o widget est\u00e1 funcionando. <\/li><\/ol> <p>Caso encontre algum obst\u00e1culo, escreva para nossa equipe de atendimento ao cliente. Nossos especialistas est\u00e3o ansiosos para ajud\u00e1-lo com todos os problemas que voc\u00ea possa ter com o widget. <\/p> <div class=\"faq\" data-component=\"FAQ\"><div class=\"faq-item\">\r\n\t\t\t\t\t<div class=\"faq-item-question\">\r\n\t\t\t\t\t\t<h3 class=\"faq-item-question-text\">Como adicionar o Google Maps ao meu site Jimdo sem habilidades de codifica\u00e7\u00e3o?<\/h3>\r\n\r\n\t\t\t\t\t\t<div class=\"faq-item-question-icon\"><\/div>\r\n\t\t\t\t\t<\/div>\r\n\r\n\t\t\t\t\t<div class=\"faq-item-answer\">\r\n\t\t\t\t\t\t<div class=\"faq-item-answer-text\"> <p>A Elfsight fornece uma solu\u00e7\u00e3o SaaS que permite que voc\u00ea mesmo crie um widget do Google Maps. Veja como \u00e9 f\u00e1cil o processo \u00e9: Trabalhe diretamente no Editor on-line para criar um widget do Google Maps que voc\u00ea gostaria de ver em seu site Jimdo. Escolha um dos modelos predefinidos e ajuste as configura\u00e7\u00f5es do Google Maps, adicione seu conte\u00fado, altere o layout e as cores sem nenhuma habilidade de codifica\u00e7\u00e3o. Salve o Google Maps e copie seu c\u00f3digo de instala\u00e7\u00e3o, para que voc\u00ea possa adicion\u00e1-lo facilmente ao seu site Jimdo sem comprar uma assinatura paga. Com nosso editor intuitivo, qualquer usu\u00e1rio da Internet pode criar um widget do Google Maps on-line e incorpor\u00e1-lo facilmente ao seu site Jimdo. N\u00e3o h\u00e1 necessidade de pagar ou inserir as credenciais do seu cart\u00e3o para acessar o servi\u00e7o. Se voc\u00ea enfrentar qualquer problema em qualquer etapa, n\u00e3o hesite em entrar em contato com nossa equipe de suporte t\u00e9cnico.<\/p> <\/div>\r\n\t\t\t\t\t<\/div>\r\n\t\t\t\t<\/div> <\/div><\/div>","protected":false},"excerpt":{"rendered":"","protected":false},"author":9,"featured_media":0,"parent":635,"menu_order":0,"comment_status":"closed","ping_status":"closed","template":"templates\/template-application-platform.php","meta":{"publish_to_discourse":"","publish_post_category":"","wpdc_auto_publish_overridden":"","wpdc_topic_tags":"","wpdc_pin_topic":"","wpdc_pin_until":"","discourse_post_id":"","discourse_permalink":"","wpdc_publishing_response":"","wpdc_publishing_error":"","footnotes":""},"class_list":["post-11163","page","type-page","status-publish","hentry"],"yoast_head":"<!-- This site is optimized with the Yoast SEO plugin v25.3.1 - https:\/\/yoast.com\/wordpress\/plugins\/seo\/ -->\n<title>Google Maps \u2013 Adicionar widget de mapa ao site Jimdo (2025)<\/title>\n<meta name=\"description\" content=\"Crie um widget do Google Maps personalizado para o site Jimdo. Demonstre mapas extensos em apenas 2 minutos gratuitamente no painel de plug-ins mais f\u00e1cil.\" \/>\n<meta name=\"robots\" content=\"index, follow, max-snippet:-1, max-image-preview:large, max-video-preview:-1\" \/>\n<link rel=\"canonical\" href=\"https:\/\/elfsight.com\/pt\/google-maps-widget\/jimdo\/\" \/>\n<meta property=\"og:locale\" content=\"pt_PT\" \/>\n<meta property=\"og:type\" content=\"article\" \/>\n<meta property=\"og:title\" content=\"Google Maps \u2013 Adicionar widget de mapa ao site Jimdo (2025)\" \/>\n<meta property=\"og:description\" content=\"Crie um widget do Google Maps personalizado para o site Jimdo. Demonstre mapas extensos em apenas 2 minutos gratuitamente no painel de plug-ins mais f\u00e1cil.\" \/>\n<meta property=\"og:url\" content=\"https:\/\/elfsight.com\/pt\/google-maps-widget\/jimdo\/\" \/>\n<meta property=\"og:site_name\" content=\"Elfsight PT\" \/>\n<meta property=\"article:modified_time\" content=\"2024-11-12T15:28:41+00:00\" \/>\n<meta name=\"twitter:card\" content=\"summary_large_image\" \/>\n<meta name=\"twitter:label1\" content=\"Tempo estimado de leitura\" \/>\n\t<meta name=\"twitter:data1\" content=\"3 minutos\" \/>\n<!-- \/ Yoast SEO plugin. -->","yoast_head_json":{"title":"Google Maps \u2013 Adicionar widget de mapa ao site Jimdo (2025)","description":"Crie um widget do Google Maps personalizado para o site Jimdo. Demonstre mapas extensos em apenas 2 minutos gratuitamente no painel de plug-ins mais f\u00e1cil.","robots":{"index":"index","follow":"follow","max-snippet":"max-snippet:-1","max-image-preview":"max-image-preview:large","max-video-preview":"max-video-preview:-1"},"canonical":"https:\/\/elfsight.com\/pt\/google-maps-widget\/jimdo\/","og_locale":"pt_PT","og_type":"article","og_title":"Google Maps \u2013 Adicionar widget de mapa ao site Jimdo (2025)","og_description":"Crie um widget do Google Maps personalizado para o site Jimdo. Demonstre mapas extensos em apenas 2 minutos gratuitamente no painel de plug-ins mais f\u00e1cil.","og_url":"https:\/\/elfsight.com\/pt\/google-maps-widget\/jimdo\/","og_site_name":"Elfsight PT","article_modified_time":"2024-11-12T15:28:41+00:00","twitter_card":"summary_large_image","twitter_misc":{"Tempo estimado de leitura":"3 minutos"},"schema":{"@context":"https:\/\/schema.org","@graph":[{"@type":"WebPage","@id":"https:\/\/elfsight.com\/pt\/google-maps-widget\/jimdo\/","url":"https:\/\/elfsight.com\/pt\/google-maps-widget\/jimdo\/","name":"Google Maps \u2013 Adicionar widget de mapa ao site Jimdo (2025)","isPartOf":{"@id":"https:\/\/elfsight.com\/pt\/#website"},"datePublished":"2024-05-03T06:38:30+00:00","dateModified":"2024-11-12T15:28:41+00:00","description":"Crie um widget do Google Maps personalizado para o site Jimdo. Demonstre mapas extensos em apenas 2 minutos gratuitamente no painel de plug-ins mais f\u00e1cil.","breadcrumb":{"@id":"https:\/\/elfsight.com\/pt\/google-maps-widget\/jimdo\/#breadcrumb"},"inLanguage":"pt-PT","potentialAction":[{"@type":"ReadAction","target":["https:\/\/elfsight.com\/pt\/google-maps-widget\/jimdo\/"]}]},{"@type":"BreadcrumbList","@id":"https:\/\/elfsight.com\/pt\/google-maps-widget\/jimdo\/#breadcrumb","itemListElement":[{"@type":"ListItem","position":1,"name":"Home","item":"https:\/\/elfsight.com\/pt\/"},{"@type":"ListItem","position":2,"name":"Google Maps","item":"https:\/\/elfsight.com\/pt\/google-maps-widget\/"},{"@type":"ListItem","position":3,"name":"Google Maps &#8211; Jimdo"}]},{"@type":"WebSite","@id":"https:\/\/elfsight.com\/pt\/#website","url":"https:\/\/elfsight.com\/pt\/","name":"Elfsight PT","description":"Just another Elfsight Sites site","potentialAction":[{"@type":"SearchAction","target":{"@type":"EntryPoint","urlTemplate":"https:\/\/elfsight.com\/pt\/?s={search_term_string}"},"query-input":{"@type":"PropertyValueSpecification","valueRequired":true,"valueName":"search_term_string"}}],"inLanguage":"pt-PT"}]}},"meta_box":{"industry":"","seo_heading":"","heading":"","description":"","cta_heading":"","cta_description":"","application":"634","h1":"Widget do Google Maps para Jimdo","h1_caption":"Plugin n\u00ba 1 para exibir mapas responsivos no site Jimdo","application_category":[],"applications_title":"","applications_request_title":"","applications_request_button_text":"","hero_text":"","hero_video":"","hero_video_schema_markup":"","selling_points_title":"","selling_points_caption":"","selling_points":[],"selling_points_cta_text":"","features_title":"","features":"","ed_cta_examples_text":"","ed_cta_examples_hidden":"","ed_cta_demo_text":"","ed_cta_demo_hidden":"","why_caption":"","why_editor_title":"","why_editor_text":"","why_team_title":"","why_team_text":"","why_service_title":"","why_service_text":"","template_catalog_visible":"","template_catalog_title":"","template_catalog_text":"","template_catalog_categories_visible":"","demo_title":"Crie seu widget do Google Maps","demo_caption":"Configure seu Google Maps e adicione-o ao seu site Jimdo gratuitamente!","default_faq_hidden":"","app_template_category":[],"platform":"5393","template_public_id":"","codecanyon_url":"","codecanyon_item_id":"","codecanyon_price":"","pricing_caption":"","pricing_elfsight_apps_hide_column":"","pricing_elfsight_apps_url":"","pricing_codecanyon_price_caption":"","integration_category":[],"integration_request_title":"","integration_request_cta":"","integration_platform":"","integrations":[],"platform_category":[],"video_schema_markup":"","price":"a partir de US$ 0\/m\u00eas","trial":"","benefits":[{"text":"Servi\u00e7o de instala\u00e7\u00e3o gratuito"},{"text":"Suporte ao cliente experiente"},{"text":"Garantia de reembolso de 14 dias"},{"text":"Desenvolvimento cont\u00ednuo"}],"button_url":"#demo","button_target_blank":"","button_nofollow":"","attributes":[{"name":"Instala\u00e7\u00f5es","content":"100,000 - 500,000"},{"name":"Responsivo","content":"Sim"},{"name":"Navegadores compat\u00edveis","content":"Firefox, Safari, Opera, Chrome, Edge"}],"tags":[],"tags_disable_links":"","hide_more_platforms":"","video_object":"","demo_hide_cta":"","demo_hide_cloud_options":"","pricing_title":"","pricing":[{"pricing_icon":"platform","pricing_title":"Elfsight Apps","pricing_title_caption":"Solu\u00e7\u00e3o digital independente de plataforma que funciona em qualquer site","pricing_price":"a partir de US$ 0\/m\u00eas","pricing_price_caption":"comece com um plano gratuito","pricing_benefits":[{"text":"N\u00famero irrestrito de sites"},{"text":"Suporte premium"},{"text":"Suporte premium"},{"text":"Design flex\u00edvel"}],"pricing_button_text":"Adicionar ao site","pricing_button_url":"#demo"}],"related_apps_title":"","related_apps_hidden":"","author":"","image":[],"title":"","job":"","social_networks":[]},"_links":{"self":[{"href":"https:\/\/elfsight.com\/pt\/wp-json\/wp\/v2\/pages\/11163","targetHints":{"allow":["GET"]}}],"collection":[{"href":"https:\/\/elfsight.com\/pt\/wp-json\/wp\/v2\/pages"}],"about":[{"href":"https:\/\/elfsight.com\/pt\/wp-json\/wp\/v2\/types\/page"}],"author":[{"embeddable":true,"href":"https:\/\/elfsight.com\/pt\/wp-json\/wp\/v2\/users\/9"}],"replies":[{"embeddable":true,"href":"https:\/\/elfsight.com\/pt\/wp-json\/wp\/v2\/comments?post=11163"}],"version-history":[{"count":1,"href":"https:\/\/elfsight.com\/pt\/wp-json\/wp\/v2\/pages\/11163\/revisions"}],"predecessor-version":[{"id":11167,"href":"https:\/\/elfsight.com\/pt\/wp-json\/wp\/v2\/pages\/11163\/revisions\/11167"}],"up":[{"embeddable":true,"href":"https:\/\/elfsight.com\/pt\/wp-json\/wp\/v2\/pages\/635"}],"wp:attachment":[{"href":"https:\/\/elfsight.com\/pt\/wp-json\/wp\/v2\/media?parent=11163"}],"curies":[{"name":"wp","href":"https:\/\/api.w.org\/{rel}","templated":true}]}}