{"id":11161,"date":"2024-05-03T06:38:28","date_gmt":"2024-05-03T06:38:28","guid":{"rendered":"https:\/\/elfsight.com\/pt\/?page_id=11161"},"modified":"2024-11-13T11:49:21","modified_gmt":"2024-11-13T11:49:21","slug":"bigcommerce","status":"publish","type":"page","link":"https:\/\/elfsight.com\/pt\/g2-crowd-reviews-widget\/bigcommerce\/","title":{"rendered":"G2 Crowd Reviews &#8211; BigCommerce"},"content":{"rendered":"<div class=\"application-platform-content-item-description application-platform-content-item\" id=\"description\" data-nav-section=\"description\"><h2>Descri\u00e7\u00e3o<\/h2> <p>A aplica\u00e7\u00e3o Elfsight G2 Reviews \u00e9 o m\u00e9todo mais pr\u00e1tico para manter a reputa\u00e7\u00e3o da sua marca, demonstrando coment\u00e1rios de clientes reais sobre a sua ofertas. Revele apenas as avalia\u00e7\u00f5es positivas ou mais atraentes e organize-as da maneira que desejar. Re\u00fana provas sociais mostrando ao seu p\u00fablico que voc\u00ea confia. Ajude os visitantes a postar novos coment\u00e1rios sobre suas ofertas e servi\u00e7os e incentive conversas com os clientes! <\/p><p><b>Integre avalia\u00e7\u00f5es do G2 Crowd ao seu site com facilidade e rapidez<\/b><\/p><\/div><div class=\"application-platform-content-item-features application-platform-content-item\" id=\"features\" data-nav-section=\"features\"><h2>Recursos<\/h2> <p>Para ter um conhecimento claro do aplicativo, descubra a lista de suas principais fun\u00e7\u00f5es. Eles tornam este widget o mais eficiente poss\u00edvel para sua loja:<\/p><ul><li>Tr\u00eas variantes de filtros: por tipo, exclus\u00e3o por e quantidade de avalia\u00e7\u00f5es a serem exibidas; <\/li><li>Quatro layouts predefinidos: Lista, Grade, Alvenaria e Slider; <\/li><li>Uma op\u00e7\u00e3o para controlar o cabe\u00e7alho do aplicativo; <\/li><li>O bot\u00e3o de solicita\u00e7\u00e3o de revis\u00e3o direciona os usu\u00e1rios para a conta G2; <\/li><li>6 unidades flex\u00edveis do aplicativo: nome do autor e imagem, texto de recomenda\u00e7\u00e3o, data, sinal G2 e classifica\u00e7\u00e3o por estrelas; <\/li><li>Dois cen\u00e1rios potenciais de rejei\u00e7\u00e3o de solicita\u00e7\u00e3o de revis\u00e3o: revelar seu texto ou ocultar o bot\u00e3o. <\/li><\/ul><p><a href=\"#demo\">Nossa demonstra\u00e7\u00e3o demonstrar\u00e1 todos os recursos para voc\u00ea<\/a><\/p><\/div><div class=\"application-platform-content-item-installation application-platform-content-item\" id=\"installation\" data-nav-section=\"installation\"><h2>Como adicionar G2 Crowd Reviews ao site BigCommerce<\/h2><p>Basta seguir v\u00e1rias etapas apresentadas abaixo para ativar o widget no BigCommerce.<\/p> <ol><li><b>Execute nosso configurador gratuito e comece a formar seu pr\u00f3prio aplicativo. <\/b><br> Especifique o layout preferido e as especifica\u00e7\u00f5es da ferramenta e aplique as corre\u00e7\u00f5es. <\/li> <li><b>Copie o c\u00f3digo pessoal que aparece na janela dos aplicativos Elfsight. <\/b><br> Assim que a cria\u00e7\u00e3o da sua ferramenta for conclu\u00edda, copie o c\u00f3digo pessoal no pop-up que aparece e guarde-o para uso posterior. <\/li> <li><b>Comece a usar o widget G2 Crowd Reviews em seu site BigCommerce. <\/b><br> Integre o c\u00f3digo copiado recentemente em sua p\u00e1gina e aplique as melhorias. <\/li> <li><b>Conclu\u00eddo! A integra\u00e7\u00e3o foi finalizada com sucesso. <\/b><br> Acesse seu site para revisar o trabalho do aplicativo. <\/li><\/ol><p>Ainda tem algo que o deixa inseguro? Ou tendo problemas? Basta encaminhar uma solicita\u00e7\u00e3o ao nosso servi\u00e7o de atendimento ao cliente e eles resolver\u00e3o qualquer tipo de problema. <\/p><div class=\"faq\" data-component=\"FAQ\"> <div class=\"faq-item\">\r\n\t\t\t\t\t<div class=\"faq-item-question\">\r\n\t\t\t\t\t\t<h3 class=\"faq-item-question-text\">Como adicionar G2 Reviews ao meu site BigCommerce sem habilidades de codifica\u00e7\u00e3o?<\/h3>\r\n\r\n\t\t\t\t\t\t<div class=\"faq-item-question-icon\"><\/div>\r\n\t\t\t\t\t<\/div>\r\n\r\n\t\t\t\t\t<div class=\"faq-item-answer\">\r\n\t\t\t\t\t\t<div class=\"faq-item-answer-text\"> <p>A Elfsight fornece uma solu\u00e7\u00e3o SaaS que permite que voc\u00ea mesmo crie um widget G2 Reviews, veja como \u00e9 f\u00e1cil o processo \u00e9: Trabalhe diretamente no Editor online para criar um widget G2 Reviews que voc\u00ea gostaria de ver em seu site BigCommerce. Escolha um dos modelos predefinidos e ajuste as configura\u00e7\u00f5es do G2 Reviews, adicione seu conte\u00fado, altere o layout e o esquema de cores sem habilidades de codifica\u00e7\u00e3o. Salve o G2 Reviews e copie seu c\u00f3digo de instala\u00e7\u00e3o, que voc\u00ea pode incluir em seu site BigCommerce sem comprar uma vers\u00e3o paga. Com nosso editor intuitivo, qualquer usu\u00e1rio da Internet pode criar um widget G2 Reviews online e incorpor\u00e1-lo facilmente em seu site BigCommerce. N\u00e3o h\u00e1 necessidade de pagar ou inserir as credenciais do seu cart\u00e3o para acessar o servi\u00e7o. Se voc\u00ea enfrentar qualquer problema em qualquer etapa, n\u00e3o hesite em entrar em contato com nossa equipe de suporte t\u00e9cnico.<\/p> <\/div>\r\n\t\t\t\t\t<\/div>\r\n\t\t\t\t<\/div> <\/div> <\/div>","protected":false},"excerpt":{"rendered":"","protected":false},"author":9,"featured_media":0,"parent":1637,"menu_order":0,"comment_status":"closed","ping_status":"closed","template":"templates\/template-application-platform.php","meta":{"publish_to_discourse":"","publish_post_category":"","wpdc_auto_publish_overridden":"","wpdc_topic_tags":"","wpdc_pin_topic":"","wpdc_pin_until":"","discourse_post_id":"","discourse_permalink":"","wpdc_publishing_response":"","wpdc_publishing_error":"","footnotes":""},"class_list":["post-11161","page","type-page","status-publish","hentry"],"yoast_head":"<!-- This site is optimized with the Yoast SEO plugin v25.3.1 - https:\/\/yoast.com\/wordpress\/plugins\/seo\/ -->\n<title>Incorporar G2 Crowd Reviews ao site BigCommerce (gratuito e r\u00e1pido)<\/title>\n<meta name=\"description\" content=\"N\u00e3o \u00e9 dif\u00edcil moldar seu aplicativo G2 Crowd Reviews e exibi-lo no site do BigCommerce. O suporte ao cliente da Elfsight \u00e9 gratuito.\" \/>\n<meta name=\"robots\" content=\"index, follow, max-snippet:-1, max-image-preview:large, max-video-preview:-1\" \/>\n<link rel=\"canonical\" href=\"https:\/\/elfsight.com\/pt\/g2-crowd-reviews-widget\/bigcommerce\/\" \/>\n<meta property=\"og:locale\" content=\"pt_PT\" \/>\n<meta property=\"og:type\" content=\"article\" \/>\n<meta property=\"og:title\" content=\"Incorporar G2 Crowd Reviews ao site BigCommerce (gratuito e r\u00e1pido)\" \/>\n<meta property=\"og:description\" content=\"N\u00e3o \u00e9 dif\u00edcil moldar seu aplicativo G2 Crowd Reviews e exibi-lo no site do BigCommerce. O suporte ao cliente da Elfsight \u00e9 gratuito.\" \/>\n<meta property=\"og:url\" content=\"https:\/\/elfsight.com\/pt\/g2-crowd-reviews-widget\/bigcommerce\/\" \/>\n<meta property=\"og:site_name\" content=\"Elfsight PT\" \/>\n<meta property=\"article:modified_time\" content=\"2024-11-13T11:49:21+00:00\" \/>\n<meta name=\"twitter:card\" content=\"summary_large_image\" \/>\n<meta name=\"twitter:label1\" content=\"Tempo estimado de leitura\" \/>\n\t<meta name=\"twitter:data1\" content=\"3 minutos\" \/>\n<!-- \/ Yoast SEO plugin. -->","yoast_head_json":{"title":"Incorporar G2 Crowd Reviews ao site BigCommerce (gratuito e r\u00e1pido)","description":"N\u00e3o \u00e9 dif\u00edcil moldar seu aplicativo G2 Crowd Reviews e exibi-lo no site do BigCommerce. O suporte ao cliente da Elfsight \u00e9 gratuito.","robots":{"index":"index","follow":"follow","max-snippet":"max-snippet:-1","max-image-preview":"max-image-preview:large","max-video-preview":"max-video-preview:-1"},"canonical":"https:\/\/elfsight.com\/pt\/g2-crowd-reviews-widget\/bigcommerce\/","og_locale":"pt_PT","og_type":"article","og_title":"Incorporar G2 Crowd Reviews ao site BigCommerce (gratuito e r\u00e1pido)","og_description":"N\u00e3o \u00e9 dif\u00edcil moldar seu aplicativo G2 Crowd Reviews e exibi-lo no site do BigCommerce. O suporte ao cliente da Elfsight \u00e9 gratuito.","og_url":"https:\/\/elfsight.com\/pt\/g2-crowd-reviews-widget\/bigcommerce\/","og_site_name":"Elfsight PT","article_modified_time":"2024-11-13T11:49:21+00:00","twitter_card":"summary_large_image","twitter_misc":{"Tempo estimado de leitura":"3 minutos"},"schema":{"@context":"https:\/\/schema.org","@graph":[{"@type":"WebPage","@id":"https:\/\/elfsight.com\/pt\/g2-crowd-reviews-widget\/bigcommerce\/","url":"https:\/\/elfsight.com\/pt\/g2-crowd-reviews-widget\/bigcommerce\/","name":"Incorporar G2 Crowd Reviews ao site BigCommerce (gratuito e r\u00e1pido)","isPartOf":{"@id":"https:\/\/elfsight.com\/pt\/#website"},"datePublished":"2024-05-03T06:38:28+00:00","dateModified":"2024-11-13T11:49:21+00:00","description":"N\u00e3o \u00e9 dif\u00edcil moldar seu aplicativo G2 Crowd Reviews e exibi-lo no site do BigCommerce. O suporte ao cliente da Elfsight \u00e9 gratuito.","breadcrumb":{"@id":"https:\/\/elfsight.com\/pt\/g2-crowd-reviews-widget\/bigcommerce\/#breadcrumb"},"inLanguage":"pt-PT","potentialAction":[{"@type":"ReadAction","target":["https:\/\/elfsight.com\/pt\/g2-crowd-reviews-widget\/bigcommerce\/"]}]},{"@type":"BreadcrumbList","@id":"https:\/\/elfsight.com\/pt\/g2-crowd-reviews-widget\/bigcommerce\/#breadcrumb","itemListElement":[{"@type":"ListItem","position":1,"name":"Home","item":"https:\/\/elfsight.com\/pt\/"},{"@type":"ListItem","position":2,"name":"G2 Crowd Reviews","item":"https:\/\/elfsight.com\/pt\/g2-crowd-reviews-widget\/"},{"@type":"ListItem","position":3,"name":"G2 Crowd Reviews &#8211; BigCommerce"}]},{"@type":"WebSite","@id":"https:\/\/elfsight.com\/pt\/#website","url":"https:\/\/elfsight.com\/pt\/","name":"Elfsight PT","description":"Just another Elfsight Sites site","potentialAction":[{"@type":"SearchAction","target":{"@type":"EntryPoint","urlTemplate":"https:\/\/elfsight.com\/pt\/?s={search_term_string}"},"query-input":{"@type":"PropertyValueSpecification","valueRequired":true,"valueName":"search_term_string"}}],"inLanguage":"pt-PT"}]}},"meta_box":{"industry":"","seo_heading":"","heading":"","description":"","cta_heading":"","cta_description":"","application":"1636","h1":"Cr\u00edticas da multid\u00e3o G2 para BigCommerce","h1_caption":"Apenas os depoimentos de clientes certos do G2 em seu site","application_category":[],"applications_title":"","applications_request_title":"","applications_request_button_text":"","hero_text":"","hero_video":"","hero_video_schema_markup":"","selling_points_title":"","selling_points_caption":"","selling_points":[],"selling_points_cta_text":"","features_title":"","features":"","ed_cta_examples_text":"","ed_cta_examples_hidden":"","ed_cta_demo_text":"","ed_cta_demo_hidden":"","why_caption":"","why_editor_title":"","why_editor_text":"","why_team_title":"","why_team_text":"","why_service_title":"","why_service_text":"","template_catalog_visible":"","template_catalog_title":"","template_catalog_text":"","template_catalog_categories_visible":"","demo_title":"Crie seu aplicativo G2 Crowd Reviews","demo_caption":"Configure seu G2 Crowd Reviews e adicione-o ao seu site BigCommerce gratuitamente!","default_faq_hidden":"","app_template_category":[],"platform":"43","template_public_id":"","codecanyon_url":"","codecanyon_item_id":"","codecanyon_price":"","pricing_caption":"","pricing_elfsight_apps_hide_column":"","pricing_elfsight_apps_url":"","pricing_codecanyon_price_caption":"","integration_category":[],"integration_request_title":"","integration_request_cta":"","integration_platform":"","integrations":[],"platform_category":[],"video_schema_markup":"","price":"a partir de US$ 0\/m\u00eas","trial":"","benefits":[{"text":"Assist\u00eancia de instala\u00e7\u00e3o gratuita"},{"text":"Suporte premium"},{"text":"Garantia de reembolso de 14 dias"},{"text":"Melhorias gratuitas cont\u00ednuas"}],"button_url":"#demo","button_target_blank":"","button_nofollow":"","attributes":[{"name":"Instala\u00e7\u00f5es","content":"10,000 - 100,000"},{"name":"Responsivo","content":"Sim"},{"name":"Navegadores compat\u00edveis","content":"Firefox, Safari, Opera, Chrome, Edge"}],"tags":[],"tags_disable_links":"","hide_more_platforms":"","video_object":"","demo_hide_cta":"","demo_hide_cloud_options":"","pricing_title":"","pricing":[{"pricing_icon":"platform","pricing_title":"Elfsight Apps","pricing_title_caption":"Solu\u00e7\u00e3o multiplataforma adequada para qualquer site","pricing_price":"a partir de US$ 0\/m\u00eas","pricing_price_caption":"comece com um plano gratuito","pricing_benefits":[{"text":"Dom\u00ednios ilimitados"},{"text":"Servi\u00e7o de instala\u00e7\u00e3o gratuito"},{"text":"Servi\u00e7o de instala\u00e7\u00e3o gratuito"},{"text":"100% personaliz\u00e1vel"}],"pricing_button_text":"Adicionar ao site","pricing_button_url":"#demo"}],"related_apps_title":"","related_apps_hidden":"","author":"","image":[],"title":"","job":"","social_networks":[]},"_links":{"self":[{"href":"https:\/\/elfsight.com\/pt\/wp-json\/wp\/v2\/pages\/11161","targetHints":{"allow":["GET"]}}],"collection":[{"href":"https:\/\/elfsight.com\/pt\/wp-json\/wp\/v2\/pages"}],"about":[{"href":"https:\/\/elfsight.com\/pt\/wp-json\/wp\/v2\/types\/page"}],"author":[{"embeddable":true,"href":"https:\/\/elfsight.com\/pt\/wp-json\/wp\/v2\/users\/9"}],"replies":[{"embeddable":true,"href":"https:\/\/elfsight.com\/pt\/wp-json\/wp\/v2\/comments?post=11161"}],"version-history":[{"count":1,"href":"https:\/\/elfsight.com\/pt\/wp-json\/wp\/v2\/pages\/11161\/revisions"}],"predecessor-version":[{"id":11165,"href":"https:\/\/elfsight.com\/pt\/wp-json\/wp\/v2\/pages\/11161\/revisions\/11165"}],"up":[{"embeddable":true,"href":"https:\/\/elfsight.com\/pt\/wp-json\/wp\/v2\/pages\/1637"}],"wp:attachment":[{"href":"https:\/\/elfsight.com\/pt\/wp-json\/wp\/v2\/media?parent=11161"}],"curies":[{"name":"wp","href":"https:\/\/api.w.org\/{rel}","templated":true}]}}