{"id":11153,"date":"2024-05-03T06:38:24","date_gmt":"2024-05-03T06:38:24","guid":{"rendered":"https:\/\/elfsight.com\/pt\/?page_id=11153"},"modified":"2024-11-13T11:49:12","modified_gmt":"2024-11-13T11:49:12","slug":"joomla","status":"publish","type":"page","link":"https:\/\/elfsight.com\/pt\/g2-crowd-reviews-widget\/joomla\/","title":{"rendered":"G2 Crowd Reviews &#8211; Joomla"},"content":{"rendered":"<div class=\"application-platform-content-item-description application-platform-content-item\" id=\"description\" data-nav-section=\"description\"><h2>Descri\u00e7\u00e3o<\/h2> <p>O Elfsight G2 Reviews \u00e9 a maneira mais confort\u00e1vel de melhorar a reputa\u00e7\u00e3o da sua empresa, exibindo coment\u00e1rios de usu\u00e1rios reais em seu Servi\u00e7os. Publique apenas os coment\u00e1rios melhores ou mais significativos e organize-os exatamente como deseja. Re\u00fana provas sociais demonstrando aos visitantes do seu site que voc\u00ea tem um bom n\u00edvel de confian\u00e7a. Ajude os usu\u00e1rios a adicionar mais coment\u00e1rios sobre suas ofertas e servi\u00e7os e incentive a comunica\u00e7\u00e3o dos usu\u00e1rios! <\/p><p><b>Adicione avalia\u00e7\u00f5es do G2 Crowd ao seu site sem esfor\u00e7o e em pouco tempo<\/b><\/p><\/div><div class=\"application-platform-content-item-features application-platform-content-item\" id=\"features\" data-nav-section=\"features\"><h2>Recursos<\/h2> <p>Para moldar uma percep\u00e7\u00e3o clara da extens\u00e3o G2 Crowd, veja a lista das principais fun\u00e7\u00f5es. Eles tornam nosso widget realmente ben\u00e9fico para o seu site: <\/p><ul> <li>Tr\u00eas filtros predefinidos: por tipo, exclus\u00e3o por e quantidade de coment\u00e1rios a serem exibidos; <\/li><li>Quatro layouts dispon\u00edveis: Lista, Grade, Alvenaria e Slider; <\/li><li>Uma oportunidade para ativar\/desativar o cabe\u00e7alho da extens\u00e3o; <\/li><li>O bot\u00e3o para solicitar uma revis\u00e3o direciona as pessoas para sua conta G2; <\/li><li>Seis elementos flex\u00edveis das resenhas: nome do autor e foto, texto de recomenda\u00e7\u00e3o, data de sa\u00edda, \u00edcone G2 e classifica\u00e7\u00e3o por estrelas; <\/li><li>Duas variantes de cen\u00e1rios de recusa de solicita\u00e7\u00e3o de revis\u00e3o: demonstrar seu texto ou ocultar o bot\u00e3o. <\/li><\/ul><p><a href=\"#demo\"> A demonstra\u00e7\u00e3o ao vivo mostrar\u00e1 mais recursos para voc\u00ea<\/a><\/p><\/div><div class=\"application-platform-content-item-installation application-platform-content-item\" id=\"installation\" data-nav-section=\"installation\"><h2>Como adicionar G2 Crowd Reviews ao site Joomla<\/h2><p>Basta seguir v\u00e1rias etapas abaixo para ativar a extens\u00e3o no Joomla.<\/p> <ol><li><b>Inicie nosso editor gratuito e comece a construir sua extens\u00e3o G2 Crowd Reviews personalizada. <\/b><br> Escolha a apar\u00eancia e funcionalidade desejadas da ferramenta e aplique as edi\u00e7\u00f5es. <\/li> <li><b>Adquira o c\u00f3digo exclusivo que aparece na caixa dos aplicativos Elfsight. <\/b><br> Assim que terminar a configura\u00e7\u00e3o do seu widget, copie o c\u00f3digo exclusivo da janela que surgir e salve-o para uso posterior. <\/li> <li><b>Comece a usar a extens\u00e3o no site Joomla. <\/b><br>Incorpore o c\u00f3digo que voc\u00ea copiou recentemente em sua p\u00e1gina e salve os ajustes. <\/li> <li><b>Pronto! A incorpora\u00e7\u00e3o est\u00e1 totalmente realizada. <\/b><br> Acesse seu site para ver como a ferramenta funciona. <\/li><\/ol><p>Ainda n\u00e3o tem certeza? Ou tem perguntas a fazer? Basta escrever uma solicita\u00e7\u00e3o \u00e0 nossa equipe de suporte ao cliente, eles resolver\u00e3o qualquer problema. <\/p><div class=\"faq\" data-component=\"FAQ\"> <div class=\"faq-item\">\r\n\t\t\t\t\t<div class=\"faq-item-question\">\r\n\t\t\t\t\t\t<h3 class=\"faq-item-question-text\">Como posso adicionar G2 Reviews ao meu site Joomla sem conhecimentos de codifica\u00e7\u00e3o?<\/h3>\r\n\r\n\t\t\t\t\t\t<div class=\"faq-item-question-icon\"><\/div>\r\n\t\t\t\t\t<\/div>\r\n\r\n\t\t\t\t\t<div class=\"faq-item-answer\">\r\n\t\t\t\t\t\t<div class=\"faq-item-answer-text\"> <p>A Elfsight fornece uma solu\u00e7\u00e3o SaaS que lhe permite criar voc\u00ea mesmo um widget G2 Reviews, veja como \u00e9 f\u00e1cil O processo \u00e9: Trabalhe diretamente no Editor online para criar um widget G2 Reviews que voc\u00ea gostaria de ver em seu site Joomla. Escolha um dos modelos predefinidos e ajuste as configura\u00e7\u00f5es do G2 Reviews, adicione seu conte\u00fado, altere o layout e o esquema de cores sem habilidades de codifica\u00e7\u00e3o. Salve o G2 Reviews e copie seu c\u00f3digo de instala\u00e7\u00e3o, que voc\u00ea pode simplesmente incluir em seu site Joomla sem a necessidade de adquirir um plano pago. Com nosso editor intuitivo, qualquer usu\u00e1rio da Internet pode criar um widget G2 Reviews online e incorpor\u00e1-lo facilmente em seu site Joomla. N\u00e3o h\u00e1 necessidade de pagar ou inserir as credenciais do seu cart\u00e3o para acessar o servi\u00e7o. Se voc\u00ea enfrentar qualquer problema em qualquer etapa, n\u00e3o hesite em entrar em contato com nossa equipe de suporte t\u00e9cnico.<\/p> <\/div>\r\n\t\t\t\t\t<\/div>\r\n\t\t\t\t<\/div> <\/div> <\/div><!-- wp:par\u00e1grafo --><p><\/p><!-- \/wp:par\u00e1grafo -->","protected":false},"excerpt":{"rendered":"","protected":false},"author":9,"featured_media":0,"parent":1637,"menu_order":0,"comment_status":"closed","ping_status":"closed","template":"templates\/template-application-platform.php","meta":{"publish_to_discourse":"","publish_post_category":"","wpdc_auto_publish_overridden":"","wpdc_topic_tags":"","wpdc_pin_topic":"","wpdc_pin_until":"","discourse_post_id":"","discourse_permalink":"","wpdc_publishing_response":"","wpdc_publishing_error":"","footnotes":""},"class_list":["post-11153","page","type-page","status-publish","hentry"],"yoast_head":"<!-- This site is optimized with the Yoast SEO plugin v25.3.1 - https:\/\/yoast.com\/wordpress\/plugins\/seo\/ -->\n<title>Incorporar G2 Crowd Reviews ao site Joomla (gr\u00e1tis e r\u00e1pido)<\/title>\n<meta name=\"description\" content=\"Esta \u00e9 uma oportunidade de projetar a extens\u00e3o G2 Crowd Reviews e exibi-la em seu site Joomla. Obtenha atendimento ao cliente gratuito e outros b\u00f4nus da Elfsight.\" \/>\n<meta name=\"robots\" content=\"index, follow, max-snippet:-1, max-image-preview:large, max-video-preview:-1\" \/>\n<link rel=\"canonical\" href=\"https:\/\/elfsight.com\/pt\/g2-crowd-reviews-widget\/joomla\/\" \/>\n<meta property=\"og:locale\" content=\"pt_PT\" \/>\n<meta property=\"og:type\" content=\"article\" \/>\n<meta property=\"og:title\" content=\"Incorporar G2 Crowd Reviews ao site Joomla (gr\u00e1tis e r\u00e1pido)\" \/>\n<meta property=\"og:description\" content=\"Esta \u00e9 uma oportunidade de projetar a extens\u00e3o G2 Crowd Reviews e exibi-la em seu site Joomla. Obtenha atendimento ao cliente gratuito e outros b\u00f4nus da Elfsight.\" \/>\n<meta property=\"og:url\" content=\"https:\/\/elfsight.com\/pt\/g2-crowd-reviews-widget\/joomla\/\" \/>\n<meta property=\"og:site_name\" content=\"Elfsight PT\" \/>\n<meta property=\"article:modified_time\" content=\"2024-11-13T11:49:12+00:00\" \/>\n<meta name=\"twitter:card\" content=\"summary_large_image\" \/>\n<meta name=\"twitter:label1\" content=\"Tempo estimado de leitura\" \/>\n\t<meta name=\"twitter:data1\" content=\"3 minutos\" \/>\n<!-- \/ Yoast SEO plugin. -->","yoast_head_json":{"title":"Incorporar G2 Crowd Reviews ao site Joomla (gr\u00e1tis e r\u00e1pido)","description":"Esta \u00e9 uma oportunidade de projetar a extens\u00e3o G2 Crowd Reviews e exibi-la em seu site Joomla. Obtenha atendimento ao cliente gratuito e outros b\u00f4nus da Elfsight.","robots":{"index":"index","follow":"follow","max-snippet":"max-snippet:-1","max-image-preview":"max-image-preview:large","max-video-preview":"max-video-preview:-1"},"canonical":"https:\/\/elfsight.com\/pt\/g2-crowd-reviews-widget\/joomla\/","og_locale":"pt_PT","og_type":"article","og_title":"Incorporar G2 Crowd Reviews ao site Joomla (gr\u00e1tis e r\u00e1pido)","og_description":"Esta \u00e9 uma oportunidade de projetar a extens\u00e3o G2 Crowd Reviews e exibi-la em seu site Joomla. Obtenha atendimento ao cliente gratuito e outros b\u00f4nus da Elfsight.","og_url":"https:\/\/elfsight.com\/pt\/g2-crowd-reviews-widget\/joomla\/","og_site_name":"Elfsight PT","article_modified_time":"2024-11-13T11:49:12+00:00","twitter_card":"summary_large_image","twitter_misc":{"Tempo estimado de leitura":"3 minutos"},"schema":{"@context":"https:\/\/schema.org","@graph":[{"@type":"WebPage","@id":"https:\/\/elfsight.com\/pt\/g2-crowd-reviews-widget\/joomla\/","url":"https:\/\/elfsight.com\/pt\/g2-crowd-reviews-widget\/joomla\/","name":"Incorporar G2 Crowd Reviews ao site Joomla (gr\u00e1tis e r\u00e1pido)","isPartOf":{"@id":"https:\/\/elfsight.com\/pt\/#website"},"datePublished":"2024-05-03T06:38:24+00:00","dateModified":"2024-11-13T11:49:12+00:00","description":"Esta \u00e9 uma oportunidade de projetar a extens\u00e3o G2 Crowd Reviews e exibi-la em seu site Joomla. Obtenha atendimento ao cliente gratuito e outros b\u00f4nus da Elfsight.","breadcrumb":{"@id":"https:\/\/elfsight.com\/pt\/g2-crowd-reviews-widget\/joomla\/#breadcrumb"},"inLanguage":"pt-PT","potentialAction":[{"@type":"ReadAction","target":["https:\/\/elfsight.com\/pt\/g2-crowd-reviews-widget\/joomla\/"]}]},{"@type":"BreadcrumbList","@id":"https:\/\/elfsight.com\/pt\/g2-crowd-reviews-widget\/joomla\/#breadcrumb","itemListElement":[{"@type":"ListItem","position":1,"name":"Home","item":"https:\/\/elfsight.com\/pt\/"},{"@type":"ListItem","position":2,"name":"G2 Crowd Reviews","item":"https:\/\/elfsight.com\/pt\/g2-crowd-reviews-widget\/"},{"@type":"ListItem","position":3,"name":"G2 Crowd Reviews &#8211; Joomla"}]},{"@type":"WebSite","@id":"https:\/\/elfsight.com\/pt\/#website","url":"https:\/\/elfsight.com\/pt\/","name":"Elfsight PT","description":"Just another Elfsight Sites site","potentialAction":[{"@type":"SearchAction","target":{"@type":"EntryPoint","urlTemplate":"https:\/\/elfsight.com\/pt\/?s={search_term_string}"},"query-input":{"@type":"PropertyValueSpecification","valueRequired":true,"valueName":"search_term_string"}}],"inLanguage":"pt-PT"}]}},"meta_box":{"industry":"","seo_heading":"","heading":"","description":"","cta_heading":"","cta_description":"","application":"1636","h1":"Cr\u00edticas da multid\u00e3o G2 para Joomla","h1_caption":"Apenas impress\u00f5es positivas de clientes do G2 em seu site","application_category":[],"applications_title":"","applications_request_title":"","applications_request_button_text":"","hero_text":"","hero_video":"","hero_video_schema_markup":"","selling_points_title":"","selling_points_caption":"","selling_points":[],"selling_points_cta_text":"","features_title":"","features":"","ed_cta_examples_text":"","ed_cta_examples_hidden":"","ed_cta_demo_text":"","ed_cta_demo_hidden":"","why_caption":"","why_editor_title":"","why_editor_text":"","why_team_title":"","why_team_text":"","why_service_title":"","why_service_text":"","template_catalog_visible":"","template_catalog_title":"","template_catalog_text":"","template_catalog_categories_visible":"","demo_title":"Crie seu plugin G2 Crowd Reviews","demo_caption":"Configure seu G2 Crowd Reviews e adicione-o ao seu site Joomla gratuitamente!","default_faq_hidden":"","app_template_category":[],"platform":"52","template_public_id":"","codecanyon_url":"","codecanyon_item_id":"","codecanyon_price":"","pricing_caption":"","pricing_elfsight_apps_hide_column":"","pricing_elfsight_apps_url":"","pricing_codecanyon_price_caption":"","integration_category":[],"integration_request_title":"","integration_request_cta":"","integration_platform":"","integrations":[],"platform_category":[],"video_schema_markup":"","price":"a partir de US$ 0\/m\u00eas","trial":"","benefits":[{"text":"Ajuda de instala\u00e7\u00e3o gratuita"},{"text":"Suporte excepcional"},{"text":"Garantia de reembolso de 14 dias"},{"text":"Melhorias futuras"}],"button_url":"#demo","button_target_blank":"","button_nofollow":"","attributes":[{"name":"Instala\u00e7\u00f5es","content":"10,000 - 100,000"},{"name":"Responsivo","content":"Sim"},{"name":"Navegadores compat\u00edveis","content":"IE11, Firefox, Safari, Opera, Chrome, Edge"}],"tags":[],"tags_disable_links":"","hide_more_platforms":"","video_object":"","demo_hide_cta":"","demo_hide_cloud_options":"","pricing_title":"","pricing":[{"pricing_icon":"platform","pricing_title":"Elfsight Apps","pricing_title_caption":"Software independente de plataforma adequado para qualquer site","pricing_price":"a partir de US$ 0\/m\u00eas","pricing_price_caption":"comece com plano gratuito","pricing_benefits":[{"text":"Dom\u00ednios ilimitados"},{"text":"Suporte r\u00e1pido da empresa e bem documentado"},{"text":"Suporte r\u00e1pido da empresa e bem documentado"},{"text":"\u00d3timo neg\u00f3cio para v\u00e1rios aplicativos"}],"pricing_button_text":"Adicionar ao site","pricing_button_url":"#demo"}],"related_apps_title":"","related_apps_hidden":"","author":"","image":[],"title":"","job":"","social_networks":[]},"_links":{"self":[{"href":"https:\/\/elfsight.com\/pt\/wp-json\/wp\/v2\/pages\/11153","targetHints":{"allow":["GET"]}}],"collection":[{"href":"https:\/\/elfsight.com\/pt\/wp-json\/wp\/v2\/pages"}],"about":[{"href":"https:\/\/elfsight.com\/pt\/wp-json\/wp\/v2\/types\/page"}],"author":[{"embeddable":true,"href":"https:\/\/elfsight.com\/pt\/wp-json\/wp\/v2\/users\/9"}],"replies":[{"embeddable":true,"href":"https:\/\/elfsight.com\/pt\/wp-json\/wp\/v2\/comments?post=11153"}],"version-history":[{"count":1,"href":"https:\/\/elfsight.com\/pt\/wp-json\/wp\/v2\/pages\/11153\/revisions"}],"predecessor-version":[{"id":11157,"href":"https:\/\/elfsight.com\/pt\/wp-json\/wp\/v2\/pages\/11153\/revisions\/11157"}],"up":[{"embeddable":true,"href":"https:\/\/elfsight.com\/pt\/wp-json\/wp\/v2\/pages\/1637"}],"wp:attachment":[{"href":"https:\/\/elfsight.com\/pt\/wp-json\/wp\/v2\/media?parent=11153"}],"curies":[{"name":"wp","href":"https:\/\/api.w.org\/{rel}","templated":true}]}}