{"id":11147,"date":"2024-05-03T06:38:21","date_gmt":"2024-05-03T06:38:21","guid":{"rendered":"https:\/\/elfsight.com\/pt\/?page_id=11147"},"modified":"2024-11-13T11:49:04","modified_gmt":"2024-11-13T11:49:04","slug":"magento","status":"publish","type":"page","link":"https:\/\/elfsight.com\/pt\/g2-crowd-reviews-widget\/magento\/","title":{"rendered":"G2 Crowd Reviews &#8211; Magento"},"content":{"rendered":"<div class=\"application-platform-content-item-description application-platform-content-item\" id=\"description\" data-nav-section=\"description\"><h2>Descri\u00e7\u00e3o<\/h2> <p>Elfsight G2 Reviews \u00e9 a forma mais f\u00e1cil de moldar a reputa\u00e7\u00e3o da sua empresa atrav\u00e9s da demonstra\u00e7\u00e3o de avalia\u00e7\u00f5es de clientes reais sobre as suas ofertas . Selecione apenas as avalia\u00e7\u00f5es melhores ou mais significativas e organize-as da maneira que voc\u00ea precisa. Re\u00fana provas sociais mostrando ao seu p\u00fablico que voc\u00ea confia. Inspire os usu\u00e1rios a adicionar novas impress\u00f5es ao seu neg\u00f3cio e incentive as conversas com os clientes! <\/p><p><b>Integre as melhores postagens em qualquer p\u00e1gina do seu site<\/b><\/p><\/div><div class=\"application-platform-content-item-features application-platform-content-item\" id=\"features\" data-nav-section=\"features\"><h2>Recursos<\/h2> <p>Descubra a lista de funcionalidades essenciais da nossa extens\u00e3o. Eles o tornam incrivelmente eficaz para sua loja: <\/p><ul> <li>3 filtros dispon\u00edveis: por tipo, exclus\u00e3o por e quantidade de avalia\u00e7\u00f5es a serem exibidas; <\/li><li>4 layouts predefinidos: Lista, Grade, Alvenaria e Slider; <\/li><li>Uma op\u00e7\u00e3o para mostrar ou ocultar o cabe\u00e7alho da extens\u00e3o; <\/li><li>O bot\u00e3o de solicita\u00e7\u00e3o de revis\u00e3o leva os visitantes \u00e0 sua conta G2; <\/li><li>6 unidades altern\u00e1veis \u200b\u200bde resenhas: nome do autor e foto, resenha, data de sa\u00edda, sinal G2 e classifica\u00e7\u00e3o por estrelas; <\/li><li>2 variantes de cen\u00e1rios de rejei\u00e7\u00e3o de solicita\u00e7\u00e3o de revis\u00e3o: demonstrar seu texto ou ocultar o bot\u00e3o. <\/li><\/ul><p><a href=\"#demo\">Conhe\u00e7a todos os recursos em nossa demonstra\u00e7\u00e3o ao vivo<\/a><\/p><\/div><div class=\"application-platform-content-item-installation application-platform-content-item\" id=\"installation\" data-nav-section=\"installation\"> <h2>Como adicionar G2 Crowd Reviews ao site Magento<\/h2><p>Basta seguir as instru\u00e7\u00f5es abaixo para adicionar o widget no Magento.<\/p> <ol><li><b>Utilize nosso editor gratuito e comece a moldar seu instrumento personalizado. <\/b><br> Escolha a apar\u00eancia e as especifica\u00e7\u00f5es desejadas do widget e aplique as corre\u00e7\u00f5es. <\/li> <li><b>Exponha o seu c\u00f3digo exclusivo na janela dos aplicativos Elfsight. <\/b><br> Logo ap\u00f3s o estabelecimento de sua extens\u00e3o, copie o c\u00f3digo exclusivo na janela que aparece e guarde-o para uso futuro. <\/li> <li><b>Entre usando a extens\u00e3o G2 Crowd Reviews no site Magento. <\/b><br> Implemente o c\u00f3digo salvo anteriormente em sua p\u00e1gina e aplique as edi\u00e7\u00f5es. <\/li> <li><b>A configura\u00e7\u00e3o foi executada com sucesso. <\/b><br> Acesse seu site para observar o funcionamento da ferramenta. <\/li><\/ol><p>Ainda n\u00e3o decidiu? Ou trope\u00e7ou em alguma coisa? Basta escrever uma solicita\u00e7\u00e3o \u00e0 nossa equipe de suporte ao cliente para resolver qualquer tipo de problema. <\/p><div class=\"faq\" data-component=\"FAQ\"> <div class=\"faq-item\">\r\n\t\t\t\t\t<div class=\"faq-item-question\">\r\n\t\t\t\t\t\t<h3 class=\"faq-item-question-text\">Como adicionar G2 Reviews ao meu site Magento sem conhecimentos de codifica\u00e7\u00e3o?<\/h3>\r\n\r\n\t\t\t\t\t\t<div class=\"faq-item-question-icon\"><\/div>\r\n\t\t\t\t\t<\/div>\r\n\r\n\t\t\t\t\t<div class=\"faq-item-answer\">\r\n\t\t\t\t\t\t<div class=\"faq-item-answer-text\"> <p>A Elfsight fornece uma solu\u00e7\u00e3o SaaS que lhe permite criar voc\u00ea mesmo um widget G2 Reviews, veja como \u00e9 f\u00e1cil o processo \u00e9: Trabalhe diretamente no Editor online para criar um widget G2 Reviews que voc\u00ea gostaria de ver em seu site Magento. Escolha um dos modelos predefinidos e ajuste as configura\u00e7\u00f5es do G2 Reviews, adicione seu conte\u00fado, altere o layout e as cores sem nenhuma habilidade de codifica\u00e7\u00e3o. Salve o G2 Reviews e copie seu c\u00f3digo de instala\u00e7\u00e3o, que voc\u00ea pode colar facilmente no seu site Magento sem a necessidade de comprar uma assinatura paga. Com nosso editor intuitivo, qualquer usu\u00e1rio da Internet pode criar um widget G2 Reviews online e incorpor\u00e1-lo facilmente em seu site Magento. N\u00e3o h\u00e1 necessidade de pagar ou inserir as credenciais do seu cart\u00e3o para acessar o servi\u00e7o. Se voc\u00ea enfrentar qualquer problema em qualquer etapa, n\u00e3o hesite em entrar em contato com nossa equipe de suporte t\u00e9cnico.<\/p> <\/div>\r\n\t\t\t\t\t<\/div>\r\n\t\t\t\t<\/div> <\/div> <\/div>","protected":false},"excerpt":{"rendered":"","protected":false},"author":9,"featured_media":0,"parent":1637,"menu_order":0,"comment_status":"closed","ping_status":"closed","template":"templates\/template-application-platform.php","meta":{"publish_to_discourse":"","publish_post_category":"","wpdc_auto_publish_overridden":"","wpdc_topic_tags":"","wpdc_pin_topic":"","wpdc_pin_until":"","discourse_post_id":"","discourse_permalink":"","wpdc_publishing_response":"","wpdc_publishing_error":"","footnotes":""},"class_list":["post-11147","page","type-page","status-publish","hentry"],"yoast_head":"<!-- This site is optimized with the Yoast SEO plugin v25.3.1 - https:\/\/yoast.com\/wordpress\/plugins\/seo\/ -->\n<title>Incorporar G2 Crowd Reviews ao site Magento (gr\u00e1tis e r\u00e1pido)<\/title>\n<meta name=\"description\" content=\"Esta \u00e9 a chance de criar sua extens\u00e3o G2 Crowd Reviews e adicion\u00e1-la ao site Magento. Aproveite o atendimento gratuito ao cliente e outros b\u00f4nus da Elfsight.\" \/>\n<meta name=\"robots\" content=\"index, follow, max-snippet:-1, max-image-preview:large, max-video-preview:-1\" \/>\n<link rel=\"canonical\" href=\"https:\/\/elfsight.com\/pt\/g2-crowd-reviews-widget\/magento\/\" \/>\n<meta property=\"og:locale\" content=\"pt_PT\" \/>\n<meta property=\"og:type\" content=\"article\" \/>\n<meta property=\"og:title\" content=\"Incorporar G2 Crowd Reviews ao site Magento (gr\u00e1tis e r\u00e1pido)\" \/>\n<meta property=\"og:description\" content=\"Esta \u00e9 a chance de criar sua extens\u00e3o G2 Crowd Reviews e adicion\u00e1-la ao site Magento. Aproveite o atendimento gratuito ao cliente e outros b\u00f4nus da Elfsight.\" \/>\n<meta property=\"og:url\" content=\"https:\/\/elfsight.com\/pt\/g2-crowd-reviews-widget\/magento\/\" \/>\n<meta property=\"og:site_name\" content=\"Elfsight PT\" \/>\n<meta property=\"article:modified_time\" content=\"2024-11-13T11:49:04+00:00\" \/>\n<meta name=\"twitter:card\" content=\"summary_large_image\" \/>\n<meta name=\"twitter:label1\" content=\"Tempo estimado de leitura\" \/>\n\t<meta name=\"twitter:data1\" content=\"3 minutos\" \/>\n<!-- \/ Yoast SEO plugin. -->","yoast_head_json":{"title":"Incorporar G2 Crowd Reviews ao site Magento (gr\u00e1tis e r\u00e1pido)","description":"Esta \u00e9 a chance de criar sua extens\u00e3o G2 Crowd Reviews e adicion\u00e1-la ao site Magento. Aproveite o atendimento gratuito ao cliente e outros b\u00f4nus da Elfsight.","robots":{"index":"index","follow":"follow","max-snippet":"max-snippet:-1","max-image-preview":"max-image-preview:large","max-video-preview":"max-video-preview:-1"},"canonical":"https:\/\/elfsight.com\/pt\/g2-crowd-reviews-widget\/magento\/","og_locale":"pt_PT","og_type":"article","og_title":"Incorporar G2 Crowd Reviews ao site Magento (gr\u00e1tis e r\u00e1pido)","og_description":"Esta \u00e9 a chance de criar sua extens\u00e3o G2 Crowd Reviews e adicion\u00e1-la ao site Magento. Aproveite o atendimento gratuito ao cliente e outros b\u00f4nus da Elfsight.","og_url":"https:\/\/elfsight.com\/pt\/g2-crowd-reviews-widget\/magento\/","og_site_name":"Elfsight PT","article_modified_time":"2024-11-13T11:49:04+00:00","twitter_card":"summary_large_image","twitter_misc":{"Tempo estimado de leitura":"3 minutos"},"schema":{"@context":"https:\/\/schema.org","@graph":[{"@type":"WebPage","@id":"https:\/\/elfsight.com\/pt\/g2-crowd-reviews-widget\/magento\/","url":"https:\/\/elfsight.com\/pt\/g2-crowd-reviews-widget\/magento\/","name":"Incorporar G2 Crowd Reviews ao site Magento (gr\u00e1tis e r\u00e1pido)","isPartOf":{"@id":"https:\/\/elfsight.com\/pt\/#website"},"datePublished":"2024-05-03T06:38:21+00:00","dateModified":"2024-11-13T11:49:04+00:00","description":"Esta \u00e9 a chance de criar sua extens\u00e3o G2 Crowd Reviews e adicion\u00e1-la ao site Magento. Aproveite o atendimento gratuito ao cliente e outros b\u00f4nus da Elfsight.","breadcrumb":{"@id":"https:\/\/elfsight.com\/pt\/g2-crowd-reviews-widget\/magento\/#breadcrumb"},"inLanguage":"pt-PT","potentialAction":[{"@type":"ReadAction","target":["https:\/\/elfsight.com\/pt\/g2-crowd-reviews-widget\/magento\/"]}]},{"@type":"BreadcrumbList","@id":"https:\/\/elfsight.com\/pt\/g2-crowd-reviews-widget\/magento\/#breadcrumb","itemListElement":[{"@type":"ListItem","position":1,"name":"Home","item":"https:\/\/elfsight.com\/pt\/"},{"@type":"ListItem","position":2,"name":"G2 Crowd Reviews","item":"https:\/\/elfsight.com\/pt\/g2-crowd-reviews-widget\/"},{"@type":"ListItem","position":3,"name":"G2 Crowd Reviews &#8211; Magento"}]},{"@type":"WebSite","@id":"https:\/\/elfsight.com\/pt\/#website","url":"https:\/\/elfsight.com\/pt\/","name":"Elfsight PT","description":"Just another Elfsight Sites site","potentialAction":[{"@type":"SearchAction","target":{"@type":"EntryPoint","urlTemplate":"https:\/\/elfsight.com\/pt\/?s={search_term_string}"},"query-input":{"@type":"PropertyValueSpecification","valueRequired":true,"valueName":"search_term_string"}}],"inLanguage":"pt-PT"}]}},"meta_box":{"industry":"","seo_heading":"","heading":"","description":"","cta_heading":"","cta_description":"","application":"1636","h1":"Cr\u00edticas da multid\u00e3o G2 para Magento","h1_caption":"Demonstrando opini\u00f5es de usu\u00e1rios selecionados do G2 em seu site","application_category":[],"applications_title":"","applications_request_title":"","applications_request_button_text":"","hero_text":"","hero_video":"","hero_video_schema_markup":"","selling_points_title":"","selling_points_caption":"","selling_points":[],"selling_points_cta_text":"","features_title":"","features":"","ed_cta_examples_text":"","ed_cta_examples_hidden":"","ed_cta_demo_text":"","ed_cta_demo_hidden":"","why_caption":"","why_editor_title":"","why_editor_text":"","why_team_title":"","why_team_text":"","why_service_title":"","why_service_text":"","template_catalog_visible":"","template_catalog_title":"","template_catalog_text":"","template_catalog_categories_visible":"","demo_title":"Crie sua extens\u00e3o G2 Crowd Reviews","demo_caption":"Configure seu G2 Crowd Reviews e adicione-o ao seu site Magento gratuitamente!","default_faq_hidden":"","app_template_category":[],"platform":"58","template_public_id":"","codecanyon_url":"","codecanyon_item_id":"","codecanyon_price":"","pricing_caption":"","pricing_elfsight_apps_hide_column":"","pricing_elfsight_apps_url":"","pricing_codecanyon_price_caption":"","integration_category":[],"integration_request_title":"","integration_request_cta":"","integration_platform":"","integrations":[],"platform_category":[],"video_schema_markup":"","price":"a partir de US$ 0\/m\u00eas","trial":"","benefits":[{"text":"Ajuda de instala\u00e7\u00e3o gratuita"},{"text":"Suporte premium"},{"text":"Garantia de reembolso de 14 dias"},{"text":"Atualiza\u00e7\u00f5es gratuitas vital\u00edcias"}],"button_url":"#demo","button_target_blank":"","button_nofollow":"","attributes":[{"name":"Instala\u00e7\u00f5es","content":"10,000 - 100,000"},{"name":"Responsivo","content":"Sim"},{"name":"Navegadores compat\u00edveis","content":"Firefox, Safari, Opera, Chrome, Edge"}],"tags":[],"tags_disable_links":"","hide_more_platforms":"","video_object":"","demo_hide_cta":"","demo_hide_cloud_options":"","pricing_title":"","pricing":[{"pricing_icon":"platform","pricing_title":"Elfsight Apps","pricing_title_caption":"Software multiplataforma","pricing_price":"a partir de US$ 0\/m\u00eas","pricing_price_caption":"comece com um plano gratuito","pricing_benefits":[{"text":"Dom\u00ednios ilimitados"},{"text":"Suporte ao cliente r\u00e1pido e bem documentado"},{"text":"Suporte ao cliente r\u00e1pido e bem documentado"},{"text":"100% personaliz\u00e1vel"}],"pricing_button_text":"Adicionar ao site","pricing_button_url":"#demo"}],"related_apps_title":"","related_apps_hidden":"","author":"","image":[],"title":"","job":"","social_networks":[]},"_links":{"self":[{"href":"https:\/\/elfsight.com\/pt\/wp-json\/wp\/v2\/pages\/11147","targetHints":{"allow":["GET"]}}],"collection":[{"href":"https:\/\/elfsight.com\/pt\/wp-json\/wp\/v2\/pages"}],"about":[{"href":"https:\/\/elfsight.com\/pt\/wp-json\/wp\/v2\/types\/page"}],"author":[{"embeddable":true,"href":"https:\/\/elfsight.com\/pt\/wp-json\/wp\/v2\/users\/9"}],"replies":[{"embeddable":true,"href":"https:\/\/elfsight.com\/pt\/wp-json\/wp\/v2\/comments?post=11147"}],"version-history":[{"count":1,"href":"https:\/\/elfsight.com\/pt\/wp-json\/wp\/v2\/pages\/11147\/revisions"}],"predecessor-version":[{"id":11151,"href":"https:\/\/elfsight.com\/pt\/wp-json\/wp\/v2\/pages\/11147\/revisions\/11151"}],"up":[{"embeddable":true,"href":"https:\/\/elfsight.com\/pt\/wp-json\/wp\/v2\/pages\/1637"}],"wp:attachment":[{"href":"https:\/\/elfsight.com\/pt\/wp-json\/wp\/v2\/media?parent=11147"}],"curies":[{"name":"wp","href":"https:\/\/api.w.org\/{rel}","templated":true}]}}