{"id":11138,"date":"2024-05-03T06:38:15","date_gmt":"2024-05-03T06:38:15","guid":{"rendered":"https:\/\/elfsight.com\/pt\/?page_id=11138"},"modified":"2024-11-13T11:48:45","modified_gmt":"2024-11-13T11:48:45","slug":"webflow","status":"publish","type":"page","link":"https:\/\/elfsight.com\/pt\/g2-crowd-reviews-widget\/webflow\/","title":{"rendered":"G2 Crowd Reviews &#8211; Webflow"},"content":{"rendered":"<div class=\"application-platform-content-item-description application-platform-content-item\" id=\"description\" data-nav-section=\"description\"><h2>Incorpore G2 Crowd Reviews no Webflow com o widget Elfsight<\/h2> <p>O widget Elfsight G2 Reviews \u00e9 a forma mais simples de melhorar a sua empresa reputa\u00e7\u00e3o exibindo avalia\u00e7\u00f5es de clientes reais sobre seus produtos. Revele apenas os coment\u00e1rios melhores ou mais significativos e organize-os exatamente como voc\u00ea precisa. Colete provas sociais mostrando ao seu p\u00fablico que voc\u00ea \u00e9 um parceiro confi\u00e1vel. Ajude os usu\u00e1rios a compartilhar mais impress\u00f5es sobre o seu neg\u00f3cio e incentive a comunica\u00e7\u00e3o dos usu\u00e1rios! <\/p><p><b>Insira as melhores postagens em qualquer p\u00e1gina do seu site<\/b><\/p><\/div><div class=\"application-platform-content-item-features application-platform-content-item\" id=\"features\" data-nav-section=\"features\"><h2>Principais caracter\u00edsticas do G2 Crowd Reviews widget<\/h2> <p>Para entender melhor o widget G2 Crowd, veja a lista de suas principais caracter\u00edsticas. Eles tornam nosso widget incrivelmente ben\u00e9fico para o seu site: <\/p><ul> <li>3 variantes de filtros: por tipo, exclus\u00e3o por e quantidade de coment\u00e1rios a serem exibidos; <\/li><li>Quatro layouts predefinidos: Lista, Grade, Alvenaria e Slider; <\/li><li>Cabe\u00e7alho altern\u00e1vel do widget; <\/li><li>O bot\u00e3o ativo para deixar outro coment\u00e1rio leva as pessoas para a conta G2; <\/li><li>Seis partes altern\u00e1veis \u200b\u200bda interface: nome do autor e foto, resenha, data da postagem, sinal G2 e classifica\u00e7\u00e3o por estrelas; <\/li><li>Duas variantes de cen\u00e1rios ap\u00f3s recusa de solicita\u00e7\u00e3o de revis\u00e3o: revelar um texto personalizado ou remover o bot\u00e3o. <\/li><\/ul><p><a href=\"#demo\">Confira mais recursos na demonstra\u00e7\u00e3o ao vivo<\/a><\/p><\/div><div class=\"application-platform-content-item-installation application-platform-content-item\" id=\"installation\" data-nav-section=\"installation\"><h2>Como para adicionar G2 Crowd Reviews ao site Webflow<\/h2><p>Essas diversas a\u00e7\u00f5es s\u00e3o a \u00fanica coisa que voc\u00ea precisa fazer. <\/p><ol><li><b>Crie seu pr\u00f3prio plugin G2 Crowd<\/b><br>Em nosso editor gratuito, crie um plugin com composi\u00e7\u00e3o e funcionalidade personalizadas. <\/li> <li><b>Copie o c\u00f3digo individual para integrar o plugin<\/b><br>Depois de configurar o seu widget, voc\u00ea receber\u00e1 seu c\u00f3digo pessoal na notifica\u00e7\u00e3o exibida nos aplicativos da Elfsight. Copie. <\/li> <li><b>Incorpore o plugin em seu site Webflow<\/b><br>Encontre a \u00e1rea onde voc\u00ea gostaria de revelar o plugin e adicione o c\u00f3digo copiado l\u00e1. Salve as edi\u00e7\u00f5es. <\/li> <li><b>A incorpora\u00e7\u00e3o foi bem-sucedida! <\/b><br>V\u00e1 ao seu site para dar uma olhada no seu plugin. <\/li><\/ol><p>Ainda n\u00e3o consegue decidir? Ou enfrentando problemas? Basta escrever uma solicita\u00e7\u00e3o para nossa equipe de suporte. Eles resolver\u00e3o todos os problemas. <\/p><div class=\"faq\" data-component=\"FAQ\"> <div class=\"faq-item\">\r\n\t\t\t\t\t<div class=\"faq-item-question\">\r\n\t\t\t\t\t\t<h3 class=\"faq-item-question-text\">Como posso adicionar G2 Reviews ao meu site Webflow sem conhecimentos de codifica\u00e7\u00e3o?<\/h3>\r\n\r\n\t\t\t\t\t\t<div class=\"faq-item-question-icon\"><\/div>\r\n\t\t\t\t\t<\/div>\r\n\r\n\t\t\t\t\t<div class=\"faq-item-answer\">\r\n\t\t\t\t\t\t<div class=\"faq-item-answer-text\"> <p>A Elfsight fornece uma solu\u00e7\u00e3o SaaS que lhe permite criar voc\u00ea mesmo um widget G2 Reviews, veja como \u00e9 f\u00e1cil O processo \u00e9: Trabalhe diretamente no Editor online para criar um widget G2 Reviews que voc\u00ea gostaria de ver em seu site Webflow. Escolha um dos modelos predefinidos e ajuste as configura\u00e7\u00f5es do G2 Reviews, adicione seu conte\u00fado, altere o layout e o esquema de cores sem nenhuma habilidade de codifica\u00e7\u00e3o. Salve o G2 Reviews e copie seu c\u00f3digo de instala\u00e7\u00e3o, que voc\u00ea pode incorporar facilmente em seu site Webflow, sem a necessidade de comprar uma vers\u00e3o paga. Com nosso editor intuitivo, qualquer usu\u00e1rio da Internet pode criar um widget G2 Reviews online e incorpor\u00e1-lo facilmente ao seu site Webflow. N\u00e3o h\u00e1 necessidade de pagar ou inserir as credenciais do seu cart\u00e3o para acessar o servi\u00e7o. Se voc\u00ea enfrentar qualquer problema em qualquer etapa, n\u00e3o hesite em entrar em contato com nossa equipe de suporte t\u00e9cnico.<\/p> <\/div>\r\n\t\t\t\t\t<\/div>\r\n\t\t\t\t<\/div> <\/div> <\/div>","protected":false},"excerpt":{"rendered":"","protected":false},"author":9,"featured_media":0,"parent":1637,"menu_order":0,"comment_status":"closed","ping_status":"closed","template":"templates\/template-application-platform.php","meta":{"publish_to_discourse":"","publish_post_category":"","wpdc_auto_publish_overridden":"","wpdc_topic_tags":"","wpdc_pin_topic":"","wpdc_pin_until":"","discourse_post_id":"","discourse_permalink":"","wpdc_publishing_response":"","wpdc_publishing_error":"","footnotes":""},"class_list":["post-11138","page","type-page","status-publish","hentry"],"yoast_head":"<!-- This site is optimized with the Yoast SEO plugin v25.3.1 - https:\/\/yoast.com\/wordpress\/plugins\/seo\/ -->\n<title>Incorporar avalia\u00e7\u00f5es do G2 Crowd ao site Webflow (gratuito e r\u00e1pido)<\/title>\n<meta name=\"description\" content=\"Com a Elfsight, crie seu widget G2 Crowd Reviews e adicione-o ao seu site Webflow com facilidade. Oferecemos atendimento gratuito ao cliente e outros b\u00f4nus.\" \/>\n<meta name=\"robots\" content=\"index, follow, max-snippet:-1, max-image-preview:large, max-video-preview:-1\" \/>\n<link rel=\"canonical\" href=\"https:\/\/elfsight.com\/pt\/g2-crowd-reviews-widget\/webflow\/\" \/>\n<meta property=\"og:locale\" content=\"pt_PT\" \/>\n<meta property=\"og:type\" content=\"article\" \/>\n<meta property=\"og:title\" content=\"Incorporar avalia\u00e7\u00f5es do G2 Crowd ao site Webflow (gratuito e r\u00e1pido)\" \/>\n<meta property=\"og:description\" content=\"Com a Elfsight, crie seu widget G2 Crowd Reviews e adicione-o ao seu site Webflow com facilidade. Oferecemos atendimento gratuito ao cliente e outros b\u00f4nus.\" \/>\n<meta property=\"og:url\" content=\"https:\/\/elfsight.com\/pt\/g2-crowd-reviews-widget\/webflow\/\" \/>\n<meta property=\"og:site_name\" content=\"Elfsight PT\" \/>\n<meta property=\"article:modified_time\" content=\"2024-11-13T11:48:45+00:00\" \/>\n<meta name=\"twitter:card\" content=\"summary_large_image\" \/>\n<meta name=\"twitter:label1\" content=\"Tempo estimado de leitura\" \/>\n\t<meta name=\"twitter:data1\" content=\"3 minutos\" \/>\n<!-- \/ Yoast SEO plugin. -->","yoast_head_json":{"title":"Incorporar avalia\u00e7\u00f5es do G2 Crowd ao site Webflow (gratuito e r\u00e1pido)","description":"Com a Elfsight, crie seu widget G2 Crowd Reviews e adicione-o ao seu site Webflow com facilidade. Oferecemos atendimento gratuito ao cliente e outros b\u00f4nus.","robots":{"index":"index","follow":"follow","max-snippet":"max-snippet:-1","max-image-preview":"max-image-preview:large","max-video-preview":"max-video-preview:-1"},"canonical":"https:\/\/elfsight.com\/pt\/g2-crowd-reviews-widget\/webflow\/","og_locale":"pt_PT","og_type":"article","og_title":"Incorporar avalia\u00e7\u00f5es do G2 Crowd ao site Webflow (gratuito e r\u00e1pido)","og_description":"Com a Elfsight, crie seu widget G2 Crowd Reviews e adicione-o ao seu site Webflow com facilidade. Oferecemos atendimento gratuito ao cliente e outros b\u00f4nus.","og_url":"https:\/\/elfsight.com\/pt\/g2-crowd-reviews-widget\/webflow\/","og_site_name":"Elfsight PT","article_modified_time":"2024-11-13T11:48:45+00:00","twitter_card":"summary_large_image","twitter_misc":{"Tempo estimado de leitura":"3 minutos"},"schema":{"@context":"https:\/\/schema.org","@graph":[{"@type":"WebPage","@id":"https:\/\/elfsight.com\/pt\/g2-crowd-reviews-widget\/webflow\/","url":"https:\/\/elfsight.com\/pt\/g2-crowd-reviews-widget\/webflow\/","name":"Incorporar avalia\u00e7\u00f5es do G2 Crowd ao site Webflow (gratuito e r\u00e1pido)","isPartOf":{"@id":"https:\/\/elfsight.com\/pt\/#website"},"datePublished":"2024-05-03T06:38:15+00:00","dateModified":"2024-11-13T11:48:45+00:00","description":"Com a Elfsight, crie seu widget G2 Crowd Reviews e adicione-o ao seu site Webflow com facilidade. Oferecemos atendimento gratuito ao cliente e outros b\u00f4nus.","breadcrumb":{"@id":"https:\/\/elfsight.com\/pt\/g2-crowd-reviews-widget\/webflow\/#breadcrumb"},"inLanguage":"pt-PT","potentialAction":[{"@type":"ReadAction","target":["https:\/\/elfsight.com\/pt\/g2-crowd-reviews-widget\/webflow\/"]}]},{"@type":"BreadcrumbList","@id":"https:\/\/elfsight.com\/pt\/g2-crowd-reviews-widget\/webflow\/#breadcrumb","itemListElement":[{"@type":"ListItem","position":1,"name":"Home","item":"https:\/\/elfsight.com\/pt\/"},{"@type":"ListItem","position":2,"name":"G2 Crowd Reviews","item":"https:\/\/elfsight.com\/pt\/g2-crowd-reviews-widget\/"},{"@type":"ListItem","position":3,"name":"G2 Crowd Reviews &#8211; Webflow"}]},{"@type":"WebSite","@id":"https:\/\/elfsight.com\/pt\/#website","url":"https:\/\/elfsight.com\/pt\/","name":"Elfsight PT","description":"Just another Elfsight Sites site","potentialAction":[{"@type":"SearchAction","target":{"@type":"EntryPoint","urlTemplate":"https:\/\/elfsight.com\/pt\/?s={search_term_string}"},"query-input":{"@type":"PropertyValueSpecification","valueRequired":true,"valueName":"search_term_string"}}],"inLanguage":"pt-PT"}]}},"meta_box":{"industry":"","seo_heading":"","heading":"","description":"","cta_heading":"","cta_description":"","application":"1636","h1":"Cr\u00edticas da multid\u00e3o G2 para Webflow","h1_caption":"Incorporando depoimentos de usu\u00e1rios do G2 em seu site","application_category":[],"applications_title":"","applications_request_title":"","applications_request_button_text":"","hero_text":"","hero_video":"","hero_video_schema_markup":"","selling_points_title":"","selling_points_caption":"","selling_points":[],"selling_points_cta_text":"","features_title":"","features":"","ed_cta_examples_text":"","ed_cta_examples_hidden":"","ed_cta_demo_text":"","ed_cta_demo_hidden":"","why_caption":"","why_editor_title":"","why_editor_text":"","why_team_title":"","why_team_text":"","why_service_title":"","why_service_text":"","template_catalog_visible":"","template_catalog_title":"","template_catalog_text":"","template_catalog_categories_visible":"","demo_title":"Crie seu widget G2 Crowd Reviews","demo_caption":"Configure seu G2 Crowd Reviews e adicione-o ao seu site Webflow gratuitamente!","default_faq_hidden":"","app_template_category":[],"platform":"70","template_public_id":"","codecanyon_url":"","codecanyon_item_id":"","codecanyon_price":"","pricing_caption":"","pricing_elfsight_apps_hide_column":"","pricing_elfsight_apps_url":"","pricing_codecanyon_price_caption":"","integration_category":[],"integration_request_title":"","integration_request_cta":"","integration_platform":"","integrations":[],"platform_category":[],"video_schema_markup":"","price":"a partir de US$ 0\/m\u00eas","trial":"","benefits":[{"text":"Ajuda de instala\u00e7\u00e3o gratuita"},{"text":"Atendimento ao cliente competente"},{"text":"Garantia de reembolso de 14 dias"},{"text":"Atualiza\u00e7\u00f5es gratuitas cont\u00ednuas"}],"button_url":"#demo","button_target_blank":"","button_nofollow":"","attributes":[{"name":"Instala\u00e7\u00f5es","content":"10,000 - 100,000"},{"name":"Responsivo","content":"Sim"},{"name":"Navegadores compat\u00edveis","content":"Chrome, Firefox, Opera, Safari, Edge"}],"tags":[],"tags_disable_links":"","hide_more_platforms":"","video_object":"","demo_hide_cta":"","demo_hide_cloud_options":"","pricing_title":"","pricing":[{"pricing_icon":"platform","pricing_title":"Elfsight Apps","pricing_title_caption":"Vers\u00e3o multiplataforma que se adapta a qualquer site","pricing_price":"a partir de US$ 0\/m\u00eas","pricing_price_caption":"comece com plano gratuito","pricing_benefits":[{"text":"N\u00famero ilimitado de dom\u00ednios"},{"text":"Suporte profissional"},{"text":"Suporte profissional"},{"text":"Pre\u00e7o especial para v\u00e1rios aplicativos"}],"pricing_button_text":"Adicionar ao site","pricing_button_url":"#demo"}],"related_apps_title":"","related_apps_hidden":"","author":"","image":[],"title":"","job":"","social_networks":[]},"_links":{"self":[{"href":"https:\/\/elfsight.com\/pt\/wp-json\/wp\/v2\/pages\/11138","targetHints":{"allow":["GET"]}}],"collection":[{"href":"https:\/\/elfsight.com\/pt\/wp-json\/wp\/v2\/pages"}],"about":[{"href":"https:\/\/elfsight.com\/pt\/wp-json\/wp\/v2\/types\/page"}],"author":[{"embeddable":true,"href":"https:\/\/elfsight.com\/pt\/wp-json\/wp\/v2\/users\/9"}],"replies":[{"embeddable":true,"href":"https:\/\/elfsight.com\/pt\/wp-json\/wp\/v2\/comments?post=11138"}],"version-history":[{"count":1,"href":"https:\/\/elfsight.com\/pt\/wp-json\/wp\/v2\/pages\/11138\/revisions"}],"predecessor-version":[{"id":11142,"href":"https:\/\/elfsight.com\/pt\/wp-json\/wp\/v2\/pages\/11138\/revisions\/11142"}],"up":[{"embeddable":true,"href":"https:\/\/elfsight.com\/pt\/wp-json\/wp\/v2\/pages\/1637"}],"wp:attachment":[{"href":"https:\/\/elfsight.com\/pt\/wp-json\/wp\/v2\/media?parent=11138"}],"curies":[{"name":"wp","href":"https:\/\/api.w.org\/{rel}","templated":true}]}}